{"id":40889,"date":"2020-10-20T09:22:40","date_gmt":"2020-10-20T09:22:40","guid":{"rendered":"https:\/\/www.urlaubcornwall.de\/blog\/?page_id=40889"},"modified":"2021-09-25T10:02:20","modified_gmt":"2021-09-25T10:02:20","slug":"devon-fuer-paare-urlaubsinspiration","status":"publish","type":"page","link":"https:\/\/www.urlaubcornwall.de\/blog\/devon-fuer-paare-urlaubsinspiration\/","title":{"rendered":"Devon f\u00fcr Paare &#8211; Urlaubsinspiration"},"content":{"rendered":"<p><img loading=\"lazy\" class=\"aligncenter size-full wp-image-40027\" src=\"https:\/\/www.urlaubcornwall.de\/blog\/wp-content\/uploads\/2020\/04\/exmoor-cottage.jpg\" alt=\"devon feriencottage\" width=\"750\" height=\"488\"\/><\/p>\n<p>Bei uns finden Sie Ferienh\u00e4user f\u00fcr Paare zum Verlieben &#8211; so einfach ist das! <\/p>\n<p>Suchen Sie nach einer sowohl stilvollen als auch anspruchsvollen Unterkunft mit pers\u00f6nlichem Touch, dann bleiben Sie doch in einem unserer handverlesenen besten romantischen Ferienh\u00e4user Devons. W\u00e4hlen Sie aus \u00fcber 1000 pers\u00f6nlich inspizierten Ferienh\u00e4usern, Cottages &#038; Ferienwohnungen in Devon und S\u00fcdwestengland. <\/p>\n<h1 style=\"text-align: center;\"><strong>Coronavirus K\u00fcndigungsgarantie<\/strong><\/h1>\n<p style=\"text-align: center;\"><a class=\"tidycta\" href=\"https:\/\/www.urlaubcornwall.de\/ferienhaeuser-fewos\/eng\/devon\/devon.html\">Suche Ferienh\u00e4user Cornwall<\/a><\/p>\n","protected":false},"excerpt":{"rendered":"<p>Bei uns finden Sie Ferienh\u00e4user f\u00fcr Paare zum Verlieben &#8211; so einfach ist das! Suchen Sie nach einer sowohl stilvollen als auch anspruchsvollen Unterkunft mit pers\u00f6nlichem Touch, dann bleiben Sie doch in einem unserer handverlesenen besten romantischen Ferienh\u00e4user Devons. W\u00e4hlen Sie aus \u00fcber 1000 pers\u00f6nlich inspizierten Ferienh\u00e4usern, Cottages &#038; Ferienwohnungen in Devon und S\u00fcdwestengland. Coronavirus [&hellip;]<\/p>\n","protected":false},"author":1,"featured_media":0,"parent":0,"menu_order":0,"comment_status":"closed","ping_status":"closed","template":"single-four.php","meta":[],"acf":[],"yoast_head":"<!-- This site is optimized with the Yoast SEO plugin v19.4 - https:\/\/yoast.com\/wordpress\/plugins\/seo\/ -->\n<title>Devon f\u00fcr Paare - Urlaubsinspiration - Urlaub &amp; Reisen<\/title>\n<meta name=\"description\" content=\"Devon liegt in S\u00fcdwestengland und ist die einzige Grafschaft, die zwei v\u00f6llig voneinander getrennte K\u00fcstenlinien besitzt, n\u00e4mlich Norddevon und S\u00fcddevon (South Hams), die sich beide durch wundersch\u00f6ne Sandstr\u00e4nde ausweisen, ideal um Ihren Urlaub dort zu verbringen. Devon geh\u00f6rt zu Englands beliebtesten Urlaubsdestinationen und ist gleicherma\u00dfen bei P\u00e4rchen und Familien beliebt, die durch S\u00fcdengland reisen m\u00f6chten.\" \/>\n<meta name=\"robots\" content=\"index, follow, max-snippet:-1, max-image-preview:large, max-video-preview:-1\" \/>\n<link rel=\"canonical\" href=\"https:\/\/www.urlaubcornwall.de\/blog\/devon-fuer-paare-urlaubsinspiration\/\" \/>\n<meta property=\"og:locale\" content=\"en_US\" \/>\n<meta property=\"og:type\" content=\"article\" \/>\n<meta property=\"og:title\" content=\"Devon f\u00fcr Paare - Urlaubsinspiration - Urlaub &amp; Reisen\" \/>\n<meta property=\"og:description\" content=\"Devon liegt in S\u00fcdwestengland und ist die einzige Grafschaft, die zwei v\u00f6llig voneinander getrennte K\u00fcstenlinien besitzt, n\u00e4mlich Norddevon und S\u00fcddevon (South Hams), die sich beide durch wundersch\u00f6ne Sandstr\u00e4nde ausweisen, ideal um Ihren Urlaub dort zu verbringen. Devon geh\u00f6rt zu Englands beliebtesten Urlaubsdestinationen und ist gleicherma\u00dfen bei P\u00e4rchen und Familien beliebt, die durch S\u00fcdengland reisen m\u00f6chten.\" \/>\n<meta property=\"og:url\" content=\"https:\/\/www.urlaubcornwall.de\/blog\/devon-fuer-paare-urlaubsinspiration\/\" \/>\n<meta property=\"og:site_name\" content=\"Urlaub &amp; Reisen\" \/>\n<meta property=\"article:modified_time\" content=\"2021-09-25T10:02:20+00:00\" \/>\n<meta property=\"og:image\" content=\"https:\/\/www.urlaubcornwall.de\/blog\/wp-content\/uploads\/2020\/04\/exmoor-cottage.jpg\" \/>\n<meta name=\"twitter:card\" content=\"summary\" \/>\n<script type=\"application\/ld+json\" class=\"yoast-schema-graph\">{\"@context\":\"https:\/\/schema.org\",\"@graph\":[{\"@type\":\"WebSite\",\"@id\":\"https:\/\/www.urlaubcornwall.de\/blog\/#website\",\"url\":\"https:\/\/www.urlaubcornwall.de\/blog\/\",\"name\":\"Urlaub &amp; Reisen\",\"description\":\"Urlaub, Reisen, Cornwall und S\u00fcdengland: eine perfekte Kombination\",\"potentialAction\":[{\"@type\":\"SearchAction\",\"target\":{\"@type\":\"EntryPoint\",\"urlTemplate\":\"https:\/\/www.urlaubcornwall.de\/blog\/?s={search_term_string}\"},\"query-input\":\"required name=search_term_string\"}],\"inLanguage\":\"en-US\"},{\"@type\":\"WebPage\",\"@id\":\"https:\/\/www.urlaubcornwall.de\/blog\/devon-fuer-paare-urlaubsinspiration\/\",\"url\":\"https:\/\/www.urlaubcornwall.de\/blog\/devon-fuer-paare-urlaubsinspiration\/\",\"name\":\"Devon f\u00fcr Paare - Urlaubsinspiration - Urlaub &amp; Reisen\",\"isPartOf\":{\"@id\":\"https:\/\/www.urlaubcornwall.de\/blog\/#website\"},\"datePublished\":\"2020-10-20T09:22:40+00:00\",\"dateModified\":\"2021-09-25T10:02:20+00:00\",\"description\":\"Devon liegt in S\u00fcdwestengland und ist die einzige Grafschaft, die zwei v\u00f6llig voneinander getrennte K\u00fcstenlinien besitzt, n\u00e4mlich Norddevon und S\u00fcddevon (South Hams), die sich beide durch wundersch\u00f6ne Sandstr\u00e4nde ausweisen, ideal um Ihren Urlaub dort zu verbringen. Devon geh\u00f6rt zu Englands beliebtesten Urlaubsdestinationen und ist gleicherma\u00dfen bei P\u00e4rchen und Familien beliebt, die durch S\u00fcdengland reisen m\u00f6chten.\",\"breadcrumb\":{\"@id\":\"https:\/\/www.urlaubcornwall.de\/blog\/devon-fuer-paare-urlaubsinspiration\/#breadcrumb\"},\"inLanguage\":\"en-US\",\"potentialAction\":[{\"@type\":\"ReadAction\",\"target\":[\"https:\/\/www.urlaubcornwall.de\/blog\/devon-fuer-paare-urlaubsinspiration\/\"]}]},{\"@type\":\"BreadcrumbList\",\"@id\":\"https:\/\/www.urlaubcornwall.de\/blog\/devon-fuer-paare-urlaubsinspiration\/#breadcrumb\",\"itemListElement\":[{\"@type\":\"ListItem\",\"position\":1,\"name\":\"Home\",\"item\":\"https:\/\/www.urlaubcornwall.de\/blog\/\"},{\"@type\":\"ListItem\",\"position\":2,\"name\":\"Devon f\u00fcr Paare &#8211; Urlaubsinspiration\"}]}]}<\/script>\n<!-- \/ Yoast SEO plugin. -->","yoast_head_json":{"title":"Devon f\u00fcr Paare - Urlaubsinspiration - Urlaub &amp; Reisen","description":"Devon liegt in S\u00fcdwestengland und ist die einzige Grafschaft, die zwei v\u00f6llig voneinander getrennte K\u00fcstenlinien besitzt, n\u00e4mlich Norddevon und S\u00fcddevon (South Hams), die sich beide durch wundersch\u00f6ne Sandstr\u00e4nde ausweisen, ideal um Ihren Urlaub dort zu verbringen. Devon geh\u00f6rt zu Englands beliebtesten Urlaubsdestinationen und ist gleicherma\u00dfen bei P\u00e4rchen und Familien beliebt, die durch S\u00fcdengland reisen m\u00f6chten.","robots":{"index":"index","follow":"follow","max-snippet":"max-snippet:-1","max-image-preview":"max-image-preview:large","max-video-preview":"max-video-preview:-1"},"canonical":"https:\/\/www.urlaubcornwall.de\/blog\/devon-fuer-paare-urlaubsinspiration\/","og_locale":"en_US","og_type":"article","og_title":"Devon f\u00fcr Paare - Urlaubsinspiration - Urlaub &amp; Reisen","og_description":"Devon liegt in S\u00fcdwestengland und ist die einzige Grafschaft, die zwei v\u00f6llig voneinander getrennte K\u00fcstenlinien besitzt, n\u00e4mlich Norddevon und S\u00fcddevon (South Hams), die sich beide durch wundersch\u00f6ne Sandstr\u00e4nde ausweisen, ideal um Ihren Urlaub dort zu verbringen. Devon geh\u00f6rt zu Englands beliebtesten Urlaubsdestinationen und ist gleicherma\u00dfen bei P\u00e4rchen und Familien beliebt, die durch S\u00fcdengland reisen m\u00f6chten.","og_url":"https:\/\/www.urlaubcornwall.de\/blog\/devon-fuer-paare-urlaubsinspiration\/","og_site_name":"Urlaub &amp; Reisen","article_modified_time":"2021-09-25T10:02:20+00:00","og_image":[{"url":"https:\/\/www.urlaubcornwall.de\/blog\/wp-content\/uploads\/2020\/04\/exmoor-cottage.jpg"}],"twitter_card":"summary","schema":{"@context":"https:\/\/schema.org","@graph":[{"@type":"WebSite","@id":"https:\/\/www.urlaubcornwall.de\/blog\/#website","url":"https:\/\/www.urlaubcornwall.de\/blog\/","name":"Urlaub &amp; Reisen","description":"Urlaub, Reisen, Cornwall und S\u00fcdengland: eine perfekte Kombination","potentialAction":[{"@type":"SearchAction","target":{"@type":"EntryPoint","urlTemplate":"https:\/\/www.urlaubcornwall.de\/blog\/?s={search_term_string}"},"query-input":"required name=search_term_string"}],"inLanguage":"en-US"},{"@type":"WebPage","@id":"https:\/\/www.urlaubcornwall.de\/blog\/devon-fuer-paare-urlaubsinspiration\/","url":"https:\/\/www.urlaubcornwall.de\/blog\/devon-fuer-paare-urlaubsinspiration\/","name":"Devon f\u00fcr Paare - Urlaubsinspiration - Urlaub &amp; Reisen","isPartOf":{"@id":"https:\/\/www.urlaubcornwall.de\/blog\/#website"},"datePublished":"2020-10-20T09:22:40+00:00","dateModified":"2021-09-25T10:02:20+00:00","description":"Devon liegt in S\u00fcdwestengland und ist die einzige Grafschaft, die zwei v\u00f6llig voneinander getrennte K\u00fcstenlinien besitzt, n\u00e4mlich Norddevon und S\u00fcddevon (South Hams), die sich beide durch wundersch\u00f6ne Sandstr\u00e4nde ausweisen, ideal um Ihren Urlaub dort zu verbringen. Devon geh\u00f6rt zu Englands beliebtesten Urlaubsdestinationen und ist gleicherma\u00dfen bei P\u00e4rchen und Familien beliebt, die durch S\u00fcdengland reisen m\u00f6chten.","breadcrumb":{"@id":"https:\/\/www.urlaubcornwall.de\/blog\/devon-fuer-paare-urlaubsinspiration\/#breadcrumb"},"inLanguage":"en-US","potentialAction":[{"@type":"ReadAction","target":["https:\/\/www.urlaubcornwall.de\/blog\/devon-fuer-paare-urlaubsinspiration\/"]}]},{"@type":"BreadcrumbList","@id":"https:\/\/www.urlaubcornwall.de\/blog\/devon-fuer-paare-urlaubsinspiration\/#breadcrumb","itemListElement":[{"@type":"ListItem","position":1,"name":"Home","item":"https:\/\/www.urlaubcornwall.de\/blog\/"},{"@type":"ListItem","position":2,"name":"Devon f\u00fcr Paare &#8211; Urlaubsinspiration"}]}]}},"_links":{"self":[{"href":"https:\/\/www.urlaubcornwall.de\/blog\/wp-json\/wp\/v2\/pages\/40889"}],"collection":[{"href":"https:\/\/www.urlaubcornwall.de\/blog\/wp-json\/wp\/v2\/pages"}],"about":[{"href":"https:\/\/www.urlaubcornwall.de\/blog\/wp-json\/wp\/v2\/types\/page"}],"author":[{"embeddable":true,"href":"https:\/\/www.urlaubcornwall.de\/blog\/wp-json\/wp\/v2\/users\/1"}],"replies":[{"embeddable":true,"href":"https:\/\/www.urlaubcornwall.de\/blog\/wp-json\/wp\/v2\/comments?post=40889"}],"version-history":[{"count":3,"href":"https:\/\/www.urlaubcornwall.de\/blog\/wp-json\/wp\/v2\/pages\/40889\/revisions"}],"predecessor-version":[{"id":43076,"href":"https:\/\/www.urlaubcornwall.de\/blog\/wp-json\/wp\/v2\/pages\/40889\/revisions\/43076"}],"wp:attachment":[{"href":"https:\/\/www.urlaubcornwall.de\/blog\/wp-json\/wp\/v2\/media?parent=40889"}],"curies":[{"name":"wp","href":"https:\/\/api.w.org\/{rel}","templated":true}]}}