{"id":40882,"date":"2020-10-12T12:22:59","date_gmt":"2020-10-12T12:22:59","guid":{"rendered":"https:\/\/www.urlaubcornwall.de\/blog\/?page_id=40882"},"modified":"2020-10-12T12:22:59","modified_gmt":"2020-10-12T12:22:59","slug":"ferienhaus-in-swanage-dorset-am-meer","status":"publish","type":"page","link":"https:\/\/www.urlaubcornwall.de\/blog\/ferienhaus-in-swanage-dorset-am-meer\/","title":{"rendered":"Ferienhaus in Swanage &#8211; Dorset am Meer"},"content":{"rendered":"<p><img loading=\"lazy\" class=\"aligncenter size-full wp-image-40883\" src=\"https:\/\/www.urlaubcornwall.de\/blog\/wp-content\/uploads\/2020\/10\/ferienhaus-in-swanage.jpg\" alt=\"ferienhaus in swanage\" width=\"750\" height=\"502\" srcset=\"https:\/\/www.urlaubcornwall.de\/blog\/wp-content\/uploads\/2020\/10\/ferienhaus-in-swanage.jpg 750w, https:\/\/www.urlaubcornwall.de\/blog\/wp-content\/uploads\/2020\/10\/ferienhaus-in-swanage-300x201.jpg 300w\" sizes=\"(max-width: 750px) 100vw, 750px\" \/><\/p>\n<p><strong>3 Schlafzimmer 1 Badezimmer Ferienhaus mit Meerblick in <a href=\"https:\/\/www.urlaubcornwall.de\/ferienhaeuser-fewos\/eng\/dorset\/swanage.html\">Swanage<\/a>, Dorset.<\/strong><\/p>\n<p>Ein ger\u00e4umiger Holzbungalow auf dem Ballard Estate n\u00f6rdlich der Stadt auf der Klippe mit atemberaubendem Blick \u00fcber die Swanage Bay in Richtung Peveril Point, Isle of Wight und Ballard Downs. Der Strand ist ein paar Minuten zu Fu\u00df entfernt, \u00fcber einen Pfad erreichbar und die Klippe hinunter und von der Seite des Bungalows zug\u00e4nglich. F\u00fcnf Minuten von der Unterkunft entfernt befindet sich ein Gesch\u00e4ft \/ Zeitungsladen. Die wichtigsten Gesch\u00e4fte im Stadtzentrum von Swanage erreichen Sie nach einem 20-min\u00fctigen Spaziergang&#8230;. <a href=\"https:\/\/www.urlaubcornwall.de\/ferienhaeuser-fewos\/unterkunft\/OriginalWY\/wy127-22-ballard-estate.html\">[ Mehr ]<\/a><\/p>\n<h1 style=\"text-align: center;\"><strong>Coronavirus K\u00fcndigungsgarantie<\/strong><\/h1>\n<p style=\"text-align: center;\"><a class=\"tidycta\" href=\"https:\/\/www.urlaubcornwall.de\/ferienhaeuser-fewos\/unterkunft\/OriginalWY\/wy127-22-ballard-estate.html\">Verf\u00fcgbarkeit und Preisgestaltung<\/a><\/p>\n","protected":false},"excerpt":{"rendered":"<p>3 Schlafzimmer 1 Badezimmer Ferienhaus mit Meerblick in Swanage, Dorset. Ein ger\u00e4umiger Holzbungalow auf dem Ballard Estate n\u00f6rdlich der Stadt auf der Klippe mit atemberaubendem Blick \u00fcber die Swanage Bay in Richtung Peveril Point, Isle of Wight und Ballard Downs. Der Strand ist ein paar Minuten zu Fu\u00df entfernt, \u00fcber einen Pfad erreichbar und die [&hellip;]<\/p>\n","protected":false},"author":1,"featured_media":0,"parent":0,"menu_order":0,"comment_status":"closed","ping_status":"closed","template":"single-four.php","meta":[],"acf":[],"yoast_head":"<!-- This site is optimized with the Yoast SEO plugin v19.4 - https:\/\/yoast.com\/wordpress\/plugins\/seo\/ -->\n<title>Ferienhaus in Swanage - Dorset am Meer - Urlaub &amp; Reisen<\/title>\n<meta name=\"robots\" content=\"index, follow, max-snippet:-1, max-image-preview:large, max-video-preview:-1\" \/>\n<link rel=\"canonical\" href=\"https:\/\/www.urlaubcornwall.de\/blog\/ferienhaus-in-swanage-dorset-am-meer\/\" \/>\n<meta property=\"og:locale\" content=\"en_US\" \/>\n<meta property=\"og:type\" content=\"article\" \/>\n<meta property=\"og:title\" content=\"Ferienhaus in Swanage - Dorset am Meer - Urlaub &amp; Reisen\" \/>\n<meta property=\"og:description\" content=\"3 Schlafzimmer 1 Badezimmer Ferienhaus mit Meerblick in Swanage, Dorset. Ein ger\u00e4umiger Holzbungalow auf dem Ballard Estate n\u00f6rdlich der Stadt auf der Klippe mit atemberaubendem Blick \u00fcber die Swanage Bay in Richtung Peveril Point, Isle of Wight und Ballard Downs. Der Strand ist ein paar Minuten zu Fu\u00df entfernt, \u00fcber einen Pfad erreichbar und die [&hellip;]\" \/>\n<meta property=\"og:url\" content=\"https:\/\/www.urlaubcornwall.de\/blog\/ferienhaus-in-swanage-dorset-am-meer\/\" \/>\n<meta property=\"og:site_name\" content=\"Urlaub &amp; Reisen\" \/>\n<meta property=\"og:image\" content=\"https:\/\/www.urlaubcornwall.de\/blog\/wp-content\/uploads\/2020\/10\/ferienhaus-in-swanage.jpg\" \/>\n<meta name=\"twitter:card\" content=\"summary\" \/>\n<meta name=\"twitter:label1\" content=\"Est. reading time\" \/>\n\t<meta name=\"twitter:data1\" content=\"1 minute\" \/>\n<script type=\"application\/ld+json\" class=\"yoast-schema-graph\">{\"@context\":\"https:\/\/schema.org\",\"@graph\":[{\"@type\":\"WebSite\",\"@id\":\"https:\/\/www.urlaubcornwall.de\/blog\/#website\",\"url\":\"https:\/\/www.urlaubcornwall.de\/blog\/\",\"name\":\"Urlaub &amp; Reisen\",\"description\":\"Urlaub, Reisen, Cornwall und S\u00fcdengland: eine perfekte Kombination\",\"potentialAction\":[{\"@type\":\"SearchAction\",\"target\":{\"@type\":\"EntryPoint\",\"urlTemplate\":\"https:\/\/www.urlaubcornwall.de\/blog\/?s={search_term_string}\"},\"query-input\":\"required name=search_term_string\"}],\"inLanguage\":\"en-US\"},{\"@type\":\"WebPage\",\"@id\":\"https:\/\/www.urlaubcornwall.de\/blog\/ferienhaus-in-swanage-dorset-am-meer\/\",\"url\":\"https:\/\/www.urlaubcornwall.de\/blog\/ferienhaus-in-swanage-dorset-am-meer\/\",\"name\":\"Ferienhaus in Swanage - Dorset am Meer - Urlaub &amp; Reisen\",\"isPartOf\":{\"@id\":\"https:\/\/www.urlaubcornwall.de\/blog\/#website\"},\"datePublished\":\"2020-10-12T12:22:59+00:00\",\"dateModified\":\"2020-10-12T12:22:59+00:00\",\"breadcrumb\":{\"@id\":\"https:\/\/www.urlaubcornwall.de\/blog\/ferienhaus-in-swanage-dorset-am-meer\/#breadcrumb\"},\"inLanguage\":\"en-US\",\"potentialAction\":[{\"@type\":\"ReadAction\",\"target\":[\"https:\/\/www.urlaubcornwall.de\/blog\/ferienhaus-in-swanage-dorset-am-meer\/\"]}]},{\"@type\":\"BreadcrumbList\",\"@id\":\"https:\/\/www.urlaubcornwall.de\/blog\/ferienhaus-in-swanage-dorset-am-meer\/#breadcrumb\",\"itemListElement\":[{\"@type\":\"ListItem\",\"position\":1,\"name\":\"Home\",\"item\":\"https:\/\/www.urlaubcornwall.de\/blog\/\"},{\"@type\":\"ListItem\",\"position\":2,\"name\":\"Ferienhaus in Swanage &#8211; Dorset am Meer\"}]}]}<\/script>\n<!-- \/ Yoast SEO plugin. -->","yoast_head_json":{"title":"Ferienhaus in Swanage - Dorset am Meer - Urlaub &amp; Reisen","robots":{"index":"index","follow":"follow","max-snippet":"max-snippet:-1","max-image-preview":"max-image-preview:large","max-video-preview":"max-video-preview:-1"},"canonical":"https:\/\/www.urlaubcornwall.de\/blog\/ferienhaus-in-swanage-dorset-am-meer\/","og_locale":"en_US","og_type":"article","og_title":"Ferienhaus in Swanage - Dorset am Meer - Urlaub &amp; Reisen","og_description":"3 Schlafzimmer 1 Badezimmer Ferienhaus mit Meerblick in Swanage, Dorset. Ein ger\u00e4umiger Holzbungalow auf dem Ballard Estate n\u00f6rdlich der Stadt auf der Klippe mit atemberaubendem Blick \u00fcber die Swanage Bay in Richtung Peveril Point, Isle of Wight und Ballard Downs. Der Strand ist ein paar Minuten zu Fu\u00df entfernt, \u00fcber einen Pfad erreichbar und die [&hellip;]","og_url":"https:\/\/www.urlaubcornwall.de\/blog\/ferienhaus-in-swanage-dorset-am-meer\/","og_site_name":"Urlaub &amp; Reisen","og_image":[{"url":"https:\/\/www.urlaubcornwall.de\/blog\/wp-content\/uploads\/2020\/10\/ferienhaus-in-swanage.jpg"}],"twitter_card":"summary","twitter_misc":{"Est. reading time":"1 minute"},"schema":{"@context":"https:\/\/schema.org","@graph":[{"@type":"WebSite","@id":"https:\/\/www.urlaubcornwall.de\/blog\/#website","url":"https:\/\/www.urlaubcornwall.de\/blog\/","name":"Urlaub &amp; Reisen","description":"Urlaub, Reisen, Cornwall und S\u00fcdengland: eine perfekte Kombination","potentialAction":[{"@type":"SearchAction","target":{"@type":"EntryPoint","urlTemplate":"https:\/\/www.urlaubcornwall.de\/blog\/?s={search_term_string}"},"query-input":"required name=search_term_string"}],"inLanguage":"en-US"},{"@type":"WebPage","@id":"https:\/\/www.urlaubcornwall.de\/blog\/ferienhaus-in-swanage-dorset-am-meer\/","url":"https:\/\/www.urlaubcornwall.de\/blog\/ferienhaus-in-swanage-dorset-am-meer\/","name":"Ferienhaus in Swanage - Dorset am Meer - Urlaub &amp; Reisen","isPartOf":{"@id":"https:\/\/www.urlaubcornwall.de\/blog\/#website"},"datePublished":"2020-10-12T12:22:59+00:00","dateModified":"2020-10-12T12:22:59+00:00","breadcrumb":{"@id":"https:\/\/www.urlaubcornwall.de\/blog\/ferienhaus-in-swanage-dorset-am-meer\/#breadcrumb"},"inLanguage":"en-US","potentialAction":[{"@type":"ReadAction","target":["https:\/\/www.urlaubcornwall.de\/blog\/ferienhaus-in-swanage-dorset-am-meer\/"]}]},{"@type":"BreadcrumbList","@id":"https:\/\/www.urlaubcornwall.de\/blog\/ferienhaus-in-swanage-dorset-am-meer\/#breadcrumb","itemListElement":[{"@type":"ListItem","position":1,"name":"Home","item":"https:\/\/www.urlaubcornwall.de\/blog\/"},{"@type":"ListItem","position":2,"name":"Ferienhaus in Swanage &#8211; Dorset am Meer"}]}]}},"_links":{"self":[{"href":"https:\/\/www.urlaubcornwall.de\/blog\/wp-json\/wp\/v2\/pages\/40882"}],"collection":[{"href":"https:\/\/www.urlaubcornwall.de\/blog\/wp-json\/wp\/v2\/pages"}],"about":[{"href":"https:\/\/www.urlaubcornwall.de\/blog\/wp-json\/wp\/v2\/types\/page"}],"author":[{"embeddable":true,"href":"https:\/\/www.urlaubcornwall.de\/blog\/wp-json\/wp\/v2\/users\/1"}],"replies":[{"embeddable":true,"href":"https:\/\/www.urlaubcornwall.de\/blog\/wp-json\/wp\/v2\/comments?post=40882"}],"version-history":[{"count":1,"href":"https:\/\/www.urlaubcornwall.de\/blog\/wp-json\/wp\/v2\/pages\/40882\/revisions"}],"predecessor-version":[{"id":40884,"href":"https:\/\/www.urlaubcornwall.de\/blog\/wp-json\/wp\/v2\/pages\/40882\/revisions\/40884"}],"wp:attachment":[{"href":"https:\/\/www.urlaubcornwall.de\/blog\/wp-json\/wp\/v2\/media?parent=40882"}],"curies":[{"name":"wp","href":"https:\/\/api.w.org\/{rel}","templated":true}]}}