{"id":40825,"date":"2020-09-27T14:56:02","date_gmt":"2020-09-27T14:56:02","guid":{"rendered":"https:\/\/www.urlaubcornwall.de\/blog\/?page_id=40825"},"modified":"2024-05-26T13:33:09","modified_gmt":"2024-05-26T13:33:09","slug":"die-schoensten-orte-in-england-urlaubsinspiration","status":"publish","type":"page","link":"https:\/\/www.urlaubcornwall.de\/blog\/die-schoensten-orte-in-england-urlaubsinspiration\/","title":{"rendered":"Die sch\u00f6nsten Orte in England"},"content":{"rendered":"<p><img loading=\"lazy\" class=\"aligncenter size-full wp-image-48084\" src=\"https:\/\/www.urlaubcornwall.de\/blog\/wp-content\/uploads\/2024\/03\/st-ives-mmer.jpg\" alt=\"st ives meer\" width=\"750\" height=\"486\" srcset=\"https:\/\/www.urlaubcornwall.de\/blog\/wp-content\/uploads\/2024\/03\/st-ives-mmer.jpg 750w, https:\/\/www.urlaubcornwall.de\/blog\/wp-content\/uploads\/2024\/03\/st-ives-mmer-300x194.jpg 300w\" sizes=\"(max-width: 750px) 100vw, 750px\" \/><\/p>\n<p><a href=\"https:\/\/www.urlaubcornwall.de\/blog\/wo-in-cornwall-urlaub-machen\/\">Cornwall &#8211;<\/a> ist bekannt als eine der sch\u00f6nsten Regionen Englands und H\u00f6hepunkt eines jeden Urlaubs oder Rundreise durch <a href=\"https:\/\/www.urlaubcornwall.de\/ferienhaeuser\/suedengland.php\">S\u00fcdengland<\/a>. Cornwall bietet eine h\u00fcbsche Stadt nach der anderen, von beliebten Urlaubsorten am Meer bis hin zu urigen Fischerd\u00f6rfern und -st\u00e4dten. Da sich unser Firmensitz in Cornwall befindet, m\u00f6chten wir Ihnen unsere Insiderauswahl der allersch\u00f6nsten Urlaubsziele vorstellen.<\/p>\n<p><img loading=\"lazy\" class=\"aligncenter size-full wp-image-33395\" src=\"https:\/\/www.urlaubcornwall.de\/blog\/wp-content\/uploads\/2018\/03\/hotel-sonderangebote-devon.jpg\" alt=\"Bigbury on Sea\" width=\"749\" height=\"382\"\/><\/p>\n<p><a href=\"https:\/\/www.urlaubcornwall.de\/blog\/die-schoensten-orte-in-devon-unsere-top-10\/\">Devon &#8211;<\/a> Riesige, sich ausdehnende gelbe Sandstr\u00e4nde, eine entz\u00fcckende Insel, die bei Ebbe zu Fu\u00df erreichbar ist und fette, saftige Austern der Bigbury Bucht \u2013 <a href=\"https:\/\/www.urlaubcornwall.de\/ferienhaeuser-fewos\/eng\/sued-devon\/bigbury-on-sea.html\">Bigbury-on-Sea<\/a> hat dem Besucher eine Menge zu bieten. Machen Sie einen Ausflug mit dem Meerestraktor zur Burgh Insel, wo Noel Coward und Agatha Christie in den 1920ern eleganten Partys besuchten; mieten Sie ein Surfbrett und schwingen Sie sich in die Wellen; wandern Sie den K\u00fcstenpfad entlang oder lehnen Sie sich einfach zur\u00fcck und genie\u00dfen die herrliche Landschaft.<\/p>\n<p><img loading=\"lazy\" class=\"aligncenter size-full wp-image-47909\" src=\"https:\/\/www.urlaubcornwall.de\/blog\/wp-content\/uploads\/2024\/03\/lyme-regis-dorset.jpg\" alt=\"lyme regis dorset\" width=\"750\" height=\"379\" srcset=\"https:\/\/www.urlaubcornwall.de\/blog\/wp-content\/uploads\/2024\/03\/lyme-regis-dorset.jpg 750w, https:\/\/www.urlaubcornwall.de\/blog\/wp-content\/uploads\/2024\/03\/lyme-regis-dorset-300x152.jpg 300w\" sizes=\"(max-width: 750px) 100vw, 750px\" \/><\/p>\n<p><a href=\"https:\/\/www.urlaubcornwall.de\/reiseziel\/dorset.php\">Dorset<\/a> &#8211; verf\u00fcgt \u00fcber ungef\u00e4hr 160km K\u00fcste, die sich von <a href=\"https:\/\/www.urlaubcornwall.de\/ferienhaeuser-fewos\/eng\/dorset\/lyme-regis.html\">Lyme Regis<\/a> bis nach Highcliffe in der Christchurch Bay erstreckt. Von den Str\u00e4nden der Jurak\u00fcste, die sich gro\u00dfartig eignen, nach Fossilien zu suchen, bis hin zu Sandstr\u00e4nden, kristallklaren Gew\u00e4ssern, sicherem Schwimmen und dem meistbekannten offiziellen FKK-Strand hat Dorset jedermann etwas zu bieten.<\/p>\n<p><a href=\"https:\/\/www.urlaubcornwall.de\/reiseziel\/hampshire.php\">Hampshire &#8211;<\/a> Am Rande der <a href=\"https:\/\/www.urlaubcornwall.de\/ferienhaeuser-fewos\/eng\/hampshire\/romsey.html\">Marktstadt Romsey<\/a>, an den Ufern des Flusses Test gelegen, befindet sich Broadlands, ein elegantes Herrenhaus, das einst das Zuhause von Lord Mountbatten war. Es gibt zahlreiche h\u00fcbsche D\u00f6rfer und Marktst\u00e4dte in <a href=\"https:\/\/www.urlaubcornwall.de\/reiseziel\/hampshire.php\">Hampshire<\/a>, einschlie\u00dflich Alresford mit ihrer georgianischen Architektur und Dampfeisenbahn, \u2018The Watercress Line\u2019, und Chawton, einst das Zuhause von Jane Austen; ihr Haus ist nun ein Museum, das Einblick gew\u00e4hrt in ihr Leben und ihre Werke.<\/p>\n<p><img loading=\"lazy\" class=\"aligncenter size-full wp-image-31854\" src=\"https:\/\/www.urlaubcornwall.de\/blog\/wp-content\/uploads\/2018\/01\/strandurlaub-isle-of-wight-mit-kindern.jpg\" alt=\"urlaub Isle of Wight\" width=\"746\" height=\"447\"\/><\/p>\n<p><a href=\"https:\/\/www.urlaubcornwall.de\/reiseziel\/isle-of-wight.php\">Isle of Wight &#8211;<\/a> Die Isle of Wight ist die zweitbeliebteste Insel in England und befindet sich vor der K\u00fcste von Hampshire, abgetrennt vom Festland durch den Solent. Die Isle of Wight ist nur 32km auf 20km gro\u00df und ist bei Urlaubern beliebt seit K\u00f6nigin Viktoria und Prinz Albert ihr hei\u00dfgeliebtes Sommerhaus, das Osborne House, hier bauten.<\/p>\n<p><img loading=\"lazy\" class=\"aligncenter size-full wp-image-24625\" src=\"https:\/\/www.urlaubcornwall.de\/blog\/wp-content\/uploads\/2016\/06\/hever-schloss-kent.jpg\" alt=\"hever schloss urlaub kent\" width=\"749\" height=\"402\"\/><\/p>\n<p><a href=\"https:\/\/www.urlaubcornwall.de\/reiseziel\/kent.php\">Kent &#8211; <\/a>der \u2018Garten Englands\u2019 mit seinen sanft gewellten H\u00fcgeln und reichlichen Obstg\u00e4rten ist bekannt f\u00fcr seine Hopfeng\u00e4rten und Trockenh\u00e4user, wie auch eine wachsende Winzerindustrie. Die K\u00fcste ist vielf\u00e4ltig und doch spektakul\u00e4r mit sieben wundervollen Sandbuchten entlang der Thanet K\u00fcste bis hin zu den farbenpr\u00e4chtigen Steinstr\u00e4nden, die von Sandwich nach Hythe reichen, gespickt mit einem Reichtum an Geschichte; unsere prachtvollen Schl\u00f6sser und Geschichten des Schmuggels, um nur zwei zu nennen.<\/p>\n<p><img loading=\"lazy\" class=\"aligncenter size-full wp-image-20983\" src=\"https:\/\/www.urlaubcornwall.de\/blog\/wp-content\/uploads\/2015\/10\/Glastonbury.jpg\" alt=\"Glastonbury somerset\" width=\"749\" height=\"426\"\/><\/p>\n<p><a href=\"https:\/\/www.urlaubcornwall.de\/ferienhaeuser-fewos\/eng\/somerset\/somerset.html\">Somerset &#8211;<\/a> Bekannt f\u00fcr sein Musikfestival, ist Glastonbury Tor auch ein ikonischer Turm des 15. Jahrhunderts, der spektakul\u00e4ren Blick \u00fcber die Ebenen Somersets hinweg bietet. Die Stadt ist durchdrungen von der Artuslegende, sowie Legenden, den Heiligen Gral und Joseph von Arimathea betreffend.<\/p>\n<p><a href=\"https:\/\/www.urlaubcornwall.de\/reiseziel\/sussex.php\">Sussex &#8211;<\/a> Die Altstadt von Chichester und anderen St\u00e4dten in <a href=\"https:\/\/www.urlaubcornwall.de\/ferienhaeuser-fewos\/eng\/sussex\/sussex.html\">Sussex<\/a> wie Brighton, Eastbourne, Arundel, Lewes, Worthing, Bognor Regis und Rye sind besonders interessant. Im Sussex Weald mit seiner herrlichen Landschaft und malerischen Orten wie Lurgashall und Burwash erwarten Sie mit die besten Landgastst\u00e4tten und Restaurants im Lande. <\/p>\n<p style=\"text-align: right;\"><img loading=\"lazy\" class=\"aligncenter size-full wp-image-33743\" src=\"https:\/\/www.urlaubcornwall.de\/blog\/wp-content\/uploads\/2018\/04\/Esthwaite-Water-urlaub-lake-district.jpg\" alt=\"Esthwaite Water Urlaub lake district\" width=\"746\" height=\"497\" srcset=\"https:\/\/www.urlaubcornwall.de\/blog\/wp-content\/uploads\/2018\/04\/Esthwaite-Water-urlaub-lake-district.jpg 746w, https:\/\/www.urlaubcornwall.de\/blog\/wp-content\/uploads\/2018\/04\/Esthwaite-Water-urlaub-lake-district-300x200.jpg 300w\" sizes=\"(max-width: 746px) 100vw, 746px\" \/><\/p>\n<p style=\"text-align: right;\">\u00a9 <a href=\"https:\/\/www.123rf.com\/profile_grahammoore999\"rel=\"nofollow\">grahammoore999 \/ 123RF Stock Photo<\/a><\/p>\n<p><a href=\"https:\/\/www.urlaubcornwall.de\/reiseziel\/lake-district-nationalpark.php\">Lake District, Cumbria<\/a> &#8211; Coniston Water  Im 13. und 14. Jahrhundert war <a href=\"https:\/\/www.urlaubcornwall.de\/ferienhaeuser-fewos\/eng\/lake-district\/coniston-water.html\">Coniston Water<\/a> ein wichtiges Fischvorkommen f\u00fcr die M\u00f6nche der Furness Abtei, denen der See und ein Gro\u00dfteil des ihn umgebenden Landes geh\u00f6rte. \u00dcber dem See thront der Berg \u2018The Old Man of Coniston\u2019; der Blick \u00fcber den See hin zum Berg wurde vom viktorianischen Philosophen John Ruskin als \u2018der beste im gesamten England\u2019 beschrieben. <\/p>\n<div class=\"snippet\"> <a class=\"featured-item\" href=\"https:\/\/www.urlaubcornwall.de\/ferienhaeuser\/suedengland.php\"> <span class=\"image-holder\" style=\"background-image: url('https:\/\/www.urlaubcornwall.de\/blog\/wp-content\/uploads\/2018\/12\/ferienhaus-cornwall-mit-hund.jpg');\"><\/span> <span class=\"featured-content\"> \n<h2 class=\"featured-title\">Ferienh\u00e4user in England<\/h2>\n<p class=\"featured-body\">Bei uns finden Sie Ferienh\u00e4user zum Verlieben &#8211; so einfach ist das! Dank seiner langen Geschichte, der reizvollen Landschaften und seinen vielen Attraktionen ist England ein wahres Mekka f\u00fcr Urlauber&#8230;..<\/p><\/span> <span class=\"featured-link-holder\"> <span class=\"featured-extra-info\"> \n<p>Pers\u00f6nlich inspizierter Ferienh\u00e4user<\/p>\n<\/span> \n<p class=\"featured-link\">DETAILS<\/p>\n<\/span> <\/a><\/div>\n","protected":false},"excerpt":{"rendered":"<p>Cornwall &#8211; ist bekannt als eine der sch\u00f6nsten Regionen Englands und H\u00f6hepunkt eines jeden Urlaubs oder Rundreise durch S\u00fcdengland. Cornwall bietet eine h\u00fcbsche Stadt nach der anderen, von beliebten Urlaubsorten am Meer bis hin zu urigen Fischerd\u00f6rfern und -st\u00e4dten. Da sich unser Firmensitz in Cornwall befindet, m\u00f6chten wir Ihnen unsere Insiderauswahl der allersch\u00f6nsten Urlaubsziele vorstellen. [&hellip;]<\/p>\n","protected":false},"author":1,"featured_media":0,"parent":0,"menu_order":0,"comment_status":"closed","ping_status":"closed","template":"single-four.php","meta":[],"acf":[],"yoast_head":"<!-- This site is optimized with the Yoast SEO plugin v19.4 - https:\/\/yoast.com\/wordpress\/plugins\/seo\/ -->\n<title>Die sch\u00f6nsten Orte in England - Urlaub &amp; Reisen<\/title>\n<meta name=\"robots\" content=\"index, follow, max-snippet:-1, max-image-preview:large, max-video-preview:-1\" \/>\n<link rel=\"canonical\" href=\"https:\/\/www.urlaubcornwall.de\/blog\/die-schoensten-orte-in-england-urlaubsinspiration\/\" \/>\n<meta property=\"og:locale\" content=\"en_US\" \/>\n<meta property=\"og:type\" content=\"article\" \/>\n<meta property=\"og:title\" content=\"Die sch\u00f6nsten Orte in England - Urlaub &amp; Reisen\" \/>\n<meta property=\"og:description\" content=\"Cornwall &#8211; ist bekannt als eine der sch\u00f6nsten Regionen Englands und H\u00f6hepunkt eines jeden Urlaubs oder Rundreise durch S\u00fcdengland. Cornwall bietet eine h\u00fcbsche Stadt nach der anderen, von beliebten Urlaubsorten am Meer bis hin zu urigen Fischerd\u00f6rfern und -st\u00e4dten. Da sich unser Firmensitz in Cornwall befindet, m\u00f6chten wir Ihnen unsere Insiderauswahl der allersch\u00f6nsten Urlaubsziele vorstellen. [&hellip;]\" \/>\n<meta property=\"og:url\" content=\"https:\/\/www.urlaubcornwall.de\/blog\/die-schoensten-orte-in-england-urlaubsinspiration\/\" \/>\n<meta property=\"og:site_name\" content=\"Urlaub &amp; Reisen\" \/>\n<meta property=\"article:modified_time\" content=\"2024-05-26T13:33:09+00:00\" \/>\n<meta property=\"og:image\" content=\"https:\/\/www.urlaubcornwall.de\/blog\/wp-content\/uploads\/2024\/03\/st-ives-mmer.jpg\" \/>\n<meta name=\"twitter:card\" content=\"summary\" \/>\n<meta name=\"twitter:label1\" content=\"Est. reading time\" \/>\n\t<meta name=\"twitter:data1\" content=\"4 minutes\" \/>\n<script type=\"application\/ld+json\" class=\"yoast-schema-graph\">{\"@context\":\"https:\/\/schema.org\",\"@graph\":[{\"@type\":\"WebSite\",\"@id\":\"https:\/\/www.urlaubcornwall.de\/blog\/#website\",\"url\":\"https:\/\/www.urlaubcornwall.de\/blog\/\",\"name\":\"Urlaub &amp; Reisen\",\"description\":\"Urlaub, Reisen, Cornwall und S\u00fcdengland: eine perfekte Kombination\",\"potentialAction\":[{\"@type\":\"SearchAction\",\"target\":{\"@type\":\"EntryPoint\",\"urlTemplate\":\"https:\/\/www.urlaubcornwall.de\/blog\/?s={search_term_string}\"},\"query-input\":\"required name=search_term_string\"}],\"inLanguage\":\"en-US\"},{\"@type\":\"WebPage\",\"@id\":\"https:\/\/www.urlaubcornwall.de\/blog\/die-schoensten-orte-in-england-urlaubsinspiration\/\",\"url\":\"https:\/\/www.urlaubcornwall.de\/blog\/die-schoensten-orte-in-england-urlaubsinspiration\/\",\"name\":\"Die sch\u00f6nsten Orte in England - Urlaub &amp; Reisen\",\"isPartOf\":{\"@id\":\"https:\/\/www.urlaubcornwall.de\/blog\/#website\"},\"datePublished\":\"2020-09-27T14:56:02+00:00\",\"dateModified\":\"2024-05-26T13:33:09+00:00\",\"breadcrumb\":{\"@id\":\"https:\/\/www.urlaubcornwall.de\/blog\/die-schoensten-orte-in-england-urlaubsinspiration\/#breadcrumb\"},\"inLanguage\":\"en-US\",\"potentialAction\":[{\"@type\":\"ReadAction\",\"target\":[\"https:\/\/www.urlaubcornwall.de\/blog\/die-schoensten-orte-in-england-urlaubsinspiration\/\"]}]},{\"@type\":\"BreadcrumbList\",\"@id\":\"https:\/\/www.urlaubcornwall.de\/blog\/die-schoensten-orte-in-england-urlaubsinspiration\/#breadcrumb\",\"itemListElement\":[{\"@type\":\"ListItem\",\"position\":1,\"name\":\"Home\",\"item\":\"https:\/\/www.urlaubcornwall.de\/blog\/\"},{\"@type\":\"ListItem\",\"position\":2,\"name\":\"Die sch\u00f6nsten Orte in England\"}]}]}<\/script>\n<!-- \/ Yoast SEO plugin. -->","yoast_head_json":{"title":"Die sch\u00f6nsten Orte in England - Urlaub &amp; Reisen","robots":{"index":"index","follow":"follow","max-snippet":"max-snippet:-1","max-image-preview":"max-image-preview:large","max-video-preview":"max-video-preview:-1"},"canonical":"https:\/\/www.urlaubcornwall.de\/blog\/die-schoensten-orte-in-england-urlaubsinspiration\/","og_locale":"en_US","og_type":"article","og_title":"Die sch\u00f6nsten Orte in England - Urlaub &amp; Reisen","og_description":"Cornwall &#8211; ist bekannt als eine der sch\u00f6nsten Regionen Englands und H\u00f6hepunkt eines jeden Urlaubs oder Rundreise durch S\u00fcdengland. Cornwall bietet eine h\u00fcbsche Stadt nach der anderen, von beliebten Urlaubsorten am Meer bis hin zu urigen Fischerd\u00f6rfern und -st\u00e4dten. Da sich unser Firmensitz in Cornwall befindet, m\u00f6chten wir Ihnen unsere Insiderauswahl der allersch\u00f6nsten Urlaubsziele vorstellen. [&hellip;]","og_url":"https:\/\/www.urlaubcornwall.de\/blog\/die-schoensten-orte-in-england-urlaubsinspiration\/","og_site_name":"Urlaub &amp; Reisen","article_modified_time":"2024-05-26T13:33:09+00:00","og_image":[{"url":"https:\/\/www.urlaubcornwall.de\/blog\/wp-content\/uploads\/2024\/03\/st-ives-mmer.jpg"}],"twitter_card":"summary","twitter_misc":{"Est. reading time":"4 minutes"},"schema":{"@context":"https:\/\/schema.org","@graph":[{"@type":"WebSite","@id":"https:\/\/www.urlaubcornwall.de\/blog\/#website","url":"https:\/\/www.urlaubcornwall.de\/blog\/","name":"Urlaub &amp; Reisen","description":"Urlaub, Reisen, Cornwall und S\u00fcdengland: eine perfekte Kombination","potentialAction":[{"@type":"SearchAction","target":{"@type":"EntryPoint","urlTemplate":"https:\/\/www.urlaubcornwall.de\/blog\/?s={search_term_string}"},"query-input":"required name=search_term_string"}],"inLanguage":"en-US"},{"@type":"WebPage","@id":"https:\/\/www.urlaubcornwall.de\/blog\/die-schoensten-orte-in-england-urlaubsinspiration\/","url":"https:\/\/www.urlaubcornwall.de\/blog\/die-schoensten-orte-in-england-urlaubsinspiration\/","name":"Die sch\u00f6nsten Orte in England - Urlaub &amp; Reisen","isPartOf":{"@id":"https:\/\/www.urlaubcornwall.de\/blog\/#website"},"datePublished":"2020-09-27T14:56:02+00:00","dateModified":"2024-05-26T13:33:09+00:00","breadcrumb":{"@id":"https:\/\/www.urlaubcornwall.de\/blog\/die-schoensten-orte-in-england-urlaubsinspiration\/#breadcrumb"},"inLanguage":"en-US","potentialAction":[{"@type":"ReadAction","target":["https:\/\/www.urlaubcornwall.de\/blog\/die-schoensten-orte-in-england-urlaubsinspiration\/"]}]},{"@type":"BreadcrumbList","@id":"https:\/\/www.urlaubcornwall.de\/blog\/die-schoensten-orte-in-england-urlaubsinspiration\/#breadcrumb","itemListElement":[{"@type":"ListItem","position":1,"name":"Home","item":"https:\/\/www.urlaubcornwall.de\/blog\/"},{"@type":"ListItem","position":2,"name":"Die sch\u00f6nsten Orte in England"}]}]}},"_links":{"self":[{"href":"https:\/\/www.urlaubcornwall.de\/blog\/wp-json\/wp\/v2\/pages\/40825"}],"collection":[{"href":"https:\/\/www.urlaubcornwall.de\/blog\/wp-json\/wp\/v2\/pages"}],"about":[{"href":"https:\/\/www.urlaubcornwall.de\/blog\/wp-json\/wp\/v2\/types\/page"}],"author":[{"embeddable":true,"href":"https:\/\/www.urlaubcornwall.de\/blog\/wp-json\/wp\/v2\/users\/1"}],"replies":[{"embeddable":true,"href":"https:\/\/www.urlaubcornwall.de\/blog\/wp-json\/wp\/v2\/comments?post=40825"}],"version-history":[{"count":17,"href":"https:\/\/www.urlaubcornwall.de\/blog\/wp-json\/wp\/v2\/pages\/40825\/revisions"}],"predecessor-version":[{"id":50213,"href":"https:\/\/www.urlaubcornwall.de\/blog\/wp-json\/wp\/v2\/pages\/40825\/revisions\/50213"}],"wp:attachment":[{"href":"https:\/\/www.urlaubcornwall.de\/blog\/wp-json\/wp\/v2\/media?parent=40825"}],"curies":[{"name":"wp","href":"https:\/\/api.w.org\/{rel}","templated":true}]}}