{"id":40822,"date":"2020-09-27T13:21:01","date_gmt":"2020-09-27T13:21:01","guid":{"rendered":"https:\/\/www.urlaubcornwall.de\/blog\/?page_id=40822"},"modified":"2024-05-30T16:00:48","modified_gmt":"2024-05-30T16:00:48","slug":"die-10-schoensten-orte-im-lake-district","status":"publish","type":"page","link":"https:\/\/www.urlaubcornwall.de\/blog\/die-10-schoensten-orte-im-lake-district\/","title":{"rendered":"Die Sch\u00f6nsten Orte im Lake District"},"content":{"rendered":"<p><img loading=\"lazy\" class=\"aligncenter size-full wp-image-33693\" src=\"https:\/\/www.urlaubcornwall.de\/blog\/wp-content\/uploads\/2018\/04\/Die-wundersch\u00f6nen-Seen-des-Lake-Distrikt-Urlaub-in-Nordengland.jpg\" alt=\"seen coniston Sch\u00f6nsten Orte im Lake District\" width=\"747\" height=\"558\"\/><\/p>\n<p><strong>Coniston Water &#8211;<\/strong> Im 13. und 14. Jahrhundert war <a href=\"https:\/\/www.urlaubcornwall.de\/ferienhaeuser-fewos\/eng\/lake-district\/coniston-water.html\">Coniston Water<\/a> ein wichtiges Fischvorkommen f\u00fcr die M\u00f6nche der Furness Abtei, denen der See und ein Gro\u00dfteil des ihn umgebenden Landes geh\u00f6rte. \u00dcber dem See thront der Berg \u2018The Old Man of Coniston\u2019; der Blick \u00fcber den See hin zum Berg wurde vom viktorianischen Philosophen John Ruskin als \u2018<a href=\"https:\/\/www.urlaubcornwall.de\/reiseziel\/lake-district-nationalpark.php\">der beste im gesamten England<\/a>\u2019 beschrieben. Das Buch von Arthur Ransome \u2018Swallows and Amazons\u2019 basierte um Coniston Water herum, und es ist interessant, die Orte zu finden, die in den Geschichten genannt werden. <\/p>\n<p><strong>Grizedale Forest bei <a href=\"https:\/\/www.urlaubcornwall.de\/ferienhaeuser-fewos\/eng\/lake-district\/hawkshead.html\">Hawkshead<\/a><\/strong> &#8211; hat Mountainbike Pfade und einen Kletteraffen Baumgipfel-Abenteuerplatz. Sie k\u00f6nnen es auch mit einem Orientierungslauf versuchen; 7 Routen sind vorhanden, vom einfachen, 1,6km langen Pfad bis hin zum 6.4km langen mit mehr Herausforderungen. Es gibt auch eine Orientierungsstrecke f\u00fcr Mountainbiker.<\/p>\n<p><a href=\"http:\/\/www.levenshall.co.uk\"><strong>Levens Hall &#8211;<\/strong><\/a> befindet sich 8km s\u00fcdlich von <a href=\"https:\/\/www.urlaubcornwall.de\/ferienhaeuser-fewos\/eng\/lake-district\/kendal.html\">Kendal<\/a>, und der <a href=\"https:\/\/www.urlaubcornwall.de\/blog\/schoensten-gaerten-in-lake-district\/\">Garten ist voller magischer Formen,<\/a> die \u00fcber Jahrhunderte hinweg geschaffen wurden. Es gibt mehr als 100 Einzelteile, die gem\u00e4\u00df eines individuellen Designs geschnitten wurden, einschlie\u00dflich Schachfiguren und Pfauen. Der Garten ist von April bis Oktober sonntags \u2013 donnerstags ge\u00f6ffnet.<\/p>\n<p><strong>Hawkshead, Cumbria<\/strong> &#8211; Das h\u00fcbsche Dorf Hawkshead liegt im herrlichen Tal Esthwaite im Herzen des Lake District. Tief verankert in seiner Geschichte und seinem Erbe und in Verbindung gebracht mit William Wordsworth und Beatrix Potter, vermittelt dieses Dorf mit seinen Pflasterstra\u00dfen und <a href=\"https:\/\/www.urlaubcornwall.de\/ferienhaeuser-fewos\/eng\/lake-district\/hawkshead.html\">gewei\u00dfelten Cottages<\/a> ein magisches Gef\u00fchl.<\/p>\n<p><strong>Die \u201eWorld of Beatrix Potter\u201c in <a href=\"https:\/\/www.urlaubcornwall.de\/ferienhaeuser-fewos\/eng\/lake-district\/bowness-on-windermere.html\">Bowness-on-Windermere<\/a><\/strong> &#8211; ein hervorragender Ort, wenn das Wetter nicht so gut ist. Neben Peter Rabbits Garten sehen Sie lebensgro\u00dfe Nachbildungen von Szenen aus den B\u00fcchern; begegnen Sie s\u00e4mtlichen Figuren und genie\u00dfen Sie einen virtuellen Spaziergang durch die Landschaft Cambrias. Im Teehaus k\u00f6nnen Sie einen englischen Nachmittagstee genie\u00dfen, der mit frischen Zutaten vor Ort gebraut wurde. Die Beatrix Potter Welt ist t\u00e4glich ge\u00f6ffnet.<\/p>\n<div class=\"snippet\"> <a class=\"featured-item\" href=\" https:\/\/www.urlaubcornwall.de\/ferienhaeuser-fewos\/eng\/lake-district\/lake-district.html\"> <span class=\"image-holder\" style=\"background-image: url(' https:\/\/www.urlaubcornwall.de\/blog\/wp-content\/uploads\/2019\/01\/urlaub-lake-distrikt.jpg');\"><\/span> <span class=\"featured-content\"> \n<h2 class=\"featured-title\">Ferienh\u00e4user im Lake Distrikt zum Verlieben!<\/h2>\n<p class=\"featured-body\">Enge Stra\u00dfen, hoch aufragende Berge, herabst\u00fcrzende Wasserf\u00e4lle und Seen jeglichen Umfangs und jeglicher Form schaffen eine Landschaft&#8230;..<\/p>\n<\/span> <span class=\"featured-link-holder\"> <span class=\"featured-extra-info\"> \n<p>F\u00fcr Paare, Familien &#038; Gruppen<\/p>\n<\/span> \n<p class=\"featured-link\">DETAILS<\/p>\n<\/span> <\/a><\/div>\n<p><strong>Besuchen Sie Muncaster Castle<\/strong> \u2013 ein Schloss in Privatbesitz mit Blick \u00fcber den Fluss Esk bei Ravenglass. Das Schloss ist seit 1208 das Zuhause der Familie Pennington und stellt einen herrlichen Familienausflugstag in Cumbria dar. Dieses historische Schloss, in dem es spukt, befindet sich innerhalb von mehr als 30 Hektar wundersch\u00f6ner G\u00e4rten und Wald. Machen Sie eine gef\u00fchrte Tour durchs Schloss und genie\u00dfen Sie die friedvollsten und historischsten G\u00e4rten Cambrias. In den G\u00e4rten befindet sich auch das Falken-und Eulenzentrum, wo Sie Flugschauen der V\u00f6gel zusehen k\u00f6nnen. Hunde sind in den G\u00e4rten und auf dem Grundst\u00fcck erlaubt, nicht jedoch im Falken-und Eulenzentrum oder im Schloss. Die G\u00e4rten sind das ganze Jahr \u00fcber ge\u00f6ffnet, und das Schloss ist von M\u00e4rz bis Ende Oktober ge\u00f6ffnet.<\/p>\n<p><strong>Windermere, Orrest Head \u2013<\/strong> Diese 4,8km lange Wanderung bietet fantastischen Blick ohne die Anstrengung einer Bergsteigung. Die Wanderung beginnt am <a href=\"https:\/\/www.urlaubcornwall.de\/ferienhaeuser-fewos\/eng\/lake-district\/windermere.html\">Windermere<\/a> Touristeninformationszentrum, und es handelt sich um einen stetigen Aufstieg durch Waldland zum Gipfel, der sich 239m \u00fcber dem Meeresspiegel befindet. Der Panoramablick vom Gipfel umfasst die h\u00f6chsten Berge des Lake Distrikts und erstreckt sich bis hin zum Meer der Morecombe Bay.<\/p>\n<p><strong>Ellerwater &#8211;<\/strong> Der Name dieses kleinen malerischen Sees stammt aus dem Altnordischen und bedeutet \u2018See der Schw\u00e4ne\u2019. Er befindet sich lediglich ein paar Meilen westlich von Ambleside und ist bekannt f\u00fcr seinen <a href=\"https:\/\/www.urlaubcornwall.de\/reiseziel\/lake-district-nationalpark.php\">wundersch\u00f6nen<\/a> Wasserfall und die wiederkehrende Schwanenbev\u00f6lkerung. Die Pfade um den See herum sind aufgrund ihrer Lage auf dem Cambria Way Rollstuhl- und familienfreundlich.<\/p>\n<p style=\"text-align: center;\"><a href=\"https:\/\/www.urlaubcornwall.de\/blog\/schoensten-seen-im-lake-distrikt\/\">Die wundersch\u00f6nen Seen des Lake District<\/a><\/p>\n","protected":false},"excerpt":{"rendered":"<p>Coniston Water &#8211; Im 13. und 14. Jahrhundert war Coniston Water ein wichtiges Fischvorkommen f\u00fcr die M\u00f6nche der Furness Abtei, denen der See und ein Gro\u00dfteil des ihn umgebenden Landes geh\u00f6rte. \u00dcber dem See thront der Berg \u2018The Old Man of Coniston\u2019; der Blick \u00fcber den See hin zum Berg wurde vom viktorianischen Philosophen John [&hellip;]<\/p>\n","protected":false},"author":1,"featured_media":0,"parent":0,"menu_order":0,"comment_status":"closed","ping_status":"closed","template":"single-four.php","meta":[],"acf":[],"yoast_head":"<!-- This site is optimized with the Yoast SEO plugin v19.4 - https:\/\/yoast.com\/wordpress\/plugins\/seo\/ -->\n<title>Die Sch\u00f6nsten Orte im Lake District - Urlaub &amp; Reisen<\/title>\n<meta name=\"robots\" content=\"index, follow, max-snippet:-1, max-image-preview:large, max-video-preview:-1\" \/>\n<link rel=\"canonical\" href=\"https:\/\/www.urlaubcornwall.de\/blog\/die-10-schoensten-orte-im-lake-district\/\" \/>\n<meta property=\"og:locale\" content=\"en_US\" \/>\n<meta property=\"og:type\" content=\"article\" \/>\n<meta property=\"og:title\" content=\"Die Sch\u00f6nsten Orte im Lake District - Urlaub &amp; Reisen\" \/>\n<meta property=\"og:description\" content=\"Coniston Water &#8211; Im 13. und 14. Jahrhundert war Coniston Water ein wichtiges Fischvorkommen f\u00fcr die M\u00f6nche der Furness Abtei, denen der See und ein Gro\u00dfteil des ihn umgebenden Landes geh\u00f6rte. \u00dcber dem See thront der Berg \u2018The Old Man of Coniston\u2019; der Blick \u00fcber den See hin zum Berg wurde vom viktorianischen Philosophen John [&hellip;]\" \/>\n<meta property=\"og:url\" content=\"https:\/\/www.urlaubcornwall.de\/blog\/die-10-schoensten-orte-im-lake-district\/\" \/>\n<meta property=\"og:site_name\" content=\"Urlaub &amp; Reisen\" \/>\n<meta property=\"article:modified_time\" content=\"2024-05-30T16:00:48+00:00\" \/>\n<meta name=\"twitter:card\" content=\"summary\" \/>\n<meta name=\"twitter:label1\" content=\"Est. reading time\" \/>\n\t<meta name=\"twitter:data1\" content=\"3 minutes\" \/>\n<script type=\"application\/ld+json\" class=\"yoast-schema-graph\">{\"@context\":\"https:\/\/schema.org\",\"@graph\":[{\"@type\":\"WebSite\",\"@id\":\"https:\/\/www.urlaubcornwall.de\/blog\/#website\",\"url\":\"https:\/\/www.urlaubcornwall.de\/blog\/\",\"name\":\"Urlaub &amp; Reisen\",\"description\":\"Urlaub, Reisen, Cornwall und S\u00fcdengland: eine perfekte Kombination\",\"potentialAction\":[{\"@type\":\"SearchAction\",\"target\":{\"@type\":\"EntryPoint\",\"urlTemplate\":\"https:\/\/www.urlaubcornwall.de\/blog\/?s={search_term_string}\"},\"query-input\":\"required name=search_term_string\"}],\"inLanguage\":\"en-US\"},{\"@type\":\"WebPage\",\"@id\":\"https:\/\/www.urlaubcornwall.de\/blog\/die-10-schoensten-orte-im-lake-district\/\",\"url\":\"https:\/\/www.urlaubcornwall.de\/blog\/die-10-schoensten-orte-im-lake-district\/\",\"name\":\"Die Sch\u00f6nsten Orte im Lake District - Urlaub &amp; Reisen\",\"isPartOf\":{\"@id\":\"https:\/\/www.urlaubcornwall.de\/blog\/#website\"},\"datePublished\":\"2020-09-27T13:21:01+00:00\",\"dateModified\":\"2024-05-30T16:00:48+00:00\",\"breadcrumb\":{\"@id\":\"https:\/\/www.urlaubcornwall.de\/blog\/die-10-schoensten-orte-im-lake-district\/#breadcrumb\"},\"inLanguage\":\"en-US\",\"potentialAction\":[{\"@type\":\"ReadAction\",\"target\":[\"https:\/\/www.urlaubcornwall.de\/blog\/die-10-schoensten-orte-im-lake-district\/\"]}]},{\"@type\":\"BreadcrumbList\",\"@id\":\"https:\/\/www.urlaubcornwall.de\/blog\/die-10-schoensten-orte-im-lake-district\/#breadcrumb\",\"itemListElement\":[{\"@type\":\"ListItem\",\"position\":1,\"name\":\"Home\",\"item\":\"https:\/\/www.urlaubcornwall.de\/blog\/\"},{\"@type\":\"ListItem\",\"position\":2,\"name\":\"Die Sch\u00f6nsten Orte im Lake District\"}]}]}<\/script>\n<!-- \/ Yoast SEO plugin. -->","yoast_head_json":{"title":"Die Sch\u00f6nsten Orte im Lake District - Urlaub &amp; Reisen","robots":{"index":"index","follow":"follow","max-snippet":"max-snippet:-1","max-image-preview":"max-image-preview:large","max-video-preview":"max-video-preview:-1"},"canonical":"https:\/\/www.urlaubcornwall.de\/blog\/die-10-schoensten-orte-im-lake-district\/","og_locale":"en_US","og_type":"article","og_title":"Die Sch\u00f6nsten Orte im Lake District - Urlaub &amp; Reisen","og_description":"Coniston Water &#8211; Im 13. und 14. Jahrhundert war Coniston Water ein wichtiges Fischvorkommen f\u00fcr die M\u00f6nche der Furness Abtei, denen der See und ein Gro\u00dfteil des ihn umgebenden Landes geh\u00f6rte. \u00dcber dem See thront der Berg \u2018The Old Man of Coniston\u2019; der Blick \u00fcber den See hin zum Berg wurde vom viktorianischen Philosophen John [&hellip;]","og_url":"https:\/\/www.urlaubcornwall.de\/blog\/die-10-schoensten-orte-im-lake-district\/","og_site_name":"Urlaub &amp; Reisen","article_modified_time":"2024-05-30T16:00:48+00:00","twitter_card":"summary","twitter_misc":{"Est. reading time":"3 minutes"},"schema":{"@context":"https:\/\/schema.org","@graph":[{"@type":"WebSite","@id":"https:\/\/www.urlaubcornwall.de\/blog\/#website","url":"https:\/\/www.urlaubcornwall.de\/blog\/","name":"Urlaub &amp; Reisen","description":"Urlaub, Reisen, Cornwall und S\u00fcdengland: eine perfekte Kombination","potentialAction":[{"@type":"SearchAction","target":{"@type":"EntryPoint","urlTemplate":"https:\/\/www.urlaubcornwall.de\/blog\/?s={search_term_string}"},"query-input":"required name=search_term_string"}],"inLanguage":"en-US"},{"@type":"WebPage","@id":"https:\/\/www.urlaubcornwall.de\/blog\/die-10-schoensten-orte-im-lake-district\/","url":"https:\/\/www.urlaubcornwall.de\/blog\/die-10-schoensten-orte-im-lake-district\/","name":"Die Sch\u00f6nsten Orte im Lake District - Urlaub &amp; Reisen","isPartOf":{"@id":"https:\/\/www.urlaubcornwall.de\/blog\/#website"},"datePublished":"2020-09-27T13:21:01+00:00","dateModified":"2024-05-30T16:00:48+00:00","breadcrumb":{"@id":"https:\/\/www.urlaubcornwall.de\/blog\/die-10-schoensten-orte-im-lake-district\/#breadcrumb"},"inLanguage":"en-US","potentialAction":[{"@type":"ReadAction","target":["https:\/\/www.urlaubcornwall.de\/blog\/die-10-schoensten-orte-im-lake-district\/"]}]},{"@type":"BreadcrumbList","@id":"https:\/\/www.urlaubcornwall.de\/blog\/die-10-schoensten-orte-im-lake-district\/#breadcrumb","itemListElement":[{"@type":"ListItem","position":1,"name":"Home","item":"https:\/\/www.urlaubcornwall.de\/blog\/"},{"@type":"ListItem","position":2,"name":"Die Sch\u00f6nsten Orte im Lake District"}]}]}},"_links":{"self":[{"href":"https:\/\/www.urlaubcornwall.de\/blog\/wp-json\/wp\/v2\/pages\/40822"}],"collection":[{"href":"https:\/\/www.urlaubcornwall.de\/blog\/wp-json\/wp\/v2\/pages"}],"about":[{"href":"https:\/\/www.urlaubcornwall.de\/blog\/wp-json\/wp\/v2\/types\/page"}],"author":[{"embeddable":true,"href":"https:\/\/www.urlaubcornwall.de\/blog\/wp-json\/wp\/v2\/users\/1"}],"replies":[{"embeddable":true,"href":"https:\/\/www.urlaubcornwall.de\/blog\/wp-json\/wp\/v2\/comments?post=40822"}],"version-history":[{"count":8,"href":"https:\/\/www.urlaubcornwall.de\/blog\/wp-json\/wp\/v2\/pages\/40822\/revisions"}],"predecessor-version":[{"id":51176,"href":"https:\/\/www.urlaubcornwall.de\/blog\/wp-json\/wp\/v2\/pages\/40822\/revisions\/51176"}],"wp:attachment":[{"href":"https:\/\/www.urlaubcornwall.de\/blog\/wp-json\/wp\/v2\/media?parent=40822"}],"curies":[{"name":"wp","href":"https:\/\/api.w.org\/{rel}","templated":true}]}}