{"id":40801,"date":"2020-09-23T12:40:01","date_gmt":"2020-09-23T12:40:01","guid":{"rendered":"https:\/\/www.urlaubcornwall.de\/blog\/?page_id=40801"},"modified":"2024-05-28T09:16:33","modified_gmt":"2024-05-28T09:16:33","slug":"guenstige-hotels-in-penzance-west-cornwall","status":"publish","type":"page","link":"https:\/\/www.urlaubcornwall.de\/blog\/guenstige-hotels-in-penzance-west-cornwall\/","title":{"rendered":"G\u00fcnstige Hotels in Penzance &#8211; West Cornwall"},"content":{"rendered":"<p><img loading=\"lazy\" class=\"aligncenter size-full wp-image-47529\" src=\"https:\/\/www.urlaubcornwall.de\/blog\/wp-content\/uploads\/2024\/02\/penzance-harbour.jpg\" alt=\"penzance-hafen\" width=\"750\" height=\"501\" srcset=\"https:\/\/www.urlaubcornwall.de\/blog\/wp-content\/uploads\/2024\/02\/penzance-harbour.jpg 750w, https:\/\/www.urlaubcornwall.de\/blog\/wp-content\/uploads\/2024\/02\/penzance-harbour-300x200.jpg 300w\" sizes=\"(max-width: 750px) 100vw, 750px\" \/><\/p>\n<p>Der freundliche, gesch\u00e4ftige Hafen <a href=\"https:\/\/www.urlaubcornwall.de\/ferienhaeuser-fewos\/penzance.html\">Penzance<\/a> liegt am n\u00f6rdlichen Rand der Mounts Bay mit der einzigen Promenade Cornwalls, die lang ist und herrlichen Meeresblick genie\u00dft. Der Hafen ist klein, doch gesch\u00e4ftig mit Fischerbooten, Sightseeing Booten und der Passagierf\u00e4hre zu den <a href=\"https:\/\/www.urlaubcornwall.de\/Scilly-Inseln.php\">Scilly Inseln<\/a>.<\/p>\n<div class=\"snippet\"> <a class=\"featured-item\" href=\" https:\/\/www.urlaubcornwall.de\/blog\/hotel-penzance-entdecke-west-cornwall\/\"> <span class=\"image-holder\" style=\"background-image: url(' https:\/\/www.urlaubcornwall.de\/blog\/wp-content\/uploads\/2019\/01\/hotel_penzance.jpg ');\"><\/span> <span class=\"featured-content\"> \n<h2 class=\"featured-title\">Hotel Penzance am Meer<\/h2>\n<p class=\"featured-body\">Das 4 Sterne Hotel Penzance ist eine stilvolle und komfortable Stadtvilla am Meer, die sich in unmittelbarer N\u00e4he des Stadtzentrums von Penzance befindet. Wir haben vor Kurzem diese elegante edwardianische Villa&#8230;&#8230;. <\/p><\/span> <span class=\"featured-link-holder\"> <span class=\"featured-extra-info\"> \n<p>Entdecke West-Cornwall<\/p>\n<\/span> \n<p class=\"featured-link\">DETAILS<\/p>\n<\/span> <\/a><\/div>\n<div class=\"snippet\"> <a class=\"featured-item\" href=\" https:\/\/www.urlaubcornwall.de\/blog\/hotel-am-meer-st-michaels-mount-godolphin-arms-marazion-westcornwall\/\"> <span class=\"image-holder\" style=\"background-image: url(' https:\/\/www.urlaubcornwall.de\/blog\/wp-content\/uploads\/2024\/03\/marazion_und-st-michaels-mount-1.jpg');\"><\/span> <span class=\"featured-content\"> \n<h2 class=\"featured-title\"> Godolphin Arms Hotel<\/h2>\n<p class=\"featured-body\">Godolphin Arms liegt am Ufer der Mounts Bucht an einem zwei Meilen langen Strand der historischen Marktstadt Marazion bei Penzance in Westcornwall. Mit Blick \u00fcber den wundersch\u00f6nen St Michaels Mount&#8230;&#8230;.. <\/p><\/span> <span class=\"featured-link-holder\"> <span class=\"featured-extra-info\"> \n<p>Stilvolle en-Suite-Schlafzimmer <\/p>\n<\/span> \n<p class=\"featured-link\">DETAILS<\/p>\n<\/span> <\/a><\/div>\n<p style=\"text-align: center;\"><b>Klicken Sie <\/b><strong>hie<\/strong>r<b>, um sich unser vollst\u00e4ndiges Angebot der besten <a href=\"https:\/\/www.urlaubcornwall.de\/hotels.php\">Hotels in Cornwall&gt;&gt;<\/a><\/b><\/p>\n<p><ins class=\"bookingaff\" data-aid=\"1705485\" data-target_aid=\"1705485\" data-prod=\"map\" data-width=\"100%\" data-height=\"590\" data-lang=\"ualng\" data-dest_id=\"0\" data-dest_type=\"landmark\" data-latitude=\"50.118798\" data-longitude=\"-5.537592\" data-mwhsb=\"1\"><br \/>\n    <!-- Anything inside will go away once widget is loaded. --><br \/>\n        <a href=\"\/\/www.booking.com?aid=1705485\"rel=\"nofollow\">Booking.com<\/a><br \/>\n<\/ins><br \/>\n<script type=\"text\/javascript\">\n    (function(d, sc, u) {\n      var s = d.createElement(sc), p = d.getElementsByTagName(sc)[0];\n      s.type = 'text\/javascript';\n      s.async = true;\n      s.src = u + '?v=' + (+new Date());\n      p.parentNode.insertBefore(s,p);\n      })(document, 'script', '\/\/aff.bstatic.com\/static\/affiliate_base\/js\/flexiproduct.js');\n<\/script><\/p>\n","protected":false},"excerpt":{"rendered":"<p>Der freundliche, gesch\u00e4ftige Hafen Penzance liegt am n\u00f6rdlichen Rand der Mounts Bay mit der einzigen Promenade Cornwalls, die lang ist und herrlichen Meeresblick genie\u00dft. Der Hafen ist klein, doch gesch\u00e4ftig mit Fischerbooten, Sightseeing Booten und der Passagierf\u00e4hre zu den Scilly Inseln. Hotel Penzance am Meer Das 4 Sterne Hotel Penzance ist eine stilvolle und komfortable [&hellip;]<\/p>\n","protected":false},"author":1,"featured_media":0,"parent":0,"menu_order":0,"comment_status":"closed","ping_status":"closed","template":"single-four.php","meta":[],"acf":[],"yoast_head":"<!-- This site is optimized with the Yoast SEO plugin v19.4 - https:\/\/yoast.com\/wordpress\/plugins\/seo\/ -->\n<title>G\u00fcnstige Hotels in Penzance - West Cornwall - Urlaub &amp; Reisen<\/title>\n<meta name=\"robots\" content=\"index, follow, max-snippet:-1, max-image-preview:large, max-video-preview:-1\" \/>\n<link rel=\"canonical\" href=\"https:\/\/www.urlaubcornwall.de\/blog\/guenstige-hotels-in-penzance-west-cornwall\/\" \/>\n<meta property=\"og:locale\" content=\"en_US\" \/>\n<meta property=\"og:type\" content=\"article\" \/>\n<meta property=\"og:title\" content=\"G\u00fcnstige Hotels in Penzance - West Cornwall - Urlaub &amp; Reisen\" \/>\n<meta property=\"og:description\" content=\"Der freundliche, gesch\u00e4ftige Hafen Penzance liegt am n\u00f6rdlichen Rand der Mounts Bay mit der einzigen Promenade Cornwalls, die lang ist und herrlichen Meeresblick genie\u00dft. Der Hafen ist klein, doch gesch\u00e4ftig mit Fischerbooten, Sightseeing Booten und der Passagierf\u00e4hre zu den Scilly Inseln. Hotel Penzance am Meer Das 4 Sterne Hotel Penzance ist eine stilvolle und komfortable [&hellip;]\" \/>\n<meta property=\"og:url\" content=\"https:\/\/www.urlaubcornwall.de\/blog\/guenstige-hotels-in-penzance-west-cornwall\/\" \/>\n<meta property=\"og:site_name\" content=\"Urlaub &amp; Reisen\" \/>\n<meta property=\"article:modified_time\" content=\"2024-05-28T09:16:33+00:00\" \/>\n<meta property=\"og:image\" content=\"https:\/\/www.urlaubcornwall.de\/blog\/wp-content\/uploads\/2024\/02\/penzance-harbour.jpg\" \/>\n<meta name=\"twitter:card\" content=\"summary\" \/>\n<meta name=\"twitter:label1\" content=\"Est. reading time\" \/>\n\t<meta name=\"twitter:data1\" content=\"1 minute\" \/>\n<script type=\"application\/ld+json\" class=\"yoast-schema-graph\">{\"@context\":\"https:\/\/schema.org\",\"@graph\":[{\"@type\":\"WebSite\",\"@id\":\"https:\/\/www.urlaubcornwall.de\/blog\/#website\",\"url\":\"https:\/\/www.urlaubcornwall.de\/blog\/\",\"name\":\"Urlaub &amp; Reisen\",\"description\":\"Urlaub, Reisen, Cornwall und S\u00fcdengland: eine perfekte Kombination\",\"potentialAction\":[{\"@type\":\"SearchAction\",\"target\":{\"@type\":\"EntryPoint\",\"urlTemplate\":\"https:\/\/www.urlaubcornwall.de\/blog\/?s={search_term_string}\"},\"query-input\":\"required name=search_term_string\"}],\"inLanguage\":\"en-US\"},{\"@type\":\"WebPage\",\"@id\":\"https:\/\/www.urlaubcornwall.de\/blog\/guenstige-hotels-in-penzance-west-cornwall\/\",\"url\":\"https:\/\/www.urlaubcornwall.de\/blog\/guenstige-hotels-in-penzance-west-cornwall\/\",\"name\":\"G\u00fcnstige Hotels in Penzance - West Cornwall - Urlaub &amp; Reisen\",\"isPartOf\":{\"@id\":\"https:\/\/www.urlaubcornwall.de\/blog\/#website\"},\"datePublished\":\"2020-09-23T12:40:01+00:00\",\"dateModified\":\"2024-05-28T09:16:33+00:00\",\"breadcrumb\":{\"@id\":\"https:\/\/www.urlaubcornwall.de\/blog\/guenstige-hotels-in-penzance-west-cornwall\/#breadcrumb\"},\"inLanguage\":\"en-US\",\"potentialAction\":[{\"@type\":\"ReadAction\",\"target\":[\"https:\/\/www.urlaubcornwall.de\/blog\/guenstige-hotels-in-penzance-west-cornwall\/\"]}]},{\"@type\":\"BreadcrumbList\",\"@id\":\"https:\/\/www.urlaubcornwall.de\/blog\/guenstige-hotels-in-penzance-west-cornwall\/#breadcrumb\",\"itemListElement\":[{\"@type\":\"ListItem\",\"position\":1,\"name\":\"Home\",\"item\":\"https:\/\/www.urlaubcornwall.de\/blog\/\"},{\"@type\":\"ListItem\",\"position\":2,\"name\":\"G\u00fcnstige Hotels in Penzance &#8211; West Cornwall\"}]}]}<\/script>\n<!-- \/ Yoast SEO plugin. -->","yoast_head_json":{"title":"G\u00fcnstige Hotels in Penzance - West Cornwall - Urlaub &amp; Reisen","robots":{"index":"index","follow":"follow","max-snippet":"max-snippet:-1","max-image-preview":"max-image-preview:large","max-video-preview":"max-video-preview:-1"},"canonical":"https:\/\/www.urlaubcornwall.de\/blog\/guenstige-hotels-in-penzance-west-cornwall\/","og_locale":"en_US","og_type":"article","og_title":"G\u00fcnstige Hotels in Penzance - West Cornwall - Urlaub &amp; Reisen","og_description":"Der freundliche, gesch\u00e4ftige Hafen Penzance liegt am n\u00f6rdlichen Rand der Mounts Bay mit der einzigen Promenade Cornwalls, die lang ist und herrlichen Meeresblick genie\u00dft. Der Hafen ist klein, doch gesch\u00e4ftig mit Fischerbooten, Sightseeing Booten und der Passagierf\u00e4hre zu den Scilly Inseln. Hotel Penzance am Meer Das 4 Sterne Hotel Penzance ist eine stilvolle und komfortable [&hellip;]","og_url":"https:\/\/www.urlaubcornwall.de\/blog\/guenstige-hotels-in-penzance-west-cornwall\/","og_site_name":"Urlaub &amp; Reisen","article_modified_time":"2024-05-28T09:16:33+00:00","og_image":[{"url":"https:\/\/www.urlaubcornwall.de\/blog\/wp-content\/uploads\/2024\/02\/penzance-harbour.jpg"}],"twitter_card":"summary","twitter_misc":{"Est. reading time":"1 minute"},"schema":{"@context":"https:\/\/schema.org","@graph":[{"@type":"WebSite","@id":"https:\/\/www.urlaubcornwall.de\/blog\/#website","url":"https:\/\/www.urlaubcornwall.de\/blog\/","name":"Urlaub &amp; Reisen","description":"Urlaub, Reisen, Cornwall und S\u00fcdengland: eine perfekte Kombination","potentialAction":[{"@type":"SearchAction","target":{"@type":"EntryPoint","urlTemplate":"https:\/\/www.urlaubcornwall.de\/blog\/?s={search_term_string}"},"query-input":"required name=search_term_string"}],"inLanguage":"en-US"},{"@type":"WebPage","@id":"https:\/\/www.urlaubcornwall.de\/blog\/guenstige-hotels-in-penzance-west-cornwall\/","url":"https:\/\/www.urlaubcornwall.de\/blog\/guenstige-hotels-in-penzance-west-cornwall\/","name":"G\u00fcnstige Hotels in Penzance - West Cornwall - Urlaub &amp; Reisen","isPartOf":{"@id":"https:\/\/www.urlaubcornwall.de\/blog\/#website"},"datePublished":"2020-09-23T12:40:01+00:00","dateModified":"2024-05-28T09:16:33+00:00","breadcrumb":{"@id":"https:\/\/www.urlaubcornwall.de\/blog\/guenstige-hotels-in-penzance-west-cornwall\/#breadcrumb"},"inLanguage":"en-US","potentialAction":[{"@type":"ReadAction","target":["https:\/\/www.urlaubcornwall.de\/blog\/guenstige-hotels-in-penzance-west-cornwall\/"]}]},{"@type":"BreadcrumbList","@id":"https:\/\/www.urlaubcornwall.de\/blog\/guenstige-hotels-in-penzance-west-cornwall\/#breadcrumb","itemListElement":[{"@type":"ListItem","position":1,"name":"Home","item":"https:\/\/www.urlaubcornwall.de\/blog\/"},{"@type":"ListItem","position":2,"name":"G\u00fcnstige Hotels in Penzance &#8211; West Cornwall"}]}]}},"_links":{"self":[{"href":"https:\/\/www.urlaubcornwall.de\/blog\/wp-json\/wp\/v2\/pages\/40801"}],"collection":[{"href":"https:\/\/www.urlaubcornwall.de\/blog\/wp-json\/wp\/v2\/pages"}],"about":[{"href":"https:\/\/www.urlaubcornwall.de\/blog\/wp-json\/wp\/v2\/types\/page"}],"author":[{"embeddable":true,"href":"https:\/\/www.urlaubcornwall.de\/blog\/wp-json\/wp\/v2\/users\/1"}],"replies":[{"embeddable":true,"href":"https:\/\/www.urlaubcornwall.de\/blog\/wp-json\/wp\/v2\/comments?post=40801"}],"version-history":[{"count":5,"href":"https:\/\/www.urlaubcornwall.de\/blog\/wp-json\/wp\/v2\/pages\/40801\/revisions"}],"predecessor-version":[{"id":50335,"href":"https:\/\/www.urlaubcornwall.de\/blog\/wp-json\/wp\/v2\/pages\/40801\/revisions\/50335"}],"wp:attachment":[{"href":"https:\/\/www.urlaubcornwall.de\/blog\/wp-json\/wp\/v2\/media?parent=40801"}],"curies":[{"name":"wp","href":"https:\/\/api.w.org\/{rel}","templated":true}]}}