{"id":40789,"date":"2020-09-23T08:30:15","date_gmt":"2020-09-23T08:30:15","guid":{"rendered":"https:\/\/www.urlaubcornwall.de\/blog\/?page_id=40789"},"modified":"2020-09-23T08:30:15","modified_gmt":"2020-09-23T08:30:15","slug":"guenstige-hotels-in-bude-nord-cornwall","status":"publish","type":"page","link":"https:\/\/www.urlaubcornwall.de\/blog\/guenstige-hotels-in-bude-nord-cornwall\/","title":{"rendered":"G\u00fcnstige Hotels in Bude &#8211; Nord Cornwall"},"content":{"rendered":"<p><img loading=\"lazy\" class=\"aligncenter size-full wp-image-35582\" src=\"https:\/\/www.urlaubcornwall.de\/blog\/wp-content\/uploads\/2019\/01\/Elements-Hotel-bude.jpg\" alt=\"Elements Hotel bude\" width=\"749\" height=\"500\" srcset=\"https:\/\/www.urlaubcornwall.de\/blog\/wp-content\/uploads\/2019\/01\/Elements-Hotel-bude.jpg 749w, https:\/\/www.urlaubcornwall.de\/blog\/wp-content\/uploads\/2019\/01\/Elements-Hotel-bude-300x200.jpg 300w\" sizes=\"(max-width: 749px) 100vw, 749px\" \/><\/p>\n<p>An der Nordk\u00fcste von Cornwall liegt das <a href=\"https:\/\/www.urlaubcornwall.de\/ferienhaeuser-fewos\/bude.html\">St\u00e4dtchen Bude<\/a>, ein lebhafter Famlienurlaubsort. Seine ber\u00fchmten weitfl\u00e4chigen Str\u00e4nde Summerleaze und Widemouth Bay zeichnen sich durch Gezeitent\u00fcmpel bei Ebbe und hohe, rollende Wellen f\u00fcr Surfer aus. In der N\u00e4he befindet sich der dramatische Hafen von Boscastle mit seinen hohen zerkl\u00fcfteten Klippen. <\/p>\n<div class=\"snippet\"> <a class=\"featured-item\" href=\" https:\/\/www.urlaubcornwall.de\/blog\/guenstige-elements-hotel-bude\/\"> <span class=\"image-holder\" style=\"background-image: url(' https:\/\/www.urlaubcornwall.de\/blog\/wp-content\/uploads\/2019\/01\/Elements-Hotel_bude.jpg');\"><\/span> <span class=\"featured-content\"> \n<h2 class=\"featured-title\"> Elements  Hotel<\/h2>\n<p class=\"featured-body\">Hoch auf der Felskuppe, zwischen Bude und Widemouth Bay, befindet sich das Elements Hotel und genie\u00dft durch seine eindrucksvolle Lage eine spektakul\u00e4re Aussicht&#8230;&#8230;. <\/p><\/span> <span class=\"featured-link-holder\"> <span class=\"featured-extra-info\"> \n<p>G\u00fcnstige Hotel in Bude <\/p>\n<\/span> \n<p class=\"featured-link\">DETAILS<\/p>\n<\/span> <\/a><\/div>\n<p>Klicken Sie hier, um sich unser vollst\u00e4ndiges Angebot der besten <a href=\"https:\/\/www.urlaubcornwall.de\/hotels.php\"><span style=\"text-decoration: underline;\">Hotels in Cornwall<\/span><\/a> anzusehen. <\/p>\n<p><ins class=\"bookingaff\" data-aid=\"1698128\" data-target_aid=\"1698128\" data-prod=\"map\" data-width=\"100%\" data-height=\"590\" data-lang=\"ualng\" data-dest_id=\"0\" data-dest_type=\"landmark\" data-latitude=\"50.415497\" data-longitude=\"-5.073719\" data-landmark_name=\"G\u00fcnstige Hotels in Cornwall\" data-mwhsb=\"1\"><br \/>\n    <!-- Anything inside will go away once widget is loaded. --><br \/>\n        <a href=\"\/\/www.booking.com?aid=1698128\" rel=\"nofollow\">Booking.com<\/a><br \/>\n<\/ins><br \/>\n<script type=\"text\/javascript\">\n    (function(d, sc, u) {\n      var s = d.createElement(sc), p = d.getElementsByTagName(sc)[0];\n      s.type = 'text\/javascript';\n      s.async = true;\n      s.src = u + '?v=' + (+new Date());\n      p.parentNode.insertBefore(s,p);\n      })(document, 'script', '\/\/aff.bstatic.com\/static\/affiliate_base\/js\/flexiproduct.js');\n<\/script><br \/>\nOder vielleicht ziehen Sie auch <a href=\"http:\/\/www.urlaubcornwall.de\/bed-and-breakfast.php\"><span style=\"text-decoration: underline;\"><strong>unsere handverlesenen B&amp;Bs<\/strong><\/span><\/a> in Erw\u00e4gung, die sich in Cornwall, Devon und S\u00fcdengland befinden und geradezu perfekt sind im Rahmen einer Rundreise.<\/p>\n","protected":false},"excerpt":{"rendered":"<p>An der Nordk\u00fcste von Cornwall liegt das St\u00e4dtchen Bude, ein lebhafter Famlienurlaubsort. Seine ber\u00fchmten weitfl\u00e4chigen Str\u00e4nde Summerleaze und Widemouth Bay zeichnen sich durch Gezeitent\u00fcmpel bei Ebbe und hohe, rollende Wellen f\u00fcr Surfer aus. In der N\u00e4he befindet sich der dramatische Hafen von Boscastle mit seinen hohen zerkl\u00fcfteten Klippen. Elements Hotel Hoch auf der Felskuppe, zwischen [&hellip;]<\/p>\n","protected":false},"author":1,"featured_media":0,"parent":0,"menu_order":0,"comment_status":"closed","ping_status":"closed","template":"single-four.php","meta":[],"acf":[],"yoast_head":"<!-- This site is optimized with the Yoast SEO plugin v19.4 - https:\/\/yoast.com\/wordpress\/plugins\/seo\/ -->\n<title>G\u00fcnstige Hotels in Bude - Nord Cornwall - Urlaub &amp; Reisen<\/title>\n<meta name=\"robots\" content=\"index, follow, max-snippet:-1, max-image-preview:large, max-video-preview:-1\" \/>\n<link rel=\"canonical\" href=\"https:\/\/www.urlaubcornwall.de\/blog\/guenstige-hotels-in-bude-nord-cornwall\/\" \/>\n<meta property=\"og:locale\" content=\"en_US\" \/>\n<meta property=\"og:type\" content=\"article\" \/>\n<meta property=\"og:title\" content=\"G\u00fcnstige Hotels in Bude - Nord Cornwall - Urlaub &amp; Reisen\" \/>\n<meta property=\"og:description\" content=\"An der Nordk\u00fcste von Cornwall liegt das St\u00e4dtchen Bude, ein lebhafter Famlienurlaubsort. Seine ber\u00fchmten weitfl\u00e4chigen Str\u00e4nde Summerleaze und Widemouth Bay zeichnen sich durch Gezeitent\u00fcmpel bei Ebbe und hohe, rollende Wellen f\u00fcr Surfer aus. In der N\u00e4he befindet sich der dramatische Hafen von Boscastle mit seinen hohen zerkl\u00fcfteten Klippen. Elements Hotel Hoch auf der Felskuppe, zwischen [&hellip;]\" \/>\n<meta property=\"og:url\" content=\"https:\/\/www.urlaubcornwall.de\/blog\/guenstige-hotels-in-bude-nord-cornwall\/\" \/>\n<meta property=\"og:site_name\" content=\"Urlaub &amp; Reisen\" \/>\n<meta property=\"og:image\" content=\"https:\/\/www.urlaubcornwall.de\/blog\/wp-content\/uploads\/2019\/01\/Elements-Hotel-bude.jpg\" \/>\n<meta name=\"twitter:card\" content=\"summary\" \/>\n<meta name=\"twitter:label1\" content=\"Est. reading time\" \/>\n\t<meta name=\"twitter:data1\" content=\"1 minute\" \/>\n<script type=\"application\/ld+json\" class=\"yoast-schema-graph\">{\"@context\":\"https:\/\/schema.org\",\"@graph\":[{\"@type\":\"WebSite\",\"@id\":\"https:\/\/www.urlaubcornwall.de\/blog\/#website\",\"url\":\"https:\/\/www.urlaubcornwall.de\/blog\/\",\"name\":\"Urlaub &amp; Reisen\",\"description\":\"Urlaub, Reisen, Cornwall und S\u00fcdengland: eine perfekte Kombination\",\"potentialAction\":[{\"@type\":\"SearchAction\",\"target\":{\"@type\":\"EntryPoint\",\"urlTemplate\":\"https:\/\/www.urlaubcornwall.de\/blog\/?s={search_term_string}\"},\"query-input\":\"required name=search_term_string\"}],\"inLanguage\":\"en-US\"},{\"@type\":\"WebPage\",\"@id\":\"https:\/\/www.urlaubcornwall.de\/blog\/guenstige-hotels-in-bude-nord-cornwall\/\",\"url\":\"https:\/\/www.urlaubcornwall.de\/blog\/guenstige-hotels-in-bude-nord-cornwall\/\",\"name\":\"G\u00fcnstige Hotels in Bude - Nord Cornwall - Urlaub &amp; Reisen\",\"isPartOf\":{\"@id\":\"https:\/\/www.urlaubcornwall.de\/blog\/#website\"},\"datePublished\":\"2020-09-23T08:30:15+00:00\",\"dateModified\":\"2020-09-23T08:30:15+00:00\",\"breadcrumb\":{\"@id\":\"https:\/\/www.urlaubcornwall.de\/blog\/guenstige-hotels-in-bude-nord-cornwall\/#breadcrumb\"},\"inLanguage\":\"en-US\",\"potentialAction\":[{\"@type\":\"ReadAction\",\"target\":[\"https:\/\/www.urlaubcornwall.de\/blog\/guenstige-hotels-in-bude-nord-cornwall\/\"]}]},{\"@type\":\"BreadcrumbList\",\"@id\":\"https:\/\/www.urlaubcornwall.de\/blog\/guenstige-hotels-in-bude-nord-cornwall\/#breadcrumb\",\"itemListElement\":[{\"@type\":\"ListItem\",\"position\":1,\"name\":\"Home\",\"item\":\"https:\/\/www.urlaubcornwall.de\/blog\/\"},{\"@type\":\"ListItem\",\"position\":2,\"name\":\"G\u00fcnstige Hotels in Bude &#8211; Nord Cornwall\"}]}]}<\/script>\n<!-- \/ Yoast SEO plugin. -->","yoast_head_json":{"title":"G\u00fcnstige Hotels in Bude - Nord Cornwall - Urlaub &amp; Reisen","robots":{"index":"index","follow":"follow","max-snippet":"max-snippet:-1","max-image-preview":"max-image-preview:large","max-video-preview":"max-video-preview:-1"},"canonical":"https:\/\/www.urlaubcornwall.de\/blog\/guenstige-hotels-in-bude-nord-cornwall\/","og_locale":"en_US","og_type":"article","og_title":"G\u00fcnstige Hotels in Bude - Nord Cornwall - Urlaub &amp; Reisen","og_description":"An der Nordk\u00fcste von Cornwall liegt das St\u00e4dtchen Bude, ein lebhafter Famlienurlaubsort. Seine ber\u00fchmten weitfl\u00e4chigen Str\u00e4nde Summerleaze und Widemouth Bay zeichnen sich durch Gezeitent\u00fcmpel bei Ebbe und hohe, rollende Wellen f\u00fcr Surfer aus. In der N\u00e4he befindet sich der dramatische Hafen von Boscastle mit seinen hohen zerkl\u00fcfteten Klippen. Elements Hotel Hoch auf der Felskuppe, zwischen [&hellip;]","og_url":"https:\/\/www.urlaubcornwall.de\/blog\/guenstige-hotels-in-bude-nord-cornwall\/","og_site_name":"Urlaub &amp; Reisen","og_image":[{"url":"https:\/\/www.urlaubcornwall.de\/blog\/wp-content\/uploads\/2019\/01\/Elements-Hotel-bude.jpg"}],"twitter_card":"summary","twitter_misc":{"Est. reading time":"1 minute"},"schema":{"@context":"https:\/\/schema.org","@graph":[{"@type":"WebSite","@id":"https:\/\/www.urlaubcornwall.de\/blog\/#website","url":"https:\/\/www.urlaubcornwall.de\/blog\/","name":"Urlaub &amp; Reisen","description":"Urlaub, Reisen, Cornwall und S\u00fcdengland: eine perfekte Kombination","potentialAction":[{"@type":"SearchAction","target":{"@type":"EntryPoint","urlTemplate":"https:\/\/www.urlaubcornwall.de\/blog\/?s={search_term_string}"},"query-input":"required name=search_term_string"}],"inLanguage":"en-US"},{"@type":"WebPage","@id":"https:\/\/www.urlaubcornwall.de\/blog\/guenstige-hotels-in-bude-nord-cornwall\/","url":"https:\/\/www.urlaubcornwall.de\/blog\/guenstige-hotels-in-bude-nord-cornwall\/","name":"G\u00fcnstige Hotels in Bude - Nord Cornwall - Urlaub &amp; Reisen","isPartOf":{"@id":"https:\/\/www.urlaubcornwall.de\/blog\/#website"},"datePublished":"2020-09-23T08:30:15+00:00","dateModified":"2020-09-23T08:30:15+00:00","breadcrumb":{"@id":"https:\/\/www.urlaubcornwall.de\/blog\/guenstige-hotels-in-bude-nord-cornwall\/#breadcrumb"},"inLanguage":"en-US","potentialAction":[{"@type":"ReadAction","target":["https:\/\/www.urlaubcornwall.de\/blog\/guenstige-hotels-in-bude-nord-cornwall\/"]}]},{"@type":"BreadcrumbList","@id":"https:\/\/www.urlaubcornwall.de\/blog\/guenstige-hotels-in-bude-nord-cornwall\/#breadcrumb","itemListElement":[{"@type":"ListItem","position":1,"name":"Home","item":"https:\/\/www.urlaubcornwall.de\/blog\/"},{"@type":"ListItem","position":2,"name":"G\u00fcnstige Hotels in Bude &#8211; Nord Cornwall"}]}]}},"_links":{"self":[{"href":"https:\/\/www.urlaubcornwall.de\/blog\/wp-json\/wp\/v2\/pages\/40789"}],"collection":[{"href":"https:\/\/www.urlaubcornwall.de\/blog\/wp-json\/wp\/v2\/pages"}],"about":[{"href":"https:\/\/www.urlaubcornwall.de\/blog\/wp-json\/wp\/v2\/types\/page"}],"author":[{"embeddable":true,"href":"https:\/\/www.urlaubcornwall.de\/blog\/wp-json\/wp\/v2\/users\/1"}],"replies":[{"embeddable":true,"href":"https:\/\/www.urlaubcornwall.de\/blog\/wp-json\/wp\/v2\/comments?post=40789"}],"version-history":[{"count":1,"href":"https:\/\/www.urlaubcornwall.de\/blog\/wp-json\/wp\/v2\/pages\/40789\/revisions"}],"predecessor-version":[{"id":40790,"href":"https:\/\/www.urlaubcornwall.de\/blog\/wp-json\/wp\/v2\/pages\/40789\/revisions\/40790"}],"wp:attachment":[{"href":"https:\/\/www.urlaubcornwall.de\/blog\/wp-json\/wp\/v2\/media?parent=40789"}],"curies":[{"name":"wp","href":"https:\/\/api.w.org\/{rel}","templated":true}]}}