{"id":40763,"date":"2020-09-22T09:54:25","date_gmt":"2020-09-22T09:54:25","guid":{"rendered":"https:\/\/www.urlaubcornwall.de\/blog\/?page_id=40763"},"modified":"2020-09-22T09:54:25","modified_gmt":"2020-09-22T09:54:25","slug":"strandhotels-in-newquay-urlaub-am-meer","status":"publish","type":"page","link":"https:\/\/www.urlaubcornwall.de\/blog\/strandhotels-in-newquay-urlaub-am-meer\/","title":{"rendered":"Strandhotels in Newquay &#8211; Urlaub am Meer"},"content":{"rendered":"<p><img loading=\"lazy\" class=\"aligncenter size-full wp-image-40133\" src=\"https:\/\/www.urlaubcornwall.de\/blog\/wp-content\/uploads\/2020\/05\/towan-strand-newquay-rotated.jpg\" alt=\"towan strand newquay\" width=\"750\" height=\"562\" srcset=\"https:\/\/www.urlaubcornwall.de\/blog\/wp-content\/uploads\/2020\/05\/towan-strand-newquay-rotated.jpg 750w, https:\/\/www.urlaubcornwall.de\/blog\/wp-content\/uploads\/2020\/05\/towan-strand-newquay-300x225.jpg 300w\" sizes=\"(max-width: 750px) 100vw, 750px\" \/><\/p>\n<p>Als zweifelsohne die lebendigste Stadt an der Nordk\u00fcste sorgt <a href=\"https:\/\/www.urlaubcornwall.de\/ferienhaeuser-fewos\/newquay.html\">Newquay<\/a> sowohl f\u00fcr junge Nachtschw\u00e4rmer als auch Familien. Es gibt gro\u00dfartige Surfm\u00f6glichkeiten, jede Menge gesch\u00e4ftiger Kneipen und Caf\u00e9s, und es ist ein Paradies f\u00fcr Surf Lifestyle Shopping. <\/p>\n<div class=\"snippet\"> <a class=\"featured-item\" href=\" https:\/\/www.urlaubcornwall.de\/blog\/hotel-bristol-ein-charmantes-traditionelles-hotel-direkt-am-strand-von-newquay\/\"> <span class=\"image-holder\" style=\"background-image: url(' https:\/\/www.urlaubcornwall.de\/blog\/wp-content\/uploads\/2019\/01\/hotel-bristol-newquay-cornwall.jpg');\"><\/span> <span class=\"featured-content\"> \n<h2 class=\"featured-title\">Hotel Bristol in Newquay<\/h2>\n<p class=\"featured-body\">Das Hotel wird schon seit den 1920er Jahren von einer Familie gef\u00fchrt &#8211; jetzt schon in der 4. Generation &#8211; und bietet traditionellen englischen Charme mit vielen originalen Jugendstil-Elementen&#8230;&#8230;. <\/p><\/span> <span class=\"featured-link-holder\"> <span class=\"featured-extra-info\"> \n<p>Ein charmantes, traditionelles Hotel direkt am Strand<\/p>\n<\/span> \n<p class=\"featured-link\">DETAILS<\/p>\n<\/span> <\/a><\/div>\n<div class=\"snippet\"> <a class=\"featured-item\" href=\" https:\/\/www.urlaubcornwall.de\/blog\/das-sands-resort-in-newquay-ein-preisgekroentes-familienhotel-an-der-nordkueste-cornwalls\/ \"> <span class=\"image-holder\" style=\"background-image: url(' https:\/\/www.urlaubcornwall.de\/blog\/wp-content\/uploads\/2019\/01\/sands-resort-hotel-am-meer-newquay.jpg');\"><\/span> <span class=\"featured-content\"> \n<h2 class=\"featured-title\">Sands Resort in Newquay<\/h2>\n<p class=\"featured-body\">Sands Resort Hotel &#038; Spa befindet sich lediglich einen kurzen Spaziergang entfernt vom Strand und weist eine entspannte, freundliche Atmosph\u00e4re auf. Dazu gibt es ausgezeichnete Angebote, einschlie\u00dflich einiger Pools&#8230;&#8230; <\/p><\/span> <span class=\"featured-link-holder\"> <span class=\"featured-extra-info\"> \n<p>Ein modernes und kosteng\u00fcnstiges Kinderhotel<\/p>\n<\/span> \n<p class=\"featured-link\">DETAILS<\/p>\n<\/span> <\/a><\/div>\n<p>Klicken Sie hier, um sich unser vollst\u00e4ndiges Angebot der besten <a href=\"https:\/\/www.urlaubcornwall.de\/hotels.php\"><span style=\"text-decoration: underline;\">Hotels in Cornwall<\/span><\/a> anzusehen. <\/p>\n<p><ins class=\"bookingaff\" data-aid=\"1698128\" data-target_aid=\"1698128\" data-prod=\"map\" data-width=\"100%\" data-height=\"590\" data-lang=\"ualng\" data-dest_id=\"0\" data-dest_type=\"landmark\" data-latitude=\"50.415497\" data-longitude=\"-5.073719\" data-landmark_name=\"G\u00fcnstige Hotels in Cornwall\" data-mwhsb=\"1\"><br \/>\n    <!-- Anything inside will go away once widget is loaded. --><br \/>\n        <a href=\"\/\/www.booking.com?aid=1698128\" rel=\"nofollow\">Booking.com<\/a><br \/>\n<\/ins><br \/>\n<script type=\"text\/javascript\">\n    (function(d, sc, u) {\n      var s = d.createElement(sc), p = d.getElementsByTagName(sc)[0];\n      s.type = 'text\/javascript';\n      s.async = true;\n      s.src = u + '?v=' + (+new Date());\n      p.parentNode.insertBefore(s,p);\n      })(document, 'script', '\/\/aff.bstatic.com\/static\/affiliate_base\/js\/flexiproduct.js');\n<\/script><br \/>\nOder vielleicht ziehen Sie auch <a href=\"http:\/\/www.urlaubcornwall.de\/bed-and-breakfast.php\"><span style=\"text-decoration: underline;\"><strong>unsere handverlesenen B&amp;Bs<\/strong><\/span><\/a> in Erw\u00e4gung, die sich in Cornwall, Devon und S\u00fcdengland befinden und geradezu perfekt sind im Rahmen einer Rundreise.<\/p>\n","protected":false},"excerpt":{"rendered":"<p>Als zweifelsohne die lebendigste Stadt an der Nordk\u00fcste sorgt Newquay sowohl f\u00fcr junge Nachtschw\u00e4rmer als auch Familien. Es gibt gro\u00dfartige Surfm\u00f6glichkeiten, jede Menge gesch\u00e4ftiger Kneipen und Caf\u00e9s, und es ist ein Paradies f\u00fcr Surf Lifestyle Shopping. Hotel Bristol in Newquay Das Hotel wird schon seit den 1920er Jahren von einer Familie gef\u00fchrt &#8211; jetzt schon [&hellip;]<\/p>\n","protected":false},"author":1,"featured_media":0,"parent":0,"menu_order":0,"comment_status":"closed","ping_status":"closed","template":"single-four.php","meta":[],"acf":[],"yoast_head":"<!-- This site is optimized with the Yoast SEO plugin v19.4 - https:\/\/yoast.com\/wordpress\/plugins\/seo\/ -->\n<title>Strandhotels in Newquay - Urlaub am Meer - Urlaub &amp; Reisen<\/title>\n<meta name=\"robots\" content=\"index, follow, max-snippet:-1, max-image-preview:large, max-video-preview:-1\" \/>\n<link rel=\"canonical\" href=\"https:\/\/www.urlaubcornwall.de\/blog\/strandhotels-in-newquay-urlaub-am-meer\/\" \/>\n<meta property=\"og:locale\" content=\"en_US\" \/>\n<meta property=\"og:type\" content=\"article\" \/>\n<meta property=\"og:title\" content=\"Strandhotels in Newquay - Urlaub am Meer - Urlaub &amp; Reisen\" \/>\n<meta property=\"og:description\" content=\"Als zweifelsohne die lebendigste Stadt an der Nordk\u00fcste sorgt Newquay sowohl f\u00fcr junge Nachtschw\u00e4rmer als auch Familien. Es gibt gro\u00dfartige Surfm\u00f6glichkeiten, jede Menge gesch\u00e4ftiger Kneipen und Caf\u00e9s, und es ist ein Paradies f\u00fcr Surf Lifestyle Shopping. Hotel Bristol in Newquay Das Hotel wird schon seit den 1920er Jahren von einer Familie gef\u00fchrt &#8211; jetzt schon [&hellip;]\" \/>\n<meta property=\"og:url\" content=\"https:\/\/www.urlaubcornwall.de\/blog\/strandhotels-in-newquay-urlaub-am-meer\/\" \/>\n<meta property=\"og:site_name\" content=\"Urlaub &amp; Reisen\" \/>\n<meta property=\"og:image\" content=\"https:\/\/www.urlaubcornwall.de\/blog\/wp-content\/uploads\/2020\/05\/towan-strand-newquay-rotated.jpg\" \/>\n<meta name=\"twitter:card\" content=\"summary\" \/>\n<meta name=\"twitter:label1\" content=\"Est. reading time\" \/>\n\t<meta name=\"twitter:data1\" content=\"1 minute\" \/>\n<script type=\"application\/ld+json\" class=\"yoast-schema-graph\">{\"@context\":\"https:\/\/schema.org\",\"@graph\":[{\"@type\":\"WebSite\",\"@id\":\"https:\/\/www.urlaubcornwall.de\/blog\/#website\",\"url\":\"https:\/\/www.urlaubcornwall.de\/blog\/\",\"name\":\"Urlaub &amp; Reisen\",\"description\":\"Urlaub, Reisen, Cornwall und S\u00fcdengland: eine perfekte Kombination\",\"potentialAction\":[{\"@type\":\"SearchAction\",\"target\":{\"@type\":\"EntryPoint\",\"urlTemplate\":\"https:\/\/www.urlaubcornwall.de\/blog\/?s={search_term_string}\"},\"query-input\":\"required name=search_term_string\"}],\"inLanguage\":\"en-US\"},{\"@type\":\"WebPage\",\"@id\":\"https:\/\/www.urlaubcornwall.de\/blog\/strandhotels-in-newquay-urlaub-am-meer\/\",\"url\":\"https:\/\/www.urlaubcornwall.de\/blog\/strandhotels-in-newquay-urlaub-am-meer\/\",\"name\":\"Strandhotels in Newquay - Urlaub am Meer - Urlaub &amp; Reisen\",\"isPartOf\":{\"@id\":\"https:\/\/www.urlaubcornwall.de\/blog\/#website\"},\"datePublished\":\"2020-09-22T09:54:25+00:00\",\"dateModified\":\"2020-09-22T09:54:25+00:00\",\"breadcrumb\":{\"@id\":\"https:\/\/www.urlaubcornwall.de\/blog\/strandhotels-in-newquay-urlaub-am-meer\/#breadcrumb\"},\"inLanguage\":\"en-US\",\"potentialAction\":[{\"@type\":\"ReadAction\",\"target\":[\"https:\/\/www.urlaubcornwall.de\/blog\/strandhotels-in-newquay-urlaub-am-meer\/\"]}]},{\"@type\":\"BreadcrumbList\",\"@id\":\"https:\/\/www.urlaubcornwall.de\/blog\/strandhotels-in-newquay-urlaub-am-meer\/#breadcrumb\",\"itemListElement\":[{\"@type\":\"ListItem\",\"position\":1,\"name\":\"Home\",\"item\":\"https:\/\/www.urlaubcornwall.de\/blog\/\"},{\"@type\":\"ListItem\",\"position\":2,\"name\":\"Strandhotels in Newquay &#8211; Urlaub am Meer\"}]}]}<\/script>\n<!-- \/ Yoast SEO plugin. -->","yoast_head_json":{"title":"Strandhotels in Newquay - Urlaub am Meer - Urlaub &amp; Reisen","robots":{"index":"index","follow":"follow","max-snippet":"max-snippet:-1","max-image-preview":"max-image-preview:large","max-video-preview":"max-video-preview:-1"},"canonical":"https:\/\/www.urlaubcornwall.de\/blog\/strandhotels-in-newquay-urlaub-am-meer\/","og_locale":"en_US","og_type":"article","og_title":"Strandhotels in Newquay - Urlaub am Meer - Urlaub &amp; Reisen","og_description":"Als zweifelsohne die lebendigste Stadt an der Nordk\u00fcste sorgt Newquay sowohl f\u00fcr junge Nachtschw\u00e4rmer als auch Familien. Es gibt gro\u00dfartige Surfm\u00f6glichkeiten, jede Menge gesch\u00e4ftiger Kneipen und Caf\u00e9s, und es ist ein Paradies f\u00fcr Surf Lifestyle Shopping. Hotel Bristol in Newquay Das Hotel wird schon seit den 1920er Jahren von einer Familie gef\u00fchrt &#8211; jetzt schon [&hellip;]","og_url":"https:\/\/www.urlaubcornwall.de\/blog\/strandhotels-in-newquay-urlaub-am-meer\/","og_site_name":"Urlaub &amp; Reisen","og_image":[{"url":"https:\/\/www.urlaubcornwall.de\/blog\/wp-content\/uploads\/2020\/05\/towan-strand-newquay-rotated.jpg"}],"twitter_card":"summary","twitter_misc":{"Est. reading time":"1 minute"},"schema":{"@context":"https:\/\/schema.org","@graph":[{"@type":"WebSite","@id":"https:\/\/www.urlaubcornwall.de\/blog\/#website","url":"https:\/\/www.urlaubcornwall.de\/blog\/","name":"Urlaub &amp; Reisen","description":"Urlaub, Reisen, Cornwall und S\u00fcdengland: eine perfekte Kombination","potentialAction":[{"@type":"SearchAction","target":{"@type":"EntryPoint","urlTemplate":"https:\/\/www.urlaubcornwall.de\/blog\/?s={search_term_string}"},"query-input":"required name=search_term_string"}],"inLanguage":"en-US"},{"@type":"WebPage","@id":"https:\/\/www.urlaubcornwall.de\/blog\/strandhotels-in-newquay-urlaub-am-meer\/","url":"https:\/\/www.urlaubcornwall.de\/blog\/strandhotels-in-newquay-urlaub-am-meer\/","name":"Strandhotels in Newquay - Urlaub am Meer - Urlaub &amp; Reisen","isPartOf":{"@id":"https:\/\/www.urlaubcornwall.de\/blog\/#website"},"datePublished":"2020-09-22T09:54:25+00:00","dateModified":"2020-09-22T09:54:25+00:00","breadcrumb":{"@id":"https:\/\/www.urlaubcornwall.de\/blog\/strandhotels-in-newquay-urlaub-am-meer\/#breadcrumb"},"inLanguage":"en-US","potentialAction":[{"@type":"ReadAction","target":["https:\/\/www.urlaubcornwall.de\/blog\/strandhotels-in-newquay-urlaub-am-meer\/"]}]},{"@type":"BreadcrumbList","@id":"https:\/\/www.urlaubcornwall.de\/blog\/strandhotels-in-newquay-urlaub-am-meer\/#breadcrumb","itemListElement":[{"@type":"ListItem","position":1,"name":"Home","item":"https:\/\/www.urlaubcornwall.de\/blog\/"},{"@type":"ListItem","position":2,"name":"Strandhotels in Newquay &#8211; Urlaub am Meer"}]}]}},"_links":{"self":[{"href":"https:\/\/www.urlaubcornwall.de\/blog\/wp-json\/wp\/v2\/pages\/40763"}],"collection":[{"href":"https:\/\/www.urlaubcornwall.de\/blog\/wp-json\/wp\/v2\/pages"}],"about":[{"href":"https:\/\/www.urlaubcornwall.de\/blog\/wp-json\/wp\/v2\/types\/page"}],"author":[{"embeddable":true,"href":"https:\/\/www.urlaubcornwall.de\/blog\/wp-json\/wp\/v2\/users\/1"}],"replies":[{"embeddable":true,"href":"https:\/\/www.urlaubcornwall.de\/blog\/wp-json\/wp\/v2\/comments?post=40763"}],"version-history":[{"count":1,"href":"https:\/\/www.urlaubcornwall.de\/blog\/wp-json\/wp\/v2\/pages\/40763\/revisions"}],"predecessor-version":[{"id":40764,"href":"https:\/\/www.urlaubcornwall.de\/blog\/wp-json\/wp\/v2\/pages\/40763\/revisions\/40764"}],"wp:attachment":[{"href":"https:\/\/www.urlaubcornwall.de\/blog\/wp-json\/wp\/v2\/media?parent=40763"}],"curies":[{"name":"wp","href":"https:\/\/api.w.org\/{rel}","templated":true}]}}