{"id":40761,"date":"2020-09-22T09:43:57","date_gmt":"2020-09-22T09:43:57","guid":{"rendered":"https:\/\/www.urlaubcornwall.de\/blog\/?page_id=40761"},"modified":"2024-05-30T10:58:08","modified_gmt":"2024-05-30T10:58:08","slug":"guenstige-hotels-st-michaels-mount-marazion","status":"publish","type":"page","link":"https:\/\/www.urlaubcornwall.de\/blog\/guenstige-hotels-st-michaels-mount-marazion\/","title":{"rendered":"G\u00fcnstige Hotels St Michael&#8217;s Mount &#8211; Marazion"},"content":{"rendered":"<p><img loading=\"lazy\" class=\"aligncenter size-full wp-image-47921\" src=\"hhttps:\/\/www.urlaubcornwall.de\/blog\/wp-content\/uploads\/2024\/03\/marazion_und-st-michaels-mount-1.jpg\" alt=\"marazion_und st michaels mount\" width=\"750\" height=\"500\" srcset=\"https:\/\/www.urlaubcornwall.de\/blog\/wp-content\/uploads\/2024\/03\/marazion_und-st-michaels-mount-1.jpg 750w, https:\/\/www.urlaubcornwall.de\/blog\/wp-content\/uploads\/2024\/03\/marazion_und-st-michaels-mount-1-300x200.jpg 300w\" sizes=\"(max-width: 750px) 100vw, 750px\" \/><\/p>\n<p>Diese ikonische felsige Insel mit ihrer mittelalterlichen Kirche und dem Schloss ist noch immer das Zuhause der St Aubyn Familie und einer Gemeinde von circa 30 Inselbewohnern. Es gibt einen subtropischen, terrassenf\u00f6rmig angelegten Garten zu erkunden, und von den Schlosszinnen aus haben Sie einen spektakul\u00e4ren Blick \u00fcber die Mounts Bucht und die Lizard Halbinsel. Bei Ebbe k\u00f6nnen Sie von Marazion aus \u00fcber den alten gepflasterten Steg gehen. Bei Flut werden Sie mit einem Boot zur Insel gebracht.<\/p>\n<div class=\"snippet\"> <a class=\"featured-item\" href=\" https:\/\/www.urlaubcornwall.de\/blog\/hotel-am-meer-st-michaels-mount-godolphin-arms-marazion-westcornwall\/\"> <span class=\"image-holder\" style=\"background-image: url(' https:\/\/www.urlaubcornwall.de\/blog\/wp-content\/uploads\/2024\/03\/marazion_und-st-michaels-mount-1.jpg');\"><\/span> <span class=\"featured-content\"> \n<h2 class=\"featured-title\"> Godolphin Arms Hotel<\/h2>\n<p class=\"featured-body\">Godolphin Arms liegt am Ufer der Mounts Bucht an einem zwei Meilen langen Strand der historischen Marktstadt Marazion bei Penzance in Westcornwall. Mit Blick \u00fcber den wundersch\u00f6nen St Michaels Mount&#8230;&#8230;.. <\/p><\/span> <span class=\"featured-link-holder\"> <span class=\"featured-extra-info\"> \n<p>Stilvolle en-Suite-Schlafzimmer <\/p>\n<\/span> \n<p class=\"featured-link\">DETAILS<\/p>\n<\/span> <\/a><\/div>\n<p>Klicken Sie hier, um sich unser vollst\u00e4ndiges Angebot der besten <a href=\"https:\/\/www.urlaubcornwall.de\/hotels.php\"><span style=\"text-decoration: underline;\">Hotels in Cornwall<\/span><\/a> anzusehen. <\/p>\n<p><ins class=\"bookingaff\" data-aid=\"1698128\" data-target_aid=\"1698128\" data-prod=\"map\" data-width=\"100%\" data-height=\"590\" data-lang=\"ualng\" data-dest_id=\"0\" data-dest_type=\"landmark\" data-latitude=\"50.415497\" data-longitude=\"-5.073719\" data-landmark_name=\"G\u00fcnstige Hotels in Cornwall\" data-mwhsb=\"1\"><br \/>\n    <!-- Anything inside will go away once widget is loaded. --><br \/>\n        <a href=\"\/\/www.booking.com?aid=1698128\" rel=\"nofollow\">Booking.com<\/a><br \/>\n<\/ins><br \/>\n<script type=\"text\/javascript\">\n    (function(d, sc, u) {\n      var s = d.createElement(sc), p = d.getElementsByTagName(sc)[0];\n      s.type = 'text\/javascript';\n      s.async = true;\n      s.src = u + '?v=' + (+new Date());\n      p.parentNode.insertBefore(s,p);\n      })(document, 'script', '\/\/aff.bstatic.com\/static\/affiliate_base\/js\/flexiproduct.js');\n<\/script><br \/>\nOder vielleicht ziehen Sie auch <a href=\"http:\/\/www.urlaubcornwall.de\/bed-and-breakfast.php\"><span style=\"text-decoration: underline;\"><strong>unsere handverlesenen B&amp;Bs<\/strong><\/span><\/a> in Erw\u00e4gung, die sich in Cornwall, Devon und S\u00fcdengland befinden und geradezu perfekt sind im Rahmen einer Rundreise.<\/p>\n","protected":false},"excerpt":{"rendered":"<p>Diese ikonische felsige Insel mit ihrer mittelalterlichen Kirche und dem Schloss ist noch immer das Zuhause der St Aubyn Familie und einer Gemeinde von circa 30 Inselbewohnern. Es gibt einen subtropischen, terrassenf\u00f6rmig angelegten Garten zu erkunden, und von den Schlosszinnen aus haben Sie einen spektakul\u00e4ren Blick \u00fcber die Mounts Bucht und die Lizard Halbinsel. Bei [&hellip;]<\/p>\n","protected":false},"author":1,"featured_media":0,"parent":0,"menu_order":0,"comment_status":"closed","ping_status":"closed","template":"single-four.php","meta":[],"acf":[],"yoast_head":"<!-- This site is optimized with the Yoast SEO plugin v19.4 - https:\/\/yoast.com\/wordpress\/plugins\/seo\/ -->\n<title>G\u00fcnstige Hotels St Michael&#039;s Mount - Marazion - Urlaub &amp; Reisen<\/title>\n<meta name=\"robots\" content=\"index, follow, max-snippet:-1, max-image-preview:large, max-video-preview:-1\" \/>\n<link rel=\"canonical\" href=\"https:\/\/www.urlaubcornwall.de\/blog\/guenstige-hotels-st-michaels-mount-marazion\/\" \/>\n<meta property=\"og:locale\" content=\"en_US\" \/>\n<meta property=\"og:type\" content=\"article\" \/>\n<meta property=\"og:title\" content=\"G\u00fcnstige Hotels St Michael&#039;s Mount - Marazion - Urlaub &amp; Reisen\" \/>\n<meta property=\"og:description\" content=\"Diese ikonische felsige Insel mit ihrer mittelalterlichen Kirche und dem Schloss ist noch immer das Zuhause der St Aubyn Familie und einer Gemeinde von circa 30 Inselbewohnern. Es gibt einen subtropischen, terrassenf\u00f6rmig angelegten Garten zu erkunden, und von den Schlosszinnen aus haben Sie einen spektakul\u00e4ren Blick \u00fcber die Mounts Bucht und die Lizard Halbinsel. Bei [&hellip;]\" \/>\n<meta property=\"og:url\" content=\"https:\/\/www.urlaubcornwall.de\/blog\/guenstige-hotels-st-michaels-mount-marazion\/\" \/>\n<meta property=\"og:site_name\" content=\"Urlaub &amp; Reisen\" \/>\n<meta property=\"article:modified_time\" content=\"2024-05-30T10:58:08+00:00\" \/>\n<meta property=\"og:image\" content=\"\" \/>\n<meta name=\"twitter:card\" content=\"summary\" \/>\n<meta name=\"twitter:label1\" content=\"Est. reading time\" \/>\n\t<meta name=\"twitter:data1\" content=\"1 minute\" \/>\n<script type=\"application\/ld+json\" class=\"yoast-schema-graph\">{\"@context\":\"https:\/\/schema.org\",\"@graph\":[{\"@type\":\"WebSite\",\"@id\":\"https:\/\/www.urlaubcornwall.de\/blog\/#website\",\"url\":\"https:\/\/www.urlaubcornwall.de\/blog\/\",\"name\":\"Urlaub &amp; Reisen\",\"description\":\"Urlaub, Reisen, Cornwall und S\u00fcdengland: eine perfekte Kombination\",\"potentialAction\":[{\"@type\":\"SearchAction\",\"target\":{\"@type\":\"EntryPoint\",\"urlTemplate\":\"https:\/\/www.urlaubcornwall.de\/blog\/?s={search_term_string}\"},\"query-input\":\"required name=search_term_string\"}],\"inLanguage\":\"en-US\"},{\"@type\":\"WebPage\",\"@id\":\"https:\/\/www.urlaubcornwall.de\/blog\/guenstige-hotels-st-michaels-mount-marazion\/\",\"url\":\"https:\/\/www.urlaubcornwall.de\/blog\/guenstige-hotels-st-michaels-mount-marazion\/\",\"name\":\"G\u00fcnstige Hotels St Michael's Mount - Marazion - Urlaub &amp; Reisen\",\"isPartOf\":{\"@id\":\"https:\/\/www.urlaubcornwall.de\/blog\/#website\"},\"datePublished\":\"2020-09-22T09:43:57+00:00\",\"dateModified\":\"2024-05-30T10:58:08+00:00\",\"breadcrumb\":{\"@id\":\"https:\/\/www.urlaubcornwall.de\/blog\/guenstige-hotels-st-michaels-mount-marazion\/#breadcrumb\"},\"inLanguage\":\"en-US\",\"potentialAction\":[{\"@type\":\"ReadAction\",\"target\":[\"https:\/\/www.urlaubcornwall.de\/blog\/guenstige-hotels-st-michaels-mount-marazion\/\"]}]},{\"@type\":\"BreadcrumbList\",\"@id\":\"https:\/\/www.urlaubcornwall.de\/blog\/guenstige-hotels-st-michaels-mount-marazion\/#breadcrumb\",\"itemListElement\":[{\"@type\":\"ListItem\",\"position\":1,\"name\":\"Home\",\"item\":\"https:\/\/www.urlaubcornwall.de\/blog\/\"},{\"@type\":\"ListItem\",\"position\":2,\"name\":\"G\u00fcnstige Hotels St Michael&#8217;s Mount &#8211; Marazion\"}]}]}<\/script>\n<!-- \/ Yoast SEO plugin. -->","yoast_head_json":{"title":"G\u00fcnstige Hotels St Michael's Mount - Marazion - Urlaub &amp; Reisen","robots":{"index":"index","follow":"follow","max-snippet":"max-snippet:-1","max-image-preview":"max-image-preview:large","max-video-preview":"max-video-preview:-1"},"canonical":"https:\/\/www.urlaubcornwall.de\/blog\/guenstige-hotels-st-michaels-mount-marazion\/","og_locale":"en_US","og_type":"article","og_title":"G\u00fcnstige Hotels St Michael's Mount - Marazion - Urlaub &amp; Reisen","og_description":"Diese ikonische felsige Insel mit ihrer mittelalterlichen Kirche und dem Schloss ist noch immer das Zuhause der St Aubyn Familie und einer Gemeinde von circa 30 Inselbewohnern. Es gibt einen subtropischen, terrassenf\u00f6rmig angelegten Garten zu erkunden, und von den Schlosszinnen aus haben Sie einen spektakul\u00e4ren Blick \u00fcber die Mounts Bucht und die Lizard Halbinsel. Bei [&hellip;]","og_url":"https:\/\/www.urlaubcornwall.de\/blog\/guenstige-hotels-st-michaels-mount-marazion\/","og_site_name":"Urlaub &amp; Reisen","article_modified_time":"2024-05-30T10:58:08+00:00","og_image":[{"url":"hhttps:\/\/www.urlaubcornwall.de\/blog\/wp-content\/uploads\/2024\/03\/marazion_und-st-michaels-mount-1.jpg"}],"twitter_card":"summary","twitter_misc":{"Est. reading time":"1 minute"},"schema":{"@context":"https:\/\/schema.org","@graph":[{"@type":"WebSite","@id":"https:\/\/www.urlaubcornwall.de\/blog\/#website","url":"https:\/\/www.urlaubcornwall.de\/blog\/","name":"Urlaub &amp; Reisen","description":"Urlaub, Reisen, Cornwall und S\u00fcdengland: eine perfekte Kombination","potentialAction":[{"@type":"SearchAction","target":{"@type":"EntryPoint","urlTemplate":"https:\/\/www.urlaubcornwall.de\/blog\/?s={search_term_string}"},"query-input":"required name=search_term_string"}],"inLanguage":"en-US"},{"@type":"WebPage","@id":"https:\/\/www.urlaubcornwall.de\/blog\/guenstige-hotels-st-michaels-mount-marazion\/","url":"https:\/\/www.urlaubcornwall.de\/blog\/guenstige-hotels-st-michaels-mount-marazion\/","name":"G\u00fcnstige Hotels St Michael's Mount - Marazion - Urlaub &amp; Reisen","isPartOf":{"@id":"https:\/\/www.urlaubcornwall.de\/blog\/#website"},"datePublished":"2020-09-22T09:43:57+00:00","dateModified":"2024-05-30T10:58:08+00:00","breadcrumb":{"@id":"https:\/\/www.urlaubcornwall.de\/blog\/guenstige-hotels-st-michaels-mount-marazion\/#breadcrumb"},"inLanguage":"en-US","potentialAction":[{"@type":"ReadAction","target":["https:\/\/www.urlaubcornwall.de\/blog\/guenstige-hotels-st-michaels-mount-marazion\/"]}]},{"@type":"BreadcrumbList","@id":"https:\/\/www.urlaubcornwall.de\/blog\/guenstige-hotels-st-michaels-mount-marazion\/#breadcrumb","itemListElement":[{"@type":"ListItem","position":1,"name":"Home","item":"https:\/\/www.urlaubcornwall.de\/blog\/"},{"@type":"ListItem","position":2,"name":"G\u00fcnstige Hotels St Michael&#8217;s Mount &#8211; Marazion"}]}]}},"_links":{"self":[{"href":"https:\/\/www.urlaubcornwall.de\/blog\/wp-json\/wp\/v2\/pages\/40761"}],"collection":[{"href":"https:\/\/www.urlaubcornwall.de\/blog\/wp-json\/wp\/v2\/pages"}],"about":[{"href":"https:\/\/www.urlaubcornwall.de\/blog\/wp-json\/wp\/v2\/types\/page"}],"author":[{"embeddable":true,"href":"https:\/\/www.urlaubcornwall.de\/blog\/wp-json\/wp\/v2\/users\/1"}],"replies":[{"embeddable":true,"href":"https:\/\/www.urlaubcornwall.de\/blog\/wp-json\/wp\/v2\/comments?post=40761"}],"version-history":[{"count":3,"href":"https:\/\/www.urlaubcornwall.de\/blog\/wp-json\/wp\/v2\/pages\/40761\/revisions"}],"predecessor-version":[{"id":50934,"href":"https:\/\/www.urlaubcornwall.de\/blog\/wp-json\/wp\/v2\/pages\/40761\/revisions\/50934"}],"wp:attachment":[{"href":"https:\/\/www.urlaubcornwall.de\/blog\/wp-json\/wp\/v2\/media?parent=40761"}],"curies":[{"name":"wp","href":"https:\/\/api.w.org\/{rel}","templated":true}]}}