{"id":40747,"date":"2020-09-21T12:57:29","date_gmt":"2020-09-21T12:57:29","guid":{"rendered":"https:\/\/www.urlaubcornwall.de\/blog\/?page_id=40747"},"modified":"2020-09-21T12:57:29","modified_gmt":"2020-09-21T12:57:29","slug":"guenstig-hotel-in-st-ives-am-meer","status":"publish","type":"page","link":"https:\/\/www.urlaubcornwall.de\/blog\/guenstig-hotel-in-st-ives-am-meer\/","title":{"rendered":"G\u00fcnstig Hotel in St Ives am Meer"},"content":{"rendered":"<p><img loading=\"lazy\" class=\"aligncenter size-full wp-image-31288\" src=\"https:\/\/www.urlaubcornwall.de\/blog\/wp-content\/uploads\/2017\/12\/ferienhaus-am-meer-st-ives.jpg\" alt=\"G\u00fcnstig Hotel in St Ives am Meer\" width=\"749\" height=\"408\"\/><\/p>\n<p>Dieses Hotel bietet eine hohe Anzahl an Aktivit\u00e4tsm\u00f6glichkeiten f\u00fcr Paare auf der Rundreise durch Cornwall oder f\u00fcr Familien, die sich nach einem Strandurlaub sehnen. Es hat sowohl Innen- als auch Au\u00dfenschwimmb\u00e4der, Tennispl\u00e4tze, Squash, Fitnessstudio, Sauna und Dampfr\u00e4ume, sowie seinen eigenen 18 Loch Golfplatz.<\/p>\n<p style=\"text-align: center;\"><a class=\"tidycta\" href=\" https:\/\/www.urlaubcornwall.de\/blog\/hotel-bristol-ein-charmantes-traditionelles-hotel-direkt-am-strand-von-newquay\/\">Mehr Info<\/a><\/p>\n<p style=\"text-align: center;\"><b>Klicken Sie <\/b><strong>hie<\/strong>r<b>, um sich unser vollst\u00e4ndiges Angebot der besten <a href=\"https:\/\/www.urlaubcornwall.de\/hotels.php\">Hotels in Cornwall&gt;&gt;<\/a><\/b><\/p>\n","protected":false},"excerpt":{"rendered":"<p>Dieses Hotel bietet eine hohe Anzahl an Aktivit\u00e4tsm\u00f6glichkeiten f\u00fcr Paare auf der Rundreise durch Cornwall oder f\u00fcr Familien, die sich nach einem Strandurlaub sehnen. Es hat sowohl Innen- als auch Au\u00dfenschwimmb\u00e4der, Tennispl\u00e4tze, Squash, Fitnessstudio, Sauna und Dampfr\u00e4ume, sowie seinen eigenen 18 Loch Golfplatz. Mehr Info Klicken Sie hier, um sich unser vollst\u00e4ndiges Angebot der besten [&hellip;]<\/p>\n","protected":false},"author":1,"featured_media":0,"parent":0,"menu_order":0,"comment_status":"closed","ping_status":"closed","template":"single-four.php","meta":[],"acf":[],"yoast_head":"<!-- This site is optimized with the Yoast SEO plugin v19.4 - https:\/\/yoast.com\/wordpress\/plugins\/seo\/ -->\n<title>G\u00fcnstig Hotel in St Ives am Meer - Urlaub &amp; Reisen<\/title>\n<meta name=\"robots\" content=\"index, follow, max-snippet:-1, max-image-preview:large, max-video-preview:-1\" \/>\n<link rel=\"canonical\" href=\"https:\/\/www.urlaubcornwall.de\/blog\/guenstig-hotel-in-st-ives-am-meer\/\" \/>\n<meta property=\"og:locale\" content=\"en_US\" \/>\n<meta property=\"og:type\" content=\"article\" \/>\n<meta property=\"og:title\" content=\"G\u00fcnstig Hotel in St Ives am Meer - Urlaub &amp; Reisen\" \/>\n<meta property=\"og:description\" content=\"Dieses Hotel bietet eine hohe Anzahl an Aktivit\u00e4tsm\u00f6glichkeiten f\u00fcr Paare auf der Rundreise durch Cornwall oder f\u00fcr Familien, die sich nach einem Strandurlaub sehnen. Es hat sowohl Innen- als auch Au\u00dfenschwimmb\u00e4der, Tennispl\u00e4tze, Squash, Fitnessstudio, Sauna und Dampfr\u00e4ume, sowie seinen eigenen 18 Loch Golfplatz. Mehr Info Klicken Sie hier, um sich unser vollst\u00e4ndiges Angebot der besten [&hellip;]\" \/>\n<meta property=\"og:url\" content=\"https:\/\/www.urlaubcornwall.de\/blog\/guenstig-hotel-in-st-ives-am-meer\/\" \/>\n<meta property=\"og:site_name\" content=\"Urlaub &amp; Reisen\" \/>\n<meta property=\"og:image\" content=\"https:\/\/www.urlaubcornwall.de\/blog\/wp-content\/uploads\/2017\/12\/ferienhaus-am-meer-st-ives.jpg\" \/>\n<meta name=\"twitter:card\" content=\"summary\" \/>\n<script type=\"application\/ld+json\" class=\"yoast-schema-graph\">{\"@context\":\"https:\/\/schema.org\",\"@graph\":[{\"@type\":\"WebSite\",\"@id\":\"https:\/\/www.urlaubcornwall.de\/blog\/#website\",\"url\":\"https:\/\/www.urlaubcornwall.de\/blog\/\",\"name\":\"Urlaub &amp; Reisen\",\"description\":\"Urlaub, Reisen, Cornwall und S\u00fcdengland: eine perfekte Kombination\",\"potentialAction\":[{\"@type\":\"SearchAction\",\"target\":{\"@type\":\"EntryPoint\",\"urlTemplate\":\"https:\/\/www.urlaubcornwall.de\/blog\/?s={search_term_string}\"},\"query-input\":\"required name=search_term_string\"}],\"inLanguage\":\"en-US\"},{\"@type\":\"WebPage\",\"@id\":\"https:\/\/www.urlaubcornwall.de\/blog\/guenstig-hotel-in-st-ives-am-meer\/\",\"url\":\"https:\/\/www.urlaubcornwall.de\/blog\/guenstig-hotel-in-st-ives-am-meer\/\",\"name\":\"G\u00fcnstig Hotel in St Ives am Meer - Urlaub &amp; Reisen\",\"isPartOf\":{\"@id\":\"https:\/\/www.urlaubcornwall.de\/blog\/#website\"},\"datePublished\":\"2020-09-21T12:57:29+00:00\",\"dateModified\":\"2020-09-21T12:57:29+00:00\",\"breadcrumb\":{\"@id\":\"https:\/\/www.urlaubcornwall.de\/blog\/guenstig-hotel-in-st-ives-am-meer\/#breadcrumb\"},\"inLanguage\":\"en-US\",\"potentialAction\":[{\"@type\":\"ReadAction\",\"target\":[\"https:\/\/www.urlaubcornwall.de\/blog\/guenstig-hotel-in-st-ives-am-meer\/\"]}]},{\"@type\":\"BreadcrumbList\",\"@id\":\"https:\/\/www.urlaubcornwall.de\/blog\/guenstig-hotel-in-st-ives-am-meer\/#breadcrumb\",\"itemListElement\":[{\"@type\":\"ListItem\",\"position\":1,\"name\":\"Home\",\"item\":\"https:\/\/www.urlaubcornwall.de\/blog\/\"},{\"@type\":\"ListItem\",\"position\":2,\"name\":\"G\u00fcnstig Hotel in St Ives am Meer\"}]}]}<\/script>\n<!-- \/ Yoast SEO plugin. -->","yoast_head_json":{"title":"G\u00fcnstig Hotel in St Ives am Meer - Urlaub &amp; Reisen","robots":{"index":"index","follow":"follow","max-snippet":"max-snippet:-1","max-image-preview":"max-image-preview:large","max-video-preview":"max-video-preview:-1"},"canonical":"https:\/\/www.urlaubcornwall.de\/blog\/guenstig-hotel-in-st-ives-am-meer\/","og_locale":"en_US","og_type":"article","og_title":"G\u00fcnstig Hotel in St Ives am Meer - Urlaub &amp; Reisen","og_description":"Dieses Hotel bietet eine hohe Anzahl an Aktivit\u00e4tsm\u00f6glichkeiten f\u00fcr Paare auf der Rundreise durch Cornwall oder f\u00fcr Familien, die sich nach einem Strandurlaub sehnen. Es hat sowohl Innen- als auch Au\u00dfenschwimmb\u00e4der, Tennispl\u00e4tze, Squash, Fitnessstudio, Sauna und Dampfr\u00e4ume, sowie seinen eigenen 18 Loch Golfplatz. Mehr Info Klicken Sie hier, um sich unser vollst\u00e4ndiges Angebot der besten [&hellip;]","og_url":"https:\/\/www.urlaubcornwall.de\/blog\/guenstig-hotel-in-st-ives-am-meer\/","og_site_name":"Urlaub &amp; Reisen","og_image":[{"url":"https:\/\/www.urlaubcornwall.de\/blog\/wp-content\/uploads\/2017\/12\/ferienhaus-am-meer-st-ives.jpg"}],"twitter_card":"summary","schema":{"@context":"https:\/\/schema.org","@graph":[{"@type":"WebSite","@id":"https:\/\/www.urlaubcornwall.de\/blog\/#website","url":"https:\/\/www.urlaubcornwall.de\/blog\/","name":"Urlaub &amp; Reisen","description":"Urlaub, Reisen, Cornwall und S\u00fcdengland: eine perfekte Kombination","potentialAction":[{"@type":"SearchAction","target":{"@type":"EntryPoint","urlTemplate":"https:\/\/www.urlaubcornwall.de\/blog\/?s={search_term_string}"},"query-input":"required name=search_term_string"}],"inLanguage":"en-US"},{"@type":"WebPage","@id":"https:\/\/www.urlaubcornwall.de\/blog\/guenstig-hotel-in-st-ives-am-meer\/","url":"https:\/\/www.urlaubcornwall.de\/blog\/guenstig-hotel-in-st-ives-am-meer\/","name":"G\u00fcnstig Hotel in St Ives am Meer - Urlaub &amp; Reisen","isPartOf":{"@id":"https:\/\/www.urlaubcornwall.de\/blog\/#website"},"datePublished":"2020-09-21T12:57:29+00:00","dateModified":"2020-09-21T12:57:29+00:00","breadcrumb":{"@id":"https:\/\/www.urlaubcornwall.de\/blog\/guenstig-hotel-in-st-ives-am-meer\/#breadcrumb"},"inLanguage":"en-US","potentialAction":[{"@type":"ReadAction","target":["https:\/\/www.urlaubcornwall.de\/blog\/guenstig-hotel-in-st-ives-am-meer\/"]}]},{"@type":"BreadcrumbList","@id":"https:\/\/www.urlaubcornwall.de\/blog\/guenstig-hotel-in-st-ives-am-meer\/#breadcrumb","itemListElement":[{"@type":"ListItem","position":1,"name":"Home","item":"https:\/\/www.urlaubcornwall.de\/blog\/"},{"@type":"ListItem","position":2,"name":"G\u00fcnstig Hotel in St Ives am Meer"}]}]}},"_links":{"self":[{"href":"https:\/\/www.urlaubcornwall.de\/blog\/wp-json\/wp\/v2\/pages\/40747"}],"collection":[{"href":"https:\/\/www.urlaubcornwall.de\/blog\/wp-json\/wp\/v2\/pages"}],"about":[{"href":"https:\/\/www.urlaubcornwall.de\/blog\/wp-json\/wp\/v2\/types\/page"}],"author":[{"embeddable":true,"href":"https:\/\/www.urlaubcornwall.de\/blog\/wp-json\/wp\/v2\/users\/1"}],"replies":[{"embeddable":true,"href":"https:\/\/www.urlaubcornwall.de\/blog\/wp-json\/wp\/v2\/comments?post=40747"}],"version-history":[{"count":1,"href":"https:\/\/www.urlaubcornwall.de\/blog\/wp-json\/wp\/v2\/pages\/40747\/revisions"}],"predecessor-version":[{"id":40748,"href":"https:\/\/www.urlaubcornwall.de\/blog\/wp-json\/wp\/v2\/pages\/40747\/revisions\/40748"}],"wp:attachment":[{"href":"https:\/\/www.urlaubcornwall.de\/blog\/wp-json\/wp\/v2\/media?parent=40747"}],"curies":[{"name":"wp","href":"https:\/\/api.w.org\/{rel}","templated":true}]}}