{"id":40711,"date":"2020-09-17T10:04:23","date_gmt":"2020-09-17T10:04:23","guid":{"rendered":"https:\/\/www.urlaubcornwall.de\/blog\/?page_id=40711"},"modified":"2022-10-13T15:45:00","modified_gmt":"2022-10-13T15:45:00","slug":"buchen-sie-voller-vertrauen-ihr-cornwall-ferienhaus-nach-coronavirus","status":"publish","type":"page","link":"https:\/\/www.urlaubcornwall.de\/blog\/buchen-sie-voller-vertrauen-ihr-cornwall-ferienhaus-nach-coronavirus\/","title":{"rendered":"Buchen Sie voller Vertrauen Ihr Cornwall Ferienhaus nach Coronavirus"},"content":{"rendered":"<p><img loading=\"lazy\" class=\"aligncenter size-full wp-image-34505\" src=\"https:\/\/www.urlaubcornwall.de\/blog\/wp-content\/uploads\/2018\/11\/ferienhaus-am-meer-cadgwith.jpg\" alt=\"ferienhaus am meer cadgwith\" width=\"749\" height=\"456\"\/><\/p>\n<p>Was geschieht mit Ihrem Urlaub, wenn Quarant\u00e4ne oder Reisebeschr\u00e4nkungen in Kraft treten bez\u00fcglich der Einreise von Deutschland ins UK?<\/p>\n<p><a href=\"https:\/\/www.urlaubcornwall.de\/ferienhaeuser.php\"><strong>Ferienh\u00e4user Coronavirus K\u00fcndigungsgarantie<\/strong><\/a> &#8211; <strong>Eine Garantie f\u00fcr eine kostenfreie Stornierung<\/strong><\/p>\n<p>Sie werden \u00fcber Ihre eigenen Selbstversorgereinrichtungen verf\u00fcgen mit einem Garten und Au\u00dfenbereich, um zu entspannen und sich sicher zu f\u00fchlen. Viele haben Meeresblick und befinden sich in der N\u00e4he der besten Str\u00e4nde mit Unterkunft f\u00fcr Paare, Familien und Freundesgruppen. Um Ihren Seelenfrieden zu erhalten, bieten wir eine ultimative Zusammenstellung <a href=\"https:\/\/www.urlaubcornwall.de\/ferienhaeuser\/cornwall.php\">handverlesener und inspizierter Ferienh\u00e4user mit einer Garantie auf Coronavirus<\/a> R\u00fcckerstattung von Seiten unserer Partner in Urlaubsunterk\u00fcnften. Daher k\u00f6nnen Sie also mit vollem Vertrauen buchen!<\/p>\n<p>Ihre Buchung geschieht direkt mit preisgekr\u00f6nten Cottage Vermietungsfirmen. Sie garantieren, dass, falls die Unterkunft aufgrund von Einschr\u00e4nkungen, die von der Regierung veranlasst wurden, nicht erh\u00e4ltlich sein sollte Sie Anrecht haben auf einen Transfer oder eine R\u00fcckerstattung. Seien Sie also versichert, sie passen sich s\u00e4mtlichen Ver\u00e4nderungen an, die von der UK Regierung ausgehen, und werden sich mit Ihnen in Verbindung setzen und helfen, falls Ihr Urlaub betroffen ist.<\/p>\n<p>Urlaubinspiration &#8211; Das nat\u00fcrliche Umfeld Cornwalls mit seiner wundersch\u00f6nen K\u00fcste und Raum zum Atmen macht es zu einem unglaublich begehrenswerten Reiseziel.  <\/p>\n<p style=\"text-align: center;\"><a class=\"tidycta\" href=\"https:\/\/www.urlaubcornwall.de\/ferienhaeuser-fewos\/cornwall.html\">Suche Ferienh\u00e4user Cornwall<\/a><\/p>\n<div class=\"snippet\"> <a class=\"featured-item\" href=\"https:\/\/www.urlaubcornwall.de\/ferienhaeuser\/cornwall.php\"> <span class=\"image-holder\" style=\"background-image: url('https:\/\/www.urlaubcornwall.de\/blog\/wp-content\/uploads\/2019\/01\/busreisen-cornwall.jpg');\"><\/span> <span class=\"featured-content\"> \n<h2 class=\"featured-title\">Ferienh\u00e4user in Cornwall<\/h2>\n<p class=\"featured-body\">Bei uns finden Sie Ferienh\u00e4user zum Verlieben &#8211; so einfach ist das! Dank seiner langen Geschichte, der reizvollen Landschaften und seinen vielen Attraktionen ist S\u00fcdengland ein wahres Mekka f\u00fcr Urlauber&#8230;..<\/p><\/span> <span class=\"featured-link-holder\"> <span class=\"featured-extra-info\"> \n<p>Pers\u00f6nlich inspizierter Ferienh\u00e4user<\/p>\n<\/span> \n<p class=\"featured-link\">DETAILS<\/p>\n<\/span> <\/a><\/div>\n<p>Was geschieht mit Ihrem Urlaub, wenn Quarant\u00e4ne oder Reisebeschr\u00e4nkungen in Kraft treten bez\u00fcglich der Einreise von Deutschland ins UK?<\/p>\n<p>Vorbereitungen f\u00fcr Ihren Urlaub in einem Ferienhaus in Cornwall- Nach Covid-19 wird Ihr Urlaub in Cornwall verst\u00e4ndlicherweise ein wenig anders ausschauen. Daher wollten wir sicherstellen, dass Sie sich sicher und gut vorbereitet f\u00fcr Ihre Reise f\u00fchlen&#8230;. <a href=\"https:\/\/www.urlaubcornwall.de\/blog\/vorbereitungen-fuer-ihren-urlaub-in-einem-ferienhaus-in-cornwall\/\">Mehr Info<\/a><\/p>\n<p>Hier finden Sie umfassende Information zu den <a href=\"https:\/\/www.classic.co.uk\/stay\/booking-conditions.html?utm_referral=urlaubcornwall.de\" rel=\"nofollow\">Standard Buchungsbedingungen<\/a> von Classic Cottages und den j\u00fcngsten <a href=\"https:\/\/www.classic.co.uk\/nas\/the-latest\/coronavirus-information-and-frequently-asked-questions-3348.html?utm_referral=urlaubcornwall.de\" rel=\"nofollow\">Covid-19 Updates<\/a>.<\/p>\n","protected":false},"excerpt":{"rendered":"<p>Was geschieht mit Ihrem Urlaub, wenn Quarant\u00e4ne oder Reisebeschr\u00e4nkungen in Kraft treten bez\u00fcglich der Einreise von Deutschland ins UK? Ferienh\u00e4user Coronavirus K\u00fcndigungsgarantie &#8211; Eine Garantie f\u00fcr eine kostenfreie Stornierung Sie werden \u00fcber Ihre eigenen Selbstversorgereinrichtungen verf\u00fcgen mit einem Garten und Au\u00dfenbereich, um zu entspannen und sich sicher zu f\u00fchlen. Viele haben Meeresblick und befinden sich [&hellip;]<\/p>\n","protected":false},"author":1,"featured_media":0,"parent":0,"menu_order":0,"comment_status":"closed","ping_status":"closed","template":"single-four.php","meta":[],"acf":[],"yoast_head":"<!-- This site is optimized with the Yoast SEO plugin v19.4 - https:\/\/yoast.com\/wordpress\/plugins\/seo\/ -->\n<title>Buchen Sie voller Vertrauen Ihr Cornwall Ferienhaus nach Coronavirus - Urlaub &amp; Reisen<\/title>\n<meta name=\"description\" content=\"Was geschieht mit Ihrem Urlaub, wenn Quarant\u00e4ne oder Reisebeschr\u00e4nkungen in Kraft treten bez\u00fcglich der Einreise von Deutschland ins UK?\" \/>\n<meta name=\"robots\" content=\"index, follow, max-snippet:-1, max-image-preview:large, max-video-preview:-1\" \/>\n<link rel=\"canonical\" href=\"https:\/\/www.urlaubcornwall.de\/blog\/buchen-sie-voller-vertrauen-ihr-cornwall-ferienhaus-nach-coronavirus\/\" \/>\n<meta property=\"og:locale\" content=\"en_US\" \/>\n<meta property=\"og:type\" content=\"article\" \/>\n<meta property=\"og:title\" content=\"Buchen Sie voller Vertrauen Ihr Cornwall Ferienhaus nach Coronavirus - Urlaub &amp; Reisen\" \/>\n<meta property=\"og:description\" content=\"Was geschieht mit Ihrem Urlaub, wenn Quarant\u00e4ne oder Reisebeschr\u00e4nkungen in Kraft treten bez\u00fcglich der Einreise von Deutschland ins UK?\" \/>\n<meta property=\"og:url\" content=\"https:\/\/www.urlaubcornwall.de\/blog\/buchen-sie-voller-vertrauen-ihr-cornwall-ferienhaus-nach-coronavirus\/\" \/>\n<meta property=\"og:site_name\" content=\"Urlaub &amp; Reisen\" \/>\n<meta property=\"article:modified_time\" content=\"2022-10-13T15:45:00+00:00\" \/>\n<meta property=\"og:image\" content=\"https:\/\/www.urlaubcornwall.de\/blog\/wp-content\/uploads\/2018\/11\/ferienhaus-am-meer-cadgwith.jpg\" \/>\n<meta name=\"twitter:card\" content=\"summary\" \/>\n<meta name=\"twitter:label1\" content=\"Est. reading time\" \/>\n\t<meta name=\"twitter:data1\" content=\"2 minutes\" \/>\n<script type=\"application\/ld+json\" class=\"yoast-schema-graph\">{\"@context\":\"https:\/\/schema.org\",\"@graph\":[{\"@type\":\"WebSite\",\"@id\":\"https:\/\/www.urlaubcornwall.de\/blog\/#website\",\"url\":\"https:\/\/www.urlaubcornwall.de\/blog\/\",\"name\":\"Urlaub &amp; Reisen\",\"description\":\"Urlaub, Reisen, Cornwall und S\u00fcdengland: eine perfekte Kombination\",\"potentialAction\":[{\"@type\":\"SearchAction\",\"target\":{\"@type\":\"EntryPoint\",\"urlTemplate\":\"https:\/\/www.urlaubcornwall.de\/blog\/?s={search_term_string}\"},\"query-input\":\"required name=search_term_string\"}],\"inLanguage\":\"en-US\"},{\"@type\":\"WebPage\",\"@id\":\"https:\/\/www.urlaubcornwall.de\/blog\/buchen-sie-voller-vertrauen-ihr-cornwall-ferienhaus-nach-coronavirus\/\",\"url\":\"https:\/\/www.urlaubcornwall.de\/blog\/buchen-sie-voller-vertrauen-ihr-cornwall-ferienhaus-nach-coronavirus\/\",\"name\":\"Buchen Sie voller Vertrauen Ihr Cornwall Ferienhaus nach Coronavirus - Urlaub &amp; Reisen\",\"isPartOf\":{\"@id\":\"https:\/\/www.urlaubcornwall.de\/blog\/#website\"},\"datePublished\":\"2020-09-17T10:04:23+00:00\",\"dateModified\":\"2022-10-13T15:45:00+00:00\",\"description\":\"Was geschieht mit Ihrem Urlaub, wenn Quarant\u00e4ne oder Reisebeschr\u00e4nkungen in Kraft treten bez\u00fcglich der Einreise von Deutschland ins UK?\",\"breadcrumb\":{\"@id\":\"https:\/\/www.urlaubcornwall.de\/blog\/buchen-sie-voller-vertrauen-ihr-cornwall-ferienhaus-nach-coronavirus\/#breadcrumb\"},\"inLanguage\":\"en-US\",\"potentialAction\":[{\"@type\":\"ReadAction\",\"target\":[\"https:\/\/www.urlaubcornwall.de\/blog\/buchen-sie-voller-vertrauen-ihr-cornwall-ferienhaus-nach-coronavirus\/\"]}]},{\"@type\":\"BreadcrumbList\",\"@id\":\"https:\/\/www.urlaubcornwall.de\/blog\/buchen-sie-voller-vertrauen-ihr-cornwall-ferienhaus-nach-coronavirus\/#breadcrumb\",\"itemListElement\":[{\"@type\":\"ListItem\",\"position\":1,\"name\":\"Home\",\"item\":\"https:\/\/www.urlaubcornwall.de\/blog\/\"},{\"@type\":\"ListItem\",\"position\":2,\"name\":\"Buchen Sie voller Vertrauen Ihr Cornwall Ferienhaus nach Coronavirus\"}]}]}<\/script>\n<!-- \/ Yoast SEO plugin. -->","yoast_head_json":{"title":"Buchen Sie voller Vertrauen Ihr Cornwall Ferienhaus nach Coronavirus - Urlaub &amp; Reisen","description":"Was geschieht mit Ihrem Urlaub, wenn Quarant\u00e4ne oder Reisebeschr\u00e4nkungen in Kraft treten bez\u00fcglich der Einreise von Deutschland ins UK?","robots":{"index":"index","follow":"follow","max-snippet":"max-snippet:-1","max-image-preview":"max-image-preview:large","max-video-preview":"max-video-preview:-1"},"canonical":"https:\/\/www.urlaubcornwall.de\/blog\/buchen-sie-voller-vertrauen-ihr-cornwall-ferienhaus-nach-coronavirus\/","og_locale":"en_US","og_type":"article","og_title":"Buchen Sie voller Vertrauen Ihr Cornwall Ferienhaus nach Coronavirus - Urlaub &amp; Reisen","og_description":"Was geschieht mit Ihrem Urlaub, wenn Quarant\u00e4ne oder Reisebeschr\u00e4nkungen in Kraft treten bez\u00fcglich der Einreise von Deutschland ins UK?","og_url":"https:\/\/www.urlaubcornwall.de\/blog\/buchen-sie-voller-vertrauen-ihr-cornwall-ferienhaus-nach-coronavirus\/","og_site_name":"Urlaub &amp; Reisen","article_modified_time":"2022-10-13T15:45:00+00:00","og_image":[{"url":"https:\/\/www.urlaubcornwall.de\/blog\/wp-content\/uploads\/2018\/11\/ferienhaus-am-meer-cadgwith.jpg"}],"twitter_card":"summary","twitter_misc":{"Est. reading time":"2 minutes"},"schema":{"@context":"https:\/\/schema.org","@graph":[{"@type":"WebSite","@id":"https:\/\/www.urlaubcornwall.de\/blog\/#website","url":"https:\/\/www.urlaubcornwall.de\/blog\/","name":"Urlaub &amp; Reisen","description":"Urlaub, Reisen, Cornwall und S\u00fcdengland: eine perfekte Kombination","potentialAction":[{"@type":"SearchAction","target":{"@type":"EntryPoint","urlTemplate":"https:\/\/www.urlaubcornwall.de\/blog\/?s={search_term_string}"},"query-input":"required name=search_term_string"}],"inLanguage":"en-US"},{"@type":"WebPage","@id":"https:\/\/www.urlaubcornwall.de\/blog\/buchen-sie-voller-vertrauen-ihr-cornwall-ferienhaus-nach-coronavirus\/","url":"https:\/\/www.urlaubcornwall.de\/blog\/buchen-sie-voller-vertrauen-ihr-cornwall-ferienhaus-nach-coronavirus\/","name":"Buchen Sie voller Vertrauen Ihr Cornwall Ferienhaus nach Coronavirus - Urlaub &amp; Reisen","isPartOf":{"@id":"https:\/\/www.urlaubcornwall.de\/blog\/#website"},"datePublished":"2020-09-17T10:04:23+00:00","dateModified":"2022-10-13T15:45:00+00:00","description":"Was geschieht mit Ihrem Urlaub, wenn Quarant\u00e4ne oder Reisebeschr\u00e4nkungen in Kraft treten bez\u00fcglich der Einreise von Deutschland ins UK?","breadcrumb":{"@id":"https:\/\/www.urlaubcornwall.de\/blog\/buchen-sie-voller-vertrauen-ihr-cornwall-ferienhaus-nach-coronavirus\/#breadcrumb"},"inLanguage":"en-US","potentialAction":[{"@type":"ReadAction","target":["https:\/\/www.urlaubcornwall.de\/blog\/buchen-sie-voller-vertrauen-ihr-cornwall-ferienhaus-nach-coronavirus\/"]}]},{"@type":"BreadcrumbList","@id":"https:\/\/www.urlaubcornwall.de\/blog\/buchen-sie-voller-vertrauen-ihr-cornwall-ferienhaus-nach-coronavirus\/#breadcrumb","itemListElement":[{"@type":"ListItem","position":1,"name":"Home","item":"https:\/\/www.urlaubcornwall.de\/blog\/"},{"@type":"ListItem","position":2,"name":"Buchen Sie voller Vertrauen Ihr Cornwall Ferienhaus nach Coronavirus"}]}]}},"_links":{"self":[{"href":"https:\/\/www.urlaubcornwall.de\/blog\/wp-json\/wp\/v2\/pages\/40711"}],"collection":[{"href":"https:\/\/www.urlaubcornwall.de\/blog\/wp-json\/wp\/v2\/pages"}],"about":[{"href":"https:\/\/www.urlaubcornwall.de\/blog\/wp-json\/wp\/v2\/types\/page"}],"author":[{"embeddable":true,"href":"https:\/\/www.urlaubcornwall.de\/blog\/wp-json\/wp\/v2\/users\/1"}],"replies":[{"embeddable":true,"href":"https:\/\/www.urlaubcornwall.de\/blog\/wp-json\/wp\/v2\/comments?post=40711"}],"version-history":[{"count":34,"href":"https:\/\/www.urlaubcornwall.de\/blog\/wp-json\/wp\/v2\/pages\/40711\/revisions"}],"predecessor-version":[{"id":45178,"href":"https:\/\/www.urlaubcornwall.de\/blog\/wp-json\/wp\/v2\/pages\/40711\/revisions\/45178"}],"wp:attachment":[{"href":"https:\/\/www.urlaubcornwall.de\/blog\/wp-json\/wp\/v2\/media?parent=40711"}],"curies":[{"name":"wp","href":"https:\/\/api.w.org\/{rel}","templated":true}]}}