{"id":40700,"date":"2020-09-15T09:54:42","date_gmt":"2020-09-15T09:54:42","guid":{"rendered":"https:\/\/www.urlaubcornwall.de\/blog\/?page_id=40700"},"modified":"2024-05-30T15:56:08","modified_gmt":"2024-05-30T15:56:08","slug":"urlaub-sennen-cove-in-der-nahe-lands-end","status":"publish","type":"page","link":"https:\/\/www.urlaubcornwall.de\/blog\/urlaub-sennen-cove-in-der-nahe-lands-end\/","title":{"rendered":"Urlaub Sennen Cove in der Nahe Land\u2019s End"},"content":{"rendered":"<p><a href=\"https:\/\/www.urlaubcornwall.de\/blog\/wp-content\/uploads\/2024\/05\/sennen.jpg\"><img loading=\"lazy\" src=\"https:\/\/www.urlaubcornwall.de\/blog\/wp-content\/uploads\/2024\/05\/sennen.jpg\" alt=\"sennen\" width=\"750\" height=\"477\" class=\"alignnone size-full wp-image-50771\" srcset=\"https:\/\/www.urlaubcornwall.de\/blog\/wp-content\/uploads\/2024\/05\/sennen.jpg 750w, https:\/\/www.urlaubcornwall.de\/blog\/wp-content\/uploads\/2024\/05\/sennen-300x191.jpg 300w\" sizes=\"(max-width: 750px) 100vw, 750px\" \/><\/a><\/p>\n<p>Sennen ist aufgrund der bestgewerteten Meeresbedingungen <a href=\"https:\/\/www.urlaubcornwall.de\/blog\/straende-westkueste-cornwall-insidertipps\/\">Cornwalls westlichster Surfstrand<\/a>. Es ist ein sehr beliebter Sandstrand von einer Meile, der an den Gwenver Strand grenzt. Er befindet sich direkt um die Ecke von Lands End und ist ein atemberaubender Ort zum Genie\u00dfen. Besucher k\u00f6nnen auch das Dorf erkunden mit einer Vielzahl an Caf\u00e9s, Restaurants, Kneipen, Galerien und Gesch\u00e4ften.<\/p>\n<p style=\"text-align: center;\"><a class=\"tidycta\" href=\"https:\/\/www.urlaubcornwall.de\/ferienhaeuser-fewos\/sennen.html\">Ferienh\u00e4user in Sennen Cove<\/a><\/p>\n","protected":false},"excerpt":{"rendered":"<p>Sennen ist aufgrund der bestgewerteten Meeresbedingungen Cornwalls westlichster Surfstrand. Es ist ein sehr beliebter Sandstrand von einer Meile, der an den Gwenver Strand grenzt. Er befindet sich direkt um die Ecke von Lands End und ist ein atemberaubender Ort zum Genie\u00dfen. Besucher k\u00f6nnen auch das Dorf erkunden mit einer Vielzahl an Caf\u00e9s, Restaurants, Kneipen, Galerien [&hellip;]<\/p>\n","protected":false},"author":1,"featured_media":0,"parent":0,"menu_order":0,"comment_status":"closed","ping_status":"closed","template":"single-four.php","meta":[],"acf":[],"yoast_head":"<!-- This site is optimized with the Yoast SEO plugin v19.4 - https:\/\/yoast.com\/wordpress\/plugins\/seo\/ -->\n<title>Urlaub Sennen Cove in der Nahe Land\u2019s End - Urlaub &amp; Reisen<\/title>\n<meta name=\"robots\" content=\"index, follow, max-snippet:-1, max-image-preview:large, max-video-preview:-1\" \/>\n<link rel=\"canonical\" href=\"https:\/\/www.urlaubcornwall.de\/blog\/urlaub-sennen-cove-in-der-nahe-lands-end\/\" \/>\n<meta property=\"og:locale\" content=\"en_US\" \/>\n<meta property=\"og:type\" content=\"article\" \/>\n<meta property=\"og:title\" content=\"Urlaub Sennen Cove in der Nahe Land\u2019s End - Urlaub &amp; Reisen\" \/>\n<meta property=\"og:description\" content=\"Sennen ist aufgrund der bestgewerteten Meeresbedingungen Cornwalls westlichster Surfstrand. Es ist ein sehr beliebter Sandstrand von einer Meile, der an den Gwenver Strand grenzt. Er befindet sich direkt um die Ecke von Lands End und ist ein atemberaubender Ort zum Genie\u00dfen. Besucher k\u00f6nnen auch das Dorf erkunden mit einer Vielzahl an Caf\u00e9s, Restaurants, Kneipen, Galerien [&hellip;]\" \/>\n<meta property=\"og:url\" content=\"https:\/\/www.urlaubcornwall.de\/blog\/urlaub-sennen-cove-in-der-nahe-lands-end\/\" \/>\n<meta property=\"og:site_name\" content=\"Urlaub &amp; Reisen\" \/>\n<meta property=\"article:modified_time\" content=\"2024-05-30T15:56:08+00:00\" \/>\n<meta property=\"og:image\" content=\"https:\/\/www.urlaubcornwall.de\/blog\/wp-content\/uploads\/2024\/05\/sennen.jpg\" \/>\n<meta name=\"twitter:card\" content=\"summary\" \/>\n<meta name=\"twitter:label1\" content=\"Est. reading time\" \/>\n\t<meta name=\"twitter:data1\" content=\"1 minute\" \/>\n<script type=\"application\/ld+json\" class=\"yoast-schema-graph\">{\"@context\":\"https:\/\/schema.org\",\"@graph\":[{\"@type\":\"WebSite\",\"@id\":\"https:\/\/www.urlaubcornwall.de\/blog\/#website\",\"url\":\"https:\/\/www.urlaubcornwall.de\/blog\/\",\"name\":\"Urlaub &amp; Reisen\",\"description\":\"Urlaub, Reisen, Cornwall und S\u00fcdengland: eine perfekte Kombination\",\"potentialAction\":[{\"@type\":\"SearchAction\",\"target\":{\"@type\":\"EntryPoint\",\"urlTemplate\":\"https:\/\/www.urlaubcornwall.de\/blog\/?s={search_term_string}\"},\"query-input\":\"required name=search_term_string\"}],\"inLanguage\":\"en-US\"},{\"@type\":\"WebPage\",\"@id\":\"https:\/\/www.urlaubcornwall.de\/blog\/urlaub-sennen-cove-in-der-nahe-lands-end\/\",\"url\":\"https:\/\/www.urlaubcornwall.de\/blog\/urlaub-sennen-cove-in-der-nahe-lands-end\/\",\"name\":\"Urlaub Sennen Cove in der Nahe Land\u2019s End - Urlaub &amp; Reisen\",\"isPartOf\":{\"@id\":\"https:\/\/www.urlaubcornwall.de\/blog\/#website\"},\"datePublished\":\"2020-09-15T09:54:42+00:00\",\"dateModified\":\"2024-05-30T15:56:08+00:00\",\"breadcrumb\":{\"@id\":\"https:\/\/www.urlaubcornwall.de\/blog\/urlaub-sennen-cove-in-der-nahe-lands-end\/#breadcrumb\"},\"inLanguage\":\"en-US\",\"potentialAction\":[{\"@type\":\"ReadAction\",\"target\":[\"https:\/\/www.urlaubcornwall.de\/blog\/urlaub-sennen-cove-in-der-nahe-lands-end\/\"]}]},{\"@type\":\"BreadcrumbList\",\"@id\":\"https:\/\/www.urlaubcornwall.de\/blog\/urlaub-sennen-cove-in-der-nahe-lands-end\/#breadcrumb\",\"itemListElement\":[{\"@type\":\"ListItem\",\"position\":1,\"name\":\"Home\",\"item\":\"https:\/\/www.urlaubcornwall.de\/blog\/\"},{\"@type\":\"ListItem\",\"position\":2,\"name\":\"Urlaub Sennen Cove in der Nahe Land\u2019s End\"}]}]}<\/script>\n<!-- \/ Yoast SEO plugin. -->","yoast_head_json":{"title":"Urlaub Sennen Cove in der Nahe Land\u2019s End - Urlaub &amp; Reisen","robots":{"index":"index","follow":"follow","max-snippet":"max-snippet:-1","max-image-preview":"max-image-preview:large","max-video-preview":"max-video-preview:-1"},"canonical":"https:\/\/www.urlaubcornwall.de\/blog\/urlaub-sennen-cove-in-der-nahe-lands-end\/","og_locale":"en_US","og_type":"article","og_title":"Urlaub Sennen Cove in der Nahe Land\u2019s End - Urlaub &amp; Reisen","og_description":"Sennen ist aufgrund der bestgewerteten Meeresbedingungen Cornwalls westlichster Surfstrand. Es ist ein sehr beliebter Sandstrand von einer Meile, der an den Gwenver Strand grenzt. Er befindet sich direkt um die Ecke von Lands End und ist ein atemberaubender Ort zum Genie\u00dfen. Besucher k\u00f6nnen auch das Dorf erkunden mit einer Vielzahl an Caf\u00e9s, Restaurants, Kneipen, Galerien [&hellip;]","og_url":"https:\/\/www.urlaubcornwall.de\/blog\/urlaub-sennen-cove-in-der-nahe-lands-end\/","og_site_name":"Urlaub &amp; Reisen","article_modified_time":"2024-05-30T15:56:08+00:00","og_image":[{"url":"https:\/\/www.urlaubcornwall.de\/blog\/wp-content\/uploads\/2024\/05\/sennen.jpg"}],"twitter_card":"summary","twitter_misc":{"Est. reading time":"1 minute"},"schema":{"@context":"https:\/\/schema.org","@graph":[{"@type":"WebSite","@id":"https:\/\/www.urlaubcornwall.de\/blog\/#website","url":"https:\/\/www.urlaubcornwall.de\/blog\/","name":"Urlaub &amp; Reisen","description":"Urlaub, Reisen, Cornwall und S\u00fcdengland: eine perfekte Kombination","potentialAction":[{"@type":"SearchAction","target":{"@type":"EntryPoint","urlTemplate":"https:\/\/www.urlaubcornwall.de\/blog\/?s={search_term_string}"},"query-input":"required name=search_term_string"}],"inLanguage":"en-US"},{"@type":"WebPage","@id":"https:\/\/www.urlaubcornwall.de\/blog\/urlaub-sennen-cove-in-der-nahe-lands-end\/","url":"https:\/\/www.urlaubcornwall.de\/blog\/urlaub-sennen-cove-in-der-nahe-lands-end\/","name":"Urlaub Sennen Cove in der Nahe Land\u2019s End - Urlaub &amp; Reisen","isPartOf":{"@id":"https:\/\/www.urlaubcornwall.de\/blog\/#website"},"datePublished":"2020-09-15T09:54:42+00:00","dateModified":"2024-05-30T15:56:08+00:00","breadcrumb":{"@id":"https:\/\/www.urlaubcornwall.de\/blog\/urlaub-sennen-cove-in-der-nahe-lands-end\/#breadcrumb"},"inLanguage":"en-US","potentialAction":[{"@type":"ReadAction","target":["https:\/\/www.urlaubcornwall.de\/blog\/urlaub-sennen-cove-in-der-nahe-lands-end\/"]}]},{"@type":"BreadcrumbList","@id":"https:\/\/www.urlaubcornwall.de\/blog\/urlaub-sennen-cove-in-der-nahe-lands-end\/#breadcrumb","itemListElement":[{"@type":"ListItem","position":1,"name":"Home","item":"https:\/\/www.urlaubcornwall.de\/blog\/"},{"@type":"ListItem","position":2,"name":"Urlaub Sennen Cove in der Nahe Land\u2019s End"}]}]}},"_links":{"self":[{"href":"https:\/\/www.urlaubcornwall.de\/blog\/wp-json\/wp\/v2\/pages\/40700"}],"collection":[{"href":"https:\/\/www.urlaubcornwall.de\/blog\/wp-json\/wp\/v2\/pages"}],"about":[{"href":"https:\/\/www.urlaubcornwall.de\/blog\/wp-json\/wp\/v2\/types\/page"}],"author":[{"embeddable":true,"href":"https:\/\/www.urlaubcornwall.de\/blog\/wp-json\/wp\/v2\/users\/1"}],"replies":[{"embeddable":true,"href":"https:\/\/www.urlaubcornwall.de\/blog\/wp-json\/wp\/v2\/comments?post=40700"}],"version-history":[{"count":3,"href":"https:\/\/www.urlaubcornwall.de\/blog\/wp-json\/wp\/v2\/pages\/40700\/revisions"}],"predecessor-version":[{"id":51172,"href":"https:\/\/www.urlaubcornwall.de\/blog\/wp-json\/wp\/v2\/pages\/40700\/revisions\/51172"}],"wp:attachment":[{"href":"https:\/\/www.urlaubcornwall.de\/blog\/wp-json\/wp\/v2\/media?parent=40700"}],"curies":[{"name":"wp","href":"https:\/\/api.w.org\/{rel}","templated":true}]}}