{"id":40698,"date":"2020-09-15T08:38:07","date_gmt":"2020-09-15T08:38:07","guid":{"rendered":"https:\/\/www.urlaubcornwall.de\/blog\/?page_id=40698"},"modified":"2020-09-15T08:38:07","modified_gmt":"2020-09-15T08:38:07","slug":"urlaub-in-gorran-haven-suedkueste-cornwalls","status":"publish","type":"page","link":"https:\/\/www.urlaubcornwall.de\/blog\/urlaub-in-gorran-haven-suedkueste-cornwalls\/","title":{"rendered":"Urlaub in Gorran Haven &#8211; S\u00fcdk\u00fcste Cornwalls"},"content":{"rendered":"<p><img loading=\"lazy\" class=\"aligncenter size-full wp-image-23393\" src=\"https:\/\/www.urlaubcornwall.de\/blog\/wp-content\/uploads\/2016\/03\/gorran-haven-strand.jpg\" alt=\"gorran haven strand\" width=\"749\" height=\"397\"\/><\/p>\n<p><strong>Gorran Haven \u2013<\/strong> Die engen Dorfstra\u00dfen f\u00fchren zu einem Sandstrand, dessen s\u00fcdliches Ende gesch\u00fctzt wird von einem kleinen Wellenbrecher und \u00fcberschaut von \u201aKellern\u2018, die einst von Fischern benutzt wurden. Der Pfad an der Klippenspitze nach Chapel Point bietet Zugang zum Great Perhaver Beach und f\u00fchrt vorbei am Bodrugan\u2019s Leap.<\/p>\n<p style=\"text-align: center;\"><a class=\"tidycta\" href=\"https:\/\/www.urlaubcornwall.de\/ferienhaeuser-fewos\/gorran-haven.html\">Ferienh\u00e4user in Gorran Haven<\/a><\/p>\n","protected":false},"excerpt":{"rendered":"<p>Gorran Haven \u2013 Die engen Dorfstra\u00dfen f\u00fchren zu einem Sandstrand, dessen s\u00fcdliches Ende gesch\u00fctzt wird von einem kleinen Wellenbrecher und \u00fcberschaut von \u201aKellern\u2018, die einst von Fischern benutzt wurden. Der Pfad an der Klippenspitze nach Chapel Point bietet Zugang zum Great Perhaver Beach und f\u00fchrt vorbei am Bodrugan\u2019s Leap. Ferienh\u00e4user in Gorran Haven<\/p>\n","protected":false},"author":1,"featured_media":0,"parent":0,"menu_order":0,"comment_status":"closed","ping_status":"closed","template":"single-four.php","meta":[],"acf":[],"yoast_head":"<!-- This site is optimized with the Yoast SEO plugin v19.4 - https:\/\/yoast.com\/wordpress\/plugins\/seo\/ -->\n<title>Urlaub in Gorran Haven - S\u00fcdk\u00fcste Cornwalls - Urlaub &amp; Reisen<\/title>\n<meta name=\"description\" content=\"Die engen Dorfstra\u00dfen f\u00fchren zu einem Sandstrand, dessen s\u00fcdliches Ende gesch\u00fctzt wird von einem kleinen Wellenbrecher und \u00fcberschaut von \u201aKellern\u2018, die einst von Fischern benutzt wurden. Der Pfad an der Klippenspitze nach Chapel Point bietet Zugang zum Great Perhaver Beach und f\u00fchrt vorbei am Bodrugan\u2019s Leap.\" \/>\n<meta name=\"robots\" content=\"index, follow, max-snippet:-1, max-image-preview:large, max-video-preview:-1\" \/>\n<link rel=\"canonical\" href=\"https:\/\/www.urlaubcornwall.de\/blog\/urlaub-in-gorran-haven-suedkueste-cornwalls\/\" \/>\n<meta property=\"og:locale\" content=\"en_US\" \/>\n<meta property=\"og:type\" content=\"article\" \/>\n<meta property=\"og:title\" content=\"Urlaub in Gorran Haven - S\u00fcdk\u00fcste Cornwalls - Urlaub &amp; Reisen\" \/>\n<meta property=\"og:description\" content=\"Die engen Dorfstra\u00dfen f\u00fchren zu einem Sandstrand, dessen s\u00fcdliches Ende gesch\u00fctzt wird von einem kleinen Wellenbrecher und \u00fcberschaut von \u201aKellern\u2018, die einst von Fischern benutzt wurden. Der Pfad an der Klippenspitze nach Chapel Point bietet Zugang zum Great Perhaver Beach und f\u00fchrt vorbei am Bodrugan\u2019s Leap.\" \/>\n<meta property=\"og:url\" content=\"https:\/\/www.urlaubcornwall.de\/blog\/urlaub-in-gorran-haven-suedkueste-cornwalls\/\" \/>\n<meta property=\"og:site_name\" content=\"Urlaub &amp; Reisen\" \/>\n<meta property=\"og:image\" content=\"https:\/\/www.urlaubcornwall.de\/blog\/wp-content\/uploads\/2016\/03\/gorran-haven-strand.jpg\" \/>\n<meta name=\"twitter:card\" content=\"summary\" \/>\n<script type=\"application\/ld+json\" class=\"yoast-schema-graph\">{\"@context\":\"https:\/\/schema.org\",\"@graph\":[{\"@type\":\"WebSite\",\"@id\":\"https:\/\/www.urlaubcornwall.de\/blog\/#website\",\"url\":\"https:\/\/www.urlaubcornwall.de\/blog\/\",\"name\":\"Urlaub &amp; Reisen\",\"description\":\"Urlaub, Reisen, Cornwall und S\u00fcdengland: eine perfekte Kombination\",\"potentialAction\":[{\"@type\":\"SearchAction\",\"target\":{\"@type\":\"EntryPoint\",\"urlTemplate\":\"https:\/\/www.urlaubcornwall.de\/blog\/?s={search_term_string}\"},\"query-input\":\"required name=search_term_string\"}],\"inLanguage\":\"en-US\"},{\"@type\":\"WebPage\",\"@id\":\"https:\/\/www.urlaubcornwall.de\/blog\/urlaub-in-gorran-haven-suedkueste-cornwalls\/\",\"url\":\"https:\/\/www.urlaubcornwall.de\/blog\/urlaub-in-gorran-haven-suedkueste-cornwalls\/\",\"name\":\"Urlaub in Gorran Haven - S\u00fcdk\u00fcste Cornwalls - Urlaub &amp; Reisen\",\"isPartOf\":{\"@id\":\"https:\/\/www.urlaubcornwall.de\/blog\/#website\"},\"datePublished\":\"2020-09-15T08:38:07+00:00\",\"dateModified\":\"2020-09-15T08:38:07+00:00\",\"description\":\"Die engen Dorfstra\u00dfen f\u00fchren zu einem Sandstrand, dessen s\u00fcdliches Ende gesch\u00fctzt wird von einem kleinen Wellenbrecher und \u00fcberschaut von \u201aKellern\u2018, die einst von Fischern benutzt wurden. Der Pfad an der Klippenspitze nach Chapel Point bietet Zugang zum Great Perhaver Beach und f\u00fchrt vorbei am Bodrugan\u2019s Leap.\",\"breadcrumb\":{\"@id\":\"https:\/\/www.urlaubcornwall.de\/blog\/urlaub-in-gorran-haven-suedkueste-cornwalls\/#breadcrumb\"},\"inLanguage\":\"en-US\",\"potentialAction\":[{\"@type\":\"ReadAction\",\"target\":[\"https:\/\/www.urlaubcornwall.de\/blog\/urlaub-in-gorran-haven-suedkueste-cornwalls\/\"]}]},{\"@type\":\"BreadcrumbList\",\"@id\":\"https:\/\/www.urlaubcornwall.de\/blog\/urlaub-in-gorran-haven-suedkueste-cornwalls\/#breadcrumb\",\"itemListElement\":[{\"@type\":\"ListItem\",\"position\":1,\"name\":\"Home\",\"item\":\"https:\/\/www.urlaubcornwall.de\/blog\/\"},{\"@type\":\"ListItem\",\"position\":2,\"name\":\"Urlaub in Gorran Haven &#8211; S\u00fcdk\u00fcste Cornwalls\"}]}]}<\/script>\n<!-- \/ Yoast SEO plugin. -->","yoast_head_json":{"title":"Urlaub in Gorran Haven - S\u00fcdk\u00fcste Cornwalls - Urlaub &amp; Reisen","description":"Die engen Dorfstra\u00dfen f\u00fchren zu einem Sandstrand, dessen s\u00fcdliches Ende gesch\u00fctzt wird von einem kleinen Wellenbrecher und \u00fcberschaut von \u201aKellern\u2018, die einst von Fischern benutzt wurden. Der Pfad an der Klippenspitze nach Chapel Point bietet Zugang zum Great Perhaver Beach und f\u00fchrt vorbei am Bodrugan\u2019s Leap.","robots":{"index":"index","follow":"follow","max-snippet":"max-snippet:-1","max-image-preview":"max-image-preview:large","max-video-preview":"max-video-preview:-1"},"canonical":"https:\/\/www.urlaubcornwall.de\/blog\/urlaub-in-gorran-haven-suedkueste-cornwalls\/","og_locale":"en_US","og_type":"article","og_title":"Urlaub in Gorran Haven - S\u00fcdk\u00fcste Cornwalls - Urlaub &amp; Reisen","og_description":"Die engen Dorfstra\u00dfen f\u00fchren zu einem Sandstrand, dessen s\u00fcdliches Ende gesch\u00fctzt wird von einem kleinen Wellenbrecher und \u00fcberschaut von \u201aKellern\u2018, die einst von Fischern benutzt wurden. Der Pfad an der Klippenspitze nach Chapel Point bietet Zugang zum Great Perhaver Beach und f\u00fchrt vorbei am Bodrugan\u2019s Leap.","og_url":"https:\/\/www.urlaubcornwall.de\/blog\/urlaub-in-gorran-haven-suedkueste-cornwalls\/","og_site_name":"Urlaub &amp; Reisen","og_image":[{"url":"https:\/\/www.urlaubcornwall.de\/blog\/wp-content\/uploads\/2016\/03\/gorran-haven-strand.jpg"}],"twitter_card":"summary","schema":{"@context":"https:\/\/schema.org","@graph":[{"@type":"WebSite","@id":"https:\/\/www.urlaubcornwall.de\/blog\/#website","url":"https:\/\/www.urlaubcornwall.de\/blog\/","name":"Urlaub &amp; Reisen","description":"Urlaub, Reisen, Cornwall und S\u00fcdengland: eine perfekte Kombination","potentialAction":[{"@type":"SearchAction","target":{"@type":"EntryPoint","urlTemplate":"https:\/\/www.urlaubcornwall.de\/blog\/?s={search_term_string}"},"query-input":"required name=search_term_string"}],"inLanguage":"en-US"},{"@type":"WebPage","@id":"https:\/\/www.urlaubcornwall.de\/blog\/urlaub-in-gorran-haven-suedkueste-cornwalls\/","url":"https:\/\/www.urlaubcornwall.de\/blog\/urlaub-in-gorran-haven-suedkueste-cornwalls\/","name":"Urlaub in Gorran Haven - S\u00fcdk\u00fcste Cornwalls - Urlaub &amp; Reisen","isPartOf":{"@id":"https:\/\/www.urlaubcornwall.de\/blog\/#website"},"datePublished":"2020-09-15T08:38:07+00:00","dateModified":"2020-09-15T08:38:07+00:00","description":"Die engen Dorfstra\u00dfen f\u00fchren zu einem Sandstrand, dessen s\u00fcdliches Ende gesch\u00fctzt wird von einem kleinen Wellenbrecher und \u00fcberschaut von \u201aKellern\u2018, die einst von Fischern benutzt wurden. Der Pfad an der Klippenspitze nach Chapel Point bietet Zugang zum Great Perhaver Beach und f\u00fchrt vorbei am Bodrugan\u2019s Leap.","breadcrumb":{"@id":"https:\/\/www.urlaubcornwall.de\/blog\/urlaub-in-gorran-haven-suedkueste-cornwalls\/#breadcrumb"},"inLanguage":"en-US","potentialAction":[{"@type":"ReadAction","target":["https:\/\/www.urlaubcornwall.de\/blog\/urlaub-in-gorran-haven-suedkueste-cornwalls\/"]}]},{"@type":"BreadcrumbList","@id":"https:\/\/www.urlaubcornwall.de\/blog\/urlaub-in-gorran-haven-suedkueste-cornwalls\/#breadcrumb","itemListElement":[{"@type":"ListItem","position":1,"name":"Home","item":"https:\/\/www.urlaubcornwall.de\/blog\/"},{"@type":"ListItem","position":2,"name":"Urlaub in Gorran Haven &#8211; S\u00fcdk\u00fcste Cornwalls"}]}]}},"_links":{"self":[{"href":"https:\/\/www.urlaubcornwall.de\/blog\/wp-json\/wp\/v2\/pages\/40698"}],"collection":[{"href":"https:\/\/www.urlaubcornwall.de\/blog\/wp-json\/wp\/v2\/pages"}],"about":[{"href":"https:\/\/www.urlaubcornwall.de\/blog\/wp-json\/wp\/v2\/types\/page"}],"author":[{"embeddable":true,"href":"https:\/\/www.urlaubcornwall.de\/blog\/wp-json\/wp\/v2\/users\/1"}],"replies":[{"embeddable":true,"href":"https:\/\/www.urlaubcornwall.de\/blog\/wp-json\/wp\/v2\/comments?post=40698"}],"version-history":[{"count":1,"href":"https:\/\/www.urlaubcornwall.de\/blog\/wp-json\/wp\/v2\/pages\/40698\/revisions"}],"predecessor-version":[{"id":40699,"href":"https:\/\/www.urlaubcornwall.de\/blog\/wp-json\/wp\/v2\/pages\/40698\/revisions\/40699"}],"wp:attachment":[{"href":"https:\/\/www.urlaubcornwall.de\/blog\/wp-json\/wp\/v2\/media?parent=40698"}],"curies":[{"name":"wp","href":"https:\/\/api.w.org\/{rel}","templated":true}]}}