{"id":40684,"date":"2020-09-13T08:22:28","date_gmt":"2020-09-13T08:22:28","guid":{"rendered":"https:\/\/www.urlaubcornwall.de\/blog\/?page_id=40684"},"modified":"2022-03-18T08:08:54","modified_gmt":"2022-03-18T08:08:54","slug":"wie-komme-ich-am-besten-mit-dem-auto-nach-england","status":"publish","type":"page","link":"https:\/\/www.urlaubcornwall.de\/blog\/wie-komme-ich-am-besten-mit-dem-auto-nach-england\/","title":{"rendered":"Wie komme ich am besten mit dem Auto nach England?"},"content":{"rendered":"<p><img loading=\"lazy\" class=\"aligncenter size-full wp-image-40145\" src=\"https:\/\/www.urlaubcornwall.de\/blog\/wp-content\/uploads\/2020\/05\/padstow-blick.jpg\" alt=\"padstow blick\" width=\"749\" height=\"703\" srcset=\"https:\/\/www.urlaubcornwall.de\/blog\/wp-content\/uploads\/2020\/05\/padstow-blick.jpg 749w, https:\/\/www.urlaubcornwall.de\/blog\/wp-content\/uploads\/2020\/05\/padstow-blick-300x282.jpg 300w\" sizes=\"(max-width: 749px) 100vw, 749px\" \/><\/p>\n<p><strong>Ist es m\u00f6glich von Deutschland aus, mit dem Auto nach Cornwall &#038; S\u00fcdengland zu kommen?<\/strong><\/p>\n<p>Einschr\u00e4nkungen f\u00fcr internationale Besucher, die nach Gro\u00dfbritannien einreisen. J\u00fcngstes Update &#8211; Vom 11. Februar 2022 ist es nicht mehr n\u00f6tig, sich bei Ankunft im UK einem Coronavirustest zu unterziehen, sofern Besucher vollst\u00e4ndig geimpft sind. Reisende werden ins Land kommen k\u00f6nnen, ohne vor oder nach der Reise einen Test durchf\u00fchren zu m\u00fcssen.<\/p>\n<p>Wir haben einen F\u00fchrer zusammengestellt der besten szenischen <a href=\"https:\/\/www.urlaubcornwall.de\/blog\/mit-dem-auto-nach-cornwall-suedwesten-englands\/\">Reiserouten nach Cornwall<\/a>.<\/p>\n<p><strong>Urlaub in England nach der Aufhebung der Coronavirus-Einschr\u00e4nkungen<\/strong><\/p>\n<p>Nach dem Coronavirus sind <a href=\"https:\/\/www.urlaubcornwall.de\/ferienhaeuser-fewos\/cornwall.html\">Selbstversorgerunterk\u00fcnfte<\/a> die beste Option f\u00fcr einen Urlaub in Cornwall. Reisende k\u00f6nnen in ihrem eigenen Bereich bleiben mit der M\u00f6glichkeit, sich selbst zu versorgen oder nach Belieben Restaurants und Caf\u00e9s aufzusuchen. <\/p>\n<p><img loading=\"lazy\" class=\"aligncenter size-full wp-image-38137\" src=\"https:\/\/www.urlaubcornwall.de\/blog\/wp-content\/uploads\/2019\/04\/Charmante-D\u00f6rfer-cornwall.jpg\" alt=\"Urlaub in Cornwall Covid 19 Coronavirus\" width=\"749\" height=\"498\"\/><\/p>\n<p>Cornwall bietet eine riesige Auswahl an herrlichen Unterk\u00fcnften, von stilvollen modernen Urlaubsappartements in beliebten St\u00e4dten wie <a href=\"https:\/\/www.urlaubcornwall.de\/ferienhaeuser-fewos\/st-ives.html\">St Ives<\/a> und <a href=\"https:\/\/www.urlaubcornwall.de\/ferienhaeuser-fewos\/falmouth.html\">Falmouth<\/a>, bis hin zu traditionellen Fischercottages in historischen Fischerd\u00f6rfern wie <a href=\"https:\/\/www.urlaubcornwall.de\/ferienhaeuser-fewos\/padstow.html\">Padstow<\/a>, Coverack und Polperro. Wir haben mehr als 600 handverlesene und inspizierte <a href=\"https:\/\/www.urlaubcornwall.de\/ferienhaeuser\/cornwall.php\">Ferienh\u00e4user in Cornwall<\/a> im Angebot.<\/p>\n<p>Vorbereitungen f\u00fcr Ihren Urlaub in einem Ferienhaus in Cornwall &#8211; Extra Sorgfalt walten lassen: Nach Covid-19 wird Ihr Urlaub in Cornwall verst\u00e4ndlicherweise ein wenig anders ausschauen. Daher wollten wir sicherstellen, dass Sie sich sicher und gut vorbereitet f\u00fcr Ihre Reise f\u00fchlen&#8230;. <a href=\"https:\/\/www.urlaubcornwall.de\/blog\/vorbereitungen-fuer-ihren-urlaub-in-einem-ferienhaus-in-cornwall\/\">[ Mehr ]<\/a><\/p>\n","protected":false},"excerpt":{"rendered":"<p>Ist es m\u00f6glich von Deutschland aus, mit dem Auto nach Cornwall &#038; S\u00fcdengland zu kommen? Einschr\u00e4nkungen f\u00fcr internationale Besucher, die nach Gro\u00dfbritannien einreisen. J\u00fcngstes Update &#8211; Vom 11. Februar 2022 ist es nicht mehr n\u00f6tig, sich bei Ankunft im UK einem Coronavirustest zu unterziehen, sofern Besucher vollst\u00e4ndig geimpft sind. Reisende werden ins Land kommen k\u00f6nnen, [&hellip;]<\/p>\n","protected":false},"author":1,"featured_media":0,"parent":0,"menu_order":0,"comment_status":"closed","ping_status":"closed","template":"single-four.php","meta":[],"acf":[],"yoast_head":"<!-- This site is optimized with the Yoast SEO plugin v19.4 - https:\/\/yoast.com\/wordpress\/plugins\/seo\/ -->\n<title>Wie komme ich am besten mit dem Auto nach England? - Urlaub &amp; Reisen<\/title>\n<meta name=\"robots\" content=\"index, follow, max-snippet:-1, max-image-preview:large, max-video-preview:-1\" \/>\n<link rel=\"canonical\" href=\"https:\/\/www.urlaubcornwall.de\/blog\/wie-komme-ich-am-besten-mit-dem-auto-nach-england\/\" \/>\n<meta property=\"og:locale\" content=\"en_US\" \/>\n<meta property=\"og:type\" content=\"article\" \/>\n<meta property=\"og:title\" content=\"Wie komme ich am besten mit dem Auto nach England? - Urlaub &amp; Reisen\" \/>\n<meta property=\"og:description\" content=\"Ist es m\u00f6glich von Deutschland aus, mit dem Auto nach Cornwall &#038; S\u00fcdengland zu kommen? Einschr\u00e4nkungen f\u00fcr internationale Besucher, die nach Gro\u00dfbritannien einreisen. J\u00fcngstes Update &#8211; Vom 11. Februar 2022 ist es nicht mehr n\u00f6tig, sich bei Ankunft im UK einem Coronavirustest zu unterziehen, sofern Besucher vollst\u00e4ndig geimpft sind. Reisende werden ins Land kommen k\u00f6nnen, [&hellip;]\" \/>\n<meta property=\"og:url\" content=\"https:\/\/www.urlaubcornwall.de\/blog\/wie-komme-ich-am-besten-mit-dem-auto-nach-england\/\" \/>\n<meta property=\"og:site_name\" content=\"Urlaub &amp; Reisen\" \/>\n<meta property=\"article:modified_time\" content=\"2022-03-18T08:08:54+00:00\" \/>\n<meta property=\"og:image\" content=\"https:\/\/www.urlaubcornwall.de\/blog\/wp-content\/uploads\/2020\/05\/padstow-blick.jpg\" \/>\n<meta name=\"twitter:card\" content=\"summary\" \/>\n<meta name=\"twitter:label1\" content=\"Est. reading time\" \/>\n\t<meta name=\"twitter:data1\" content=\"1 minute\" \/>\n<script type=\"application\/ld+json\" class=\"yoast-schema-graph\">{\"@context\":\"https:\/\/schema.org\",\"@graph\":[{\"@type\":\"WebSite\",\"@id\":\"https:\/\/www.urlaubcornwall.de\/blog\/#website\",\"url\":\"https:\/\/www.urlaubcornwall.de\/blog\/\",\"name\":\"Urlaub &amp; Reisen\",\"description\":\"Urlaub, Reisen, Cornwall und S\u00fcdengland: eine perfekte Kombination\",\"potentialAction\":[{\"@type\":\"SearchAction\",\"target\":{\"@type\":\"EntryPoint\",\"urlTemplate\":\"https:\/\/www.urlaubcornwall.de\/blog\/?s={search_term_string}\"},\"query-input\":\"required name=search_term_string\"}],\"inLanguage\":\"en-US\"},{\"@type\":\"WebPage\",\"@id\":\"https:\/\/www.urlaubcornwall.de\/blog\/wie-komme-ich-am-besten-mit-dem-auto-nach-england\/\",\"url\":\"https:\/\/www.urlaubcornwall.de\/blog\/wie-komme-ich-am-besten-mit-dem-auto-nach-england\/\",\"name\":\"Wie komme ich am besten mit dem Auto nach England? - Urlaub &amp; Reisen\",\"isPartOf\":{\"@id\":\"https:\/\/www.urlaubcornwall.de\/blog\/#website\"},\"datePublished\":\"2020-09-13T08:22:28+00:00\",\"dateModified\":\"2022-03-18T08:08:54+00:00\",\"breadcrumb\":{\"@id\":\"https:\/\/www.urlaubcornwall.de\/blog\/wie-komme-ich-am-besten-mit-dem-auto-nach-england\/#breadcrumb\"},\"inLanguage\":\"en-US\",\"potentialAction\":[{\"@type\":\"ReadAction\",\"target\":[\"https:\/\/www.urlaubcornwall.de\/blog\/wie-komme-ich-am-besten-mit-dem-auto-nach-england\/\"]}]},{\"@type\":\"BreadcrumbList\",\"@id\":\"https:\/\/www.urlaubcornwall.de\/blog\/wie-komme-ich-am-besten-mit-dem-auto-nach-england\/#breadcrumb\",\"itemListElement\":[{\"@type\":\"ListItem\",\"position\":1,\"name\":\"Home\",\"item\":\"https:\/\/www.urlaubcornwall.de\/blog\/\"},{\"@type\":\"ListItem\",\"position\":2,\"name\":\"Wie komme ich am besten mit dem Auto nach England?\"}]}]}<\/script>\n<!-- \/ Yoast SEO plugin. -->","yoast_head_json":{"title":"Wie komme ich am besten mit dem Auto nach England? - Urlaub &amp; Reisen","robots":{"index":"index","follow":"follow","max-snippet":"max-snippet:-1","max-image-preview":"max-image-preview:large","max-video-preview":"max-video-preview:-1"},"canonical":"https:\/\/www.urlaubcornwall.de\/blog\/wie-komme-ich-am-besten-mit-dem-auto-nach-england\/","og_locale":"en_US","og_type":"article","og_title":"Wie komme ich am besten mit dem Auto nach England? - Urlaub &amp; Reisen","og_description":"Ist es m\u00f6glich von Deutschland aus, mit dem Auto nach Cornwall &#038; S\u00fcdengland zu kommen? Einschr\u00e4nkungen f\u00fcr internationale Besucher, die nach Gro\u00dfbritannien einreisen. J\u00fcngstes Update &#8211; Vom 11. Februar 2022 ist es nicht mehr n\u00f6tig, sich bei Ankunft im UK einem Coronavirustest zu unterziehen, sofern Besucher vollst\u00e4ndig geimpft sind. Reisende werden ins Land kommen k\u00f6nnen, [&hellip;]","og_url":"https:\/\/www.urlaubcornwall.de\/blog\/wie-komme-ich-am-besten-mit-dem-auto-nach-england\/","og_site_name":"Urlaub &amp; Reisen","article_modified_time":"2022-03-18T08:08:54+00:00","og_image":[{"url":"https:\/\/www.urlaubcornwall.de\/blog\/wp-content\/uploads\/2020\/05\/padstow-blick.jpg"}],"twitter_card":"summary","twitter_misc":{"Est. reading time":"1 minute"},"schema":{"@context":"https:\/\/schema.org","@graph":[{"@type":"WebSite","@id":"https:\/\/www.urlaubcornwall.de\/blog\/#website","url":"https:\/\/www.urlaubcornwall.de\/blog\/","name":"Urlaub &amp; Reisen","description":"Urlaub, Reisen, Cornwall und S\u00fcdengland: eine perfekte Kombination","potentialAction":[{"@type":"SearchAction","target":{"@type":"EntryPoint","urlTemplate":"https:\/\/www.urlaubcornwall.de\/blog\/?s={search_term_string}"},"query-input":"required name=search_term_string"}],"inLanguage":"en-US"},{"@type":"WebPage","@id":"https:\/\/www.urlaubcornwall.de\/blog\/wie-komme-ich-am-besten-mit-dem-auto-nach-england\/","url":"https:\/\/www.urlaubcornwall.de\/blog\/wie-komme-ich-am-besten-mit-dem-auto-nach-england\/","name":"Wie komme ich am besten mit dem Auto nach England? - Urlaub &amp; Reisen","isPartOf":{"@id":"https:\/\/www.urlaubcornwall.de\/blog\/#website"},"datePublished":"2020-09-13T08:22:28+00:00","dateModified":"2022-03-18T08:08:54+00:00","breadcrumb":{"@id":"https:\/\/www.urlaubcornwall.de\/blog\/wie-komme-ich-am-besten-mit-dem-auto-nach-england\/#breadcrumb"},"inLanguage":"en-US","potentialAction":[{"@type":"ReadAction","target":["https:\/\/www.urlaubcornwall.de\/blog\/wie-komme-ich-am-besten-mit-dem-auto-nach-england\/"]}]},{"@type":"BreadcrumbList","@id":"https:\/\/www.urlaubcornwall.de\/blog\/wie-komme-ich-am-besten-mit-dem-auto-nach-england\/#breadcrumb","itemListElement":[{"@type":"ListItem","position":1,"name":"Home","item":"https:\/\/www.urlaubcornwall.de\/blog\/"},{"@type":"ListItem","position":2,"name":"Wie komme ich am besten mit dem Auto nach England?"}]}]}},"_links":{"self":[{"href":"https:\/\/www.urlaubcornwall.de\/blog\/wp-json\/wp\/v2\/pages\/40684"}],"collection":[{"href":"https:\/\/www.urlaubcornwall.de\/blog\/wp-json\/wp\/v2\/pages"}],"about":[{"href":"https:\/\/www.urlaubcornwall.de\/blog\/wp-json\/wp\/v2\/types\/page"}],"author":[{"embeddable":true,"href":"https:\/\/www.urlaubcornwall.de\/blog\/wp-json\/wp\/v2\/users\/1"}],"replies":[{"embeddable":true,"href":"https:\/\/www.urlaubcornwall.de\/blog\/wp-json\/wp\/v2\/comments?post=40684"}],"version-history":[{"count":5,"href":"https:\/\/www.urlaubcornwall.de\/blog\/wp-json\/wp\/v2\/pages\/40684\/revisions"}],"predecessor-version":[{"id":44662,"href":"https:\/\/www.urlaubcornwall.de\/blog\/wp-json\/wp\/v2\/pages\/40684\/revisions\/44662"}],"wp:attachment":[{"href":"https:\/\/www.urlaubcornwall.de\/blog\/wp-json\/wp\/v2\/media?parent=40684"}],"curies":[{"name":"wp","href":"https:\/\/api.w.org\/{rel}","templated":true}]}}