{"id":40625,"date":"2020-08-11T09:30:05","date_gmt":"2020-08-11T09:30:05","guid":{"rendered":"https:\/\/www.urlaubcornwall.de\/blog\/?page_id=40625"},"modified":"2020-08-11T10:57:32","modified_gmt":"2020-08-11T10:57:32","slug":"schoene-ferienhaus-in-oxford-nr-48919","status":"publish","type":"page","link":"https:\/\/www.urlaubcornwall.de\/blog\/schoene-ferienhaus-in-oxford-nr-48919\/","title":{"rendered":"Sch\u00f6ne Ferienhaus in Oxford &#8211; Nr 48919"},"content":{"rendered":"<p><img loading=\"lazy\" class=\"aligncenter size-full wp-image-40627\" src=\"https:\/\/www.urlaubcornwall.de\/blog\/wp-content\/uploads\/2020\/08\/CC063_AR-5_edit.jpg\" alt=\"Ferienhaus Oxford\" width=\"750\" height=\"562\" srcset=\"https:\/\/www.urlaubcornwall.de\/blog\/wp-content\/uploads\/2020\/08\/CC063_AR-5_edit.jpg 750w, https:\/\/www.urlaubcornwall.de\/blog\/wp-content\/uploads\/2020\/08\/CC063_AR-5_edit-300x225.jpg 300w\" sizes=\"(max-width: 750px) 100vw, 750px\" \/><\/p>\n<p>2 Schlafzimmer, 1 Badezimmer Hundefreundlich Feriencottage in <a href=\"https:\/\/www.urlaubcornwall.de\/ferienhaeuser-fewos\/eng\/oxfordshire\/oxford.html\">Oxford<\/a>, <a href=\"https:\/\/www.urlaubcornwall.de\/ferienhaeuser-fewos\/eng\/oxfordshire\/oxfordshire.html\">Oxfordshire<\/a>.<\/p>\n<p style=\"text-align: center;\"><a class=\"tidycta\" href=\"https:\/\/www.urlaubcornwall.de\/ferienhaeuser-fewos\/unterkunft\/Holiday\/48919-2-bedroom-cottage-in-oxford---cc063.html\">Mehr Info<\/a><\/p>\n<p>Die <a href=\"https:\/\/www.urlaubcornwall.de\/blog\/urlaub-in-oxford-unterkunft-sehenswuerdigkeiten-und-geschichte\/\">Stadt Oxford<\/a> wird dominiert von ihrer Universit\u00e4t; die Universit\u00e4t Oxford soll eine der besten der Welt sein und die \u00e4lteste in der englischsprachigen Welt. Die Universit\u00e4t wird erstmals erw\u00e4hnt in Aufzeichnungen des 12. Jahrhunderts, und heute besteht die Oxford Universit\u00e4t aus mehr als 40 Colleges in der ganzen Stadt. <\/p>\n","protected":false},"excerpt":{"rendered":"<p>2 Schlafzimmer, 1 Badezimmer Hundefreundlich Feriencottage in Oxford, Oxfordshire. Mehr Info Die Stadt Oxford wird dominiert von ihrer Universit\u00e4t; die Universit\u00e4t Oxford soll eine der besten der Welt sein und die \u00e4lteste in der englischsprachigen Welt. Die Universit\u00e4t wird erstmals erw\u00e4hnt in Aufzeichnungen des 12. Jahrhunderts, und heute besteht die Oxford Universit\u00e4t aus mehr als [&hellip;]<\/p>\n","protected":false},"author":1,"featured_media":0,"parent":0,"menu_order":0,"comment_status":"closed","ping_status":"closed","template":"single-four.php","meta":[],"acf":[],"yoast_head":"<!-- This site is optimized with the Yoast SEO plugin v19.4 - https:\/\/yoast.com\/wordpress\/plugins\/seo\/ -->\n<title>Sch\u00f6ne Ferienhaus in Oxford - Nr 48919 - Urlaub &amp; Reisen<\/title>\n<meta name=\"description\" content=\"Die Stadt Oxford wird dominiert von ihrer Universit\u00e4t; die Universit\u00e4t Oxford soll eine der besten der Welt sein und die \u00e4lteste in der englischsprachigen Welt. Die Universit\u00e4t wird erstmals erw\u00e4hnt in Aufzeichnungen des 12. Jahrhunderts, und heute besteht die Oxford Universit\u00e4t aus mehr als 40 Colleges in der ganzen Stadt.\" \/>\n<meta name=\"robots\" content=\"index, follow, max-snippet:-1, max-image-preview:large, max-video-preview:-1\" \/>\n<link rel=\"canonical\" href=\"https:\/\/www.urlaubcornwall.de\/blog\/schoene-ferienhaus-in-oxford-nr-48919\/\" \/>\n<meta property=\"og:locale\" content=\"en_US\" \/>\n<meta property=\"og:type\" content=\"article\" \/>\n<meta property=\"og:title\" content=\"Sch\u00f6ne Ferienhaus in Oxford - Nr 48919 - Urlaub &amp; Reisen\" \/>\n<meta property=\"og:description\" content=\"Die Stadt Oxford wird dominiert von ihrer Universit\u00e4t; die Universit\u00e4t Oxford soll eine der besten der Welt sein und die \u00e4lteste in der englischsprachigen Welt. Die Universit\u00e4t wird erstmals erw\u00e4hnt in Aufzeichnungen des 12. Jahrhunderts, und heute besteht die Oxford Universit\u00e4t aus mehr als 40 Colleges in der ganzen Stadt.\" \/>\n<meta property=\"og:url\" content=\"https:\/\/www.urlaubcornwall.de\/blog\/schoene-ferienhaus-in-oxford-nr-48919\/\" \/>\n<meta property=\"og:site_name\" content=\"Urlaub &amp; Reisen\" \/>\n<meta property=\"article:modified_time\" content=\"2020-08-11T10:57:32+00:00\" \/>\n<meta property=\"og:image\" content=\"https:\/\/www.urlaubcornwall.de\/blog\/wp-content\/uploads\/2020\/08\/CC063_AR-5_edit.jpg\" \/>\n<meta name=\"twitter:card\" content=\"summary\" \/>\n<script type=\"application\/ld+json\" class=\"yoast-schema-graph\">{\"@context\":\"https:\/\/schema.org\",\"@graph\":[{\"@type\":\"WebSite\",\"@id\":\"https:\/\/www.urlaubcornwall.de\/blog\/#website\",\"url\":\"https:\/\/www.urlaubcornwall.de\/blog\/\",\"name\":\"Urlaub &amp; Reisen\",\"description\":\"Urlaub, Reisen, Cornwall und S\u00fcdengland: eine perfekte Kombination\",\"potentialAction\":[{\"@type\":\"SearchAction\",\"target\":{\"@type\":\"EntryPoint\",\"urlTemplate\":\"https:\/\/www.urlaubcornwall.de\/blog\/?s={search_term_string}\"},\"query-input\":\"required name=search_term_string\"}],\"inLanguage\":\"en-US\"},{\"@type\":\"WebPage\",\"@id\":\"https:\/\/www.urlaubcornwall.de\/blog\/schoene-ferienhaus-in-oxford-nr-48919\/\",\"url\":\"https:\/\/www.urlaubcornwall.de\/blog\/schoene-ferienhaus-in-oxford-nr-48919\/\",\"name\":\"Sch\u00f6ne Ferienhaus in Oxford - Nr 48919 - Urlaub &amp; Reisen\",\"isPartOf\":{\"@id\":\"https:\/\/www.urlaubcornwall.de\/blog\/#website\"},\"datePublished\":\"2020-08-11T09:30:05+00:00\",\"dateModified\":\"2020-08-11T10:57:32+00:00\",\"description\":\"Die Stadt Oxford wird dominiert von ihrer Universit\u00e4t; die Universit\u00e4t Oxford soll eine der besten der Welt sein und die \u00e4lteste in der englischsprachigen Welt. Die Universit\u00e4t wird erstmals erw\u00e4hnt in Aufzeichnungen des 12. Jahrhunderts, und heute besteht die Oxford Universit\u00e4t aus mehr als 40 Colleges in der ganzen Stadt.\",\"breadcrumb\":{\"@id\":\"https:\/\/www.urlaubcornwall.de\/blog\/schoene-ferienhaus-in-oxford-nr-48919\/#breadcrumb\"},\"inLanguage\":\"en-US\",\"potentialAction\":[{\"@type\":\"ReadAction\",\"target\":[\"https:\/\/www.urlaubcornwall.de\/blog\/schoene-ferienhaus-in-oxford-nr-48919\/\"]}]},{\"@type\":\"BreadcrumbList\",\"@id\":\"https:\/\/www.urlaubcornwall.de\/blog\/schoene-ferienhaus-in-oxford-nr-48919\/#breadcrumb\",\"itemListElement\":[{\"@type\":\"ListItem\",\"position\":1,\"name\":\"Home\",\"item\":\"https:\/\/www.urlaubcornwall.de\/blog\/\"},{\"@type\":\"ListItem\",\"position\":2,\"name\":\"Sch\u00f6ne Ferienhaus in Oxford &#8211; Nr 48919\"}]}]}<\/script>\n<!-- \/ Yoast SEO plugin. -->","yoast_head_json":{"title":"Sch\u00f6ne Ferienhaus in Oxford - Nr 48919 - Urlaub &amp; Reisen","description":"Die Stadt Oxford wird dominiert von ihrer Universit\u00e4t; die Universit\u00e4t Oxford soll eine der besten der Welt sein und die \u00e4lteste in der englischsprachigen Welt. Die Universit\u00e4t wird erstmals erw\u00e4hnt in Aufzeichnungen des 12. Jahrhunderts, und heute besteht die Oxford Universit\u00e4t aus mehr als 40 Colleges in der ganzen Stadt.","robots":{"index":"index","follow":"follow","max-snippet":"max-snippet:-1","max-image-preview":"max-image-preview:large","max-video-preview":"max-video-preview:-1"},"canonical":"https:\/\/www.urlaubcornwall.de\/blog\/schoene-ferienhaus-in-oxford-nr-48919\/","og_locale":"en_US","og_type":"article","og_title":"Sch\u00f6ne Ferienhaus in Oxford - Nr 48919 - Urlaub &amp; Reisen","og_description":"Die Stadt Oxford wird dominiert von ihrer Universit\u00e4t; die Universit\u00e4t Oxford soll eine der besten der Welt sein und die \u00e4lteste in der englischsprachigen Welt. Die Universit\u00e4t wird erstmals erw\u00e4hnt in Aufzeichnungen des 12. Jahrhunderts, und heute besteht die Oxford Universit\u00e4t aus mehr als 40 Colleges in der ganzen Stadt.","og_url":"https:\/\/www.urlaubcornwall.de\/blog\/schoene-ferienhaus-in-oxford-nr-48919\/","og_site_name":"Urlaub &amp; Reisen","article_modified_time":"2020-08-11T10:57:32+00:00","og_image":[{"url":"https:\/\/www.urlaubcornwall.de\/blog\/wp-content\/uploads\/2020\/08\/CC063_AR-5_edit.jpg"}],"twitter_card":"summary","schema":{"@context":"https:\/\/schema.org","@graph":[{"@type":"WebSite","@id":"https:\/\/www.urlaubcornwall.de\/blog\/#website","url":"https:\/\/www.urlaubcornwall.de\/blog\/","name":"Urlaub &amp; Reisen","description":"Urlaub, Reisen, Cornwall und S\u00fcdengland: eine perfekte Kombination","potentialAction":[{"@type":"SearchAction","target":{"@type":"EntryPoint","urlTemplate":"https:\/\/www.urlaubcornwall.de\/blog\/?s={search_term_string}"},"query-input":"required name=search_term_string"}],"inLanguage":"en-US"},{"@type":"WebPage","@id":"https:\/\/www.urlaubcornwall.de\/blog\/schoene-ferienhaus-in-oxford-nr-48919\/","url":"https:\/\/www.urlaubcornwall.de\/blog\/schoene-ferienhaus-in-oxford-nr-48919\/","name":"Sch\u00f6ne Ferienhaus in Oxford - Nr 48919 - Urlaub &amp; Reisen","isPartOf":{"@id":"https:\/\/www.urlaubcornwall.de\/blog\/#website"},"datePublished":"2020-08-11T09:30:05+00:00","dateModified":"2020-08-11T10:57:32+00:00","description":"Die Stadt Oxford wird dominiert von ihrer Universit\u00e4t; die Universit\u00e4t Oxford soll eine der besten der Welt sein und die \u00e4lteste in der englischsprachigen Welt. Die Universit\u00e4t wird erstmals erw\u00e4hnt in Aufzeichnungen des 12. Jahrhunderts, und heute besteht die Oxford Universit\u00e4t aus mehr als 40 Colleges in der ganzen Stadt.","breadcrumb":{"@id":"https:\/\/www.urlaubcornwall.de\/blog\/schoene-ferienhaus-in-oxford-nr-48919\/#breadcrumb"},"inLanguage":"en-US","potentialAction":[{"@type":"ReadAction","target":["https:\/\/www.urlaubcornwall.de\/blog\/schoene-ferienhaus-in-oxford-nr-48919\/"]}]},{"@type":"BreadcrumbList","@id":"https:\/\/www.urlaubcornwall.de\/blog\/schoene-ferienhaus-in-oxford-nr-48919\/#breadcrumb","itemListElement":[{"@type":"ListItem","position":1,"name":"Home","item":"https:\/\/www.urlaubcornwall.de\/blog\/"},{"@type":"ListItem","position":2,"name":"Sch\u00f6ne Ferienhaus in Oxford &#8211; Nr 48919"}]}]}},"_links":{"self":[{"href":"https:\/\/www.urlaubcornwall.de\/blog\/wp-json\/wp\/v2\/pages\/40625"}],"collection":[{"href":"https:\/\/www.urlaubcornwall.de\/blog\/wp-json\/wp\/v2\/pages"}],"about":[{"href":"https:\/\/www.urlaubcornwall.de\/blog\/wp-json\/wp\/v2\/types\/page"}],"author":[{"embeddable":true,"href":"https:\/\/www.urlaubcornwall.de\/blog\/wp-json\/wp\/v2\/users\/1"}],"replies":[{"embeddable":true,"href":"https:\/\/www.urlaubcornwall.de\/blog\/wp-json\/wp\/v2\/comments?post=40625"}],"version-history":[{"count":3,"href":"https:\/\/www.urlaubcornwall.de\/blog\/wp-json\/wp\/v2\/pages\/40625\/revisions"}],"predecessor-version":[{"id":40629,"href":"https:\/\/www.urlaubcornwall.de\/blog\/wp-json\/wp\/v2\/pages\/40625\/revisions\/40629"}],"wp:attachment":[{"href":"https:\/\/www.urlaubcornwall.de\/blog\/wp-json\/wp\/v2\/media?parent=40625"}],"curies":[{"name":"wp","href":"https:\/\/api.w.org\/{rel}","templated":true}]}}