{"id":40621,"date":"2020-08-10T09:07:57","date_gmt":"2020-08-10T09:07:57","guid":{"rendered":"https:\/\/www.urlaubcornwall.de\/blog\/?page_id=40621"},"modified":"2020-08-10T09:07:57","modified_gmt":"2020-08-10T09:07:57","slug":"ferienhaus-in-tewkesbury-cotswolds-nr","status":"publish","type":"page","link":"https:\/\/www.urlaubcornwall.de\/blog\/ferienhaus-in-tewkesbury-cotswolds-nr\/","title":{"rendered":"Ferienhaus in Tewkesbury, Cotswolds &#8211; Nr 45588"},"content":{"rendered":"<p><img loading=\"lazy\" class=\"aligncenter size-full wp-image-40622\" src=\"https:\/\/www.urlaubcornwall.de\/blog\/wp-content\/uploads\/2020\/08\/ferienhaus-tewkesbury.jpg\" alt=\"ferienhaus tewkesbury\" width=\"750\" height=\"563\" srcset=\"https:\/\/www.urlaubcornwall.de\/blog\/wp-content\/uploads\/2020\/08\/ferienhaus-tewkesbury.jpg 750w, https:\/\/www.urlaubcornwall.de\/blog\/wp-content\/uploads\/2020\/08\/ferienhaus-tewkesbury-300x225.jpg 300w\" sizes=\"(max-width: 750px) 100vw, 750px\" \/><\/p>\n<p>3 Schlafzimmer 1 Badezimmer Feriencottage. Hundefreundlich. 8 Kilometern NE von <a href=\"https:\/\/www.urlaubcornwall.de\/ferienhaeuser-fewos\/eng\/worcestershire\/tewkesbury.html\">Tewkesbury<\/a>, <a href=\"https:\/\/www.urlaubcornwall.de\/ferienhaeuser-fewos\/eng\/worcestershire\/worcestershire.html\">Worcestershire<\/a>.<\/p>\n<p style=\"text-align: center;\"><a class=\"tidycta\" href=\"https:\/\/www.urlaubcornwall.de\/ferienhaeuser-fewos\/unterkunft\/Holiday\/45588-3-bedroom-cottage-in-tewkesbury---45588.html\">Mehr Info<\/a><\/p>\n<p>Die Cotswolds liegen zwischen den bezaubernden St\u00e4dten <a href=\"https:\/\/www.urlaubcornwall.de\/ferienhaeuser-fewos\/eng\/warwickshire\/stratford-upon-avon.html\">Stratford-upon-Avon<\/a>, <a href=\"https:\/\/www.urlaubcornwall.de\/ferienhaeuser-fewos\/eng\/somerset\/bath.html\">Bath<\/a> und <a href=\"https:\/\/www.urlaubcornwall.de\/ferienhaeuser-fewos\/eng\/oxfordshire\/oxford.html\">Oxford<\/a>. Sie spiegeln die Quintessenz Englands mit ihren sehenswerten Ortschaften voller honigfarbener H\u00e4user, Landg\u00fctern, charmanten Kirchen und Bruchsteinmauern wieder. Die Region hat aber auch architektonische Meisterwerke zu bieten, wie die schwarz-wei\u00dfen mittelalterlichen Geb\u00e4ude von Tewkesbury und die eleganten Regency-H\u00e4user in Cheltenham. <\/p>\n","protected":false},"excerpt":{"rendered":"<p>3 Schlafzimmer 1 Badezimmer Feriencottage. Hundefreundlich. 8 Kilometern NE von Tewkesbury, Worcestershire. Mehr Info Die Cotswolds liegen zwischen den bezaubernden St\u00e4dten Stratford-upon-Avon, Bath und Oxford. Sie spiegeln die Quintessenz Englands mit ihren sehenswerten Ortschaften voller honigfarbener H\u00e4user, Landg\u00fctern, charmanten Kirchen und Bruchsteinmauern wieder. Die Region hat aber auch architektonische Meisterwerke zu bieten, wie die schwarz-wei\u00dfen [&hellip;]<\/p>\n","protected":false},"author":1,"featured_media":0,"parent":0,"menu_order":0,"comment_status":"closed","ping_status":"closed","template":"single-four.php","meta":[],"acf":[],"yoast_head":"<!-- This site is optimized with the Yoast SEO plugin v19.4 - https:\/\/yoast.com\/wordpress\/plugins\/seo\/ -->\n<title>Ferienhaus in Tewkesbury, Cotswolds - Nr 45588 - Urlaub &amp; Reisen<\/title>\n<meta name=\"description\" content=\"Die Cotswolds liegen zwischen den bezaubernden St\u00e4dten Stratford-upon-Avon, Bath und Oxford. Sie spiegeln die Quintessenz Englands mit ihren sehenswerten Ortschaften voller honigfarbener H\u00e4user, Landg\u00fctern, charmanten Kirchen und Bruchsteinmauern wieder. Die Region hat aber auch architektonische Meisterwerke zu bieten, wie die schwarz-wei\u00dfen mittelalterlichen Geb\u00e4ude von Tewkesbury und die eleganten Regency-H\u00e4user in Cheltenham.\" \/>\n<meta name=\"robots\" content=\"index, follow, max-snippet:-1, max-image-preview:large, max-video-preview:-1\" \/>\n<link rel=\"canonical\" href=\"https:\/\/www.urlaubcornwall.de\/blog\/ferienhaus-in-tewkesbury-cotswolds-nr\/\" \/>\n<meta property=\"og:locale\" content=\"en_US\" \/>\n<meta property=\"og:type\" content=\"article\" \/>\n<meta property=\"og:title\" content=\"Ferienhaus in Tewkesbury, Cotswolds - Nr 45588 - Urlaub &amp; Reisen\" \/>\n<meta property=\"og:description\" content=\"Die Cotswolds liegen zwischen den bezaubernden St\u00e4dten Stratford-upon-Avon, Bath und Oxford. Sie spiegeln die Quintessenz Englands mit ihren sehenswerten Ortschaften voller honigfarbener H\u00e4user, Landg\u00fctern, charmanten Kirchen und Bruchsteinmauern wieder. Die Region hat aber auch architektonische Meisterwerke zu bieten, wie die schwarz-wei\u00dfen mittelalterlichen Geb\u00e4ude von Tewkesbury und die eleganten Regency-H\u00e4user in Cheltenham.\" \/>\n<meta property=\"og:url\" content=\"https:\/\/www.urlaubcornwall.de\/blog\/ferienhaus-in-tewkesbury-cotswolds-nr\/\" \/>\n<meta property=\"og:site_name\" content=\"Urlaub &amp; Reisen\" \/>\n<meta property=\"og:image\" content=\"https:\/\/www.urlaubcornwall.de\/blog\/wp-content\/uploads\/2020\/08\/ferienhaus-tewkesbury.jpg\" \/>\n<meta name=\"twitter:card\" content=\"summary\" \/>\n<script type=\"application\/ld+json\" class=\"yoast-schema-graph\">{\"@context\":\"https:\/\/schema.org\",\"@graph\":[{\"@type\":\"WebSite\",\"@id\":\"https:\/\/www.urlaubcornwall.de\/blog\/#website\",\"url\":\"https:\/\/www.urlaubcornwall.de\/blog\/\",\"name\":\"Urlaub &amp; Reisen\",\"description\":\"Urlaub, Reisen, Cornwall und S\u00fcdengland: eine perfekte Kombination\",\"potentialAction\":[{\"@type\":\"SearchAction\",\"target\":{\"@type\":\"EntryPoint\",\"urlTemplate\":\"https:\/\/www.urlaubcornwall.de\/blog\/?s={search_term_string}\"},\"query-input\":\"required name=search_term_string\"}],\"inLanguage\":\"en-US\"},{\"@type\":\"WebPage\",\"@id\":\"https:\/\/www.urlaubcornwall.de\/blog\/ferienhaus-in-tewkesbury-cotswolds-nr\/\",\"url\":\"https:\/\/www.urlaubcornwall.de\/blog\/ferienhaus-in-tewkesbury-cotswolds-nr\/\",\"name\":\"Ferienhaus in Tewkesbury, Cotswolds - Nr 45588 - Urlaub &amp; Reisen\",\"isPartOf\":{\"@id\":\"https:\/\/www.urlaubcornwall.de\/blog\/#website\"},\"datePublished\":\"2020-08-10T09:07:57+00:00\",\"dateModified\":\"2020-08-10T09:07:57+00:00\",\"description\":\"Die Cotswolds liegen zwischen den bezaubernden St\u00e4dten Stratford-upon-Avon, Bath und Oxford. Sie spiegeln die Quintessenz Englands mit ihren sehenswerten Ortschaften voller honigfarbener H\u00e4user, Landg\u00fctern, charmanten Kirchen und Bruchsteinmauern wieder. Die Region hat aber auch architektonische Meisterwerke zu bieten, wie die schwarz-wei\u00dfen mittelalterlichen Geb\u00e4ude von Tewkesbury und die eleganten Regency-H\u00e4user in Cheltenham.\",\"breadcrumb\":{\"@id\":\"https:\/\/www.urlaubcornwall.de\/blog\/ferienhaus-in-tewkesbury-cotswolds-nr\/#breadcrumb\"},\"inLanguage\":\"en-US\",\"potentialAction\":[{\"@type\":\"ReadAction\",\"target\":[\"https:\/\/www.urlaubcornwall.de\/blog\/ferienhaus-in-tewkesbury-cotswolds-nr\/\"]}]},{\"@type\":\"BreadcrumbList\",\"@id\":\"https:\/\/www.urlaubcornwall.de\/blog\/ferienhaus-in-tewkesbury-cotswolds-nr\/#breadcrumb\",\"itemListElement\":[{\"@type\":\"ListItem\",\"position\":1,\"name\":\"Home\",\"item\":\"https:\/\/www.urlaubcornwall.de\/blog\/\"},{\"@type\":\"ListItem\",\"position\":2,\"name\":\"Ferienhaus in Tewkesbury, Cotswolds &#8211; Nr 45588\"}]}]}<\/script>\n<!-- \/ Yoast SEO plugin. -->","yoast_head_json":{"title":"Ferienhaus in Tewkesbury, Cotswolds - Nr 45588 - Urlaub &amp; Reisen","description":"Die Cotswolds liegen zwischen den bezaubernden St\u00e4dten Stratford-upon-Avon, Bath und Oxford. Sie spiegeln die Quintessenz Englands mit ihren sehenswerten Ortschaften voller honigfarbener H\u00e4user, Landg\u00fctern, charmanten Kirchen und Bruchsteinmauern wieder. Die Region hat aber auch architektonische Meisterwerke zu bieten, wie die schwarz-wei\u00dfen mittelalterlichen Geb\u00e4ude von Tewkesbury und die eleganten Regency-H\u00e4user in Cheltenham.","robots":{"index":"index","follow":"follow","max-snippet":"max-snippet:-1","max-image-preview":"max-image-preview:large","max-video-preview":"max-video-preview:-1"},"canonical":"https:\/\/www.urlaubcornwall.de\/blog\/ferienhaus-in-tewkesbury-cotswolds-nr\/","og_locale":"en_US","og_type":"article","og_title":"Ferienhaus in Tewkesbury, Cotswolds - Nr 45588 - Urlaub &amp; Reisen","og_description":"Die Cotswolds liegen zwischen den bezaubernden St\u00e4dten Stratford-upon-Avon, Bath und Oxford. Sie spiegeln die Quintessenz Englands mit ihren sehenswerten Ortschaften voller honigfarbener H\u00e4user, Landg\u00fctern, charmanten Kirchen und Bruchsteinmauern wieder. Die Region hat aber auch architektonische Meisterwerke zu bieten, wie die schwarz-wei\u00dfen mittelalterlichen Geb\u00e4ude von Tewkesbury und die eleganten Regency-H\u00e4user in Cheltenham.","og_url":"https:\/\/www.urlaubcornwall.de\/blog\/ferienhaus-in-tewkesbury-cotswolds-nr\/","og_site_name":"Urlaub &amp; Reisen","og_image":[{"url":"https:\/\/www.urlaubcornwall.de\/blog\/wp-content\/uploads\/2020\/08\/ferienhaus-tewkesbury.jpg"}],"twitter_card":"summary","schema":{"@context":"https:\/\/schema.org","@graph":[{"@type":"WebSite","@id":"https:\/\/www.urlaubcornwall.de\/blog\/#website","url":"https:\/\/www.urlaubcornwall.de\/blog\/","name":"Urlaub &amp; Reisen","description":"Urlaub, Reisen, Cornwall und S\u00fcdengland: eine perfekte Kombination","potentialAction":[{"@type":"SearchAction","target":{"@type":"EntryPoint","urlTemplate":"https:\/\/www.urlaubcornwall.de\/blog\/?s={search_term_string}"},"query-input":"required name=search_term_string"}],"inLanguage":"en-US"},{"@type":"WebPage","@id":"https:\/\/www.urlaubcornwall.de\/blog\/ferienhaus-in-tewkesbury-cotswolds-nr\/","url":"https:\/\/www.urlaubcornwall.de\/blog\/ferienhaus-in-tewkesbury-cotswolds-nr\/","name":"Ferienhaus in Tewkesbury, Cotswolds - Nr 45588 - Urlaub &amp; Reisen","isPartOf":{"@id":"https:\/\/www.urlaubcornwall.de\/blog\/#website"},"datePublished":"2020-08-10T09:07:57+00:00","dateModified":"2020-08-10T09:07:57+00:00","description":"Die Cotswolds liegen zwischen den bezaubernden St\u00e4dten Stratford-upon-Avon, Bath und Oxford. Sie spiegeln die Quintessenz Englands mit ihren sehenswerten Ortschaften voller honigfarbener H\u00e4user, Landg\u00fctern, charmanten Kirchen und Bruchsteinmauern wieder. Die Region hat aber auch architektonische Meisterwerke zu bieten, wie die schwarz-wei\u00dfen mittelalterlichen Geb\u00e4ude von Tewkesbury und die eleganten Regency-H\u00e4user in Cheltenham.","breadcrumb":{"@id":"https:\/\/www.urlaubcornwall.de\/blog\/ferienhaus-in-tewkesbury-cotswolds-nr\/#breadcrumb"},"inLanguage":"en-US","potentialAction":[{"@type":"ReadAction","target":["https:\/\/www.urlaubcornwall.de\/blog\/ferienhaus-in-tewkesbury-cotswolds-nr\/"]}]},{"@type":"BreadcrumbList","@id":"https:\/\/www.urlaubcornwall.de\/blog\/ferienhaus-in-tewkesbury-cotswolds-nr\/#breadcrumb","itemListElement":[{"@type":"ListItem","position":1,"name":"Home","item":"https:\/\/www.urlaubcornwall.de\/blog\/"},{"@type":"ListItem","position":2,"name":"Ferienhaus in Tewkesbury, Cotswolds &#8211; Nr 45588"}]}]}},"_links":{"self":[{"href":"https:\/\/www.urlaubcornwall.de\/blog\/wp-json\/wp\/v2\/pages\/40621"}],"collection":[{"href":"https:\/\/www.urlaubcornwall.de\/blog\/wp-json\/wp\/v2\/pages"}],"about":[{"href":"https:\/\/www.urlaubcornwall.de\/blog\/wp-json\/wp\/v2\/types\/page"}],"author":[{"embeddable":true,"href":"https:\/\/www.urlaubcornwall.de\/blog\/wp-json\/wp\/v2\/users\/1"}],"replies":[{"embeddable":true,"href":"https:\/\/www.urlaubcornwall.de\/blog\/wp-json\/wp\/v2\/comments?post=40621"}],"version-history":[{"count":1,"href":"https:\/\/www.urlaubcornwall.de\/blog\/wp-json\/wp\/v2\/pages\/40621\/revisions"}],"predecessor-version":[{"id":40623,"href":"https:\/\/www.urlaubcornwall.de\/blog\/wp-json\/wp\/v2\/pages\/40621\/revisions\/40623"}],"wp:attachment":[{"href":"https:\/\/www.urlaubcornwall.de\/blog\/wp-json\/wp\/v2\/media?parent=40621"}],"curies":[{"name":"wp","href":"https:\/\/api.w.org\/{rel}","templated":true}]}}