{"id":40605,"date":"2020-08-04T11:15:05","date_gmt":"2020-08-04T11:15:05","guid":{"rendered":"https:\/\/www.urlaubcornwall.de\/blog\/?page_id=40605"},"modified":"2024-05-30T15:56:44","modified_gmt":"2024-05-30T15:56:44","slug":"portloe-hoehepunkte-auf-der-roseland-halbinsel","status":"publish","type":"page","link":"https:\/\/www.urlaubcornwall.de\/blog\/portloe-hoehepunkte-auf-der-roseland-halbinsel\/","title":{"rendered":"Portloe &#8211; H\u00f6hepunkte auf der Roseland Halbinsel"},"content":{"rendered":"<p>Der felsige Hafen, \u00fcberschaut vom Lugger Hotel aus dem 17. Jahrhundert, ist fast genauso schmal wie die Str\u00e4\u00dfchen dieses h\u00fcbschen kleinen Dorfes. Die Bucht hat einen Bootssteg und wird noch immer von ein paar Fischerbooten benutzt. Hier finden Sie auch unvergessliche Spazierwege entlang der Klippen nach <a href=\"https:\/\/www.urlaubcornwall.de\/blog\/nare-head-hoehepunkte-auf-der-roseland-halbinsel\/\">Nare Head<\/a> und Portholland.<\/p>\n<p>Die Roseland Halbinsel ist mit ruhigen Str\u00e4nden, eindrucksvollen K\u00fcsten- und Flusslandschaften und urigen D\u00f6rfern einer der malerischsten und naturbelassenen Teile von S\u00fcdwest- England; dazu in leichter Erreichbarkeit der St\u00e4dte <a href=\"https:\/\/www.urlaubcornwall.de\/ferienhaeuser-fewos\/falmouth.html\">Falmouth<\/a> und <a href=\"https:\/\/www.urlaubcornwall.de\/ferienhaeuser-fewos\/truro.html\">Truro<\/a>. Oft als Hauptstadt bezeichnet, kann St Mawes mittels der Passagierf\u00e4hre von Falmouth aus besucht werden oder mit dem Auto \u00fcber den Fluss Fal mit der King Harry F\u00e4hre bei Trelissick.<\/p>\n<p>Cornwall besitzt mehr K\u00fcstenlinien als jede andere Grafschaft und bietet einige der besten Str\u00e4nde, K\u00fcstenwanderwege und Klippenlandschaften, die man \u00fcberhaupt finden kann. Es ist das perfekte Urlaubsziel \u2013 suchen Sie sich also ein Ferienhaus mit Selbstverpflegung in Cornwall aus, wo es auch landeinw\u00e4rts viel zu entdecken gibt.<\/p>\n<p style=\"text-align: center;\"><a class=\"tidycta\" href=\"https:\/\/www.urlaubcornwall.de\/ferienhaeuser-fewos\/cornwall-am-meer.html\">Suche Ferienh\u00e4user am Meer<\/a><\/p>\n","protected":false},"excerpt":{"rendered":"<p>Der felsige Hafen, \u00fcberschaut vom Lugger Hotel aus dem 17. Jahrhundert, ist fast genauso schmal wie die Str\u00e4\u00dfchen dieses h\u00fcbschen kleinen Dorfes. Die Bucht hat einen Bootssteg und wird noch immer von ein paar Fischerbooten benutzt. Hier finden Sie auch unvergessliche Spazierwege entlang der Klippen nach Nare Head und Portholland. Die Roseland Halbinsel ist mit [&hellip;]<\/p>\n","protected":false},"author":1,"featured_media":0,"parent":0,"menu_order":0,"comment_status":"closed","ping_status":"closed","template":"single-four.php","meta":[],"acf":[],"yoast_head":"<!-- This site is optimized with the Yoast SEO plugin v19.4 - https:\/\/yoast.com\/wordpress\/plugins\/seo\/ -->\n<title>Portloe - H\u00f6hepunkte auf der Roseland Halbinsel - Urlaub &amp; Reisen<\/title>\n<meta name=\"description\" content=\"Der felsige Hafen, \u00fcberschaut vom Lugger Hotel aus dem 17. Jahrhundert, ist fast genauso schmal wie die Str\u00e4\u00dfchen dieses h\u00fcbschen kleinen Dorfes. Die Bucht hat einen Bootssteg und wird noch immer von ein paar Fischerbooten benutzt. Hier finden Sie auch unvergessliche Spazierwege entlang der Klippen nach Nare Head und Portholland.\" \/>\n<meta name=\"robots\" content=\"index, follow, max-snippet:-1, max-image-preview:large, max-video-preview:-1\" \/>\n<link rel=\"canonical\" href=\"https:\/\/www.urlaubcornwall.de\/blog\/portloe-hoehepunkte-auf-der-roseland-halbinsel\/\" \/>\n<meta property=\"og:locale\" content=\"en_US\" \/>\n<meta property=\"og:type\" content=\"article\" \/>\n<meta property=\"og:title\" content=\"Portloe - H\u00f6hepunkte auf der Roseland Halbinsel - Urlaub &amp; Reisen\" \/>\n<meta property=\"og:description\" content=\"Der felsige Hafen, \u00fcberschaut vom Lugger Hotel aus dem 17. Jahrhundert, ist fast genauso schmal wie die Str\u00e4\u00dfchen dieses h\u00fcbschen kleinen Dorfes. Die Bucht hat einen Bootssteg und wird noch immer von ein paar Fischerbooten benutzt. Hier finden Sie auch unvergessliche Spazierwege entlang der Klippen nach Nare Head und Portholland.\" \/>\n<meta property=\"og:url\" content=\"https:\/\/www.urlaubcornwall.de\/blog\/portloe-hoehepunkte-auf-der-roseland-halbinsel\/\" \/>\n<meta property=\"og:site_name\" content=\"Urlaub &amp; Reisen\" \/>\n<meta property=\"article:modified_time\" content=\"2024-05-30T15:56:44+00:00\" \/>\n<meta name=\"twitter:card\" content=\"summary\" \/>\n<meta name=\"twitter:label1\" content=\"Est. reading time\" \/>\n\t<meta name=\"twitter:data1\" content=\"1 minute\" \/>\n<script type=\"application\/ld+json\" class=\"yoast-schema-graph\">{\"@context\":\"https:\/\/schema.org\",\"@graph\":[{\"@type\":\"WebSite\",\"@id\":\"https:\/\/www.urlaubcornwall.de\/blog\/#website\",\"url\":\"https:\/\/www.urlaubcornwall.de\/blog\/\",\"name\":\"Urlaub &amp; Reisen\",\"description\":\"Urlaub, Reisen, Cornwall und S\u00fcdengland: eine perfekte Kombination\",\"potentialAction\":[{\"@type\":\"SearchAction\",\"target\":{\"@type\":\"EntryPoint\",\"urlTemplate\":\"https:\/\/www.urlaubcornwall.de\/blog\/?s={search_term_string}\"},\"query-input\":\"required name=search_term_string\"}],\"inLanguage\":\"en-US\"},{\"@type\":\"WebPage\",\"@id\":\"https:\/\/www.urlaubcornwall.de\/blog\/portloe-hoehepunkte-auf-der-roseland-halbinsel\/\",\"url\":\"https:\/\/www.urlaubcornwall.de\/blog\/portloe-hoehepunkte-auf-der-roseland-halbinsel\/\",\"name\":\"Portloe - H\u00f6hepunkte auf der Roseland Halbinsel - Urlaub &amp; Reisen\",\"isPartOf\":{\"@id\":\"https:\/\/www.urlaubcornwall.de\/blog\/#website\"},\"datePublished\":\"2020-08-04T11:15:05+00:00\",\"dateModified\":\"2024-05-30T15:56:44+00:00\",\"description\":\"Der felsige Hafen, \u00fcberschaut vom Lugger Hotel aus dem 17. Jahrhundert, ist fast genauso schmal wie die Str\u00e4\u00dfchen dieses h\u00fcbschen kleinen Dorfes. Die Bucht hat einen Bootssteg und wird noch immer von ein paar Fischerbooten benutzt. Hier finden Sie auch unvergessliche Spazierwege entlang der Klippen nach Nare Head und Portholland.\",\"breadcrumb\":{\"@id\":\"https:\/\/www.urlaubcornwall.de\/blog\/portloe-hoehepunkte-auf-der-roseland-halbinsel\/#breadcrumb\"},\"inLanguage\":\"en-US\",\"potentialAction\":[{\"@type\":\"ReadAction\",\"target\":[\"https:\/\/www.urlaubcornwall.de\/blog\/portloe-hoehepunkte-auf-der-roseland-halbinsel\/\"]}]},{\"@type\":\"BreadcrumbList\",\"@id\":\"https:\/\/www.urlaubcornwall.de\/blog\/portloe-hoehepunkte-auf-der-roseland-halbinsel\/#breadcrumb\",\"itemListElement\":[{\"@type\":\"ListItem\",\"position\":1,\"name\":\"Home\",\"item\":\"https:\/\/www.urlaubcornwall.de\/blog\/\"},{\"@type\":\"ListItem\",\"position\":2,\"name\":\"Portloe &#8211; H\u00f6hepunkte auf der Roseland Halbinsel\"}]}]}<\/script>\n<!-- \/ Yoast SEO plugin. -->","yoast_head_json":{"title":"Portloe - H\u00f6hepunkte auf der Roseland Halbinsel - Urlaub &amp; Reisen","description":"Der felsige Hafen, \u00fcberschaut vom Lugger Hotel aus dem 17. Jahrhundert, ist fast genauso schmal wie die Str\u00e4\u00dfchen dieses h\u00fcbschen kleinen Dorfes. Die Bucht hat einen Bootssteg und wird noch immer von ein paar Fischerbooten benutzt. Hier finden Sie auch unvergessliche Spazierwege entlang der Klippen nach Nare Head und Portholland.","robots":{"index":"index","follow":"follow","max-snippet":"max-snippet:-1","max-image-preview":"max-image-preview:large","max-video-preview":"max-video-preview:-1"},"canonical":"https:\/\/www.urlaubcornwall.de\/blog\/portloe-hoehepunkte-auf-der-roseland-halbinsel\/","og_locale":"en_US","og_type":"article","og_title":"Portloe - H\u00f6hepunkte auf der Roseland Halbinsel - Urlaub &amp; Reisen","og_description":"Der felsige Hafen, \u00fcberschaut vom Lugger Hotel aus dem 17. Jahrhundert, ist fast genauso schmal wie die Str\u00e4\u00dfchen dieses h\u00fcbschen kleinen Dorfes. Die Bucht hat einen Bootssteg und wird noch immer von ein paar Fischerbooten benutzt. Hier finden Sie auch unvergessliche Spazierwege entlang der Klippen nach Nare Head und Portholland.","og_url":"https:\/\/www.urlaubcornwall.de\/blog\/portloe-hoehepunkte-auf-der-roseland-halbinsel\/","og_site_name":"Urlaub &amp; Reisen","article_modified_time":"2024-05-30T15:56:44+00:00","twitter_card":"summary","twitter_misc":{"Est. reading time":"1 minute"},"schema":{"@context":"https:\/\/schema.org","@graph":[{"@type":"WebSite","@id":"https:\/\/www.urlaubcornwall.de\/blog\/#website","url":"https:\/\/www.urlaubcornwall.de\/blog\/","name":"Urlaub &amp; Reisen","description":"Urlaub, Reisen, Cornwall und S\u00fcdengland: eine perfekte Kombination","potentialAction":[{"@type":"SearchAction","target":{"@type":"EntryPoint","urlTemplate":"https:\/\/www.urlaubcornwall.de\/blog\/?s={search_term_string}"},"query-input":"required name=search_term_string"}],"inLanguage":"en-US"},{"@type":"WebPage","@id":"https:\/\/www.urlaubcornwall.de\/blog\/portloe-hoehepunkte-auf-der-roseland-halbinsel\/","url":"https:\/\/www.urlaubcornwall.de\/blog\/portloe-hoehepunkte-auf-der-roseland-halbinsel\/","name":"Portloe - H\u00f6hepunkte auf der Roseland Halbinsel - Urlaub &amp; Reisen","isPartOf":{"@id":"https:\/\/www.urlaubcornwall.de\/blog\/#website"},"datePublished":"2020-08-04T11:15:05+00:00","dateModified":"2024-05-30T15:56:44+00:00","description":"Der felsige Hafen, \u00fcberschaut vom Lugger Hotel aus dem 17. Jahrhundert, ist fast genauso schmal wie die Str\u00e4\u00dfchen dieses h\u00fcbschen kleinen Dorfes. Die Bucht hat einen Bootssteg und wird noch immer von ein paar Fischerbooten benutzt. Hier finden Sie auch unvergessliche Spazierwege entlang der Klippen nach Nare Head und Portholland.","breadcrumb":{"@id":"https:\/\/www.urlaubcornwall.de\/blog\/portloe-hoehepunkte-auf-der-roseland-halbinsel\/#breadcrumb"},"inLanguage":"en-US","potentialAction":[{"@type":"ReadAction","target":["https:\/\/www.urlaubcornwall.de\/blog\/portloe-hoehepunkte-auf-der-roseland-halbinsel\/"]}]},{"@type":"BreadcrumbList","@id":"https:\/\/www.urlaubcornwall.de\/blog\/portloe-hoehepunkte-auf-der-roseland-halbinsel\/#breadcrumb","itemListElement":[{"@type":"ListItem","position":1,"name":"Home","item":"https:\/\/www.urlaubcornwall.de\/blog\/"},{"@type":"ListItem","position":2,"name":"Portloe &#8211; H\u00f6hepunkte auf der Roseland Halbinsel"}]}]}},"_links":{"self":[{"href":"https:\/\/www.urlaubcornwall.de\/blog\/wp-json\/wp\/v2\/pages\/40605"}],"collection":[{"href":"https:\/\/www.urlaubcornwall.de\/blog\/wp-json\/wp\/v2\/pages"}],"about":[{"href":"https:\/\/www.urlaubcornwall.de\/blog\/wp-json\/wp\/v2\/types\/page"}],"author":[{"embeddable":true,"href":"https:\/\/www.urlaubcornwall.de\/blog\/wp-json\/wp\/v2\/users\/1"}],"replies":[{"embeddable":true,"href":"https:\/\/www.urlaubcornwall.de\/blog\/wp-json\/wp\/v2\/comments?post=40605"}],"version-history":[{"count":5,"href":"https:\/\/www.urlaubcornwall.de\/blog\/wp-json\/wp\/v2\/pages\/40605\/revisions"}],"predecessor-version":[{"id":51173,"href":"https:\/\/www.urlaubcornwall.de\/blog\/wp-json\/wp\/v2\/pages\/40605\/revisions\/51173"}],"wp:attachment":[{"href":"https:\/\/www.urlaubcornwall.de\/blog\/wp-json\/wp\/v2\/media?parent=40605"}],"curies":[{"name":"wp","href":"https:\/\/api.w.org\/{rel}","templated":true}]}}