{"id":40599,"date":"2020-08-04T09:04:40","date_gmt":"2020-08-04T09:04:40","guid":{"rendered":"https:\/\/www.urlaubcornwall.de\/blog\/?page_id=40599"},"modified":"2020-08-04T09:04:40","modified_gmt":"2020-08-04T09:04:40","slug":"porthluney-cove-strand-naehe-schloss-caerhays","status":"publish","type":"page","link":"https:\/\/www.urlaubcornwall.de\/blog\/porthluney-cove-strand-naehe-schloss-caerhays\/","title":{"rendered":"Porthluney Cove Strand in der N\u00e4he Schloss Caerhays"},"content":{"rendered":"<p><img loading=\"lazy\" class=\"aligncenter size-full wp-image-40600\" src=\"https:\/\/www.urlaubcornwall.de\/blog\/wp-content\/uploads\/2020\/08\/porthluney-cove-strand-caerhays.jpg\" alt=\"porthluney cove strand caerhays\" width=\"750\" height=\"562\" srcset=\"https:\/\/www.urlaubcornwall.de\/blog\/wp-content\/uploads\/2020\/08\/porthluney-cove-strand-caerhays.jpg 750w, https:\/\/www.urlaubcornwall.de\/blog\/wp-content\/uploads\/2020\/08\/porthluney-cove-strand-caerhays-300x225.jpg 300w\" sizes=\"(max-width: 750px) 100vw, 750px\" \/><\/p>\n<p>Porthluney Cove befindet sich in Privatbesitz, ist ein abgeschiedener Familienstrand, der bei den Einheimischen beliebt ist. Die weite Sandausdehnung befindet sich direkt vor Caerhays Castle und G\u00e4rten.<\/p>\n<p>Eine Grafschaft elementarer Sch\u00f6nheit mit H\u00e4usern direkt am Meer zeigt Ihnen Cornwalls eindrucksvollstes Merkmal direkt: den wechselhaften Ozean.<\/p>\n<p style=\"text-align: center;\"><a class=\"tidycta\" href=\"https:\/\/www.urlaubcornwall.de\/ferienhaeuser-fewos\/cornwall-am-meer.html\">Suche Ferienh\u00e4user am Meer<\/a><\/p>\n","protected":false},"excerpt":{"rendered":"<p>Porthluney Cove befindet sich in Privatbesitz, ist ein abgeschiedener Familienstrand, der bei den Einheimischen beliebt ist. Die weite Sandausdehnung befindet sich direkt vor Caerhays Castle und G\u00e4rten. Eine Grafschaft elementarer Sch\u00f6nheit mit H\u00e4usern direkt am Meer zeigt Ihnen Cornwalls eindrucksvollstes Merkmal direkt: den wechselhaften Ozean. Suche Ferienh\u00e4user am Meer<\/p>\n","protected":false},"author":1,"featured_media":0,"parent":0,"menu_order":0,"comment_status":"closed","ping_status":"closed","template":"single-four.php","meta":[],"acf":[],"yoast_head":"<!-- This site is optimized with the Yoast SEO plugin v19.4 - https:\/\/yoast.com\/wordpress\/plugins\/seo\/ -->\n<title>Porthluney Cove Strand in der N\u00e4he Schloss Caerhays - Urlaub &amp; Reisen<\/title>\n<meta name=\"description\" content=\"Porthluney Cove befindet sich in Privatbesitz, ist ein abgeschiedener Familienstrand, der bei den Einheimischen beliebt ist. Die weite Sandausdehnung befindet sich direkt vor Caerhays Castle und G\u00e4rten.\" \/>\n<meta name=\"robots\" content=\"index, follow, max-snippet:-1, max-image-preview:large, max-video-preview:-1\" \/>\n<link rel=\"canonical\" href=\"https:\/\/www.urlaubcornwall.de\/blog\/porthluney-cove-strand-naehe-schloss-caerhays\/\" \/>\n<meta property=\"og:locale\" content=\"en_US\" \/>\n<meta property=\"og:type\" content=\"article\" \/>\n<meta property=\"og:title\" content=\"Porthluney Cove Strand in der N\u00e4he Schloss Caerhays - Urlaub &amp; Reisen\" \/>\n<meta property=\"og:description\" content=\"Porthluney Cove befindet sich in Privatbesitz, ist ein abgeschiedener Familienstrand, der bei den Einheimischen beliebt ist. Die weite Sandausdehnung befindet sich direkt vor Caerhays Castle und G\u00e4rten.\" \/>\n<meta property=\"og:url\" content=\"https:\/\/www.urlaubcornwall.de\/blog\/porthluney-cove-strand-naehe-schloss-caerhays\/\" \/>\n<meta property=\"og:site_name\" content=\"Urlaub &amp; Reisen\" \/>\n<meta property=\"og:image\" content=\"https:\/\/www.urlaubcornwall.de\/blog\/wp-content\/uploads\/2020\/08\/porthluney-cove-strand-caerhays.jpg\" \/>\n<meta name=\"twitter:card\" content=\"summary\" \/>\n<script type=\"application\/ld+json\" class=\"yoast-schema-graph\">{\"@context\":\"https:\/\/schema.org\",\"@graph\":[{\"@type\":\"WebSite\",\"@id\":\"https:\/\/www.urlaubcornwall.de\/blog\/#website\",\"url\":\"https:\/\/www.urlaubcornwall.de\/blog\/\",\"name\":\"Urlaub &amp; Reisen\",\"description\":\"Urlaub, Reisen, Cornwall und S\u00fcdengland: eine perfekte Kombination\",\"potentialAction\":[{\"@type\":\"SearchAction\",\"target\":{\"@type\":\"EntryPoint\",\"urlTemplate\":\"https:\/\/www.urlaubcornwall.de\/blog\/?s={search_term_string}\"},\"query-input\":\"required name=search_term_string\"}],\"inLanguage\":\"en-US\"},{\"@type\":\"WebPage\",\"@id\":\"https:\/\/www.urlaubcornwall.de\/blog\/porthluney-cove-strand-naehe-schloss-caerhays\/\",\"url\":\"https:\/\/www.urlaubcornwall.de\/blog\/porthluney-cove-strand-naehe-schloss-caerhays\/\",\"name\":\"Porthluney Cove Strand in der N\u00e4he Schloss Caerhays - Urlaub &amp; Reisen\",\"isPartOf\":{\"@id\":\"https:\/\/www.urlaubcornwall.de\/blog\/#website\"},\"datePublished\":\"2020-08-04T09:04:40+00:00\",\"dateModified\":\"2020-08-04T09:04:40+00:00\",\"description\":\"Porthluney Cove befindet sich in Privatbesitz, ist ein abgeschiedener Familienstrand, der bei den Einheimischen beliebt ist. Die weite Sandausdehnung befindet sich direkt vor Caerhays Castle und G\u00e4rten.\",\"breadcrumb\":{\"@id\":\"https:\/\/www.urlaubcornwall.de\/blog\/porthluney-cove-strand-naehe-schloss-caerhays\/#breadcrumb\"},\"inLanguage\":\"en-US\",\"potentialAction\":[{\"@type\":\"ReadAction\",\"target\":[\"https:\/\/www.urlaubcornwall.de\/blog\/porthluney-cove-strand-naehe-schloss-caerhays\/\"]}]},{\"@type\":\"BreadcrumbList\",\"@id\":\"https:\/\/www.urlaubcornwall.de\/blog\/porthluney-cove-strand-naehe-schloss-caerhays\/#breadcrumb\",\"itemListElement\":[{\"@type\":\"ListItem\",\"position\":1,\"name\":\"Home\",\"item\":\"https:\/\/www.urlaubcornwall.de\/blog\/\"},{\"@type\":\"ListItem\",\"position\":2,\"name\":\"Porthluney Cove Strand in der N\u00e4he Schloss Caerhays\"}]}]}<\/script>\n<!-- \/ Yoast SEO plugin. -->","yoast_head_json":{"title":"Porthluney Cove Strand in der N\u00e4he Schloss Caerhays - Urlaub &amp; Reisen","description":"Porthluney Cove befindet sich in Privatbesitz, ist ein abgeschiedener Familienstrand, der bei den Einheimischen beliebt ist. Die weite Sandausdehnung befindet sich direkt vor Caerhays Castle und G\u00e4rten.","robots":{"index":"index","follow":"follow","max-snippet":"max-snippet:-1","max-image-preview":"max-image-preview:large","max-video-preview":"max-video-preview:-1"},"canonical":"https:\/\/www.urlaubcornwall.de\/blog\/porthluney-cove-strand-naehe-schloss-caerhays\/","og_locale":"en_US","og_type":"article","og_title":"Porthluney Cove Strand in der N\u00e4he Schloss Caerhays - Urlaub &amp; Reisen","og_description":"Porthluney Cove befindet sich in Privatbesitz, ist ein abgeschiedener Familienstrand, der bei den Einheimischen beliebt ist. Die weite Sandausdehnung befindet sich direkt vor Caerhays Castle und G\u00e4rten.","og_url":"https:\/\/www.urlaubcornwall.de\/blog\/porthluney-cove-strand-naehe-schloss-caerhays\/","og_site_name":"Urlaub &amp; Reisen","og_image":[{"url":"https:\/\/www.urlaubcornwall.de\/blog\/wp-content\/uploads\/2020\/08\/porthluney-cove-strand-caerhays.jpg"}],"twitter_card":"summary","schema":{"@context":"https:\/\/schema.org","@graph":[{"@type":"WebSite","@id":"https:\/\/www.urlaubcornwall.de\/blog\/#website","url":"https:\/\/www.urlaubcornwall.de\/blog\/","name":"Urlaub &amp; Reisen","description":"Urlaub, Reisen, Cornwall und S\u00fcdengland: eine perfekte Kombination","potentialAction":[{"@type":"SearchAction","target":{"@type":"EntryPoint","urlTemplate":"https:\/\/www.urlaubcornwall.de\/blog\/?s={search_term_string}"},"query-input":"required name=search_term_string"}],"inLanguage":"en-US"},{"@type":"WebPage","@id":"https:\/\/www.urlaubcornwall.de\/blog\/porthluney-cove-strand-naehe-schloss-caerhays\/","url":"https:\/\/www.urlaubcornwall.de\/blog\/porthluney-cove-strand-naehe-schloss-caerhays\/","name":"Porthluney Cove Strand in der N\u00e4he Schloss Caerhays - Urlaub &amp; Reisen","isPartOf":{"@id":"https:\/\/www.urlaubcornwall.de\/blog\/#website"},"datePublished":"2020-08-04T09:04:40+00:00","dateModified":"2020-08-04T09:04:40+00:00","description":"Porthluney Cove befindet sich in Privatbesitz, ist ein abgeschiedener Familienstrand, der bei den Einheimischen beliebt ist. Die weite Sandausdehnung befindet sich direkt vor Caerhays Castle und G\u00e4rten.","breadcrumb":{"@id":"https:\/\/www.urlaubcornwall.de\/blog\/porthluney-cove-strand-naehe-schloss-caerhays\/#breadcrumb"},"inLanguage":"en-US","potentialAction":[{"@type":"ReadAction","target":["https:\/\/www.urlaubcornwall.de\/blog\/porthluney-cove-strand-naehe-schloss-caerhays\/"]}]},{"@type":"BreadcrumbList","@id":"https:\/\/www.urlaubcornwall.de\/blog\/porthluney-cove-strand-naehe-schloss-caerhays\/#breadcrumb","itemListElement":[{"@type":"ListItem","position":1,"name":"Home","item":"https:\/\/www.urlaubcornwall.de\/blog\/"},{"@type":"ListItem","position":2,"name":"Porthluney Cove Strand in der N\u00e4he Schloss Caerhays"}]}]}},"_links":{"self":[{"href":"https:\/\/www.urlaubcornwall.de\/blog\/wp-json\/wp\/v2\/pages\/40599"}],"collection":[{"href":"https:\/\/www.urlaubcornwall.de\/blog\/wp-json\/wp\/v2\/pages"}],"about":[{"href":"https:\/\/www.urlaubcornwall.de\/blog\/wp-json\/wp\/v2\/types\/page"}],"author":[{"embeddable":true,"href":"https:\/\/www.urlaubcornwall.de\/blog\/wp-json\/wp\/v2\/users\/1"}],"replies":[{"embeddable":true,"href":"https:\/\/www.urlaubcornwall.de\/blog\/wp-json\/wp\/v2\/comments?post=40599"}],"version-history":[{"count":1,"href":"https:\/\/www.urlaubcornwall.de\/blog\/wp-json\/wp\/v2\/pages\/40599\/revisions"}],"predecessor-version":[{"id":40601,"href":"https:\/\/www.urlaubcornwall.de\/blog\/wp-json\/wp\/v2\/pages\/40599\/revisions\/40601"}],"wp:attachment":[{"href":"https:\/\/www.urlaubcornwall.de\/blog\/wp-json\/wp\/v2\/media?parent=40599"}],"curies":[{"name":"wp","href":"https:\/\/api.w.org\/{rel}","templated":true}]}}