{"id":40524,"date":"2020-07-10T12:27:31","date_gmt":"2020-07-10T12:27:31","guid":{"rendered":"https:\/\/www.urlaubcornwall.de\/blog\/?page_id=40524"},"modified":"2022-03-18T08:04:07","modified_gmt":"2022-03-18T08:04:07","slug":"isle-of-wight-heisst-sie-wieder-willkommen-ferienhaeuser-urlaub-nach-corona","status":"publish","type":"page","link":"https:\/\/www.urlaubcornwall.de\/blog\/isle-of-wight-heisst-sie-wieder-willkommen-ferienhaeuser-urlaub-nach-corona\/","title":{"rendered":"Isle of Wight hei\u00dft Sie wieder willkommen! Ferienh\u00e4user &#038; Urlaub nach Corona (COVID-19)"},"content":{"rendered":"<p><img loading=\"lazy\" class=\"aligncenter size-full wp-image-31854\" src=\"https:\/\/www.urlaubcornwall.de\/blog\/wp-content\/uploads\/2018\/01\/strandurlaub-isle-of-wight-mit-kindern.jpg\" alt=\"urlaub Isle of Wight\" width=\"749\" height=\"497\"\/><\/p>\n<p><strong>Einschr\u00e4nkungen f\u00fcr internationale Besucher, die nach Gro\u00dfbritannien einreisen<\/strong><\/p>\n<p><strong>J\u00fcngstes Update Coronavirus\/Covid 19<\/strong> &#8211; Isle of Wight hei\u00dft Sie wieder willkommen! Vom 11. Februar 2022 ist es nicht mehr n\u00f6tig, sich bei Ankunft im UK einem Coronavirustest zu unterziehen, sofern Besucher vollst\u00e4ndig geimpft sind. Reisende werden ins Land kommen k\u00f6nnen, ohne vor oder nach der Reise einen Test durchf\u00fchren zu m\u00fcssen.<\/p>\n<p>Ausw\u00e4rtiges Amt &#8211; Gro\u00dfbritannien und Nordirland\/Vereinigtes K\u00f6nigreich: <a href=\"https:\/\/www.auswaertiges-amt.de\/de\/aussenpolitik\/laender\/grossbritannien-node\/grossbritanniensicherheit\/206408\">Reise- und Sicherheitshinweise<\/a><\/p>\n<p><strong>Unterk\u00fcnfte auf die Isle of Wight nach der Aufhebung der Coronavirus-Einschr\u00e4nkungen<\/strong><\/p>\n<p>Nach dem COVID-19 sind <a href=\"https:\/\/www.urlaubcornwall.de\/reiseziel\/isle-of-wight.php\">Selbstversorgerunterk\u00fcnfte die beste Option<\/a> f\u00fcr einen Urlaub auf die Isle of Wight. Reisende k\u00f6nnen in ihrem eigenen Bereich bleiben mit der M\u00f6glichkeit, sich selbst zu versorgen oder nach Belieben Restaurants und Caf\u00e9s aufzusuchen. <\/p>\n<p>Die Insel hat eine sich stets ver\u00e4ndernde K\u00fcste mit dramatischen Klippen, versteckten Buchten und einigen der besten Str\u00e4nde Europas. Die preisgekr\u00f6nten Str\u00e4nde von <a href=\"https:\/\/www.urlaubcornwall.de\/blog\/isle-of-wight-reiseziel-shanklin\/\">Shanklin<\/a>, Sandown und <a href=\"https:\/\/www.urlaubcornwall.de\/blog\/isle-of-wight-reiseziel-ventor\/\">Ventnor<\/a> haben beliebte Esplanaden mit einer gro\u00dfartigen Auswahl an Caf\u00e9s, Shops und weiteren Annehmlichkeiten. Es ist eine perfekte Urlaubsregion f\u00fcr Familien mit Kindern oder f\u00fcr Paare.<\/p>\n<h1 style=\"text-align: center;\"><strong>Ferienh\u00e4user Coronavirus K\u00fcndigungsgarantie<\/strong><\/h1>\n<p style=\"text-align: center;\"><a class=\"tidycta\" href=\"https:\/\/www.urlaubcornwall.de\/ferienhaeuser-fewos\/isle-of-wight.html\">Suche Ferienh\u00e4user Isle of Wight<\/a><\/p>\n<p>Vorbereitungen f\u00fcr Ihren Urlaub in einem Ferienhaus in England  &#8211; Nach Covid-19 wird Ihr Urlaub in Cornwall verst\u00e4ndlicherweise ein wenig anders ausschauen. Daher wollten wir sicherstellen, dass Sie sich sicher und gut vorbereitet f\u00fcr Ihre Reise f\u00fchlen. Wir haben die folgende Information f\u00fcr Sie zusammengestellt, um die Ma\u00dfnahmen zu erkl\u00e4ren, die unsere Cornwall Urlaubscottagebesitzer getroffen haben, um Ihre Unterkunft vorzubereiten, sowie einige n\u00fctzliche Tipps, wie Sie in Sicherheit Urlaub machen k\u00f6nnen und dabei nach wie vor einen wundervollen Aufenthalt haben werden&#8230;. <a href=\"https:\/\/www.urlaubcornwall.de\/blog\/vorbereitungen-fuer-ihren-urlaub-in-einem-ferienhaus-in-cornwall\/\">[ Mehr ]<\/a><\/p>\n<div class=\"snippet\"> <a class=\"featured-item\" href=\" https:\/\/www.urlaubcornwall.de\/ferienhaeuser-fewos\/isle-of-wight.html\"> <span class=\"image-holder\" style=\"background-image: url('https:\/\/www.urlaubcornwall.de\/blog\/wp-content\/uploads\/2018\/11\/landhaus-cornwall-1.jpg');\"><\/span> <span class=\"featured-content\"> \n<h2 class=\"featured-title\">Ferienh\u00e4user auf der Isle of Wight<\/h2>\n<p class=\"featured-body\">UrlaubCornwall empfiehlt Ferienh\u00e4user, die Ihnen die gr\u00f6\u00dfte Auswahl an handverlesenen Unterk\u00fcnften f\u00fcr Selbstverpfleger in dieser wundersch\u00f6nen Region Gro\u00dfbritanniens&#8230;.<\/p>\n<\/span> <span class=\"featured-link-holder\"> <span class=\"featured-extra-info\"> \n<p> F\u00fcr Paare, Familien &#038; Gruppen<\/p>\n<\/span> \n<p class=\"featured-link\">DETAILS<\/p>\n<\/span> <\/a><\/div>\n<p>UrlaubCornwall.de hat eine einzigartige Sammlung pers\u00f6nlich inspizierter Ferienh\u00e4user und Ferienwohnungen in England, <a href=\"https:\/\/www.urlaubcornwall.de\/ferienhaueser\/suedengland.php\">S\u00fcdengland<\/a> und nun auch im gesamten Gro\u00dfbritannien. <\/p>\n","protected":false},"excerpt":{"rendered":"<p>Einschr\u00e4nkungen f\u00fcr internationale Besucher, die nach Gro\u00dfbritannien einreisen J\u00fcngstes Update Coronavirus\/Covid 19 &#8211; Isle of Wight hei\u00dft Sie wieder willkommen! Vom 11. Februar 2022 ist es nicht mehr n\u00f6tig, sich bei Ankunft im UK einem Coronavirustest zu unterziehen, sofern Besucher vollst\u00e4ndig geimpft sind. Reisende werden ins Land kommen k\u00f6nnen, ohne vor oder nach der Reise [&hellip;]<\/p>\n","protected":false},"author":1,"featured_media":0,"parent":0,"menu_order":0,"comment_status":"closed","ping_status":"closed","template":"single-four.php","meta":[],"acf":[],"yoast_head":"<!-- This site is optimized with the Yoast SEO plugin v19.4 - https:\/\/yoast.com\/wordpress\/plugins\/seo\/ -->\n<title>Isle of Wight hei\u00dft Sie wieder willkommen! Ferienh\u00e4user &amp; Urlaub nach Corona (COVID-19) - Urlaub &amp; Reisen<\/title>\n<meta name=\"robots\" content=\"index, follow, max-snippet:-1, max-image-preview:large, max-video-preview:-1\" \/>\n<link rel=\"canonical\" href=\"https:\/\/www.urlaubcornwall.de\/blog\/isle-of-wight-heisst-sie-wieder-willkommen-ferienhaeuser-urlaub-nach-corona\/\" \/>\n<meta property=\"og:locale\" content=\"en_US\" \/>\n<meta property=\"og:type\" content=\"article\" \/>\n<meta property=\"og:title\" content=\"Isle of Wight hei\u00dft Sie wieder willkommen! Ferienh\u00e4user &amp; Urlaub nach Corona (COVID-19) - Urlaub &amp; Reisen\" \/>\n<meta property=\"og:description\" content=\"Einschr\u00e4nkungen f\u00fcr internationale Besucher, die nach Gro\u00dfbritannien einreisen J\u00fcngstes Update Coronavirus\/Covid 19 &#8211; Isle of Wight hei\u00dft Sie wieder willkommen! Vom 11. Februar 2022 ist es nicht mehr n\u00f6tig, sich bei Ankunft im UK einem Coronavirustest zu unterziehen, sofern Besucher vollst\u00e4ndig geimpft sind. Reisende werden ins Land kommen k\u00f6nnen, ohne vor oder nach der Reise [&hellip;]\" \/>\n<meta property=\"og:url\" content=\"https:\/\/www.urlaubcornwall.de\/blog\/isle-of-wight-heisst-sie-wieder-willkommen-ferienhaeuser-urlaub-nach-corona\/\" \/>\n<meta property=\"og:site_name\" content=\"Urlaub &amp; Reisen\" \/>\n<meta property=\"article:modified_time\" content=\"2022-03-18T08:04:07+00:00\" \/>\n<meta property=\"og:image\" content=\"https:\/\/www.urlaubcornwall.de\/blog\/wp-content\/uploads\/2018\/01\/strandurlaub-isle-of-wight-mit-kindern.jpg\" \/>\n<meta name=\"twitter:card\" content=\"summary\" \/>\n<meta name=\"twitter:label1\" content=\"Est. reading time\" \/>\n\t<meta name=\"twitter:data1\" content=\"2 minutes\" \/>\n<script type=\"application\/ld+json\" class=\"yoast-schema-graph\">{\"@context\":\"https:\/\/schema.org\",\"@graph\":[{\"@type\":\"WebSite\",\"@id\":\"https:\/\/www.urlaubcornwall.de\/blog\/#website\",\"url\":\"https:\/\/www.urlaubcornwall.de\/blog\/\",\"name\":\"Urlaub &amp; Reisen\",\"description\":\"Urlaub, Reisen, Cornwall und S\u00fcdengland: eine perfekte Kombination\",\"potentialAction\":[{\"@type\":\"SearchAction\",\"target\":{\"@type\":\"EntryPoint\",\"urlTemplate\":\"https:\/\/www.urlaubcornwall.de\/blog\/?s={search_term_string}\"},\"query-input\":\"required name=search_term_string\"}],\"inLanguage\":\"en-US\"},{\"@type\":\"WebPage\",\"@id\":\"https:\/\/www.urlaubcornwall.de\/blog\/isle-of-wight-heisst-sie-wieder-willkommen-ferienhaeuser-urlaub-nach-corona\/\",\"url\":\"https:\/\/www.urlaubcornwall.de\/blog\/isle-of-wight-heisst-sie-wieder-willkommen-ferienhaeuser-urlaub-nach-corona\/\",\"name\":\"Isle of Wight hei\u00dft Sie wieder willkommen! Ferienh\u00e4user & Urlaub nach Corona (COVID-19) - Urlaub &amp; Reisen\",\"isPartOf\":{\"@id\":\"https:\/\/www.urlaubcornwall.de\/blog\/#website\"},\"datePublished\":\"2020-07-10T12:27:31+00:00\",\"dateModified\":\"2022-03-18T08:04:07+00:00\",\"breadcrumb\":{\"@id\":\"https:\/\/www.urlaubcornwall.de\/blog\/isle-of-wight-heisst-sie-wieder-willkommen-ferienhaeuser-urlaub-nach-corona\/#breadcrumb\"},\"inLanguage\":\"en-US\",\"potentialAction\":[{\"@type\":\"ReadAction\",\"target\":[\"https:\/\/www.urlaubcornwall.de\/blog\/isle-of-wight-heisst-sie-wieder-willkommen-ferienhaeuser-urlaub-nach-corona\/\"]}]},{\"@type\":\"BreadcrumbList\",\"@id\":\"https:\/\/www.urlaubcornwall.de\/blog\/isle-of-wight-heisst-sie-wieder-willkommen-ferienhaeuser-urlaub-nach-corona\/#breadcrumb\",\"itemListElement\":[{\"@type\":\"ListItem\",\"position\":1,\"name\":\"Home\",\"item\":\"https:\/\/www.urlaubcornwall.de\/blog\/\"},{\"@type\":\"ListItem\",\"position\":2,\"name\":\"Isle of Wight hei\u00dft Sie wieder willkommen! Ferienh\u00e4user &#038; Urlaub nach Corona (COVID-19)\"}]}]}<\/script>\n<!-- \/ Yoast SEO plugin. -->","yoast_head_json":{"title":"Isle of Wight hei\u00dft Sie wieder willkommen! Ferienh\u00e4user & Urlaub nach Corona (COVID-19) - Urlaub &amp; Reisen","robots":{"index":"index","follow":"follow","max-snippet":"max-snippet:-1","max-image-preview":"max-image-preview:large","max-video-preview":"max-video-preview:-1"},"canonical":"https:\/\/www.urlaubcornwall.de\/blog\/isle-of-wight-heisst-sie-wieder-willkommen-ferienhaeuser-urlaub-nach-corona\/","og_locale":"en_US","og_type":"article","og_title":"Isle of Wight hei\u00dft Sie wieder willkommen! Ferienh\u00e4user & Urlaub nach Corona (COVID-19) - Urlaub &amp; Reisen","og_description":"Einschr\u00e4nkungen f\u00fcr internationale Besucher, die nach Gro\u00dfbritannien einreisen J\u00fcngstes Update Coronavirus\/Covid 19 &#8211; Isle of Wight hei\u00dft Sie wieder willkommen! Vom 11. Februar 2022 ist es nicht mehr n\u00f6tig, sich bei Ankunft im UK einem Coronavirustest zu unterziehen, sofern Besucher vollst\u00e4ndig geimpft sind. Reisende werden ins Land kommen k\u00f6nnen, ohne vor oder nach der Reise [&hellip;]","og_url":"https:\/\/www.urlaubcornwall.de\/blog\/isle-of-wight-heisst-sie-wieder-willkommen-ferienhaeuser-urlaub-nach-corona\/","og_site_name":"Urlaub &amp; Reisen","article_modified_time":"2022-03-18T08:04:07+00:00","og_image":[{"url":"https:\/\/www.urlaubcornwall.de\/blog\/wp-content\/uploads\/2018\/01\/strandurlaub-isle-of-wight-mit-kindern.jpg"}],"twitter_card":"summary","twitter_misc":{"Est. reading time":"2 minutes"},"schema":{"@context":"https:\/\/schema.org","@graph":[{"@type":"WebSite","@id":"https:\/\/www.urlaubcornwall.de\/blog\/#website","url":"https:\/\/www.urlaubcornwall.de\/blog\/","name":"Urlaub &amp; Reisen","description":"Urlaub, Reisen, Cornwall und S\u00fcdengland: eine perfekte Kombination","potentialAction":[{"@type":"SearchAction","target":{"@type":"EntryPoint","urlTemplate":"https:\/\/www.urlaubcornwall.de\/blog\/?s={search_term_string}"},"query-input":"required name=search_term_string"}],"inLanguage":"en-US"},{"@type":"WebPage","@id":"https:\/\/www.urlaubcornwall.de\/blog\/isle-of-wight-heisst-sie-wieder-willkommen-ferienhaeuser-urlaub-nach-corona\/","url":"https:\/\/www.urlaubcornwall.de\/blog\/isle-of-wight-heisst-sie-wieder-willkommen-ferienhaeuser-urlaub-nach-corona\/","name":"Isle of Wight hei\u00dft Sie wieder willkommen! Ferienh\u00e4user & Urlaub nach Corona (COVID-19) - Urlaub &amp; Reisen","isPartOf":{"@id":"https:\/\/www.urlaubcornwall.de\/blog\/#website"},"datePublished":"2020-07-10T12:27:31+00:00","dateModified":"2022-03-18T08:04:07+00:00","breadcrumb":{"@id":"https:\/\/www.urlaubcornwall.de\/blog\/isle-of-wight-heisst-sie-wieder-willkommen-ferienhaeuser-urlaub-nach-corona\/#breadcrumb"},"inLanguage":"en-US","potentialAction":[{"@type":"ReadAction","target":["https:\/\/www.urlaubcornwall.de\/blog\/isle-of-wight-heisst-sie-wieder-willkommen-ferienhaeuser-urlaub-nach-corona\/"]}]},{"@type":"BreadcrumbList","@id":"https:\/\/www.urlaubcornwall.de\/blog\/isle-of-wight-heisst-sie-wieder-willkommen-ferienhaeuser-urlaub-nach-corona\/#breadcrumb","itemListElement":[{"@type":"ListItem","position":1,"name":"Home","item":"https:\/\/www.urlaubcornwall.de\/blog\/"},{"@type":"ListItem","position":2,"name":"Isle of Wight hei\u00dft Sie wieder willkommen! Ferienh\u00e4user &#038; Urlaub nach Corona (COVID-19)"}]}]}},"_links":{"self":[{"href":"https:\/\/www.urlaubcornwall.de\/blog\/wp-json\/wp\/v2\/pages\/40524"}],"collection":[{"href":"https:\/\/www.urlaubcornwall.de\/blog\/wp-json\/wp\/v2\/pages"}],"about":[{"href":"https:\/\/www.urlaubcornwall.de\/blog\/wp-json\/wp\/v2\/types\/page"}],"author":[{"embeddable":true,"href":"https:\/\/www.urlaubcornwall.de\/blog\/wp-json\/wp\/v2\/users\/1"}],"replies":[{"embeddable":true,"href":"https:\/\/www.urlaubcornwall.de\/blog\/wp-json\/wp\/v2\/comments?post=40524"}],"version-history":[{"count":19,"href":"https:\/\/www.urlaubcornwall.de\/blog\/wp-json\/wp\/v2\/pages\/40524\/revisions"}],"predecessor-version":[{"id":44649,"href":"https:\/\/www.urlaubcornwall.de\/blog\/wp-json\/wp\/v2\/pages\/40524\/revisions\/44649"}],"wp:attachment":[{"href":"https:\/\/www.urlaubcornwall.de\/blog\/wp-json\/wp\/v2\/media?parent=40524"}],"curies":[{"name":"wp","href":"https:\/\/api.w.org\/{rel}","templated":true}]}}