{"id":40520,"date":"2020-07-09T14:12:11","date_gmt":"2020-07-09T14:12:11","guid":{"rendered":"https:\/\/www.urlaubcornwall.de\/blog\/?page_id=40520"},"modified":"2024-05-28T07:18:44","modified_gmt":"2024-05-28T07:18:44","slug":"isle-of-wight-sehenswuerdigkeiten-urlaubsinspiration","status":"publish","type":"page","link":"https:\/\/www.urlaubcornwall.de\/blog\/isle-of-wight-sehenswuerdigkeiten-urlaubsinspiration\/","title":{"rendered":"Isle of Wight Sehensw\u00fcrdigkeiten &#8211; Urlaubsinspiration"},"content":{"rendered":"<p><img loading=\"lazy\" class=\"aligncenter size-full wp-image-47925\" src=\"https:\/\/www.urlaubcornwall.de\/blog\/wp-content\/uploads\/2024\/03\/needles_isles-of-wight.jpg\" alt=\"needles_isles of wight\" width=\"750\" height=\"500\" srcset=\"https:\/\/www.urlaubcornwall.de\/blog\/wp-content\/uploads\/2024\/03\/needles_isles-of-wight.jpg 750w, https:\/\/www.urlaubcornwall.de\/blog\/wp-content\/uploads\/2024\/03\/needles_isles-of-wight-300x200.jpg 300w\" sizes=\"(max-width: 750px) 100vw, 750px\" \/><\/p>\n<p>Die beliebteste Inselurlaub Englands lockt mit einer Vielzahl an Veranstaltungen und Sehensw\u00fcrdigkeiten, und hier bei UrlaubCornwall.de m\u00f6chten wir Ihnen das Beste vom Besten vorstellen, damit Sie Ihren <a href=\"https:\/\/www.urlaubcornwall.de\/reiseziel\/isle-of-wight.php\">Urlaub auf die Isle of Wight<\/a> in vollen Z\u00fcgen genie\u00dfen k\u00f6nnen.<\/p>\n<p><strong>Unsere Urlaubstipps und Inspiration f\u00fcr die Isle of Wight<\/strong> &#8211; Hier finden Sie unsere ultimativen Empfehlungen dazu, was Sie auf der Isle of Wight tun k\u00f6nnen. Dies beinhaltet die Isle of Wight Str\u00e4nde, Sehensw\u00fcrdigkeiten, Restaurants und Familienausflugsziele&#8230;. <a href=\"https:\/\/www.urlaubcornwall.de\/blog\/unsere-urlaubstipps-und-inspiration-fuer-die-isle-of-wight\/\">[Mehr]<\/a><\/p>\n<p><strong>Die Sch\u00f6nsten D\u00f6rfer und K\u00fcstenst\u00e4dte auf der Isle of Wight<\/strong> &#8211; Die Isle of Wight ist nicht nur ideal f\u00fcr einen Wanderurlaub, sondern auch zum Radfahren mit einer Menge Radwegen, die s\u00e4mtlichen F\u00e4higkeiten entsprechen. Viele der Halbtagsradtouren sind f\u00fcr Familien ideal, um verschiedene Gegenden der Insel und die h\u00fcbschen D\u00f6rfer zu erkunden&#8230;. <a href=\"https:\/\/www.urlaubcornwall.de\/blog\/isle-of-wight-die-schoensten-doerfer-und-kuestenstaedte\/\">[Mehr]<\/a><\/p>\n<p><img loading=\"lazy\" class=\"aligncenter size-full wp-image-31854\" src=\"https:\/\/www.urlaubcornwall.de\/blog\/wp-content\/uploads\/2018\/01\/strandurlaub-isle-of-wight-mit-kindern.jpg\" alt=\"urlaub freshwater Isle of Wight\" width=\"749\" height=\"497\"\/><\/p>\n<p><strong>Wandern und Wanderurlaube auf der Isle of Wight<\/strong> &#8211; Die Isle of Wight hat mehr als 800km an Fu\u00dfwegen \u00fcber kontrastreiche Landschaften und Str\u00e4nde, die sie somit ein idealer Ort sein lassen f\u00fcr einen Wanderurlaub oder einen Kurzurlaub. Das umfangreiche Netzwerk an Wanderpfaden und K\u00fcstenpfaden f\u00fchrt Sie entlang sanfter l\u00e4ndlicher Wege&#8230; <a href=\"https:\/\/www.urlaubcornwall.de\/blog\/wandern-und-wanderurlaube-auf-der-isle-wight\/\">[Mehr]<\/a> <\/p>\n<p><strong>Familienurlaub auf der Isle of Wight<\/strong> \u2013  Die Isle of Wight ist ein wundervolles, zur Entspannung einladendes Urlaubsziel f\u00fcr Familien; es gibt jede Menge Str\u00e4nde und eine breite Auswahl an Aktivit\u00e4ten und Attraktionen f\u00fcr Kinder s\u00e4mtlicher Altersstufen&#8230;. <a href=\"https:\/\/www.urlaubcornwall.de\/blog\/familienurlaub-auf-der-isle-wight-inselurlaub-mit-kindern\/\">[Mehr]<\/a><\/p>\n<p><strong>Urlaub mit Hund auf der Isle of Wight<\/strong> &#8211; Die Isle of Wight ist ein fantastisches hundefreundliches Urlaubsziel in S\u00fcdengland. Es gibt eine riesige Auswahl an Spazierwegen der K\u00fcste entlang, Str\u00e4nde zu beschn\u00fcffeln, Orte zu erkunden und riesige Gebiete von Niederungen und Wald, durch die gehuscht werden kann&#8230;. <a href=\"https:\/\/www.urlaubcornwall.de\/blog\/urlaub-mit-hund-auf-der-isle-wight\/\">[Mehr]<\/a><\/p>\n<p><strong>Urlaub in Cowes<\/strong> \u2013 Segelparadies am Nordzipfel der Insel Wight  &#8211; Cowes ist die Nummer Eins bez\u00fcglich aufstrebender Restaurants, Shops und Caf\u00e9s. Als Segelparadies am Nordzipfel der Insel, bietet die Stadt wasserliebenden Besuchern und Touristen jede Menge zu sehen und zu tun&#8230;. <a href=\"https:\/\/www.urlaubcornwall.de\/blog\/cowes-segelparadies-am-nordzipfel-der-insel-wight\/\">[Mehr]<\/a><\/p>\n<p><strong>Shanklin stellt einen gro\u00dfen Teil der S\u00fcd-Isle of Wight dar<\/strong>  &#8211; Shanklin stellt einen gro\u00dfen Teil der S\u00fcd-Wight dar. Eingeschmiegt zwischen Sandown und Ventnor, zog diese Stadt einst jede Menge viktorianische Besucher an. Von den Str\u00e4nden Shanklins aus k\u00f6nnen Sie die Culver Downs im Osten&#8230; <a href=\"https:\/\/www.urlaubcornwall.de\/blog\/isle-of-wight-reiseziel-shanklin\/\">[Mehr]<\/a><\/p>\n<p><strong>Urlaub in Ventnor<\/strong> \u2013 Zuhause der quirligen Kunstszene der Isle of Wight: Zuhause der quirligen Kunstszene der Isle of Wight, sowie der wundersch\u00f6nen botanischen G\u00e4rten. Ventnor hat f\u00fcr Inselbesucher einen Reichtum an Aktivit\u00e4ten im Angebot. Windgesch\u00fctzt von den St Boniface Downs&#8230; <a href=\"https:\/\/www.urlaubcornwall.de\/blog\/isle-of-wight-reiseziel-ventor\/\">[Mehr]<\/a><\/p>\n","protected":false},"excerpt":{"rendered":"<p>Die beliebteste Inselurlaub Englands lockt mit einer Vielzahl an Veranstaltungen und Sehensw\u00fcrdigkeiten, und hier bei UrlaubCornwall.de m\u00f6chten wir Ihnen das Beste vom Besten vorstellen, damit Sie Ihren Urlaub auf die Isle of Wight in vollen Z\u00fcgen genie\u00dfen k\u00f6nnen. Unsere Urlaubstipps und Inspiration f\u00fcr die Isle of Wight &#8211; Hier finden Sie unsere ultimativen Empfehlungen dazu, [&hellip;]<\/p>\n","protected":false},"author":1,"featured_media":0,"parent":0,"menu_order":0,"comment_status":"closed","ping_status":"closed","template":"single-four.php","meta":[],"acf":[],"yoast_head":"<!-- This site is optimized with the Yoast SEO plugin v19.4 - https:\/\/yoast.com\/wordpress\/plugins\/seo\/ -->\n<title>Isle of Wight Sehensw\u00fcrdigkeiten - Urlaubsinspiration - Urlaub &amp; Reisen<\/title>\n<meta name=\"robots\" content=\"index, follow, max-snippet:-1, max-image-preview:large, max-video-preview:-1\" \/>\n<link rel=\"canonical\" href=\"https:\/\/www.urlaubcornwall.de\/blog\/isle-of-wight-sehenswuerdigkeiten-urlaubsinspiration\/\" \/>\n<meta property=\"og:locale\" content=\"en_US\" \/>\n<meta property=\"og:type\" content=\"article\" \/>\n<meta property=\"og:title\" content=\"Isle of Wight Sehensw\u00fcrdigkeiten - Urlaubsinspiration - Urlaub &amp; Reisen\" \/>\n<meta property=\"og:description\" content=\"Die beliebteste Inselurlaub Englands lockt mit einer Vielzahl an Veranstaltungen und Sehensw\u00fcrdigkeiten, und hier bei UrlaubCornwall.de m\u00f6chten wir Ihnen das Beste vom Besten vorstellen, damit Sie Ihren Urlaub auf die Isle of Wight in vollen Z\u00fcgen genie\u00dfen k\u00f6nnen. Unsere Urlaubstipps und Inspiration f\u00fcr die Isle of Wight &#8211; Hier finden Sie unsere ultimativen Empfehlungen dazu, [&hellip;]\" \/>\n<meta property=\"og:url\" content=\"https:\/\/www.urlaubcornwall.de\/blog\/isle-of-wight-sehenswuerdigkeiten-urlaubsinspiration\/\" \/>\n<meta property=\"og:site_name\" content=\"Urlaub &amp; Reisen\" \/>\n<meta property=\"article:modified_time\" content=\"2024-05-28T07:18:44+00:00\" \/>\n<meta property=\"og:image\" content=\"https:\/\/www.urlaubcornwall.de\/blog\/wp-content\/uploads\/2024\/03\/needles_isles-of-wight.jpg\" \/>\n<meta name=\"twitter:card\" content=\"summary\" \/>\n<meta name=\"twitter:label1\" content=\"Est. reading time\" \/>\n\t<meta name=\"twitter:data1\" content=\"3 minutes\" \/>\n<script type=\"application\/ld+json\" class=\"yoast-schema-graph\">{\"@context\":\"https:\/\/schema.org\",\"@graph\":[{\"@type\":\"WebSite\",\"@id\":\"https:\/\/www.urlaubcornwall.de\/blog\/#website\",\"url\":\"https:\/\/www.urlaubcornwall.de\/blog\/\",\"name\":\"Urlaub &amp; Reisen\",\"description\":\"Urlaub, Reisen, Cornwall und S\u00fcdengland: eine perfekte Kombination\",\"potentialAction\":[{\"@type\":\"SearchAction\",\"target\":{\"@type\":\"EntryPoint\",\"urlTemplate\":\"https:\/\/www.urlaubcornwall.de\/blog\/?s={search_term_string}\"},\"query-input\":\"required name=search_term_string\"}],\"inLanguage\":\"en-US\"},{\"@type\":\"WebPage\",\"@id\":\"https:\/\/www.urlaubcornwall.de\/blog\/isle-of-wight-sehenswuerdigkeiten-urlaubsinspiration\/\",\"url\":\"https:\/\/www.urlaubcornwall.de\/blog\/isle-of-wight-sehenswuerdigkeiten-urlaubsinspiration\/\",\"name\":\"Isle of Wight Sehensw\u00fcrdigkeiten - Urlaubsinspiration - Urlaub &amp; Reisen\",\"isPartOf\":{\"@id\":\"https:\/\/www.urlaubcornwall.de\/blog\/#website\"},\"datePublished\":\"2020-07-09T14:12:11+00:00\",\"dateModified\":\"2024-05-28T07:18:44+00:00\",\"breadcrumb\":{\"@id\":\"https:\/\/www.urlaubcornwall.de\/blog\/isle-of-wight-sehenswuerdigkeiten-urlaubsinspiration\/#breadcrumb\"},\"inLanguage\":\"en-US\",\"potentialAction\":[{\"@type\":\"ReadAction\",\"target\":[\"https:\/\/www.urlaubcornwall.de\/blog\/isle-of-wight-sehenswuerdigkeiten-urlaubsinspiration\/\"]}]},{\"@type\":\"BreadcrumbList\",\"@id\":\"https:\/\/www.urlaubcornwall.de\/blog\/isle-of-wight-sehenswuerdigkeiten-urlaubsinspiration\/#breadcrumb\",\"itemListElement\":[{\"@type\":\"ListItem\",\"position\":1,\"name\":\"Home\",\"item\":\"https:\/\/www.urlaubcornwall.de\/blog\/\"},{\"@type\":\"ListItem\",\"position\":2,\"name\":\"Isle of Wight Sehensw\u00fcrdigkeiten &#8211; Urlaubsinspiration\"}]}]}<\/script>\n<!-- \/ Yoast SEO plugin. -->","yoast_head_json":{"title":"Isle of Wight Sehensw\u00fcrdigkeiten - Urlaubsinspiration - Urlaub &amp; Reisen","robots":{"index":"index","follow":"follow","max-snippet":"max-snippet:-1","max-image-preview":"max-image-preview:large","max-video-preview":"max-video-preview:-1"},"canonical":"https:\/\/www.urlaubcornwall.de\/blog\/isle-of-wight-sehenswuerdigkeiten-urlaubsinspiration\/","og_locale":"en_US","og_type":"article","og_title":"Isle of Wight Sehensw\u00fcrdigkeiten - Urlaubsinspiration - Urlaub &amp; Reisen","og_description":"Die beliebteste Inselurlaub Englands lockt mit einer Vielzahl an Veranstaltungen und Sehensw\u00fcrdigkeiten, und hier bei UrlaubCornwall.de m\u00f6chten wir Ihnen das Beste vom Besten vorstellen, damit Sie Ihren Urlaub auf die Isle of Wight in vollen Z\u00fcgen genie\u00dfen k\u00f6nnen. Unsere Urlaubstipps und Inspiration f\u00fcr die Isle of Wight &#8211; Hier finden Sie unsere ultimativen Empfehlungen dazu, [&hellip;]","og_url":"https:\/\/www.urlaubcornwall.de\/blog\/isle-of-wight-sehenswuerdigkeiten-urlaubsinspiration\/","og_site_name":"Urlaub &amp; Reisen","article_modified_time":"2024-05-28T07:18:44+00:00","og_image":[{"url":"https:\/\/www.urlaubcornwall.de\/blog\/wp-content\/uploads\/2024\/03\/needles_isles-of-wight.jpg"}],"twitter_card":"summary","twitter_misc":{"Est. reading time":"3 minutes"},"schema":{"@context":"https:\/\/schema.org","@graph":[{"@type":"WebSite","@id":"https:\/\/www.urlaubcornwall.de\/blog\/#website","url":"https:\/\/www.urlaubcornwall.de\/blog\/","name":"Urlaub &amp; Reisen","description":"Urlaub, Reisen, Cornwall und S\u00fcdengland: eine perfekte Kombination","potentialAction":[{"@type":"SearchAction","target":{"@type":"EntryPoint","urlTemplate":"https:\/\/www.urlaubcornwall.de\/blog\/?s={search_term_string}"},"query-input":"required name=search_term_string"}],"inLanguage":"en-US"},{"@type":"WebPage","@id":"https:\/\/www.urlaubcornwall.de\/blog\/isle-of-wight-sehenswuerdigkeiten-urlaubsinspiration\/","url":"https:\/\/www.urlaubcornwall.de\/blog\/isle-of-wight-sehenswuerdigkeiten-urlaubsinspiration\/","name":"Isle of Wight Sehensw\u00fcrdigkeiten - Urlaubsinspiration - Urlaub &amp; Reisen","isPartOf":{"@id":"https:\/\/www.urlaubcornwall.de\/blog\/#website"},"datePublished":"2020-07-09T14:12:11+00:00","dateModified":"2024-05-28T07:18:44+00:00","breadcrumb":{"@id":"https:\/\/www.urlaubcornwall.de\/blog\/isle-of-wight-sehenswuerdigkeiten-urlaubsinspiration\/#breadcrumb"},"inLanguage":"en-US","potentialAction":[{"@type":"ReadAction","target":["https:\/\/www.urlaubcornwall.de\/blog\/isle-of-wight-sehenswuerdigkeiten-urlaubsinspiration\/"]}]},{"@type":"BreadcrumbList","@id":"https:\/\/www.urlaubcornwall.de\/blog\/isle-of-wight-sehenswuerdigkeiten-urlaubsinspiration\/#breadcrumb","itemListElement":[{"@type":"ListItem","position":1,"name":"Home","item":"https:\/\/www.urlaubcornwall.de\/blog\/"},{"@type":"ListItem","position":2,"name":"Isle of Wight Sehensw\u00fcrdigkeiten &#8211; Urlaubsinspiration"}]}]}},"_links":{"self":[{"href":"https:\/\/www.urlaubcornwall.de\/blog\/wp-json\/wp\/v2\/pages\/40520"}],"collection":[{"href":"https:\/\/www.urlaubcornwall.de\/blog\/wp-json\/wp\/v2\/pages"}],"about":[{"href":"https:\/\/www.urlaubcornwall.de\/blog\/wp-json\/wp\/v2\/types\/page"}],"author":[{"embeddable":true,"href":"https:\/\/www.urlaubcornwall.de\/blog\/wp-json\/wp\/v2\/users\/1"}],"replies":[{"embeddable":true,"href":"https:\/\/www.urlaubcornwall.de\/blog\/wp-json\/wp\/v2\/comments?post=40520"}],"version-history":[{"count":9,"href":"https:\/\/www.urlaubcornwall.de\/blog\/wp-json\/wp\/v2\/pages\/40520\/revisions"}],"predecessor-version":[{"id":50235,"href":"https:\/\/www.urlaubcornwall.de\/blog\/wp-json\/wp\/v2\/pages\/40520\/revisions\/50235"}],"wp:attachment":[{"href":"https:\/\/www.urlaubcornwall.de\/blog\/wp-json\/wp\/v2\/media?parent=40520"}],"curies":[{"name":"wp","href":"https:\/\/api.w.org\/{rel}","templated":true}]}}