{"id":40511,"date":"2020-07-09T08:43:43","date_gmt":"2020-07-09T08:43:43","guid":{"rendered":"https:\/\/www.urlaubcornwall.de\/blog\/?page_id=40511"},"modified":"2026-01-07T10:03:29","modified_gmt":"2026-01-07T10:03:29","slug":"urlaub-in-cornwall-oder-devon","status":"publish","type":"page","link":"https:\/\/www.urlaubcornwall.de\/blog\/urlaub-in-cornwall-oder-devon\/","title":{"rendered":"Urlaub in Cornwall oder Devon?"},"content":{"rendered":"<p>Es ist kein Geheimnis, dass <a href=\"https:\/\/www.urlaubcornwall.de\/reiseziel\/devon.php\">Devon<\/a> und <a href=\"https:\/\/www.urlaubcornwall.de\/reiseziel\/cornwall.php\">Cornwall<\/a> im Westen Englands Rivalen sind, was \u2018cream teas\u2019 und Urlaubsreiseziele betrifft, doch wie lassen sich diese Grafschaften weiter vergleichen. Wir haben uns Urlaube in Devon im Vergleich zu Urlauben in Cornwall angeschaut, und hier sind die Schlussfolgerungen.<\/p>\n<p style=\"text-align: center;\">\n\t\t<strong><br \/>\n\t\t\t<a href=\"#strand\" title=\"Str\u00e4nde\">Str\u00e4nde<\/a> |<br \/>\n\t\t\t<a href=\"#badeorte\" title=\"Badeorte\">Badeorte<\/a> |<br \/>\n\t\t\t<a href=\"#moorgebiete\" title=\"Moorgebiete\">Moorgebiete<\/a> |<br \/>\n                        <a href=\"#literarische\" title=\"Literarische\">Literarische<\/a> |<br \/>\n                        <a href=\"#speisen\" title=\"Speisen\">Speisen<\/a><br \/>\n\t\t<\/strong>\n\t<\/p>\n<p><a href=\"https:\/\/www.urlaubcornwall.de\/blog\/wp-content\/uploads\/2024\/05\/sennen.jpg\"><img loading=\"lazy\" src=\"https:\/\/www.urlaubcornwall.de\/blog\/wp-content\/uploads\/2024\/05\/sennen.jpg\" alt=\"sennen\" width=\"750\" height=\"477\" class=\"alignnone size-full wp-image-50771\" srcset=\"https:\/\/www.urlaubcornwall.de\/blog\/wp-content\/uploads\/2024\/05\/sennen.jpg 750w, https:\/\/www.urlaubcornwall.de\/blog\/wp-content\/uploads\/2024\/05\/sennen-300x191.jpg 300w\" sizes=\"(max-width: 750px) 100vw, 750px\" \/><\/a><\/p>\n<h1 id=\"strand\">Str\u00e4nde Devons versus Cornwalls Str\u00e4nde<\/h1>\n<p><a href=\"https:\/\/www.urlaubcornwall.de\/ferienhaeuser-fewos\/sennen.html\">Sennen Cove, Cornwall<\/a> <\/p>\n<p>Leicht l\u00e4sst man sich t\u00e4uschen und denkt, die Str\u00e4nde Devons und Cornwalls befinden sich in eher tropischem Klima, etwas, worauf beide Grafschaften zurecht stolz sein k\u00f6nnen. In Cornwall sind Sie nie weit entfernt von der K\u00fcste, sei es von den beliebten Surfstr\u00e4nden um  Newquay herum, wie Fistral und Watergate Bay, von den versteckt gelegenen und ruhigen Buchten der Lizard Halbinsel oder von Sennen Cove bei Lands End.<\/p>\n<p><a href=\"https:\/\/www.urlaubcornwall.de\/blog\/wp-content\/uploads\/2024\/03\/Woolacombe.jpg\"><img loading=\"lazy\" src=\"https:\/\/www.urlaubcornwall.de\/blog\/wp-content\/uploads\/2024\/03\/Woolacombe.jpg\" alt=\"Woolacombe\" width=\"750\" height=\"422\" class=\"alignnone size-full wp-image-48149\" srcset=\"https:\/\/www.urlaubcornwall.de\/blog\/wp-content\/uploads\/2024\/03\/Woolacombe.jpg 750w, https:\/\/www.urlaubcornwall.de\/blog\/wp-content\/uploads\/2024\/03\/Woolacombe-300x169.jpg 300w\" sizes=\"(max-width: 750px) 100vw, 750px\" \/><\/a><\/p>\n<p><a href=\"https:\/\/www.urlaubcornwall.de\/ferienhaeuser-fewos\/eng\/nord-devon\/woolacombe.html\">Woolacombe, Devon<\/a><\/p>\n<p>In Devon besticht die Nordk\u00fcste mit den Surf-Hotspots Croyde Bay, Woolacombe und Saunton Sands, mit ihren abfallenden goldenen Sandd\u00fcnen im Hintergrund. Wenn Sie lieber der Jurak\u00fcste entlangspazieren, dann ist die Kombination von Sand und Kieseln entlang der S\u00fcdk\u00fcste gerade richtig f\u00fcr Sie. Um weitere Badeinspirationen zu bekommen, schauen Sie sich unseren F\u00fchrer der besten Str\u00e4nde an, und Sie werden es nicht f\u00fcr m\u00f6glich halten, in Devon zu sein, oder betrachten Sie unsere Lieblingsauswahl der sch\u00f6nsten Str\u00e4nde in Cornwall. <\/p>\n<h1 id=\"badeorte\">Devons Badeorte versus Cornwalls Badeorte<\/h1>\n<p><a href=\"https:\/\/www.urlaubcornwall.de\/ferienhaeuser-fewos\/eng\/sued-devon\/paignton.html\">Paignton, Devon <\/a><\/p>\n<p>Die K\u00fcste dreht sich nicht nur um Sandstr\u00e4nde und versteckt gelegene Buchten. Da sind auch jene traditionellen Badeorte, die sich perfekt f\u00fcr Familienurlaube eignen. In Devon machen Sie sich auf nach Torquay, Paignton oder Dawlish und genie\u00dfen Sie die Uferarkaden, Eisl\u00e4den, gesch\u00e4ftige Kneipen und Restaurants. Wenn Sie es lieber etwas ruhiger angehen lassen m\u00f6chten, bieten Sidmouth und Budleigh Salterton, sowie friedvolle, urige St\u00e4dtchen die perfekte \u201acream tea\u2018 Reiseunterbrechung! Um mehr dazu zu erfahren, die K\u00fcste Devons zu erkunden, lesen Sie unseren F\u00fchrer. <\/p>\n<p><img loading=\"lazy\" class=\"aligncenter size-full wp-image-48083\" src=\"https:\/\/www.urlaubcornwall.de\/blog\/wp-content\/uploads\/2024\/03\/st-ives-hafen.jpg\" alt=\"st ives hafen\" width=\"750\" height=\"422\" srcset=\"https:\/\/www.urlaubcornwall.de\/blog\/wp-content\/uploads\/2024\/03\/st-ives-hafen.jpg 750w, https:\/\/www.urlaubcornwall.de\/blog\/wp-content\/uploads\/2024\/03\/st-ives-hafen-300x169.jpg 300w\" sizes=\"(max-width: 750px) 100vw, 750px\" \/><\/p>\n<p><a href=\"https:\/\/www.urlaubcornwall.de\/ferienhaeuser-fewos\/st-ives.html\">St Ives, Cornwall<\/a><\/p>\n<p>Auch Cornwall verf\u00fcgt \u00fcber eine faszinierende Auswahl an Badeorten und D\u00f6rfern. Falmouth und Padstow bieten einen vollen Kalender beliebter Veranstaltungen, w\u00e4hrend St Ives K\u00fcnstler aus der ganzen Welt anzieht und das Zuhause der Tate Gallery und des Barbara Hepworth Museums ist. F\u00fcr j\u00fcngere Generationen bietet Newquay die perfekte Kombination lebendiger Kneipen und Restaurants mit einer frischen K\u00fcstenatmosph\u00e4re. Weshalb erkunden Sie mit unserem F\u00fchrer nicht ein bisschen mehr zu den charmanten Fischerd\u00f6rfern in Cornwall?<\/p>\n<h1 id=\"moorgebiete\">Moorgebiete Devons versus Moorgebiete Cornwalls<\/h1>\n<p><a href=\"https:\/\/www.urlaubcornwall.de\/ferienhaeuser-fewos\/bodmin.html\">Bodmin Moor, Cornwall<\/a><\/p>\n<p>Was Moorgebiete, sowohl in Devon als auch Cornwall betrifft, so haben beide Grafschaften mysteri\u00f6ses und zerkl\u00fcftetes Moorgebiet, doch Devon hat zwei davon! Entdecken Sie in Cornwall die Menhire, uralte Geb\u00e4ude und die Flusst\u00e4ler des Bodmin Moors. Steigen Sie zu den h\u00f6chsten Gipfeln, Rough Tor und Brown Willy hinauf, und genie\u00dfen Sie den atemberaubenden Blick.<\/p>\n<p><a href=\"https:\/\/www.urlaubcornwall.de\/blog\/wp-content\/uploads\/2024\/03\/dartmoor.jpg\"><img loading=\"lazy\" src=\"https:\/\/www.urlaubcornwall.de\/blog\/wp-content\/uploads\/2024\/03\/dartmoor.jpg\" alt=\"dartmoor\" width=\"750\" height=\"500\" class=\"alignnone size-full wp-image-47878\" srcset=\"https:\/\/www.urlaubcornwall.de\/blog\/wp-content\/uploads\/2024\/03\/dartmoor.jpg 750w, https:\/\/www.urlaubcornwall.de\/blog\/wp-content\/uploads\/2024\/03\/dartmoor-300x200.jpg 300w\" sizes=\"(max-width: 750px) 100vw, 750px\" \/><\/a><\/p>\n<p><a href=\"https:\/\/www.urlaubcornwall.de\/ferienhaeuser-fewos\/eng\/sued-devon\/devon-dartmoor.html\">Dartmoor, Devon<\/a><\/p>\n<p>Devon, andererseits, hat zwei g\u00e4nzlich unterschiedliche, doch gleichfalls faszinierende Moorgebiete. Dartmoor befindet sich im S\u00fcden, wo majest\u00e4tische, hoch aufragende H\u00fcgel  charmante englische D\u00f6rfer und heidebewachsene H\u00fcgel \u00fcberragen. Exmoor in Norddevon reicht \u00fcber die Grenze hinweg nach Somerset hinein und hin zu Teilen der dramatischen K\u00fcste Norddevons, wie zum Beispiel dem ikonischen Tal der Felsen.<br \/>\nWenn Sie sich energiegeladen f\u00fchlen, so ist der Two Moors Way, eine Langstreckenwanderroute von Ivybridge am s\u00fcdlichen Rand des Dartmoors bis nach Lynmouth an Exmoors Nordk\u00fcste, eine M\u00f6glichkeit f\u00fcr Sie.<\/p>\n<h1 id=\"literarische\">Gro\u00dfartige literarische Pers\u00f6nlichkeiten Devons versus Cornwalls<\/h1>\n<p><img loading=\"lazy\" class=\"aligncenter size-full wp-image-24551\" src=\"https:\/\/www.urlaubcornwall.de\/blog\/wp-content\/uploads\/2016\/06\/bigbury-am-meer.jpg\" alt=\"Wundersch\u00f6ne Str\u00e4nde in bigbury Devon\" width=\"749\" height=\"427\"\/><\/p>\n<p><a href=\"https:\/\/www.urlaubcornwall.de\/ferienhaeuser-fewos\/eng\/sued-devon\/bigbury-on-sea.html\">Burgh Island, Devon<\/a><\/p>\n<p>Es ist ein harter Wettstreit, wenn Sie erst einmal Agatha Christie und Daphne Du Maurier vergleichen. Folgen Sie in <a href=\"https:\/\/www.urlaubcornwall.de\/ferienhaeuser-fewos\/eng\/sued-devon\/sued-devon.html\">S\u00fcddevon<\/a> den Fu\u00dfstapfen der bekannten Krimiautorin und entdecken Sie, wo Agatha Christie einst herumstapfte. Spazieren Sie den Str\u00e4nden entlang, wo sie schwamm, besuchen Sie Burgh Island, wo sie sich inspirieren lie\u00df, oder besuchen Sie Greenway House, das nun im Besitz des National Trust ist, und das einst Sommerurlaubswohnsitz der Familie Christie war. Verpassen Sie nichts und schlie\u00dfen Sie sich dem Agatha Christie Pfad an.<\/p>\n<p><script async src=\"https:\/\/pagead2.googlesyndication.com\/pagead\/js\/adsbygoogle.js?client=ca-pub-3901089389175725\"\n     crossorigin=\"anonymous\"><\/script><br \/>\n<!-- New UC --><br \/>\n<ins class=\"adsbygoogle\"\n     style=\"display:block\"\n     data-ad-client=\"ca-pub-3901089389175725\"\n     data-ad-slot=\"8080314818\"\n     data-ad-format=\"auto\"\n     data-full-width-responsive=\"true\"><\/ins><br \/>\n<script>\n     (adsbygoogle = window.adsbygoogle || []).push({});\n<\/script><\/p>\n<p><a href=\"https:\/\/www.urlaubcornwall.de\/ferienhaeuser-fewos\/fowey.html\">Fowey, Cornwall<\/a><\/p>\n<p>Entdecken Sie in Fowey, Cornwall, das Verm\u00e4chtnis, das Daphne Du Maurier zur\u00fcckgelassen hat in dem Gebiet, wo sie seit ihrer Kindheit immer wieder lebte und Urlaub verbrachte. Hier schrieb Sie ihre erste Novelle, The Loving Spirit, und hier wurde sie inspiriert f\u00fcr eines ihrer bekanntesten Werke, Jamaica Inn. Das j\u00e4hrlich stattfindende Fowey Festival feiert auf gro\u00dfartige Art und Weise Du Mauriers Werke.<\/p>\n<h1 id=\"speisen\">Speisen in Devon versus Speisen in Cornwall<\/h1>\n<p><img loading=\"lazy\" class=\"aligncenter size-full wp-image-39118\" src=\"https:\/\/www.urlaubcornwall.de\/blog\/wp-content\/uploads\/2019\/11\/padstow_hafen.jpg\" alt=\"padstow_hafen\" width=\"750\" height=\"432\" srcset=\"https:\/\/www.urlaubcornwall.de\/blog\/wp-content\/uploads\/2019\/11\/padstow_hafen.jpg 750w, https:\/\/www.urlaubcornwall.de\/blog\/wp-content\/uploads\/2019\/11\/padstow_hafen-300x173.jpg 300w\" sizes=\"(max-width: 750px) 100vw, 750px\" \/><\/p>\n<p><a href=\"https:\/\/www.urlaubcornwall.de\/ferienhaeuser-fewos\/padstow.html\">Padstow, Cornwall<\/a> <\/p>\n<p>Das gro\u00dfartigste Element Devons und Cornwalls schlechthin sind die Speisen! Wie wir soeben erw\u00e4hnten, ist der althergebrachte \u2018cream tea\u2019 ein Liebling des Westens, doch wie steht es mit der cornishen Pastete?<\/p>\n<p>Vor Ort gefangene Meeresfr\u00fcchte stehen ebenfalls ganz oben auf der <a href=\"https:\/\/www.urlaubcornwall.de\/blog\/cornwalls-kulinarische-spezialitaeten-essen-und-trinken\/\">Liste in Cornwall<\/a>. Sie k\u00f6nnten dem Fischer dabei zusehen, wie er seinen Fang am Morgen in Falmouth ausl\u00e4dt und sich am Abend niederlassen zu einem Meeresfr\u00fcchteessen bei Rick Stein. Dies ist jedoch nicht exklusive f\u00fcr Cornwall; die freundliche Stadt Brixham in Devon ist ebenso ein gro\u00dfartiges Fleckchen f\u00fcr Meeresspeisen.<\/p>\n<p>Sowohl Devon als auch Cornwall fokussieren vor Ort produzierte Speisen, so dass Sie, wo immer Sie auch hingehen, in ein Steak bei\u00dfen werden, das auf einem nahe gelegenen Bauernhof in Devon aufgezogen wurde, oder Sie genie\u00dfen k\u00f6stlichen Apfelpunsch von der Healeys Cyder Farm in Cornwall. Von den k\u00f6stlichen S\u00fc\u00dfigkeiten der Chocolate Factory bei <a href=\"https:\/\/www.urlaubcornwall.de\/ferienhaeuser-fewos\/mullion-cove.html\">Mullion Cove<\/a> bis hin zu herrlich frischem Gem\u00fcse von Riverford Organics \u2013 es dreht sich alles darum, es lokal zu halten.<\/p>\n<p><a href=\"https:\/\/www.urlaubcornwall.de\/ferienhaeuser-fewos\/eng\/sued-devon\/brixham.html\">Brixham, Devon <\/a><\/p>\n<p><img loading=\"lazy\" class=\"aligncenter size-full wp-image-47870\" src=\"hhttps:\/\/www.urlaubcornwall.de\/blog\/wp-content\/uploads\/2024\/03\/hafen-brixham.jpg\" alt=\"hafen-brixham\" width=\"750\" height=\"563\" srcset=\"https:\/\/www.urlaubcornwall.de\/blog\/wp-content\/uploads\/2024\/03\/hafen-brixham.jpg 750w, https:\/\/www.urlaubcornwall.de\/blog\/wp-content\/uploads\/2024\/03\/hafen-brixham-300x225.jpg 300w\" sizes=\"(max-width: 750px) 100vw, 750px\" \/><\/p>\n<p>Der beliebte Badeort Bude befindet sich an der Grenze zwischen Devon und Cornwall, so dass Sie hier das Beste beider Welten genie\u00dfen k\u00f6nnen. <\/p>\n<p><strong>Sie k\u00f6nnen sich nicht entscheiden?<\/strong><\/p>\n<p>Weil beide Grafschaften reich sind an unglaublichen Str\u00e4nden, charmanten D\u00f6rfern, wildem Moorgebiet und jeder Menge k\u00f6stlicher Speiselokale, ist es schwierig, zwischen Devon- und Cornwallurlauben zu entscheiden! Ob Sie sich nun f\u00fcr Devon oder Cornwall entscheiden, so haben wir eine breite Auswahl an Urlaubscottages in beiden Grafschaften \u2013 weshalb schauen Sie sich nicht einfach unsere gesamte <a href=\"https:\/\/www.urlaubcornwall.de\/ferienhaeuser\/suedengland.php\">Auswahl hier an und finden Ihr Traumurlaubshaus<\/a>?<\/p>\n<p><script async src=\"https:\/\/pagead2.googlesyndication.com\/pagead\/js\/adsbygoogle.js?client=ca-pub-3901089389175725\"\n     crossorigin=\"anonymous\"><\/script><br \/>\n<!-- New UC --><br \/>\n<ins class=\"adsbygoogle\"\n     style=\"display:block\"\n     data-ad-client=\"ca-pub-3901089389175725\"\n     data-ad-slot=\"8080314818\"\n     data-ad-format=\"auto\"\n     data-full-width-responsive=\"true\"><\/ins><br \/>\n<script>\n     (adsbygoogle = window.adsbygoogle || []).push({});\n<\/script><\/p>\n","protected":false},"excerpt":{"rendered":"<p>Es ist kein Geheimnis, dass Devon und Cornwall im Westen Englands Rivalen sind, was \u2018cream teas\u2019 und Urlaubsreiseziele betrifft, doch wie lassen sich diese Grafschaften weiter vergleichen. Wir haben uns Urlaube in Devon im Vergleich zu Urlauben in Cornwall angeschaut, und hier sind die Schlussfolgerungen. Str\u00e4nde | Badeorte | Moorgebiete | Literarische | Speisen Str\u00e4nde [&hellip;]<\/p>\n","protected":false},"author":1,"featured_media":0,"parent":0,"menu_order":0,"comment_status":"closed","ping_status":"closed","template":"single-four.php","meta":[],"acf":[],"yoast_head":"<!-- This site is optimized with the Yoast SEO plugin v19.4 - https:\/\/yoast.com\/wordpress\/plugins\/seo\/ -->\n<title>Urlaub in Cornwall oder Devon? - Urlaub &amp; Reisen<\/title>\n<meta name=\"robots\" content=\"index, follow, max-snippet:-1, max-image-preview:large, max-video-preview:-1\" \/>\n<link rel=\"canonical\" href=\"https:\/\/www.urlaubcornwall.de\/blog\/urlaub-in-cornwall-oder-devon\/\" \/>\n<meta property=\"og:locale\" content=\"en_US\" \/>\n<meta property=\"og:type\" content=\"article\" \/>\n<meta property=\"og:title\" content=\"Urlaub in Cornwall oder Devon? - Urlaub &amp; Reisen\" \/>\n<meta property=\"og:description\" content=\"Es ist kein Geheimnis, dass Devon und Cornwall im Westen Englands Rivalen sind, was \u2018cream teas\u2019 und Urlaubsreiseziele betrifft, doch wie lassen sich diese Grafschaften weiter vergleichen. Wir haben uns Urlaube in Devon im Vergleich zu Urlauben in Cornwall angeschaut, und hier sind die Schlussfolgerungen. Str\u00e4nde | Badeorte | Moorgebiete | Literarische | Speisen Str\u00e4nde [&hellip;]\" \/>\n<meta property=\"og:url\" content=\"https:\/\/www.urlaubcornwall.de\/blog\/urlaub-in-cornwall-oder-devon\/\" \/>\n<meta property=\"og:site_name\" content=\"Urlaub &amp; Reisen\" \/>\n<meta property=\"article:modified_time\" content=\"2026-01-07T10:03:29+00:00\" \/>\n<meta property=\"og:image\" content=\"https:\/\/www.urlaubcornwall.de\/blog\/wp-content\/uploads\/2024\/05\/sennen.jpg\" \/>\n<meta name=\"twitter:card\" content=\"summary\" \/>\n<meta name=\"twitter:label1\" content=\"Est. reading time\" \/>\n\t<meta name=\"twitter:data1\" content=\"6 minutes\" \/>\n<script type=\"application\/ld+json\" class=\"yoast-schema-graph\">{\"@context\":\"https:\/\/schema.org\",\"@graph\":[{\"@type\":\"WebSite\",\"@id\":\"https:\/\/www.urlaubcornwall.de\/blog\/#website\",\"url\":\"https:\/\/www.urlaubcornwall.de\/blog\/\",\"name\":\"Urlaub &amp; Reisen\",\"description\":\"Urlaub, Reisen, Cornwall und S\u00fcdengland: eine perfekte Kombination\",\"potentialAction\":[{\"@type\":\"SearchAction\",\"target\":{\"@type\":\"EntryPoint\",\"urlTemplate\":\"https:\/\/www.urlaubcornwall.de\/blog\/?s={search_term_string}\"},\"query-input\":\"required name=search_term_string\"}],\"inLanguage\":\"en-US\"},{\"@type\":\"WebPage\",\"@id\":\"https:\/\/www.urlaubcornwall.de\/blog\/urlaub-in-cornwall-oder-devon\/\",\"url\":\"https:\/\/www.urlaubcornwall.de\/blog\/urlaub-in-cornwall-oder-devon\/\",\"name\":\"Urlaub in Cornwall oder Devon? - Urlaub &amp; Reisen\",\"isPartOf\":{\"@id\":\"https:\/\/www.urlaubcornwall.de\/blog\/#website\"},\"datePublished\":\"2020-07-09T08:43:43+00:00\",\"dateModified\":\"2026-01-07T10:03:29+00:00\",\"breadcrumb\":{\"@id\":\"https:\/\/www.urlaubcornwall.de\/blog\/urlaub-in-cornwall-oder-devon\/#breadcrumb\"},\"inLanguage\":\"en-US\",\"potentialAction\":[{\"@type\":\"ReadAction\",\"target\":[\"https:\/\/www.urlaubcornwall.de\/blog\/urlaub-in-cornwall-oder-devon\/\"]}]},{\"@type\":\"BreadcrumbList\",\"@id\":\"https:\/\/www.urlaubcornwall.de\/blog\/urlaub-in-cornwall-oder-devon\/#breadcrumb\",\"itemListElement\":[{\"@type\":\"ListItem\",\"position\":1,\"name\":\"Home\",\"item\":\"https:\/\/www.urlaubcornwall.de\/blog\/\"},{\"@type\":\"ListItem\",\"position\":2,\"name\":\"Urlaub in Cornwall oder Devon?\"}]}]}<\/script>\n<!-- \/ Yoast SEO plugin. -->","yoast_head_json":{"title":"Urlaub in Cornwall oder Devon? - Urlaub &amp; Reisen","robots":{"index":"index","follow":"follow","max-snippet":"max-snippet:-1","max-image-preview":"max-image-preview:large","max-video-preview":"max-video-preview:-1"},"canonical":"https:\/\/www.urlaubcornwall.de\/blog\/urlaub-in-cornwall-oder-devon\/","og_locale":"en_US","og_type":"article","og_title":"Urlaub in Cornwall oder Devon? - Urlaub &amp; Reisen","og_description":"Es ist kein Geheimnis, dass Devon und Cornwall im Westen Englands Rivalen sind, was \u2018cream teas\u2019 und Urlaubsreiseziele betrifft, doch wie lassen sich diese Grafschaften weiter vergleichen. Wir haben uns Urlaube in Devon im Vergleich zu Urlauben in Cornwall angeschaut, und hier sind die Schlussfolgerungen. Str\u00e4nde | Badeorte | Moorgebiete | Literarische | Speisen Str\u00e4nde [&hellip;]","og_url":"https:\/\/www.urlaubcornwall.de\/blog\/urlaub-in-cornwall-oder-devon\/","og_site_name":"Urlaub &amp; Reisen","article_modified_time":"2026-01-07T10:03:29+00:00","og_image":[{"url":"https:\/\/www.urlaubcornwall.de\/blog\/wp-content\/uploads\/2024\/05\/sennen.jpg"}],"twitter_card":"summary","twitter_misc":{"Est. reading time":"6 minutes"},"schema":{"@context":"https:\/\/schema.org","@graph":[{"@type":"WebSite","@id":"https:\/\/www.urlaubcornwall.de\/blog\/#website","url":"https:\/\/www.urlaubcornwall.de\/blog\/","name":"Urlaub &amp; Reisen","description":"Urlaub, Reisen, Cornwall und S\u00fcdengland: eine perfekte Kombination","potentialAction":[{"@type":"SearchAction","target":{"@type":"EntryPoint","urlTemplate":"https:\/\/www.urlaubcornwall.de\/blog\/?s={search_term_string}"},"query-input":"required name=search_term_string"}],"inLanguage":"en-US"},{"@type":"WebPage","@id":"https:\/\/www.urlaubcornwall.de\/blog\/urlaub-in-cornwall-oder-devon\/","url":"https:\/\/www.urlaubcornwall.de\/blog\/urlaub-in-cornwall-oder-devon\/","name":"Urlaub in Cornwall oder Devon? - Urlaub &amp; Reisen","isPartOf":{"@id":"https:\/\/www.urlaubcornwall.de\/blog\/#website"},"datePublished":"2020-07-09T08:43:43+00:00","dateModified":"2026-01-07T10:03:29+00:00","breadcrumb":{"@id":"https:\/\/www.urlaubcornwall.de\/blog\/urlaub-in-cornwall-oder-devon\/#breadcrumb"},"inLanguage":"en-US","potentialAction":[{"@type":"ReadAction","target":["https:\/\/www.urlaubcornwall.de\/blog\/urlaub-in-cornwall-oder-devon\/"]}]},{"@type":"BreadcrumbList","@id":"https:\/\/www.urlaubcornwall.de\/blog\/urlaub-in-cornwall-oder-devon\/#breadcrumb","itemListElement":[{"@type":"ListItem","position":1,"name":"Home","item":"https:\/\/www.urlaubcornwall.de\/blog\/"},{"@type":"ListItem","position":2,"name":"Urlaub in Cornwall oder Devon?"}]}]}},"_links":{"self":[{"href":"https:\/\/www.urlaubcornwall.de\/blog\/wp-json\/wp\/v2\/pages\/40511"}],"collection":[{"href":"https:\/\/www.urlaubcornwall.de\/blog\/wp-json\/wp\/v2\/pages"}],"about":[{"href":"https:\/\/www.urlaubcornwall.de\/blog\/wp-json\/wp\/v2\/types\/page"}],"author":[{"embeddable":true,"href":"https:\/\/www.urlaubcornwall.de\/blog\/wp-json\/wp\/v2\/users\/1"}],"replies":[{"embeddable":true,"href":"https:\/\/www.urlaubcornwall.de\/blog\/wp-json\/wp\/v2\/comments?post=40511"}],"version-history":[{"count":17,"href":"https:\/\/www.urlaubcornwall.de\/blog\/wp-json\/wp\/v2\/pages\/40511\/revisions"}],"predecessor-version":[{"id":52002,"href":"https:\/\/www.urlaubcornwall.de\/blog\/wp-json\/wp\/v2\/pages\/40511\/revisions\/52002"}],"wp:attachment":[{"href":"https:\/\/www.urlaubcornwall.de\/blog\/wp-json\/wp\/v2\/media?parent=40511"}],"curies":[{"name":"wp","href":"https:\/\/api.w.org\/{rel}","templated":true}]}}