{"id":40471,"date":"2020-07-01T14:37:41","date_gmt":"2020-07-01T14:37:41","guid":{"rendered":"https:\/\/www.urlaubcornwall.de\/blog\/?page_id=40471"},"modified":"2022-03-18T08:05:29","modified_gmt":"2022-03-18T08:05:29","slug":"schottland-heisst-sie-wieder-willkommen-ferienhaeuser-nach-corona","status":"publish","type":"page","link":"https:\/\/www.urlaubcornwall.de\/blog\/schottland-heisst-sie-wieder-willkommen-ferienhaeuser-nach-corona\/","title":{"rendered":"Schottland hei\u00dft Sie wieder willkommen! Ferienh\u00e4user &#038; Urlaub nach Corona"},"content":{"rendered":"<p><img loading=\"lazy\" class=\"aligncenter size-full wp-image-38137\" src=\"https:\/\/www.urlaubcornwall.de\/blog\/wp-content\/uploads\/2019\/04\/Charmante-D\u00f6rfer-cornwall.jpg\" alt=\"Selbstversorger ferienhaus in Schottland\" width=\"749\" height=\"498\"\/><\/p>\n<p><strong>Einschr\u00e4nkungen f\u00fcr internationale Besucher, die nach Gro\u00dfbritannien einreisen<\/strong><\/p>\n<p><strong>J\u00fcngstes Update Coronavirus\/Covid 19<\/strong> &#8211; Vom 11. Februar 2022 ist es nicht mehr n\u00f6tig, sich bei Ankunft im UK einem Coronavirustest zu unterziehen, sofern Besucher vollst\u00e4ndig geimpft sind. Reisende werden ins Land kommen k\u00f6nnen, ohne vor oder nach der Reise einen Test durchf\u00fchren zu m\u00fcssen.<\/p>\n<p><strong>Unterk\u00fcnfte in Schottland nach Coronavirus<\/strong><\/p>\n<p>Nach dem Coronavirus sind <a href=\"https:\/\/www.urlaubcornwall.de\/ferienhaeuser\/schottland.php\">Selbstversorgerunterk\u00fcnfte die beste Option<\/a> f\u00fcr einen Urlaub in Schottland. Reisende k\u00f6nnen in ihrem eigenen Bereich bleiben mit der M\u00f6glichkeit, sich selbst zu versorgen oder nach Belieben Restaurants und Caf\u00e9s aufzusuchen. <\/p>\n<p>Die Schotten sind sehr stolz auf ihre Traditionen; viele davon sind jahrhundertealt. Denken Sie an Kilts und Dudels\u00e4cke, Haggis, den Zapfenstreich und nat\u00fcrlich den altehrw\u00fcrdigen Zeitvertreib, Single Malt zu schl\u00fcrfen! Entz\u00fcckende Schl\u00f6sser, pr\u00e4historische Festungen, mysteri\u00f6se Steinkreise und weitere faszinierende Relikte liegen verstreut in <a href=\"https:\/\/www.urlaubcornwall.de\/reiseziel\/schottland.php\">Schottlands<\/a> sich stets ver\u00e4ndernder Landschaft herum. Dagegen f\u00fcgen Glasgow, Edinburgh und andere St\u00e4dte dem Aufregung und Lebendigkeit hinzu mit ihrer eklektischen Mischung an Gesch\u00e4ften, Restaurants, Galerien, Festivals und vielem mehr. <\/p>\n<h1 style=\"text-align: center;\"><strong>Ferienh\u00e4user Coronavirus K\u00fcndigungsgarantie<\/strong><\/h1>\n<p style=\"text-align: center;\"><a class=\"tidycta\" href=\"https:\/\/www.urlaubcornwall.de\/ferienhaeuser-fewos\/sco\/schottland.html\">Suche Ferienh\u00e4user >><\/a><\/p>\n","protected":false},"excerpt":{"rendered":"<p>Einschr\u00e4nkungen f\u00fcr internationale Besucher, die nach Gro\u00dfbritannien einreisen J\u00fcngstes Update Coronavirus\/Covid 19 &#8211; Vom 11. Februar 2022 ist es nicht mehr n\u00f6tig, sich bei Ankunft im UK einem Coronavirustest zu unterziehen, sofern Besucher vollst\u00e4ndig geimpft sind. Reisende werden ins Land kommen k\u00f6nnen, ohne vor oder nach der Reise einen Test durchf\u00fchren zu m\u00fcssen. Unterk\u00fcnfte in [&hellip;]<\/p>\n","protected":false},"author":1,"featured_media":0,"parent":0,"menu_order":0,"comment_status":"closed","ping_status":"closed","template":"single-four.php","meta":[],"acf":[],"yoast_head":"<!-- This site is optimized with the Yoast SEO plugin v19.4 - https:\/\/yoast.com\/wordpress\/plugins\/seo\/ -->\n<title>Schottland hei\u00dft Sie wieder willkommen! Ferienh\u00e4user &amp; Urlaub nach Corona - Urlaub &amp; Reisen<\/title>\n<meta name=\"description\" content=\"Die Schotten sind sehr stolz auf ihre Traditionen; viele davon sind jahrhundertealt. Denken Sie an Kilts und Dudels\u00e4cke, Haggis, den Zapfenstreich und nat\u00fcrlich den altehrw\u00fcrdigen Zeitvertreib, Single Malt zu schl\u00fcrfen! Entz\u00fcckende Schl\u00f6sser, pr\u00e4historische Festungen, mysteri\u00f6se Steinkreise und weitere faszinierende Relikte liegen verstreut in Schottlands sich stets ver\u00e4ndernder Landschaft herum. Dagegen f\u00fcgen Glasgow, Edinburgh und andere St\u00e4dte dem Aufregung und Lebendigkeit hinzu mit ihrer eklektischen Mischung an Gesch\u00e4ften, Restaurants, Galerien, Festivals und vielem mehr.\" \/>\n<meta name=\"robots\" content=\"index, follow, max-snippet:-1, max-image-preview:large, max-video-preview:-1\" \/>\n<link rel=\"canonical\" href=\"https:\/\/www.urlaubcornwall.de\/blog\/schottland-heisst-sie-wieder-willkommen-ferienhaeuser-nach-corona\/\" \/>\n<meta property=\"og:locale\" content=\"en_US\" \/>\n<meta property=\"og:type\" content=\"article\" \/>\n<meta property=\"og:title\" content=\"Schottland hei\u00dft Sie wieder willkommen! Ferienh\u00e4user &amp; Urlaub nach Corona - Urlaub &amp; Reisen\" \/>\n<meta property=\"og:description\" content=\"Die Schotten sind sehr stolz auf ihre Traditionen; viele davon sind jahrhundertealt. Denken Sie an Kilts und Dudels\u00e4cke, Haggis, den Zapfenstreich und nat\u00fcrlich den altehrw\u00fcrdigen Zeitvertreib, Single Malt zu schl\u00fcrfen! Entz\u00fcckende Schl\u00f6sser, pr\u00e4historische Festungen, mysteri\u00f6se Steinkreise und weitere faszinierende Relikte liegen verstreut in Schottlands sich stets ver\u00e4ndernder Landschaft herum. Dagegen f\u00fcgen Glasgow, Edinburgh und andere St\u00e4dte dem Aufregung und Lebendigkeit hinzu mit ihrer eklektischen Mischung an Gesch\u00e4ften, Restaurants, Galerien, Festivals und vielem mehr.\" \/>\n<meta property=\"og:url\" content=\"https:\/\/www.urlaubcornwall.de\/blog\/schottland-heisst-sie-wieder-willkommen-ferienhaeuser-nach-corona\/\" \/>\n<meta property=\"og:site_name\" content=\"Urlaub &amp; Reisen\" \/>\n<meta property=\"article:modified_time\" content=\"2022-03-18T08:05:29+00:00\" \/>\n<meta property=\"og:image\" content=\"https:\/\/www.urlaubcornwall.de\/blog\/wp-content\/uploads\/2019\/04\/Charmante-D\u00f6rfer-cornwall.jpg\" \/>\n<meta name=\"twitter:card\" content=\"summary\" \/>\n<meta name=\"twitter:label1\" content=\"Est. reading time\" \/>\n\t<meta name=\"twitter:data1\" content=\"1 minute\" \/>\n<script type=\"application\/ld+json\" class=\"yoast-schema-graph\">{\"@context\":\"https:\/\/schema.org\",\"@graph\":[{\"@type\":\"WebSite\",\"@id\":\"https:\/\/www.urlaubcornwall.de\/blog\/#website\",\"url\":\"https:\/\/www.urlaubcornwall.de\/blog\/\",\"name\":\"Urlaub &amp; Reisen\",\"description\":\"Urlaub, Reisen, Cornwall und S\u00fcdengland: eine perfekte Kombination\",\"potentialAction\":[{\"@type\":\"SearchAction\",\"target\":{\"@type\":\"EntryPoint\",\"urlTemplate\":\"https:\/\/www.urlaubcornwall.de\/blog\/?s={search_term_string}\"},\"query-input\":\"required name=search_term_string\"}],\"inLanguage\":\"en-US\"},{\"@type\":\"WebPage\",\"@id\":\"https:\/\/www.urlaubcornwall.de\/blog\/schottland-heisst-sie-wieder-willkommen-ferienhaeuser-nach-corona\/\",\"url\":\"https:\/\/www.urlaubcornwall.de\/blog\/schottland-heisst-sie-wieder-willkommen-ferienhaeuser-nach-corona\/\",\"name\":\"Schottland hei\u00dft Sie wieder willkommen! Ferienh\u00e4user & Urlaub nach Corona - Urlaub &amp; Reisen\",\"isPartOf\":{\"@id\":\"https:\/\/www.urlaubcornwall.de\/blog\/#website\"},\"datePublished\":\"2020-07-01T14:37:41+00:00\",\"dateModified\":\"2022-03-18T08:05:29+00:00\",\"description\":\"Die Schotten sind sehr stolz auf ihre Traditionen; viele davon sind jahrhundertealt. Denken Sie an Kilts und Dudels\u00e4cke, Haggis, den Zapfenstreich und nat\u00fcrlich den altehrw\u00fcrdigen Zeitvertreib, Single Malt zu schl\u00fcrfen! Entz\u00fcckende Schl\u00f6sser, pr\u00e4historische Festungen, mysteri\u00f6se Steinkreise und weitere faszinierende Relikte liegen verstreut in Schottlands sich stets ver\u00e4ndernder Landschaft herum. Dagegen f\u00fcgen Glasgow, Edinburgh und andere St\u00e4dte dem Aufregung und Lebendigkeit hinzu mit ihrer eklektischen Mischung an Gesch\u00e4ften, Restaurants, Galerien, Festivals und vielem mehr.\",\"breadcrumb\":{\"@id\":\"https:\/\/www.urlaubcornwall.de\/blog\/schottland-heisst-sie-wieder-willkommen-ferienhaeuser-nach-corona\/#breadcrumb\"},\"inLanguage\":\"en-US\",\"potentialAction\":[{\"@type\":\"ReadAction\",\"target\":[\"https:\/\/www.urlaubcornwall.de\/blog\/schottland-heisst-sie-wieder-willkommen-ferienhaeuser-nach-corona\/\"]}]},{\"@type\":\"BreadcrumbList\",\"@id\":\"https:\/\/www.urlaubcornwall.de\/blog\/schottland-heisst-sie-wieder-willkommen-ferienhaeuser-nach-corona\/#breadcrumb\",\"itemListElement\":[{\"@type\":\"ListItem\",\"position\":1,\"name\":\"Home\",\"item\":\"https:\/\/www.urlaubcornwall.de\/blog\/\"},{\"@type\":\"ListItem\",\"position\":2,\"name\":\"Schottland hei\u00dft Sie wieder willkommen! Ferienh\u00e4user &#038; Urlaub nach Corona\"}]}]}<\/script>\n<!-- \/ Yoast SEO plugin. -->","yoast_head_json":{"title":"Schottland hei\u00dft Sie wieder willkommen! Ferienh\u00e4user & Urlaub nach Corona - Urlaub &amp; Reisen","description":"Die Schotten sind sehr stolz auf ihre Traditionen; viele davon sind jahrhundertealt. Denken Sie an Kilts und Dudels\u00e4cke, Haggis, den Zapfenstreich und nat\u00fcrlich den altehrw\u00fcrdigen Zeitvertreib, Single Malt zu schl\u00fcrfen! Entz\u00fcckende Schl\u00f6sser, pr\u00e4historische Festungen, mysteri\u00f6se Steinkreise und weitere faszinierende Relikte liegen verstreut in Schottlands sich stets ver\u00e4ndernder Landschaft herum. Dagegen f\u00fcgen Glasgow, Edinburgh und andere St\u00e4dte dem Aufregung und Lebendigkeit hinzu mit ihrer eklektischen Mischung an Gesch\u00e4ften, Restaurants, Galerien, Festivals und vielem mehr.","robots":{"index":"index","follow":"follow","max-snippet":"max-snippet:-1","max-image-preview":"max-image-preview:large","max-video-preview":"max-video-preview:-1"},"canonical":"https:\/\/www.urlaubcornwall.de\/blog\/schottland-heisst-sie-wieder-willkommen-ferienhaeuser-nach-corona\/","og_locale":"en_US","og_type":"article","og_title":"Schottland hei\u00dft Sie wieder willkommen! Ferienh\u00e4user & Urlaub nach Corona - Urlaub &amp; Reisen","og_description":"Die Schotten sind sehr stolz auf ihre Traditionen; viele davon sind jahrhundertealt. Denken Sie an Kilts und Dudels\u00e4cke, Haggis, den Zapfenstreich und nat\u00fcrlich den altehrw\u00fcrdigen Zeitvertreib, Single Malt zu schl\u00fcrfen! Entz\u00fcckende Schl\u00f6sser, pr\u00e4historische Festungen, mysteri\u00f6se Steinkreise und weitere faszinierende Relikte liegen verstreut in Schottlands sich stets ver\u00e4ndernder Landschaft herum. Dagegen f\u00fcgen Glasgow, Edinburgh und andere St\u00e4dte dem Aufregung und Lebendigkeit hinzu mit ihrer eklektischen Mischung an Gesch\u00e4ften, Restaurants, Galerien, Festivals und vielem mehr.","og_url":"https:\/\/www.urlaubcornwall.de\/blog\/schottland-heisst-sie-wieder-willkommen-ferienhaeuser-nach-corona\/","og_site_name":"Urlaub &amp; Reisen","article_modified_time":"2022-03-18T08:05:29+00:00","og_image":[{"url":"https:\/\/www.urlaubcornwall.de\/blog\/wp-content\/uploads\/2019\/04\/Charmante-D\u00f6rfer-cornwall.jpg"}],"twitter_card":"summary","twitter_misc":{"Est. reading time":"1 minute"},"schema":{"@context":"https:\/\/schema.org","@graph":[{"@type":"WebSite","@id":"https:\/\/www.urlaubcornwall.de\/blog\/#website","url":"https:\/\/www.urlaubcornwall.de\/blog\/","name":"Urlaub &amp; Reisen","description":"Urlaub, Reisen, Cornwall und S\u00fcdengland: eine perfekte Kombination","potentialAction":[{"@type":"SearchAction","target":{"@type":"EntryPoint","urlTemplate":"https:\/\/www.urlaubcornwall.de\/blog\/?s={search_term_string}"},"query-input":"required name=search_term_string"}],"inLanguage":"en-US"},{"@type":"WebPage","@id":"https:\/\/www.urlaubcornwall.de\/blog\/schottland-heisst-sie-wieder-willkommen-ferienhaeuser-nach-corona\/","url":"https:\/\/www.urlaubcornwall.de\/blog\/schottland-heisst-sie-wieder-willkommen-ferienhaeuser-nach-corona\/","name":"Schottland hei\u00dft Sie wieder willkommen! Ferienh\u00e4user & Urlaub nach Corona - Urlaub &amp; Reisen","isPartOf":{"@id":"https:\/\/www.urlaubcornwall.de\/blog\/#website"},"datePublished":"2020-07-01T14:37:41+00:00","dateModified":"2022-03-18T08:05:29+00:00","description":"Die Schotten sind sehr stolz auf ihre Traditionen; viele davon sind jahrhundertealt. Denken Sie an Kilts und Dudels\u00e4cke, Haggis, den Zapfenstreich und nat\u00fcrlich den altehrw\u00fcrdigen Zeitvertreib, Single Malt zu schl\u00fcrfen! Entz\u00fcckende Schl\u00f6sser, pr\u00e4historische Festungen, mysteri\u00f6se Steinkreise und weitere faszinierende Relikte liegen verstreut in Schottlands sich stets ver\u00e4ndernder Landschaft herum. Dagegen f\u00fcgen Glasgow, Edinburgh und andere St\u00e4dte dem Aufregung und Lebendigkeit hinzu mit ihrer eklektischen Mischung an Gesch\u00e4ften, Restaurants, Galerien, Festivals und vielem mehr.","breadcrumb":{"@id":"https:\/\/www.urlaubcornwall.de\/blog\/schottland-heisst-sie-wieder-willkommen-ferienhaeuser-nach-corona\/#breadcrumb"},"inLanguage":"en-US","potentialAction":[{"@type":"ReadAction","target":["https:\/\/www.urlaubcornwall.de\/blog\/schottland-heisst-sie-wieder-willkommen-ferienhaeuser-nach-corona\/"]}]},{"@type":"BreadcrumbList","@id":"https:\/\/www.urlaubcornwall.de\/blog\/schottland-heisst-sie-wieder-willkommen-ferienhaeuser-nach-corona\/#breadcrumb","itemListElement":[{"@type":"ListItem","position":1,"name":"Home","item":"https:\/\/www.urlaubcornwall.de\/blog\/"},{"@type":"ListItem","position":2,"name":"Schottland hei\u00dft Sie wieder willkommen! Ferienh\u00e4user &#038; Urlaub nach Corona"}]}]}},"_links":{"self":[{"href":"https:\/\/www.urlaubcornwall.de\/blog\/wp-json\/wp\/v2\/pages\/40471"}],"collection":[{"href":"https:\/\/www.urlaubcornwall.de\/blog\/wp-json\/wp\/v2\/pages"}],"about":[{"href":"https:\/\/www.urlaubcornwall.de\/blog\/wp-json\/wp\/v2\/types\/page"}],"author":[{"embeddable":true,"href":"https:\/\/www.urlaubcornwall.de\/blog\/wp-json\/wp\/v2\/users\/1"}],"replies":[{"embeddable":true,"href":"https:\/\/www.urlaubcornwall.de\/blog\/wp-json\/wp\/v2\/comments?post=40471"}],"version-history":[{"count":10,"href":"https:\/\/www.urlaubcornwall.de\/blog\/wp-json\/wp\/v2\/pages\/40471\/revisions"}],"predecessor-version":[{"id":44653,"href":"https:\/\/www.urlaubcornwall.de\/blog\/wp-json\/wp\/v2\/pages\/40471\/revisions\/44653"}],"wp:attachment":[{"href":"https:\/\/www.urlaubcornwall.de\/blog\/wp-json\/wp\/v2\/media?parent=40471"}],"curies":[{"name":"wp","href":"https:\/\/api.w.org\/{rel}","templated":true}]}}