{"id":40465,"date":"2020-07-01T08:06:14","date_gmt":"2020-07-01T08:06:14","guid":{"rendered":"https:\/\/www.urlaubcornwall.de\/blog\/?page_id=40465"},"modified":"2022-03-18T08:03:55","modified_gmt":"2022-03-18T08:03:55","slug":"hotels-in-cornwall-nach-coronavirus-einschraenkungen","status":"publish","type":"page","link":"https:\/\/www.urlaubcornwall.de\/blog\/hotels-in-cornwall-nach-coronavirus-einschraenkungen\/","title":{"rendered":"Hotels in Cornwall nach Coronavirus-Einschr\u00e4nkungen"},"content":{"rendered":"<p><img loading=\"lazy\" class=\"aligncenter size-full wp-image-34624\" src=\"https:\/\/www.urlaubcornwall.de\/blog\/wp-content\/uploads\/2018\/11\/rundreise_cornwall_suedengland-1.jpg\" alt=\"hotel_blick_cornwall_suedengland\" width=\"749\" height=\"494\"\/><\/p>\n<p>Cornwall hei\u00dft Sie wieder willkommen! <\/p>\n<p><strong>J\u00fcngstes Update Coronavirus\/Covid 19<\/strong> &#8211; Vom 11. Februar 2022 ist es nicht mehr n\u00f6tig, sich bei Ankunft im UK einem Coronavirustest zu unterziehen, sofern Besucher vollst\u00e4ndig geimpft sind.     Reisende werden ins Land kommen k\u00f6nnen, ohne vor oder nach der Reise einen Test durchf\u00fchren zu m\u00fcssen.<\/p>\n<p>Ausw\u00e4rtiges Amt &#8211; Gro\u00dfbritannien und Nordirland\/Vereinigtes K\u00f6nigreich: <a href=\"https:\/\/www.auswaertiges-amt.de\/de\/aussenpolitik\/laender\/grossbritannien-node\/grossbritanniensicherheit\/206408\">Reise- und Sicherheitshinweise<\/a><\/p>\n<p><strong>Urlaubsinspiration<\/strong><\/p>\n<p>Das nat\u00fcrliche Umfeld Cornwalls mit seiner wundersch\u00f6nen K\u00fcste und Raum zum Atmen macht es zu einem unglaublich begehrenswerten Reiseziel.<\/p>\n<p>Wir bieten eine Vielzahl an Hotels in atemberaubenden Gegenden an, von luxuri\u00f6sen 5-Sterne-Hotels und Boutiquehotels hin zu kleineren familienfreundlichen und preiswerten Hotels. Die meisten Hotels in unserem Angebot haben Meerblick und sch\u00f6ne Restaurants, in denen die besten Erzeugnisse der Region serviert werden und die der Cornwaller K\u00fcche ihren guten Ruf geben.<\/p>\n<p><strong>Was kann ich von einem Cornwallurlaub nach Coronavirus erwarten?<\/strong><\/p>\n<p>>Hotelbuchungen in Cornwall &#8211; S\u00e4mtliche Hotels in Cornwall haben wiederer\u00f6ffnet mit Distanzierungsma\u00dfnahmen, um bestm\u00f6gliche Sicherheit zu gew\u00e4hren, und es den G\u00e4sten zu erm\u00f6glichen, Cornwall zu genie\u00dfen.<\/p>\n<p>Es gibt eine riesige Auswahl, aus der Sie w\u00e4hlen k\u00f6nnen, doch wir, die wir unseren Firmensitz in Cornwall haben, haben <a href=\"https:\/\/www.urlaubcornwall.de\/hotels.php\">eine pers\u00f6nliche Auswahl unserer Lieblingshotels zusammengestellt<\/a>. <\/p>\n<p style=\"text-align: center;\"><a class=\"tidycta\" href=\"https:\/\/www.urlaubcornwall.de\/hotels.php\">Suche Hotels >><\/a><\/p>\n","protected":false},"excerpt":{"rendered":"<p>Cornwall hei\u00dft Sie wieder willkommen! J\u00fcngstes Update Coronavirus\/Covid 19 &#8211; Vom 11. Februar 2022 ist es nicht mehr n\u00f6tig, sich bei Ankunft im UK einem Coronavirustest zu unterziehen, sofern Besucher vollst\u00e4ndig geimpft sind. Reisende werden ins Land kommen k\u00f6nnen, ohne vor oder nach der Reise einen Test durchf\u00fchren zu m\u00fcssen. Ausw\u00e4rtiges Amt &#8211; Gro\u00dfbritannien und [&hellip;]<\/p>\n","protected":false},"author":1,"featured_media":0,"parent":0,"menu_order":0,"comment_status":"closed","ping_status":"closed","template":"single-four.php","meta":[],"acf":[],"yoast_head":"<!-- This site is optimized with the Yoast SEO plugin v19.4 - https:\/\/yoast.com\/wordpress\/plugins\/seo\/ -->\n<title>Hotels in Cornwall nach Coronavirus-Einschr\u00e4nkungen - Urlaub &amp; Reisen<\/title>\n<meta name=\"description\" content=\"Wir bieten eine Vielzahl an Hotels in atemberaubenden Gegenden an, von luxuri\u00f6sen 5-Sterne-Hotels und Boutiquehotels hin zu kleineren familienfreundlichen und preiswerten Hotels. Die meisten Hotels in unserem Angebot haben Meerblick und sch\u00f6ne Restaurants, in denen die besten Erzeugnisse der Region serviert werden und die der Cornwaller K\u00fcche ihren guten Ruf geben.\" \/>\n<meta name=\"robots\" content=\"index, follow, max-snippet:-1, max-image-preview:large, max-video-preview:-1\" \/>\n<link rel=\"canonical\" href=\"https:\/\/www.urlaubcornwall.de\/blog\/hotels-in-cornwall-nach-coronavirus-einschraenkungen\/\" \/>\n<meta property=\"og:locale\" content=\"en_US\" \/>\n<meta property=\"og:type\" content=\"article\" \/>\n<meta property=\"og:title\" content=\"Hotels in Cornwall nach Coronavirus-Einschr\u00e4nkungen - Urlaub &amp; Reisen\" \/>\n<meta property=\"og:description\" content=\"Wir bieten eine Vielzahl an Hotels in atemberaubenden Gegenden an, von luxuri\u00f6sen 5-Sterne-Hotels und Boutiquehotels hin zu kleineren familienfreundlichen und preiswerten Hotels. Die meisten Hotels in unserem Angebot haben Meerblick und sch\u00f6ne Restaurants, in denen die besten Erzeugnisse der Region serviert werden und die der Cornwaller K\u00fcche ihren guten Ruf geben.\" \/>\n<meta property=\"og:url\" content=\"https:\/\/www.urlaubcornwall.de\/blog\/hotels-in-cornwall-nach-coronavirus-einschraenkungen\/\" \/>\n<meta property=\"og:site_name\" content=\"Urlaub &amp; Reisen\" \/>\n<meta property=\"article:modified_time\" content=\"2022-03-18T08:03:55+00:00\" \/>\n<meta property=\"og:image\" content=\"https:\/\/www.urlaubcornwall.de\/blog\/wp-content\/uploads\/2018\/11\/rundreise_cornwall_suedengland-1.jpg\" \/>\n<meta name=\"twitter:card\" content=\"summary\" \/>\n<meta name=\"twitter:label1\" content=\"Est. reading time\" \/>\n\t<meta name=\"twitter:data1\" content=\"1 minute\" \/>\n<script type=\"application\/ld+json\" class=\"yoast-schema-graph\">{\"@context\":\"https:\/\/schema.org\",\"@graph\":[{\"@type\":\"WebSite\",\"@id\":\"https:\/\/www.urlaubcornwall.de\/blog\/#website\",\"url\":\"https:\/\/www.urlaubcornwall.de\/blog\/\",\"name\":\"Urlaub &amp; Reisen\",\"description\":\"Urlaub, Reisen, Cornwall und S\u00fcdengland: eine perfekte Kombination\",\"potentialAction\":[{\"@type\":\"SearchAction\",\"target\":{\"@type\":\"EntryPoint\",\"urlTemplate\":\"https:\/\/www.urlaubcornwall.de\/blog\/?s={search_term_string}\"},\"query-input\":\"required name=search_term_string\"}],\"inLanguage\":\"en-US\"},{\"@type\":\"WebPage\",\"@id\":\"https:\/\/www.urlaubcornwall.de\/blog\/hotels-in-cornwall-nach-coronavirus-einschraenkungen\/\",\"url\":\"https:\/\/www.urlaubcornwall.de\/blog\/hotels-in-cornwall-nach-coronavirus-einschraenkungen\/\",\"name\":\"Hotels in Cornwall nach Coronavirus-Einschr\u00e4nkungen - Urlaub &amp; Reisen\",\"isPartOf\":{\"@id\":\"https:\/\/www.urlaubcornwall.de\/blog\/#website\"},\"datePublished\":\"2020-07-01T08:06:14+00:00\",\"dateModified\":\"2022-03-18T08:03:55+00:00\",\"description\":\"Wir bieten eine Vielzahl an Hotels in atemberaubenden Gegenden an, von luxuri\u00f6sen 5-Sterne-Hotels und Boutiquehotels hin zu kleineren familienfreundlichen und preiswerten Hotels. Die meisten Hotels in unserem Angebot haben Meerblick und sch\u00f6ne Restaurants, in denen die besten Erzeugnisse der Region serviert werden und die der Cornwaller K\u00fcche ihren guten Ruf geben.\",\"breadcrumb\":{\"@id\":\"https:\/\/www.urlaubcornwall.de\/blog\/hotels-in-cornwall-nach-coronavirus-einschraenkungen\/#breadcrumb\"},\"inLanguage\":\"en-US\",\"potentialAction\":[{\"@type\":\"ReadAction\",\"target\":[\"https:\/\/www.urlaubcornwall.de\/blog\/hotels-in-cornwall-nach-coronavirus-einschraenkungen\/\"]}]},{\"@type\":\"BreadcrumbList\",\"@id\":\"https:\/\/www.urlaubcornwall.de\/blog\/hotels-in-cornwall-nach-coronavirus-einschraenkungen\/#breadcrumb\",\"itemListElement\":[{\"@type\":\"ListItem\",\"position\":1,\"name\":\"Home\",\"item\":\"https:\/\/www.urlaubcornwall.de\/blog\/\"},{\"@type\":\"ListItem\",\"position\":2,\"name\":\"Hotels in Cornwall nach Coronavirus-Einschr\u00e4nkungen\"}]}]}<\/script>\n<!-- \/ Yoast SEO plugin. -->","yoast_head_json":{"title":"Hotels in Cornwall nach Coronavirus-Einschr\u00e4nkungen - Urlaub &amp; Reisen","description":"Wir bieten eine Vielzahl an Hotels in atemberaubenden Gegenden an, von luxuri\u00f6sen 5-Sterne-Hotels und Boutiquehotels hin zu kleineren familienfreundlichen und preiswerten Hotels. Die meisten Hotels in unserem Angebot haben Meerblick und sch\u00f6ne Restaurants, in denen die besten Erzeugnisse der Region serviert werden und die der Cornwaller K\u00fcche ihren guten Ruf geben.","robots":{"index":"index","follow":"follow","max-snippet":"max-snippet:-1","max-image-preview":"max-image-preview:large","max-video-preview":"max-video-preview:-1"},"canonical":"https:\/\/www.urlaubcornwall.de\/blog\/hotels-in-cornwall-nach-coronavirus-einschraenkungen\/","og_locale":"en_US","og_type":"article","og_title":"Hotels in Cornwall nach Coronavirus-Einschr\u00e4nkungen - Urlaub &amp; Reisen","og_description":"Wir bieten eine Vielzahl an Hotels in atemberaubenden Gegenden an, von luxuri\u00f6sen 5-Sterne-Hotels und Boutiquehotels hin zu kleineren familienfreundlichen und preiswerten Hotels. Die meisten Hotels in unserem Angebot haben Meerblick und sch\u00f6ne Restaurants, in denen die besten Erzeugnisse der Region serviert werden und die der Cornwaller K\u00fcche ihren guten Ruf geben.","og_url":"https:\/\/www.urlaubcornwall.de\/blog\/hotels-in-cornwall-nach-coronavirus-einschraenkungen\/","og_site_name":"Urlaub &amp; Reisen","article_modified_time":"2022-03-18T08:03:55+00:00","og_image":[{"url":"https:\/\/www.urlaubcornwall.de\/blog\/wp-content\/uploads\/2018\/11\/rundreise_cornwall_suedengland-1.jpg"}],"twitter_card":"summary","twitter_misc":{"Est. reading time":"1 minute"},"schema":{"@context":"https:\/\/schema.org","@graph":[{"@type":"WebSite","@id":"https:\/\/www.urlaubcornwall.de\/blog\/#website","url":"https:\/\/www.urlaubcornwall.de\/blog\/","name":"Urlaub &amp; Reisen","description":"Urlaub, Reisen, Cornwall und S\u00fcdengland: eine perfekte Kombination","potentialAction":[{"@type":"SearchAction","target":{"@type":"EntryPoint","urlTemplate":"https:\/\/www.urlaubcornwall.de\/blog\/?s={search_term_string}"},"query-input":"required name=search_term_string"}],"inLanguage":"en-US"},{"@type":"WebPage","@id":"https:\/\/www.urlaubcornwall.de\/blog\/hotels-in-cornwall-nach-coronavirus-einschraenkungen\/","url":"https:\/\/www.urlaubcornwall.de\/blog\/hotels-in-cornwall-nach-coronavirus-einschraenkungen\/","name":"Hotels in Cornwall nach Coronavirus-Einschr\u00e4nkungen - Urlaub &amp; Reisen","isPartOf":{"@id":"https:\/\/www.urlaubcornwall.de\/blog\/#website"},"datePublished":"2020-07-01T08:06:14+00:00","dateModified":"2022-03-18T08:03:55+00:00","description":"Wir bieten eine Vielzahl an Hotels in atemberaubenden Gegenden an, von luxuri\u00f6sen 5-Sterne-Hotels und Boutiquehotels hin zu kleineren familienfreundlichen und preiswerten Hotels. Die meisten Hotels in unserem Angebot haben Meerblick und sch\u00f6ne Restaurants, in denen die besten Erzeugnisse der Region serviert werden und die der Cornwaller K\u00fcche ihren guten Ruf geben.","breadcrumb":{"@id":"https:\/\/www.urlaubcornwall.de\/blog\/hotels-in-cornwall-nach-coronavirus-einschraenkungen\/#breadcrumb"},"inLanguage":"en-US","potentialAction":[{"@type":"ReadAction","target":["https:\/\/www.urlaubcornwall.de\/blog\/hotels-in-cornwall-nach-coronavirus-einschraenkungen\/"]}]},{"@type":"BreadcrumbList","@id":"https:\/\/www.urlaubcornwall.de\/blog\/hotels-in-cornwall-nach-coronavirus-einschraenkungen\/#breadcrumb","itemListElement":[{"@type":"ListItem","position":1,"name":"Home","item":"https:\/\/www.urlaubcornwall.de\/blog\/"},{"@type":"ListItem","position":2,"name":"Hotels in Cornwall nach Coronavirus-Einschr\u00e4nkungen"}]}]}},"_links":{"self":[{"href":"https:\/\/www.urlaubcornwall.de\/blog\/wp-json\/wp\/v2\/pages\/40465"}],"collection":[{"href":"https:\/\/www.urlaubcornwall.de\/blog\/wp-json\/wp\/v2\/pages"}],"about":[{"href":"https:\/\/www.urlaubcornwall.de\/blog\/wp-json\/wp\/v2\/types\/page"}],"author":[{"embeddable":true,"href":"https:\/\/www.urlaubcornwall.de\/blog\/wp-json\/wp\/v2\/users\/1"}],"replies":[{"embeddable":true,"href":"https:\/\/www.urlaubcornwall.de\/blog\/wp-json\/wp\/v2\/comments?post=40465"}],"version-history":[{"count":14,"href":"https:\/\/www.urlaubcornwall.de\/blog\/wp-json\/wp\/v2\/pages\/40465\/revisions"}],"predecessor-version":[{"id":44648,"href":"https:\/\/www.urlaubcornwall.de\/blog\/wp-json\/wp\/v2\/pages\/40465\/revisions\/44648"}],"wp:attachment":[{"href":"https:\/\/www.urlaubcornwall.de\/blog\/wp-json\/wp\/v2\/media?parent=40465"}],"curies":[{"name":"wp","href":"https:\/\/api.w.org\/{rel}","templated":true}]}}