{"id":40462,"date":"2020-06-30T14:47:21","date_gmt":"2020-06-30T14:47:21","guid":{"rendered":"https:\/\/www.urlaubcornwall.de\/blog\/?page_id=40462"},"modified":"2021-09-22T09:55:18","modified_gmt":"2021-09-22T09:55:18","slug":"grossbritannien-heisst-sie-wieder-willkommen-selbstversorger-unterkuenfte-nach-corona","status":"publish","type":"page","link":"https:\/\/www.urlaubcornwall.de\/blog\/grossbritannien-heisst-sie-wieder-willkommen-selbstversorger-unterkuenfte-nach-corona\/","title":{"rendered":"Gro\u00dfbritannien hei\u00dft Sie wieder willkommen! Ferienh\u00e4user &#038; Urlaub nach Corona"},"content":{"rendered":"<p><img loading=\"lazy\" class=\"aligncenter size-full wp-image-38137\" src=\"https:\/\/www.urlaubcornwall.de\/blog\/wp-content\/uploads\/2019\/04\/Charmante-D\u00f6rfer-cornwall.jpg\" alt=\"Selbstversorger ferienhaus in Gro\u00dfbritannien\" width=\"749\" height=\"498\"\/><\/p>\n<p>Nach dem <a href=\"https:\/\/www.urlaubcornwall.de\/blog\/cornwall-coronavirus\/\">Coronavirus<\/a> sind <a href=\"https:\/\/www.urlaubcornwall.de\/ferienhaeuser.php\">Selbstversorgerunterk\u00fcnfte<\/a> die beste Option f\u00fcr einen Urlaub in Gro\u00dfbritannien. Reisende k\u00f6nnen in ihrem eigenen Bereich bleiben mit der M\u00f6glichkeit, sich selbst zu versorgen oder nach Belieben Restaurants und Caf\u00e9s aufzusuchen. <\/p>\n<h1 style=\"text-align: center;\"><strong>Ferienh\u00e4user Coronavirus K\u00fcndigungsgarantie<\/strong><\/h1>\n<p>UrlaubCornwall.de hat eine einzigartige Sammlung pers\u00f6nlich inspizierter Ferienh\u00e4user und Ferienwohnungen in <a href=\"https:\/\/www.urlaubcornwall.de\/ferienhaeuser\/suedengland.php\">England<\/a>, <a href=\"https:\/\/www.urlaubcornwall.de\/ferienhaeuser-fewos\/sco\/schottland.html\">Schottland<\/a>, <a href=\"https:\/\/www.urlaubcornwall.de\/ferienhaeuser-fewos\/wal\/wales.html\">Wales<\/a> und nun auch im gesamten Gro\u00dfbritannien. Jedes Geb\u00e4ude muss anspruchsvollen Standards entsprechen, so dass Ihre Urlaubsunterkunft Ihre Erwartungen \u00fcbertrifft. <\/p>\n<p>Extra Sorgfalt walten lassen: Nach Covid-19 wird Ihr <a href=\"https:\/\/www.urlaubcornwall.de\/\">Urlaub in Gro\u00dfbritannien<\/a> verst\u00e4ndlicherweise ein wenig anders ausschauen. Daher wollten wir sicherstellen, dass Sie sich sicher und gut vorbereitet f\u00fcr Ihre Reise f\u00fchlen.<\/p>\n<p>Wir haben die folgende Information f\u00fcr Sie zusammengestellt, um die Ma\u00dfnahmen zu erkl\u00e4ren, die unsere UK Urlaubscottagebesitzer getroffen haben, um Ihre Unterkunft vorzubereiten, sowie einige n\u00fctzliche Tipps, wie Sie in Sicherheit Urlaub machen k\u00f6nnen und dabei nach wie vor einen wundervollen Aufenthalt haben werden.<\/p>\n<p><strong>J\u00fcngstes Update Coronavirus\/Covid 19<\/strong> &#8211; Die britische Regierung hat die Corona-Regeln f\u00fcr Geimpfte bei Reisen nach England gelockert. Wer vollst\u00e4ndig geimpft ist, muss demnach vom 4. Oktober 2021 an bei der Einreise in den gr\u00f6\u00dften britischen Landesteil keinen Nachweis \u00fcber einen negativen Test mehr vorlegen. Auch der bislang notwendige PCR-Test am zweiten Tag nach der Ankunft soll ab Ende Oktober durch einen Antigen-Test ersetzt werden k\u00f6nnen.<\/p>\n<div class=\"snippet\"> <a class=\"featured-item\" href=\"https:\/\/www.urlaubcornwall.de\/ferienhaeuser.php\"> <span class=\"image-holder\" style=\"background-image: url('https:\/\/www.urlaubcornwall.de\/blog\/wp-content\/uploads\/2018\/11\/landhaus-cornwall-1.jpg');\"><\/span> <span class=\"featured-content\"> \n<h2 class=\"featured-title\">Ferienh\u00e4user in Gro\u00dfbritannien<\/h2>\n<p class=\"featured-body\">Bei uns finden Sie Ferienh\u00e4user zum Verlieben &#8211; so einfach ist das! Wir bieten eine Auswahl an handerlesenen und inspizierten Ferienh\u00e4usern und Ferienwohnungen in England, Wales und Schottland an. Mit unseren Partnern, die \u00fcber 40 Jahre Erfahrung auf sich vereinen, garantieren wir die feinsten Urlaubsunterk\u00fcnfte&#8230;&#8230;<\/p><\/span> <span class=\"featured-link-holder\"> <span class=\"featured-extra-info\"> \n<p>F\u00fcr Paare, Familien &#038; Gruppen<\/p>\n<\/span> \n<p class=\"featured-link\">DETAILS<\/p>\n<\/span> <\/a><\/div>\n","protected":false},"excerpt":{"rendered":"<p>Nach dem Coronavirus sind Selbstversorgerunterk\u00fcnfte die beste Option f\u00fcr einen Urlaub in Gro\u00dfbritannien. Reisende k\u00f6nnen in ihrem eigenen Bereich bleiben mit der M\u00f6glichkeit, sich selbst zu versorgen oder nach Belieben Restaurants und Caf\u00e9s aufzusuchen. Ferienh\u00e4user Coronavirus K\u00fcndigungsgarantie UrlaubCornwall.de hat eine einzigartige Sammlung pers\u00f6nlich inspizierter Ferienh\u00e4user und Ferienwohnungen in England, Schottland, Wales und nun auch im [&hellip;]<\/p>\n","protected":false},"author":1,"featured_media":0,"parent":0,"menu_order":0,"comment_status":"closed","ping_status":"closed","template":"single-four.php","meta":[],"acf":[],"yoast_head":"<!-- This site is optimized with the Yoast SEO plugin v19.4 - https:\/\/yoast.com\/wordpress\/plugins\/seo\/ -->\n<title>Gro\u00dfbritannien hei\u00dft Sie wieder willkommen! Ferienh\u00e4user &amp; Urlaub nach Corona - Urlaub &amp; Reisen<\/title>\n<meta name=\"description\" content=\"Nach dem Coronavirus sind Selbstversorgerunterk\u00fcnfte die beste Option f\u00fcr einen Urlaub in Gro\u00dfbritannien. Reisende k\u00f6nnen in ihrem eigenen Bereich bleiben mit der M\u00f6glichkeit, sich selbst zu versorgen oder nach Belieben Restaurants und Caf\u00e9s aufzusuchen.\" \/>\n<meta name=\"robots\" content=\"index, follow, max-snippet:-1, max-image-preview:large, max-video-preview:-1\" \/>\n<link rel=\"canonical\" href=\"https:\/\/www.urlaubcornwall.de\/blog\/grossbritannien-heisst-sie-wieder-willkommen-selbstversorger-unterkuenfte-nach-corona\/\" \/>\n<meta property=\"og:locale\" content=\"en_US\" \/>\n<meta property=\"og:type\" content=\"article\" \/>\n<meta property=\"og:title\" content=\"Gro\u00dfbritannien hei\u00dft Sie wieder willkommen! Ferienh\u00e4user &amp; Urlaub nach Corona - Urlaub &amp; Reisen\" \/>\n<meta property=\"og:description\" content=\"Nach dem Coronavirus sind Selbstversorgerunterk\u00fcnfte die beste Option f\u00fcr einen Urlaub in Gro\u00dfbritannien. Reisende k\u00f6nnen in ihrem eigenen Bereich bleiben mit der M\u00f6glichkeit, sich selbst zu versorgen oder nach Belieben Restaurants und Caf\u00e9s aufzusuchen.\" \/>\n<meta property=\"og:url\" content=\"https:\/\/www.urlaubcornwall.de\/blog\/grossbritannien-heisst-sie-wieder-willkommen-selbstversorger-unterkuenfte-nach-corona\/\" \/>\n<meta property=\"og:site_name\" content=\"Urlaub &amp; Reisen\" \/>\n<meta property=\"article:modified_time\" content=\"2021-09-22T09:55:18+00:00\" \/>\n<meta property=\"og:image\" content=\"https:\/\/www.urlaubcornwall.de\/blog\/wp-content\/uploads\/2019\/04\/Charmante-D\u00f6rfer-cornwall.jpg\" \/>\n<meta name=\"twitter:card\" content=\"summary\" \/>\n<meta name=\"twitter:label1\" content=\"Est. reading time\" \/>\n\t<meta name=\"twitter:data1\" content=\"1 minute\" \/>\n<script type=\"application\/ld+json\" class=\"yoast-schema-graph\">{\"@context\":\"https:\/\/schema.org\",\"@graph\":[{\"@type\":\"WebSite\",\"@id\":\"https:\/\/www.urlaubcornwall.de\/blog\/#website\",\"url\":\"https:\/\/www.urlaubcornwall.de\/blog\/\",\"name\":\"Urlaub &amp; Reisen\",\"description\":\"Urlaub, Reisen, Cornwall und S\u00fcdengland: eine perfekte Kombination\",\"potentialAction\":[{\"@type\":\"SearchAction\",\"target\":{\"@type\":\"EntryPoint\",\"urlTemplate\":\"https:\/\/www.urlaubcornwall.de\/blog\/?s={search_term_string}\"},\"query-input\":\"required name=search_term_string\"}],\"inLanguage\":\"en-US\"},{\"@type\":\"WebPage\",\"@id\":\"https:\/\/www.urlaubcornwall.de\/blog\/grossbritannien-heisst-sie-wieder-willkommen-selbstversorger-unterkuenfte-nach-corona\/\",\"url\":\"https:\/\/www.urlaubcornwall.de\/blog\/grossbritannien-heisst-sie-wieder-willkommen-selbstversorger-unterkuenfte-nach-corona\/\",\"name\":\"Gro\u00dfbritannien hei\u00dft Sie wieder willkommen! Ferienh\u00e4user & Urlaub nach Corona - Urlaub &amp; Reisen\",\"isPartOf\":{\"@id\":\"https:\/\/www.urlaubcornwall.de\/blog\/#website\"},\"datePublished\":\"2020-06-30T14:47:21+00:00\",\"dateModified\":\"2021-09-22T09:55:18+00:00\",\"description\":\"Nach dem Coronavirus sind Selbstversorgerunterk\u00fcnfte die beste Option f\u00fcr einen Urlaub in Gro\u00dfbritannien. Reisende k\u00f6nnen in ihrem eigenen Bereich bleiben mit der M\u00f6glichkeit, sich selbst zu versorgen oder nach Belieben Restaurants und Caf\u00e9s aufzusuchen.\",\"breadcrumb\":{\"@id\":\"https:\/\/www.urlaubcornwall.de\/blog\/grossbritannien-heisst-sie-wieder-willkommen-selbstversorger-unterkuenfte-nach-corona\/#breadcrumb\"},\"inLanguage\":\"en-US\",\"potentialAction\":[{\"@type\":\"ReadAction\",\"target\":[\"https:\/\/www.urlaubcornwall.de\/blog\/grossbritannien-heisst-sie-wieder-willkommen-selbstversorger-unterkuenfte-nach-corona\/\"]}]},{\"@type\":\"BreadcrumbList\",\"@id\":\"https:\/\/www.urlaubcornwall.de\/blog\/grossbritannien-heisst-sie-wieder-willkommen-selbstversorger-unterkuenfte-nach-corona\/#breadcrumb\",\"itemListElement\":[{\"@type\":\"ListItem\",\"position\":1,\"name\":\"Home\",\"item\":\"https:\/\/www.urlaubcornwall.de\/blog\/\"},{\"@type\":\"ListItem\",\"position\":2,\"name\":\"Gro\u00dfbritannien hei\u00dft Sie wieder willkommen! Ferienh\u00e4user &#038; Urlaub nach Corona\"}]}]}<\/script>\n<!-- \/ Yoast SEO plugin. -->","yoast_head_json":{"title":"Gro\u00dfbritannien hei\u00dft Sie wieder willkommen! Ferienh\u00e4user & Urlaub nach Corona - Urlaub &amp; Reisen","description":"Nach dem Coronavirus sind Selbstversorgerunterk\u00fcnfte die beste Option f\u00fcr einen Urlaub in Gro\u00dfbritannien. Reisende k\u00f6nnen in ihrem eigenen Bereich bleiben mit der M\u00f6glichkeit, sich selbst zu versorgen oder nach Belieben Restaurants und Caf\u00e9s aufzusuchen.","robots":{"index":"index","follow":"follow","max-snippet":"max-snippet:-1","max-image-preview":"max-image-preview:large","max-video-preview":"max-video-preview:-1"},"canonical":"https:\/\/www.urlaubcornwall.de\/blog\/grossbritannien-heisst-sie-wieder-willkommen-selbstversorger-unterkuenfte-nach-corona\/","og_locale":"en_US","og_type":"article","og_title":"Gro\u00dfbritannien hei\u00dft Sie wieder willkommen! Ferienh\u00e4user & Urlaub nach Corona - Urlaub &amp; Reisen","og_description":"Nach dem Coronavirus sind Selbstversorgerunterk\u00fcnfte die beste Option f\u00fcr einen Urlaub in Gro\u00dfbritannien. Reisende k\u00f6nnen in ihrem eigenen Bereich bleiben mit der M\u00f6glichkeit, sich selbst zu versorgen oder nach Belieben Restaurants und Caf\u00e9s aufzusuchen.","og_url":"https:\/\/www.urlaubcornwall.de\/blog\/grossbritannien-heisst-sie-wieder-willkommen-selbstversorger-unterkuenfte-nach-corona\/","og_site_name":"Urlaub &amp; Reisen","article_modified_time":"2021-09-22T09:55:18+00:00","og_image":[{"url":"https:\/\/www.urlaubcornwall.de\/blog\/wp-content\/uploads\/2019\/04\/Charmante-D\u00f6rfer-cornwall.jpg"}],"twitter_card":"summary","twitter_misc":{"Est. reading time":"1 minute"},"schema":{"@context":"https:\/\/schema.org","@graph":[{"@type":"WebSite","@id":"https:\/\/www.urlaubcornwall.de\/blog\/#website","url":"https:\/\/www.urlaubcornwall.de\/blog\/","name":"Urlaub &amp; Reisen","description":"Urlaub, Reisen, Cornwall und S\u00fcdengland: eine perfekte Kombination","potentialAction":[{"@type":"SearchAction","target":{"@type":"EntryPoint","urlTemplate":"https:\/\/www.urlaubcornwall.de\/blog\/?s={search_term_string}"},"query-input":"required name=search_term_string"}],"inLanguage":"en-US"},{"@type":"WebPage","@id":"https:\/\/www.urlaubcornwall.de\/blog\/grossbritannien-heisst-sie-wieder-willkommen-selbstversorger-unterkuenfte-nach-corona\/","url":"https:\/\/www.urlaubcornwall.de\/blog\/grossbritannien-heisst-sie-wieder-willkommen-selbstversorger-unterkuenfte-nach-corona\/","name":"Gro\u00dfbritannien hei\u00dft Sie wieder willkommen! Ferienh\u00e4user & Urlaub nach Corona - Urlaub &amp; Reisen","isPartOf":{"@id":"https:\/\/www.urlaubcornwall.de\/blog\/#website"},"datePublished":"2020-06-30T14:47:21+00:00","dateModified":"2021-09-22T09:55:18+00:00","description":"Nach dem Coronavirus sind Selbstversorgerunterk\u00fcnfte die beste Option f\u00fcr einen Urlaub in Gro\u00dfbritannien. Reisende k\u00f6nnen in ihrem eigenen Bereich bleiben mit der M\u00f6glichkeit, sich selbst zu versorgen oder nach Belieben Restaurants und Caf\u00e9s aufzusuchen.","breadcrumb":{"@id":"https:\/\/www.urlaubcornwall.de\/blog\/grossbritannien-heisst-sie-wieder-willkommen-selbstversorger-unterkuenfte-nach-corona\/#breadcrumb"},"inLanguage":"en-US","potentialAction":[{"@type":"ReadAction","target":["https:\/\/www.urlaubcornwall.de\/blog\/grossbritannien-heisst-sie-wieder-willkommen-selbstversorger-unterkuenfte-nach-corona\/"]}]},{"@type":"BreadcrumbList","@id":"https:\/\/www.urlaubcornwall.de\/blog\/grossbritannien-heisst-sie-wieder-willkommen-selbstversorger-unterkuenfte-nach-corona\/#breadcrumb","itemListElement":[{"@type":"ListItem","position":1,"name":"Home","item":"https:\/\/www.urlaubcornwall.de\/blog\/"},{"@type":"ListItem","position":2,"name":"Gro\u00dfbritannien hei\u00dft Sie wieder willkommen! Ferienh\u00e4user &#038; Urlaub nach Corona"}]}]}},"_links":{"self":[{"href":"https:\/\/www.urlaubcornwall.de\/blog\/wp-json\/wp\/v2\/pages\/40462"}],"collection":[{"href":"https:\/\/www.urlaubcornwall.de\/blog\/wp-json\/wp\/v2\/pages"}],"about":[{"href":"https:\/\/www.urlaubcornwall.de\/blog\/wp-json\/wp\/v2\/types\/page"}],"author":[{"embeddable":true,"href":"https:\/\/www.urlaubcornwall.de\/blog\/wp-json\/wp\/v2\/users\/1"}],"replies":[{"embeddable":true,"href":"https:\/\/www.urlaubcornwall.de\/blog\/wp-json\/wp\/v2\/comments?post=40462"}],"version-history":[{"count":5,"href":"https:\/\/www.urlaubcornwall.de\/blog\/wp-json\/wp\/v2\/pages\/40462\/revisions"}],"predecessor-version":[{"id":43039,"href":"https:\/\/www.urlaubcornwall.de\/blog\/wp-json\/wp\/v2\/pages\/40462\/revisions\/43039"}],"wp:attachment":[{"href":"https:\/\/www.urlaubcornwall.de\/blog\/wp-json\/wp\/v2\/media?parent=40462"}],"curies":[{"name":"wp","href":"https:\/\/api.w.org\/{rel}","templated":true}]}}