{"id":40456,"date":"2020-06-30T12:39:36","date_gmt":"2020-06-30T12:39:36","guid":{"rendered":"https:\/\/www.urlaubcornwall.de\/blog\/?page_id=40456"},"modified":"2022-03-18T08:05:42","modified_gmt":"2022-03-18T08:05:42","slug":"suedengland-selbstversorger-unterkuenfte-in-england-nach-corona","status":"publish","type":"page","link":"https:\/\/www.urlaubcornwall.de\/blog\/suedengland-selbstversorger-unterkuenfte-in-england-nach-corona\/","title":{"rendered":"S\u00fcdengland hei\u00dft Sie wieder willkommen! Ferienh\u00e4user &#038; Urlaub nach Corona in England"},"content":{"rendered":"<p><img loading=\"lazy\" class=\"aligncenter size-full wp-image-38137\" src=\"https:\/\/www.urlaubcornwall.de\/blog\/wp-content\/uploads\/2019\/04\/Charmante-D\u00f6rfer-cornwall.jpg\" alt=\"Selbstversorger ferienhaus in England\" width=\"749\" height=\"498\"\/><\/p>\n<p>S\u00fcdengland hei\u00dft Sie wieder willkommen! <strong>J\u00fcngstes Update Coronavirus\/Covid 19<\/strong> &#8211; Vom 11. Februar 2022 ist es nicht mehr n\u00f6tig, sich bei Ankunft im UK einem Coronavirustest zu unterziehen, sofern Besucher vollst\u00e4ndig geimpft sind. Reisende werden ins Land kommen k\u00f6nnen, ohne vor oder nach der Reise einen Test durchf\u00fchren zu m\u00fcssen.<\/p>\n<p>Ausw\u00e4rtiges Amt &#8211; Gro\u00dfbritannien und Nordirland\/Vereinigtes K\u00f6nigreich: <a href=\"https:\/\/www.auswaertiges-amt.de\/de\/aussenpolitik\/laender\/grossbritannien-node\/grossbritanniensicherheit\/206408\">Reise- und Sicherheitshinweise<\/a><\/p>\n<p><strong>Urlaubsinspiration<\/strong><br \/>\nNach dem <a href=\"https:\/\/www.urlaubcornwall.de\/blog\/cornwall-coronavirus\/\">Coronavirus<\/a> sind <a href=\"https:\/\/www.urlaubcornwall.de\/ferienhaeuser\/suedengland.php\">Selbstversorgerunterk\u00fcnfte<\/a> die beste Option f\u00fcr einen Urlaub in S\u00fcdengland. Reisende k\u00f6nnen in ihrem eigenen Bereich bleiben mit der M\u00f6glichkeit, sich selbst zu versorgen oder nach Belieben Restaurants und Caf\u00e9s aufzusuchen. <\/p>\n<p><strong>Bei uns finden Sie Ferienh\u00e4user zum Verlieben &#8211; so einfach ist das!<\/strong><\/p>\n<p>Dank seiner langen Geschichte, der reizvollen Landschaften und seinen vielen Attraktionen ist S\u00fcdengland ein wahres Mekka f\u00fcr Urlauber. F\u00fcr Familien und Paare ist die Reise durch <a href=\"https:\/\/www.urlaubcornwall.de\/ferienhaeuser\/kent.php\">Kent<\/a>, den Garten Englands, die <a href=\"https:\/\/www.urlaubcornwall.de\/ferienhaeuser\/sussex.php\">Sussex<\/a> Downs, die uralten Grafschaften von <a href=\"https:\/\/www.urlaubcornwall.de\/ferienhaeuser-fewos\/eng\/hampshire\/hampshire.html\">Hampshire<\/a> und <a href=\"https:\/\/www.urlaubcornwall.de\/ferienhaeuser-fewos\/eng\/dorset\/dorset.html\">Dorset<\/a>, die sanften H\u00fcgel von <a href=\"https:\/\/www.urlaubcornwall.de\/ferienhaeuser\/devon.php\">Devon<\/a> und bis zu den herrlichen Str\u00e4nden von <a href=\"https:\/\/www.urlaubcornwall.de\/ferienhaeuser\/cornwall.php\">Cornwall<\/a> im S\u00fcdwesten Englands ein wahrer Genuss.<\/p>\n<h1 style=\"text-align: center;\"><strong>Ferienh\u00e4user Coronavirus K\u00fcndigungsgarantie 2021\/22<\/strong><\/h1>\n<p style=\"text-align: center;\"><strong>Eine Garantie f\u00fcr eine kostenfreie Stornierung<\/strong><\/p>\n<p style=\"text-align: center;\"><a class=\"tidycta\" href=\"https:\/\/www.urlaubcornwall.de\/ferienhaeuser\/suedengland.php\">Suche Ferienh\u00e4user >><\/a><\/p>\n<p>Vorbereitungen f\u00fcr Ihren Urlaub in einem Ferienhaus in S\u00fcdengland &#8211; Extra Sorgfalt walten lassen: Nach Covid-19 wird Ihr Urlaub in Cornwall verst\u00e4ndlicherweise ein wenig anders ausschauen. Daher wollten wir sicherstellen, dass Sie sich sicher und gut vorbereitet f\u00fcr Ihre Reise f\u00fchlen&#8230;. <a href=\"https:\/\/www.urlaubcornwall.de\/blog\/vorbereitungen-fuer-ihren-urlaub-in-einem-ferienhaus-in-cornwall\/\">[ Mehr ]<\/a><\/p>\n<div class=\"snippet\"> <a class=\"featured-item\" href=\"https:\/\/www.urlaubcornwall.de\/ferienhaeuser\/suedengland.php\"> <span class=\"image-holder\" style=\"background-image: url('https:\/\/www.urlaubcornwall.de\/blog\/wp-content\/uploads\/2018\/11\/landhaus-cornwall-1.jpg');\"><\/span> <span class=\"featured-content\"> \n<h2 class=\"featured-title\">Ferienh\u00e4user in S\u00fcdengland<\/h2>\n<p class=\"featured-body\">Bei uns finden Sie Ferienh\u00e4user zum Verlieben &#8211; so einfach ist das! Wir bieten eine Auswahl an handerlesenen und inspizierten Ferienh\u00e4usern und Ferienwohnungen in Kent, Sussex, Dorset, Devon und Cornwall an. Mit unseren Partnern, die \u00fcber 40 Jahre Erfahrung auf sich vereinen, garantieren wir die feinsten Urlaubsunterk\u00fcnfte&#8230;&#8230;<\/p><\/span> <span class=\"featured-link-holder\"> <span class=\"featured-extra-info\"> \n<p>F\u00fcr Paare, Familien &#038; Gruppen<\/p>\n<\/span> \n<p class=\"featured-link\">DETAILS<\/p>\n<\/span> <\/a><\/div>\n","protected":false},"excerpt":{"rendered":"<p>S\u00fcdengland hei\u00dft Sie wieder willkommen! J\u00fcngstes Update Coronavirus\/Covid 19 &#8211; Vom 11. Februar 2022 ist es nicht mehr n\u00f6tig, sich bei Ankunft im UK einem Coronavirustest zu unterziehen, sofern Besucher vollst\u00e4ndig geimpft sind. Reisende werden ins Land kommen k\u00f6nnen, ohne vor oder nach der Reise einen Test durchf\u00fchren zu m\u00fcssen. Ausw\u00e4rtiges Amt &#8211; Gro\u00dfbritannien und [&hellip;]<\/p>\n","protected":false},"author":1,"featured_media":0,"parent":0,"menu_order":0,"comment_status":"closed","ping_status":"closed","template":"single-four.php","meta":[],"acf":[],"yoast_head":"<!-- This site is optimized with the Yoast SEO plugin v19.4 - https:\/\/yoast.com\/wordpress\/plugins\/seo\/ -->\n<title>S\u00fcdengland hei\u00dft Sie wieder willkommen! Ferienh\u00e4user &amp; Urlaub nach Corona in England - Urlaub &amp; Reisen<\/title>\n<meta name=\"description\" content=\"Nach dem Coronavirus sind Selbstversorgerunterk\u00fcnfte die beste Option f\u00fcr einen Urlaub in Cornwall. Reisende k\u00f6nnen in ihrem eigenen Bereich bleiben mit der M\u00f6glichkeit, sich selbst zu versorgen oder nach Belieben Restaurants und Caf\u00e9s aufzusuchen.\" \/>\n<meta name=\"robots\" content=\"index, follow, max-snippet:-1, max-image-preview:large, max-video-preview:-1\" \/>\n<link rel=\"canonical\" href=\"https:\/\/www.urlaubcornwall.de\/blog\/suedengland-selbstversorger-unterkuenfte-in-england-nach-corona\/\" \/>\n<meta property=\"og:locale\" content=\"en_US\" \/>\n<meta property=\"og:type\" content=\"article\" \/>\n<meta property=\"og:title\" content=\"S\u00fcdengland hei\u00dft Sie wieder willkommen! Ferienh\u00e4user &amp; Urlaub nach Corona in England - Urlaub &amp; Reisen\" \/>\n<meta property=\"og:description\" content=\"Nach dem Coronavirus sind Selbstversorgerunterk\u00fcnfte die beste Option f\u00fcr einen Urlaub in Cornwall. Reisende k\u00f6nnen in ihrem eigenen Bereich bleiben mit der M\u00f6glichkeit, sich selbst zu versorgen oder nach Belieben Restaurants und Caf\u00e9s aufzusuchen.\" \/>\n<meta property=\"og:url\" content=\"https:\/\/www.urlaubcornwall.de\/blog\/suedengland-selbstversorger-unterkuenfte-in-england-nach-corona\/\" \/>\n<meta property=\"og:site_name\" content=\"Urlaub &amp; Reisen\" \/>\n<meta property=\"article:modified_time\" content=\"2022-03-18T08:05:42+00:00\" \/>\n<meta property=\"og:image\" content=\"https:\/\/www.urlaubcornwall.de\/blog\/wp-content\/uploads\/2019\/04\/Charmante-D\u00f6rfer-cornwall.jpg\" \/>\n<meta name=\"twitter:card\" content=\"summary\" \/>\n<meta name=\"twitter:label1\" content=\"Est. reading time\" \/>\n\t<meta name=\"twitter:data1\" content=\"2 minutes\" \/>\n<script type=\"application\/ld+json\" class=\"yoast-schema-graph\">{\"@context\":\"https:\/\/schema.org\",\"@graph\":[{\"@type\":\"WebSite\",\"@id\":\"https:\/\/www.urlaubcornwall.de\/blog\/#website\",\"url\":\"https:\/\/www.urlaubcornwall.de\/blog\/\",\"name\":\"Urlaub &amp; Reisen\",\"description\":\"Urlaub, Reisen, Cornwall und S\u00fcdengland: eine perfekte Kombination\",\"potentialAction\":[{\"@type\":\"SearchAction\",\"target\":{\"@type\":\"EntryPoint\",\"urlTemplate\":\"https:\/\/www.urlaubcornwall.de\/blog\/?s={search_term_string}\"},\"query-input\":\"required name=search_term_string\"}],\"inLanguage\":\"en-US\"},{\"@type\":\"WebPage\",\"@id\":\"https:\/\/www.urlaubcornwall.de\/blog\/suedengland-selbstversorger-unterkuenfte-in-england-nach-corona\/\",\"url\":\"https:\/\/www.urlaubcornwall.de\/blog\/suedengland-selbstversorger-unterkuenfte-in-england-nach-corona\/\",\"name\":\"S\u00fcdengland hei\u00dft Sie wieder willkommen! Ferienh\u00e4user & Urlaub nach Corona in England - Urlaub &amp; Reisen\",\"isPartOf\":{\"@id\":\"https:\/\/www.urlaubcornwall.de\/blog\/#website\"},\"datePublished\":\"2020-06-30T12:39:36+00:00\",\"dateModified\":\"2022-03-18T08:05:42+00:00\",\"description\":\"Nach dem Coronavirus sind Selbstversorgerunterk\u00fcnfte die beste Option f\u00fcr einen Urlaub in Cornwall. Reisende k\u00f6nnen in ihrem eigenen Bereich bleiben mit der M\u00f6glichkeit, sich selbst zu versorgen oder nach Belieben Restaurants und Caf\u00e9s aufzusuchen.\",\"breadcrumb\":{\"@id\":\"https:\/\/www.urlaubcornwall.de\/blog\/suedengland-selbstversorger-unterkuenfte-in-england-nach-corona\/#breadcrumb\"},\"inLanguage\":\"en-US\",\"potentialAction\":[{\"@type\":\"ReadAction\",\"target\":[\"https:\/\/www.urlaubcornwall.de\/blog\/suedengland-selbstversorger-unterkuenfte-in-england-nach-corona\/\"]}]},{\"@type\":\"BreadcrumbList\",\"@id\":\"https:\/\/www.urlaubcornwall.de\/blog\/suedengland-selbstversorger-unterkuenfte-in-england-nach-corona\/#breadcrumb\",\"itemListElement\":[{\"@type\":\"ListItem\",\"position\":1,\"name\":\"Home\",\"item\":\"https:\/\/www.urlaubcornwall.de\/blog\/\"},{\"@type\":\"ListItem\",\"position\":2,\"name\":\"S\u00fcdengland hei\u00dft Sie wieder willkommen! Ferienh\u00e4user &#038; Urlaub nach Corona in England\"}]}]}<\/script>\n<!-- \/ Yoast SEO plugin. -->","yoast_head_json":{"title":"S\u00fcdengland hei\u00dft Sie wieder willkommen! Ferienh\u00e4user & Urlaub nach Corona in England - Urlaub &amp; Reisen","description":"Nach dem Coronavirus sind Selbstversorgerunterk\u00fcnfte die beste Option f\u00fcr einen Urlaub in Cornwall. Reisende k\u00f6nnen in ihrem eigenen Bereich bleiben mit der M\u00f6glichkeit, sich selbst zu versorgen oder nach Belieben Restaurants und Caf\u00e9s aufzusuchen.","robots":{"index":"index","follow":"follow","max-snippet":"max-snippet:-1","max-image-preview":"max-image-preview:large","max-video-preview":"max-video-preview:-1"},"canonical":"https:\/\/www.urlaubcornwall.de\/blog\/suedengland-selbstversorger-unterkuenfte-in-england-nach-corona\/","og_locale":"en_US","og_type":"article","og_title":"S\u00fcdengland hei\u00dft Sie wieder willkommen! Ferienh\u00e4user & Urlaub nach Corona in England - Urlaub &amp; Reisen","og_description":"Nach dem Coronavirus sind Selbstversorgerunterk\u00fcnfte die beste Option f\u00fcr einen Urlaub in Cornwall. Reisende k\u00f6nnen in ihrem eigenen Bereich bleiben mit der M\u00f6glichkeit, sich selbst zu versorgen oder nach Belieben Restaurants und Caf\u00e9s aufzusuchen.","og_url":"https:\/\/www.urlaubcornwall.de\/blog\/suedengland-selbstversorger-unterkuenfte-in-england-nach-corona\/","og_site_name":"Urlaub &amp; Reisen","article_modified_time":"2022-03-18T08:05:42+00:00","og_image":[{"url":"https:\/\/www.urlaubcornwall.de\/blog\/wp-content\/uploads\/2019\/04\/Charmante-D\u00f6rfer-cornwall.jpg"}],"twitter_card":"summary","twitter_misc":{"Est. reading time":"2 minutes"},"schema":{"@context":"https:\/\/schema.org","@graph":[{"@type":"WebSite","@id":"https:\/\/www.urlaubcornwall.de\/blog\/#website","url":"https:\/\/www.urlaubcornwall.de\/blog\/","name":"Urlaub &amp; Reisen","description":"Urlaub, Reisen, Cornwall und S\u00fcdengland: eine perfekte Kombination","potentialAction":[{"@type":"SearchAction","target":{"@type":"EntryPoint","urlTemplate":"https:\/\/www.urlaubcornwall.de\/blog\/?s={search_term_string}"},"query-input":"required name=search_term_string"}],"inLanguage":"en-US"},{"@type":"WebPage","@id":"https:\/\/www.urlaubcornwall.de\/blog\/suedengland-selbstversorger-unterkuenfte-in-england-nach-corona\/","url":"https:\/\/www.urlaubcornwall.de\/blog\/suedengland-selbstversorger-unterkuenfte-in-england-nach-corona\/","name":"S\u00fcdengland hei\u00dft Sie wieder willkommen! Ferienh\u00e4user & Urlaub nach Corona in England - Urlaub &amp; Reisen","isPartOf":{"@id":"https:\/\/www.urlaubcornwall.de\/blog\/#website"},"datePublished":"2020-06-30T12:39:36+00:00","dateModified":"2022-03-18T08:05:42+00:00","description":"Nach dem Coronavirus sind Selbstversorgerunterk\u00fcnfte die beste Option f\u00fcr einen Urlaub in Cornwall. Reisende k\u00f6nnen in ihrem eigenen Bereich bleiben mit der M\u00f6glichkeit, sich selbst zu versorgen oder nach Belieben Restaurants und Caf\u00e9s aufzusuchen.","breadcrumb":{"@id":"https:\/\/www.urlaubcornwall.de\/blog\/suedengland-selbstversorger-unterkuenfte-in-england-nach-corona\/#breadcrumb"},"inLanguage":"en-US","potentialAction":[{"@type":"ReadAction","target":["https:\/\/www.urlaubcornwall.de\/blog\/suedengland-selbstversorger-unterkuenfte-in-england-nach-corona\/"]}]},{"@type":"BreadcrumbList","@id":"https:\/\/www.urlaubcornwall.de\/blog\/suedengland-selbstversorger-unterkuenfte-in-england-nach-corona\/#breadcrumb","itemListElement":[{"@type":"ListItem","position":1,"name":"Home","item":"https:\/\/www.urlaubcornwall.de\/blog\/"},{"@type":"ListItem","position":2,"name":"S\u00fcdengland hei\u00dft Sie wieder willkommen! Ferienh\u00e4user &#038; Urlaub nach Corona in England"}]}]}},"_links":{"self":[{"href":"https:\/\/www.urlaubcornwall.de\/blog\/wp-json\/wp\/v2\/pages\/40456"}],"collection":[{"href":"https:\/\/www.urlaubcornwall.de\/blog\/wp-json\/wp\/v2\/pages"}],"about":[{"href":"https:\/\/www.urlaubcornwall.de\/blog\/wp-json\/wp\/v2\/types\/page"}],"author":[{"embeddable":true,"href":"https:\/\/www.urlaubcornwall.de\/blog\/wp-json\/wp\/v2\/users\/1"}],"replies":[{"embeddable":true,"href":"https:\/\/www.urlaubcornwall.de\/blog\/wp-json\/wp\/v2\/comments?post=40456"}],"version-history":[{"count":16,"href":"https:\/\/www.urlaubcornwall.de\/blog\/wp-json\/wp\/v2\/pages\/40456\/revisions"}],"predecessor-version":[{"id":44654,"href":"https:\/\/www.urlaubcornwall.de\/blog\/wp-json\/wp\/v2\/pages\/40456\/revisions\/44654"}],"wp:attachment":[{"href":"https:\/\/www.urlaubcornwall.de\/blog\/wp-json\/wp\/v2\/media?parent=40456"}],"curies":[{"name":"wp","href":"https:\/\/api.w.org\/{rel}","templated":true}]}}