{"id":40430,"date":"2020-06-26T10:25:13","date_gmt":"2020-06-26T10:25:13","guid":{"rendered":"https:\/\/www.urlaubcornwall.de\/blog\/?page_id=40430"},"modified":"2024-04-29T15:14:41","modified_gmt":"2024-04-29T15:14:41","slug":"london-und-cornwall-rundreise","status":"publish","type":"page","link":"https:\/\/www.urlaubcornwall.de\/blog\/london-und-cornwall-rundreise\/","title":{"rendered":"London und Cornwall Rundreise nach Corona"},"content":{"rendered":"<p><img loading=\"lazy\" class=\"aligncenter size-full wp-image-47736\" src=\"https:\/\/www.urlaubcornwall.de\/blog\/wp-content\/uploads\/2024\/02\/coverack-strand.jpg\" alt=\"coverack strand\" width=\"750\" height=\"503\" srcset=\"https:\/\/www.urlaubcornwall.de\/blog\/wp-content\/uploads\/2024\/02\/coverack-strand.jpg 750w, https:\/\/www.urlaubcornwall.de\/blog\/wp-content\/uploads\/2024\/02\/coverack-strand-300x201.jpg 300w\" sizes=\"(max-width: 750px) 100vw, 750px\" \/><\/p>\n<p><strong>J\u00fcngstes Update Coronavirus\/Covid 19<\/strong> &#8211; Vom 11. Februar 2022 ist es nicht mehr n\u00f6tig, sich bei Ankunft im UK einem Coronavirustest zu unterziehen, sofern Besucher vollst\u00e4ndig geimpft sind. Reisende werden ins Land kommen k\u00f6nnen, ohne vor oder nach der Reise einen Test durchf\u00fchren zu m\u00fcssen.<\/p>\n<p>Passagiere, die nicht vollst\u00e4ndig geimpft sind, m\u00fcssen nicht l\u00e4nger am 8. Tag nach ihrer Ankunft einen Test durchf\u00fchren, noch brauchen sie sich isolieren. <\/p>\n<p>Ausw\u00e4rtiges Amt &#8211; Gro\u00dfbritannien und Nordirland\/Vereinigtes K\u00f6nigreich: <a href=\"https:\/\/www.auswaertiges-amt.de\/de\/aussenpolitik\/laender\/grossbritannien-node\/grossbritanniensicherheit\/206408\">Reise- und Sicherheitshinweise<\/a><\/p>\n<p><script async src=\"https:\/\/pagead2.googlesyndication.com\/pagead\/js\/adsbygoogle.js?client=ca-pub-3901089389175725\"\n     crossorigin=\"anonymous\"><\/script><br \/>\n<!-- New UC --><br \/>\n<ins class=\"adsbygoogle\"\n     style=\"display:block\"\n     data-ad-client=\"ca-pub-3901089389175725\"\n     data-ad-slot=\"8080314818\"\n     data-ad-format=\"auto\"\n     data-full-width-responsive=\"true\"><\/ins><br \/>\n<script>\n     (adsbygoogle = window.adsbygoogle || []).push({});\n<\/script><\/p>\n<p><strong>Urlaubsinspiration<\/strong><\/p>\n<p>Hier finden Sie eine Auswahl an Touren und <a href=\"https:\/\/www.urlaubcornwall.de\/rundreisen\/cornwall-suedengland.php\">Rundreisen in Cornwall, London und S\u00fcdengland<\/a>. Benutzen Sie unsere Website als Inspiration oder teilen Sie uns Ihre Urlaubspl\u00e4ne mit. Wir k\u00fcmmern uns um Alleinreisende, Paare, Familien und Gruppen jeder Gr\u00f6\u00dfe.<\/p>\n<p>Die Sch\u00f6nheit der kornischen K\u00fcste und der dramatische Kontrast zwischen Land und Meer sind bei einem Urlaub in Cornwall immer in greifbarer N\u00e4he. Es gibt keine sch\u00f6nere Region f\u00fcr einen Urlaub an der K\u00fcste S\u00fcdenglands. Genau wie in vielen Ecken Gro\u00dfbritanniens ist auch in Cornwall die Natur sehr unber\u00fchrt und unerschlossen, mit vielen landschaftlich besonders wertvollen Schutzgebieten. <\/p>\n<div class=\"snippet\"> <a class=\"featured-item\" href=\" https:\/\/www.urlaubcornwall.de\/blog\/cornwall-entdecken-abbis-newquay-8-tage-pauschalreise-mit-flug\/\"> <span class=\"image-holder\" style=\"background-image: url(' https:\/\/www.urlaubcornwall.de\/blog\/wp-content\/uploads\/2019\/01\/carbis-bay-hotel-st-ives-am-meer.jpg ');\"><\/span> <span class=\"featured-content\"> \n<h2 class=\"featured-title\">Cornwall entdecken ab\/bis Newquay \u2013 8 Tage<\/h2>\n<p class=\"featured-body\">Sie wollen Cornwall stressfrei erkunden? Dann ist diese Reise genau das Richtige f\u00fcr Sie. Wei\u00dfe Klippen, atemberaubende K\u00fcstenabschnitte, pulsierende Hafenst\u00e4dte&#8230;<\/p>\n<\/span> <span class=\"featured-link-holder\"> <span class=\"featured-extra-info\"> \n<p>ab \u20ac 409<\/p>\n<\/span> \n<p class=\"featured-link\">DETAILS<\/p>\n<\/span> <\/a><\/div>\n<div class=\"snippet\"> <a class=\"featured-item\" href=\" https:\/\/www.urlaubcornwall.de\/blog\/autotour-in-grossbritannien-cornwall-rundreise-9-tage\/\"> <span class=\"image-holder\" style=\"background-image: url(' https:\/\/www.urlaubcornwall.de\/blog\/wp-content\/uploads\/2018\/11\/rundreise-cornwall.jpg ');\"><\/span> <span class=\"featured-content\"> \n<h2 class=\"featured-title\"> Cornwall Rundreise &#8211; 9 Tage <\/h2>\n<p class=\"featured-body\"> Bei dieser Cornwall Rundreise entdecken Sie die H\u00f6hepunkte S\u00fcdenglands. Kultur, Geschichte, Landschaft und heutiges Leben werden Sie hierbei kennenlernen&#8230;<\/p>\n<\/span> <span class=\"featured-link-holder\"> <span class=\"featured-extra-info\"> \n<p>ab \u20ac 615<\/p>\n<\/span> \n<p class=\"featured-link\">DETAILS<\/p>\n<\/span> <\/a><\/div>\n<div class=\"snippet\"> <a class=\"featured-item\" href=\" https:\/\/www.urlaubcornwall.de\/blog\/rundreise-in-england-2020-mit-eigenem-pkw-von-kent-bis-cornwall-13-tage\/\"> <span class=\"image-holder\" style=\"background-image: url(' https:\/\/www.urlaubcornwall.de\/blog\/wp-content\/uploads\/2019\/10\/rundreise-england-2020.jpg ');\"><\/span> <span class=\"featured-content\"> \n<h2 class=\"featured-title\">England mit eigenem PKW \u201evon Kent bis Cornwall\u201c \u2013 13 Tage<\/h2>\n<p class=\"featured-body\">rleben Sie mit Ihrem eigenen PKW die Sch\u00f6nheit S\u00fcdenglands. Die 13-t\u00e4gigen Autoreise \u201eVon Kent bis Cornwall\u201c vereint imposante Schl\u00f6sser, eindrucksvolle G\u00e4rten&#8230;.<\/p>\n<\/span> <span class=\"featured-link-holder\"> <span class=\"featured-extra-info\"> \n<p>ab \u20ac 829<\/p>\n<\/span> \n<p class=\"featured-link\">DETAILS<\/p>\n<\/span> <\/a><\/div>\n<div class=\"snippet\"> <a class=\"featured-item\" href=\" https:\/\/www.urlaubcornwall.de\/blog\/kurztrip-cornwall-4-tage-oder-5-tage-package-cornwall-ab-e-199\/\"> <span class=\"image-holder\" style=\"background-image: url(' https:\/\/www.urlaubcornwall.de\/blog\/wp-content\/uploads\/2024\/03\/urlaub-und-grosbritannien_post_small_logo.jpg ');\"><\/span> <span class=\"featured-content\"> \n<h2 class=\"featured-title\"> Kurztrip Cornwall \u2013 4 oder 5 Tage Package <\/h2>\n<p class=\"featured-body\"> G\u00f6nnen Sie sich eine kleine Auszeit in den malerischen Buchten der Rosamunde-Pilcher-Region. Sie k\u00f6nnen zwischen zwei Unterkunfts-Kategorien w\u00e4hlen&#8230;<\/p>\n<\/span> <span class=\"featured-link-holder\"> <span class=\"featured-extra-info\"> \n<p>ab \u20ac 205<\/p>\n<\/span> \n<p class=\"featured-link\">DETAILS<\/p>\n<\/span> <\/a><\/div>\n<div class=\"snippet\"> <a class=\"featured-item\" href=\" https:\/\/www.urlaubcornwall.de\/blog\/rundreise-suedengland-mit-auto-geniesserreise-suedengland-10-tage\/\"> <span class=\"image-holder\" style=\"background-image: url(' https:\/\/www.urlaubcornwall.de\/blog\/wp-content\/uploads\/2019\/01\/sands-resort-hotel-am-meer-newquay.jpg ');\"><\/span> <span class=\"featured-content\"> \n<h2 class=\"featured-title\">Genie\u00dferreise S\u00fcdengland- 10 Tage <\/h2>\n<p class=\"featured-body\">W\u00e4hrend dieser S\u00fcdengland Rundreise Auto \u201cGenie\u00dferreise S\u00fcdengland\u201d haben Sie ausreichend Zeit um wundersch\u00f6n angelegte G\u00e4rten, traumhafte Str\u00e4nde, malerische D\u00f6rfer&#8230;<\/p>\n<\/span> <span class=\"featured-link-holder\"> <span class=\"featured-extra-info\"> \n<p>ab \u20ac 605<\/p>\n<\/span> \n<p class=\"featured-link\">DETAILS<\/p>\n<\/span> <\/a><\/div>\n<div class=\"snippet\"> <a class=\"featured-item\" href=\" https:\/\/www.urlaubcornwall.de\/blog\/autoreisen-suedengland-bezauberndes-england-12-tage\/\"> <span class=\"image-holder\" style=\"background-image: url(' https:\/\/www.urlaubcornwall.de\/blog\/wp-content\/uploads\/2018\/11\/bath-urlaub-england.jpg ');\"><\/span> <span class=\"featured-content\"> \n<h2 class=\"featured-title\"> Autoreisen: Bezauberndes England &#8211; 12 Tage <\/h2>\n<p class=\"featured-body\"> Entdecken Sie die H\u00f6hepunkte S\u00fcdenglands w\u00e4hrend einer 12-t\u00e4gigen Selbstfahrertour durch England. Von London geht es nach Bournemouth in die sch\u00f6ne Grafschaft Dorset&#8230;<\/p>\n<\/span> <span class=\"featured-link-holder\"> <span class=\"featured-extra-info\"> \n<p>ab \u20ac 795<\/p>\n<\/span> \n<p class=\"featured-link\">DETAILS<\/p>\n<\/span> <\/a><\/div>\n<div class=\"snippet\"> <a class=\"featured-item\" href=\" https:\/\/www.urlaubcornwall.de\/blog\/familientour-devon-cornwall-8-tage\/\"> <span class=\"image-holder\" style=\"background-image: url(' https:\/\/www.urlaubcornwall.de\/blog\/wp-content\/uploads\/2018\/11\/exmoor-urlaub.jpg ');\"><\/span> <span class=\"featured-content\"> \n<h2 class=\"featured-title\"> Familientour Devon &amp; Cornwall \u2013 8 Tage <\/h2>\n<p class=\"featured-body\"> Erleben Sie auf dieser Autoreise &#8220;Familientour eindrucksvolles Devon und Cornwall&#8221; die eindrucksvolle Sch\u00f6nheit der Regionen Devon und Cornwall im S\u00fcden Englands&#8230;<\/p>\n<\/span> <span class=\"featured-link-holder\"> <span class=\"featured-extra-info\"> \n<p>ab \u20ac 1.060<\/p>\n<\/span> \n<p class=\"featured-link\">DETAILS<\/p>\n<\/span> <\/a><\/div>\n<div class=\"snippet\"> <a class=\"featured-item\" href=\" https:\/\/www.urlaubcornwall.de\/blog\/rundreise-suedengland-4-und-5-sterne-hotels-8-tage\/\"> <span class=\"image-holder\" style=\"background-image: url(' https:\/\/www.urlaubcornwall.de\/blog\/wp-content\/uploads\/2018\/11\/luxus-rundreise-cornwall-england.jpg ');\"><\/span> <span class=\"featured-content\"> \n<h2 class=\"featured-title\"> Rundreise in S\u00fcdengland 4* &amp; 5 * Hotels \u2013 8 Tage <\/h2>\n<p class=\"featured-body\"> Sie legen etwas mehr Wert auf tolle Unterk\u00fcnfte? Dann ist diese Reise genau das Richtige f\u00fcr Sie, denn es sind sieben \u00dcbernachtungen in sch\u00f6nen 4-5* Hotels eingeschlossen&#8230;<\/p>\n<\/span> <span class=\"featured-link-holder\"> <span class=\"featured-extra-info\"> \n<p>ab \u20ac 1.320<\/p>\n<\/span> \n<p class=\"featured-link\">DETAILS<\/p>\n<\/span> <\/a><\/div>\n<div class=\"snippet\"> <a class=\"featured-item\" href=\" https:\/\/www.urlaubcornwall.de\/blog\/rundreise-suedengland-mit-hund-abbis-dover-9-tage\/\"> <span class=\"image-holder\" style=\"background-image: url(' https:\/\/www.urlaubcornwall.de\/blog\/wp-content\/uploads\/2018\/11\/urlaub-mit-hund-Cornwall.jpg ');\"><\/span> <span class=\"featured-content\"> \n<h2 class=\"featured-title\"> Rundreise S\u00fcdengland mit Hund \u2013 9 Tage <\/h2>\n<p class=\"featured-body\"> Unsere 9 t\u00e4gige Selbstfahrertour \u201eS\u00fcdengland mit Hund\u201c bietet Ihnen die M\u00f6glichkeit auch Ihre Vierbeiner mit auf eine wunderbare Reise zu nehmen&#8230;<\/p>\n<\/span> <span class=\"featured-link-holder\"> <span class=\"featured-extra-info\"> \n<p>ab \u20ac 585<\/p>\n<\/span> \n<p class=\"featured-link\">DETAILS<\/p>\n<\/span> <\/a><\/div>\n<div class=\"snippet\"> <a class=\"featured-item\" href=\"https:\/\/www.urlaubcornwall.de\/blog\/scilly-inseln-suedliches-cornwall-11-tage-tui\/\"> <span class=\"image-holder\" style=\"background-image: url('https:\/\/www.urlaubcornwall.de\/blog\/wp-content\/uploads\/2018\/11\/IMG_0594_scilly_inseln_2.jpg');\"><\/span> <span class=\"featured-content\"> \n<h2 class=\"featured-title\">Isles of Scilly &#038; Cornwall \u2013 14 Tage<\/h2>\n<p class=\"featured-body\">Auf dieser Autoreise erkunden Sie neben den H\u00f6hepunkten Cornwalls auch die einmalig sch\u00f6nen Scilly Islands. Diese besondere Inselgruppe ist autofrei&#8230;<\/p>\n<\/span> <span class=\"featured-link-holder\"> <span class=\"featured-extra-info\"> \n<p>ab \u20ac 1.609<\/p>\n<\/span> \n<p class=\"featured-link\">Details<\/p>\n<\/span> <\/a><\/div>\n<div class=\"snippet\"> <a class=\"featured-item\" href=\" https:\/\/www.urlaubcornwall.de\/ferienhaeuser\/cornwall.php\"> <span class=\"image-holder\" style=\"background-image: url('https:\/\/www.urlaubcornwall.de\/blog\/wp-content\/uploads\/2018\/11\/landhaus-cornwall-1.jpg');\"><\/span> <span class=\"featured-content\"> \n<h2 class=\"featured-title\">Ferienh\u00e4user in Cornwall<\/h2>\n<p class=\"featured-body\">Cornwall besitzt mehr K\u00fcstenlinien als jede andere Grafschaft und bietet einige der besten Str\u00e4nde, K\u00fcstenwanderwege und Klippenlandschaften, die man \u00fcberhaupt finden kann&#8230;.<\/p>\n<\/span> <span class=\"featured-link-holder\"> <span class=\"featured-extra-info\"> \n<p> F\u00fcr Paare, Familien &#038; Gruppen<\/p>\n<\/span> \n<p class=\"featured-link\">DETAILS<\/p>\n<\/span> <\/a><\/div>\n\r\n\t\t\t<style>\r\n\t\t\t#tourist-board {\r\n\t\t\t    width: 75%;\r\n\t\t\t    margin: 10px auto;\r\n\t\t\t    border: 1px solid #ad7dd1;\r\n\t\t\t    border-radius: 10px;\r\n\t\t\t    padding: 10px;\r\n\t\t\t    text-align: center;\r\n\t\t\t    max-width: 750px;\r\n\t\t\t}\r\n\t\t\t#tourist-board img {\r\n\t\t\t\tborder: 0;\r\n\t\t\t}\r\n\t\t\t#tourist-board h3 {\r\n\t\t\t\tmargin: 0;\r\n\t\t\t\tfont-weight: bold;\r\n\t\t\t\tcolor: black;\r\n\t\t\t\tfont-size: 16px;\r\n\t\t\t}\r\n\t\t\t\r\n\t\t\t<\/style>\r\n\t\t\t<section id=\"tourist-board\">\r\n\t\t\t\t<img src=\"https:\/\/urlaubcornwall.de\/images\/logo.jpg\"\/>\r\n\t\t\t\t<h3>UrlaubCornwall.de, der offizielle Reisepartner des Touristenverbandes Visit Cornwall<\/h3>\r\n\t\t\t<\/section>\r\n\t\t\n","protected":false},"excerpt":{"rendered":"<p>J\u00fcngstes Update Coronavirus\/Covid 19 &#8211; Vom 11. Februar 2022 ist es nicht mehr n\u00f6tig, sich bei Ankunft im UK einem Coronavirustest zu unterziehen, sofern Besucher vollst\u00e4ndig geimpft sind. Reisende werden ins Land kommen k\u00f6nnen, ohne vor oder nach der Reise einen Test durchf\u00fchren zu m\u00fcssen. Passagiere, die nicht vollst\u00e4ndig geimpft sind, m\u00fcssen nicht l\u00e4nger am [&hellip;]<\/p>\n","protected":false},"author":1,"featured_media":0,"parent":0,"menu_order":0,"comment_status":"closed","ping_status":"closed","template":"single-four.php","meta":[],"acf":[],"yoast_head":"<!-- This site is optimized with the Yoast SEO plugin v19.4 - https:\/\/yoast.com\/wordpress\/plugins\/seo\/ -->\n<title>London und Cornwall Rundreise nach Corona - Urlaub &amp; Reisen<\/title>\n<meta name=\"description\" content=\"Hier finden Sie eine Auswahl an Touren und Rundreisen in Cornwall, London und S\u00fcdengland. Benutzen Sie unsere Website als Inspiration oder teilen Sie uns Ihre Urlaubspl\u00e4ne mit. Wir k\u00fcmmern uns um Alleinreisende, Paare, Familien und Gruppen jeder Gr\u00f6\u00dfe.\" \/>\n<meta name=\"robots\" content=\"index, follow, max-snippet:-1, max-image-preview:large, max-video-preview:-1\" \/>\n<link rel=\"canonical\" href=\"https:\/\/www.urlaubcornwall.de\/blog\/london-und-cornwall-rundreise\/\" \/>\n<meta property=\"og:locale\" content=\"en_US\" \/>\n<meta property=\"og:type\" content=\"article\" \/>\n<meta property=\"og:title\" content=\"London und Cornwall Rundreise nach Corona - Urlaub &amp; Reisen\" \/>\n<meta property=\"og:description\" content=\"Hier finden Sie eine Auswahl an Touren und Rundreisen in Cornwall, London und S\u00fcdengland. Benutzen Sie unsere Website als Inspiration oder teilen Sie uns Ihre Urlaubspl\u00e4ne mit. Wir k\u00fcmmern uns um Alleinreisende, Paare, Familien und Gruppen jeder Gr\u00f6\u00dfe.\" \/>\n<meta property=\"og:url\" content=\"https:\/\/www.urlaubcornwall.de\/blog\/london-und-cornwall-rundreise\/\" \/>\n<meta property=\"og:site_name\" content=\"Urlaub &amp; Reisen\" \/>\n<meta property=\"article:modified_time\" content=\"2024-04-29T15:14:41+00:00\" \/>\n<meta property=\"og:image\" content=\"https:\/\/www.urlaubcornwall.de\/blog\/wp-content\/uploads\/2024\/02\/coverack-strand.jpg\" \/>\n<meta name=\"twitter:card\" content=\"summary\" \/>\n<meta name=\"twitter:label1\" content=\"Est. reading time\" \/>\n\t<meta name=\"twitter:data1\" content=\"3 minutes\" \/>\n<script type=\"application\/ld+json\" class=\"yoast-schema-graph\">{\"@context\":\"https:\/\/schema.org\",\"@graph\":[{\"@type\":\"WebSite\",\"@id\":\"https:\/\/www.urlaubcornwall.de\/blog\/#website\",\"url\":\"https:\/\/www.urlaubcornwall.de\/blog\/\",\"name\":\"Urlaub &amp; Reisen\",\"description\":\"Urlaub, Reisen, Cornwall und S\u00fcdengland: eine perfekte Kombination\",\"potentialAction\":[{\"@type\":\"SearchAction\",\"target\":{\"@type\":\"EntryPoint\",\"urlTemplate\":\"https:\/\/www.urlaubcornwall.de\/blog\/?s={search_term_string}\"},\"query-input\":\"required name=search_term_string\"}],\"inLanguage\":\"en-US\"},{\"@type\":\"WebPage\",\"@id\":\"https:\/\/www.urlaubcornwall.de\/blog\/london-und-cornwall-rundreise\/\",\"url\":\"https:\/\/www.urlaubcornwall.de\/blog\/london-und-cornwall-rundreise\/\",\"name\":\"London und Cornwall Rundreise nach Corona - Urlaub &amp; Reisen\",\"isPartOf\":{\"@id\":\"https:\/\/www.urlaubcornwall.de\/blog\/#website\"},\"datePublished\":\"2020-06-26T10:25:13+00:00\",\"dateModified\":\"2024-04-29T15:14:41+00:00\",\"description\":\"Hier finden Sie eine Auswahl an Touren und Rundreisen in Cornwall, London und S\u00fcdengland. Benutzen Sie unsere Website als Inspiration oder teilen Sie uns Ihre Urlaubspl\u00e4ne mit. Wir k\u00fcmmern uns um Alleinreisende, Paare, Familien und Gruppen jeder Gr\u00f6\u00dfe.\",\"breadcrumb\":{\"@id\":\"https:\/\/www.urlaubcornwall.de\/blog\/london-und-cornwall-rundreise\/#breadcrumb\"},\"inLanguage\":\"en-US\",\"potentialAction\":[{\"@type\":\"ReadAction\",\"target\":[\"https:\/\/www.urlaubcornwall.de\/blog\/london-und-cornwall-rundreise\/\"]}]},{\"@type\":\"BreadcrumbList\",\"@id\":\"https:\/\/www.urlaubcornwall.de\/blog\/london-und-cornwall-rundreise\/#breadcrumb\",\"itemListElement\":[{\"@type\":\"ListItem\",\"position\":1,\"name\":\"Home\",\"item\":\"https:\/\/www.urlaubcornwall.de\/blog\/\"},{\"@type\":\"ListItem\",\"position\":2,\"name\":\"London und Cornwall Rundreise nach Corona\"}]}]}<\/script>\n<!-- \/ Yoast SEO plugin. -->","yoast_head_json":{"title":"London und Cornwall Rundreise nach Corona - Urlaub &amp; Reisen","description":"Hier finden Sie eine Auswahl an Touren und Rundreisen in Cornwall, London und S\u00fcdengland. Benutzen Sie unsere Website als Inspiration oder teilen Sie uns Ihre Urlaubspl\u00e4ne mit. Wir k\u00fcmmern uns um Alleinreisende, Paare, Familien und Gruppen jeder Gr\u00f6\u00dfe.","robots":{"index":"index","follow":"follow","max-snippet":"max-snippet:-1","max-image-preview":"max-image-preview:large","max-video-preview":"max-video-preview:-1"},"canonical":"https:\/\/www.urlaubcornwall.de\/blog\/london-und-cornwall-rundreise\/","og_locale":"en_US","og_type":"article","og_title":"London und Cornwall Rundreise nach Corona - Urlaub &amp; Reisen","og_description":"Hier finden Sie eine Auswahl an Touren und Rundreisen in Cornwall, London und S\u00fcdengland. Benutzen Sie unsere Website als Inspiration oder teilen Sie uns Ihre Urlaubspl\u00e4ne mit. Wir k\u00fcmmern uns um Alleinreisende, Paare, Familien und Gruppen jeder Gr\u00f6\u00dfe.","og_url":"https:\/\/www.urlaubcornwall.de\/blog\/london-und-cornwall-rundreise\/","og_site_name":"Urlaub &amp; Reisen","article_modified_time":"2024-04-29T15:14:41+00:00","og_image":[{"url":"https:\/\/www.urlaubcornwall.de\/blog\/wp-content\/uploads\/2024\/02\/coverack-strand.jpg"}],"twitter_card":"summary","twitter_misc":{"Est. reading time":"3 minutes"},"schema":{"@context":"https:\/\/schema.org","@graph":[{"@type":"WebSite","@id":"https:\/\/www.urlaubcornwall.de\/blog\/#website","url":"https:\/\/www.urlaubcornwall.de\/blog\/","name":"Urlaub &amp; Reisen","description":"Urlaub, Reisen, Cornwall und S\u00fcdengland: eine perfekte Kombination","potentialAction":[{"@type":"SearchAction","target":{"@type":"EntryPoint","urlTemplate":"https:\/\/www.urlaubcornwall.de\/blog\/?s={search_term_string}"},"query-input":"required name=search_term_string"}],"inLanguage":"en-US"},{"@type":"WebPage","@id":"https:\/\/www.urlaubcornwall.de\/blog\/london-und-cornwall-rundreise\/","url":"https:\/\/www.urlaubcornwall.de\/blog\/london-und-cornwall-rundreise\/","name":"London und Cornwall Rundreise nach Corona - Urlaub &amp; Reisen","isPartOf":{"@id":"https:\/\/www.urlaubcornwall.de\/blog\/#website"},"datePublished":"2020-06-26T10:25:13+00:00","dateModified":"2024-04-29T15:14:41+00:00","description":"Hier finden Sie eine Auswahl an Touren und Rundreisen in Cornwall, London und S\u00fcdengland. Benutzen Sie unsere Website als Inspiration oder teilen Sie uns Ihre Urlaubspl\u00e4ne mit. Wir k\u00fcmmern uns um Alleinreisende, Paare, Familien und Gruppen jeder Gr\u00f6\u00dfe.","breadcrumb":{"@id":"https:\/\/www.urlaubcornwall.de\/blog\/london-und-cornwall-rundreise\/#breadcrumb"},"inLanguage":"en-US","potentialAction":[{"@type":"ReadAction","target":["https:\/\/www.urlaubcornwall.de\/blog\/london-und-cornwall-rundreise\/"]}]},{"@type":"BreadcrumbList","@id":"https:\/\/www.urlaubcornwall.de\/blog\/london-und-cornwall-rundreise\/#breadcrumb","itemListElement":[{"@type":"ListItem","position":1,"name":"Home","item":"https:\/\/www.urlaubcornwall.de\/blog\/"},{"@type":"ListItem","position":2,"name":"London und Cornwall Rundreise nach Corona"}]}]}},"_links":{"self":[{"href":"https:\/\/www.urlaubcornwall.de\/blog\/wp-json\/wp\/v2\/pages\/40430"}],"collection":[{"href":"https:\/\/www.urlaubcornwall.de\/blog\/wp-json\/wp\/v2\/pages"}],"about":[{"href":"https:\/\/www.urlaubcornwall.de\/blog\/wp-json\/wp\/v2\/types\/page"}],"author":[{"embeddable":true,"href":"https:\/\/www.urlaubcornwall.de\/blog\/wp-json\/wp\/v2\/users\/1"}],"replies":[{"embeddable":true,"href":"https:\/\/www.urlaubcornwall.de\/blog\/wp-json\/wp\/v2\/comments?post=40430"}],"version-history":[{"count":14,"href":"https:\/\/www.urlaubcornwall.de\/blog\/wp-json\/wp\/v2\/pages\/40430\/revisions"}],"predecessor-version":[{"id":49889,"href":"https:\/\/www.urlaubcornwall.de\/blog\/wp-json\/wp\/v2\/pages\/40430\/revisions\/49889"}],"wp:attachment":[{"href":"https:\/\/www.urlaubcornwall.de\/blog\/wp-json\/wp\/v2\/media?parent=40430"}],"curies":[{"name":"wp","href":"https:\/\/api.w.org\/{rel}","templated":true}]}}