{"id":40422,"date":"2020-06-25T13:59:17","date_gmt":"2020-06-25T13:59:17","guid":{"rendered":"https:\/\/www.urlaubcornwall.de\/blog\/?page_id=40422"},"modified":"2024-05-31T11:48:44","modified_gmt":"2024-05-31T11:48:44","slug":"die-schoensten-orte-in-devon-unsere-top-10","status":"publish","type":"page","link":"https:\/\/www.urlaubcornwall.de\/blog\/die-schoensten-orte-in-devon-unsere-top-10\/","title":{"rendered":"Die sch\u00f6nsten Orte in Devon &#8211; unsere Top 10"},"content":{"rendered":"<p>Indem <a href=\"https:\/\/www.urlaubcornwall.de\/ferienhaeuser\/devon.php\">Devon<\/a> \u00fcber zwei besondere K\u00fcstenstriche verf\u00fcgt, bietet es den doppelten Spa\u00df f\u00fcr all jene, die entweder Wasserabenteuer oder Ruhe in Meeresn\u00e4he suchen.<\/p>\n<p><img loading=\"lazy\" class=\"aligncenter size-full wp-image-33395\" src=\"https:\/\/www.urlaubcornwall.de\/blog\/wp-content\/uploads\/2018\/03\/hotel-sonderangebote-devon.jpg\" alt=\"Bigbury on Sea\" width=\"749\" height=\"362\"\/><\/p>\n<p><strong>Bigbury on Sea<\/strong> &#8211; Riesige, sich ausdehnende gelbe Sandstr\u00e4nde, eine entz\u00fcckende Insel, die bei Ebbe zu Fu\u00df erreichbar ist und fette, saftige Austern der Bigbury Bucht &#8211; Bigbury-on-Sea hat dem Besucher eine Menge zu bieten. Machen Sie einen Ausflug mit dem Meerestraktor zur Burgh Insel, wo Noel Coward und Agatha Christie in den 1920ern eleganten Partys besuchten; mieten Sie ein Surfbrett und schwingen Sie sich in die Wellen; wandern Sie den K\u00fcstenpfad entlang oder lehnen Sie sich einfach zur\u00fcck und genie\u00dfen die herrliche Landschaft. <a href=\"https:\/\/www.urlaubcornwall.de\/ferienhaeuser-fewos\/eng\/sued-devon\/bigbury-on-sea.html\">Ferienh\u00e4user, Ferienwohnungen &#038; Cottages in Bigbury on Sea<\/a><\/p>\n<p><img loading=\"lazy\" class=\"aligncenter size-full wp-image-47876\" src=\"https:\/\/www.urlaubcornwall.de\/blog\/wp-content\/uploads\/2024\/03\/beer-strand-devon.jpg\" alt=\"beer strand devon\" width=\"750\" height=\"500\" srcset=\"https:\/\/www.urlaubcornwall.de\/blog\/wp-content\/uploads\/2024\/03\/beer-strand-devon.jpg 750w, https:\/\/www.urlaubcornwall.de\/blog\/wp-content\/uploads\/2024\/03\/beer-strand-devon-300x200.jpg 300w\" sizes=\"(max-width: 750px) 100vw, 750px\" \/><\/p>\n<p><strong>Beer<\/strong> &#8211; Klassischer, altmodischer Charme eines Seebades. Kleine h\u00f6lzerne Umkleidekabinen sind am Strand vor den eindrucksvollen wei\u00dfen Kalkklippen aufgereiht. Seit dem 15. Jahrhundert ist die Stadt Fischerhafen, und viele der Geb\u00e4ude sind denkmalgesch\u00fctzt. <a href=\"https:\/\/www.urlaubcornwall.de\/ferienhaeuser-fewos\/eng\/mitteldevon-und-ostdevon\/beer.html\">Ferienh\u00e4user, Ferienwohnungen &#038; Cottages in Beer<\/a><\/p>\n<p><img loading=\"lazy\" class=\"aligncenter size-full wp-image-30380\" src=\"https:\/\/www.urlaubcornwall.de\/blog\/wp-content\/uploads\/2017\/11\/bideford-hotel.jpg\" alt=\"bideford devon\" width=\"745\" height=\"377\" srcset=\"https:\/\/www.urlaubcornwall.de\/blog\/wp-content\/uploads\/2017\/11\/bideford-hotel.jpg 745w, https:\/\/www.urlaubcornwall.de\/blog\/wp-content\/uploads\/2017\/11\/bideford-hotel-300x152.jpg 300w\" sizes=\"(max-width: 745px) 100vw, 745px\" \/><\/p>\n<p><strong>Bideford<\/strong> &#8211; Genau das, was Sie von einem Dorf am Meer wollen \u2013 gewei\u00dfelte H\u00e4user, durcheinander gew\u00fcrfelte enge G\u00e4sschen, ein uriger Hafen und eine Menge gem\u00fctlicher Kneipen und Caf\u00e9s, die zum Verweilen einladen. <a href=\"https:\/\/www.urlaubcornwall.de\/ferienhaeuser-fewos\/eng\/nord-devon\/bideford.html\">Ferienh\u00e4user, Ferienwohnungen &#038; Cottages in Bideford<\/a><\/p>\n<p><strong>Clovelly<\/strong> &#8211; Ein wundersch\u00f6nes, unber\u00fchrtes Fischerdorf, eingebettet in gr\u00fcne Landschaft. Von Clovelly aus l\u00e4sst sich problemlos eine Bootsfahrt zur Lundy Insel machen, einer unber\u00fchrten kleinen Wildnis vor der K\u00fcste. Ungew\u00f6hnlicherweise befindet sich dieses Dorf in Privatbesitz, und es wird ein bescheidenes Eintrittsgeld verlangt, um es weiterhin in Stand halten zu k\u00f6nnen. <a href=\"https:\/\/www.urlaubcornwall.de\/ferienhaeuser-fewos\/eng\/nord-devon\/clovelly.html\">Ferienh\u00e4user, Ferienwohnungen &#038; Cottages in Clovelly<\/a><\/p>\n<p><img loading=\"lazy\" class=\"aligncenter size-full wp-image-24499\" src=\"https:\/\/www.urlaubcornwall.de\/blog\/wp-content\/uploads\/2016\/06\/Dartmouth-hafen.jpg\" alt=\"Urlaub Dartmouth hafen \" width=\"748\" height=\"437\"\/><\/p>\n<p><strong>Dartmouth<\/strong> &#8211; Historisch betrachtet, war Dartmouth strategisch sehr wichtig, und dominiert vom Britannia Royal Naval College verf\u00fcgt es \u00fcber zwei Festungen, die die M\u00fcndung des Flusses Dart besch\u00fctzen. Es gibt eine Menge historischer Geb\u00e4ude, einen gepflasterten Marktplatz, Gesch\u00e4fte, Galerien, Gourmetrestaurants und Delikatessenl\u00e4den. National Trust G\u00e4rten, der S\u00fcdwestk\u00fcstenpfad und saubere Str\u00e4nde befinden sich alle in der N\u00e4he. <a href=\"https:\/\/www.urlaubcornwall.de\/ferienhaeuser-fewos\/eng\/sued-devon\/dartmouth.html\">Ferienh\u00e4user, Ferienwohnungen &#038; Cottages in Dartmouth<\/a><\/p>\n<p><a href=\"https:\/\/www.urlaubcornwall.de\/blog\/wp-content\/uploads\/2024\/03\/dartmoor.jpg\"><img loading=\"lazy\" src=\"https:\/\/www.urlaubcornwall.de\/blog\/wp-content\/uploads\/2024\/03\/dartmoor.jpg\" alt=\"dartmoor\" width=\"750\" height=\"500\" class=\"alignnone size-full wp-image-47878\" srcset=\"https:\/\/www.urlaubcornwall.de\/blog\/wp-content\/uploads\/2024\/03\/dartmoor.jpg 750w, https:\/\/www.urlaubcornwall.de\/blog\/wp-content\/uploads\/2024\/03\/dartmoor-300x200.jpg 300w\" sizes=\"(max-width: 750px) 100vw, 750px\" \/><\/a><\/p>\n<p>Dartmoor &#8211; Dartmoor ist ein Nationalpark und erstreckt sich \u00fcber ein Gebiet von 945 Quadratkilometer; es ist S\u00fcdenglands gr\u00f6\u00dfte Ausdehnung an Wildnis. Das Moor ist abgelegen und doch zug\u00e4nglich, wild und zerkl\u00fcftet, doch mit friedvollen bewaldeten T\u00e4lern eine Landschaft faszinierender Extreme. <a href=\"https:\/\/www.urlaubcornwall.de\/ferienhaeuser-fewos\/eng\/sued-devon\/dartmoor.html\">Ferienh\u00e4user, Ferienwohnungen &#038; Cottages in Dartmoor<\/a><\/p>\n<p><img loading=\"lazy\" class=\"aligncenter size-full wp-image-47815\" src=\"https:\/\/www.urlaubcornwall.de\/blog\/wp-content\/uploads\/2024\/03\/exeter-cathedral.jpg\" alt=\"exeter cathedral\" width=\"750\" height=\"422\" srcset=\"https:\/\/www.urlaubcornwall.de\/blog\/wp-content\/uploads\/2024\/03\/exeter-cathedral.jpg 750w, https:\/\/www.urlaubcornwall.de\/blog\/wp-content\/uploads\/2024\/03\/exeter-cathedral-300x169.jpg 300w\" sizes=\"(max-width: 750px) 100vw, 750px\" \/><\/p>\n<p><strong>Exeter <\/strong>&#8211; Exeter hat immer schon aufgrund der h\u00fcbschen Kathedrale einen wahrhaften Charakter gehabt. Sie ist umgeben von friedvollen Gr\u00fcnfl\u00e4chen und Pflasterstra\u00dfen. Der historische Kai ist voller interessanter Gesch\u00e4fte und Caf\u00e9s, wo sich leicht ein Nachmittag damit zubringen l\u00e4sst, Menschen zu beobachten. <a href=\"https:\/\/www.urlaubcornwall.de\/ferienhaeuser-fewos\/eng\/sued-devon\/exeter.html\">Ferienh\u00e4user, Ferienwohnungen &#038; Cottages in Exeter<\/a><\/p>\n<p><img loading=\"lazy\" class=\"aligncenter size-full wp-image-48111\" src=\"https:\/\/www.urlaubcornwall.de\/blog\/wp-content\/uploads\/2024\/03\/lynton-devon.jpg\" alt=\"lynton devon\" width=\"750\" height=\"500\" srcset=\"https:\/\/www.urlaubcornwall.de\/blog\/wp-content\/uploads\/2024\/03\/lynton-devon.jpg 750w, https:\/\/www.urlaubcornwall.de\/blog\/wp-content\/uploads\/2024\/03\/lynton-devon-300x200.jpg 300w\" sizes=\"(max-width: 750px) 100vw, 750px\" \/><\/p>\n<p><strong>Lynton<\/strong> &#8211; Lynton befindet sich auf den Klippen <a href=\"https:\/\/www.urlaubcornwall.de\/ferienhaeuser-fewos\/eng\/nord-devon\/nord-devon.html\">Norddevons<\/a>, zwischen dem Meer und dem <a href=\"https:\/\/www.urlaubcornwall.de\/ferienhaeuser-fewos\/eng\/nord-devon\/exmoor-national-park.html\">Exmoor Nationalpark<\/a>. 150m direkt unter Lynton liegt sein Schwesterndorf Lynmouth. Die beiden werden miteinander verbunden durch eine einzigartige, mit Wasserkraft betriebene Klippenstandseilbahn. Natursch\u00f6nheit finden Sie, wohin Sie den Blick auch gleiten lassen in diesem atemberaubenden Teil Devons. Die K\u00fcste ist herrlich, w\u00e4hrend im Binnenland Exmoors T\u00e4ler, Fl\u00fcsse, Wasserf\u00e4lle und H\u00fcgel eine inspirierende, wilde Landschaft schaffen.<\/p>\n<p><img loading=\"lazy\" class=\"aligncenter size-full wp-image-31668\" src=\"https:\/\/www.urlaubcornwall.de\/blog\/wp-content\/uploads\/2018\/01\/ferienhaus-am-meer-meerblick-salcombe.jpg\" alt=\"ferienhaus am meer meerblick salcombe\" width=\"748\" height=\"420\"\/><\/p>\n<p><strong>Salcombe <\/strong>&#8211; Salcombe war lange Zeit der bevorzugte Urlaubsort f\u00fcr Jachtliebhaber und befindet sich in ausgezeichneter Lage, umgeben von gesch\u00fctztem Wasser und einer Reihe kleiner, sandiger Buchten. In der Stadt selbst herrscht ein besonderes Upmarket- Gef\u00fchl vor; Boutique-L\u00e4den, schicke Caf\u00e9s und Restaurants finden sich zahlreich wieder in den urigen Stra\u00dfen von Salcombe. <a href=\"https:\/\/www.urlaubcornwall.de\/ferienhaeuser-fewos\/eng\/sued-devon\/salcombe.html\">Ferienh\u00e4user, Ferienwohnungen &#038; Cottages in Salcombe<\/a><\/p>\n<p style=\"text-align: left;\"><img loading=\"lazy\" class=\"aligncenter size-full wp-image-47875\" src=\"https:\/\/www.urlaubcornwall.de\/blog\/wp-content\/uploads\/2024\/03\/torquay.jpg\" alt=\"torquay\" width=\"750\" height=\"500\" srcset=\"https:\/\/www.urlaubcornwall.de\/blog\/wp-content\/uploads\/2024\/03\/torquay.jpg 750w, https:\/\/www.urlaubcornwall.de\/blog\/wp-content\/uploads\/2024\/03\/torquay-300x200.jpg 300w\" sizes=\"(max-width: 750px) 100vw, 750px\" \/><\/p>\n<p><strong>Torquay<\/strong> &#8211; Elegante viktorianische Architektur, eine Reihe breiter, halbmondf\u00f6rmiger Str\u00e4nde und als Hintergrund sieben H\u00fcgel, die die Stadt umgeben \u2013 so \u00fcberrascht es kaum, dass Torquay seit Generationen ein derart beliebter Urlaubsort ist. Dies ist die <a href=\"https:\/\/www.urlaubcornwall.de\/ferienhaeuser-fewos\/englische-riviera.html\">englische Riviera<\/a> wie sie klassischer nicht sein kann, und am besten l\u00e4sst es sich genie\u00dfen bei einem Spaziergang entlang der Palmen begrenzten Promenade, ein Eis in der Hand und dem Meer dabei zuschauend, wie es auf Land trifft. <a href=\"https:\/\/www.urlaubcornwall.de\/ferienhaeuser-fewos\/eng\/sued-devon\/torquay.html\">Ferienh\u00e4user, Ferienwohnungen &#038; Cottages in Torquay<\/a><\/p>\n","protected":false},"excerpt":{"rendered":"<p>Indem Devon \u00fcber zwei besondere K\u00fcstenstriche verf\u00fcgt, bietet es den doppelten Spa\u00df f\u00fcr all jene, die entweder Wasserabenteuer oder Ruhe in Meeresn\u00e4he suchen. Bigbury on Sea &#8211; Riesige, sich ausdehnende gelbe Sandstr\u00e4nde, eine entz\u00fcckende Insel, die bei Ebbe zu Fu\u00df erreichbar ist und fette, saftige Austern der Bigbury Bucht &#8211; Bigbury-on-Sea hat dem Besucher eine [&hellip;]<\/p>\n","protected":false},"author":1,"featured_media":0,"parent":0,"menu_order":0,"comment_status":"closed","ping_status":"closed","template":"single-four.php","meta":[],"acf":[],"yoast_head":"<!-- This site is optimized with the Yoast SEO plugin v19.4 - https:\/\/yoast.com\/wordpress\/plugins\/seo\/ -->\n<title>Die sch\u00f6nsten Orte in Devon - unsere Top 10 - Urlaub &amp; Reisen<\/title>\n<meta name=\"description\" content=\"Indem Devon \u00fcber zwei besondere K\u00fcstenstriche verf\u00fcgt, bietet es den doppelten Spa\u00df f\u00fcr all jene, die entweder Wasserabenteuer\" \/>\n<meta name=\"robots\" content=\"index, follow, max-snippet:-1, max-image-preview:large, max-video-preview:-1\" \/>\n<link rel=\"canonical\" href=\"https:\/\/www.urlaubcornwall.de\/blog\/die-schoensten-orte-in-devon-unsere-top-10\/\" \/>\n<meta property=\"og:locale\" content=\"en_US\" \/>\n<meta property=\"og:type\" content=\"article\" \/>\n<meta property=\"og:title\" content=\"Die sch\u00f6nsten Orte in Devon - unsere Top 10 - Urlaub &amp; Reisen\" \/>\n<meta property=\"og:description\" content=\"Indem Devon \u00fcber zwei besondere K\u00fcstenstriche verf\u00fcgt, bietet es den doppelten Spa\u00df f\u00fcr all jene, die entweder Wasserabenteuer\" \/>\n<meta property=\"og:url\" content=\"https:\/\/www.urlaubcornwall.de\/blog\/die-schoensten-orte-in-devon-unsere-top-10\/\" \/>\n<meta property=\"og:site_name\" content=\"Urlaub &amp; Reisen\" \/>\n<meta property=\"article:modified_time\" content=\"2024-05-31T11:48:44+00:00\" \/>\n<meta property=\"og:image\" content=\"https:\/\/www.urlaubcornwall.de\/blog\/wp-content\/uploads\/2018\/03\/hotel-sonderangebote-devon.jpg\" \/>\n<meta name=\"twitter:card\" content=\"summary\" \/>\n<meta name=\"twitter:label1\" content=\"Est. reading time\" \/>\n\t<meta name=\"twitter:data1\" content=\"5 minutes\" \/>\n<script type=\"application\/ld+json\" class=\"yoast-schema-graph\">{\"@context\":\"https:\/\/schema.org\",\"@graph\":[{\"@type\":\"WebSite\",\"@id\":\"https:\/\/www.urlaubcornwall.de\/blog\/#website\",\"url\":\"https:\/\/www.urlaubcornwall.de\/blog\/\",\"name\":\"Urlaub &amp; Reisen\",\"description\":\"Urlaub, Reisen, Cornwall und S\u00fcdengland: eine perfekte Kombination\",\"potentialAction\":[{\"@type\":\"SearchAction\",\"target\":{\"@type\":\"EntryPoint\",\"urlTemplate\":\"https:\/\/www.urlaubcornwall.de\/blog\/?s={search_term_string}\"},\"query-input\":\"required name=search_term_string\"}],\"inLanguage\":\"en-US\"},{\"@type\":\"WebPage\",\"@id\":\"https:\/\/www.urlaubcornwall.de\/blog\/die-schoensten-orte-in-devon-unsere-top-10\/\",\"url\":\"https:\/\/www.urlaubcornwall.de\/blog\/die-schoensten-orte-in-devon-unsere-top-10\/\",\"name\":\"Die sch\u00f6nsten Orte in Devon - unsere Top 10 - Urlaub &amp; Reisen\",\"isPartOf\":{\"@id\":\"https:\/\/www.urlaubcornwall.de\/blog\/#website\"},\"datePublished\":\"2020-06-25T13:59:17+00:00\",\"dateModified\":\"2024-05-31T11:48:44+00:00\",\"description\":\"Indem Devon \u00fcber zwei besondere K\u00fcstenstriche verf\u00fcgt, bietet es den doppelten Spa\u00df f\u00fcr all jene, die entweder Wasserabenteuer\",\"breadcrumb\":{\"@id\":\"https:\/\/www.urlaubcornwall.de\/blog\/die-schoensten-orte-in-devon-unsere-top-10\/#breadcrumb\"},\"inLanguage\":\"en-US\",\"potentialAction\":[{\"@type\":\"ReadAction\",\"target\":[\"https:\/\/www.urlaubcornwall.de\/blog\/die-schoensten-orte-in-devon-unsere-top-10\/\"]}]},{\"@type\":\"BreadcrumbList\",\"@id\":\"https:\/\/www.urlaubcornwall.de\/blog\/die-schoensten-orte-in-devon-unsere-top-10\/#breadcrumb\",\"itemListElement\":[{\"@type\":\"ListItem\",\"position\":1,\"name\":\"Home\",\"item\":\"https:\/\/www.urlaubcornwall.de\/blog\/\"},{\"@type\":\"ListItem\",\"position\":2,\"name\":\"Die sch\u00f6nsten Orte in Devon &#8211; unsere Top 10\"}]}]}<\/script>\n<!-- \/ Yoast SEO plugin. -->","yoast_head_json":{"title":"Die sch\u00f6nsten Orte in Devon - unsere Top 10 - Urlaub &amp; Reisen","description":"Indem Devon \u00fcber zwei besondere K\u00fcstenstriche verf\u00fcgt, bietet es den doppelten Spa\u00df f\u00fcr all jene, die entweder Wasserabenteuer","robots":{"index":"index","follow":"follow","max-snippet":"max-snippet:-1","max-image-preview":"max-image-preview:large","max-video-preview":"max-video-preview:-1"},"canonical":"https:\/\/www.urlaubcornwall.de\/blog\/die-schoensten-orte-in-devon-unsere-top-10\/","og_locale":"en_US","og_type":"article","og_title":"Die sch\u00f6nsten Orte in Devon - unsere Top 10 - Urlaub &amp; Reisen","og_description":"Indem Devon \u00fcber zwei besondere K\u00fcstenstriche verf\u00fcgt, bietet es den doppelten Spa\u00df f\u00fcr all jene, die entweder Wasserabenteuer","og_url":"https:\/\/www.urlaubcornwall.de\/blog\/die-schoensten-orte-in-devon-unsere-top-10\/","og_site_name":"Urlaub &amp; Reisen","article_modified_time":"2024-05-31T11:48:44+00:00","og_image":[{"url":"https:\/\/www.urlaubcornwall.de\/blog\/wp-content\/uploads\/2018\/03\/hotel-sonderangebote-devon.jpg"}],"twitter_card":"summary","twitter_misc":{"Est. reading time":"5 minutes"},"schema":{"@context":"https:\/\/schema.org","@graph":[{"@type":"WebSite","@id":"https:\/\/www.urlaubcornwall.de\/blog\/#website","url":"https:\/\/www.urlaubcornwall.de\/blog\/","name":"Urlaub &amp; Reisen","description":"Urlaub, Reisen, Cornwall und S\u00fcdengland: eine perfekte Kombination","potentialAction":[{"@type":"SearchAction","target":{"@type":"EntryPoint","urlTemplate":"https:\/\/www.urlaubcornwall.de\/blog\/?s={search_term_string}"},"query-input":"required name=search_term_string"}],"inLanguage":"en-US"},{"@type":"WebPage","@id":"https:\/\/www.urlaubcornwall.de\/blog\/die-schoensten-orte-in-devon-unsere-top-10\/","url":"https:\/\/www.urlaubcornwall.de\/blog\/die-schoensten-orte-in-devon-unsere-top-10\/","name":"Die sch\u00f6nsten Orte in Devon - unsere Top 10 - Urlaub &amp; Reisen","isPartOf":{"@id":"https:\/\/www.urlaubcornwall.de\/blog\/#website"},"datePublished":"2020-06-25T13:59:17+00:00","dateModified":"2024-05-31T11:48:44+00:00","description":"Indem Devon \u00fcber zwei besondere K\u00fcstenstriche verf\u00fcgt, bietet es den doppelten Spa\u00df f\u00fcr all jene, die entweder Wasserabenteuer","breadcrumb":{"@id":"https:\/\/www.urlaubcornwall.de\/blog\/die-schoensten-orte-in-devon-unsere-top-10\/#breadcrumb"},"inLanguage":"en-US","potentialAction":[{"@type":"ReadAction","target":["https:\/\/www.urlaubcornwall.de\/blog\/die-schoensten-orte-in-devon-unsere-top-10\/"]}]},{"@type":"BreadcrumbList","@id":"https:\/\/www.urlaubcornwall.de\/blog\/die-schoensten-orte-in-devon-unsere-top-10\/#breadcrumb","itemListElement":[{"@type":"ListItem","position":1,"name":"Home","item":"https:\/\/www.urlaubcornwall.de\/blog\/"},{"@type":"ListItem","position":2,"name":"Die sch\u00f6nsten Orte in Devon &#8211; unsere Top 10"}]}]}},"_links":{"self":[{"href":"https:\/\/www.urlaubcornwall.de\/blog\/wp-json\/wp\/v2\/pages\/40422"}],"collection":[{"href":"https:\/\/www.urlaubcornwall.de\/blog\/wp-json\/wp\/v2\/pages"}],"about":[{"href":"https:\/\/www.urlaubcornwall.de\/blog\/wp-json\/wp\/v2\/types\/page"}],"author":[{"embeddable":true,"href":"https:\/\/www.urlaubcornwall.de\/blog\/wp-json\/wp\/v2\/users\/1"}],"replies":[{"embeddable":true,"href":"https:\/\/www.urlaubcornwall.de\/blog\/wp-json\/wp\/v2\/comments?post=40422"}],"version-history":[{"count":9,"href":"https:\/\/www.urlaubcornwall.de\/blog\/wp-json\/wp\/v2\/pages\/40422\/revisions"}],"predecessor-version":[{"id":51329,"href":"https:\/\/www.urlaubcornwall.de\/blog\/wp-json\/wp\/v2\/pages\/40422\/revisions\/51329"}],"wp:attachment":[{"href":"https:\/\/www.urlaubcornwall.de\/blog\/wp-json\/wp\/v2\/media?parent=40422"}],"curies":[{"name":"wp","href":"https:\/\/api.w.org\/{rel}","templated":true}]}}