{"id":40417,"date":"2020-06-25T08:48:53","date_gmt":"2020-06-25T08:48:53","guid":{"rendered":"https:\/\/www.urlaubcornwall.de\/blog\/?page_id=40417"},"modified":"2020-06-25T08:48:53","modified_gmt":"2020-06-25T08:48:53","slug":"die-schoensten-ferienhaeuser-in-cornwall-direkt-am-strand","status":"publish","type":"page","link":"https:\/\/www.urlaubcornwall.de\/blog\/die-schoensten-ferienhaeuser-in-cornwall-direkt-am-strand\/","title":{"rendered":"Die sch\u00f6nsten Ferienh\u00e4user in Cornwall direkt am Strand"},"content":{"rendered":"<p><img loading=\"lazy\" class=\"aligncenter size-full wp-image-24730\" src=\"https:\/\/www.urlaubcornwall.de\/blog\/wp-content\/uploads\/2018\/11\/32810032_ferienhaus_praa_sands_meerblick.jpg\" alt=\"Ferienh\u00e4user in Cornwall direkt am Strand\" width=\"750\" height=\"504\"\/><\/p>\n<p><a href=\"https:\/\/www.urlaubcornwall.de\/reiseziel\/cornwall.php\">Cornwall<\/a> ist stolz darauf, sich mit einigen der besten Str\u00e4nde Gro\u00dfbritanniens r\u00fchmen zu d\u00fcrfen. Jeder hat da so seine pers\u00f6nlichen Favoriten, f\u00fcr den einen mag es Porthmeor in St. Ives sein, f\u00fcr andere The Towans, einem goldenen Sandstrand, der sich von Hayle aus n\u00f6rdlich bis hin zum Godrevy Leuchtturm erstreckt und der perfekt f\u00fcr Familien geeignet ist, die sich nach einem sonnigen Urlaub am Meer sehnen.<\/p>\n<p>Eine Grafschaft elementarer Sch\u00f6nheit mit H\u00e4usern direkt am Meer zeigt Ihnen Cornwalls eindrucksvollstes Merkmal direkt: den wechselhaften Ozean.<\/p>\n<p style=\"text-align: center;\"><a class=\"tidycta\" href=\"https:\/\/www.urlaubcornwall.de\/ferienhaeuser-fewos\/cornwall-am-meer.html\">Suche Ferienh\u00e4user am Meer<\/a><\/p>\n","protected":false},"excerpt":{"rendered":"<p>Cornwall ist stolz darauf, sich mit einigen der besten Str\u00e4nde Gro\u00dfbritanniens r\u00fchmen zu d\u00fcrfen. Jeder hat da so seine pers\u00f6nlichen Favoriten, f\u00fcr den einen mag es Porthmeor in St. Ives sein, f\u00fcr andere The Towans, einem goldenen Sandstrand, der sich von Hayle aus n\u00f6rdlich bis hin zum Godrevy Leuchtturm erstreckt und der perfekt f\u00fcr Familien [&hellip;]<\/p>\n","protected":false},"author":1,"featured_media":0,"parent":0,"menu_order":0,"comment_status":"closed","ping_status":"closed","template":"single-four.php","meta":[],"acf":[],"yoast_head":"<!-- This site is optimized with the Yoast SEO plugin v19.4 - https:\/\/yoast.com\/wordpress\/plugins\/seo\/ -->\n<title>Die sch\u00f6nsten Ferienh\u00e4user in Cornwall direkt am Strand - Urlaub &amp; Reisen<\/title>\n<meta name=\"description\" content=\"Cornwall ist stolz darauf, sich mit einigen der besten Str\u00e4nde Gro\u00dfbritanniens r\u00fchmen zu d\u00fcrfen. Jeder hat da so seine pers\u00f6nlichen Favoriten, f\u00fcr den einen mag es Porthmeor in St. Ives sein, f\u00fcr andere The Towans, einem goldenen Sandstrand, der sich von Hayle aus n\u00f6rdlich bis hin zum Godrevy Leuchtturm erstreckt und der perfekt f\u00fcr Familien geeignet ist, die sich nach einem sonnigen Urlaub am Meer sehnen.\" \/>\n<meta name=\"robots\" content=\"index, follow, max-snippet:-1, max-image-preview:large, max-video-preview:-1\" \/>\n<link rel=\"canonical\" href=\"https:\/\/www.urlaubcornwall.de\/blog\/die-schoensten-ferienhaeuser-in-cornwall-direkt-am-strand\/\" \/>\n<meta property=\"og:locale\" content=\"en_US\" \/>\n<meta property=\"og:type\" content=\"article\" \/>\n<meta property=\"og:title\" content=\"Die sch\u00f6nsten Ferienh\u00e4user in Cornwall direkt am Strand - Urlaub &amp; Reisen\" \/>\n<meta property=\"og:description\" content=\"Cornwall ist stolz darauf, sich mit einigen der besten Str\u00e4nde Gro\u00dfbritanniens r\u00fchmen zu d\u00fcrfen. Jeder hat da so seine pers\u00f6nlichen Favoriten, f\u00fcr den einen mag es Porthmeor in St. Ives sein, f\u00fcr andere The Towans, einem goldenen Sandstrand, der sich von Hayle aus n\u00f6rdlich bis hin zum Godrevy Leuchtturm erstreckt und der perfekt f\u00fcr Familien geeignet ist, die sich nach einem sonnigen Urlaub am Meer sehnen.\" \/>\n<meta property=\"og:url\" content=\"https:\/\/www.urlaubcornwall.de\/blog\/die-schoensten-ferienhaeuser-in-cornwall-direkt-am-strand\/\" \/>\n<meta property=\"og:site_name\" content=\"Urlaub &amp; Reisen\" \/>\n<meta property=\"og:image\" content=\"https:\/\/www.urlaubcornwall.de\/blog\/wp-content\/uploads\/2018\/11\/32810032_ferienhaus_praa_sands_meerblick.jpg\" \/>\n<meta name=\"twitter:card\" content=\"summary\" \/>\n<meta name=\"twitter:label1\" content=\"Est. reading time\" \/>\n\t<meta name=\"twitter:data1\" content=\"1 minute\" \/>\n<script type=\"application\/ld+json\" class=\"yoast-schema-graph\">{\"@context\":\"https:\/\/schema.org\",\"@graph\":[{\"@type\":\"WebSite\",\"@id\":\"https:\/\/www.urlaubcornwall.de\/blog\/#website\",\"url\":\"https:\/\/www.urlaubcornwall.de\/blog\/\",\"name\":\"Urlaub &amp; Reisen\",\"description\":\"Urlaub, Reisen, Cornwall und S\u00fcdengland: eine perfekte Kombination\",\"potentialAction\":[{\"@type\":\"SearchAction\",\"target\":{\"@type\":\"EntryPoint\",\"urlTemplate\":\"https:\/\/www.urlaubcornwall.de\/blog\/?s={search_term_string}\"},\"query-input\":\"required name=search_term_string\"}],\"inLanguage\":\"en-US\"},{\"@type\":\"WebPage\",\"@id\":\"https:\/\/www.urlaubcornwall.de\/blog\/die-schoensten-ferienhaeuser-in-cornwall-direkt-am-strand\/\",\"url\":\"https:\/\/www.urlaubcornwall.de\/blog\/die-schoensten-ferienhaeuser-in-cornwall-direkt-am-strand\/\",\"name\":\"Die sch\u00f6nsten Ferienh\u00e4user in Cornwall direkt am Strand - Urlaub &amp; Reisen\",\"isPartOf\":{\"@id\":\"https:\/\/www.urlaubcornwall.de\/blog\/#website\"},\"datePublished\":\"2020-06-25T08:48:53+00:00\",\"dateModified\":\"2020-06-25T08:48:53+00:00\",\"description\":\"Cornwall ist stolz darauf, sich mit einigen der besten Str\u00e4nde Gro\u00dfbritanniens r\u00fchmen zu d\u00fcrfen. Jeder hat da so seine pers\u00f6nlichen Favoriten, f\u00fcr den einen mag es Porthmeor in St. Ives sein, f\u00fcr andere The Towans, einem goldenen Sandstrand, der sich von Hayle aus n\u00f6rdlich bis hin zum Godrevy Leuchtturm erstreckt und der perfekt f\u00fcr Familien geeignet ist, die sich nach einem sonnigen Urlaub am Meer sehnen.\",\"breadcrumb\":{\"@id\":\"https:\/\/www.urlaubcornwall.de\/blog\/die-schoensten-ferienhaeuser-in-cornwall-direkt-am-strand\/#breadcrumb\"},\"inLanguage\":\"en-US\",\"potentialAction\":[{\"@type\":\"ReadAction\",\"target\":[\"https:\/\/www.urlaubcornwall.de\/blog\/die-schoensten-ferienhaeuser-in-cornwall-direkt-am-strand\/\"]}]},{\"@type\":\"BreadcrumbList\",\"@id\":\"https:\/\/www.urlaubcornwall.de\/blog\/die-schoensten-ferienhaeuser-in-cornwall-direkt-am-strand\/#breadcrumb\",\"itemListElement\":[{\"@type\":\"ListItem\",\"position\":1,\"name\":\"Home\",\"item\":\"https:\/\/www.urlaubcornwall.de\/blog\/\"},{\"@type\":\"ListItem\",\"position\":2,\"name\":\"Die sch\u00f6nsten Ferienh\u00e4user in Cornwall direkt am Strand\"}]}]}<\/script>\n<!-- \/ Yoast SEO plugin. -->","yoast_head_json":{"title":"Die sch\u00f6nsten Ferienh\u00e4user in Cornwall direkt am Strand - Urlaub &amp; Reisen","description":"Cornwall ist stolz darauf, sich mit einigen der besten Str\u00e4nde Gro\u00dfbritanniens r\u00fchmen zu d\u00fcrfen. Jeder hat da so seine pers\u00f6nlichen Favoriten, f\u00fcr den einen mag es Porthmeor in St. Ives sein, f\u00fcr andere The Towans, einem goldenen Sandstrand, der sich von Hayle aus n\u00f6rdlich bis hin zum Godrevy Leuchtturm erstreckt und der perfekt f\u00fcr Familien geeignet ist, die sich nach einem sonnigen Urlaub am Meer sehnen.","robots":{"index":"index","follow":"follow","max-snippet":"max-snippet:-1","max-image-preview":"max-image-preview:large","max-video-preview":"max-video-preview:-1"},"canonical":"https:\/\/www.urlaubcornwall.de\/blog\/die-schoensten-ferienhaeuser-in-cornwall-direkt-am-strand\/","og_locale":"en_US","og_type":"article","og_title":"Die sch\u00f6nsten Ferienh\u00e4user in Cornwall direkt am Strand - Urlaub &amp; Reisen","og_description":"Cornwall ist stolz darauf, sich mit einigen der besten Str\u00e4nde Gro\u00dfbritanniens r\u00fchmen zu d\u00fcrfen. Jeder hat da so seine pers\u00f6nlichen Favoriten, f\u00fcr den einen mag es Porthmeor in St. Ives sein, f\u00fcr andere The Towans, einem goldenen Sandstrand, der sich von Hayle aus n\u00f6rdlich bis hin zum Godrevy Leuchtturm erstreckt und der perfekt f\u00fcr Familien geeignet ist, die sich nach einem sonnigen Urlaub am Meer sehnen.","og_url":"https:\/\/www.urlaubcornwall.de\/blog\/die-schoensten-ferienhaeuser-in-cornwall-direkt-am-strand\/","og_site_name":"Urlaub &amp; Reisen","og_image":[{"url":"https:\/\/www.urlaubcornwall.de\/blog\/wp-content\/uploads\/2018\/11\/32810032_ferienhaus_praa_sands_meerblick.jpg"}],"twitter_card":"summary","twitter_misc":{"Est. reading time":"1 minute"},"schema":{"@context":"https:\/\/schema.org","@graph":[{"@type":"WebSite","@id":"https:\/\/www.urlaubcornwall.de\/blog\/#website","url":"https:\/\/www.urlaubcornwall.de\/blog\/","name":"Urlaub &amp; Reisen","description":"Urlaub, Reisen, Cornwall und S\u00fcdengland: eine perfekte Kombination","potentialAction":[{"@type":"SearchAction","target":{"@type":"EntryPoint","urlTemplate":"https:\/\/www.urlaubcornwall.de\/blog\/?s={search_term_string}"},"query-input":"required name=search_term_string"}],"inLanguage":"en-US"},{"@type":"WebPage","@id":"https:\/\/www.urlaubcornwall.de\/blog\/die-schoensten-ferienhaeuser-in-cornwall-direkt-am-strand\/","url":"https:\/\/www.urlaubcornwall.de\/blog\/die-schoensten-ferienhaeuser-in-cornwall-direkt-am-strand\/","name":"Die sch\u00f6nsten Ferienh\u00e4user in Cornwall direkt am Strand - Urlaub &amp; Reisen","isPartOf":{"@id":"https:\/\/www.urlaubcornwall.de\/blog\/#website"},"datePublished":"2020-06-25T08:48:53+00:00","dateModified":"2020-06-25T08:48:53+00:00","description":"Cornwall ist stolz darauf, sich mit einigen der besten Str\u00e4nde Gro\u00dfbritanniens r\u00fchmen zu d\u00fcrfen. Jeder hat da so seine pers\u00f6nlichen Favoriten, f\u00fcr den einen mag es Porthmeor in St. Ives sein, f\u00fcr andere The Towans, einem goldenen Sandstrand, der sich von Hayle aus n\u00f6rdlich bis hin zum Godrevy Leuchtturm erstreckt und der perfekt f\u00fcr Familien geeignet ist, die sich nach einem sonnigen Urlaub am Meer sehnen.","breadcrumb":{"@id":"https:\/\/www.urlaubcornwall.de\/blog\/die-schoensten-ferienhaeuser-in-cornwall-direkt-am-strand\/#breadcrumb"},"inLanguage":"en-US","potentialAction":[{"@type":"ReadAction","target":["https:\/\/www.urlaubcornwall.de\/blog\/die-schoensten-ferienhaeuser-in-cornwall-direkt-am-strand\/"]}]},{"@type":"BreadcrumbList","@id":"https:\/\/www.urlaubcornwall.de\/blog\/die-schoensten-ferienhaeuser-in-cornwall-direkt-am-strand\/#breadcrumb","itemListElement":[{"@type":"ListItem","position":1,"name":"Home","item":"https:\/\/www.urlaubcornwall.de\/blog\/"},{"@type":"ListItem","position":2,"name":"Die sch\u00f6nsten Ferienh\u00e4user in Cornwall direkt am Strand"}]}]}},"_links":{"self":[{"href":"https:\/\/www.urlaubcornwall.de\/blog\/wp-json\/wp\/v2\/pages\/40417"}],"collection":[{"href":"https:\/\/www.urlaubcornwall.de\/blog\/wp-json\/wp\/v2\/pages"}],"about":[{"href":"https:\/\/www.urlaubcornwall.de\/blog\/wp-json\/wp\/v2\/types\/page"}],"author":[{"embeddable":true,"href":"https:\/\/www.urlaubcornwall.de\/blog\/wp-json\/wp\/v2\/users\/1"}],"replies":[{"embeddable":true,"href":"https:\/\/www.urlaubcornwall.de\/blog\/wp-json\/wp\/v2\/comments?post=40417"}],"version-history":[{"count":1,"href":"https:\/\/www.urlaubcornwall.de\/blog\/wp-json\/wp\/v2\/pages\/40417\/revisions"}],"predecessor-version":[{"id":40419,"href":"https:\/\/www.urlaubcornwall.de\/blog\/wp-json\/wp\/v2\/pages\/40417\/revisions\/40419"}],"wp:attachment":[{"href":"https:\/\/www.urlaubcornwall.de\/blog\/wp-json\/wp\/v2\/media?parent=40417"}],"curies":[{"name":"wp","href":"https:\/\/api.w.org\/{rel}","templated":true}]}}