{"id":40412,"date":"2020-06-24T09:24:55","date_gmt":"2020-06-24T09:24:55","guid":{"rendered":"https:\/\/www.urlaubcornwall.de\/blog\/?page_id=40412"},"modified":"2022-08-30T09:32:09","modified_gmt":"2022-08-30T09:32:09","slug":"vorbereitungen-fuer-ihren-urlaub-in-einem-ferienhaus-in-cornwall","status":"publish","type":"page","link":"https:\/\/www.urlaubcornwall.de\/blog\/vorbereitungen-fuer-ihren-urlaub-in-einem-ferienhaus-in-cornwall\/","title":{"rendered":"Vorbereitungen f\u00fcr Ihren Urlaub in einem Ferienhaus in Cornwall &#038; durch England"},"content":{"rendered":"<p><img loading=\"lazy\" class=\"aligncenter size-full wp-image-38137\" src=\"https:\/\/www.urlaubcornwall.de\/blog\/wp-content\/uploads\/2019\/04\/Charmante-D\u00f6rfer-cornwall.jpg\" alt=\"Charmante Ferienhaus cornwall\" width=\"749\" height=\"498\"\/><\/p>\n<p style=\"text-align: center;\">\n\t\t<strong><br \/>\n\t\t\t<a href=\"#extra\" title=\"Extra Vorsichtsma\u00dfnahmen\">Extra Vorsichtsma\u00dfnahmen<\/a> |<br \/>\n\t\t\t<a href=\"#tipps\" title=\"N\u00fctzliche Tipps\">N\u00fctzliche Tipps<\/a> |<br \/>\n\t\t\t<a href=\"#aufenthalts\" title=\"W\u00e4hrend Ihres Aufenthalts\">W\u00e4hrend Ihres Aufenthalts<\/a><br \/>\n\t\t<\/strong>\n\t<\/p>\n<p><strong>Extra Sorgfalt walten lassen:<\/strong> Nach Covid-19 wird <a href=\"https:\/\/www.urlaubcornwall.de\/reiseziel\/cornwall.php\">Ihr Urlaub in Cornwall<\/a> verst\u00e4ndlicherweise ein wenig anders ausschauen. Daher wollten wir sicherstellen, dass Sie sich sicher und gut vorbereitet f\u00fcr Ihre Reise f\u00fchlen. <\/p>\n<h1 style=\"text-align: center;\"><strong><a href=\"https:\/\/www.urlaubcornwall.de\/blog\/buchen-sie-voller-vertrauen-ihr-cornwall-ferienhaus-nach-coronavirus\/\">Ferienh\u00e4user Coronavirus K\u00fcndigungsgarantie<\/a><\/strong><\/h1>\n<p style=\"text-align: center;\"><strong>Eine Garantie f\u00fcr eine kostenfreie Stornierung<\/strong><\/p>\n<p>Wir haben die folgende Information f\u00fcr Sie zusammengestellt, um die Ma\u00dfnahmen zu erkl\u00e4ren, die unsere <a href=\"https:\/\/www.urlaubcornwall.de\/ferienhaeuser-fewos\/cornwall.html\">Cornwall Urlaubscottagebesitzer<\/a> getroffen haben, um Ihre Unterkunft vorzubereiten, sowie einige n\u00fctzliche Tipps, wie Sie in Sicherheit Urlaub machen k\u00f6nnen und dabei nach wie vor einen wundervollen Aufenthalt haben werden.<\/p>\n<p>Was geschieht mit Ihrem Urlaub, wenn Quarant\u00e4ne oder Reisebeschr\u00e4nkungen in Kraft treten bez\u00fcglich der Einreise von Deutschland ins UK? Ihre Buchung geschieht direkt mit Classic Cottages, anstatt \u00fcber UrlaubCornwall. Sie garantieren, dass, falls die Unterkunft aufgrund von Einschr\u00e4nkungen, die von der Regierung veranlasst wurden, nicht erh\u00e4ltlich sein sollte Sie Anrecht haben auf einen Transfer oder eine R\u00fcckerstattung. Seien Sie also versichert, sie passen sich s\u00e4mtlichen Ver\u00e4nderungen an, die von der UK Regierung ausgehen, und werden sich mit Ihnen in Verbindung setzen und helfen, falls Ihr Urlaub betroffen ist.<\/p>\n<p style=\"text-align: center;\"><a class=\"tidycta\" href=\"https:\/\/www.urlaubcornwall.de\/ferienhaeuser-fewos\/cornwall.html\">Suche Ferienh\u00e4user Cornwall<\/a><\/p>\n<h1 style=\"text-align: center;\"><strong>Extra Vorsichtsma\u00dfnahmen f\u00fcr Selbstversorger-Urlaubsunterk\u00fcnfte<\/strong><\/h1>\n<p><strong>Erweiterte Umr\u00fcstzeiten.<\/strong> Normales Putzen zwischen einem Besucherwechsel ist ohnehin bereits rigoros. Dennoch erweitern wir unsere Putzzeiten, so dass unser Reinigungspersonal gen\u00fcgend Zeit hat, um extra sorgf\u00e4ltig zu sein. Die Ankunftszeit neuer G\u00e4ste wird daher      17 Uhr sein, und die Abreisezeit 9 Uhr. <\/p>\n<p><strong>Einfache Innenausstattung.<\/strong> Wir haben unn\u00f6tige Heimtextilien wie Decken und Zierkissen vorl\u00e4ufig entfernt. Dies ist eine einfache Ma\u00dfnahme, um sicherzustellen, dass die Unterkunft bei Ihrer Anreise sauber und komfortabel ist.<\/p>\n<p><strong>Ein verhaltener Empfang.<\/strong> Normalerweise sind unsere Besitzer gerne \u00fcberschw\u00e4nglich und begr\u00fc\u00dfen Sie entweder pers\u00f6nlich oder mit einem Willkommenstablett. Nun werden wir uns jedoch ein bisschen in sichere Distanz zur\u00fcckziehen und lassen Sie bei Ihrer Ankunft in Ruhe einziehen und eingew\u00f6hnen.          <\/p>\n<div class=\"snippet\"> <a class=\"featured-item\" href=\"https:\/\/www.urlaubcornwall.de\/ferienhaeuser\/suedengland.php\"> <span class=\"image-holder\" style=\"background-image: url('https:\/\/www.urlaubcornwall.de\/blog\/wp-content\/uploads\/2018\/11\/landhaus-cornwall-1.jpg');\"><\/span> <span class=\"featured-content\"> \n<h2 class=\"featured-title\">Ferienh\u00e4user in S\u00fcdengland<\/h2>\n<p class=\"featured-body\">Bei uns finden Sie Ferienh\u00e4user zum Verlieben &#8211; so einfach ist das! Wir bieten eine Auswahl an handerlesenen und inspizierten Ferienh\u00e4usern und Ferienwohnungen in Kent, Sussex, Dorset, Devon und Cornwall an. Mit unseren Partnern, die \u00fcber 40 Jahre Erfahrung auf sich vereinen, garantieren wir die feinsten Urlaubsunterk\u00fcnfte&#8230;&#8230;<\/p><\/span> <span class=\"featured-link-holder\"> <span class=\"featured-extra-info\"> \n<p>F\u00fcr Paare, Familien &#038; Gruppen<\/p>\n<\/span> \n<p class=\"featured-link\">DETAILS<\/p>\n<\/span> <\/a><\/div>\n<h1 id=\"tipps\">N\u00fctzliche Tipps, wie Sie sich vorbereiten k\u00f6nnen, bevor Sie nach Cornwall reisen<\/h1>\n<p><strong>Kaufen Sie zu Hause ein.<\/strong> Wir empfehlen, dass Sie Ihren ersten Supermarkteinkauf auf der Reise hierher erledigen, so dass Sie mitbringen, was Sie f\u00fcr die ersten paar Tage brauchen. Auf diese Weise k\u00f6nnen Sie entspannen, sobald Sie ankommen.<\/p>\n<p><strong>Lieferung von Lebensmittelboxen.<\/strong> Finden Sie eine Lebensmittelbox-Firma vor Ort und bekommen frische Produkte aus der Region zu Ihrem Cottage geliefert. Wir empfehlen The <a href=\"https:\/\/www.thecornishfoodboxcompany.co.uk\/\" rel=\"nofollow\">Cornish Food Box Company<\/a>; sie beliefern das ganze Land und haben eine fantastische Auswahl an gro\u00dfartigen britischen Produkten.<\/p>\n<p><strong>Bestellungen zur Mitnahme.<\/strong> Restaurants, Kneipen und Caf\u00e9s im gesamten UK haben ihren Service angepasst, so dass Sie Ihre Lieblingsauswahl von der Speisekarte mitnehmen und zu Hause fein speisen k\u00f6nnen. Es ist vielleicht auch keine schlechte Idee, wenn Sie sich jetzt ein bisschen umsehen, so dass Sie dann wissen, an welchen Abenden Sie diese besonderen Abende feinen Speisens zu Hause haben werden.<\/p>\n<p><strong>Bleiben Sie vor Ort.<\/strong> Da sich unsere Cottages in herrlichen Gebieten in Cornwall befinden, besteht kein Bedarf, w\u00e4hrend Ihres Urlaubs weit zu reisen. Genie\u00dfen Sie die n\u00e4chstgelegenen Spazierwege, Str\u00e4nde und Aktivit\u00e4ten im Freien.<\/p>\n<p><strong>Ihre Bettw\u00e4sche.<\/strong> Extra Sorgfalt lassen wir walten, wenn wir die Bettt\u00fccher in s\u00e4mtlichen Cottages waschen und wechseln. Dennoch verstehen wir, wenn Sie Ihr eigenes Bettzeug mitbringen wollen. Falls Sie sich dazu entschlie\u00dfen, informieren Sie bitte unsere Cottagefirma diesbez\u00fcglich ein paar Tage vor Ihrer Ankunft, so dass sie dann wissen, wie Ihre Unterkunft Ihren Anspr\u00fcchen entsprechend herzurichten ist. <\/p>\n<p><strong>Seien Sie vorsichtig, bevor Sie in den Urlaub aufbrechen.<\/strong> Falls Sie oder irgendein Mitglied Ihrer Gruppe Symptome des Coronavirus vor Ihrem Urlaub zu entwickeln beginnt, ist es wichtig, dass Sie uns sofort benachrichtigen. Bitte kontaktieren Sie die Cottage-Company, durch die Sie gebucht haben, und sie werden Ihnen behilflich sein und Rat geben zu den n\u00e4chsten Schritten. <\/p>\n<h1 id=\"aufenthalts\">W\u00e4hrend Ihres Aufenthalts<\/h1>\n<p>Bettw\u00e4sche &#8211; Wir w\u00fcrden normalerweise nicht fragen, doch seien Sie bitte so nett und ziehen die Betten ab und geben die Bettw\u00e4sche in die daf\u00fcr an der T\u00fcr vorhandenen Taschen, bevor Sie gehen. Dies hilft uns dabei, unser Putzpersonal und die Besitzer zu sch\u00fctzen.<\/p>\n","protected":false},"excerpt":{"rendered":"<p>Extra Vorsichtsma\u00dfnahmen | N\u00fctzliche Tipps | W\u00e4hrend Ihres Aufenthalts Extra Sorgfalt walten lassen: Nach Covid-19 wird Ihr Urlaub in Cornwall verst\u00e4ndlicherweise ein wenig anders ausschauen. Daher wollten wir sicherstellen, dass Sie sich sicher und gut vorbereitet f\u00fcr Ihre Reise f\u00fchlen. Ferienh\u00e4user Coronavirus K\u00fcndigungsgarantie Eine Garantie f\u00fcr eine kostenfreie Stornierung Wir haben die folgende Information f\u00fcr [&hellip;]<\/p>\n","protected":false},"author":1,"featured_media":0,"parent":0,"menu_order":0,"comment_status":"closed","ping_status":"closed","template":"single-four.php","meta":[],"acf":[],"yoast_head":"<!-- This site is optimized with the Yoast SEO plugin v19.4 - https:\/\/yoast.com\/wordpress\/plugins\/seo\/ -->\n<title>Vorbereitungen f\u00fcr Ihren Urlaub in einem Ferienhaus in Cornwall &amp; durch England - Urlaub &amp; Reisen<\/title>\n<meta name=\"description\" content=\"Nach Covid-19 wird Ihr Urlaub in Cornwall verst\u00e4ndlicherweise ein wenig anders ausschauen. Daher wollten wir sicherstellen, dass Sie sich sicher und gut vorbereitet f\u00fcr Ihre Reise f\u00fchlen. Wir haben die folgende Information f\u00fcr Sie zusammengestellt, um die Ma\u00dfnahmen zu erkl\u00e4ren, die unsere Cornwall Urlaubscottagebesitzer getroffen haben, um Ihre Unterkunft vorzubereiten, sowie einige n\u00fctzliche Tipps, wie Sie in Sicherheit Urlaub machen k\u00f6nnen und dabei nach wie vor einen wundervollen Aufenthalt haben werden.\" \/>\n<meta name=\"robots\" content=\"index, follow, max-snippet:-1, max-image-preview:large, max-video-preview:-1\" \/>\n<link rel=\"canonical\" href=\"https:\/\/www.urlaubcornwall.de\/blog\/vorbereitungen-fuer-ihren-urlaub-in-einem-ferienhaus-in-cornwall\/\" \/>\n<meta property=\"og:locale\" content=\"en_US\" \/>\n<meta property=\"og:type\" content=\"article\" \/>\n<meta property=\"og:title\" content=\"Vorbereitungen f\u00fcr Ihren Urlaub in einem Ferienhaus in Cornwall &amp; durch England - Urlaub &amp; Reisen\" \/>\n<meta property=\"og:description\" content=\"Nach Covid-19 wird Ihr Urlaub in Cornwall verst\u00e4ndlicherweise ein wenig anders ausschauen. Daher wollten wir sicherstellen, dass Sie sich sicher und gut vorbereitet f\u00fcr Ihre Reise f\u00fchlen. Wir haben die folgende Information f\u00fcr Sie zusammengestellt, um die Ma\u00dfnahmen zu erkl\u00e4ren, die unsere Cornwall Urlaubscottagebesitzer getroffen haben, um Ihre Unterkunft vorzubereiten, sowie einige n\u00fctzliche Tipps, wie Sie in Sicherheit Urlaub machen k\u00f6nnen und dabei nach wie vor einen wundervollen Aufenthalt haben werden.\" \/>\n<meta property=\"og:url\" content=\"https:\/\/www.urlaubcornwall.de\/blog\/vorbereitungen-fuer-ihren-urlaub-in-einem-ferienhaus-in-cornwall\/\" \/>\n<meta property=\"og:site_name\" content=\"Urlaub &amp; Reisen\" \/>\n<meta property=\"article:modified_time\" content=\"2022-08-30T09:32:09+00:00\" \/>\n<meta name=\"twitter:card\" content=\"summary\" \/>\n<meta name=\"twitter:label1\" content=\"Est. reading time\" \/>\n\t<meta name=\"twitter:data1\" content=\"4 minutes\" \/>\n<script type=\"application\/ld+json\" class=\"yoast-schema-graph\">{\"@context\":\"https:\/\/schema.org\",\"@graph\":[{\"@type\":\"WebSite\",\"@id\":\"https:\/\/www.urlaubcornwall.de\/blog\/#website\",\"url\":\"https:\/\/www.urlaubcornwall.de\/blog\/\",\"name\":\"Urlaub &amp; Reisen\",\"description\":\"Urlaub, Reisen, Cornwall und S\u00fcdengland: eine perfekte Kombination\",\"potentialAction\":[{\"@type\":\"SearchAction\",\"target\":{\"@type\":\"EntryPoint\",\"urlTemplate\":\"https:\/\/www.urlaubcornwall.de\/blog\/?s={search_term_string}\"},\"query-input\":\"required name=search_term_string\"}],\"inLanguage\":\"en-US\"},{\"@type\":\"WebPage\",\"@id\":\"https:\/\/www.urlaubcornwall.de\/blog\/vorbereitungen-fuer-ihren-urlaub-in-einem-ferienhaus-in-cornwall\/\",\"url\":\"https:\/\/www.urlaubcornwall.de\/blog\/vorbereitungen-fuer-ihren-urlaub-in-einem-ferienhaus-in-cornwall\/\",\"name\":\"Vorbereitungen f\u00fcr Ihren Urlaub in einem Ferienhaus in Cornwall & durch England - Urlaub &amp; Reisen\",\"isPartOf\":{\"@id\":\"https:\/\/www.urlaubcornwall.de\/blog\/#website\"},\"datePublished\":\"2020-06-24T09:24:55+00:00\",\"dateModified\":\"2022-08-30T09:32:09+00:00\",\"description\":\"Nach Covid-19 wird Ihr Urlaub in Cornwall verst\u00e4ndlicherweise ein wenig anders ausschauen. Daher wollten wir sicherstellen, dass Sie sich sicher und gut vorbereitet f\u00fcr Ihre Reise f\u00fchlen. Wir haben die folgende Information f\u00fcr Sie zusammengestellt, um die Ma\u00dfnahmen zu erkl\u00e4ren, die unsere Cornwall Urlaubscottagebesitzer getroffen haben, um Ihre Unterkunft vorzubereiten, sowie einige n\u00fctzliche Tipps, wie Sie in Sicherheit Urlaub machen k\u00f6nnen und dabei nach wie vor einen wundervollen Aufenthalt haben werden.\",\"breadcrumb\":{\"@id\":\"https:\/\/www.urlaubcornwall.de\/blog\/vorbereitungen-fuer-ihren-urlaub-in-einem-ferienhaus-in-cornwall\/#breadcrumb\"},\"inLanguage\":\"en-US\",\"potentialAction\":[{\"@type\":\"ReadAction\",\"target\":[\"https:\/\/www.urlaubcornwall.de\/blog\/vorbereitungen-fuer-ihren-urlaub-in-einem-ferienhaus-in-cornwall\/\"]}]},{\"@type\":\"BreadcrumbList\",\"@id\":\"https:\/\/www.urlaubcornwall.de\/blog\/vorbereitungen-fuer-ihren-urlaub-in-einem-ferienhaus-in-cornwall\/#breadcrumb\",\"itemListElement\":[{\"@type\":\"ListItem\",\"position\":1,\"name\":\"Home\",\"item\":\"https:\/\/www.urlaubcornwall.de\/blog\/\"},{\"@type\":\"ListItem\",\"position\":2,\"name\":\"Vorbereitungen f\u00fcr Ihren Urlaub in einem Ferienhaus in Cornwall &#038; durch England\"}]}]}<\/script>\n<!-- \/ Yoast SEO plugin. -->","yoast_head_json":{"title":"Vorbereitungen f\u00fcr Ihren Urlaub in einem Ferienhaus in Cornwall & durch England - Urlaub &amp; Reisen","description":"Nach Covid-19 wird Ihr Urlaub in Cornwall verst\u00e4ndlicherweise ein wenig anders ausschauen. Daher wollten wir sicherstellen, dass Sie sich sicher und gut vorbereitet f\u00fcr Ihre Reise f\u00fchlen. Wir haben die folgende Information f\u00fcr Sie zusammengestellt, um die Ma\u00dfnahmen zu erkl\u00e4ren, die unsere Cornwall Urlaubscottagebesitzer getroffen haben, um Ihre Unterkunft vorzubereiten, sowie einige n\u00fctzliche Tipps, wie Sie in Sicherheit Urlaub machen k\u00f6nnen und dabei nach wie vor einen wundervollen Aufenthalt haben werden.","robots":{"index":"index","follow":"follow","max-snippet":"max-snippet:-1","max-image-preview":"max-image-preview:large","max-video-preview":"max-video-preview:-1"},"canonical":"https:\/\/www.urlaubcornwall.de\/blog\/vorbereitungen-fuer-ihren-urlaub-in-einem-ferienhaus-in-cornwall\/","og_locale":"en_US","og_type":"article","og_title":"Vorbereitungen f\u00fcr Ihren Urlaub in einem Ferienhaus in Cornwall & durch England - Urlaub &amp; Reisen","og_description":"Nach Covid-19 wird Ihr Urlaub in Cornwall verst\u00e4ndlicherweise ein wenig anders ausschauen. Daher wollten wir sicherstellen, dass Sie sich sicher und gut vorbereitet f\u00fcr Ihre Reise f\u00fchlen. Wir haben die folgende Information f\u00fcr Sie zusammengestellt, um die Ma\u00dfnahmen zu erkl\u00e4ren, die unsere Cornwall Urlaubscottagebesitzer getroffen haben, um Ihre Unterkunft vorzubereiten, sowie einige n\u00fctzliche Tipps, wie Sie in Sicherheit Urlaub machen k\u00f6nnen und dabei nach wie vor einen wundervollen Aufenthalt haben werden.","og_url":"https:\/\/www.urlaubcornwall.de\/blog\/vorbereitungen-fuer-ihren-urlaub-in-einem-ferienhaus-in-cornwall\/","og_site_name":"Urlaub &amp; Reisen","article_modified_time":"2022-08-30T09:32:09+00:00","twitter_card":"summary","twitter_misc":{"Est. reading time":"4 minutes"},"schema":{"@context":"https:\/\/schema.org","@graph":[{"@type":"WebSite","@id":"https:\/\/www.urlaubcornwall.de\/blog\/#website","url":"https:\/\/www.urlaubcornwall.de\/blog\/","name":"Urlaub &amp; Reisen","description":"Urlaub, Reisen, Cornwall und S\u00fcdengland: eine perfekte Kombination","potentialAction":[{"@type":"SearchAction","target":{"@type":"EntryPoint","urlTemplate":"https:\/\/www.urlaubcornwall.de\/blog\/?s={search_term_string}"},"query-input":"required name=search_term_string"}],"inLanguage":"en-US"},{"@type":"WebPage","@id":"https:\/\/www.urlaubcornwall.de\/blog\/vorbereitungen-fuer-ihren-urlaub-in-einem-ferienhaus-in-cornwall\/","url":"https:\/\/www.urlaubcornwall.de\/blog\/vorbereitungen-fuer-ihren-urlaub-in-einem-ferienhaus-in-cornwall\/","name":"Vorbereitungen f\u00fcr Ihren Urlaub in einem Ferienhaus in Cornwall & durch England - Urlaub &amp; Reisen","isPartOf":{"@id":"https:\/\/www.urlaubcornwall.de\/blog\/#website"},"datePublished":"2020-06-24T09:24:55+00:00","dateModified":"2022-08-30T09:32:09+00:00","description":"Nach Covid-19 wird Ihr Urlaub in Cornwall verst\u00e4ndlicherweise ein wenig anders ausschauen. Daher wollten wir sicherstellen, dass Sie sich sicher und gut vorbereitet f\u00fcr Ihre Reise f\u00fchlen. Wir haben die folgende Information f\u00fcr Sie zusammengestellt, um die Ma\u00dfnahmen zu erkl\u00e4ren, die unsere Cornwall Urlaubscottagebesitzer getroffen haben, um Ihre Unterkunft vorzubereiten, sowie einige n\u00fctzliche Tipps, wie Sie in Sicherheit Urlaub machen k\u00f6nnen und dabei nach wie vor einen wundervollen Aufenthalt haben werden.","breadcrumb":{"@id":"https:\/\/www.urlaubcornwall.de\/blog\/vorbereitungen-fuer-ihren-urlaub-in-einem-ferienhaus-in-cornwall\/#breadcrumb"},"inLanguage":"en-US","potentialAction":[{"@type":"ReadAction","target":["https:\/\/www.urlaubcornwall.de\/blog\/vorbereitungen-fuer-ihren-urlaub-in-einem-ferienhaus-in-cornwall\/"]}]},{"@type":"BreadcrumbList","@id":"https:\/\/www.urlaubcornwall.de\/blog\/vorbereitungen-fuer-ihren-urlaub-in-einem-ferienhaus-in-cornwall\/#breadcrumb","itemListElement":[{"@type":"ListItem","position":1,"name":"Home","item":"https:\/\/www.urlaubcornwall.de\/blog\/"},{"@type":"ListItem","position":2,"name":"Vorbereitungen f\u00fcr Ihren Urlaub in einem Ferienhaus in Cornwall &#038; durch England"}]}]}},"_links":{"self":[{"href":"https:\/\/www.urlaubcornwall.de\/blog\/wp-json\/wp\/v2\/pages\/40412"}],"collection":[{"href":"https:\/\/www.urlaubcornwall.de\/blog\/wp-json\/wp\/v2\/pages"}],"about":[{"href":"https:\/\/www.urlaubcornwall.de\/blog\/wp-json\/wp\/v2\/types\/page"}],"author":[{"embeddable":true,"href":"https:\/\/www.urlaubcornwall.de\/blog\/wp-json\/wp\/v2\/users\/1"}],"replies":[{"embeddable":true,"href":"https:\/\/www.urlaubcornwall.de\/blog\/wp-json\/wp\/v2\/comments?post=40412"}],"version-history":[{"count":15,"href":"https:\/\/www.urlaubcornwall.de\/blog\/wp-json\/wp\/v2\/pages\/40412\/revisions"}],"predecessor-version":[{"id":45015,"href":"https:\/\/www.urlaubcornwall.de\/blog\/wp-json\/wp\/v2\/pages\/40412\/revisions\/45015"}],"wp:attachment":[{"href":"https:\/\/www.urlaubcornwall.de\/blog\/wp-json\/wp\/v2\/media?parent=40412"}],"curies":[{"name":"wp","href":"https:\/\/api.w.org\/{rel}","templated":true}]}}