{"id":40403,"date":"2020-06-23T10:05:48","date_gmt":"2020-06-23T10:05:48","guid":{"rendered":"https:\/\/www.urlaubcornwall.de\/blog\/?page_id=40403"},"modified":"2024-04-03T11:38:21","modified_gmt":"2024-04-03T11:38:21","slug":"kneipe-auf-die-isles-of-scilly","status":"publish","type":"page","link":"https:\/\/www.urlaubcornwall.de\/blog\/kneipe-auf-die-isles-of-scilly\/","title":{"rendered":"Kneipe auf die Isles of Scilly"},"content":{"rendered":"<p><img loading=\"lazy\" class=\"aligncenter size-full wp-image-48045\" src=\"https:\/\/www.urlaubcornwall.de\/blog\/wp-content\/uploads\/2024\/03\/Das-kulturelle-Erbe-der-Scilly-Inseln.jpg\" alt=\"st marys scilly isles\" width=\"750\" height=\"404\"\/><\/p>\n<p>The Turks Head Pub \u2013 Dies ist Gro\u00dfbritanniens s\u00fcdwestlichstes Pub, wo k\u00f6stliche kornische Pasties serviert werden.<\/p>\n<p>The New Inn auf Tresco liegt in der N\u00e4he des Hafens von Old Grimbsy und seine K\u00fcche ist preisgekr\u00f6nt \u2026 Probieren Sie die frisch vor der Haust\u00fcr gefangenen Krebse.<\/p>\n<p>Die Scilly-Inseln sind Cornwalls bestgeh\u00fctetes Geheimnis; aufgrund ihres milden Klimas, der perfekten Sandstr\u00e4nde und dem t\u00fcrkisblauen Meer werden sie auch die gl\u00fccklichen Inseln (Fortunate Isles) genannt. Sie bestehen aus hunderten kleiner Inseln, von denen nur 5 bewohnt sind; St. Mary&#8217;s, St. Martin&#8217;s, St. Agnes, Bryher und Tresco sind ber\u00fchmt f\u00fcr ihre luxuri\u00f6sen Ferienunterk\u00fcnfte. <\/p>\n<h2 style=\"text-align: center;\">Unser Rundreisenservice<\/h2>\n<p>UrlaubCornwall, mit Firmensitz in Cornwall und selbst h\u00e4ufig Besucher der <a href=\"http:\/\/www.urlaubcornwall.de\/Scilly-Inseln.php\">Scilly Inseln<\/a>, hat eine einzigartige Sammlung handverlesener, pers\u00f6nlich inspizierter Hotels und B&amp;Bs in dieser atemberaubenden Inselwelt zusammengestellt.<\/p>\n<p style=\"text-align: center;\"><a class=\"tidycta\" href=\"http:\/\/www.urlaubcornwall.de\/anfrage.php?tourcode=Urlaub Scilly-Inseln\">Urlaub Scilly-Inseln Anfrage<\/a><\/p>\n<p>Wir bieten den <strong>EINZIGEN<\/strong> Deutsch sprechenden <a href=\"http:\/\/www.urlaubcornwall.de\/anfrage.php?tourcode=Scilly Inseln\">Reiseservice<\/a> f\u00fcr die Inseln und k\u00f6nnen einen Urlaub f\u00fcr Sie kreieren, einschlie\u00dflich Unterkunft, Fl\u00fcgen, Transfers und Autovermietung. Genie\u00dfen Sie einen Urlaub hier oder binden Sie die Inseln als Teil einer Rundreise durch Cornwall mit ein.<\/p>\n","protected":false},"excerpt":{"rendered":"<p>The Turks Head Pub \u2013 Dies ist Gro\u00dfbritanniens s\u00fcdwestlichstes Pub, wo k\u00f6stliche kornische Pasties serviert werden. The New Inn auf Tresco liegt in der N\u00e4he des Hafens von Old Grimbsy und seine K\u00fcche ist preisgekr\u00f6nt \u2026 Probieren Sie die frisch vor der Haust\u00fcr gefangenen Krebse. Die Scilly-Inseln sind Cornwalls bestgeh\u00fctetes Geheimnis; aufgrund ihres milden Klimas, [&hellip;]<\/p>\n","protected":false},"author":1,"featured_media":0,"parent":0,"menu_order":0,"comment_status":"closed","ping_status":"closed","template":"single-four.php","meta":[],"acf":[],"yoast_head":"<!-- This site is optimized with the Yoast SEO plugin v19.4 - https:\/\/yoast.com\/wordpress\/plugins\/seo\/ -->\n<title>Kneipe auf die Isles of Scilly - Urlaub &amp; Reisen<\/title>\n<meta name=\"description\" content=\"The Turks Head Pub \u2013 Dies ist Gro\u00dfbritanniens s\u00fcdwestlichstes Pub, wo k\u00f6stliche kornische Pasties serviert werden.Die Scilly-Inseln sind Cornwalls bestgeh\u00fctetes Geheimnis; aufgrund ihres milden Klimas, der perfekten Sandstr\u00e4nde und dem t\u00fcrkisblauen Meer werden sie auch die gl\u00fccklichen Inseln (Fortunate Isles) genannt. Sie bestehen aus hunderten kleiner Inseln, von denen nur 5 bewohnt sind; St. Mary&#039;s, St. Martin&#039;s, St. Agnes, Bryher und Tresco sind ber\u00fchmt f\u00fcr ihre luxuri\u00f6sen Ferienunterk\u00fcnfte.\" \/>\n<meta name=\"robots\" content=\"index, follow, max-snippet:-1, max-image-preview:large, max-video-preview:-1\" \/>\n<link rel=\"canonical\" href=\"https:\/\/www.urlaubcornwall.de\/blog\/kneipe-auf-die-isles-of-scilly\/\" \/>\n<meta property=\"og:locale\" content=\"en_US\" \/>\n<meta property=\"og:type\" content=\"article\" \/>\n<meta property=\"og:title\" content=\"Kneipe auf die Isles of Scilly - Urlaub &amp; Reisen\" \/>\n<meta property=\"og:description\" content=\"The Turks Head Pub \u2013 Dies ist Gro\u00dfbritanniens s\u00fcdwestlichstes Pub, wo k\u00f6stliche kornische Pasties serviert werden.Die Scilly-Inseln sind Cornwalls bestgeh\u00fctetes Geheimnis; aufgrund ihres milden Klimas, der perfekten Sandstr\u00e4nde und dem t\u00fcrkisblauen Meer werden sie auch die gl\u00fccklichen Inseln (Fortunate Isles) genannt. Sie bestehen aus hunderten kleiner Inseln, von denen nur 5 bewohnt sind; St. Mary&#039;s, St. Martin&#039;s, St. Agnes, Bryher und Tresco sind ber\u00fchmt f\u00fcr ihre luxuri\u00f6sen Ferienunterk\u00fcnfte.\" \/>\n<meta property=\"og:url\" content=\"https:\/\/www.urlaubcornwall.de\/blog\/kneipe-auf-die-isles-of-scilly\/\" \/>\n<meta property=\"og:site_name\" content=\"Urlaub &amp; Reisen\" \/>\n<meta property=\"article:modified_time\" content=\"2024-04-03T11:38:21+00:00\" \/>\n<meta property=\"og:image\" content=\"https:\/\/www.urlaubcornwall.de\/blog\/wp-content\/uploads\/2024\/03\/Das-kulturelle-Erbe-der-Scilly-Inseln.jpg\" \/>\n<meta name=\"twitter:card\" content=\"summary\" \/>\n<meta name=\"twitter:label1\" content=\"Est. reading time\" \/>\n\t<meta name=\"twitter:data1\" content=\"1 minute\" \/>\n<script type=\"application\/ld+json\" class=\"yoast-schema-graph\">{\"@context\":\"https:\/\/schema.org\",\"@graph\":[{\"@type\":\"WebSite\",\"@id\":\"https:\/\/www.urlaubcornwall.de\/blog\/#website\",\"url\":\"https:\/\/www.urlaubcornwall.de\/blog\/\",\"name\":\"Urlaub &amp; Reisen\",\"description\":\"Urlaub, Reisen, Cornwall und S\u00fcdengland: eine perfekte Kombination\",\"potentialAction\":[{\"@type\":\"SearchAction\",\"target\":{\"@type\":\"EntryPoint\",\"urlTemplate\":\"https:\/\/www.urlaubcornwall.de\/blog\/?s={search_term_string}\"},\"query-input\":\"required name=search_term_string\"}],\"inLanguage\":\"en-US\"},{\"@type\":\"WebPage\",\"@id\":\"https:\/\/www.urlaubcornwall.de\/blog\/kneipe-auf-die-isles-of-scilly\/\",\"url\":\"https:\/\/www.urlaubcornwall.de\/blog\/kneipe-auf-die-isles-of-scilly\/\",\"name\":\"Kneipe auf die Isles of Scilly - Urlaub &amp; Reisen\",\"isPartOf\":{\"@id\":\"https:\/\/www.urlaubcornwall.de\/blog\/#website\"},\"datePublished\":\"2020-06-23T10:05:48+00:00\",\"dateModified\":\"2024-04-03T11:38:21+00:00\",\"description\":\"The Turks Head Pub \u2013 Dies ist Gro\u00dfbritanniens s\u00fcdwestlichstes Pub, wo k\u00f6stliche kornische Pasties serviert werden.Die Scilly-Inseln sind Cornwalls bestgeh\u00fctetes Geheimnis; aufgrund ihres milden Klimas, der perfekten Sandstr\u00e4nde und dem t\u00fcrkisblauen Meer werden sie auch die gl\u00fccklichen Inseln (Fortunate Isles) genannt. Sie bestehen aus hunderten kleiner Inseln, von denen nur 5 bewohnt sind; St. Mary's, St. Martin's, St. Agnes, Bryher und Tresco sind ber\u00fchmt f\u00fcr ihre luxuri\u00f6sen Ferienunterk\u00fcnfte.\",\"breadcrumb\":{\"@id\":\"https:\/\/www.urlaubcornwall.de\/blog\/kneipe-auf-die-isles-of-scilly\/#breadcrumb\"},\"inLanguage\":\"en-US\",\"potentialAction\":[{\"@type\":\"ReadAction\",\"target\":[\"https:\/\/www.urlaubcornwall.de\/blog\/kneipe-auf-die-isles-of-scilly\/\"]}]},{\"@type\":\"BreadcrumbList\",\"@id\":\"https:\/\/www.urlaubcornwall.de\/blog\/kneipe-auf-die-isles-of-scilly\/#breadcrumb\",\"itemListElement\":[{\"@type\":\"ListItem\",\"position\":1,\"name\":\"Home\",\"item\":\"https:\/\/www.urlaubcornwall.de\/blog\/\"},{\"@type\":\"ListItem\",\"position\":2,\"name\":\"Kneipe auf die Isles of Scilly\"}]}]}<\/script>\n<!-- \/ Yoast SEO plugin. -->","yoast_head_json":{"title":"Kneipe auf die Isles of Scilly - Urlaub &amp; Reisen","description":"The Turks Head Pub \u2013 Dies ist Gro\u00dfbritanniens s\u00fcdwestlichstes Pub, wo k\u00f6stliche kornische Pasties serviert werden.Die Scilly-Inseln sind Cornwalls bestgeh\u00fctetes Geheimnis; aufgrund ihres milden Klimas, der perfekten Sandstr\u00e4nde und dem t\u00fcrkisblauen Meer werden sie auch die gl\u00fccklichen Inseln (Fortunate Isles) genannt. Sie bestehen aus hunderten kleiner Inseln, von denen nur 5 bewohnt sind; St. Mary's, St. Martin's, St. Agnes, Bryher und Tresco sind ber\u00fchmt f\u00fcr ihre luxuri\u00f6sen Ferienunterk\u00fcnfte.","robots":{"index":"index","follow":"follow","max-snippet":"max-snippet:-1","max-image-preview":"max-image-preview:large","max-video-preview":"max-video-preview:-1"},"canonical":"https:\/\/www.urlaubcornwall.de\/blog\/kneipe-auf-die-isles-of-scilly\/","og_locale":"en_US","og_type":"article","og_title":"Kneipe auf die Isles of Scilly - Urlaub &amp; Reisen","og_description":"The Turks Head Pub \u2013 Dies ist Gro\u00dfbritanniens s\u00fcdwestlichstes Pub, wo k\u00f6stliche kornische Pasties serviert werden.Die Scilly-Inseln sind Cornwalls bestgeh\u00fctetes Geheimnis; aufgrund ihres milden Klimas, der perfekten Sandstr\u00e4nde und dem t\u00fcrkisblauen Meer werden sie auch die gl\u00fccklichen Inseln (Fortunate Isles) genannt. Sie bestehen aus hunderten kleiner Inseln, von denen nur 5 bewohnt sind; St. Mary's, St. Martin's, St. Agnes, Bryher und Tresco sind ber\u00fchmt f\u00fcr ihre luxuri\u00f6sen Ferienunterk\u00fcnfte.","og_url":"https:\/\/www.urlaubcornwall.de\/blog\/kneipe-auf-die-isles-of-scilly\/","og_site_name":"Urlaub &amp; Reisen","article_modified_time":"2024-04-03T11:38:21+00:00","og_image":[{"url":"https:\/\/www.urlaubcornwall.de\/blog\/wp-content\/uploads\/2024\/03\/Das-kulturelle-Erbe-der-Scilly-Inseln.jpg"}],"twitter_card":"summary","twitter_misc":{"Est. reading time":"1 minute"},"schema":{"@context":"https:\/\/schema.org","@graph":[{"@type":"WebSite","@id":"https:\/\/www.urlaubcornwall.de\/blog\/#website","url":"https:\/\/www.urlaubcornwall.de\/blog\/","name":"Urlaub &amp; Reisen","description":"Urlaub, Reisen, Cornwall und S\u00fcdengland: eine perfekte Kombination","potentialAction":[{"@type":"SearchAction","target":{"@type":"EntryPoint","urlTemplate":"https:\/\/www.urlaubcornwall.de\/blog\/?s={search_term_string}"},"query-input":"required name=search_term_string"}],"inLanguage":"en-US"},{"@type":"WebPage","@id":"https:\/\/www.urlaubcornwall.de\/blog\/kneipe-auf-die-isles-of-scilly\/","url":"https:\/\/www.urlaubcornwall.de\/blog\/kneipe-auf-die-isles-of-scilly\/","name":"Kneipe auf die Isles of Scilly - Urlaub &amp; Reisen","isPartOf":{"@id":"https:\/\/www.urlaubcornwall.de\/blog\/#website"},"datePublished":"2020-06-23T10:05:48+00:00","dateModified":"2024-04-03T11:38:21+00:00","description":"The Turks Head Pub \u2013 Dies ist Gro\u00dfbritanniens s\u00fcdwestlichstes Pub, wo k\u00f6stliche kornische Pasties serviert werden.Die Scilly-Inseln sind Cornwalls bestgeh\u00fctetes Geheimnis; aufgrund ihres milden Klimas, der perfekten Sandstr\u00e4nde und dem t\u00fcrkisblauen Meer werden sie auch die gl\u00fccklichen Inseln (Fortunate Isles) genannt. Sie bestehen aus hunderten kleiner Inseln, von denen nur 5 bewohnt sind; St. Mary's, St. Martin's, St. Agnes, Bryher und Tresco sind ber\u00fchmt f\u00fcr ihre luxuri\u00f6sen Ferienunterk\u00fcnfte.","breadcrumb":{"@id":"https:\/\/www.urlaubcornwall.de\/blog\/kneipe-auf-die-isles-of-scilly\/#breadcrumb"},"inLanguage":"en-US","potentialAction":[{"@type":"ReadAction","target":["https:\/\/www.urlaubcornwall.de\/blog\/kneipe-auf-die-isles-of-scilly\/"]}]},{"@type":"BreadcrumbList","@id":"https:\/\/www.urlaubcornwall.de\/blog\/kneipe-auf-die-isles-of-scilly\/#breadcrumb","itemListElement":[{"@type":"ListItem","position":1,"name":"Home","item":"https:\/\/www.urlaubcornwall.de\/blog\/"},{"@type":"ListItem","position":2,"name":"Kneipe auf die Isles of Scilly"}]}]}},"_links":{"self":[{"href":"https:\/\/www.urlaubcornwall.de\/blog\/wp-json\/wp\/v2\/pages\/40403"}],"collection":[{"href":"https:\/\/www.urlaubcornwall.de\/blog\/wp-json\/wp\/v2\/pages"}],"about":[{"href":"https:\/\/www.urlaubcornwall.de\/blog\/wp-json\/wp\/v2\/types\/page"}],"author":[{"embeddable":true,"href":"https:\/\/www.urlaubcornwall.de\/blog\/wp-json\/wp\/v2\/users\/1"}],"replies":[{"embeddable":true,"href":"https:\/\/www.urlaubcornwall.de\/blog\/wp-json\/wp\/v2\/comments?post=40403"}],"version-history":[{"count":3,"href":"https:\/\/www.urlaubcornwall.de\/blog\/wp-json\/wp\/v2\/pages\/40403\/revisions"}],"predecessor-version":[{"id":48775,"href":"https:\/\/www.urlaubcornwall.de\/blog\/wp-json\/wp\/v2\/pages\/40403\/revisions\/48775"}],"wp:attachment":[{"href":"https:\/\/www.urlaubcornwall.de\/blog\/wp-json\/wp\/v2\/media?parent=40403"}],"curies":[{"name":"wp","href":"https:\/\/api.w.org\/{rel}","templated":true}]}}