{"id":40391,"date":"2020-06-23T09:28:45","date_gmt":"2020-06-23T09:28:45","guid":{"rendered":"https:\/\/www.urlaubcornwall.de\/blog\/?page_id=40391"},"modified":"2020-06-24T07:00:31","modified_gmt":"2020-06-24T07:00:31","slug":"inselmuseum-isles-of-scilly","status":"publish","type":"page","link":"https:\/\/www.urlaubcornwall.de\/blog\/inselmuseum-isles-of-scilly\/","title":{"rendered":"Inselmuseum Isles of Scilly"},"content":{"rendered":"<p><img loading=\"lazy\" class=\"aligncenter size-full wp-image-40393\" src=\"https:\/\/www.urlaubcornwall.de\/blog\/wp-content\/uploads\/2020\/06\/Insel-museum-Scilly.jpg\" alt=\"Insel museum Scilly\" width=\"750\" height=\"501\" srcset=\"https:\/\/www.urlaubcornwall.de\/blog\/wp-content\/uploads\/2020\/06\/Insel-museum-Scilly.jpg 750w, https:\/\/www.urlaubcornwall.de\/blog\/wp-content\/uploads\/2020\/06\/Insel-museum-Scilly-300x200.jpg 300w\" sizes=\"(max-width: 750px) 100vw, 750px\" \/> <\/p>\n<p>Dieses Museum befindet sich in Hugh Town, in der N\u00e4he der Kirche und hier k\u00f6nnen Sie Artefakte bewundern, die von den pr\u00e4historischen St\u00e4tten der <a href=\"http:\/\/www.urlaubcornwall.de\/Scilly-Inseln.php\">Scilly-Inseln<\/a> stammen, sowie von den vielen Schiffsbr\u00fcchen, die sich \u00fcber die Jahrhunderte hinweg ereigneten.<\/p>\n<h2 style=\"text-align: center;\">Unser Rundreisenservice<\/h2>\n<p>UrlaubCornwall, mit Firmensitz in Cornwall und selbst h\u00e4ufig Besucher der <a href=\"http:\/\/www.urlaubcornwall.de\/Scilly-Inseln.php\">Scilly Inseln<\/a>, hat eine einzigartige Sammlung handverlesener, pers\u00f6nlich inspizierter Hotels und B&amp;Bs in dieser atemberaubenden Inselwelt zusammengestellt.<\/p>\n<p style=\"text-align: center;\"><a class=\"tidycta\" href=\"http:\/\/www.urlaubcornwall.de\/anfrage.php?tourcode=Urlaub Scilly-Inseln\">Urlaub Scilly-Inseln Anfrage<\/a><\/p>\n<p>Wir bieten den <strong>EINZIGEN<\/strong> Deutsch sprechenden <a href=\"http:\/\/www.urlaubcornwall.de\/anfrage.php?tourcode=Scilly Inseln\">Reiseservice<\/a> f\u00fcr die Inseln und k\u00f6nnen einen Urlaub f\u00fcr Sie kreieren, einschlie\u00dflich Unterkunft, Fl\u00fcgen, Transfers und Autovermietung. Genie\u00dfen Sie einen Urlaub hier oder binden Sie die Inseln als Teil einer Rundreise durch Cornwall mit ein.<\/p>\n","protected":false},"excerpt":{"rendered":"<p>Dieses Museum befindet sich in Hugh Town, in der N\u00e4he der Kirche und hier k\u00f6nnen Sie Artefakte bewundern, die von den pr\u00e4historischen St\u00e4tten der Scilly-Inseln stammen, sowie von den vielen Schiffsbr\u00fcchen, die sich \u00fcber die Jahrhunderte hinweg ereigneten. Unser Rundreisenservice UrlaubCornwall, mit Firmensitz in Cornwall und selbst h\u00e4ufig Besucher der Scilly Inseln, hat eine einzigartige [&hellip;]<\/p>\n","protected":false},"author":1,"featured_media":0,"parent":0,"menu_order":0,"comment_status":"closed","ping_status":"closed","template":"single-four.php","meta":[],"acf":[],"yoast_head":"<!-- This site is optimized with the Yoast SEO plugin v19.4 - https:\/\/yoast.com\/wordpress\/plugins\/seo\/ -->\n<title>Inselmuseum Isles of Scilly - Urlaub &amp; Reisen<\/title>\n<meta name=\"description\" content=\"Dieses Museum befindet sich in Hugh Town, in der N\u00e4he der Kirche und hier k\u00f6nnen Sie Artefakte bewundern, die von den pr\u00e4historischen St\u00e4tten der Scilly-Inseln stammen, sowie von den vielen Schiffsbr\u00fcchen, die sich \u00fcber die Jahrhunderte hinweg ereigneten.\" \/>\n<meta name=\"robots\" content=\"index, follow, max-snippet:-1, max-image-preview:large, max-video-preview:-1\" \/>\n<link rel=\"canonical\" href=\"https:\/\/www.urlaubcornwall.de\/blog\/inselmuseum-isles-of-scilly\/\" \/>\n<meta property=\"og:locale\" content=\"en_US\" \/>\n<meta property=\"og:type\" content=\"article\" \/>\n<meta property=\"og:title\" content=\"Inselmuseum Isles of Scilly - Urlaub &amp; Reisen\" \/>\n<meta property=\"og:description\" content=\"Dieses Museum befindet sich in Hugh Town, in der N\u00e4he der Kirche und hier k\u00f6nnen Sie Artefakte bewundern, die von den pr\u00e4historischen St\u00e4tten der Scilly-Inseln stammen, sowie von den vielen Schiffsbr\u00fcchen, die sich \u00fcber die Jahrhunderte hinweg ereigneten.\" \/>\n<meta property=\"og:url\" content=\"https:\/\/www.urlaubcornwall.de\/blog\/inselmuseum-isles-of-scilly\/\" \/>\n<meta property=\"og:site_name\" content=\"Urlaub &amp; Reisen\" \/>\n<meta property=\"article:modified_time\" content=\"2020-06-24T07:00:31+00:00\" \/>\n<meta property=\"og:image\" content=\"https:\/\/www.urlaubcornwall.de\/blog\/wp-content\/uploads\/2020\/06\/Insel-museum-Scilly.jpg\" \/>\n<meta name=\"twitter:card\" content=\"summary\" \/>\n<meta name=\"twitter:label1\" content=\"Est. reading time\" \/>\n\t<meta name=\"twitter:data1\" content=\"1 minute\" \/>\n<script type=\"application\/ld+json\" class=\"yoast-schema-graph\">{\"@context\":\"https:\/\/schema.org\",\"@graph\":[{\"@type\":\"WebSite\",\"@id\":\"https:\/\/www.urlaubcornwall.de\/blog\/#website\",\"url\":\"https:\/\/www.urlaubcornwall.de\/blog\/\",\"name\":\"Urlaub &amp; Reisen\",\"description\":\"Urlaub, Reisen, Cornwall und S\u00fcdengland: eine perfekte Kombination\",\"potentialAction\":[{\"@type\":\"SearchAction\",\"target\":{\"@type\":\"EntryPoint\",\"urlTemplate\":\"https:\/\/www.urlaubcornwall.de\/blog\/?s={search_term_string}\"},\"query-input\":\"required name=search_term_string\"}],\"inLanguage\":\"en-US\"},{\"@type\":\"WebPage\",\"@id\":\"https:\/\/www.urlaubcornwall.de\/blog\/inselmuseum-isles-of-scilly\/\",\"url\":\"https:\/\/www.urlaubcornwall.de\/blog\/inselmuseum-isles-of-scilly\/\",\"name\":\"Inselmuseum Isles of Scilly - Urlaub &amp; Reisen\",\"isPartOf\":{\"@id\":\"https:\/\/www.urlaubcornwall.de\/blog\/#website\"},\"datePublished\":\"2020-06-23T09:28:45+00:00\",\"dateModified\":\"2020-06-24T07:00:31+00:00\",\"description\":\"Dieses Museum befindet sich in Hugh Town, in der N\u00e4he der Kirche und hier k\u00f6nnen Sie Artefakte bewundern, die von den pr\u00e4historischen St\u00e4tten der Scilly-Inseln stammen, sowie von den vielen Schiffsbr\u00fcchen, die sich \u00fcber die Jahrhunderte hinweg ereigneten.\",\"breadcrumb\":{\"@id\":\"https:\/\/www.urlaubcornwall.de\/blog\/inselmuseum-isles-of-scilly\/#breadcrumb\"},\"inLanguage\":\"en-US\",\"potentialAction\":[{\"@type\":\"ReadAction\",\"target\":[\"https:\/\/www.urlaubcornwall.de\/blog\/inselmuseum-isles-of-scilly\/\"]}]},{\"@type\":\"BreadcrumbList\",\"@id\":\"https:\/\/www.urlaubcornwall.de\/blog\/inselmuseum-isles-of-scilly\/#breadcrumb\",\"itemListElement\":[{\"@type\":\"ListItem\",\"position\":1,\"name\":\"Home\",\"item\":\"https:\/\/www.urlaubcornwall.de\/blog\/\"},{\"@type\":\"ListItem\",\"position\":2,\"name\":\"Inselmuseum Isles of Scilly\"}]}]}<\/script>\n<!-- \/ Yoast SEO plugin. -->","yoast_head_json":{"title":"Inselmuseum Isles of Scilly - Urlaub &amp; Reisen","description":"Dieses Museum befindet sich in Hugh Town, in der N\u00e4he der Kirche und hier k\u00f6nnen Sie Artefakte bewundern, die von den pr\u00e4historischen St\u00e4tten der Scilly-Inseln stammen, sowie von den vielen Schiffsbr\u00fcchen, die sich \u00fcber die Jahrhunderte hinweg ereigneten.","robots":{"index":"index","follow":"follow","max-snippet":"max-snippet:-1","max-image-preview":"max-image-preview:large","max-video-preview":"max-video-preview:-1"},"canonical":"https:\/\/www.urlaubcornwall.de\/blog\/inselmuseum-isles-of-scilly\/","og_locale":"en_US","og_type":"article","og_title":"Inselmuseum Isles of Scilly - Urlaub &amp; Reisen","og_description":"Dieses Museum befindet sich in Hugh Town, in der N\u00e4he der Kirche und hier k\u00f6nnen Sie Artefakte bewundern, die von den pr\u00e4historischen St\u00e4tten der Scilly-Inseln stammen, sowie von den vielen Schiffsbr\u00fcchen, die sich \u00fcber die Jahrhunderte hinweg ereigneten.","og_url":"https:\/\/www.urlaubcornwall.de\/blog\/inselmuseum-isles-of-scilly\/","og_site_name":"Urlaub &amp; Reisen","article_modified_time":"2020-06-24T07:00:31+00:00","og_image":[{"url":"https:\/\/www.urlaubcornwall.de\/blog\/wp-content\/uploads\/2020\/06\/Insel-museum-Scilly.jpg"}],"twitter_card":"summary","twitter_misc":{"Est. reading time":"1 minute"},"schema":{"@context":"https:\/\/schema.org","@graph":[{"@type":"WebSite","@id":"https:\/\/www.urlaubcornwall.de\/blog\/#website","url":"https:\/\/www.urlaubcornwall.de\/blog\/","name":"Urlaub &amp; Reisen","description":"Urlaub, Reisen, Cornwall und S\u00fcdengland: eine perfekte Kombination","potentialAction":[{"@type":"SearchAction","target":{"@type":"EntryPoint","urlTemplate":"https:\/\/www.urlaubcornwall.de\/blog\/?s={search_term_string}"},"query-input":"required name=search_term_string"}],"inLanguage":"en-US"},{"@type":"WebPage","@id":"https:\/\/www.urlaubcornwall.de\/blog\/inselmuseum-isles-of-scilly\/","url":"https:\/\/www.urlaubcornwall.de\/blog\/inselmuseum-isles-of-scilly\/","name":"Inselmuseum Isles of Scilly - Urlaub &amp; Reisen","isPartOf":{"@id":"https:\/\/www.urlaubcornwall.de\/blog\/#website"},"datePublished":"2020-06-23T09:28:45+00:00","dateModified":"2020-06-24T07:00:31+00:00","description":"Dieses Museum befindet sich in Hugh Town, in der N\u00e4he der Kirche und hier k\u00f6nnen Sie Artefakte bewundern, die von den pr\u00e4historischen St\u00e4tten der Scilly-Inseln stammen, sowie von den vielen Schiffsbr\u00fcchen, die sich \u00fcber die Jahrhunderte hinweg ereigneten.","breadcrumb":{"@id":"https:\/\/www.urlaubcornwall.de\/blog\/inselmuseum-isles-of-scilly\/#breadcrumb"},"inLanguage":"en-US","potentialAction":[{"@type":"ReadAction","target":["https:\/\/www.urlaubcornwall.de\/blog\/inselmuseum-isles-of-scilly\/"]}]},{"@type":"BreadcrumbList","@id":"https:\/\/www.urlaubcornwall.de\/blog\/inselmuseum-isles-of-scilly\/#breadcrumb","itemListElement":[{"@type":"ListItem","position":1,"name":"Home","item":"https:\/\/www.urlaubcornwall.de\/blog\/"},{"@type":"ListItem","position":2,"name":"Inselmuseum Isles of Scilly"}]}]}},"_links":{"self":[{"href":"https:\/\/www.urlaubcornwall.de\/blog\/wp-json\/wp\/v2\/pages\/40391"}],"collection":[{"href":"https:\/\/www.urlaubcornwall.de\/blog\/wp-json\/wp\/v2\/pages"}],"about":[{"href":"https:\/\/www.urlaubcornwall.de\/blog\/wp-json\/wp\/v2\/types\/page"}],"author":[{"embeddable":true,"href":"https:\/\/www.urlaubcornwall.de\/blog\/wp-json\/wp\/v2\/users\/1"}],"replies":[{"embeddable":true,"href":"https:\/\/www.urlaubcornwall.de\/blog\/wp-json\/wp\/v2\/comments?post=40391"}],"version-history":[{"count":4,"href":"https:\/\/www.urlaubcornwall.de\/blog\/wp-json\/wp\/v2\/pages\/40391\/revisions"}],"predecessor-version":[{"id":40410,"href":"https:\/\/www.urlaubcornwall.de\/blog\/wp-json\/wp\/v2\/pages\/40391\/revisions\/40410"}],"wp:attachment":[{"href":"https:\/\/www.urlaubcornwall.de\/blog\/wp-json\/wp\/v2\/media?parent=40391"}],"curies":[{"name":"wp","href":"https:\/\/api.w.org\/{rel}","templated":true}]}}