{"id":40389,"date":"2020-06-23T09:18:11","date_gmt":"2020-06-23T09:18:11","guid":{"rendered":"https:\/\/www.urlaubcornwall.de\/blog\/?page_id=40389"},"modified":"2024-05-30T15:47:15","modified_gmt":"2024-05-30T15:47:15","slug":"der-pembrokeshire-kuesten-nationalpark","status":"publish","type":"page","link":"https:\/\/www.urlaubcornwall.de\/blog\/der-pembrokeshire-kuesten-nationalpark\/","title":{"rendered":"Der Pembrokeshire K\u00fcsten-Nationalpark &#8211; Reisetipps Wales"},"content":{"rendered":"<p><a href=\"https:\/\/www.urlaubcornwall.de\/blog\/wp-content\/uploads\/2024\/03\/gower-halbinsel-wales-1.jpg\"><img loading=\"lazy\" src=\"https:\/\/www.urlaubcornwall.de\/blog\/wp-content\/uploads\/2024\/03\/gower-halbinsel-wales-1.jpg\" alt=\"gower halbinsel wales\" width=\"750\" height=\"500\" class=\"alignnone size-full wp-image-47959\" srcset=\"https:\/\/www.urlaubcornwall.de\/blog\/wp-content\/uploads\/2024\/03\/gower-halbinsel-wales-1.jpg 750w, https:\/\/www.urlaubcornwall.de\/blog\/wp-content\/uploads\/2024\/03\/gower-halbinsel-wales-1-300x200.jpg 300w\" sizes=\"(max-width: 750px) 100vw, 750px\" \/><\/a><\/p>\n<p>Der Pembrokeshire K\u00fcstennationalpark mit 612 Quadratkilometern ist einer der kleinsten Nationalparks im UK; er ist einzigartig, da er sich \u00fcberwiegend an der K\u00fcste befindet und sich erstreckt von St Dogmaels im Norden nach Amroth im S\u00fcden, dabei die Presli Hills und die Daugleddau Flussm\u00fcndung mit einschlie\u00dft. Seine herrliche 370km lange K\u00fcste wird einen Gro\u00dfteil der Strecke vom Pembrokeshire K\u00fcstenpfad begleitet; diese, einer Achterbahn gleichende Wanderung hat zerkl\u00fcftete Klippen, Sandbuchten und eine sich stets ver\u00e4ndernde Meereslandschaft. Die 274km des Pembrokeshire K\u00fcstenpfades verlaufen durch einige der spektakul\u00e4rsten Landschaften des UK, einschlie\u00dflich 58 Str\u00e4nden, 14 H\u00e4fen und Britanniens kleinste Stadt \u2013 St Davids.<\/p>\n<p style=\"text-align: center;\">UrlaubCornwall verf\u00fcgt Ferienh\u00e4user und Ferienwohnungen f\u00fcr Ihren <a href=\"https:\/\/www.urlaubcornwall.de\/reiseziel\/wales.php\">Urlaub in Wales<\/a>. Unterk\u00fcnfte der Spitzenklasse f\u00fcr 2 Personen, Familien und Gruppen mit 4, 6, 8, 10 oder 12 G\u00e4sten.<\/p>\n<h1 style=\"text-align: center;\"><strong>Bei uns finden Sie Ferienh\u00e4user zum Verlieben \u2013 so einfach ist das!<\/strong><\/h1>\n<p style=\"text-align: center;\"><a class=\"tidycta\" href=\"https:\/\/www.urlaubcornwall.de\/ferienhaeuser-fewos\/wal\/westwales\/westwales.html\">Suche Ferienh\u00e4user in Pembrokeshire<\/a><\/p>\n","protected":false},"excerpt":{"rendered":"<p>Der Pembrokeshire K\u00fcstennationalpark mit 612 Quadratkilometern ist einer der kleinsten Nationalparks im UK; er ist einzigartig, da er sich \u00fcberwiegend an der K\u00fcste befindet und sich erstreckt von St Dogmaels im Norden nach Amroth im S\u00fcden, dabei die Presli Hills und die Daugleddau Flussm\u00fcndung mit einschlie\u00dft. Seine herrliche 370km lange K\u00fcste wird einen Gro\u00dfteil der [&hellip;]<\/p>\n","protected":false},"author":1,"featured_media":0,"parent":0,"menu_order":0,"comment_status":"closed","ping_status":"closed","template":"single-four.php","meta":[],"acf":[],"yoast_head":"<!-- This site is optimized with the Yoast SEO plugin v19.4 - https:\/\/yoast.com\/wordpress\/plugins\/seo\/ -->\n<title>Der Pembrokeshire K\u00fcsten-Nationalpark - Reisetipps Wales - Urlaub &amp; Reisen<\/title>\n<meta name=\"robots\" content=\"index, follow, max-snippet:-1, max-image-preview:large, max-video-preview:-1\" \/>\n<link rel=\"canonical\" href=\"https:\/\/www.urlaubcornwall.de\/blog\/der-pembrokeshire-kuesten-nationalpark\/\" \/>\n<meta property=\"og:locale\" content=\"en_US\" \/>\n<meta property=\"og:type\" content=\"article\" \/>\n<meta property=\"og:title\" content=\"Der Pembrokeshire K\u00fcsten-Nationalpark - Reisetipps Wales - Urlaub &amp; Reisen\" \/>\n<meta property=\"og:description\" content=\"Der Pembrokeshire K\u00fcstennationalpark mit 612 Quadratkilometern ist einer der kleinsten Nationalparks im UK; er ist einzigartig, da er sich \u00fcberwiegend an der K\u00fcste befindet und sich erstreckt von St Dogmaels im Norden nach Amroth im S\u00fcden, dabei die Presli Hills und die Daugleddau Flussm\u00fcndung mit einschlie\u00dft. Seine herrliche 370km lange K\u00fcste wird einen Gro\u00dfteil der [&hellip;]\" \/>\n<meta property=\"og:url\" content=\"https:\/\/www.urlaubcornwall.de\/blog\/der-pembrokeshire-kuesten-nationalpark\/\" \/>\n<meta property=\"og:site_name\" content=\"Urlaub &amp; Reisen\" \/>\n<meta property=\"article:modified_time\" content=\"2024-05-30T15:47:15+00:00\" \/>\n<meta property=\"og:image\" content=\"https:\/\/www.urlaubcornwall.de\/blog\/wp-content\/uploads\/2024\/03\/gower-halbinsel-wales-1.jpg\" \/>\n<meta name=\"twitter:card\" content=\"summary\" \/>\n<meta name=\"twitter:label1\" content=\"Est. reading time\" \/>\n\t<meta name=\"twitter:data1\" content=\"1 minute\" \/>\n<script type=\"application\/ld+json\" class=\"yoast-schema-graph\">{\"@context\":\"https:\/\/schema.org\",\"@graph\":[{\"@type\":\"WebSite\",\"@id\":\"https:\/\/www.urlaubcornwall.de\/blog\/#website\",\"url\":\"https:\/\/www.urlaubcornwall.de\/blog\/\",\"name\":\"Urlaub &amp; Reisen\",\"description\":\"Urlaub, Reisen, Cornwall und S\u00fcdengland: eine perfekte Kombination\",\"potentialAction\":[{\"@type\":\"SearchAction\",\"target\":{\"@type\":\"EntryPoint\",\"urlTemplate\":\"https:\/\/www.urlaubcornwall.de\/blog\/?s={search_term_string}\"},\"query-input\":\"required name=search_term_string\"}],\"inLanguage\":\"en-US\"},{\"@type\":\"WebPage\",\"@id\":\"https:\/\/www.urlaubcornwall.de\/blog\/der-pembrokeshire-kuesten-nationalpark\/\",\"url\":\"https:\/\/www.urlaubcornwall.de\/blog\/der-pembrokeshire-kuesten-nationalpark\/\",\"name\":\"Der Pembrokeshire K\u00fcsten-Nationalpark - Reisetipps Wales - Urlaub &amp; Reisen\",\"isPartOf\":{\"@id\":\"https:\/\/www.urlaubcornwall.de\/blog\/#website\"},\"datePublished\":\"2020-06-23T09:18:11+00:00\",\"dateModified\":\"2024-05-30T15:47:15+00:00\",\"breadcrumb\":{\"@id\":\"https:\/\/www.urlaubcornwall.de\/blog\/der-pembrokeshire-kuesten-nationalpark\/#breadcrumb\"},\"inLanguage\":\"en-US\",\"potentialAction\":[{\"@type\":\"ReadAction\",\"target\":[\"https:\/\/www.urlaubcornwall.de\/blog\/der-pembrokeshire-kuesten-nationalpark\/\"]}]},{\"@type\":\"BreadcrumbList\",\"@id\":\"https:\/\/www.urlaubcornwall.de\/blog\/der-pembrokeshire-kuesten-nationalpark\/#breadcrumb\",\"itemListElement\":[{\"@type\":\"ListItem\",\"position\":1,\"name\":\"Home\",\"item\":\"https:\/\/www.urlaubcornwall.de\/blog\/\"},{\"@type\":\"ListItem\",\"position\":2,\"name\":\"Der Pembrokeshire K\u00fcsten-Nationalpark &#8211; Reisetipps Wales\"}]}]}<\/script>\n<!-- \/ Yoast SEO plugin. -->","yoast_head_json":{"title":"Der Pembrokeshire K\u00fcsten-Nationalpark - Reisetipps Wales - Urlaub &amp; Reisen","robots":{"index":"index","follow":"follow","max-snippet":"max-snippet:-1","max-image-preview":"max-image-preview:large","max-video-preview":"max-video-preview:-1"},"canonical":"https:\/\/www.urlaubcornwall.de\/blog\/der-pembrokeshire-kuesten-nationalpark\/","og_locale":"en_US","og_type":"article","og_title":"Der Pembrokeshire K\u00fcsten-Nationalpark - Reisetipps Wales - Urlaub &amp; Reisen","og_description":"Der Pembrokeshire K\u00fcstennationalpark mit 612 Quadratkilometern ist einer der kleinsten Nationalparks im UK; er ist einzigartig, da er sich \u00fcberwiegend an der K\u00fcste befindet und sich erstreckt von St Dogmaels im Norden nach Amroth im S\u00fcden, dabei die Presli Hills und die Daugleddau Flussm\u00fcndung mit einschlie\u00dft. Seine herrliche 370km lange K\u00fcste wird einen Gro\u00dfteil der [&hellip;]","og_url":"https:\/\/www.urlaubcornwall.de\/blog\/der-pembrokeshire-kuesten-nationalpark\/","og_site_name":"Urlaub &amp; Reisen","article_modified_time":"2024-05-30T15:47:15+00:00","og_image":[{"url":"https:\/\/www.urlaubcornwall.de\/blog\/wp-content\/uploads\/2024\/03\/gower-halbinsel-wales-1.jpg"}],"twitter_card":"summary","twitter_misc":{"Est. reading time":"1 minute"},"schema":{"@context":"https:\/\/schema.org","@graph":[{"@type":"WebSite","@id":"https:\/\/www.urlaubcornwall.de\/blog\/#website","url":"https:\/\/www.urlaubcornwall.de\/blog\/","name":"Urlaub &amp; Reisen","description":"Urlaub, Reisen, Cornwall und S\u00fcdengland: eine perfekte Kombination","potentialAction":[{"@type":"SearchAction","target":{"@type":"EntryPoint","urlTemplate":"https:\/\/www.urlaubcornwall.de\/blog\/?s={search_term_string}"},"query-input":"required name=search_term_string"}],"inLanguage":"en-US"},{"@type":"WebPage","@id":"https:\/\/www.urlaubcornwall.de\/blog\/der-pembrokeshire-kuesten-nationalpark\/","url":"https:\/\/www.urlaubcornwall.de\/blog\/der-pembrokeshire-kuesten-nationalpark\/","name":"Der Pembrokeshire K\u00fcsten-Nationalpark - Reisetipps Wales - Urlaub &amp; Reisen","isPartOf":{"@id":"https:\/\/www.urlaubcornwall.de\/blog\/#website"},"datePublished":"2020-06-23T09:18:11+00:00","dateModified":"2024-05-30T15:47:15+00:00","breadcrumb":{"@id":"https:\/\/www.urlaubcornwall.de\/blog\/der-pembrokeshire-kuesten-nationalpark\/#breadcrumb"},"inLanguage":"en-US","potentialAction":[{"@type":"ReadAction","target":["https:\/\/www.urlaubcornwall.de\/blog\/der-pembrokeshire-kuesten-nationalpark\/"]}]},{"@type":"BreadcrumbList","@id":"https:\/\/www.urlaubcornwall.de\/blog\/der-pembrokeshire-kuesten-nationalpark\/#breadcrumb","itemListElement":[{"@type":"ListItem","position":1,"name":"Home","item":"https:\/\/www.urlaubcornwall.de\/blog\/"},{"@type":"ListItem","position":2,"name":"Der Pembrokeshire K\u00fcsten-Nationalpark &#8211; Reisetipps Wales"}]}]}},"_links":{"self":[{"href":"https:\/\/www.urlaubcornwall.de\/blog\/wp-json\/wp\/v2\/pages\/40389"}],"collection":[{"href":"https:\/\/www.urlaubcornwall.de\/blog\/wp-json\/wp\/v2\/pages"}],"about":[{"href":"https:\/\/www.urlaubcornwall.de\/blog\/wp-json\/wp\/v2\/types\/page"}],"author":[{"embeddable":true,"href":"https:\/\/www.urlaubcornwall.de\/blog\/wp-json\/wp\/v2\/users\/1"}],"replies":[{"embeddable":true,"href":"https:\/\/www.urlaubcornwall.de\/blog\/wp-json\/wp\/v2\/comments?post=40389"}],"version-history":[{"count":3,"href":"https:\/\/www.urlaubcornwall.de\/blog\/wp-json\/wp\/v2\/pages\/40389\/revisions"}],"predecessor-version":[{"id":51166,"href":"https:\/\/www.urlaubcornwall.de\/blog\/wp-json\/wp\/v2\/pages\/40389\/revisions\/51166"}],"wp:attachment":[{"href":"https:\/\/www.urlaubcornwall.de\/blog\/wp-json\/wp\/v2\/media?parent=40389"}],"curies":[{"name":"wp","href":"https:\/\/api.w.org\/{rel}","templated":true}]}}