{"id":40304,"date":"2020-06-16T09:01:48","date_gmt":"2020-06-16T09:01:48","guid":{"rendered":"https:\/\/www.urlaubcornwall.de\/blog\/?page_id=40304"},"modified":"2024-05-30T15:47:30","modified_gmt":"2024-05-30T15:47:30","slug":"pferdereiten-auf-die-isles-of-scilly","status":"publish","type":"page","link":"https:\/\/www.urlaubcornwall.de\/blog\/pferdereiten-auf-die-isles-of-scilly\/","title":{"rendered":"Pferdereiten auf die Isles of Scilly"},"content":{"rendered":"<p><a href=\"https:\/\/www.horsesonscilly.co.uk\/\">Reitzentrum von St Mary\u2019s<\/a> &#8211; Sie haben die M\u00f6glichkeit, einen Strandausritt entlang wundersch\u00f6ner Sandstr\u00e4nde zu unternehmen und k\u00f6nnen mit Ihrem Pferd durch das flache, glasklare Wasser paddeln. Egal, ob Anf\u00e4nger oder erfahrener Reiter, alle G\u00e4ste sind im Reitzentrum herzlich willkommen.<\/p>\n<h2 style=\"text-align: center;\">Unser Rundreisenservice<\/h2>\n<p style=\"text-align: center;\"><a class=\"tidycta\" href=\"http:\/\/www.urlaubcornwall.de\/anfrage.php?tourcode=Urlaub Scilly-Inseln\">Urlaub Scilly-Inseln Anfrage<\/a><\/p>\n<p style=\"text-align: center;\">UrlaubCornwall, mit Firmensitz in Cornwall und selbst h\u00e4ufig Besucher der <a href=\"http:\/\/www.urlaubcornwall.de\/Scilly-Inseln.php\">Scilly Inseln<\/a>, hat eine einzigartige Sammlung handverlesener, pers\u00f6nlich inspizierter Hotels und B&amp;Bs in dieser atemberaubenden Inselwelt zusammengestellt.<\/p>\n<p style=\"text-align: center;\">Wir bieten den <strong>EINZIGEN<\/strong> Deutsch sprechenden <a href=\"http:\/\/www.urlaubcornwall.de\/anfrage.php?tourcode=Scilly Inseln\">Reiseservice<\/a> f\u00fcr die Inseln und k\u00f6nnen einen Urlaub f\u00fcr Sie kreieren, einschlie\u00dflich Unterkunft, Fl\u00fcgen, Transfers und Autovermietung. Genie\u00dfen Sie einen Urlaub hier oder binden Sie die Inseln als Teil einer Rundreise durch Cornwall mit ein.<\/p>\n","protected":false},"excerpt":{"rendered":"<p>Reitzentrum von St Mary\u2019s &#8211; Sie haben die M\u00f6glichkeit, einen Strandausritt entlang wundersch\u00f6ner Sandstr\u00e4nde zu unternehmen und k\u00f6nnen mit Ihrem Pferd durch das flache, glasklare Wasser paddeln. Egal, ob Anf\u00e4nger oder erfahrener Reiter, alle G\u00e4ste sind im Reitzentrum herzlich willkommen. Unser Rundreisenservice Urlaub Scilly-Inseln Anfrage UrlaubCornwall, mit Firmensitz in Cornwall und selbst h\u00e4ufig Besucher der [&hellip;]<\/p>\n","protected":false},"author":1,"featured_media":0,"parent":0,"menu_order":0,"comment_status":"closed","ping_status":"closed","template":"single-four.php","meta":[],"acf":[],"yoast_head":"<!-- This site is optimized with the Yoast SEO plugin v19.4 - https:\/\/yoast.com\/wordpress\/plugins\/seo\/ -->\n<title>Pferdereiten auf die Isles of Scilly - Urlaub &amp; Reisen<\/title>\n<meta name=\"robots\" content=\"index, follow, max-snippet:-1, max-image-preview:large, max-video-preview:-1\" \/>\n<link rel=\"canonical\" href=\"https:\/\/www.urlaubcornwall.de\/blog\/pferdereiten-auf-die-isles-of-scilly\/\" \/>\n<meta property=\"og:locale\" content=\"en_US\" \/>\n<meta property=\"og:type\" content=\"article\" \/>\n<meta property=\"og:title\" content=\"Pferdereiten auf die Isles of Scilly - Urlaub &amp; Reisen\" \/>\n<meta property=\"og:description\" content=\"Reitzentrum von St Mary\u2019s &#8211; Sie haben die M\u00f6glichkeit, einen Strandausritt entlang wundersch\u00f6ner Sandstr\u00e4nde zu unternehmen und k\u00f6nnen mit Ihrem Pferd durch das flache, glasklare Wasser paddeln. Egal, ob Anf\u00e4nger oder erfahrener Reiter, alle G\u00e4ste sind im Reitzentrum herzlich willkommen. Unser Rundreisenservice Urlaub Scilly-Inseln Anfrage UrlaubCornwall, mit Firmensitz in Cornwall und selbst h\u00e4ufig Besucher der [&hellip;]\" \/>\n<meta property=\"og:url\" content=\"https:\/\/www.urlaubcornwall.de\/blog\/pferdereiten-auf-die-isles-of-scilly\/\" \/>\n<meta property=\"og:site_name\" content=\"Urlaub &amp; Reisen\" \/>\n<meta property=\"article:modified_time\" content=\"2024-05-30T15:47:30+00:00\" \/>\n<meta name=\"twitter:card\" content=\"summary\" \/>\n<meta name=\"twitter:label1\" content=\"Est. reading time\" \/>\n\t<meta name=\"twitter:data1\" content=\"1 minute\" \/>\n<script type=\"application\/ld+json\" class=\"yoast-schema-graph\">{\"@context\":\"https:\/\/schema.org\",\"@graph\":[{\"@type\":\"WebSite\",\"@id\":\"https:\/\/www.urlaubcornwall.de\/blog\/#website\",\"url\":\"https:\/\/www.urlaubcornwall.de\/blog\/\",\"name\":\"Urlaub &amp; Reisen\",\"description\":\"Urlaub, Reisen, Cornwall und S\u00fcdengland: eine perfekte Kombination\",\"potentialAction\":[{\"@type\":\"SearchAction\",\"target\":{\"@type\":\"EntryPoint\",\"urlTemplate\":\"https:\/\/www.urlaubcornwall.de\/blog\/?s={search_term_string}\"},\"query-input\":\"required name=search_term_string\"}],\"inLanguage\":\"en-US\"},{\"@type\":\"WebPage\",\"@id\":\"https:\/\/www.urlaubcornwall.de\/blog\/pferdereiten-auf-die-isles-of-scilly\/\",\"url\":\"https:\/\/www.urlaubcornwall.de\/blog\/pferdereiten-auf-die-isles-of-scilly\/\",\"name\":\"Pferdereiten auf die Isles of Scilly - Urlaub &amp; Reisen\",\"isPartOf\":{\"@id\":\"https:\/\/www.urlaubcornwall.de\/blog\/#website\"},\"datePublished\":\"2020-06-16T09:01:48+00:00\",\"dateModified\":\"2024-05-30T15:47:30+00:00\",\"breadcrumb\":{\"@id\":\"https:\/\/www.urlaubcornwall.de\/blog\/pferdereiten-auf-die-isles-of-scilly\/#breadcrumb\"},\"inLanguage\":\"en-US\",\"potentialAction\":[{\"@type\":\"ReadAction\",\"target\":[\"https:\/\/www.urlaubcornwall.de\/blog\/pferdereiten-auf-die-isles-of-scilly\/\"]}]},{\"@type\":\"BreadcrumbList\",\"@id\":\"https:\/\/www.urlaubcornwall.de\/blog\/pferdereiten-auf-die-isles-of-scilly\/#breadcrumb\",\"itemListElement\":[{\"@type\":\"ListItem\",\"position\":1,\"name\":\"Home\",\"item\":\"https:\/\/www.urlaubcornwall.de\/blog\/\"},{\"@type\":\"ListItem\",\"position\":2,\"name\":\"Pferdereiten auf die Isles of Scilly\"}]}]}<\/script>\n<!-- \/ Yoast SEO plugin. -->","yoast_head_json":{"title":"Pferdereiten auf die Isles of Scilly - Urlaub &amp; Reisen","robots":{"index":"index","follow":"follow","max-snippet":"max-snippet:-1","max-image-preview":"max-image-preview:large","max-video-preview":"max-video-preview:-1"},"canonical":"https:\/\/www.urlaubcornwall.de\/blog\/pferdereiten-auf-die-isles-of-scilly\/","og_locale":"en_US","og_type":"article","og_title":"Pferdereiten auf die Isles of Scilly - Urlaub &amp; Reisen","og_description":"Reitzentrum von St Mary\u2019s &#8211; Sie haben die M\u00f6glichkeit, einen Strandausritt entlang wundersch\u00f6ner Sandstr\u00e4nde zu unternehmen und k\u00f6nnen mit Ihrem Pferd durch das flache, glasklare Wasser paddeln. Egal, ob Anf\u00e4nger oder erfahrener Reiter, alle G\u00e4ste sind im Reitzentrum herzlich willkommen. Unser Rundreisenservice Urlaub Scilly-Inseln Anfrage UrlaubCornwall, mit Firmensitz in Cornwall und selbst h\u00e4ufig Besucher der [&hellip;]","og_url":"https:\/\/www.urlaubcornwall.de\/blog\/pferdereiten-auf-die-isles-of-scilly\/","og_site_name":"Urlaub &amp; Reisen","article_modified_time":"2024-05-30T15:47:30+00:00","twitter_card":"summary","twitter_misc":{"Est. reading time":"1 minute"},"schema":{"@context":"https:\/\/schema.org","@graph":[{"@type":"WebSite","@id":"https:\/\/www.urlaubcornwall.de\/blog\/#website","url":"https:\/\/www.urlaubcornwall.de\/blog\/","name":"Urlaub &amp; Reisen","description":"Urlaub, Reisen, Cornwall und S\u00fcdengland: eine perfekte Kombination","potentialAction":[{"@type":"SearchAction","target":{"@type":"EntryPoint","urlTemplate":"https:\/\/www.urlaubcornwall.de\/blog\/?s={search_term_string}"},"query-input":"required name=search_term_string"}],"inLanguage":"en-US"},{"@type":"WebPage","@id":"https:\/\/www.urlaubcornwall.de\/blog\/pferdereiten-auf-die-isles-of-scilly\/","url":"https:\/\/www.urlaubcornwall.de\/blog\/pferdereiten-auf-die-isles-of-scilly\/","name":"Pferdereiten auf die Isles of Scilly - Urlaub &amp; Reisen","isPartOf":{"@id":"https:\/\/www.urlaubcornwall.de\/blog\/#website"},"datePublished":"2020-06-16T09:01:48+00:00","dateModified":"2024-05-30T15:47:30+00:00","breadcrumb":{"@id":"https:\/\/www.urlaubcornwall.de\/blog\/pferdereiten-auf-die-isles-of-scilly\/#breadcrumb"},"inLanguage":"en-US","potentialAction":[{"@type":"ReadAction","target":["https:\/\/www.urlaubcornwall.de\/blog\/pferdereiten-auf-die-isles-of-scilly\/"]}]},{"@type":"BreadcrumbList","@id":"https:\/\/www.urlaubcornwall.de\/blog\/pferdereiten-auf-die-isles-of-scilly\/#breadcrumb","itemListElement":[{"@type":"ListItem","position":1,"name":"Home","item":"https:\/\/www.urlaubcornwall.de\/blog\/"},{"@type":"ListItem","position":2,"name":"Pferdereiten auf die Isles of Scilly"}]}]}},"_links":{"self":[{"href":"https:\/\/www.urlaubcornwall.de\/blog\/wp-json\/wp\/v2\/pages\/40304"}],"collection":[{"href":"https:\/\/www.urlaubcornwall.de\/blog\/wp-json\/wp\/v2\/pages"}],"about":[{"href":"https:\/\/www.urlaubcornwall.de\/blog\/wp-json\/wp\/v2\/types\/page"}],"author":[{"embeddable":true,"href":"https:\/\/www.urlaubcornwall.de\/blog\/wp-json\/wp\/v2\/users\/1"}],"replies":[{"embeddable":true,"href":"https:\/\/www.urlaubcornwall.de\/blog\/wp-json\/wp\/v2\/comments?post=40304"}],"version-history":[{"count":2,"href":"https:\/\/www.urlaubcornwall.de\/blog\/wp-json\/wp\/v2\/pages\/40304\/revisions"}],"predecessor-version":[{"id":51167,"href":"https:\/\/www.urlaubcornwall.de\/blog\/wp-json\/wp\/v2\/pages\/40304\/revisions\/51167"}],"wp:attachment":[{"href":"https:\/\/www.urlaubcornwall.de\/blog\/wp-json\/wp\/v2\/media?parent=40304"}],"curies":[{"name":"wp","href":"https:\/\/api.w.org\/{rel}","templated":true}]}}