{"id":40291,"date":"2020-06-15T11:08:57","date_gmt":"2020-06-15T11:08:57","guid":{"rendered":"https:\/\/www.urlaubcornwall.de\/blog\/?page_id=40291"},"modified":"2021-11-12T08:06:50","modified_gmt":"2021-11-12T08:06:50","slug":"isles-of-scilly-golf-club-cornwall","status":"publish","type":"page","link":"https:\/\/www.urlaubcornwall.de\/blog\/isles-of-scilly-golf-club-cornwall\/","title":{"rendered":"Isles of Scilly Golf Club &#8211; Cornwall Golfplatz"},"content":{"rendered":"<p><img loading=\"lazy\" class=\"aligncenter size-full wp-image-40292\" src=\"https:\/\/www.urlaubcornwall.de\/blog\/wp-content\/uploads\/2020\/06\/golfplatz_isles-of_scilly.jpg\" alt=\"golfplatz_isles of_scilly\" width=\"750\" height=\"563\" srcset=\"https:\/\/www.urlaubcornwall.de\/blog\/wp-content\/uploads\/2020\/06\/golfplatz_isles-of_scilly.jpg 750w, https:\/\/www.urlaubcornwall.de\/blog\/wp-content\/uploads\/2020\/06\/golfplatz_isles-of_scilly-300x225.jpg 300w\" sizes=\"(max-width: 750px) 100vw, 750px\" \/><\/p>\n<p>Golfplatz Scilly Inseln \u2013 An der Nordostk\u00fcste der Insel befindet sich in einer atemberaubenden Lage ein 9-Loch-Golfplatz, der Ihre Golff\u00e4higkeiten in einer au\u00dfergew\u00f6hnlichen Weise testet, w\u00e4hrend Sie die panoramische Aussicht genie\u00dfen k\u00f6nnen.<\/p>\n<h2 style=\"text-align: center;\">Unser Scilly Isles Rundreisenservice<\/h2>\n<p style=\"text-align: center;\"><a class=\"tidycta\" href=\"http:\/\/www.urlaubcornwall.de\/anfrage.php?tourcode=Urlaub Scilly-Inseln\">Urlaub Scilly-Inseln Anfrage<\/a><\/p>\n<p style=\"text-align: center;\">UrlaubCornwall, mit Firmensitz in Cornwall und selbst h\u00e4ufig Besucher der <a href=\"http:\/\/www.urlaubcornwall.de\/Scilly-Inseln.php\">Scilly Inseln<\/a>, hat eine einzigartige Sammlung handverlesener, pers\u00f6nlich inspizierter Hotels und B&amp;Bs in dieser atemberaubenden Inselwelt zusammengestellt.<\/p>\n<p style=\"text-align: center;\">Wir bieten den <strong>EINZIGEN<\/strong> Deutsch sprechenden <a href=\"http:\/\/www.urlaubcornwall.de\/anfrage.php?tourcode=Scilly Inseln\">Reiseservice<\/a> f\u00fcr die Inseln und k\u00f6nnen einen Urlaub f\u00fcr Sie kreieren, einschlie\u00dflich Unterkunft, Fl\u00fcgen, Transfers und Autovermietung. Genie\u00dfen Sie einen Urlaub hier oder binden Sie die Inseln als Teil einer Rundreise durch Cornwall mit ein.<\/p>\n","protected":false},"excerpt":{"rendered":"<p>Golfplatz Scilly Inseln \u2013 An der Nordostk\u00fcste der Insel befindet sich in einer atemberaubenden Lage ein 9-Loch-Golfplatz, der Ihre Golff\u00e4higkeiten in einer au\u00dfergew\u00f6hnlichen Weise testet, w\u00e4hrend Sie die panoramische Aussicht genie\u00dfen k\u00f6nnen. Unser Scilly Isles Rundreisenservice Urlaub Scilly-Inseln Anfrage UrlaubCornwall, mit Firmensitz in Cornwall und selbst h\u00e4ufig Besucher der Scilly Inseln, hat eine einzigartige Sammlung [&hellip;]<\/p>\n","protected":false},"author":1,"featured_media":0,"parent":0,"menu_order":0,"comment_status":"closed","ping_status":"closed","template":"single-four.php","meta":[],"acf":[],"yoast_head":"<!-- This site is optimized with the Yoast SEO plugin v19.4 - https:\/\/yoast.com\/wordpress\/plugins\/seo\/ -->\n<title>Isles of Scilly Golf Club - Cornwall Golfplatz - Urlaub &amp; Reisen<\/title>\n<meta name=\"description\" content=\"An der Nordostk\u00fcste der Insel befindet sich in einer atemberaubenden Lage ein 9-Loch-Golfplatz, der Ihre Golff\u00e4higkeiten\" \/>\n<meta name=\"robots\" content=\"index, follow, max-snippet:-1, max-image-preview:large, max-video-preview:-1\" \/>\n<link rel=\"canonical\" href=\"https:\/\/www.urlaubcornwall.de\/blog\/isles-of-scilly-golf-club-cornwall\/\" \/>\n<meta property=\"og:locale\" content=\"en_US\" \/>\n<meta property=\"og:type\" content=\"article\" \/>\n<meta property=\"og:title\" content=\"Isles of Scilly Golf Club - Cornwall Golfplatz - Urlaub &amp; Reisen\" \/>\n<meta property=\"og:description\" content=\"An der Nordostk\u00fcste der Insel befindet sich in einer atemberaubenden Lage ein 9-Loch-Golfplatz, der Ihre Golff\u00e4higkeiten\" \/>\n<meta property=\"og:url\" content=\"https:\/\/www.urlaubcornwall.de\/blog\/isles-of-scilly-golf-club-cornwall\/\" \/>\n<meta property=\"og:site_name\" content=\"Urlaub &amp; Reisen\" \/>\n<meta property=\"article:modified_time\" content=\"2021-11-12T08:06:50+00:00\" \/>\n<meta property=\"og:image\" content=\"https:\/\/www.urlaubcornwall.de\/blog\/wp-content\/uploads\/2020\/06\/golfplatz_isles-of_scilly.jpg\" \/>\n<meta name=\"twitter:card\" content=\"summary\" \/>\n<meta name=\"twitter:label1\" content=\"Est. reading time\" \/>\n\t<meta name=\"twitter:data1\" content=\"1 minute\" \/>\n<script type=\"application\/ld+json\" class=\"yoast-schema-graph\">{\"@context\":\"https:\/\/schema.org\",\"@graph\":[{\"@type\":\"WebSite\",\"@id\":\"https:\/\/www.urlaubcornwall.de\/blog\/#website\",\"url\":\"https:\/\/www.urlaubcornwall.de\/blog\/\",\"name\":\"Urlaub &amp; Reisen\",\"description\":\"Urlaub, Reisen, Cornwall und S\u00fcdengland: eine perfekte Kombination\",\"potentialAction\":[{\"@type\":\"SearchAction\",\"target\":{\"@type\":\"EntryPoint\",\"urlTemplate\":\"https:\/\/www.urlaubcornwall.de\/blog\/?s={search_term_string}\"},\"query-input\":\"required name=search_term_string\"}],\"inLanguage\":\"en-US\"},{\"@type\":\"WebPage\",\"@id\":\"https:\/\/www.urlaubcornwall.de\/blog\/isles-of-scilly-golf-club-cornwall\/\",\"url\":\"https:\/\/www.urlaubcornwall.de\/blog\/isles-of-scilly-golf-club-cornwall\/\",\"name\":\"Isles of Scilly Golf Club - Cornwall Golfplatz - Urlaub &amp; Reisen\",\"isPartOf\":{\"@id\":\"https:\/\/www.urlaubcornwall.de\/blog\/#website\"},\"datePublished\":\"2020-06-15T11:08:57+00:00\",\"dateModified\":\"2021-11-12T08:06:50+00:00\",\"description\":\"An der Nordostk\u00fcste der Insel befindet sich in einer atemberaubenden Lage ein 9-Loch-Golfplatz, der Ihre Golff\u00e4higkeiten\",\"breadcrumb\":{\"@id\":\"https:\/\/www.urlaubcornwall.de\/blog\/isles-of-scilly-golf-club-cornwall\/#breadcrumb\"},\"inLanguage\":\"en-US\",\"potentialAction\":[{\"@type\":\"ReadAction\",\"target\":[\"https:\/\/www.urlaubcornwall.de\/blog\/isles-of-scilly-golf-club-cornwall\/\"]}]},{\"@type\":\"BreadcrumbList\",\"@id\":\"https:\/\/www.urlaubcornwall.de\/blog\/isles-of-scilly-golf-club-cornwall\/#breadcrumb\",\"itemListElement\":[{\"@type\":\"ListItem\",\"position\":1,\"name\":\"Home\",\"item\":\"https:\/\/www.urlaubcornwall.de\/blog\/\"},{\"@type\":\"ListItem\",\"position\":2,\"name\":\"Isles of Scilly Golf Club &#8211; Cornwall Golfplatz\"}]}]}<\/script>\n<!-- \/ Yoast SEO plugin. -->","yoast_head_json":{"title":"Isles of Scilly Golf Club - Cornwall Golfplatz - Urlaub &amp; Reisen","description":"An der Nordostk\u00fcste der Insel befindet sich in einer atemberaubenden Lage ein 9-Loch-Golfplatz, der Ihre Golff\u00e4higkeiten","robots":{"index":"index","follow":"follow","max-snippet":"max-snippet:-1","max-image-preview":"max-image-preview:large","max-video-preview":"max-video-preview:-1"},"canonical":"https:\/\/www.urlaubcornwall.de\/blog\/isles-of-scilly-golf-club-cornwall\/","og_locale":"en_US","og_type":"article","og_title":"Isles of Scilly Golf Club - Cornwall Golfplatz - Urlaub &amp; Reisen","og_description":"An der Nordostk\u00fcste der Insel befindet sich in einer atemberaubenden Lage ein 9-Loch-Golfplatz, der Ihre Golff\u00e4higkeiten","og_url":"https:\/\/www.urlaubcornwall.de\/blog\/isles-of-scilly-golf-club-cornwall\/","og_site_name":"Urlaub &amp; Reisen","article_modified_time":"2021-11-12T08:06:50+00:00","og_image":[{"url":"https:\/\/www.urlaubcornwall.de\/blog\/wp-content\/uploads\/2020\/06\/golfplatz_isles-of_scilly.jpg"}],"twitter_card":"summary","twitter_misc":{"Est. reading time":"1 minute"},"schema":{"@context":"https:\/\/schema.org","@graph":[{"@type":"WebSite","@id":"https:\/\/www.urlaubcornwall.de\/blog\/#website","url":"https:\/\/www.urlaubcornwall.de\/blog\/","name":"Urlaub &amp; Reisen","description":"Urlaub, Reisen, Cornwall und S\u00fcdengland: eine perfekte Kombination","potentialAction":[{"@type":"SearchAction","target":{"@type":"EntryPoint","urlTemplate":"https:\/\/www.urlaubcornwall.de\/blog\/?s={search_term_string}"},"query-input":"required name=search_term_string"}],"inLanguage":"en-US"},{"@type":"WebPage","@id":"https:\/\/www.urlaubcornwall.de\/blog\/isles-of-scilly-golf-club-cornwall\/","url":"https:\/\/www.urlaubcornwall.de\/blog\/isles-of-scilly-golf-club-cornwall\/","name":"Isles of Scilly Golf Club - Cornwall Golfplatz - Urlaub &amp; Reisen","isPartOf":{"@id":"https:\/\/www.urlaubcornwall.de\/blog\/#website"},"datePublished":"2020-06-15T11:08:57+00:00","dateModified":"2021-11-12T08:06:50+00:00","description":"An der Nordostk\u00fcste der Insel befindet sich in einer atemberaubenden Lage ein 9-Loch-Golfplatz, der Ihre Golff\u00e4higkeiten","breadcrumb":{"@id":"https:\/\/www.urlaubcornwall.de\/blog\/isles-of-scilly-golf-club-cornwall\/#breadcrumb"},"inLanguage":"en-US","potentialAction":[{"@type":"ReadAction","target":["https:\/\/www.urlaubcornwall.de\/blog\/isles-of-scilly-golf-club-cornwall\/"]}]},{"@type":"BreadcrumbList","@id":"https:\/\/www.urlaubcornwall.de\/blog\/isles-of-scilly-golf-club-cornwall\/#breadcrumb","itemListElement":[{"@type":"ListItem","position":1,"name":"Home","item":"https:\/\/www.urlaubcornwall.de\/blog\/"},{"@type":"ListItem","position":2,"name":"Isles of Scilly Golf Club &#8211; Cornwall Golfplatz"}]}]}},"_links":{"self":[{"href":"https:\/\/www.urlaubcornwall.de\/blog\/wp-json\/wp\/v2\/pages\/40291"}],"collection":[{"href":"https:\/\/www.urlaubcornwall.de\/blog\/wp-json\/wp\/v2\/pages"}],"about":[{"href":"https:\/\/www.urlaubcornwall.de\/blog\/wp-json\/wp\/v2\/types\/page"}],"author":[{"embeddable":true,"href":"https:\/\/www.urlaubcornwall.de\/blog\/wp-json\/wp\/v2\/users\/1"}],"replies":[{"embeddable":true,"href":"https:\/\/www.urlaubcornwall.de\/blog\/wp-json\/wp\/v2\/comments?post=40291"}],"version-history":[{"count":4,"href":"https:\/\/www.urlaubcornwall.de\/blog\/wp-json\/wp\/v2\/pages\/40291\/revisions"}],"predecessor-version":[{"id":40548,"href":"https:\/\/www.urlaubcornwall.de\/blog\/wp-json\/wp\/v2\/pages\/40291\/revisions\/40548"}],"wp:attachment":[{"href":"https:\/\/www.urlaubcornwall.de\/blog\/wp-json\/wp\/v2\/media?parent=40291"}],"curies":[{"name":"wp","href":"https:\/\/api.w.org\/{rel}","templated":true}]}}