{"id":40283,"date":"2020-06-13T13:02:14","date_gmt":"2020-06-13T13:02:14","guid":{"rendered":"https:\/\/www.urlaubcornwall.de\/blog\/?page_id=40283"},"modified":"2024-05-30T09:25:56","modified_gmt":"2024-05-30T09:25:56","slug":"doerfer-hampshire-new-forest","status":"publish","type":"page","link":"https:\/\/www.urlaubcornwall.de\/blog\/doerfer-hampshire-new-forest\/","title":{"rendered":"Die Sch\u00f6nsten D\u00f6rfer Hampshire &#038; New Forest"},"content":{"rendered":"<p><a href=\"https:\/\/www.urlaubcornwall.de\/blog\/wp-content\/uploads\/2015\/08\/New-Forest-hampshire.jpg\"><img loading=\"lazy\" src=\"https:\/\/www.urlaubcornwall.de\/blog\/wp-content\/uploads\/2015\/08\/New-Forest-hampshire.jpg\" alt=\"hotel mit hund urlaub New Forest hampshire\" width=\"736\" height=\"328\" class=\"alignnone size-full wp-image-19849\" srcset=\"https:\/\/www.urlaubcornwall.de\/blog\/wp-content\/uploads\/2015\/08\/New-Forest-hampshire.jpg 736w, https:\/\/www.urlaubcornwall.de\/blog\/wp-content\/uploads\/2015\/08\/New-Forest-hampshire-300x134.jpg 300w\" sizes=\"(max-width: 736px) 100vw, 736px\" \/><\/a><\/p>\n<p>Der <a href=\"https:\/\/www.urlaubcornwall.de\/blog\/urlaub-new-forest-hampshire-der-new-forest-hat-jedermann-etwas-zu-bieten\/\">New Forest<\/a> bedeckt einen gro\u00dfen Teil von S\u00fcdwest Hampshire, es ist eine Haupttouristenattraktion und ein Gebiet der Tier- und Landschaftserhaltung. Es deckt ein Gebiet von 571 Quadratkilometer mit wundersch\u00f6ner Landschaft, h\u00fcbschen D\u00f6rfern, G\u00e4rten, Museen, Str\u00e4nden und mehr als 1500 St\u00fcck Wild und 3000 Ponys, die hier weiden.<\/p>\n<p>Am Rande der <a href=\"https:\/\/www.urlaubcornwall.de\/ferienhaeuser-fewos\/eng\/hampshire\/romsey.html\">Marktstadt Romsey<\/a>, an den Ufern des Flusses Test gelegen, befindet sich Broadlands, ein elegantes Herrenhaus, das einst das Zuhause von Lord Mountbatten war. Es gibt zahlreiche h\u00fcbsche D\u00f6rfer und Marktst\u00e4dte in <a href=\"https:\/\/www.urlaubcornwall.de\/reiseziel\/hampshire.php\">Hampshire<\/a>, einschlie\u00dflich Alresford mit ihrer georgianischen Architektur und Dampfeisenbahn, \u2018The Watercress Line\u2019, und Chawton, einst das Zuhause von Jane Austen; ihr Haus ist nun ein Museum, das Einblick gew\u00e4hrt in ihr Leben und ihre Werke.<\/p>\n<p><a class=\"tidycta\" href=\"https:\/\/www.urlaubcornwall.de\/ferienhaeuser-fewos\/eng\/hampshire\/hampshire.html\">Suche Ferienh\u00e4user Hampshire<\/a><\/p>\n<div class=\"snippet\"> <a class=\"featured-item\" href=\"https:\/\/www.urlaubcornwall.de\/ferienhaeuser\/suedengland.php\"> <span class=\"image-holder\" style=\"background-image: url('https:\/\/www.urlaubcornwall.de\/blog\/wp-content\/uploads\/2018\/12\/ferienhaus-cornwall-mit-hund.jpg');\"><\/span> <span class=\"featured-content\"> \n<h2 class=\"featured-title\">Ferienh\u00e4user in S\u00fcdengland<\/h2>\n<p class=\"featured-body\">Bei uns finden Sie Ferienh\u00e4user zum Verlieben &#8211; so einfach ist das! Dank seiner langen Geschichte, der reizvollen Landschaften und seinen vielen Attraktionen ist S\u00fcdengland ein wahres Mekka f\u00fcr Urlauber&#8230;..<\/p><\/span> <span class=\"featured-link-holder\"> <span class=\"featured-extra-info\"> \n<p>Pers\u00f6nlich inspizierter Ferienh\u00e4user<\/p>\n<\/span> \n<p class=\"featured-link\">DETAILS<\/p>\n<\/span> <\/a><\/div>\n","protected":false},"excerpt":{"rendered":"<p>Der New Forest bedeckt einen gro\u00dfen Teil von S\u00fcdwest Hampshire, es ist eine Haupttouristenattraktion und ein Gebiet der Tier- und Landschaftserhaltung. Es deckt ein Gebiet von 571 Quadratkilometer mit wundersch\u00f6ner Landschaft, h\u00fcbschen D\u00f6rfern, G\u00e4rten, Museen, Str\u00e4nden und mehr als 1500 St\u00fcck Wild und 3000 Ponys, die hier weiden. Am Rande der Marktstadt Romsey, an den [&hellip;]<\/p>\n","protected":false},"author":1,"featured_media":0,"parent":0,"menu_order":0,"comment_status":"closed","ping_status":"closed","template":"single-four.php","meta":[],"acf":[],"yoast_head":"<!-- This site is optimized with the Yoast SEO plugin v19.4 - https:\/\/yoast.com\/wordpress\/plugins\/seo\/ -->\n<title>Die Sch\u00f6nsten D\u00f6rfer Hampshire &amp; New Forest - Urlaub &amp; Reisen<\/title>\n<meta name=\"description\" content=\"Am Rande der Marktstadt Romsey, an den Ufern des Flusses Test gelegen, befindet sich Broadlands, ein elegantes Herrenhaus, das einst das Zuhause von Lord Mountbatten war. Es gibt zahlreiche h\u00fcbsche D\u00f6rfer und Marktst\u00e4dte in Hampshire, einschlie\u00dflich Alresford mit ihrer georgianischen Architektur und Dampfeisenbahn, \u2018The Watercress Line\u2019, und Chawton, einst das Zuhause von Jane Austen; ihr Haus ist nun ein Museum, das Einblick gew\u00e4hrt in ihr Leben und ihre Werke.\" \/>\n<meta name=\"robots\" content=\"index, follow, max-snippet:-1, max-image-preview:large, max-video-preview:-1\" \/>\n<link rel=\"canonical\" href=\"https:\/\/www.urlaubcornwall.de\/blog\/doerfer-hampshire-new-forest\/\" \/>\n<meta property=\"og:locale\" content=\"en_US\" \/>\n<meta property=\"og:type\" content=\"article\" \/>\n<meta property=\"og:title\" content=\"Die Sch\u00f6nsten D\u00f6rfer Hampshire &amp; New Forest - Urlaub &amp; Reisen\" \/>\n<meta property=\"og:description\" content=\"Am Rande der Marktstadt Romsey, an den Ufern des Flusses Test gelegen, befindet sich Broadlands, ein elegantes Herrenhaus, das einst das Zuhause von Lord Mountbatten war. Es gibt zahlreiche h\u00fcbsche D\u00f6rfer und Marktst\u00e4dte in Hampshire, einschlie\u00dflich Alresford mit ihrer georgianischen Architektur und Dampfeisenbahn, \u2018The Watercress Line\u2019, und Chawton, einst das Zuhause von Jane Austen; ihr Haus ist nun ein Museum, das Einblick gew\u00e4hrt in ihr Leben und ihre Werke.\" \/>\n<meta property=\"og:url\" content=\"https:\/\/www.urlaubcornwall.de\/blog\/doerfer-hampshire-new-forest\/\" \/>\n<meta property=\"og:site_name\" content=\"Urlaub &amp; Reisen\" \/>\n<meta property=\"article:modified_time\" content=\"2024-05-30T09:25:56+00:00\" \/>\n<meta property=\"og:image\" content=\"https:\/\/www.urlaubcornwall.de\/blog\/wp-content\/uploads\/2015\/08\/New-Forest-hampshire.jpg\" \/>\n<meta name=\"twitter:card\" content=\"summary\" \/>\n<meta name=\"twitter:label1\" content=\"Est. reading time\" \/>\n\t<meta name=\"twitter:data1\" content=\"1 minute\" \/>\n<script type=\"application\/ld+json\" class=\"yoast-schema-graph\">{\"@context\":\"https:\/\/schema.org\",\"@graph\":[{\"@type\":\"WebSite\",\"@id\":\"https:\/\/www.urlaubcornwall.de\/blog\/#website\",\"url\":\"https:\/\/www.urlaubcornwall.de\/blog\/\",\"name\":\"Urlaub &amp; Reisen\",\"description\":\"Urlaub, Reisen, Cornwall und S\u00fcdengland: eine perfekte Kombination\",\"potentialAction\":[{\"@type\":\"SearchAction\",\"target\":{\"@type\":\"EntryPoint\",\"urlTemplate\":\"https:\/\/www.urlaubcornwall.de\/blog\/?s={search_term_string}\"},\"query-input\":\"required name=search_term_string\"}],\"inLanguage\":\"en-US\"},{\"@type\":\"WebPage\",\"@id\":\"https:\/\/www.urlaubcornwall.de\/blog\/doerfer-hampshire-new-forest\/\",\"url\":\"https:\/\/www.urlaubcornwall.de\/blog\/doerfer-hampshire-new-forest\/\",\"name\":\"Die Sch\u00f6nsten D\u00f6rfer Hampshire & New Forest - Urlaub &amp; Reisen\",\"isPartOf\":{\"@id\":\"https:\/\/www.urlaubcornwall.de\/blog\/#website\"},\"datePublished\":\"2020-06-13T13:02:14+00:00\",\"dateModified\":\"2024-05-30T09:25:56+00:00\",\"description\":\"Am Rande der Marktstadt Romsey, an den Ufern des Flusses Test gelegen, befindet sich Broadlands, ein elegantes Herrenhaus, das einst das Zuhause von Lord Mountbatten war. Es gibt zahlreiche h\u00fcbsche D\u00f6rfer und Marktst\u00e4dte in Hampshire, einschlie\u00dflich Alresford mit ihrer georgianischen Architektur und Dampfeisenbahn, \u2018The Watercress Line\u2019, und Chawton, einst das Zuhause von Jane Austen; ihr Haus ist nun ein Museum, das Einblick gew\u00e4hrt in ihr Leben und ihre Werke.\",\"breadcrumb\":{\"@id\":\"https:\/\/www.urlaubcornwall.de\/blog\/doerfer-hampshire-new-forest\/#breadcrumb\"},\"inLanguage\":\"en-US\",\"potentialAction\":[{\"@type\":\"ReadAction\",\"target\":[\"https:\/\/www.urlaubcornwall.de\/blog\/doerfer-hampshire-new-forest\/\"]}]},{\"@type\":\"BreadcrumbList\",\"@id\":\"https:\/\/www.urlaubcornwall.de\/blog\/doerfer-hampshire-new-forest\/#breadcrumb\",\"itemListElement\":[{\"@type\":\"ListItem\",\"position\":1,\"name\":\"Home\",\"item\":\"https:\/\/www.urlaubcornwall.de\/blog\/\"},{\"@type\":\"ListItem\",\"position\":2,\"name\":\"Die Sch\u00f6nsten D\u00f6rfer Hampshire &#038; New Forest\"}]}]}<\/script>\n<!-- \/ Yoast SEO plugin. -->","yoast_head_json":{"title":"Die Sch\u00f6nsten D\u00f6rfer Hampshire & New Forest - Urlaub &amp; Reisen","description":"Am Rande der Marktstadt Romsey, an den Ufern des Flusses Test gelegen, befindet sich Broadlands, ein elegantes Herrenhaus, das einst das Zuhause von Lord Mountbatten war. Es gibt zahlreiche h\u00fcbsche D\u00f6rfer und Marktst\u00e4dte in Hampshire, einschlie\u00dflich Alresford mit ihrer georgianischen Architektur und Dampfeisenbahn, \u2018The Watercress Line\u2019, und Chawton, einst das Zuhause von Jane Austen; ihr Haus ist nun ein Museum, das Einblick gew\u00e4hrt in ihr Leben und ihre Werke.","robots":{"index":"index","follow":"follow","max-snippet":"max-snippet:-1","max-image-preview":"max-image-preview:large","max-video-preview":"max-video-preview:-1"},"canonical":"https:\/\/www.urlaubcornwall.de\/blog\/doerfer-hampshire-new-forest\/","og_locale":"en_US","og_type":"article","og_title":"Die Sch\u00f6nsten D\u00f6rfer Hampshire & New Forest - Urlaub &amp; Reisen","og_description":"Am Rande der Marktstadt Romsey, an den Ufern des Flusses Test gelegen, befindet sich Broadlands, ein elegantes Herrenhaus, das einst das Zuhause von Lord Mountbatten war. Es gibt zahlreiche h\u00fcbsche D\u00f6rfer und Marktst\u00e4dte in Hampshire, einschlie\u00dflich Alresford mit ihrer georgianischen Architektur und Dampfeisenbahn, \u2018The Watercress Line\u2019, und Chawton, einst das Zuhause von Jane Austen; ihr Haus ist nun ein Museum, das Einblick gew\u00e4hrt in ihr Leben und ihre Werke.","og_url":"https:\/\/www.urlaubcornwall.de\/blog\/doerfer-hampshire-new-forest\/","og_site_name":"Urlaub &amp; Reisen","article_modified_time":"2024-05-30T09:25:56+00:00","og_image":[{"url":"https:\/\/www.urlaubcornwall.de\/blog\/wp-content\/uploads\/2015\/08\/New-Forest-hampshire.jpg"}],"twitter_card":"summary","twitter_misc":{"Est. reading time":"1 minute"},"schema":{"@context":"https:\/\/schema.org","@graph":[{"@type":"WebSite","@id":"https:\/\/www.urlaubcornwall.de\/blog\/#website","url":"https:\/\/www.urlaubcornwall.de\/blog\/","name":"Urlaub &amp; Reisen","description":"Urlaub, Reisen, Cornwall und S\u00fcdengland: eine perfekte Kombination","potentialAction":[{"@type":"SearchAction","target":{"@type":"EntryPoint","urlTemplate":"https:\/\/www.urlaubcornwall.de\/blog\/?s={search_term_string}"},"query-input":"required name=search_term_string"}],"inLanguage":"en-US"},{"@type":"WebPage","@id":"https:\/\/www.urlaubcornwall.de\/blog\/doerfer-hampshire-new-forest\/","url":"https:\/\/www.urlaubcornwall.de\/blog\/doerfer-hampshire-new-forest\/","name":"Die Sch\u00f6nsten D\u00f6rfer Hampshire & New Forest - Urlaub &amp; Reisen","isPartOf":{"@id":"https:\/\/www.urlaubcornwall.de\/blog\/#website"},"datePublished":"2020-06-13T13:02:14+00:00","dateModified":"2024-05-30T09:25:56+00:00","description":"Am Rande der Marktstadt Romsey, an den Ufern des Flusses Test gelegen, befindet sich Broadlands, ein elegantes Herrenhaus, das einst das Zuhause von Lord Mountbatten war. Es gibt zahlreiche h\u00fcbsche D\u00f6rfer und Marktst\u00e4dte in Hampshire, einschlie\u00dflich Alresford mit ihrer georgianischen Architektur und Dampfeisenbahn, \u2018The Watercress Line\u2019, und Chawton, einst das Zuhause von Jane Austen; ihr Haus ist nun ein Museum, das Einblick gew\u00e4hrt in ihr Leben und ihre Werke.","breadcrumb":{"@id":"https:\/\/www.urlaubcornwall.de\/blog\/doerfer-hampshire-new-forest\/#breadcrumb"},"inLanguage":"en-US","potentialAction":[{"@type":"ReadAction","target":["https:\/\/www.urlaubcornwall.de\/blog\/doerfer-hampshire-new-forest\/"]}]},{"@type":"BreadcrumbList","@id":"https:\/\/www.urlaubcornwall.de\/blog\/doerfer-hampshire-new-forest\/#breadcrumb","itemListElement":[{"@type":"ListItem","position":1,"name":"Home","item":"https:\/\/www.urlaubcornwall.de\/blog\/"},{"@type":"ListItem","position":2,"name":"Die Sch\u00f6nsten D\u00f6rfer Hampshire &#038; New Forest"}]}]}},"_links":{"self":[{"href":"https:\/\/www.urlaubcornwall.de\/blog\/wp-json\/wp\/v2\/pages\/40283"}],"collection":[{"href":"https:\/\/www.urlaubcornwall.de\/blog\/wp-json\/wp\/v2\/pages"}],"about":[{"href":"https:\/\/www.urlaubcornwall.de\/blog\/wp-json\/wp\/v2\/types\/page"}],"author":[{"embeddable":true,"href":"https:\/\/www.urlaubcornwall.de\/blog\/wp-json\/wp\/v2\/users\/1"}],"replies":[{"embeddable":true,"href":"https:\/\/www.urlaubcornwall.de\/blog\/wp-json\/wp\/v2\/comments?post=40283"}],"version-history":[{"count":5,"href":"https:\/\/www.urlaubcornwall.de\/blog\/wp-json\/wp\/v2\/pages\/40283\/revisions"}],"predecessor-version":[{"id":50875,"href":"https:\/\/www.urlaubcornwall.de\/blog\/wp-json\/wp\/v2\/pages\/40283\/revisions\/50875"}],"wp:attachment":[{"href":"https:\/\/www.urlaubcornwall.de\/blog\/wp-json\/wp\/v2\/media?parent=40283"}],"curies":[{"name":"wp","href":"https:\/\/api.w.org\/{rel}","templated":true}]}}