{"id":40270,"date":"2020-06-13T09:51:21","date_gmt":"2020-06-13T09:51:21","guid":{"rendered":"https:\/\/www.urlaubcornwall.de\/blog\/?page_id=40270"},"modified":"2026-01-07T10:03:58","modified_gmt":"2026-01-07T10:03:58","slug":"die-schoensten-straende-auf-die-isles-of-scilly","status":"publish","type":"page","link":"https:\/\/www.urlaubcornwall.de\/blog\/die-schoensten-straende-auf-die-isles-of-scilly\/","title":{"rendered":"Die sch\u00f6nsten Str\u00e4nde auf den Isles of Scilly"},"content":{"rendered":"<p>Die <a href=\"https:\/\/www.urlaubcornwall.de\/Scilly-Inseln.php\">Scilly-Inseln sind Cornwalls bestgeh\u00fctetes Geheimnis<\/a>; aufgrund ihres milden Klimas, der perfekten Sandstr\u00e4nde und dem t\u00fcrkisblauen Meer werden sie auch die gl\u00fccklichen Inseln genannt. Sie bestehen aus hunderten kleiner Inseln, von denen nur 5 bewohnt sind&#8230;<\/p>\n<p style=\"text-align: center;\">\n\t\t<strong><br \/>\n\t\t\t<a href=\"#stmarys\" title=\"St. Mary\u2019s\">Insel St. Mary\u2019s<\/a> |<br \/>\n\t\t\t<a href=\"#stmartins\" title=\"St. Martin\u2019s\">Insel St. Martin\u2019s<\/a> |<br \/>\n\t\t\t<a href=\"#stagnes\" title=\"St. Agnes\">Insel St. Agnes<\/a> |<br \/>\n\t\t\t<a href=\"#bryher\" title=\"Bryher\">Insel Bryher<\/a> |<br \/>\n\t\t\t<a href=\"#tresco\" title=\"Tresco\">Insel Tresco<\/a><br \/>\n\t\t<\/strong>\n\t<\/p>\n<p><img loading=\"lazy\" class=\"aligncenter size-full wp-image-32064\" src=\"https:\/\/www.urlaubcornwall.de\/blog\/wp-content\/uploads\/2016\/05\/tresco-1.jpg\" alt=\"tresco strand scilly isles\" width=\"749\" height=\"476\"\/><\/p>\n<h2 id=\"tresco\"><a href=\"https:\/\/www.urlaubcornwall.de\/blog\/scilly-inseln-tresco\/\">Insel Tresco<\/a><\/h2>\n<p>Es gibt einen herrlichen Sandstrand in Church Quay, von dem Schiffe ablegen und an der Westseite der Insel liegt Great Porth. Unternehmen Sie von dort aus einen Spaziergang um die Landzunge herum nach Rushy Bay. In Rushy Bay empfiehlt es sich, eine kleine Ruhepause einzulegen, um die au\u00dfergew\u00f6hnlichen Strandskulpturen zu bewundern sowie jede Menge gro\u00dfer rundlicher Steine, die am Strand liegen und einen ungew\u00f6hnlichen Anblick bieten.<\/p>\n<p><img loading=\"lazy\" class=\"aligncenter size-full wp-image-23465\" src=\"https:\/\/www.urlaubcornwall.de\/blog\/wp-content\/uploads\/2016\/04\/st-martins-scilly-inseln.jpg\" alt=\"st martin&#039;s scilly strand\" width=\"749\" height=\"484\"\/><\/p>\n<h2 id=\"stmartins\"><a href=\"https:\/\/www.urlaubcornwall.de\/blog\/scilly-inseln-st-martins\/\">Insel St Martin\u2019s<\/a><\/h2>\n<p>Great Bay und Little Bay liegen nebeneinander im Norden der Insel und zeichnen sich durch ihre langen Sandstr\u00e4nde aus, die sogar an einem belebten Sommertag menschenleer sind. Par Beach ist ein perfekter halbmondf\u00f6rmiger Sandstrand, der sich in Higher Town befindet. St Martin\u2018s Flats im s\u00fcdlichen Teil der Insel eignet sich hervorragend zum Muschelsammeln \u2013 wir empfehlen Ihnen, entlang der Hochwassermarke am Strand auf Muschelsuche zu gehen, wo Sie viele farbenfrohe Muscheln finden k\u00f6nnen. Mit etwas Gl\u00fcck k\u00f6nnen Sie sogar eine Kaurimuschel entdecken, die in fr\u00fcheren Zeiten als W\u00e4hrung benutzt wurde.<\/p>\n<p><img loading=\"lazy\" class=\"aligncenter size-full wp-image-40272\" src=\"https:\/\/www.urlaubcornwall.de\/blog\/wp-content\/uploads\/2020\/06\/bryher-strand_2.jpg\" alt=\"bryher strand\" width=\"747\" height=\"498\" srcset=\"https:\/\/www.urlaubcornwall.de\/blog\/wp-content\/uploads\/2020\/06\/bryher-strand_2.jpg 747w, https:\/\/www.urlaubcornwall.de\/blog\/wp-content\/uploads\/2020\/06\/bryher-strand_2-300x200.jpg 300w\" sizes=\"(max-width: 747px) 100vw, 747px\" \/><\/p>\n<h2 id=\"bryher\"><a href=\"https:\/\/www.urlaubcornwall.de\/blog\/scilly-inseln-bryher\/\">Insel Bryher<\/a><\/h2>\n<p>Es gibt einen herrlichen Sandstrand in Church Quay, von dem Schiffe ablegen und an der Westseite der Insel liegt Great Porth. Unternehmen Sie von dort aus einen Spaziergang um die Landzunge herum nach Rushy Bay. In Rushy Bay empfiehlt es sich, eine kleine Ruhepause einzulegen, um die au\u00dfergew\u00f6hnlichen Strandskulpturen zu bewundern sowie jede Menge gro\u00dfer rundlicher Steine, die am Strand liegen und einen ungew\u00f6hnlichen Anblick bieten.<\/p>\n<p><img loading=\"lazy\" class=\"aligncenter size-full wp-image-40273\" src=\"https:\/\/www.urlaubcornwall.de\/blog\/wp-content\/uploads\/2020\/06\/St-Agnes-strand.jpg\" alt=\"St Agnes strand\" width=\"749\" height=\"473\" srcset=\"https:\/\/www.urlaubcornwall.de\/blog\/wp-content\/uploads\/2020\/06\/St-Agnes-strand.jpg 747w, https:\/\/www.urlaubcornwall.de\/blog\/wp-content\/uploads\/2020\/06\/St-Agnes-strand-300x190.jpg 300w\" sizes=\"(max-width: 749px) 100vw, 749px\" \/><\/p>\n<h2 id=\"stagnes\"><a href=\"https:\/\/www.urlaubcornwall.de\/blog\/scilly-inseln-st-agnes\/\">Insel St Agnes &amp; Gugh<\/a><\/h2>\n<p>Periglis ist ein halbmondf\u00f6rmiger Sandstrand an der zerkl\u00fcfteten Westk\u00fcste von St. Agnes, der ideale Ort f\u00fcr eine Ruhepause. Es ist ein atemberaubendes Fleckchen zum Schwimmen, f\u00fcr ein Picknick und um faszinierende Sonnenunterg\u00e4nge zu beobachten. Nach den Western Rocks und dem Leuchtturm von Bishop Rock liegt nur noch das gro\u00dfe weite Meer und dar\u00fcber hinaus, 4.828 km entfernt, die K\u00fcste von Amerika.<\/p>\n<p><img loading=\"lazy\" class=\"aligncenter size-full wp-image-40276\" src=\"https:\/\/www.urlaubcornwall.de\/blog\/wp-content\/uploads\/2020\/06\/st-marys-strand.jpg\" alt=\"st mary&#039;s strand\" width=\"749\" height=\"481\" srcset=\"https:\/\/www.urlaubcornwall.de\/blog\/wp-content\/uploads\/2020\/06\/st-marys-strand.jpg 747w, https:\/\/www.urlaubcornwall.de\/blog\/wp-content\/uploads\/2020\/06\/st-marys-strand-300x193.jpg 300w\" sizes=\"(max-width: 749px) 100vw, 749px\" \/><\/p>\n<h2 id=\"stmarys\"><a href=\"https:\/\/www.urlaubcornwall.de\/blog\/scilly-inseln-st-marys\/\">Insel St Mary\u2019s<\/a><\/h2>\n<p>Die drei sch\u00f6nsten Str\u00e4nde sind Porthcressa im Herzen von Hugh Town, der Pelistry Strand, der eine wunderbare Aussicht auf die unbewohnten Ostinseln bietet und der Strand von Old Town, nur einen zwanzigmin\u00fctigen Spaziergang vom Hafen entfernt.<\/p>\n<p>UrlaubCornwall.de \u2013 der <a href=\"https:\/\/www.urlaubcornwall.de\/Scilly-Inseln.php\">Reiseservice f\u00fcr die Scilly-Inseln<\/a>. Wir sind Experten, was die Scilly Inseln und Cornwall- betrifft und Ihnen gerne dabei behilflich, die Scilly Inseln auf einer Rundreise durch Cornwall mit einzubeziehen. Wir sind in Cornwall ans\u00e4ssig und f\u00fchren die informativste Webseite f\u00fcr Urlaub und Reisen in Cornwall. Dank unserer guten Ortskenntnisse k\u00f6nnen wir den perfekten Urlaub auf den Scilly-Inseln f\u00fcr Sie zusammenstellen.<\/p>\n<p>Wir stellen Ihnen gerne ein <a href=\"https:\/\/www.urlaubcornwall.de\/Scilly-Inseln\/reiseservice.php\">unverbindliches Angebot<\/a> mit allen Fl\u00fcgen und Transfers f\u00fcr Ihre Grossbritannien Reise zusammen.<\/p>\n","protected":false},"excerpt":{"rendered":"<p>Die Scilly-Inseln sind Cornwalls bestgeh\u00fctetes Geheimnis; aufgrund ihres milden Klimas, der perfekten Sandstr\u00e4nde und dem t\u00fcrkisblauen Meer werden sie auch die gl\u00fccklichen Inseln genannt. Sie bestehen aus hunderten kleiner Inseln, von denen nur 5 bewohnt sind&#8230; Insel St. Mary\u2019s | Insel St. Martin\u2019s | Insel St. Agnes | Insel Bryher | Insel Tresco Insel Tresco [&hellip;]<\/p>\n","protected":false},"author":1,"featured_media":0,"parent":0,"menu_order":0,"comment_status":"closed","ping_status":"closed","template":"single-four.php","meta":[],"acf":[],"yoast_head":"<!-- This site is optimized with the Yoast SEO plugin v19.4 - https:\/\/yoast.com\/wordpress\/plugins\/seo\/ -->\n<title>Die sch\u00f6nsten Str\u00e4nde auf den Isles of Scilly - Urlaub &amp; Reisen<\/title>\n<meta name=\"description\" content=\"Scilly-Inseln sind Cornwalls bestgeh\u00fctetes Geheimnis; aufgrund ihres milden Klimas, der perfekten Sandstr\u00e4nde und dem t\u00fcrkisblauen Meer werden sie auch die gl\u00fccklichen Inseln genannt. Sie bestehen aus hunderten kleiner Inseln, von denen nur 5 bewohnt sind; St. Mary\u2019s, St. Martin\u2019s, St. Agnes, Bryher und Tresco.\" \/>\n<meta name=\"robots\" content=\"index, follow, max-snippet:-1, max-image-preview:large, max-video-preview:-1\" \/>\n<link rel=\"canonical\" href=\"https:\/\/www.urlaubcornwall.de\/blog\/die-schoensten-straende-auf-die-isles-of-scilly\/\" \/>\n<meta property=\"og:locale\" content=\"en_US\" \/>\n<meta property=\"og:type\" content=\"article\" \/>\n<meta property=\"og:title\" content=\"Die sch\u00f6nsten Str\u00e4nde auf den Isles of Scilly - Urlaub &amp; Reisen\" \/>\n<meta property=\"og:description\" content=\"Scilly-Inseln sind Cornwalls bestgeh\u00fctetes Geheimnis; aufgrund ihres milden Klimas, der perfekten Sandstr\u00e4nde und dem t\u00fcrkisblauen Meer werden sie auch die gl\u00fccklichen Inseln genannt. Sie bestehen aus hunderten kleiner Inseln, von denen nur 5 bewohnt sind; St. Mary\u2019s, St. Martin\u2019s, St. Agnes, Bryher und Tresco.\" \/>\n<meta property=\"og:url\" content=\"https:\/\/www.urlaubcornwall.de\/blog\/die-schoensten-straende-auf-die-isles-of-scilly\/\" \/>\n<meta property=\"og:site_name\" content=\"Urlaub &amp; Reisen\" \/>\n<meta property=\"article:modified_time\" content=\"2026-01-07T10:03:58+00:00\" \/>\n<meta property=\"og:image\" content=\"https:\/\/www.urlaubcornwall.de\/blog\/wp-content\/uploads\/2016\/05\/tresco-1.jpg\" \/>\n<meta name=\"twitter:card\" content=\"summary\" \/>\n<meta name=\"twitter:label1\" content=\"Est. reading time\" \/>\n\t<meta name=\"twitter:data1\" content=\"4 minutes\" \/>\n<script type=\"application\/ld+json\" class=\"yoast-schema-graph\">{\"@context\":\"https:\/\/schema.org\",\"@graph\":[{\"@type\":\"WebSite\",\"@id\":\"https:\/\/www.urlaubcornwall.de\/blog\/#website\",\"url\":\"https:\/\/www.urlaubcornwall.de\/blog\/\",\"name\":\"Urlaub &amp; Reisen\",\"description\":\"Urlaub, Reisen, Cornwall und S\u00fcdengland: eine perfekte Kombination\",\"potentialAction\":[{\"@type\":\"SearchAction\",\"target\":{\"@type\":\"EntryPoint\",\"urlTemplate\":\"https:\/\/www.urlaubcornwall.de\/blog\/?s={search_term_string}\"},\"query-input\":\"required name=search_term_string\"}],\"inLanguage\":\"en-US\"},{\"@type\":\"WebPage\",\"@id\":\"https:\/\/www.urlaubcornwall.de\/blog\/die-schoensten-straende-auf-die-isles-of-scilly\/\",\"url\":\"https:\/\/www.urlaubcornwall.de\/blog\/die-schoensten-straende-auf-die-isles-of-scilly\/\",\"name\":\"Die sch\u00f6nsten Str\u00e4nde auf den Isles of Scilly - Urlaub &amp; Reisen\",\"isPartOf\":{\"@id\":\"https:\/\/www.urlaubcornwall.de\/blog\/#website\"},\"datePublished\":\"2020-06-13T09:51:21+00:00\",\"dateModified\":\"2026-01-07T10:03:58+00:00\",\"description\":\"Scilly-Inseln sind Cornwalls bestgeh\u00fctetes Geheimnis; aufgrund ihres milden Klimas, der perfekten Sandstr\u00e4nde und dem t\u00fcrkisblauen Meer werden sie auch die gl\u00fccklichen Inseln genannt. Sie bestehen aus hunderten kleiner Inseln, von denen nur 5 bewohnt sind; St. Mary\u2019s, St. Martin\u2019s, St. Agnes, Bryher und Tresco.\",\"breadcrumb\":{\"@id\":\"https:\/\/www.urlaubcornwall.de\/blog\/die-schoensten-straende-auf-die-isles-of-scilly\/#breadcrumb\"},\"inLanguage\":\"en-US\",\"potentialAction\":[{\"@type\":\"ReadAction\",\"target\":[\"https:\/\/www.urlaubcornwall.de\/blog\/die-schoensten-straende-auf-die-isles-of-scilly\/\"]}]},{\"@type\":\"BreadcrumbList\",\"@id\":\"https:\/\/www.urlaubcornwall.de\/blog\/die-schoensten-straende-auf-die-isles-of-scilly\/#breadcrumb\",\"itemListElement\":[{\"@type\":\"ListItem\",\"position\":1,\"name\":\"Home\",\"item\":\"https:\/\/www.urlaubcornwall.de\/blog\/\"},{\"@type\":\"ListItem\",\"position\":2,\"name\":\"Die sch\u00f6nsten Str\u00e4nde auf den Isles of Scilly\"}]}]}<\/script>\n<!-- \/ Yoast SEO plugin. -->","yoast_head_json":{"title":"Die sch\u00f6nsten Str\u00e4nde auf den Isles of Scilly - Urlaub &amp; Reisen","description":"Scilly-Inseln sind Cornwalls bestgeh\u00fctetes Geheimnis; aufgrund ihres milden Klimas, der perfekten Sandstr\u00e4nde und dem t\u00fcrkisblauen Meer werden sie auch die gl\u00fccklichen Inseln genannt. Sie bestehen aus hunderten kleiner Inseln, von denen nur 5 bewohnt sind; St. Mary\u2019s, St. Martin\u2019s, St. Agnes, Bryher und Tresco.","robots":{"index":"index","follow":"follow","max-snippet":"max-snippet:-1","max-image-preview":"max-image-preview:large","max-video-preview":"max-video-preview:-1"},"canonical":"https:\/\/www.urlaubcornwall.de\/blog\/die-schoensten-straende-auf-die-isles-of-scilly\/","og_locale":"en_US","og_type":"article","og_title":"Die sch\u00f6nsten Str\u00e4nde auf den Isles of Scilly - Urlaub &amp; Reisen","og_description":"Scilly-Inseln sind Cornwalls bestgeh\u00fctetes Geheimnis; aufgrund ihres milden Klimas, der perfekten Sandstr\u00e4nde und dem t\u00fcrkisblauen Meer werden sie auch die gl\u00fccklichen Inseln genannt. Sie bestehen aus hunderten kleiner Inseln, von denen nur 5 bewohnt sind; St. Mary\u2019s, St. Martin\u2019s, St. Agnes, Bryher und Tresco.","og_url":"https:\/\/www.urlaubcornwall.de\/blog\/die-schoensten-straende-auf-die-isles-of-scilly\/","og_site_name":"Urlaub &amp; Reisen","article_modified_time":"2026-01-07T10:03:58+00:00","og_image":[{"url":"https:\/\/www.urlaubcornwall.de\/blog\/wp-content\/uploads\/2016\/05\/tresco-1.jpg"}],"twitter_card":"summary","twitter_misc":{"Est. reading time":"4 minutes"},"schema":{"@context":"https:\/\/schema.org","@graph":[{"@type":"WebSite","@id":"https:\/\/www.urlaubcornwall.de\/blog\/#website","url":"https:\/\/www.urlaubcornwall.de\/blog\/","name":"Urlaub &amp; Reisen","description":"Urlaub, Reisen, Cornwall und S\u00fcdengland: eine perfekte Kombination","potentialAction":[{"@type":"SearchAction","target":{"@type":"EntryPoint","urlTemplate":"https:\/\/www.urlaubcornwall.de\/blog\/?s={search_term_string}"},"query-input":"required name=search_term_string"}],"inLanguage":"en-US"},{"@type":"WebPage","@id":"https:\/\/www.urlaubcornwall.de\/blog\/die-schoensten-straende-auf-die-isles-of-scilly\/","url":"https:\/\/www.urlaubcornwall.de\/blog\/die-schoensten-straende-auf-die-isles-of-scilly\/","name":"Die sch\u00f6nsten Str\u00e4nde auf den Isles of Scilly - Urlaub &amp; Reisen","isPartOf":{"@id":"https:\/\/www.urlaubcornwall.de\/blog\/#website"},"datePublished":"2020-06-13T09:51:21+00:00","dateModified":"2026-01-07T10:03:58+00:00","description":"Scilly-Inseln sind Cornwalls bestgeh\u00fctetes Geheimnis; aufgrund ihres milden Klimas, der perfekten Sandstr\u00e4nde und dem t\u00fcrkisblauen Meer werden sie auch die gl\u00fccklichen Inseln genannt. Sie bestehen aus hunderten kleiner Inseln, von denen nur 5 bewohnt sind; St. Mary\u2019s, St. Martin\u2019s, St. Agnes, Bryher und Tresco.","breadcrumb":{"@id":"https:\/\/www.urlaubcornwall.de\/blog\/die-schoensten-straende-auf-die-isles-of-scilly\/#breadcrumb"},"inLanguage":"en-US","potentialAction":[{"@type":"ReadAction","target":["https:\/\/www.urlaubcornwall.de\/blog\/die-schoensten-straende-auf-die-isles-of-scilly\/"]}]},{"@type":"BreadcrumbList","@id":"https:\/\/www.urlaubcornwall.de\/blog\/die-schoensten-straende-auf-die-isles-of-scilly\/#breadcrumb","itemListElement":[{"@type":"ListItem","position":1,"name":"Home","item":"https:\/\/www.urlaubcornwall.de\/blog\/"},{"@type":"ListItem","position":2,"name":"Die sch\u00f6nsten Str\u00e4nde auf den Isles of Scilly"}]}]}},"_links":{"self":[{"href":"https:\/\/www.urlaubcornwall.de\/blog\/wp-json\/wp\/v2\/pages\/40270"}],"collection":[{"href":"https:\/\/www.urlaubcornwall.de\/blog\/wp-json\/wp\/v2\/pages"}],"about":[{"href":"https:\/\/www.urlaubcornwall.de\/blog\/wp-json\/wp\/v2\/types\/page"}],"author":[{"embeddable":true,"href":"https:\/\/www.urlaubcornwall.de\/blog\/wp-json\/wp\/v2\/users\/1"}],"replies":[{"embeddable":true,"href":"https:\/\/www.urlaubcornwall.de\/blog\/wp-json\/wp\/v2\/comments?post=40270"}],"version-history":[{"count":8,"href":"https:\/\/www.urlaubcornwall.de\/blog\/wp-json\/wp\/v2\/pages\/40270\/revisions"}],"predecessor-version":[{"id":52003,"href":"https:\/\/www.urlaubcornwall.de\/blog\/wp-json\/wp\/v2\/pages\/40270\/revisions\/52003"}],"wp:attachment":[{"href":"https:\/\/www.urlaubcornwall.de\/blog\/wp-json\/wp\/v2\/media?parent=40270"}],"curies":[{"name":"wp","href":"https:\/\/api.w.org\/{rel}","templated":true}]}}