{"id":40267,"date":"2020-06-13T11:13:40","date_gmt":"2020-06-13T11:13:40","guid":{"rendered":"https:\/\/www.urlaubcornwall.de\/blog\/?page_id=40267"},"modified":"2026-01-06T14:00:02","modified_gmt":"2026-01-06T14:00:02","slug":"fakten-zu-die-isles-of-scilly","status":"publish","type":"page","link":"https:\/\/www.urlaubcornwall.de\/blog\/fakten-zu-die-isles-of-scilly\/","title":{"rendered":"10 Fakten zu die Isles of Scilly"},"content":{"rendered":"<p><img loading=\"lazy\" class=\"aligncenter size-full wp-image-32064\" src=\"https:\/\/www.urlaubcornwall.de\/blog\/wp-content\/uploads\/2016\/05\/tresco-1.jpg\" alt=\"tresco scilly isles\" width=\"749\" height=\"476\"\/><\/p>\n<p>Viele Menschen wissen bereits, dass <a href=\"https:\/\/www.urlaubcornwall.de\/Scilly-Inseln.php\">Scilly Inseln<\/a> ein erstaunlich wundersch\u00f6ner Teil Cornwalls ist, doch hier sind ein paar ungew\u00f6hnliche Fakten zu Scilly, die Sie m\u00f6glicherweise nicht kennen.<\/p>\n<p><strong>1.<\/strong> Sie bestehen aus hunderten kleiner Inseln, von denen nur 5 bewohnt sind; St. Mary&#8217;s, St. Martin&#8217;s, St. Agnes, Bryher und Tresco.<\/p>\n<p><strong>2.<\/strong> <a href=\"https:\/\/www.urlaubcornwall.de\/blog\/scilly-inseln-st-marys\/\">St Mary\u2019s<\/a> ist die gr\u00f6\u00dfte der Scilly-Inseln. Auf dieser Insel liegt auch Hugh Town, der gr\u00f6\u00dfte Ort der Inseln. Hier laufen die Schiffe aus seinem Hafen ein und aus und hier befinden sich auch die meisten L\u00e4den, Pubs und Restaurants.<\/p>\n<p><img loading=\"lazy\" class=\"aligncenter size-full wp-image-40272\" src=\"https:\/\/www.urlaubcornwall.de\/blog\/wp-content\/uploads\/2020\/06\/bryher-strand_2.jpg\" alt=\"bryher strand\" width=\"747\" height=\"498\" srcset=\"https:\/\/www.urlaubcornwall.de\/blog\/wp-content\/uploads\/2020\/06\/bryher-strand_2.jpg 747w, https:\/\/www.urlaubcornwall.de\/blog\/wp-content\/uploads\/2020\/06\/bryher-strand_2-300x200.jpg 300w\" sizes=\"(max-width: 747px) 100vw, 747px\" \/><br \/>\n<strong>3.<\/strong> Unternehmen Sie eine 6 km lange Wanderung um die <a href=\"https:\/\/www.urlaubcornwall.de\/blog\/scilly-inseln-bryher\/\">Insel Bryher<\/a> herum, oder steuern Sie einfach nur Watch Hill und Samson Hill an f\u00fcr die beste Aussicht \u00fcber Tresco. Von Gweal Hill k\u00f6nnen Sie au\u00dferdem den wundersch\u00f6nen Sonnenuntergang \u00fcber Norrad Rocks genie\u00dfen.<\/p>\n<p><img loading=\"lazy\" class=\"aligncenter size-full wp-image-40273\" src=\"https:\/\/www.urlaubcornwall.de\/blog\/wp-content\/uploads\/2020\/06\/St-Agnes-strand.jpg\" alt=\"St Agnes strand\" width=\"747\" height=\"473\" srcset=\"https:\/\/www.urlaubcornwall.de\/blog\/wp-content\/uploads\/2020\/06\/St-Agnes-strand.jpg 747w, https:\/\/www.urlaubcornwall.de\/blog\/wp-content\/uploads\/2020\/06\/St-Agnes-strand-300x190.jpg 300w\" sizes=\"(max-width: 747px) 100vw, 747px\" \/><\/p>\n<p><strong>4.<\/strong> St Agnes ist die s\u00fcdwestlichste der Scilly-Inseln. Sie k\u00f6nnen die gesamte Insel ganz bequem in etwa 2 bis 3 Stunden einmal umlaufen (es sind 5 km).<\/p>\n<p><strong>5.<\/strong> <a href=\"https:\/\/www.urlaubcornwall.de\/blog\/scilly-inseln-tresco\/\">Tresco<\/a> geh\u00f6rt zur <a href=\"https:\/\/www.urlaubcornwall.de\/reiseziel\/cornwall.php\">Grafschaft Cornwall<\/a> und wird von der Familie Dorrien-Smith gepachtet. Prinz Charles ist ein Freund der Familie und ist dort ein oft gesehener Gast. Die Landschaft im Norden der Insel ist wilder und ungesch\u00fctzter, wohingegen sich im s\u00fcdlichen Teil Str\u00e4nde, Sandd\u00fcnen und die Abbey Gardens befinden.<\/p>\n<p><img loading=\"lazy\" class=\"aligncenter size-full wp-image-23465\" src=\"https:\/\/www.urlaubcornwall.de\/blog\/wp-content\/uploads\/2016\/04\/st-martins-scilly-inseln.jpg\" alt=\"st martin&#039;s scilly strand\" width=\"743\" height=\"484\" srcset=\"https:\/\/www.urlaubcornwall.de\/blog\/wp-content\/uploads\/2016\/04\/st-martins-scilly-inseln.jpg 743w, https:\/\/www.urlaubcornwall.de\/blog\/wp-content\/uploads\/2016\/04\/st-martins-scilly-inseln-300x195.jpg 300w\" sizes=\"(max-width: 743px) 100vw, 743px\" \/><\/p>\n<p><strong>6.<\/strong> <a href=\"https:\/\/www.urlaubcornwall.de\/blog\/scilly-inseln-st-martins\/\">St Martin\u2019s<\/a> ist die malerischste aller Inseln. Wenn Sie die Insel zu Fu\u00df umrunden m\u00f6chten, bel\u00e4uft sich die Strecke auf ca. 8 km. Es f\u00fchrt eine Stra\u00dfe in der Mitte der Insel entlang, die Ihnen die M\u00f6glichkeit bietet, die Insel schneller zu erkunden. Je nach den Gezeiten wird Ihr Boot Sie entweder am Kai von Lower Town oder Higher Town absetzen. Beide Stellen haben wundersch\u00f6ne Str\u00e4nde, die zum Entspannen einladen und von wo aus Sie die sch\u00f6ne Aussicht genie\u00dfen k\u00f6nnen.<\/p>\n<p><strong>7.<\/strong> Schauen Sie den Wellen bei Hell Bay zu \u2013 diese Bucht auf Bryher ist f\u00fcr die zahlreichen Schiffe ber\u00fcchtigt, die hier den starken atlantischen St\u00fcrmen zum Opfer fielen und untergingen. Es ist ein spektakul\u00e4rer Ort, um die Wellen gegen die Felsen schlagen zu sehen.<\/p>\n<p><strong>8.<\/strong> Vogelbeobachtung auf Tresco \u2013 Im Herzen der Insel liegt der See Great Pool, der Zugv\u00f6gel anzieht und bei Vogelliebhabern aus der ganzen Welt beliebt ist. Vor Ort befindet sich ein Hochsitz, der ideale Aussichtspunkt, um Austernfischer, Turmfalken, Fitislaubs\u00e4nger, Wintergoldh\u00e4hnchen und Seidenreiher sowie viele weitere V\u00f6gel zu beobachten.<\/p>\n<p><img loading=\"lazy\" class=\"aligncenter size-full wp-image-40101\" src=\"https:\/\/www.urlaubcornwall.de\/blog\/wp-content\/uploads\/2020\/05\/st-martins-blick.jpg\" alt=\"st martins blick\" width=\"750\" height=\"607\" srcset=\"https:\/\/www.urlaubcornwall.de\/blog\/wp-content\/uploads\/2020\/05\/st-martins-blick.jpg 750w, https:\/\/www.urlaubcornwall.de\/blog\/wp-content\/uploads\/2020\/05\/st-martins-blick-300x243.jpg 300w\" sizes=\"(max-width: 750px) 100vw, 750px\" \/><\/p>\n<p><strong>9.<\/strong> Die sch\u00f6nsten Str\u00e4nde \u2013 Great Bay und Little Bay liegen nebeneinander im Norden der Insel St Martin&#8217;s und zeichnen sich durch ihre langen Sandstr\u00e4nde aus, die sogar an einem belebten Sommertag menschenleer sind. Par Beach ist ein perfekter halbmondf\u00f6rmiger Sandstrand, der sich in Higher Town befindet. St Martin\u2018s Flats im s\u00fcdlichen Teil der Insel eignet sich hervorragend zum Muschelsammeln \u2013 wir empfehlen Ihnen, entlang der Hochwassermarke am Strand auf Muschelsuche zu gehen, wo Sie viele farbenfrohe Muscheln finden k\u00f6nnen. Mit etwas Gl\u00fcck k\u00f6nnen Sie sogar eine Kaurimuschel entdecken, die in fr\u00fcheren Zeiten als W\u00e4hrung benutzt wurde.<\/p>\n<p><strong>10.<\/strong> Besichtigen Sie die Burgruinen von King Charles Castle auf Tresco, gebaut in 1550 und Cromwell\u2019s Castle, 1651 erbaut. Folgen Sie vom Hafen Old Grimsby im westlichen Teil der Insel dem K\u00fcstenpfad f\u00fcr ca. 15 Minuten Richtung Norden und Sie werden den Turm entdecken, der errichtet wurde, um den sicheren Ankerplatz zwischen Tresco und Bryher zu besch\u00fctzen.<\/p>\n<p>UrlaubCornwall.de \u2013 der <a href=\"https:\/\/www.urlaubcornwall.de\/Scilly-Inseln.php\">Reiseservice f\u00fcr die Scilly-Inseln<\/a>. Wir sind Experten, was die Scilly Inseln und Cornwall- betrifft und Ihnen gerne dabei behilflich, die Scilly Inseln auf einer Rundreise durch Cornwall mit einzubeziehen. Wir sind in Cornwall ans\u00e4ssig und f\u00fchren die informativste Webseite f\u00fcr Urlaub und Reisen in Cornwall. Dank unserer guten Ortskenntnisse k\u00f6nnen wir den perfekten Urlaub auf den Scilly-Inseln f\u00fcr Sie zusammenstellen.<\/p>\n<p style=\"text-align: center;\"><a class=\"tidycta\" href=\"https:\/\/www.urlaubcornwall.de\/reisebuchung.php\">Scilly Urlaub Anfrage<\/a><\/p>\n<p>Wir stellen Ihnen gerne ein <a href=\"https:\/\/www.urlaubcornwall.de\/Scilly-Inseln\/reiseservice.php\">unverbindliches Angebot<\/a> mit allen Fl\u00fcgen und Transfers f\u00fcr Ihre Grossbritannien Reise zusammen.<\/p>\n","protected":false},"excerpt":{"rendered":"<p>Viele Menschen wissen bereits, dass Scilly Inseln ein erstaunlich wundersch\u00f6ner Teil Cornwalls ist, doch hier sind ein paar ungew\u00f6hnliche Fakten zu Scilly, die Sie m\u00f6glicherweise nicht kennen. 1. Sie bestehen aus hunderten kleiner Inseln, von denen nur 5 bewohnt sind; St. Mary&#8217;s, St. Martin&#8217;s, St. Agnes, Bryher und Tresco. 2. St Mary\u2019s ist die gr\u00f6\u00dfte [&hellip;]<\/p>\n","protected":false},"author":1,"featured_media":0,"parent":0,"menu_order":0,"comment_status":"closed","ping_status":"closed","template":"single-four.php","meta":[],"acf":[],"yoast_head":"<!-- This site is optimized with the Yoast SEO plugin v19.4 - https:\/\/yoast.com\/wordpress\/plugins\/seo\/ -->\n<title>10 Fakten zu die Isles of Scilly - Urlaub &amp; Reisen<\/title>\n<meta name=\"description\" content=\"Viele Menschen wissen bereits, dass Scilly Inseln ein erstaunlich wundersch\u00f6ner Teil Cornwalls ist, doch hier sind ein paar ungew\u00f6hnliche Fakten zu Scilly, die Sie m\u00f6glicherweise nicht kennen.\" \/>\n<meta name=\"robots\" content=\"index, follow, max-snippet:-1, max-image-preview:large, max-video-preview:-1\" \/>\n<link rel=\"canonical\" href=\"https:\/\/www.urlaubcornwall.de\/blog\/fakten-zu-die-isles-of-scilly\/\" \/>\n<meta property=\"og:locale\" content=\"en_US\" \/>\n<meta property=\"og:type\" content=\"article\" \/>\n<meta property=\"og:title\" content=\"10 Fakten zu die Isles of Scilly - Urlaub &amp; Reisen\" \/>\n<meta property=\"og:description\" content=\"Viele Menschen wissen bereits, dass Scilly Inseln ein erstaunlich wundersch\u00f6ner Teil Cornwalls ist, doch hier sind ein paar ungew\u00f6hnliche Fakten zu Scilly, die Sie m\u00f6glicherweise nicht kennen.\" \/>\n<meta property=\"og:url\" content=\"https:\/\/www.urlaubcornwall.de\/blog\/fakten-zu-die-isles-of-scilly\/\" \/>\n<meta property=\"og:site_name\" content=\"Urlaub &amp; Reisen\" \/>\n<meta property=\"article:modified_time\" content=\"2026-01-06T14:00:02+00:00\" \/>\n<meta property=\"og:image\" content=\"https:\/\/www.urlaubcornwall.de\/blog\/wp-content\/uploads\/2016\/05\/tresco-1.jpg\" \/>\n<meta name=\"twitter:card\" content=\"summary\" \/>\n<meta name=\"twitter:label1\" content=\"Est. reading time\" \/>\n\t<meta name=\"twitter:data1\" content=\"4 minutes\" \/>\n<script type=\"application\/ld+json\" class=\"yoast-schema-graph\">{\"@context\":\"https:\/\/schema.org\",\"@graph\":[{\"@type\":\"WebSite\",\"@id\":\"https:\/\/www.urlaubcornwall.de\/blog\/#website\",\"url\":\"https:\/\/www.urlaubcornwall.de\/blog\/\",\"name\":\"Urlaub &amp; Reisen\",\"description\":\"Urlaub, Reisen, Cornwall und S\u00fcdengland: eine perfekte Kombination\",\"potentialAction\":[{\"@type\":\"SearchAction\",\"target\":{\"@type\":\"EntryPoint\",\"urlTemplate\":\"https:\/\/www.urlaubcornwall.de\/blog\/?s={search_term_string}\"},\"query-input\":\"required name=search_term_string\"}],\"inLanguage\":\"en-US\"},{\"@type\":\"WebPage\",\"@id\":\"https:\/\/www.urlaubcornwall.de\/blog\/fakten-zu-die-isles-of-scilly\/\",\"url\":\"https:\/\/www.urlaubcornwall.de\/blog\/fakten-zu-die-isles-of-scilly\/\",\"name\":\"10 Fakten zu die Isles of Scilly - Urlaub &amp; Reisen\",\"isPartOf\":{\"@id\":\"https:\/\/www.urlaubcornwall.de\/blog\/#website\"},\"datePublished\":\"2020-06-13T11:13:40+00:00\",\"dateModified\":\"2026-01-06T14:00:02+00:00\",\"description\":\"Viele Menschen wissen bereits, dass Scilly Inseln ein erstaunlich wundersch\u00f6ner Teil Cornwalls ist, doch hier sind ein paar ungew\u00f6hnliche Fakten zu Scilly, die Sie m\u00f6glicherweise nicht kennen.\",\"breadcrumb\":{\"@id\":\"https:\/\/www.urlaubcornwall.de\/blog\/fakten-zu-die-isles-of-scilly\/#breadcrumb\"},\"inLanguage\":\"en-US\",\"potentialAction\":[{\"@type\":\"ReadAction\",\"target\":[\"https:\/\/www.urlaubcornwall.de\/blog\/fakten-zu-die-isles-of-scilly\/\"]}]},{\"@type\":\"BreadcrumbList\",\"@id\":\"https:\/\/www.urlaubcornwall.de\/blog\/fakten-zu-die-isles-of-scilly\/#breadcrumb\",\"itemListElement\":[{\"@type\":\"ListItem\",\"position\":1,\"name\":\"Home\",\"item\":\"https:\/\/www.urlaubcornwall.de\/blog\/\"},{\"@type\":\"ListItem\",\"position\":2,\"name\":\"10 Fakten zu die Isles of Scilly\"}]}]}<\/script>\n<!-- \/ Yoast SEO plugin. -->","yoast_head_json":{"title":"10 Fakten zu die Isles of Scilly - Urlaub &amp; Reisen","description":"Viele Menschen wissen bereits, dass Scilly Inseln ein erstaunlich wundersch\u00f6ner Teil Cornwalls ist, doch hier sind ein paar ungew\u00f6hnliche Fakten zu Scilly, die Sie m\u00f6glicherweise nicht kennen.","robots":{"index":"index","follow":"follow","max-snippet":"max-snippet:-1","max-image-preview":"max-image-preview:large","max-video-preview":"max-video-preview:-1"},"canonical":"https:\/\/www.urlaubcornwall.de\/blog\/fakten-zu-die-isles-of-scilly\/","og_locale":"en_US","og_type":"article","og_title":"10 Fakten zu die Isles of Scilly - Urlaub &amp; Reisen","og_description":"Viele Menschen wissen bereits, dass Scilly Inseln ein erstaunlich wundersch\u00f6ner Teil Cornwalls ist, doch hier sind ein paar ungew\u00f6hnliche Fakten zu Scilly, die Sie m\u00f6glicherweise nicht kennen.","og_url":"https:\/\/www.urlaubcornwall.de\/blog\/fakten-zu-die-isles-of-scilly\/","og_site_name":"Urlaub &amp; Reisen","article_modified_time":"2026-01-06T14:00:02+00:00","og_image":[{"url":"https:\/\/www.urlaubcornwall.de\/blog\/wp-content\/uploads\/2016\/05\/tresco-1.jpg"}],"twitter_card":"summary","twitter_misc":{"Est. reading time":"4 minutes"},"schema":{"@context":"https:\/\/schema.org","@graph":[{"@type":"WebSite","@id":"https:\/\/www.urlaubcornwall.de\/blog\/#website","url":"https:\/\/www.urlaubcornwall.de\/blog\/","name":"Urlaub &amp; Reisen","description":"Urlaub, Reisen, Cornwall und S\u00fcdengland: eine perfekte Kombination","potentialAction":[{"@type":"SearchAction","target":{"@type":"EntryPoint","urlTemplate":"https:\/\/www.urlaubcornwall.de\/blog\/?s={search_term_string}"},"query-input":"required name=search_term_string"}],"inLanguage":"en-US"},{"@type":"WebPage","@id":"https:\/\/www.urlaubcornwall.de\/blog\/fakten-zu-die-isles-of-scilly\/","url":"https:\/\/www.urlaubcornwall.de\/blog\/fakten-zu-die-isles-of-scilly\/","name":"10 Fakten zu die Isles of Scilly - Urlaub &amp; Reisen","isPartOf":{"@id":"https:\/\/www.urlaubcornwall.de\/blog\/#website"},"datePublished":"2020-06-13T11:13:40+00:00","dateModified":"2026-01-06T14:00:02+00:00","description":"Viele Menschen wissen bereits, dass Scilly Inseln ein erstaunlich wundersch\u00f6ner Teil Cornwalls ist, doch hier sind ein paar ungew\u00f6hnliche Fakten zu Scilly, die Sie m\u00f6glicherweise nicht kennen.","breadcrumb":{"@id":"https:\/\/www.urlaubcornwall.de\/blog\/fakten-zu-die-isles-of-scilly\/#breadcrumb"},"inLanguage":"en-US","potentialAction":[{"@type":"ReadAction","target":["https:\/\/www.urlaubcornwall.de\/blog\/fakten-zu-die-isles-of-scilly\/"]}]},{"@type":"BreadcrumbList","@id":"https:\/\/www.urlaubcornwall.de\/blog\/fakten-zu-die-isles-of-scilly\/#breadcrumb","itemListElement":[{"@type":"ListItem","position":1,"name":"Home","item":"https:\/\/www.urlaubcornwall.de\/blog\/"},{"@type":"ListItem","position":2,"name":"10 Fakten zu die Isles of Scilly"}]}]}},"_links":{"self":[{"href":"https:\/\/www.urlaubcornwall.de\/blog\/wp-json\/wp\/v2\/pages\/40267"}],"collection":[{"href":"https:\/\/www.urlaubcornwall.de\/blog\/wp-json\/wp\/v2\/pages"}],"about":[{"href":"https:\/\/www.urlaubcornwall.de\/blog\/wp-json\/wp\/v2\/types\/page"}],"author":[{"embeddable":true,"href":"https:\/\/www.urlaubcornwall.de\/blog\/wp-json\/wp\/v2\/users\/1"}],"replies":[{"embeddable":true,"href":"https:\/\/www.urlaubcornwall.de\/blog\/wp-json\/wp\/v2\/comments?post=40267"}],"version-history":[{"count":8,"href":"https:\/\/www.urlaubcornwall.de\/blog\/wp-json\/wp\/v2\/pages\/40267\/revisions"}],"predecessor-version":[{"id":51950,"href":"https:\/\/www.urlaubcornwall.de\/blog\/wp-json\/wp\/v2\/pages\/40267\/revisions\/51950"}],"wp:attachment":[{"href":"https:\/\/www.urlaubcornwall.de\/blog\/wp-json\/wp\/v2\/media?parent=40267"}],"curies":[{"name":"wp","href":"https:\/\/api.w.org\/{rel}","templated":true}]}}