{"id":40152,"date":"2020-05-20T11:01:43","date_gmt":"2020-05-20T11:01:43","guid":{"rendered":"https:\/\/www.urlaubcornwall.de\/blog\/?page_id=40152"},"modified":"2026-01-06T14:12:58","modified_gmt":"2026-01-06T14:12:58","slug":"die-5-schoensten-staedte-in-cornwall-urlaubcornwall-de-insidertipps","status":"publish","type":"page","link":"https:\/\/www.urlaubcornwall.de\/blog\/die-5-schoensten-staedte-in-cornwall-urlaubcornwall-de-insidertipps\/","title":{"rendered":"Die 5 sch\u00f6nsten St\u00e4dte in Cornwall \u2013 UrlaubCornwall.de Insidertipps"},"content":{"rendered":"<p>Es gibt keine sch\u00f6nere Region f\u00fcr einen Urlaub an der K\u00fcste S\u00fcdenglands. Hier bei <a href=\"https:\/\/www.urlaubcornwall.de\/reiseziel\/cornwall.php\">UrlaubCornwall.de<\/a> m\u00f6chten Ihnen Menschen, die in Cornwall leben und arbeiten, einige eher wenig bekannte, aber umso fantastischere St\u00e4dte vorstellen. <\/p>\n<p><strong><a href=\"https:\/\/www.urlaubcornwall.de\/blog\/st-ives-geschichte-sehenswuerdigkeiten-und-unterkunft\/\">St Ives<\/a><\/strong><br \/>\n<img loading=\"lazy\" class=\"aligncenter size-full wp-image-40098\" src=\"https:\/\/www.urlaubcornwall.de\/blog\/wp-content\/uploads\/2020\/05\/st_ives_hafen_blick-1.jpg\" alt=\"st_ives_hafen_blick\" width=\"750\" height=\"656\"\/><\/p>\n<p><a href=\"https:\/\/www.urlaubcornwall.de\/blog\/st-ives-geschichte-sehenswuerdigkeiten-und-unterkunft\/\">St Ives<\/a> ist einzigartig und ungvergleichbar mit irgendeinem anderen Ort Britanniens. Dies r\u00fchrt her von seiner Fischertradition, dem Kunsterbe und der Tourismusindustrie. Sein Hafen ist typisch cornisch; auch hat es wunderbare Sandstr\u00e4nde und zahlreiche Kunstgalerien, einschlie\u00dflich der Tate St Ives. <a href=\"https:\/\/www.urlaubcornwall.de\/ferienhaeuser-fewos\/st-ives.html\">Ferienh\u00e4user, Ferienwohnungen &#038; Cottages in St Ives und Umgebung<\/a><\/p>\n<p><strong><a href=\"https:\/\/www.urlaubcornwall.de\/blog\/falmouth-cornwall-geschichte-sehenswuerdigkeiten-und-unterkunft\/\">Falmouth<\/a><\/strong><br \/>\n<img loading=\"lazy\" class=\"aligncenter size-full wp-image-40138\" src=\"https:\/\/www.urlaubcornwall.de\/blog\/wp-content\/uploads\/2020\/05\/falmouth-hafen.jpg\" alt=\"falmouth hafen\" width=\"749\" height=\"667\" srcset=\"https:\/\/www.urlaubcornwall.de\/blog\/wp-content\/uploads\/2020\/05\/falmouth-hafen.jpg 749w, https:\/\/www.urlaubcornwall.de\/blog\/wp-content\/uploads\/2020\/05\/falmouth-hafen-300x267.jpg 300w\" sizes=\"(max-width: 749px) 100vw, 749px\" \/><\/p>\n<p>Die Sandstr\u00e4nde Gyllyngvase und Swanpool sind stets beliebt, und die Stadt vermittelt ein lebendiges Gef\u00fchl mit ihren zahlreichen Gesch\u00e4ften, Restaurants und Cafes, Museen und Kunstgalerien, die das ganze Jahr \u00fcber ge\u00f6ffnet haben. <a href=\"https:\/\/www.urlaubcornwall.de\/ferienhaeuser-fewos\/falmouth.html\">Ferienh\u00e4user, Ferienwohnungen &#038; Cottages in Falmouth und Umgebung<\/a><\/p>\n<p><strong><a href=\"https:\/\/www.urlaubcornwall.de\/blog\/padstow-geschichte-sehenswuerdigkeiten-und-unterkunft\/\">Padstow<\/a><\/strong><br \/>\n<img loading=\"lazy\" class=\"aligncenter size-full wp-image-40145\" src=\"https:\/\/www.urlaubcornwall.de\/blog\/wp-content\/uploads\/2020\/05\/padstow-blick.jpg\" alt=\"padstow blick\" width=\"749\" height=\"703\" srcset=\"https:\/\/www.urlaubcornwall.de\/blog\/wp-content\/uploads\/2020\/05\/padstow-blick.jpg 749w, https:\/\/www.urlaubcornwall.de\/blog\/wp-content\/uploads\/2020\/05\/padstow-blick-300x282.jpg 300w\" sizes=\"(max-width: 749px) 100vw, 749px\" \/><\/p>\n<p>Es ist einer von Cornwalls attraktivsten H\u00e4fen, und eine Menge des t\u00e4glichen Fischfangs wird von den vielen Restaurants der Stadt aufgekauft, einschlie\u00dflich derer von Rick Stein, der dazu beigetrage hat, das Profil Padstows zu heben. Die Stadt gruppiert sich um den gesch\u00e4ftigen Hafen herum, und es macht viel Vergn\u00fcgen, im Irrgarten enger Gassen und Wege umher zu spazieren. <a href=\"https:\/\/www.urlaubcornwall.de\/ferienhaeuser-fewos\/padstow.html\">Ferienh\u00e4user, Ferienwohnungen &#038; Cottages in Padstow<\/a><\/p>\n<p><strong><a href=\"https:\/\/www.urlaubcornwall.de\/blog\/newquay-geschichte-sehenswuerdigkeiten-und-unterkunft\/\">Newquay<\/a><\/strong><br \/>\n<img loading=\"lazy\" class=\"aligncenter size-full wp-image-40126\" src=\"https:\/\/www.urlaubcornwall.de\/blog\/wp-content\/uploads\/2020\/05\/fistral-strand-blick-1.jpg\" alt=\"fistral strand blick\" width=\"750\" height=\"657\"\/><\/p>\n<p>Newquay ist ein lebendiger Strand- und Surfurlaubsort an der Nordk\u00fcste Cornwalls. Die gesch\u00e4ftige Stadt verf\u00fcgt \u00fcber eine Menge Hotels, Bed &#038; Breakfasts, Gesch\u00e4fte, Kneipen und Nightclubs, und dennoch gibt es ruhige Ecken in blumengeschm\u00fcckten Parkanlagen und G\u00e4rten. <a href=\"https:\/\/www.urlaubcornwall.de\/ferienhaeuser-fewos\/newquay.html\">Ferienh\u00e4user, Ferienwohnungen &#038; Cottages in Newquay<\/a><\/p>\n<div class=\"snippet\"> <a class=\"featured-item\" href=\"https:\/\/www.urlaubcornwall.de\/ferienhaeuser\/cornwall.php\"> <span class=\"image-holder\" style=\"background-image: url('https:\/\/www.urlaubcornwall.de\/blog\/wp-content\/uploads\/2018\/12\/familienurlaub-corwnall-snippet.jpg');\"><\/span> <span class=\"featured-content\"> \n<h2 class=\"featured-title\">Ferienh\u00e4user in Cornwall am Meer<\/h2>\n<p class=\"featured-body\">Cornwall besitzt mehr K\u00fcstenlinien als jede andere Grafschaft und bietet einige der besten Str\u00e4nde, K\u00fcstenwanderwege und Klippenlandschaften, die man \u00fcberhaupt finden kann&#8230; <\/p><\/span> <span class=\"featured-link-holder\"> <span class=\"featured-extra-info\"> \n<p>F\u00fcr Paare, Familien &#038; Gruppen<\/p>\n<\/span> \n<p class=\"featured-link\">DETAILS<\/p>\n<\/span> <\/a><\/div>\n<p><script async src=\"https:\/\/pagead2.googlesyndication.com\/pagead\/js\/adsbygoogle.js?client=ca-pub-3901089389175725\"\n     crossorigin=\"anonymous\"><\/script><br \/>\n<!-- New UC --><br \/>\n<ins class=\"adsbygoogle\"\n     style=\"display:block\"\n     data-ad-client=\"ca-pub-3901089389175725\"\n     data-ad-slot=\"8080314818\"\n     data-ad-format=\"auto\"\n     data-full-width-responsive=\"true\"><\/ins><br \/>\n<script>\n     (adsbygoogle = window.adsbygoogle || []).push({});\n<\/script><\/p>\n","protected":false},"excerpt":{"rendered":"<p>Es gibt keine sch\u00f6nere Region f\u00fcr einen Urlaub an der K\u00fcste S\u00fcdenglands. Hier bei UrlaubCornwall.de m\u00f6chten Ihnen Menschen, die in Cornwall leben und arbeiten, einige eher wenig bekannte, aber umso fantastischere St\u00e4dte vorstellen. St Ives St Ives ist einzigartig und ungvergleichbar mit irgendeinem anderen Ort Britanniens. Dies r\u00fchrt her von seiner Fischertradition, dem Kunsterbe und [&hellip;]<\/p>\n","protected":false},"author":1,"featured_media":0,"parent":0,"menu_order":0,"comment_status":"closed","ping_status":"closed","template":"single-four.php","meta":[],"acf":[],"yoast_head":"<!-- This site is optimized with the Yoast SEO plugin v19.4 - https:\/\/yoast.com\/wordpress\/plugins\/seo\/ -->\n<title>Die 5 sch\u00f6nsten St\u00e4dte in Cornwall \u2013 UrlaubCornwall.de Insidertipps - Urlaub &amp; Reisen<\/title>\n<meta name=\"robots\" content=\"index, follow, max-snippet:-1, max-image-preview:large, max-video-preview:-1\" \/>\n<link rel=\"canonical\" href=\"https:\/\/www.urlaubcornwall.de\/blog\/die-5-schoensten-staedte-in-cornwall-urlaubcornwall-de-insidertipps\/\" \/>\n<meta property=\"og:locale\" content=\"en_US\" \/>\n<meta property=\"og:type\" content=\"article\" \/>\n<meta property=\"og:title\" content=\"Die 5 sch\u00f6nsten St\u00e4dte in Cornwall \u2013 UrlaubCornwall.de Insidertipps - Urlaub &amp; Reisen\" \/>\n<meta property=\"og:description\" content=\"Es gibt keine sch\u00f6nere Region f\u00fcr einen Urlaub an der K\u00fcste S\u00fcdenglands. Hier bei UrlaubCornwall.de m\u00f6chten Ihnen Menschen, die in Cornwall leben und arbeiten, einige eher wenig bekannte, aber umso fantastischere St\u00e4dte vorstellen. St Ives St Ives ist einzigartig und ungvergleichbar mit irgendeinem anderen Ort Britanniens. Dies r\u00fchrt her von seiner Fischertradition, dem Kunsterbe und [&hellip;]\" \/>\n<meta property=\"og:url\" content=\"https:\/\/www.urlaubcornwall.de\/blog\/die-5-schoensten-staedte-in-cornwall-urlaubcornwall-de-insidertipps\/\" \/>\n<meta property=\"og:site_name\" content=\"Urlaub &amp; Reisen\" \/>\n<meta property=\"article:modified_time\" content=\"2026-01-06T14:12:58+00:00\" \/>\n<meta property=\"og:image\" content=\"https:\/\/www.urlaubcornwall.de\/blog\/wp-content\/uploads\/2020\/05\/st_ives_hafen_blick-1.jpg\" \/>\n<meta name=\"twitter:card\" content=\"summary\" \/>\n<meta name=\"twitter:label1\" content=\"Est. reading time\" \/>\n\t<meta name=\"twitter:data1\" content=\"2 minutes\" \/>\n<script type=\"application\/ld+json\" class=\"yoast-schema-graph\">{\"@context\":\"https:\/\/schema.org\",\"@graph\":[{\"@type\":\"WebSite\",\"@id\":\"https:\/\/www.urlaubcornwall.de\/blog\/#website\",\"url\":\"https:\/\/www.urlaubcornwall.de\/blog\/\",\"name\":\"Urlaub &amp; Reisen\",\"description\":\"Urlaub, Reisen, Cornwall und S\u00fcdengland: eine perfekte Kombination\",\"potentialAction\":[{\"@type\":\"SearchAction\",\"target\":{\"@type\":\"EntryPoint\",\"urlTemplate\":\"https:\/\/www.urlaubcornwall.de\/blog\/?s={search_term_string}\"},\"query-input\":\"required name=search_term_string\"}],\"inLanguage\":\"en-US\"},{\"@type\":\"WebPage\",\"@id\":\"https:\/\/www.urlaubcornwall.de\/blog\/die-5-schoensten-staedte-in-cornwall-urlaubcornwall-de-insidertipps\/\",\"url\":\"https:\/\/www.urlaubcornwall.de\/blog\/die-5-schoensten-staedte-in-cornwall-urlaubcornwall-de-insidertipps\/\",\"name\":\"Die 5 sch\u00f6nsten St\u00e4dte in Cornwall \u2013 UrlaubCornwall.de Insidertipps - Urlaub &amp; Reisen\",\"isPartOf\":{\"@id\":\"https:\/\/www.urlaubcornwall.de\/blog\/#website\"},\"datePublished\":\"2020-05-20T11:01:43+00:00\",\"dateModified\":\"2026-01-06T14:12:58+00:00\",\"breadcrumb\":{\"@id\":\"https:\/\/www.urlaubcornwall.de\/blog\/die-5-schoensten-staedte-in-cornwall-urlaubcornwall-de-insidertipps\/#breadcrumb\"},\"inLanguage\":\"en-US\",\"potentialAction\":[{\"@type\":\"ReadAction\",\"target\":[\"https:\/\/www.urlaubcornwall.de\/blog\/die-5-schoensten-staedte-in-cornwall-urlaubcornwall-de-insidertipps\/\"]}]},{\"@type\":\"BreadcrumbList\",\"@id\":\"https:\/\/www.urlaubcornwall.de\/blog\/die-5-schoensten-staedte-in-cornwall-urlaubcornwall-de-insidertipps\/#breadcrumb\",\"itemListElement\":[{\"@type\":\"ListItem\",\"position\":1,\"name\":\"Home\",\"item\":\"https:\/\/www.urlaubcornwall.de\/blog\/\"},{\"@type\":\"ListItem\",\"position\":2,\"name\":\"Die 5 sch\u00f6nsten St\u00e4dte in Cornwall \u2013 UrlaubCornwall.de Insidertipps\"}]}]}<\/script>\n<!-- \/ Yoast SEO plugin. -->","yoast_head_json":{"title":"Die 5 sch\u00f6nsten St\u00e4dte in Cornwall \u2013 UrlaubCornwall.de Insidertipps - Urlaub &amp; Reisen","robots":{"index":"index","follow":"follow","max-snippet":"max-snippet:-1","max-image-preview":"max-image-preview:large","max-video-preview":"max-video-preview:-1"},"canonical":"https:\/\/www.urlaubcornwall.de\/blog\/die-5-schoensten-staedte-in-cornwall-urlaubcornwall-de-insidertipps\/","og_locale":"en_US","og_type":"article","og_title":"Die 5 sch\u00f6nsten St\u00e4dte in Cornwall \u2013 UrlaubCornwall.de Insidertipps - Urlaub &amp; Reisen","og_description":"Es gibt keine sch\u00f6nere Region f\u00fcr einen Urlaub an der K\u00fcste S\u00fcdenglands. Hier bei UrlaubCornwall.de m\u00f6chten Ihnen Menschen, die in Cornwall leben und arbeiten, einige eher wenig bekannte, aber umso fantastischere St\u00e4dte vorstellen. St Ives St Ives ist einzigartig und ungvergleichbar mit irgendeinem anderen Ort Britanniens. Dies r\u00fchrt her von seiner Fischertradition, dem Kunsterbe und [&hellip;]","og_url":"https:\/\/www.urlaubcornwall.de\/blog\/die-5-schoensten-staedte-in-cornwall-urlaubcornwall-de-insidertipps\/","og_site_name":"Urlaub &amp; Reisen","article_modified_time":"2026-01-06T14:12:58+00:00","og_image":[{"url":"https:\/\/www.urlaubcornwall.de\/blog\/wp-content\/uploads\/2020\/05\/st_ives_hafen_blick-1.jpg"}],"twitter_card":"summary","twitter_misc":{"Est. reading time":"2 minutes"},"schema":{"@context":"https:\/\/schema.org","@graph":[{"@type":"WebSite","@id":"https:\/\/www.urlaubcornwall.de\/blog\/#website","url":"https:\/\/www.urlaubcornwall.de\/blog\/","name":"Urlaub &amp; Reisen","description":"Urlaub, Reisen, Cornwall und S\u00fcdengland: eine perfekte Kombination","potentialAction":[{"@type":"SearchAction","target":{"@type":"EntryPoint","urlTemplate":"https:\/\/www.urlaubcornwall.de\/blog\/?s={search_term_string}"},"query-input":"required name=search_term_string"}],"inLanguage":"en-US"},{"@type":"WebPage","@id":"https:\/\/www.urlaubcornwall.de\/blog\/die-5-schoensten-staedte-in-cornwall-urlaubcornwall-de-insidertipps\/","url":"https:\/\/www.urlaubcornwall.de\/blog\/die-5-schoensten-staedte-in-cornwall-urlaubcornwall-de-insidertipps\/","name":"Die 5 sch\u00f6nsten St\u00e4dte in Cornwall \u2013 UrlaubCornwall.de Insidertipps - Urlaub &amp; Reisen","isPartOf":{"@id":"https:\/\/www.urlaubcornwall.de\/blog\/#website"},"datePublished":"2020-05-20T11:01:43+00:00","dateModified":"2026-01-06T14:12:58+00:00","breadcrumb":{"@id":"https:\/\/www.urlaubcornwall.de\/blog\/die-5-schoensten-staedte-in-cornwall-urlaubcornwall-de-insidertipps\/#breadcrumb"},"inLanguage":"en-US","potentialAction":[{"@type":"ReadAction","target":["https:\/\/www.urlaubcornwall.de\/blog\/die-5-schoensten-staedte-in-cornwall-urlaubcornwall-de-insidertipps\/"]}]},{"@type":"BreadcrumbList","@id":"https:\/\/www.urlaubcornwall.de\/blog\/die-5-schoensten-staedte-in-cornwall-urlaubcornwall-de-insidertipps\/#breadcrumb","itemListElement":[{"@type":"ListItem","position":1,"name":"Home","item":"https:\/\/www.urlaubcornwall.de\/blog\/"},{"@type":"ListItem","position":2,"name":"Die 5 sch\u00f6nsten St\u00e4dte in Cornwall \u2013 UrlaubCornwall.de Insidertipps"}]}]}},"_links":{"self":[{"href":"https:\/\/www.urlaubcornwall.de\/blog\/wp-json\/wp\/v2\/pages\/40152"}],"collection":[{"href":"https:\/\/www.urlaubcornwall.de\/blog\/wp-json\/wp\/v2\/pages"}],"about":[{"href":"https:\/\/www.urlaubcornwall.de\/blog\/wp-json\/wp\/v2\/types\/page"}],"author":[{"embeddable":true,"href":"https:\/\/www.urlaubcornwall.de\/blog\/wp-json\/wp\/v2\/users\/1"}],"replies":[{"embeddable":true,"href":"https:\/\/www.urlaubcornwall.de\/blog\/wp-json\/wp\/v2\/comments?post=40152"}],"version-history":[{"count":6,"href":"https:\/\/www.urlaubcornwall.de\/blog\/wp-json\/wp\/v2\/pages\/40152\/revisions"}],"predecessor-version":[{"id":51966,"href":"https:\/\/www.urlaubcornwall.de\/blog\/wp-json\/wp\/v2\/pages\/40152\/revisions\/51966"}],"wp:attachment":[{"href":"https:\/\/www.urlaubcornwall.de\/blog\/wp-json\/wp\/v2\/media?parent=40152"}],"curies":[{"name":"wp","href":"https:\/\/api.w.org\/{rel}","templated":true}]}}