{"id":40136,"date":"2020-05-18T14:47:00","date_gmt":"2020-05-18T14:47:00","guid":{"rendered":"https:\/\/www.urlaubcornwall.de\/blog\/?page_id=40136"},"modified":"2024-04-03T11:41:12","modified_gmt":"2024-04-03T11:41:12","slug":"die-schoensten-aussichtspunkte-in-falmouth-urlaubcornwall-de-insidertipps","status":"publish","type":"page","link":"https:\/\/www.urlaubcornwall.de\/blog\/die-schoensten-aussichtspunkte-in-falmouth-urlaubcornwall-de-insidertipps\/","title":{"rendered":"Die sch\u00f6nsten Aussichtspunkte in Falmouth \u2013 UrlaubCornwall.de Insidertipps"},"content":{"rendered":"<p><a href=\"https:\/\/www.urlaubcornwall.de\/blog\/falmouth-cornwall-geschichte-sehenswuerdigkeiten-und-unterkunft\/\">Falmouth<\/a> liegt am \u00c4stuar des Flusses Fal, eines der feinsten Naturh\u00e4fen der Welt. Auf einer Landspitze mit Blick auf die Bucht von Falmouth befindet sich die Burg Pendennis Castle und \u00fcber dem Fluss in St Mawes liegt die St Mawes Burg.<\/p>\n<p><strong>Gyllyngvase Strand<\/strong><br \/>\n<img loading=\"lazy\" class=\"aligncenter size-full wp-image-40137\" src=\"https:\/\/www.urlaubcornwall.de\/blog\/wp-content\/uploads\/2020\/05\/strandhaus-cornwall_falmouth_.jpg\" alt=\"strandhaus cornwall_falmouth_\" width=\"750\" height=\"603\" srcset=\"https:\/\/www.urlaubcornwall.de\/blog\/wp-content\/uploads\/2020\/05\/strandhaus-cornwall_falmouth_.jpg 750w, https:\/\/www.urlaubcornwall.de\/blog\/wp-content\/uploads\/2020\/05\/strandhaus-cornwall_falmouth_-300x241.jpg 300w\" sizes=\"(max-width: 750px) 100vw, 750px\" \/><\/p>\n<p><strong>Falmouth Hafen von National Maritime Museum<\/strong><br \/>\n<img loading=\"lazy\" class=\"aligncenter size-full wp-image-40138\" src=\"https:\/\/www.urlaubcornwall.de\/blog\/wp-content\/uploads\/2020\/05\/falmouth-hafen.jpg\" alt=\"falmouth hafen\" width=\"749\" height=\"667\" srcset=\"https:\/\/www.urlaubcornwall.de\/blog\/wp-content\/uploads\/2020\/05\/falmouth-hafen.jpg 749w, https:\/\/www.urlaubcornwall.de\/blog\/wp-content\/uploads\/2020\/05\/falmouth-hafen-300x267.jpg 300w\" sizes=\"(max-width: 749px) 100vw, 749px\" \/><\/p>\n<p><strong>Falmouth High Street<\/strong><br \/>\n<img loading=\"lazy\" class=\"aligncenter size-full wp-image-47733\" src=\"https:\/\/www.urlaubcornwall.de\/blog\/wp-content\/uploads\/2024\/02\/gyllyngvase-strand-falmouth.jpg\" alt=\"gyllyngvase strand falmouth\" width=\"746\" height=\"399\" srcset=\"https:\/\/www.urlaubcornwall.de\/blog\/wp-content\/uploads\/2024\/02\/gyllyngvase-strand-falmouth.jpg 746w, https:\/\/www.urlaubcornwall.de\/blog\/wp-content\/uploads\/2024\/02\/gyllyngvase-strand-falmouth-300x160.jpg 300w\" sizes=\"(max-width: 746px) 100vw, 746px\" \/><\/p>\n<p><strong>Custom House Quay<\/strong><br \/>\n<img loading=\"lazy\" class=\"aligncenter size-full wp-image-40140\" src=\"https:\/\/www.urlaubcornwall.de\/blog\/wp-content\/uploads\/2020\/05\/falmouth-hafen-custom-house-quay.jpg\" alt=\"falmouth hafen custom house quay\" width=\"746\" height=\"616\" srcset=\"https:\/\/www.urlaubcornwall.de\/blog\/wp-content\/uploads\/2020\/05\/falmouth-hafen-custom-house-quay.jpg 746w, https:\/\/www.urlaubcornwall.de\/blog\/wp-content\/uploads\/2020\/05\/falmouth-hafen-custom-house-quay-300x248.jpg 300w\" sizes=\"(max-width: 746px) 100vw, 746px\" \/><\/p>\n<div class=\"snippet\"> <a class=\"featured-item\" href=\" https:\/\/www.urlaubcornwall.de\/ferienhaeuser-fewos\/falmouth.html\"> <span class=\"image-holder\" style=\"background-image: url(' https:\/\/www.urlaubcornwall.de\/blog\/wp-content\/uploads\/2019\/01\/ferienhaus-falmouth.jpg ');\"><\/span> <span class=\"featured-content\"> \n<h2 class=\"featured-title\">Ferienh\u00e4user und Ferienwohnungen in Falmouth<\/h2>\n<p class=\"featured-body\">Falmouth liegt am \u00c4stuar des Flusses Fal, eines der feinsten Naturh\u00e4fen der Welt. Auf einer Landspitze mit Blick auf die Bucht von Falmouth befindet sich die Burg Pendennis Castle und \u00fcber dem Fluss in St Mawes liegt die St Mawes Burg&#8230;&#8230;<\/p>\n<\/span> <span class=\"featured-link-holder\"> <span class=\"featured-extra-info\"> \n<p>F\u00fcr Paare, Familien &#038; Gruppen<\/p>\n<\/span> \n<p class=\"featured-link\">DETAILS<\/p>\n<\/span> <\/a><\/div>\n","protected":false},"excerpt":{"rendered":"<p>Falmouth liegt am \u00c4stuar des Flusses Fal, eines der feinsten Naturh\u00e4fen der Welt. Auf einer Landspitze mit Blick auf die Bucht von Falmouth befindet sich die Burg Pendennis Castle und \u00fcber dem Fluss in St Mawes liegt die St Mawes Burg. Gyllyngvase Strand Falmouth Hafen von National Maritime Museum Falmouth High Street Custom House Quay [&hellip;]<\/p>\n","protected":false},"author":1,"featured_media":0,"parent":0,"menu_order":0,"comment_status":"closed","ping_status":"closed","template":"single-four.php","meta":[],"acf":[],"yoast_head":"<!-- This site is optimized with the Yoast SEO plugin v19.4 - https:\/\/yoast.com\/wordpress\/plugins\/seo\/ -->\n<title>Die sch\u00f6nsten Aussichtspunkte in Falmouth \u2013 UrlaubCornwall.de Insidertipps - Urlaub &amp; Reisen<\/title>\n<meta name=\"description\" content=\"Falmouth liegt am \u00c4stuar des Flusses Fal, eines der feinsten Naturh\u00e4fen der Welt. Auf einer Landspitze mit Blick auf die Bucht von Falmouth befindet sich die Burg Pendennis Castle und \u00fcber dem Fluss in St Mawes liegt die St Mawes Burg.\" \/>\n<meta name=\"robots\" content=\"index, follow, max-snippet:-1, max-image-preview:large, max-video-preview:-1\" \/>\n<link rel=\"canonical\" href=\"https:\/\/www.urlaubcornwall.de\/blog\/die-schoensten-aussichtspunkte-in-falmouth-urlaubcornwall-de-insidertipps\/\" \/>\n<meta property=\"og:locale\" content=\"en_US\" \/>\n<meta property=\"og:type\" content=\"article\" \/>\n<meta property=\"og:title\" content=\"Die sch\u00f6nsten Aussichtspunkte in Falmouth \u2013 UrlaubCornwall.de Insidertipps - Urlaub &amp; Reisen\" \/>\n<meta property=\"og:description\" content=\"Falmouth liegt am \u00c4stuar des Flusses Fal, eines der feinsten Naturh\u00e4fen der Welt. Auf einer Landspitze mit Blick auf die Bucht von Falmouth befindet sich die Burg Pendennis Castle und \u00fcber dem Fluss in St Mawes liegt die St Mawes Burg.\" \/>\n<meta property=\"og:url\" content=\"https:\/\/www.urlaubcornwall.de\/blog\/die-schoensten-aussichtspunkte-in-falmouth-urlaubcornwall-de-insidertipps\/\" \/>\n<meta property=\"og:site_name\" content=\"Urlaub &amp; Reisen\" \/>\n<meta property=\"article:modified_time\" content=\"2024-04-03T11:41:12+00:00\" \/>\n<meta property=\"og:image\" content=\"https:\/\/www.urlaubcornwall.de\/blog\/wp-content\/uploads\/2020\/05\/strandhaus-cornwall_falmouth_.jpg\" \/>\n<meta name=\"twitter:card\" content=\"summary\" \/>\n<meta name=\"twitter:label1\" content=\"Est. reading time\" \/>\n\t<meta name=\"twitter:data1\" content=\"2 minutes\" \/>\n<script type=\"application\/ld+json\" class=\"yoast-schema-graph\">{\"@context\":\"https:\/\/schema.org\",\"@graph\":[{\"@type\":\"WebSite\",\"@id\":\"https:\/\/www.urlaubcornwall.de\/blog\/#website\",\"url\":\"https:\/\/www.urlaubcornwall.de\/blog\/\",\"name\":\"Urlaub &amp; Reisen\",\"description\":\"Urlaub, Reisen, Cornwall und S\u00fcdengland: eine perfekte Kombination\",\"potentialAction\":[{\"@type\":\"SearchAction\",\"target\":{\"@type\":\"EntryPoint\",\"urlTemplate\":\"https:\/\/www.urlaubcornwall.de\/blog\/?s={search_term_string}\"},\"query-input\":\"required name=search_term_string\"}],\"inLanguage\":\"en-US\"},{\"@type\":\"WebPage\",\"@id\":\"https:\/\/www.urlaubcornwall.de\/blog\/die-schoensten-aussichtspunkte-in-falmouth-urlaubcornwall-de-insidertipps\/\",\"url\":\"https:\/\/www.urlaubcornwall.de\/blog\/die-schoensten-aussichtspunkte-in-falmouth-urlaubcornwall-de-insidertipps\/\",\"name\":\"Die sch\u00f6nsten Aussichtspunkte in Falmouth \u2013 UrlaubCornwall.de Insidertipps - Urlaub &amp; Reisen\",\"isPartOf\":{\"@id\":\"https:\/\/www.urlaubcornwall.de\/blog\/#website\"},\"datePublished\":\"2020-05-18T14:47:00+00:00\",\"dateModified\":\"2024-04-03T11:41:12+00:00\",\"description\":\"Falmouth liegt am \u00c4stuar des Flusses Fal, eines der feinsten Naturh\u00e4fen der Welt. Auf einer Landspitze mit Blick auf die Bucht von Falmouth befindet sich die Burg Pendennis Castle und \u00fcber dem Fluss in St Mawes liegt die St Mawes Burg.\",\"breadcrumb\":{\"@id\":\"https:\/\/www.urlaubcornwall.de\/blog\/die-schoensten-aussichtspunkte-in-falmouth-urlaubcornwall-de-insidertipps\/#breadcrumb\"},\"inLanguage\":\"en-US\",\"potentialAction\":[{\"@type\":\"ReadAction\",\"target\":[\"https:\/\/www.urlaubcornwall.de\/blog\/die-schoensten-aussichtspunkte-in-falmouth-urlaubcornwall-de-insidertipps\/\"]}]},{\"@type\":\"BreadcrumbList\",\"@id\":\"https:\/\/www.urlaubcornwall.de\/blog\/die-schoensten-aussichtspunkte-in-falmouth-urlaubcornwall-de-insidertipps\/#breadcrumb\",\"itemListElement\":[{\"@type\":\"ListItem\",\"position\":1,\"name\":\"Home\",\"item\":\"https:\/\/www.urlaubcornwall.de\/blog\/\"},{\"@type\":\"ListItem\",\"position\":2,\"name\":\"Die sch\u00f6nsten Aussichtspunkte in Falmouth \u2013 UrlaubCornwall.de Insidertipps\"}]}]}<\/script>\n<!-- \/ Yoast SEO plugin. -->","yoast_head_json":{"title":"Die sch\u00f6nsten Aussichtspunkte in Falmouth \u2013 UrlaubCornwall.de Insidertipps - Urlaub &amp; Reisen","description":"Falmouth liegt am \u00c4stuar des Flusses Fal, eines der feinsten Naturh\u00e4fen der Welt. Auf einer Landspitze mit Blick auf die Bucht von Falmouth befindet sich die Burg Pendennis Castle und \u00fcber dem Fluss in St Mawes liegt die St Mawes Burg.","robots":{"index":"index","follow":"follow","max-snippet":"max-snippet:-1","max-image-preview":"max-image-preview:large","max-video-preview":"max-video-preview:-1"},"canonical":"https:\/\/www.urlaubcornwall.de\/blog\/die-schoensten-aussichtspunkte-in-falmouth-urlaubcornwall-de-insidertipps\/","og_locale":"en_US","og_type":"article","og_title":"Die sch\u00f6nsten Aussichtspunkte in Falmouth \u2013 UrlaubCornwall.de Insidertipps - Urlaub &amp; Reisen","og_description":"Falmouth liegt am \u00c4stuar des Flusses Fal, eines der feinsten Naturh\u00e4fen der Welt. Auf einer Landspitze mit Blick auf die Bucht von Falmouth befindet sich die Burg Pendennis Castle und \u00fcber dem Fluss in St Mawes liegt die St Mawes Burg.","og_url":"https:\/\/www.urlaubcornwall.de\/blog\/die-schoensten-aussichtspunkte-in-falmouth-urlaubcornwall-de-insidertipps\/","og_site_name":"Urlaub &amp; Reisen","article_modified_time":"2024-04-03T11:41:12+00:00","og_image":[{"url":"https:\/\/www.urlaubcornwall.de\/blog\/wp-content\/uploads\/2020\/05\/strandhaus-cornwall_falmouth_.jpg"}],"twitter_card":"summary","twitter_misc":{"Est. reading time":"2 minutes"},"schema":{"@context":"https:\/\/schema.org","@graph":[{"@type":"WebSite","@id":"https:\/\/www.urlaubcornwall.de\/blog\/#website","url":"https:\/\/www.urlaubcornwall.de\/blog\/","name":"Urlaub &amp; Reisen","description":"Urlaub, Reisen, Cornwall und S\u00fcdengland: eine perfekte Kombination","potentialAction":[{"@type":"SearchAction","target":{"@type":"EntryPoint","urlTemplate":"https:\/\/www.urlaubcornwall.de\/blog\/?s={search_term_string}"},"query-input":"required name=search_term_string"}],"inLanguage":"en-US"},{"@type":"WebPage","@id":"https:\/\/www.urlaubcornwall.de\/blog\/die-schoensten-aussichtspunkte-in-falmouth-urlaubcornwall-de-insidertipps\/","url":"https:\/\/www.urlaubcornwall.de\/blog\/die-schoensten-aussichtspunkte-in-falmouth-urlaubcornwall-de-insidertipps\/","name":"Die sch\u00f6nsten Aussichtspunkte in Falmouth \u2013 UrlaubCornwall.de Insidertipps - Urlaub &amp; Reisen","isPartOf":{"@id":"https:\/\/www.urlaubcornwall.de\/blog\/#website"},"datePublished":"2020-05-18T14:47:00+00:00","dateModified":"2024-04-03T11:41:12+00:00","description":"Falmouth liegt am \u00c4stuar des Flusses Fal, eines der feinsten Naturh\u00e4fen der Welt. Auf einer Landspitze mit Blick auf die Bucht von Falmouth befindet sich die Burg Pendennis Castle und \u00fcber dem Fluss in St Mawes liegt die St Mawes Burg.","breadcrumb":{"@id":"https:\/\/www.urlaubcornwall.de\/blog\/die-schoensten-aussichtspunkte-in-falmouth-urlaubcornwall-de-insidertipps\/#breadcrumb"},"inLanguage":"en-US","potentialAction":[{"@type":"ReadAction","target":["https:\/\/www.urlaubcornwall.de\/blog\/die-schoensten-aussichtspunkte-in-falmouth-urlaubcornwall-de-insidertipps\/"]}]},{"@type":"BreadcrumbList","@id":"https:\/\/www.urlaubcornwall.de\/blog\/die-schoensten-aussichtspunkte-in-falmouth-urlaubcornwall-de-insidertipps\/#breadcrumb","itemListElement":[{"@type":"ListItem","position":1,"name":"Home","item":"https:\/\/www.urlaubcornwall.de\/blog\/"},{"@type":"ListItem","position":2,"name":"Die sch\u00f6nsten Aussichtspunkte in Falmouth \u2013 UrlaubCornwall.de Insidertipps"}]}]}},"_links":{"self":[{"href":"https:\/\/www.urlaubcornwall.de\/blog\/wp-json\/wp\/v2\/pages\/40136"}],"collection":[{"href":"https:\/\/www.urlaubcornwall.de\/blog\/wp-json\/wp\/v2\/pages"}],"about":[{"href":"https:\/\/www.urlaubcornwall.de\/blog\/wp-json\/wp\/v2\/types\/page"}],"author":[{"embeddable":true,"href":"https:\/\/www.urlaubcornwall.de\/blog\/wp-json\/wp\/v2\/users\/1"}],"replies":[{"embeddable":true,"href":"https:\/\/www.urlaubcornwall.de\/blog\/wp-json\/wp\/v2\/comments?post=40136"}],"version-history":[{"count":3,"href":"https:\/\/www.urlaubcornwall.de\/blog\/wp-json\/wp\/v2\/pages\/40136\/revisions"}],"predecessor-version":[{"id":48778,"href":"https:\/\/www.urlaubcornwall.de\/blog\/wp-json\/wp\/v2\/pages\/40136\/revisions\/48778"}],"wp:attachment":[{"href":"https:\/\/www.urlaubcornwall.de\/blog\/wp-json\/wp\/v2\/media?parent=40136"}],"curies":[{"name":"wp","href":"https:\/\/api.w.org\/{rel}","templated":true}]}}