{"id":40120,"date":"2020-05-18T11:57:46","date_gmt":"2020-05-18T11:57:46","guid":{"rendered":"https:\/\/www.urlaubcornwall.de\/blog\/?page_id=40120"},"modified":"2024-04-03T11:11:58","modified_gmt":"2024-04-03T11:11:58","slug":"die-schoensten-aussichtspunkte-in-st-ives-urlaubcornwall-de-insidertipps","status":"publish","type":"page","link":"https:\/\/www.urlaubcornwall.de\/blog\/die-schoensten-aussichtspunkte-in-st-ives-urlaubcornwall-de-insidertipps\/","title":{"rendered":"Die sch\u00f6nsten Aussichtspunkte in St Ives \u2013 UrlaubCornwall.de Insidertipps"},"content":{"rendered":"<p>St Ives eines der Juwelen der britischen Krone. <a href=\"https:\/\/www.urlaubcornwall.de\/ferienhaeuser-fewos\/st-ives.html\">St Ives<\/a> ist ein Labyrinth mit gepflasterten Stra\u00dfen, Fischerh\u00e4uschen, Gesch\u00e4ften, Galerien und Restaurants, die alle f\u00f6rmlich darauf warten, entdeckt zu werden. Mit In dem St\u00e4dtchen ist die Tate St Ives Galerie beheimatet, die zu einer der beliebtesten Attraktionen in Cornwall z\u00e4hlt.<\/p>\n<p><strong>St Ives Hafen<\/strong><br \/>\n<img loading=\"lazy\" class=\"aligncenter size-full wp-image-40098\" src=\"https:\/\/www.urlaubcornwall.de\/blog\/wp-content\/uploads\/2020\/05\/st_ives_hafen_blick-1.jpg\" alt=\"st_ives_hafen_blick\" width=\"750\" height=\"656\"\/><\/p>\n<p><strong>Porthminster Strand<\/strong><br \/>\n<img loading=\"lazy\" class=\"aligncenter size-full wp-image-40122\" src=\"https:\/\/www.urlaubcornwall.de\/blog\/wp-content\/uploads\/2020\/05\/St-Ives-sommer-blick.jpg\" alt=\"\" width=\"750\" height=\"699\" srcset=\"https:\/\/www.urlaubcornwall.de\/blog\/wp-content\/uploads\/2020\/05\/St-Ives-sommer-blick.jpg 750w, https:\/\/www.urlaubcornwall.de\/blog\/wp-content\/uploads\/2020\/05\/St-Ives-sommer-blick-300x280.jpg 300w\" sizes=\"(max-width: 750px) 100vw, 750px\" \/><\/p>\n<p><strong>Ebbe in St Ives<\/strong><br \/>\n<img loading=\"lazy\" class=\"aligncenter size-full wp-image-40184\" src=\"https:\/\/www.urlaubcornwall.de\/blog\/wp-content\/uploads\/2020\/05\/st-ives-hafen.jpg\" alt=\" hafen Ebbe in St. Ives\" width=\"750\" height=\"602\"\/><\/p>\n<p><strong>St Ives &#8211; Blick \u00fcber die D\u00e4cher und zum Hafen<\/strong><br \/>\n<img loading=\"lazy\" class=\"aligncenter size-full wp-image-40187\" src=\"https:\/\/www.urlaubcornwall.de\/blog\/wp-content\/uploads\/2020\/05\/st-ives-blick-hafen.jpg\" alt=\"st ives blick hafen\" width=\"750\" height=\"602\"\/><\/p>\n<p><strong>Porthmeor Strand<\/strong><br \/>\n<img loading=\"lazy\" class=\"aligncenter size-full wp-image-48155\" src=\"https:\/\/www.urlaubcornwall.de\/blog\/wp-content\/uploads\/2024\/03\/porthmeor-strand.jpg\" alt=\"porthmeor-strand\" width=\"750\" height=\"500\" srcset=\"https:\/\/www.urlaubcornwall.de\/blog\/wp-content\/uploads\/2024\/03\/porthmeor-strand.jpg 750w, https:\/\/www.urlaubcornwall.de\/blog\/wp-content\/uploads\/2024\/03\/porthmeor-strand-300x200.jpg 300w\" sizes=\"(max-width: 750px) 100vw, 750px\" \/><\/p>\n<div class=\"snippet\"> <a class=\"featured-item\" href=\" https:\/\/www.urlaubcornwall.de\/ferienhaeuser-fewos\/st-ives-umgebung.html\"> <span class=\"image-holder\" style=\"background-image: url(' https:\/\/www.urlaubcornwall.de\/blog\/wp-content\/uploads\/2019\/08\/ferienhaus-lands-end.jpg ');\"><\/span> <span class=\"featured-content\"> \n<h2 class=\"featured-title\">Ferienh\u00e4user und Ferienwohnungen in St Ives<\/h2>\n<p class=\"featured-body\">St Ives eines der Juwelen der britischen Krone. St Ives ist ein Labyrinth mit gepflasterten Stra\u00dfen, Fischerh\u00e4uschen, Gesch\u00e4ften, Galerien und Restaurants, die alle f\u00f6rmlich darauf warten, entdeckt zu werden&#8230;&#8230;<\/p>\n<\/span> <span class=\"featured-link-holder\"> <span class=\"featured-extra-info\"> \n<p>F\u00fcr Paare, Familien &#038; Gruppen<\/p>\n<\/span> \n<p class=\"featured-link\">DETAILS<\/p>\n<\/span> <\/a><\/div>\n","protected":false},"excerpt":{"rendered":"<p>St Ives eines der Juwelen der britischen Krone. St Ives ist ein Labyrinth mit gepflasterten Stra\u00dfen, Fischerh\u00e4uschen, Gesch\u00e4ften, Galerien und Restaurants, die alle f\u00f6rmlich darauf warten, entdeckt zu werden. Mit In dem St\u00e4dtchen ist die Tate St Ives Galerie beheimatet, die zu einer der beliebtesten Attraktionen in Cornwall z\u00e4hlt. St Ives Hafen Porthminster Strand Ebbe [&hellip;]<\/p>\n","protected":false},"author":1,"featured_media":0,"parent":0,"menu_order":0,"comment_status":"closed","ping_status":"closed","template":"single-four.php","meta":[],"acf":[],"yoast_head":"<!-- This site is optimized with the Yoast SEO plugin v19.4 - https:\/\/yoast.com\/wordpress\/plugins\/seo\/ -->\n<title>Die sch\u00f6nsten Aussichtspunkte in St Ives \u2013 UrlaubCornwall.de Insidertipps - Urlaub &amp; Reisen<\/title>\n<meta name=\"description\" content=\"Insider Tipps zur Geschichte, den Sehensw\u00fcrdigkeiten und Dingen, die es in St Ives w\u00e4hrend eines Urlaubs in diesem wundersch\u00f6nen Teil Westcornwalls zu tun gibt. St Ives ist einzigartig und ungvergleichbar mit irgendeinem anderen Ort Britanniens.\" \/>\n<meta name=\"robots\" content=\"index, follow, max-snippet:-1, max-image-preview:large, max-video-preview:-1\" \/>\n<link rel=\"canonical\" href=\"https:\/\/www.urlaubcornwall.de\/blog\/die-schoensten-aussichtspunkte-in-st-ives-urlaubcornwall-de-insidertipps\/\" \/>\n<meta property=\"og:locale\" content=\"en_US\" \/>\n<meta property=\"og:type\" content=\"article\" \/>\n<meta property=\"og:title\" content=\"Die sch\u00f6nsten Aussichtspunkte in St Ives \u2013 UrlaubCornwall.de Insidertipps - Urlaub &amp; Reisen\" \/>\n<meta property=\"og:description\" content=\"Insider Tipps zur Geschichte, den Sehensw\u00fcrdigkeiten und Dingen, die es in St Ives w\u00e4hrend eines Urlaubs in diesem wundersch\u00f6nen Teil Westcornwalls zu tun gibt. St Ives ist einzigartig und ungvergleichbar mit irgendeinem anderen Ort Britanniens.\" \/>\n<meta property=\"og:url\" content=\"https:\/\/www.urlaubcornwall.de\/blog\/die-schoensten-aussichtspunkte-in-st-ives-urlaubcornwall-de-insidertipps\/\" \/>\n<meta property=\"og:site_name\" content=\"Urlaub &amp; Reisen\" \/>\n<meta property=\"article:modified_time\" content=\"2024-04-03T11:11:58+00:00\" \/>\n<meta property=\"og:image\" content=\"https:\/\/www.urlaubcornwall.de\/blog\/wp-content\/uploads\/2020\/05\/st_ives_hafen_blick-1.jpg\" \/>\n<meta name=\"twitter:card\" content=\"summary\" \/>\n<meta name=\"twitter:label1\" content=\"Est. reading time\" \/>\n\t<meta name=\"twitter:data1\" content=\"2 minutes\" \/>\n<script type=\"application\/ld+json\" class=\"yoast-schema-graph\">{\"@context\":\"https:\/\/schema.org\",\"@graph\":[{\"@type\":\"WebSite\",\"@id\":\"https:\/\/www.urlaubcornwall.de\/blog\/#website\",\"url\":\"https:\/\/www.urlaubcornwall.de\/blog\/\",\"name\":\"Urlaub &amp; Reisen\",\"description\":\"Urlaub, Reisen, Cornwall und S\u00fcdengland: eine perfekte Kombination\",\"potentialAction\":[{\"@type\":\"SearchAction\",\"target\":{\"@type\":\"EntryPoint\",\"urlTemplate\":\"https:\/\/www.urlaubcornwall.de\/blog\/?s={search_term_string}\"},\"query-input\":\"required name=search_term_string\"}],\"inLanguage\":\"en-US\"},{\"@type\":\"WebPage\",\"@id\":\"https:\/\/www.urlaubcornwall.de\/blog\/die-schoensten-aussichtspunkte-in-st-ives-urlaubcornwall-de-insidertipps\/\",\"url\":\"https:\/\/www.urlaubcornwall.de\/blog\/die-schoensten-aussichtspunkte-in-st-ives-urlaubcornwall-de-insidertipps\/\",\"name\":\"Die sch\u00f6nsten Aussichtspunkte in St Ives \u2013 UrlaubCornwall.de Insidertipps - Urlaub &amp; Reisen\",\"isPartOf\":{\"@id\":\"https:\/\/www.urlaubcornwall.de\/blog\/#website\"},\"datePublished\":\"2020-05-18T11:57:46+00:00\",\"dateModified\":\"2024-04-03T11:11:58+00:00\",\"description\":\"Insider Tipps zur Geschichte, den Sehensw\u00fcrdigkeiten und Dingen, die es in St Ives w\u00e4hrend eines Urlaubs in diesem wundersch\u00f6nen Teil Westcornwalls zu tun gibt. St Ives ist einzigartig und ungvergleichbar mit irgendeinem anderen Ort Britanniens.\",\"breadcrumb\":{\"@id\":\"https:\/\/www.urlaubcornwall.de\/blog\/die-schoensten-aussichtspunkte-in-st-ives-urlaubcornwall-de-insidertipps\/#breadcrumb\"},\"inLanguage\":\"en-US\",\"potentialAction\":[{\"@type\":\"ReadAction\",\"target\":[\"https:\/\/www.urlaubcornwall.de\/blog\/die-schoensten-aussichtspunkte-in-st-ives-urlaubcornwall-de-insidertipps\/\"]}]},{\"@type\":\"BreadcrumbList\",\"@id\":\"https:\/\/www.urlaubcornwall.de\/blog\/die-schoensten-aussichtspunkte-in-st-ives-urlaubcornwall-de-insidertipps\/#breadcrumb\",\"itemListElement\":[{\"@type\":\"ListItem\",\"position\":1,\"name\":\"Home\",\"item\":\"https:\/\/www.urlaubcornwall.de\/blog\/\"},{\"@type\":\"ListItem\",\"position\":2,\"name\":\"Die sch\u00f6nsten Aussichtspunkte in St Ives \u2013 UrlaubCornwall.de Insidertipps\"}]}]}<\/script>\n<!-- \/ Yoast SEO plugin. -->","yoast_head_json":{"title":"Die sch\u00f6nsten Aussichtspunkte in St Ives \u2013 UrlaubCornwall.de Insidertipps - Urlaub &amp; Reisen","description":"Insider Tipps zur Geschichte, den Sehensw\u00fcrdigkeiten und Dingen, die es in St Ives w\u00e4hrend eines Urlaubs in diesem wundersch\u00f6nen Teil Westcornwalls zu tun gibt. St Ives ist einzigartig und ungvergleichbar mit irgendeinem anderen Ort Britanniens.","robots":{"index":"index","follow":"follow","max-snippet":"max-snippet:-1","max-image-preview":"max-image-preview:large","max-video-preview":"max-video-preview:-1"},"canonical":"https:\/\/www.urlaubcornwall.de\/blog\/die-schoensten-aussichtspunkte-in-st-ives-urlaubcornwall-de-insidertipps\/","og_locale":"en_US","og_type":"article","og_title":"Die sch\u00f6nsten Aussichtspunkte in St Ives \u2013 UrlaubCornwall.de Insidertipps - Urlaub &amp; Reisen","og_description":"Insider Tipps zur Geschichte, den Sehensw\u00fcrdigkeiten und Dingen, die es in St Ives w\u00e4hrend eines Urlaubs in diesem wundersch\u00f6nen Teil Westcornwalls zu tun gibt. St Ives ist einzigartig und ungvergleichbar mit irgendeinem anderen Ort Britanniens.","og_url":"https:\/\/www.urlaubcornwall.de\/blog\/die-schoensten-aussichtspunkte-in-st-ives-urlaubcornwall-de-insidertipps\/","og_site_name":"Urlaub &amp; Reisen","article_modified_time":"2024-04-03T11:11:58+00:00","og_image":[{"url":"https:\/\/www.urlaubcornwall.de\/blog\/wp-content\/uploads\/2020\/05\/st_ives_hafen_blick-1.jpg"}],"twitter_card":"summary","twitter_misc":{"Est. reading time":"2 minutes"},"schema":{"@context":"https:\/\/schema.org","@graph":[{"@type":"WebSite","@id":"https:\/\/www.urlaubcornwall.de\/blog\/#website","url":"https:\/\/www.urlaubcornwall.de\/blog\/","name":"Urlaub &amp; Reisen","description":"Urlaub, Reisen, Cornwall und S\u00fcdengland: eine perfekte Kombination","potentialAction":[{"@type":"SearchAction","target":{"@type":"EntryPoint","urlTemplate":"https:\/\/www.urlaubcornwall.de\/blog\/?s={search_term_string}"},"query-input":"required name=search_term_string"}],"inLanguage":"en-US"},{"@type":"WebPage","@id":"https:\/\/www.urlaubcornwall.de\/blog\/die-schoensten-aussichtspunkte-in-st-ives-urlaubcornwall-de-insidertipps\/","url":"https:\/\/www.urlaubcornwall.de\/blog\/die-schoensten-aussichtspunkte-in-st-ives-urlaubcornwall-de-insidertipps\/","name":"Die sch\u00f6nsten Aussichtspunkte in St Ives \u2013 UrlaubCornwall.de Insidertipps - Urlaub &amp; Reisen","isPartOf":{"@id":"https:\/\/www.urlaubcornwall.de\/blog\/#website"},"datePublished":"2020-05-18T11:57:46+00:00","dateModified":"2024-04-03T11:11:58+00:00","description":"Insider Tipps zur Geschichte, den Sehensw\u00fcrdigkeiten und Dingen, die es in St Ives w\u00e4hrend eines Urlaubs in diesem wundersch\u00f6nen Teil Westcornwalls zu tun gibt. St Ives ist einzigartig und ungvergleichbar mit irgendeinem anderen Ort Britanniens.","breadcrumb":{"@id":"https:\/\/www.urlaubcornwall.de\/blog\/die-schoensten-aussichtspunkte-in-st-ives-urlaubcornwall-de-insidertipps\/#breadcrumb"},"inLanguage":"en-US","potentialAction":[{"@type":"ReadAction","target":["https:\/\/www.urlaubcornwall.de\/blog\/die-schoensten-aussichtspunkte-in-st-ives-urlaubcornwall-de-insidertipps\/"]}]},{"@type":"BreadcrumbList","@id":"https:\/\/www.urlaubcornwall.de\/blog\/die-schoensten-aussichtspunkte-in-st-ives-urlaubcornwall-de-insidertipps\/#breadcrumb","itemListElement":[{"@type":"ListItem","position":1,"name":"Home","item":"https:\/\/www.urlaubcornwall.de\/blog\/"},{"@type":"ListItem","position":2,"name":"Die sch\u00f6nsten Aussichtspunkte in St Ives \u2013 UrlaubCornwall.de Insidertipps"}]}]}},"_links":{"self":[{"href":"https:\/\/www.urlaubcornwall.de\/blog\/wp-json\/wp\/v2\/pages\/40120"}],"collection":[{"href":"https:\/\/www.urlaubcornwall.de\/blog\/wp-json\/wp\/v2\/pages"}],"about":[{"href":"https:\/\/www.urlaubcornwall.de\/blog\/wp-json\/wp\/v2\/types\/page"}],"author":[{"embeddable":true,"href":"https:\/\/www.urlaubcornwall.de\/blog\/wp-json\/wp\/v2\/users\/1"}],"replies":[{"embeddable":true,"href":"https:\/\/www.urlaubcornwall.de\/blog\/wp-json\/wp\/v2\/comments?post=40120"}],"version-history":[{"count":7,"href":"https:\/\/www.urlaubcornwall.de\/blog\/wp-json\/wp\/v2\/pages\/40120\/revisions"}],"predecessor-version":[{"id":48771,"href":"https:\/\/www.urlaubcornwall.de\/blog\/wp-json\/wp\/v2\/pages\/40120\/revisions\/48771"}],"wp:attachment":[{"href":"https:\/\/www.urlaubcornwall.de\/blog\/wp-json\/wp\/v2\/media?parent=40120"}],"curies":[{"name":"wp","href":"https:\/\/api.w.org\/{rel}","templated":true}]}}