{"id":40095,"date":"2020-05-15T13:37:55","date_gmt":"2020-05-15T13:37:55","guid":{"rendered":"https:\/\/www.urlaubcornwall.de\/blog\/?page_id=40095"},"modified":"2026-01-06T14:14:52","modified_gmt":"2026-01-06T14:14:52","slug":"die-schoensten-aussichtspunkte-in-cornwall-urlaubcornwall-de-insidertipps","status":"publish","type":"page","link":"https:\/\/www.urlaubcornwall.de\/blog\/die-schoensten-aussichtspunkte-in-cornwall-urlaubcornwall-de-insidertipps\/","title":{"rendered":"Die sch\u00f6nsten Aussichtspunkte in Cornwall &#8211; UrlaubCornwall.de Insidertipps"},"content":{"rendered":"<p>Die Sch\u00f6nheit der kornischen K\u00fcste und der dramatische Kontrast zwischen Land und Meer sind bei einem <a href=\"https:\/\/www.urlaubcornwall.de\/reiseziel\/cornwall.php\">Urlaub in Cornwall<\/a> immer in greifbarer N\u00e4he. Es gibt keine sch\u00f6nere Region f\u00fcr einen Urlaub an der K\u00fcste S\u00fcdenglands. <\/p>\n<p><strong>Mullion auf der Lizard Halbinsel<\/strong><br \/>\n<img loading=\"lazy\" class=\"aligncenter size-full wp-image-40098\" src=\"https:\/\/www.urlaubcornwall.de\/blog\/wp-content\/uploads\/2020\/05\/mullion-blick.jpg\" alt=\"mullion blick\" width=\"750\" height=\"562\" srcset=\"https:\/\/www.urlaubcornwall.de\/blog\/wp-content\/uploads\/2020\/05\/mullion-blick.jpg 750w, https:\/\/www.urlaubcornwall.de\/blog\/wp-content\/uploads\/2020\/05\/mullion-blick-300x225.jpg 300w\" sizes=\"(max-width: 750px) 100vw, 750px\" \/><\/p>\n<p>Ein wahrhaftes Zentrum an Aktivit\u00e4t auf der Lizard Halbinsel und vollgepackt mit Caf\u00e9s, Kneipen, Kunsthandwerkszentren und Gesch\u00e4ften. <a href=\"https:\/\/www.urlaubcornwall.de\/ferienhaeuser-fewos\/mullion.html\">Ferienh\u00e4user, Ferienwohnungen &#038; Cottages in Mullion<\/a><\/p>\n<p><strong>St Martin&#8217;s, Isles of Scilly<\/strong><br \/>\n<img loading=\"lazy\" class=\"aligncenter size-full wp-image-40101\" src=\"https:\/\/www.urlaubcornwall.de\/blog\/wp-content\/uploads\/2020\/05\/st-martins-blick.jpg\" alt=\"st martins blick\" width=\"750\" height=\"607\" srcset=\"https:\/\/www.urlaubcornwall.de\/blog\/wp-content\/uploads\/2020\/05\/st-martins-blick.jpg 750w, https:\/\/www.urlaubcornwall.de\/blog\/wp-content\/uploads\/2020\/05\/st-martins-blick-300x243.jpg 300w\" sizes=\"(max-width: 750px) 100vw, 750px\" \/><\/p>\n<p><a href=\"https:\/\/www.urlaubcornwall.de\/blog\/scilly-inseln-st-martins\/\">St Martin&#8217;s<\/a> ist eine lebendige Insel mit ungef\u00e4hr 120 Einwohnern. Es gibt eine Blumenfarm und einen Weingarten, die beide f\u00fcr Besucher ge\u00f6ffnet sind, eine Tauchschule, die Schnorcheln mit Seehunden anbietet, einen Silberschmuckdesigner, eine bl\u00fchende B\u00e4ckerei voller hausgemachter Brote und eine Kunstgalerie, die Werke \u00f6rtlich ans\u00e4ssiger K\u00fcnstler darstellt.<\/p>\n<p><strong>Fistral Strand, Newquay<\/strong><br \/>\n<img loading=\"lazy\" class=\"aligncenter size-full wp-image-40102\" src=\"https:\/\/www.urlaubcornwall.de\/blog\/wp-content\/uploads\/2020\/05\/fistral-strand-blick.jpg\" alt=\"fistral strand blick\" width=\"750\" height=\"607\"\/><\/p>\n<p>Fistral Beach ist einer der weltweiten top Surforte und Cornwalls beliebtester Strand. S\u00e4mtliche Surfmeisterschaften des UK finden hier statt. N\u00f6rdlich des Strandes befindet sich das Towan Hochland und s\u00fcdlich das Pentire Hochland. Am n\u00f6rdlichen Ende des Strandes gibt es jede Menge Angebote, einschlie\u00dflich eines Surfzentrums, Toiletten, Caf\u00e9s, Surfboards und Surfanz\u00fcge zu mieten, sowie einen Golfplatz. <a href=\"https:\/\/www.urlaubcornwall.de\/ferienhaeuser-fewos\/newquay.html\">Ferienh\u00e4user, Ferienwohnungen &#038; Cottages in Newquay<\/a><\/p>\n<p><strong>Land&#8217;s End, West Cornwall<\/strong><br \/>\n<img loading=\"lazy\" class=\"aligncenter size-full wp-image-40103\" src=\"https:\/\/www.urlaubcornwall.de\/blog\/wp-content\/uploads\/2020\/05\/lands-end-blick2.jpg\" alt=\"lands end blick\" width=\"750\" height=\"641\" srcset=\"https:\/\/www.urlaubcornwall.de\/blog\/wp-content\/uploads\/2020\/05\/lands-end-blick2.jpg 750w, https:\/\/www.urlaubcornwall.de\/blog\/wp-content\/uploads\/2020\/05\/lands-end-blick2-300x256.jpg 300w\" sizes=\"(max-width: 750px) 100vw, 750px\" \/><\/p>\n<p>Der Anfang (oder das Ende) zahlreicher wohlt\u00e4tiger Wanderungen, Radtouren oder Autofahrten, so ist Lands End Englands westlichster Punkt. Hier verlieren Sie den festen Boden unter Ihren F\u00fc\u00dfen&#8230;<a href=\"https:\/\/www.urlaubcornwall.de\/ferienhaeuser-fewos\/lands-end.html\">Ferienh\u00e4user, Ferienwohnungen &#038; Cottages in Land&#8217;s End<\/a><\/p>\n<p><strong>Kynance Cove, S\u00fcdcornwall<\/strong><br \/>\n<img loading=\"lazy\" class=\"aligncenter size-full wp-image-40104\" src=\"https:\/\/www.urlaubcornwall.de\/blog\/wp-content\/uploads\/2020\/05\/kynance-cobe-blick.jpg\" alt=\"kynance cove blick\" width=\"750\" height=\"671\"\/><\/p>\n<p>Kynance Cove ist einer der spektakul\u00e4rsten Str\u00e4nde der Welt, und daher auch einer der meist fotografierten und gemalten Orte in Cornwall. Es ist ein steiler 10-15 min\u00fctiger Spaziergang hinunter zur Bucht, doch er ist es wert, um den rein wei\u00dfen Sand und das im Sonnenschein T\u00fcrkis schimmernde Meer zu sehen. <a href=\"https:\/\/www.urlaubcornwall.de\/ferienhaeuser-fewos\/lizard-halbinsel.html\">Ferienh\u00e4user, Ferienwohnungen &#038; Cottages auf der Lizard-Halbinsel<\/a><\/p>\n<p><strong>St Ives Hafen, West Cornwall<\/strong><br \/>\n<img loading=\"lazy\" class=\"aligncenter size-full wp-image-40107\" src=\"https:\/\/www.urlaubcornwall.de\/blog\/wp-content\/uploads\/2020\/05\/st_ives_hafen_blick.jpg\" alt=\"st_ives_hafen_blick\" width=\"750\" height=\"704\"\/><\/p>\n<p>St Ives eines der Juwelen der britischen Krone. St Ives ist ein Labyrinth mit gepflasterten Stra\u00dfen, Fischerh\u00e4uschen, Gesch\u00e4ften, Galerien und Restaurants, die alle f\u00f6rmlich darauf warten, entdeckt zu werden. <a href=\"https:\/\/www.urlaubcornwall.de\/ferienhaeuser-fewos\/st-ives.html\">Ferienh\u00e4user, Ferienwohnungen &#038; Cottages in St Ives und Umgebung<\/a><\/p>\n","protected":false},"excerpt":{"rendered":"<p>Die Sch\u00f6nheit der kornischen K\u00fcste und der dramatische Kontrast zwischen Land und Meer sind bei einem Urlaub in Cornwall immer in greifbarer N\u00e4he. Es gibt keine sch\u00f6nere Region f\u00fcr einen Urlaub an der K\u00fcste S\u00fcdenglands. Mullion auf der Lizard Halbinsel Ein wahrhaftes Zentrum an Aktivit\u00e4t auf der Lizard Halbinsel und vollgepackt mit Caf\u00e9s, Kneipen, Kunsthandwerkszentren [&hellip;]<\/p>\n","protected":false},"author":1,"featured_media":0,"parent":0,"menu_order":0,"comment_status":"closed","ping_status":"closed","template":"single-four.php","meta":[],"acf":[],"yoast_head":"<!-- This site is optimized with the Yoast SEO plugin v19.4 - https:\/\/yoast.com\/wordpress\/plugins\/seo\/ -->\n<title>Die sch\u00f6nsten Aussichtspunkte in Cornwall - UrlaubCornwall.de Insidertipps - Urlaub &amp; Reisen<\/title>\n<meta name=\"description\" content=\"Die Sch\u00f6nheit der kornischen K\u00fcste und der dramatische Kontrast zwischen Land und Meer sind bei einem Urlaub in Cornwall immer in greifbarer N\u00e4he. Es gibt keine sch\u00f6nere Region f\u00fcr einen Urlaub an der K\u00fcste S\u00fcdenglands.\" \/>\n<meta name=\"robots\" content=\"index, follow, max-snippet:-1, max-image-preview:large, max-video-preview:-1\" \/>\n<link rel=\"canonical\" href=\"https:\/\/www.urlaubcornwall.de\/blog\/die-schoensten-aussichtspunkte-in-cornwall-urlaubcornwall-de-insidertipps\/\" \/>\n<meta property=\"og:locale\" content=\"en_US\" \/>\n<meta property=\"og:type\" content=\"article\" \/>\n<meta property=\"og:title\" content=\"Die sch\u00f6nsten Aussichtspunkte in Cornwall - UrlaubCornwall.de Insidertipps - Urlaub &amp; Reisen\" \/>\n<meta property=\"og:description\" content=\"Die Sch\u00f6nheit der kornischen K\u00fcste und der dramatische Kontrast zwischen Land und Meer sind bei einem Urlaub in Cornwall immer in greifbarer N\u00e4he. Es gibt keine sch\u00f6nere Region f\u00fcr einen Urlaub an der K\u00fcste S\u00fcdenglands.\" \/>\n<meta property=\"og:url\" content=\"https:\/\/www.urlaubcornwall.de\/blog\/die-schoensten-aussichtspunkte-in-cornwall-urlaubcornwall-de-insidertipps\/\" \/>\n<meta property=\"og:site_name\" content=\"Urlaub &amp; Reisen\" \/>\n<meta property=\"article:modified_time\" content=\"2026-01-06T14:14:52+00:00\" \/>\n<meta property=\"og:image\" content=\"https:\/\/www.urlaubcornwall.de\/blog\/wp-content\/uploads\/2020\/05\/mullion-blick.jpg\" \/>\n<meta name=\"twitter:card\" content=\"summary\" \/>\n<meta name=\"twitter:label1\" content=\"Est. reading time\" \/>\n\t<meta name=\"twitter:data1\" content=\"3 minutes\" \/>\n<script type=\"application\/ld+json\" class=\"yoast-schema-graph\">{\"@context\":\"https:\/\/schema.org\",\"@graph\":[{\"@type\":\"WebSite\",\"@id\":\"https:\/\/www.urlaubcornwall.de\/blog\/#website\",\"url\":\"https:\/\/www.urlaubcornwall.de\/blog\/\",\"name\":\"Urlaub &amp; Reisen\",\"description\":\"Urlaub, Reisen, Cornwall und S\u00fcdengland: eine perfekte Kombination\",\"potentialAction\":[{\"@type\":\"SearchAction\",\"target\":{\"@type\":\"EntryPoint\",\"urlTemplate\":\"https:\/\/www.urlaubcornwall.de\/blog\/?s={search_term_string}\"},\"query-input\":\"required name=search_term_string\"}],\"inLanguage\":\"en-US\"},{\"@type\":\"WebPage\",\"@id\":\"https:\/\/www.urlaubcornwall.de\/blog\/die-schoensten-aussichtspunkte-in-cornwall-urlaubcornwall-de-insidertipps\/\",\"url\":\"https:\/\/www.urlaubcornwall.de\/blog\/die-schoensten-aussichtspunkte-in-cornwall-urlaubcornwall-de-insidertipps\/\",\"name\":\"Die sch\u00f6nsten Aussichtspunkte in Cornwall - UrlaubCornwall.de Insidertipps - Urlaub &amp; Reisen\",\"isPartOf\":{\"@id\":\"https:\/\/www.urlaubcornwall.de\/blog\/#website\"},\"datePublished\":\"2020-05-15T13:37:55+00:00\",\"dateModified\":\"2026-01-06T14:14:52+00:00\",\"description\":\"Die Sch\u00f6nheit der kornischen K\u00fcste und der dramatische Kontrast zwischen Land und Meer sind bei einem Urlaub in Cornwall immer in greifbarer N\u00e4he. Es gibt keine sch\u00f6nere Region f\u00fcr einen Urlaub an der K\u00fcste S\u00fcdenglands.\",\"breadcrumb\":{\"@id\":\"https:\/\/www.urlaubcornwall.de\/blog\/die-schoensten-aussichtspunkte-in-cornwall-urlaubcornwall-de-insidertipps\/#breadcrumb\"},\"inLanguage\":\"en-US\",\"potentialAction\":[{\"@type\":\"ReadAction\",\"target\":[\"https:\/\/www.urlaubcornwall.de\/blog\/die-schoensten-aussichtspunkte-in-cornwall-urlaubcornwall-de-insidertipps\/\"]}]},{\"@type\":\"BreadcrumbList\",\"@id\":\"https:\/\/www.urlaubcornwall.de\/blog\/die-schoensten-aussichtspunkte-in-cornwall-urlaubcornwall-de-insidertipps\/#breadcrumb\",\"itemListElement\":[{\"@type\":\"ListItem\",\"position\":1,\"name\":\"Home\",\"item\":\"https:\/\/www.urlaubcornwall.de\/blog\/\"},{\"@type\":\"ListItem\",\"position\":2,\"name\":\"Die sch\u00f6nsten Aussichtspunkte in Cornwall &#8211; UrlaubCornwall.de Insidertipps\"}]}]}<\/script>\n<!-- \/ Yoast SEO plugin. -->","yoast_head_json":{"title":"Die sch\u00f6nsten Aussichtspunkte in Cornwall - UrlaubCornwall.de Insidertipps - Urlaub &amp; Reisen","description":"Die Sch\u00f6nheit der kornischen K\u00fcste und der dramatische Kontrast zwischen Land und Meer sind bei einem Urlaub in Cornwall immer in greifbarer N\u00e4he. Es gibt keine sch\u00f6nere Region f\u00fcr einen Urlaub an der K\u00fcste S\u00fcdenglands.","robots":{"index":"index","follow":"follow","max-snippet":"max-snippet:-1","max-image-preview":"max-image-preview:large","max-video-preview":"max-video-preview:-1"},"canonical":"https:\/\/www.urlaubcornwall.de\/blog\/die-schoensten-aussichtspunkte-in-cornwall-urlaubcornwall-de-insidertipps\/","og_locale":"en_US","og_type":"article","og_title":"Die sch\u00f6nsten Aussichtspunkte in Cornwall - UrlaubCornwall.de Insidertipps - Urlaub &amp; Reisen","og_description":"Die Sch\u00f6nheit der kornischen K\u00fcste und der dramatische Kontrast zwischen Land und Meer sind bei einem Urlaub in Cornwall immer in greifbarer N\u00e4he. Es gibt keine sch\u00f6nere Region f\u00fcr einen Urlaub an der K\u00fcste S\u00fcdenglands.","og_url":"https:\/\/www.urlaubcornwall.de\/blog\/die-schoensten-aussichtspunkte-in-cornwall-urlaubcornwall-de-insidertipps\/","og_site_name":"Urlaub &amp; Reisen","article_modified_time":"2026-01-06T14:14:52+00:00","og_image":[{"url":"https:\/\/www.urlaubcornwall.de\/blog\/wp-content\/uploads\/2020\/05\/mullion-blick.jpg"}],"twitter_card":"summary","twitter_misc":{"Est. reading time":"3 minutes"},"schema":{"@context":"https:\/\/schema.org","@graph":[{"@type":"WebSite","@id":"https:\/\/www.urlaubcornwall.de\/blog\/#website","url":"https:\/\/www.urlaubcornwall.de\/blog\/","name":"Urlaub &amp; Reisen","description":"Urlaub, Reisen, Cornwall und S\u00fcdengland: eine perfekte Kombination","potentialAction":[{"@type":"SearchAction","target":{"@type":"EntryPoint","urlTemplate":"https:\/\/www.urlaubcornwall.de\/blog\/?s={search_term_string}"},"query-input":"required name=search_term_string"}],"inLanguage":"en-US"},{"@type":"WebPage","@id":"https:\/\/www.urlaubcornwall.de\/blog\/die-schoensten-aussichtspunkte-in-cornwall-urlaubcornwall-de-insidertipps\/","url":"https:\/\/www.urlaubcornwall.de\/blog\/die-schoensten-aussichtspunkte-in-cornwall-urlaubcornwall-de-insidertipps\/","name":"Die sch\u00f6nsten Aussichtspunkte in Cornwall - UrlaubCornwall.de Insidertipps - Urlaub &amp; Reisen","isPartOf":{"@id":"https:\/\/www.urlaubcornwall.de\/blog\/#website"},"datePublished":"2020-05-15T13:37:55+00:00","dateModified":"2026-01-06T14:14:52+00:00","description":"Die Sch\u00f6nheit der kornischen K\u00fcste und der dramatische Kontrast zwischen Land und Meer sind bei einem Urlaub in Cornwall immer in greifbarer N\u00e4he. Es gibt keine sch\u00f6nere Region f\u00fcr einen Urlaub an der K\u00fcste S\u00fcdenglands.","breadcrumb":{"@id":"https:\/\/www.urlaubcornwall.de\/blog\/die-schoensten-aussichtspunkte-in-cornwall-urlaubcornwall-de-insidertipps\/#breadcrumb"},"inLanguage":"en-US","potentialAction":[{"@type":"ReadAction","target":["https:\/\/www.urlaubcornwall.de\/blog\/die-schoensten-aussichtspunkte-in-cornwall-urlaubcornwall-de-insidertipps\/"]}]},{"@type":"BreadcrumbList","@id":"https:\/\/www.urlaubcornwall.de\/blog\/die-schoensten-aussichtspunkte-in-cornwall-urlaubcornwall-de-insidertipps\/#breadcrumb","itemListElement":[{"@type":"ListItem","position":1,"name":"Home","item":"https:\/\/www.urlaubcornwall.de\/blog\/"},{"@type":"ListItem","position":2,"name":"Die sch\u00f6nsten Aussichtspunkte in Cornwall &#8211; UrlaubCornwall.de Insidertipps"}]}]}},"_links":{"self":[{"href":"https:\/\/www.urlaubcornwall.de\/blog\/wp-json\/wp\/v2\/pages\/40095"}],"collection":[{"href":"https:\/\/www.urlaubcornwall.de\/blog\/wp-json\/wp\/v2\/pages"}],"about":[{"href":"https:\/\/www.urlaubcornwall.de\/blog\/wp-json\/wp\/v2\/types\/page"}],"author":[{"embeddable":true,"href":"https:\/\/www.urlaubcornwall.de\/blog\/wp-json\/wp\/v2\/users\/1"}],"replies":[{"embeddable":true,"href":"https:\/\/www.urlaubcornwall.de\/blog\/wp-json\/wp\/v2\/comments?post=40095"}],"version-history":[{"count":7,"href":"https:\/\/www.urlaubcornwall.de\/blog\/wp-json\/wp\/v2\/pages\/40095\/revisions"}],"predecessor-version":[{"id":51971,"href":"https:\/\/www.urlaubcornwall.de\/blog\/wp-json\/wp\/v2\/pages\/40095\/revisions\/51971"}],"wp:attachment":[{"href":"https:\/\/www.urlaubcornwall.de\/blog\/wp-json\/wp\/v2\/media?parent=40095"}],"curies":[{"name":"wp","href":"https:\/\/api.w.org\/{rel}","templated":true}]}}