{"id":40089,"date":"2020-05-14T08:54:44","date_gmt":"2020-05-14T08:54:44","guid":{"rendered":"https:\/\/www.urlaubcornwall.de\/blog\/?page_id=40089"},"modified":"2021-05-24T10:32:59","modified_gmt":"2021-05-24T10:32:59","slug":"grossartige-neuigkeiten-fuer-urlaub-in-cornwall-mit-ihrem-hund","status":"publish","type":"page","link":"https:\/\/www.urlaubcornwall.de\/blog\/grossartige-neuigkeiten-fuer-urlaub-in-cornwall-mit-ihrem-hund\/","title":{"rendered":"Gro\u00dfartige Neuigkeiten f\u00fcr Urlaub in Cornwall mit Ihrem Hund"},"content":{"rendered":"<p><img loading=\"lazy\" class=\"aligncenter size-full wp-image-40092\" src=\"https:\/\/www.urlaubcornwall.de\/blog\/wp-content\/uploads\/2020\/05\/hund-urlaub-cornwall-strand.jpg\" alt=\"hund urlaub cornwall strand\" width=\"759\" height=\"551\"\/><\/p>\n<p>Ab 2020 gelten f\u00fcr Hundebesitzer neue Regulierungen mit weniger einschr\u00e4nkenden Regeln an <a href=\"https:\/\/www.urlaubcornwall.de\/blog\/schoensten-straende-in-cornwall\/\">Cornwalls Str\u00e4nden<\/a>. Das sind hervorragende Nachrichten f\u00fcr unsere vierbeinigen Freunde, zumal Cornwalls saisonales Hundeverbot an Str\u00e4nden von vier Monaten auf zwei Monate reduziert wurde!<\/p>\n<p>Der Sommer ist eine <a href=\"https:\/\/www.urlaubcornwall.de\/reiseziel\/cornwall.php\">fantastische Zeit in Cornwall<\/a>. Mit steigenden Temperaturen, jeder Menge Tageslichtstunden und einer atemberaubenden K\u00fcste, die zu Erkundungen einl\u00e4dt, befindet sich die Vielfalt herrlicher Str\u00e4nde der Grafschaft selbstverst\u00e4ndlicher Weise ganz oben auf der Agenda. Doch bislang haben die Einschr\u00e4nkungen durch das saisonale Hundeverbot der Grafschaft es vierbeinigen Besuchern und ihren Besitzern schwer gemacht, diese herrliche Jahreszeit in vollen Z\u00fcgen zu genie\u00dfen.<\/p>\n<p>Doch all das hat sich nun ge\u00e4ndert. Dank neuer Regulationen des Cornwall Council, die einer umfassenden \u00f6ffentlichen Umfrage folgen, werden Einschr\u00e4nkungen f\u00fcr Hunde an cornischen Str\u00e4nden von vier Monaten auf lediglich zwei Monate reduziert. Urspr\u00fcnglich in Kraft von Mai bis September, werden die Einschr\u00e4nkungen nun lediglich im Juli und August in Kraft treten (ausgenommen sind Str\u00e4nde mit Blue Flag Status) und beschr\u00e4nkt auf die Stunden zwischen 10 Uhr und 18 Uhr \u2013 fantastische Neuigkeiten f\u00fcr Hunde.<\/p>\n<p>Die neuen Regulationen geben Hundebesitzern und ihren schlappohrigen Freunden nicht nur den ganzen Sommer \u00fcber Zugang zu Str\u00e4nden, es sind zudem leichter zu befolgende Regeln.<\/p>\n<div class=\"snippet\"> <a class=\"featured-item\" href=\"https:\/\/www.urlaubcornwall.de\/ferienhaeuser-fewos\/cornwall-hundefreundlich.html\"> <span class=\"image-holder\" style=\"background-image: url('https:\/\/www.urlaubcornwall.de\/blog\/wp-content\/uploads\/2018\/12\/familienurlaub-corwnall-snippet.jpg');\"><\/span> <span class=\"featured-content\"> \n<h2 class=\"featured-title\">Ferienh\u00e4user in Cornwall mit Hund<\/h2>\n<p class=\"featured-body\">Cornwall besitzt mehr K\u00fcstenlinien als jede andere Grafschaft und bietet einige der besten Str\u00e4nde, K\u00fcstenwanderwege und Klippenlandschaften, die man \u00fcberhaupt finden kann&#8230; <\/p><\/span> <span class=\"featured-link-holder\"> <span class=\"featured-extra-info\"> \n<p>F\u00fcr Paare, Familien &#038; Gruppen<\/p>\n<\/span> \n<p class=\"featured-link\">DETAILS<\/p>\n<\/span> <\/a><\/div>\n<p><strong>Welche Str\u00e4nde sind also betroffen?<\/strong><\/p>\n<p>Neben Cornwalls ganzj\u00e4hrig hundefreundlichen Str\u00e4nden, werden unsere Hundefreunde von September bis Juni an den folgenden Str\u00e4nden den ganzen Tag \u00fcber und vom 1. Juli bis 31. August au\u00dferhalb der Stunden zwischen 10 Uhr und 18 Uhr erlaubt sein:<\/p>\n<p>Cadgwith Cove, <a href=\"https:\/\/www.urlaubcornwall.de\/ferienhaeuser-fewos\/cadgwith-mit-hund.html\">Cadgwith<\/a><\/p>\n<p>Castle Beach, <a href=\"https:\/\/www.urlaubcornwall.de\/ferienhaeuser-fewos\/falmouth-mit-hund.html\">Falmouth<\/a><\/p>\n<p>Cawsand Beach, <a href=\"https:\/\/www.urlaubcornwall.de\/ferienhaeuser-fewos\/cornwall-hundefreundlich.html\">Cawsand<\/a><\/p>\n<p>Chapel Porth Beach, <a href=\"https:\/\/www.urlaubcornwall.de\/ferienhaeuser-fewos\/st-agnes-mit-hund.html\">St Agnes<\/a><\/p>\n<p>Church Cove, <a href=\"https:\/\/www.urlaubcornwall.de\/ferienhaeuser-fewos\/gunwalloe-mit-hund.html\">Gunwalloe<\/a><\/p>\n<p>Crackington Havern, <a href=\"https:\/\/www.urlaubcornwall.de\/ferienhaeuser-fewos\/bude-mit-hund.html\">Bude<\/a><\/p>\n<p>Crooklets Beach, <a href=\"https:\/\/www.urlaubcornwall.de\/ferienhaeuser-fewos\/bude-mit-hund.html\">Bude<\/a><\/p>\n<p>Great Western Beach, <a href=\"https:\/\/www.urlaubcornwall.de\/ferienhaeuser-fewos\/newquay-mit-hund.html\">Newquay<\/a><\/p>\n<p>Harveys Towans, <a href=\"https:\/\/www.urlaubcornwall.de\/ferienhaeuser-fewos\/hayle-mit-hund.html\">Hayle<\/a><\/p>\n<p>Housel Bay, <a href=\"https:\/\/www.urlaubcornwall.de\/blog\/lizard-halbinsel-geschichte-sehenswuerdigkeiten-und-unterkunft\/\">Lizard Halbinsel<\/a><\/p>\n<p>Kennack Sands Beach, <a href=\"https:\/\/www.urlaubcornwall.de\/blog\/lizard-halbinsel-geschichte-sehenswuerdigkeiten-und-unterkunft\/\">Lizard Halbinsel<\/a><\/p>\n<p>Kynance Cove, <a href=\"https:\/\/www.urlaubcornwall.de\/blog\/lizard-halbinsel-geschichte-sehenswuerdigkeiten-und-unterkunft\/\">Lizard Halbinsel<\/a><\/p>\n<p>Maenporth Beach, <a href=\"https:\/\/www.urlaubcornwall.de\/ferienhaeuser-fewos\/falmouth-mit-hund.html\">Falmouth<\/a><\/p>\n<p>Mousehole Beach (to Skilly Beach), <a href=\"https:\/\/www.urlaubcornwall.de\/ferienhaeuser-fewos\/mousehole-mit-hund.html\">Mousehole<\/a><\/p>\n<p>Newlyn Beach nach Battery Rocks, <a href=\"https:\/\/www.urlaubcornwall.de\/ferienhaeuser-fewos\/newlyn-mit-hund.html\">Newlyn<\/a><\/p>\n<p>Penzance Harbour nach Marazion, <a href=\"https:\/\/www.urlaubcornwall.de\/ferienhaeuser-fewos\/penzance-mit-hund.html\">Penzance<\/a><\/p>\n<p>Perranuthnoe, in der N\u00e4he <a href=\"https:\/\/www.urlaubcornwall.de\/ferienhaeuser-fewos\/marazion-mit-hund.html\">Marazion<\/a><\/p>\n<p>Poldhu Beach, <a href=\"https:\/\/www.urlaubcornwall.de\/ferienhaeuser-fewos\/mullion-mit-hund.html\">Mullion<\/a><br \/>\nPolurrian Cove Beach, <a href=\"https:\/\/www.urlaubcornwall.de\/ferienhaeuser-fewos\/mullion-mit-hund.html\">Mullion<\/a><\/p>\n<p>Polzeath Beach, <a href=\"https:\/\/www.urlaubcornwall.de\/ferienhaeuser-fewos\/polzeath-mit-hund.html\">Polzeath<\/a><br \/>\nPorth Beach, <a href=\"https:\/\/www.urlaubcornwall.de\/ferienhaeuser-fewos\/newquay-mit-hund.html\">Porth<\/a><\/p>\n<p>Porthcurno Beach, <a href=\"https:\/\/www.urlaubcornwall.de\/ferienhaeuser-fewos\/porthcurno-mit-hund.html\">Porthcurno<\/a><\/p>\n<p>Porthgwarra Beach, <a href=\"https:\/\/www.urlaubcornwall.de\/ferienhaeuser\/cornwall.php\">St Levan<\/a><\/p>\n<p>Porthgwidden Beach, <a href=\"https:\/\/www.urlaubcornwall.de\/ferienhaeuser-fewos\/st-ives-mit-hund.html\">St Ives<\/a><\/p>\n<p>Porthleven West Beach, <a href=\"https:\/\/www.urlaubcornwall.de\/ferienhaeuser-fewos\/porthleven-mit-hund.html\">Porthleven<\/a><\/p>\n<p>Porthminster Beach, <a href=\"https:\/\/www.urlaubcornwall.de\/ferienhaeuser-fewos\/st-ives-mit-hund.html\">St Ives<\/a><\/p>\n<p>Porthpean Beach, <a href=\"https:\/\/www.urlaubcornwall.de\/ferienhaeuser-fewos\/st-austell-mit-hund.html\">St Austell<\/a><\/p>\n<p>Portmellon Cove, <a href=\"https:\/\/www.urlaubcornwall.de\/ferienhaeuser-fewos\/mevagissey-mit-hund.html\">Mevagissey<\/a><\/p>\n<p>Portreath Beach, <a href=\"https:\/\/www.urlaubcornwall.de\/ferienhaeuser-fewos\/portreath-mit-hund.html\">Portreath<\/a><\/p>\n<p>Praa Sands Beach, <a href=\"https:\/\/www.urlaubcornwall.de\/ferienhaeuser-fewos\/praa-sands-mit-hund.html\">Praa Sands<\/a><\/p>\n<p>Readymoney Cove, <a href=\"https:\/\/www.urlaubcornwall.de\/ferienhaeuser-fewos\/fowey-mit-hund.html\">Fowey<\/a><\/p>\n<p>Sennen Beach, <a href=\"https:\/\/www.urlaubcornwall.de\/ferienhaeuser-fewos\/sennen-mit-hund.html\">Sennen<\/a><\/p>\n<p>St George\u2019s Well, <a href=\"https:\/\/www.urlaubcornwall.de\/ferienhaeuser-fewos\/padstow-mit-hund.html\">Padstow<\/a><\/p>\n<p>St Ives Harbour Beach, <a href=\"https:\/\/www.urlaubcornwall.de\/ferienhaeuser-fewos\/st-ives-mit-hund.html\">St Ives<\/a><\/p>\n<p>Summer\u2019s Beach, <a href=\"https:\/\/www.urlaubcornwall.de\/ferienhaeuser-fewos\/st-mawes-mit-hund.html\">St Mawes<\/a><\/p>\n<p>Swanpool Beach, <a href=\"https:\/\/www.urlaubcornwall.de\/ferienhaeuser-fewos\/falmouth-mit-hund.html\">Falmouth<\/a><\/p>\n<p>Tattam\u2019s Beach, <a href=\"https:\/\/www.urlaubcornwall.de\/ferienhaeuser-fewos\/portscatho-mit-hund.html\">Portscatho<\/a><\/p>\n<p>Tunnel Beach, <a href=\"https:\/\/www.urlaubcornwall.de\/ferienhaeuser-fewos\/falmouth-mit-hund.html\">Falmouth<\/a><\/p>\n<p><strong>Cornwalls Blue Flag Str\u00e4nde<\/strong><\/p>\n<p>Jedoch werden Cornwalls Str\u00e4nde mit Blue Flag Status ihre urspr\u00fcnglichen Einschr\u00e4nkungen f\u00fcr gerade einmal mehr als vier Monate, vom 15. Mai bis zum 30. September jeden Jahres zwischen 10 Uhr und 18 Uhr beibehalten. Dies sind:<\/p>\n<p>Carbis Bay Beach, <a href=\"https:\/\/www.urlaubcornwall.de\/ferienhaeuser-fewos\/carbis-bay-mit-hund.html\">Carbis Bay<\/a><\/p>\n<p>Gyllyngvase Beach, <a href=\"https:\/\/www.urlaubcornwall.de\/ferienhaeuser-fewos\/falmouth-mit-hund.html\">Falmouth<\/a><\/p>\n<p>Porthmeor Beach, <a href=\"https:\/\/www.urlaubcornwall.de\/ferienhaeuser-fewos\/st-ives-mit-hund.html\">St Ives<\/a><\/p>\n<p>Porthtowan Beach, <a href=\"https:\/\/www.urlaubcornwall.de\/ferienhaeuser-fewos\/porthtowan-mit-hund.html\">Porthtowan<\/a><\/p>\n<p>Trevone Beach, <a href=\"https:\/\/www.urlaubcornwall.de\/ferienhaeuser-fewos\/trevone.html\">Padstow<\/a><\/p>\n<p>Widemouth Bay Beach, <a href=\"https:\/\/www.urlaubcornwall.de\/ferienhaeuser-fewos\/bude-mit-hund.html\">Bude<\/a><\/p>\n","protected":false},"excerpt":{"rendered":"<p>Ab 2020 gelten f\u00fcr Hundebesitzer neue Regulierungen mit weniger einschr\u00e4nkenden Regeln an Cornwalls Str\u00e4nden. Das sind hervorragende Nachrichten f\u00fcr unsere vierbeinigen Freunde, zumal Cornwalls saisonales Hundeverbot an Str\u00e4nden von vier Monaten auf zwei Monate reduziert wurde! Der Sommer ist eine fantastische Zeit in Cornwall. Mit steigenden Temperaturen, jeder Menge Tageslichtstunden und einer atemberaubenden K\u00fcste, die [&hellip;]<\/p>\n","protected":false},"author":1,"featured_media":0,"parent":0,"menu_order":0,"comment_status":"closed","ping_status":"closed","template":"single-four.php","meta":[],"acf":[],"yoast_head":"<!-- This site is optimized with the Yoast SEO plugin v19.4 - https:\/\/yoast.com\/wordpress\/plugins\/seo\/ -->\n<title>Gro\u00dfartige Neuigkeiten f\u00fcr Urlaub in Cornwall mit Ihrem Hund - Urlaub &amp; Reisen<\/title>\n<meta name=\"robots\" content=\"index, follow, max-snippet:-1, max-image-preview:large, max-video-preview:-1\" \/>\n<link rel=\"canonical\" href=\"https:\/\/www.urlaubcornwall.de\/blog\/grossartige-neuigkeiten-fuer-urlaub-in-cornwall-mit-ihrem-hund\/\" \/>\n<meta property=\"og:locale\" content=\"en_US\" \/>\n<meta property=\"og:type\" content=\"article\" \/>\n<meta property=\"og:title\" content=\"Gro\u00dfartige Neuigkeiten f\u00fcr Urlaub in Cornwall mit Ihrem Hund - Urlaub &amp; Reisen\" \/>\n<meta property=\"og:description\" content=\"Ab 2020 gelten f\u00fcr Hundebesitzer neue Regulierungen mit weniger einschr\u00e4nkenden Regeln an Cornwalls Str\u00e4nden. Das sind hervorragende Nachrichten f\u00fcr unsere vierbeinigen Freunde, zumal Cornwalls saisonales Hundeverbot an Str\u00e4nden von vier Monaten auf zwei Monate reduziert wurde! Der Sommer ist eine fantastische Zeit in Cornwall. Mit steigenden Temperaturen, jeder Menge Tageslichtstunden und einer atemberaubenden K\u00fcste, die [&hellip;]\" \/>\n<meta property=\"og:url\" content=\"https:\/\/www.urlaubcornwall.de\/blog\/grossartige-neuigkeiten-fuer-urlaub-in-cornwall-mit-ihrem-hund\/\" \/>\n<meta property=\"og:site_name\" content=\"Urlaub &amp; Reisen\" \/>\n<meta property=\"article:modified_time\" content=\"2021-05-24T10:32:59+00:00\" \/>\n<meta property=\"og:image\" content=\"https:\/\/www.urlaubcornwall.de\/blog\/wp-content\/uploads\/2020\/05\/hund-urlaub-cornwall-strand.jpg\" \/>\n<meta name=\"twitter:card\" content=\"summary\" \/>\n<meta name=\"twitter:label1\" content=\"Est. reading time\" \/>\n\t<meta name=\"twitter:data1\" content=\"3 minutes\" \/>\n<script type=\"application\/ld+json\" class=\"yoast-schema-graph\">{\"@context\":\"https:\/\/schema.org\",\"@graph\":[{\"@type\":\"WebSite\",\"@id\":\"https:\/\/www.urlaubcornwall.de\/blog\/#website\",\"url\":\"https:\/\/www.urlaubcornwall.de\/blog\/\",\"name\":\"Urlaub &amp; Reisen\",\"description\":\"Urlaub, Reisen, Cornwall und S\u00fcdengland: eine perfekte Kombination\",\"potentialAction\":[{\"@type\":\"SearchAction\",\"target\":{\"@type\":\"EntryPoint\",\"urlTemplate\":\"https:\/\/www.urlaubcornwall.de\/blog\/?s={search_term_string}\"},\"query-input\":\"required name=search_term_string\"}],\"inLanguage\":\"en-US\"},{\"@type\":\"WebPage\",\"@id\":\"https:\/\/www.urlaubcornwall.de\/blog\/grossartige-neuigkeiten-fuer-urlaub-in-cornwall-mit-ihrem-hund\/\",\"url\":\"https:\/\/www.urlaubcornwall.de\/blog\/grossartige-neuigkeiten-fuer-urlaub-in-cornwall-mit-ihrem-hund\/\",\"name\":\"Gro\u00dfartige Neuigkeiten f\u00fcr Urlaub in Cornwall mit Ihrem Hund - Urlaub &amp; Reisen\",\"isPartOf\":{\"@id\":\"https:\/\/www.urlaubcornwall.de\/blog\/#website\"},\"datePublished\":\"2020-05-14T08:54:44+00:00\",\"dateModified\":\"2021-05-24T10:32:59+00:00\",\"breadcrumb\":{\"@id\":\"https:\/\/www.urlaubcornwall.de\/blog\/grossartige-neuigkeiten-fuer-urlaub-in-cornwall-mit-ihrem-hund\/#breadcrumb\"},\"inLanguage\":\"en-US\",\"potentialAction\":[{\"@type\":\"ReadAction\",\"target\":[\"https:\/\/www.urlaubcornwall.de\/blog\/grossartige-neuigkeiten-fuer-urlaub-in-cornwall-mit-ihrem-hund\/\"]}]},{\"@type\":\"BreadcrumbList\",\"@id\":\"https:\/\/www.urlaubcornwall.de\/blog\/grossartige-neuigkeiten-fuer-urlaub-in-cornwall-mit-ihrem-hund\/#breadcrumb\",\"itemListElement\":[{\"@type\":\"ListItem\",\"position\":1,\"name\":\"Home\",\"item\":\"https:\/\/www.urlaubcornwall.de\/blog\/\"},{\"@type\":\"ListItem\",\"position\":2,\"name\":\"Gro\u00dfartige Neuigkeiten f\u00fcr Urlaub in Cornwall mit Ihrem Hund\"}]}]}<\/script>\n<!-- \/ Yoast SEO plugin. -->","yoast_head_json":{"title":"Gro\u00dfartige Neuigkeiten f\u00fcr Urlaub in Cornwall mit Ihrem Hund - Urlaub &amp; Reisen","robots":{"index":"index","follow":"follow","max-snippet":"max-snippet:-1","max-image-preview":"max-image-preview:large","max-video-preview":"max-video-preview:-1"},"canonical":"https:\/\/www.urlaubcornwall.de\/blog\/grossartige-neuigkeiten-fuer-urlaub-in-cornwall-mit-ihrem-hund\/","og_locale":"en_US","og_type":"article","og_title":"Gro\u00dfartige Neuigkeiten f\u00fcr Urlaub in Cornwall mit Ihrem Hund - Urlaub &amp; Reisen","og_description":"Ab 2020 gelten f\u00fcr Hundebesitzer neue Regulierungen mit weniger einschr\u00e4nkenden Regeln an Cornwalls Str\u00e4nden. Das sind hervorragende Nachrichten f\u00fcr unsere vierbeinigen Freunde, zumal Cornwalls saisonales Hundeverbot an Str\u00e4nden von vier Monaten auf zwei Monate reduziert wurde! Der Sommer ist eine fantastische Zeit in Cornwall. Mit steigenden Temperaturen, jeder Menge Tageslichtstunden und einer atemberaubenden K\u00fcste, die [&hellip;]","og_url":"https:\/\/www.urlaubcornwall.de\/blog\/grossartige-neuigkeiten-fuer-urlaub-in-cornwall-mit-ihrem-hund\/","og_site_name":"Urlaub &amp; Reisen","article_modified_time":"2021-05-24T10:32:59+00:00","og_image":[{"url":"https:\/\/www.urlaubcornwall.de\/blog\/wp-content\/uploads\/2020\/05\/hund-urlaub-cornwall-strand.jpg"}],"twitter_card":"summary","twitter_misc":{"Est. reading time":"3 minutes"},"schema":{"@context":"https:\/\/schema.org","@graph":[{"@type":"WebSite","@id":"https:\/\/www.urlaubcornwall.de\/blog\/#website","url":"https:\/\/www.urlaubcornwall.de\/blog\/","name":"Urlaub &amp; Reisen","description":"Urlaub, Reisen, Cornwall und S\u00fcdengland: eine perfekte Kombination","potentialAction":[{"@type":"SearchAction","target":{"@type":"EntryPoint","urlTemplate":"https:\/\/www.urlaubcornwall.de\/blog\/?s={search_term_string}"},"query-input":"required name=search_term_string"}],"inLanguage":"en-US"},{"@type":"WebPage","@id":"https:\/\/www.urlaubcornwall.de\/blog\/grossartige-neuigkeiten-fuer-urlaub-in-cornwall-mit-ihrem-hund\/","url":"https:\/\/www.urlaubcornwall.de\/blog\/grossartige-neuigkeiten-fuer-urlaub-in-cornwall-mit-ihrem-hund\/","name":"Gro\u00dfartige Neuigkeiten f\u00fcr Urlaub in Cornwall mit Ihrem Hund - Urlaub &amp; Reisen","isPartOf":{"@id":"https:\/\/www.urlaubcornwall.de\/blog\/#website"},"datePublished":"2020-05-14T08:54:44+00:00","dateModified":"2021-05-24T10:32:59+00:00","breadcrumb":{"@id":"https:\/\/www.urlaubcornwall.de\/blog\/grossartige-neuigkeiten-fuer-urlaub-in-cornwall-mit-ihrem-hund\/#breadcrumb"},"inLanguage":"en-US","potentialAction":[{"@type":"ReadAction","target":["https:\/\/www.urlaubcornwall.de\/blog\/grossartige-neuigkeiten-fuer-urlaub-in-cornwall-mit-ihrem-hund\/"]}]},{"@type":"BreadcrumbList","@id":"https:\/\/www.urlaubcornwall.de\/blog\/grossartige-neuigkeiten-fuer-urlaub-in-cornwall-mit-ihrem-hund\/#breadcrumb","itemListElement":[{"@type":"ListItem","position":1,"name":"Home","item":"https:\/\/www.urlaubcornwall.de\/blog\/"},{"@type":"ListItem","position":2,"name":"Gro\u00dfartige Neuigkeiten f\u00fcr Urlaub in Cornwall mit Ihrem Hund"}]}]}},"_links":{"self":[{"href":"https:\/\/www.urlaubcornwall.de\/blog\/wp-json\/wp\/v2\/pages\/40089"}],"collection":[{"href":"https:\/\/www.urlaubcornwall.de\/blog\/wp-json\/wp\/v2\/pages"}],"about":[{"href":"https:\/\/www.urlaubcornwall.de\/blog\/wp-json\/wp\/v2\/types\/page"}],"author":[{"embeddable":true,"href":"https:\/\/www.urlaubcornwall.de\/blog\/wp-json\/wp\/v2\/users\/1"}],"replies":[{"embeddable":true,"href":"https:\/\/www.urlaubcornwall.de\/blog\/wp-json\/wp\/v2\/comments?post=40089"}],"version-history":[{"count":4,"href":"https:\/\/www.urlaubcornwall.de\/blog\/wp-json\/wp\/v2\/pages\/40089\/revisions"}],"predecessor-version":[{"id":41694,"href":"https:\/\/www.urlaubcornwall.de\/blog\/wp-json\/wp\/v2\/pages\/40089\/revisions\/41694"}],"wp:attachment":[{"href":"https:\/\/www.urlaubcornwall.de\/blog\/wp-json\/wp\/v2\/media?parent=40089"}],"curies":[{"name":"wp","href":"https:\/\/api.w.org\/{rel}","templated":true}]}}