{"id":40072,"date":"2020-05-13T12:33:49","date_gmt":"2020-05-13T12:33:49","guid":{"rendered":"https:\/\/www.urlaubcornwall.de\/blog\/?page_id=40072"},"modified":"2024-05-30T15:41:00","modified_gmt":"2024-05-30T15:41:00","slug":"familienurlaube-in-cornwall-fruehling-sommer-und-herbst","status":"publish","type":"page","link":"https:\/\/www.urlaubcornwall.de\/blog\/familienurlaube-in-cornwall-fruehling-sommer-und-herbst\/","title":{"rendered":"Familienurlaub in Cornwall &#8211;  Fr\u00fchling , Sommer und Herbst"},"content":{"rendered":"<p><a href=\"https:\/\/www.urlaubcornwall.de\/blog\/wp-content\/uploads\/2024\/03\/towan-strand-newquay-rotated.jpg\"><img loading=\"lazy\" src=\"https:\/\/www.urlaubcornwall.de\/blog\/wp-content\/uploads\/2024\/03\/towan-strand-newquay-rotated.jpg\" alt=\"towan strand newquay\" width=\"750\" height=\"562\" class=\"alignnone size-full wp-image-47905\" srcset=\"https:\/\/www.urlaubcornwall.de\/blog\/wp-content\/uploads\/2024\/03\/towan-strand-newquay-rotated.jpg 750w, https:\/\/www.urlaubcornwall.de\/blog\/wp-content\/uploads\/2024\/03\/towan-strand-newquay-300x225.jpg 300w\" sizes=\"(max-width: 750px) 100vw, 750px\" \/><\/a><\/p>\n<p>Da <a href=\"https:\/\/www.urlaubcornwall.de\/reiseziel\/cornwall.php\">Familienurlaube in Cornwall<\/a> jedes Jahr beliebter werden, erscheinen immer mehr Aktivit\u00e4ten in der Grafschaft. Und da immer mehr Besucher erkennen, dass Cornwall im Fr\u00fchling genauso wie im August zug\u00e4nglich ist, sind viele Dinge ganzj\u00e4hrig ge\u00f6ffnet, um Paare, junge Familien und Hundeliebhaber willkommen zu hei\u00dfen. Wenn Sie au\u00dferhalb der gesch\u00e4ftigen <a href=\"https:\/\/www.urlaubcornwall.de\/blog\/beste-reisezeit-fuer-cornwall\/\">Sommersaison<\/a> reisen, werden Sie die Chance haben, die ruhigen Momente Ihres Urlaubs zu genie\u00dfen, ohne sich wegen \u00fcberlaufenen Str\u00e4nden zu sorgen. Sie k\u00f6nnen Ihren Traumurlaub jetzt beginnen, indem Sie Ihr <a href=\"https:\/\/www.urlaubcornwall.de\/ferienhaeuser-fewos\/cornwall-am-meer.html\">Lieblingsurlaubscottage<\/a> ausfindig machen.<\/p>\n<p>Um UrlaubCornwall.de einzigartige Kollektion nach Ihrem <a href=\"https:\/\/www.urlaubcornwall.de\/ferienhaeuser\/cornwall.php\">idealen Ferienhaus<\/a> zu durchsuchen. <\/p>\n","protected":false},"excerpt":{"rendered":"<p>Da Familienurlaube in Cornwall jedes Jahr beliebter werden, erscheinen immer mehr Aktivit\u00e4ten in der Grafschaft. Und da immer mehr Besucher erkennen, dass Cornwall im Fr\u00fchling genauso wie im August zug\u00e4nglich ist, sind viele Dinge ganzj\u00e4hrig ge\u00f6ffnet, um Paare, junge Familien und Hundeliebhaber willkommen zu hei\u00dfen. Wenn Sie au\u00dferhalb der gesch\u00e4ftigen Sommersaison reisen, werden Sie die [&hellip;]<\/p>\n","protected":false},"author":1,"featured_media":0,"parent":0,"menu_order":0,"comment_status":"closed","ping_status":"closed","template":"single-four.php","meta":[],"acf":[],"yoast_head":"<!-- This site is optimized with the Yoast SEO plugin v19.4 - https:\/\/yoast.com\/wordpress\/plugins\/seo\/ -->\n<title>Familienurlaub in Cornwall - Fr\u00fchling , Sommer und Herbst - Urlaub &amp; Reisen<\/title>\n<meta name=\"description\" content=\"Da Familienurlaube in Cornwall jedes Jahr beliebter werden, erscheinen immer mehr Aktivit\u00e4ten in der Grafschaft. Und da immer mehr Besucher erkennen, dass Cornwall im Fr\u00fchling genauso wie im August zug\u00e4nglich ist, sind viele Dinge ganzj\u00e4hrig ge\u00f6ffnet, um Paare, junge Familien und Hundeliebhaber willkommen zu hei\u00dfen. Wenn Sie au\u00dferhalb der gesch\u00e4ftigen Sommersaison reisen, werden Sie die Chance haben, die ruhigen Momente Ihres Urlaubs zu genie\u00dfen, ohne sich wegen \u00fcberlaufenen Str\u00e4nden zu sorgen. Sie k\u00f6nnen Ihren Traumurlaub jetzt beginnen, indem Sie Ihr Lieblingsurlaubscottage ausfindig machen.\" \/>\n<meta name=\"robots\" content=\"index, follow, max-snippet:-1, max-image-preview:large, max-video-preview:-1\" \/>\n<link rel=\"canonical\" href=\"https:\/\/www.urlaubcornwall.de\/blog\/familienurlaube-in-cornwall-fruehling-sommer-und-herbst\/\" \/>\n<meta property=\"og:locale\" content=\"en_US\" \/>\n<meta property=\"og:type\" content=\"article\" \/>\n<meta property=\"og:title\" content=\"Familienurlaub in Cornwall - Fr\u00fchling , Sommer und Herbst - Urlaub &amp; Reisen\" \/>\n<meta property=\"og:description\" content=\"Da Familienurlaube in Cornwall jedes Jahr beliebter werden, erscheinen immer mehr Aktivit\u00e4ten in der Grafschaft. Und da immer mehr Besucher erkennen, dass Cornwall im Fr\u00fchling genauso wie im August zug\u00e4nglich ist, sind viele Dinge ganzj\u00e4hrig ge\u00f6ffnet, um Paare, junge Familien und Hundeliebhaber willkommen zu hei\u00dfen. Wenn Sie au\u00dferhalb der gesch\u00e4ftigen Sommersaison reisen, werden Sie die Chance haben, die ruhigen Momente Ihres Urlaubs zu genie\u00dfen, ohne sich wegen \u00fcberlaufenen Str\u00e4nden zu sorgen. Sie k\u00f6nnen Ihren Traumurlaub jetzt beginnen, indem Sie Ihr Lieblingsurlaubscottage ausfindig machen.\" \/>\n<meta property=\"og:url\" content=\"https:\/\/www.urlaubcornwall.de\/blog\/familienurlaube-in-cornwall-fruehling-sommer-und-herbst\/\" \/>\n<meta property=\"og:site_name\" content=\"Urlaub &amp; Reisen\" \/>\n<meta property=\"article:modified_time\" content=\"2024-05-30T15:41:00+00:00\" \/>\n<meta property=\"og:image\" content=\"https:\/\/www.urlaubcornwall.de\/blog\/wp-content\/uploads\/2024\/03\/towan-strand-newquay-rotated.jpg\" \/>\n<meta name=\"twitter:card\" content=\"summary\" \/>\n<meta name=\"twitter:label1\" content=\"Est. reading time\" \/>\n\t<meta name=\"twitter:data1\" content=\"1 minute\" \/>\n<script type=\"application\/ld+json\" class=\"yoast-schema-graph\">{\"@context\":\"https:\/\/schema.org\",\"@graph\":[{\"@type\":\"WebSite\",\"@id\":\"https:\/\/www.urlaubcornwall.de\/blog\/#website\",\"url\":\"https:\/\/www.urlaubcornwall.de\/blog\/\",\"name\":\"Urlaub &amp; Reisen\",\"description\":\"Urlaub, Reisen, Cornwall und S\u00fcdengland: eine perfekte Kombination\",\"potentialAction\":[{\"@type\":\"SearchAction\",\"target\":{\"@type\":\"EntryPoint\",\"urlTemplate\":\"https:\/\/www.urlaubcornwall.de\/blog\/?s={search_term_string}\"},\"query-input\":\"required name=search_term_string\"}],\"inLanguage\":\"en-US\"},{\"@type\":\"WebPage\",\"@id\":\"https:\/\/www.urlaubcornwall.de\/blog\/familienurlaube-in-cornwall-fruehling-sommer-und-herbst\/\",\"url\":\"https:\/\/www.urlaubcornwall.de\/blog\/familienurlaube-in-cornwall-fruehling-sommer-und-herbst\/\",\"name\":\"Familienurlaub in Cornwall - Fr\u00fchling , Sommer und Herbst - Urlaub &amp; Reisen\",\"isPartOf\":{\"@id\":\"https:\/\/www.urlaubcornwall.de\/blog\/#website\"},\"datePublished\":\"2020-05-13T12:33:49+00:00\",\"dateModified\":\"2024-05-30T15:41:00+00:00\",\"description\":\"Da Familienurlaube in Cornwall jedes Jahr beliebter werden, erscheinen immer mehr Aktivit\u00e4ten in der Grafschaft. Und da immer mehr Besucher erkennen, dass Cornwall im Fr\u00fchling genauso wie im August zug\u00e4nglich ist, sind viele Dinge ganzj\u00e4hrig ge\u00f6ffnet, um Paare, junge Familien und Hundeliebhaber willkommen zu hei\u00dfen. Wenn Sie au\u00dferhalb der gesch\u00e4ftigen Sommersaison reisen, werden Sie die Chance haben, die ruhigen Momente Ihres Urlaubs zu genie\u00dfen, ohne sich wegen \u00fcberlaufenen Str\u00e4nden zu sorgen. Sie k\u00f6nnen Ihren Traumurlaub jetzt beginnen, indem Sie Ihr Lieblingsurlaubscottage ausfindig machen.\",\"breadcrumb\":{\"@id\":\"https:\/\/www.urlaubcornwall.de\/blog\/familienurlaube-in-cornwall-fruehling-sommer-und-herbst\/#breadcrumb\"},\"inLanguage\":\"en-US\",\"potentialAction\":[{\"@type\":\"ReadAction\",\"target\":[\"https:\/\/www.urlaubcornwall.de\/blog\/familienurlaube-in-cornwall-fruehling-sommer-und-herbst\/\"]}]},{\"@type\":\"BreadcrumbList\",\"@id\":\"https:\/\/www.urlaubcornwall.de\/blog\/familienurlaube-in-cornwall-fruehling-sommer-und-herbst\/#breadcrumb\",\"itemListElement\":[{\"@type\":\"ListItem\",\"position\":1,\"name\":\"Home\",\"item\":\"https:\/\/www.urlaubcornwall.de\/blog\/\"},{\"@type\":\"ListItem\",\"position\":2,\"name\":\"Familienurlaub in Cornwall &#8211; Fr\u00fchling , Sommer und Herbst\"}]}]}<\/script>\n<!-- \/ Yoast SEO plugin. -->","yoast_head_json":{"title":"Familienurlaub in Cornwall - Fr\u00fchling , Sommer und Herbst - Urlaub &amp; Reisen","description":"Da Familienurlaube in Cornwall jedes Jahr beliebter werden, erscheinen immer mehr Aktivit\u00e4ten in der Grafschaft. Und da immer mehr Besucher erkennen, dass Cornwall im Fr\u00fchling genauso wie im August zug\u00e4nglich ist, sind viele Dinge ganzj\u00e4hrig ge\u00f6ffnet, um Paare, junge Familien und Hundeliebhaber willkommen zu hei\u00dfen. Wenn Sie au\u00dferhalb der gesch\u00e4ftigen Sommersaison reisen, werden Sie die Chance haben, die ruhigen Momente Ihres Urlaubs zu genie\u00dfen, ohne sich wegen \u00fcberlaufenen Str\u00e4nden zu sorgen. Sie k\u00f6nnen Ihren Traumurlaub jetzt beginnen, indem Sie Ihr Lieblingsurlaubscottage ausfindig machen.","robots":{"index":"index","follow":"follow","max-snippet":"max-snippet:-1","max-image-preview":"max-image-preview:large","max-video-preview":"max-video-preview:-1"},"canonical":"https:\/\/www.urlaubcornwall.de\/blog\/familienurlaube-in-cornwall-fruehling-sommer-und-herbst\/","og_locale":"en_US","og_type":"article","og_title":"Familienurlaub in Cornwall - Fr\u00fchling , Sommer und Herbst - Urlaub &amp; Reisen","og_description":"Da Familienurlaube in Cornwall jedes Jahr beliebter werden, erscheinen immer mehr Aktivit\u00e4ten in der Grafschaft. Und da immer mehr Besucher erkennen, dass Cornwall im Fr\u00fchling genauso wie im August zug\u00e4nglich ist, sind viele Dinge ganzj\u00e4hrig ge\u00f6ffnet, um Paare, junge Familien und Hundeliebhaber willkommen zu hei\u00dfen. Wenn Sie au\u00dferhalb der gesch\u00e4ftigen Sommersaison reisen, werden Sie die Chance haben, die ruhigen Momente Ihres Urlaubs zu genie\u00dfen, ohne sich wegen \u00fcberlaufenen Str\u00e4nden zu sorgen. Sie k\u00f6nnen Ihren Traumurlaub jetzt beginnen, indem Sie Ihr Lieblingsurlaubscottage ausfindig machen.","og_url":"https:\/\/www.urlaubcornwall.de\/blog\/familienurlaube-in-cornwall-fruehling-sommer-und-herbst\/","og_site_name":"Urlaub &amp; Reisen","article_modified_time":"2024-05-30T15:41:00+00:00","og_image":[{"url":"https:\/\/www.urlaubcornwall.de\/blog\/wp-content\/uploads\/2024\/03\/towan-strand-newquay-rotated.jpg"}],"twitter_card":"summary","twitter_misc":{"Est. reading time":"1 minute"},"schema":{"@context":"https:\/\/schema.org","@graph":[{"@type":"WebSite","@id":"https:\/\/www.urlaubcornwall.de\/blog\/#website","url":"https:\/\/www.urlaubcornwall.de\/blog\/","name":"Urlaub &amp; Reisen","description":"Urlaub, Reisen, Cornwall und S\u00fcdengland: eine perfekte Kombination","potentialAction":[{"@type":"SearchAction","target":{"@type":"EntryPoint","urlTemplate":"https:\/\/www.urlaubcornwall.de\/blog\/?s={search_term_string}"},"query-input":"required name=search_term_string"}],"inLanguage":"en-US"},{"@type":"WebPage","@id":"https:\/\/www.urlaubcornwall.de\/blog\/familienurlaube-in-cornwall-fruehling-sommer-und-herbst\/","url":"https:\/\/www.urlaubcornwall.de\/blog\/familienurlaube-in-cornwall-fruehling-sommer-und-herbst\/","name":"Familienurlaub in Cornwall - Fr\u00fchling , Sommer und Herbst - Urlaub &amp; Reisen","isPartOf":{"@id":"https:\/\/www.urlaubcornwall.de\/blog\/#website"},"datePublished":"2020-05-13T12:33:49+00:00","dateModified":"2024-05-30T15:41:00+00:00","description":"Da Familienurlaube in Cornwall jedes Jahr beliebter werden, erscheinen immer mehr Aktivit\u00e4ten in der Grafschaft. Und da immer mehr Besucher erkennen, dass Cornwall im Fr\u00fchling genauso wie im August zug\u00e4nglich ist, sind viele Dinge ganzj\u00e4hrig ge\u00f6ffnet, um Paare, junge Familien und Hundeliebhaber willkommen zu hei\u00dfen. Wenn Sie au\u00dferhalb der gesch\u00e4ftigen Sommersaison reisen, werden Sie die Chance haben, die ruhigen Momente Ihres Urlaubs zu genie\u00dfen, ohne sich wegen \u00fcberlaufenen Str\u00e4nden zu sorgen. Sie k\u00f6nnen Ihren Traumurlaub jetzt beginnen, indem Sie Ihr Lieblingsurlaubscottage ausfindig machen.","breadcrumb":{"@id":"https:\/\/www.urlaubcornwall.de\/blog\/familienurlaube-in-cornwall-fruehling-sommer-und-herbst\/#breadcrumb"},"inLanguage":"en-US","potentialAction":[{"@type":"ReadAction","target":["https:\/\/www.urlaubcornwall.de\/blog\/familienurlaube-in-cornwall-fruehling-sommer-und-herbst\/"]}]},{"@type":"BreadcrumbList","@id":"https:\/\/www.urlaubcornwall.de\/blog\/familienurlaube-in-cornwall-fruehling-sommer-und-herbst\/#breadcrumb","itemListElement":[{"@type":"ListItem","position":1,"name":"Home","item":"https:\/\/www.urlaubcornwall.de\/blog\/"},{"@type":"ListItem","position":2,"name":"Familienurlaub in Cornwall &#8211; Fr\u00fchling , Sommer und Herbst"}]}]}},"_links":{"self":[{"href":"https:\/\/www.urlaubcornwall.de\/blog\/wp-json\/wp\/v2\/pages\/40072"}],"collection":[{"href":"https:\/\/www.urlaubcornwall.de\/blog\/wp-json\/wp\/v2\/pages"}],"about":[{"href":"https:\/\/www.urlaubcornwall.de\/blog\/wp-json\/wp\/v2\/types\/page"}],"author":[{"embeddable":true,"href":"https:\/\/www.urlaubcornwall.de\/blog\/wp-json\/wp\/v2\/users\/1"}],"replies":[{"embeddable":true,"href":"https:\/\/www.urlaubcornwall.de\/blog\/wp-json\/wp\/v2\/comments?post=40072"}],"version-history":[{"count":5,"href":"https:\/\/www.urlaubcornwall.de\/blog\/wp-json\/wp\/v2\/pages\/40072\/revisions"}],"predecessor-version":[{"id":51157,"href":"https:\/\/www.urlaubcornwall.de\/blog\/wp-json\/wp\/v2\/pages\/40072\/revisions\/51157"}],"wp:attachment":[{"href":"https:\/\/www.urlaubcornwall.de\/blog\/wp-json\/wp\/v2\/media?parent=40072"}],"curies":[{"name":"wp","href":"https:\/\/api.w.org\/{rel}","templated":true}]}}