{"id":40070,"date":"2020-05-13T10:48:46","date_gmt":"2020-05-13T10:48:46","guid":{"rendered":"https:\/\/www.urlaubcornwall.de\/blog\/?page_id=40070"},"modified":"2026-01-07T10:15:30","modified_gmt":"2026-01-07T10:15:30","slug":"ihre-wunschliste-der-noch-zu-erfuellenden-lebenstraeume-fuer-ihren-cornwallurlaub","status":"publish","type":"page","link":"https:\/\/www.urlaubcornwall.de\/blog\/ihre-wunschliste-der-noch-zu-erfuellenden-lebenstraeume-fuer-ihren-cornwallurlaub\/","title":{"rendered":"Ihre Wunschliste der noch zu erf\u00fcllenden Lebenstr\u00e4ume f\u00fcr Ihren Cornwallurlaub"},"content":{"rendered":"<p><img loading=\"lazy\" class=\"aligncenter size-full wp-image-39453\" src=\"https:\/\/www.urlaubcornwall.de\/blog\/wp-content\/uploads\/2020\/02\/bedruthan-steps_edit.jpg\" alt=\"bedruthan steps strand\" width=\"750\" height=\"500\"\/><\/p>\n<p>Cornwallurlaube bedeuten lange Tage an goldfarbenen Str\u00e4nden, neue <a href=\"https:\/\/www.urlaubcornwall.de\/reiseziel\/cornwall\/sehenswuerdigkeiten.php\">familienfreundliche Attraktionen<\/a> erkunden und in wundersch\u00f6ner Landschaft entspannen, die mehr den Eindruck gibt, irgendwo im Mediterranen zu sein als an einem Ufer Gro\u00dfbritanniens. <a href=\"https:\/\/www.urlaubcornwall.de\/reiseziel\/cornwall.php\">UrlaubCornwall.de<\/a>, die einheimischen Experten, haben eine Liste ihrer Top-Auswahl zusammengestellt. Wie viele davon werden Sie wohl w\u00e4hrend Ihres n\u00e4chsten Urlaubs abhaken k\u00f6nnen?<\/p>\n<p>Wenn Sie also das n\u00e4chste Mal Ihren Cornwallurlaub am Meer genie\u00dfen, probieren Sie doch etwas Neues von unserer Wunschliste (Bucket List) der noch zu erf\u00fcllenden Lebenstr\u00e4ume aus. Wenn Sie unserer Liste entlanggehen, werden Sie einige neue Orte in diesem Land verborgener Str\u00e4nde und versteckt gelegener Kneipen entdecken, die Sie beeindrucken und das Verlangen nach mehr cornisher Magie wecken werden.<\/p>\n<p><img loading=\"lazy\" class=\"aligncenter size-full wp-image-47921\" src=\"hhttps:\/\/www.urlaubcornwall.de\/blog\/wp-content\/uploads\/2024\/03\/marazion_und-st-michaels-mount-1.jpg\" alt=\"marazion_und st michaels mount\" width=\"750\" height=\"500\" srcset=\"https:\/\/www.urlaubcornwall.de\/blog\/wp-content\/uploads\/2024\/03\/marazion_und-st-michaels-mount-1.jpg 750w, https:\/\/www.urlaubcornwall.de\/blog\/wp-content\/uploads\/2024\/03\/marazion_und-st-michaels-mount-1-300x200.jpg 300w\" sizes=\"(max-width: 750px) 100vw, 750px\" \/><\/p>\n<p><strong>1.<\/strong> Spazieren Sie bei Ebbe zum Mount \u2013 wahrhaft eine Leistung, zumal die Gezeiten sich so schnell \u00e4ndern! Es hat etwas unglaublich Lohnenswertes, \u00fcber die Pflastersteine zu schlendern, um zum <a href=\"https:\/\/www.urlaubcornwall.de\/blog\/das-st-michaels-mount-die-ikonische-attraktion-in-westcornwall\/\">St Michaels Mount<\/a> zu gelangen.<\/p>\n<p><strong>2.<\/strong> Riechen Sie den Duft der Blumen der <a href=\"https:\/\/www.urlaubcornwall.de\/blog\/2014\/10\/tremenheere-sculpture-gardens-die-neue-grosse-sehenswuerdigkeit-in-penzance\/\">Tremenheere Sculpture Garten<\/a> &#8211; und dort gibt es mehr als Blumen. Sie k\u00f6nnen auch Skulpturen einiger der f\u00fchrenden K\u00fcnstler des UK sehen. Wundersch\u00f6n vor dem Hintergrund der Mounts Bay gelegen, werden Sie gar nicht mehr weggehen wollen.<\/p>\n<p><img loading=\"lazy\" class=\"aligncenter size-full wp-image-48083\" src=\"https:\/\/www.urlaubcornwall.de\/blog\/wp-content\/uploads\/2024\/03\/st-ives-hafen.jpg\" alt=\"st ives hafen\" width=\"750\" height=\"422\" srcset=\"https:\/\/www.urlaubcornwall.de\/blog\/wp-content\/uploads\/2024\/03\/st-ives-hafen.jpg 750w, https:\/\/www.urlaubcornwall.de\/blog\/wp-content\/uploads\/2024\/03\/st-ives-hafen-300x169.jpg 300w\" sizes=\"(max-width: 750px) 100vw, 750px\" \/><\/p>\n<p><strong>3.<\/strong> Nehmen Sie den Zug von Lelant Saltings nach <a href=\"https:\/\/www.urlaubcornwall.de\/blog\/st-ives-geschichte-sehenswuerdigkeiten-und-unterkunft\/\">St Ives<\/a>, um an einem sonnigen Tag im Porthminster Beach Caf\u00e9 zu Mittag zu essen. Es ist m\u00f6glicherweise die wundersch\u00f6nste Zugfahrt der Welt.<\/p>\n<p><strong>4.<\/strong> Machen Sie sich auf, die Robben in der Mutton Cove bei Godrevy zu sehen. \u2013 Spazieren Sie um die Landspitze herum, vorbei am Leuchtturm bei Godrevy, um die Mutton Cove zu finden. Sie k\u00f6nnen nicht hinuntergehen und ben\u00f6tigen ein Fernglas. Robbenbabys werden im Herbst und Fr\u00fchwinter geboren, daher empfehlen wir, zwischen September und Februar zu kommen, um eines zu sehen. Es gibt von <a href=\"https:\/\/www.urlaubcornwall.de\/ferienhaeuser-fewos\/st-ives.html\">St Ives<\/a> aus auch jede Menge Bootsfahrten, die eine Tour zu diesen beliebten Robbenpl\u00e4tzen anbieten. Das Gef\u00fchl, das Sie haben, wenn Sie nahe herankommen, ist schwer zu beschreiben.<\/p>\n<p><img loading=\"lazy\" class=\"aligncenter size-full wp-image-40075\" src=\"https:\/\/www.urlaubcornwall.de\/blog\/wp-content\/uploads\/2020\/05\/crab-shack-st-ives_urlaub-1.jpg\" alt=\"crab shack st ives_urlaub\" width=\"750\" height=\"443\"\/><br \/>\ncredit crab shack<\/p>\n<p><strong>5.<\/strong> Probieren Sie doch frische Krabben vom <a href=\"http:\/\/rumandcrabshack.com\/\">Rum and Crab Shack<\/a> in St Ives \u2013 Speisen sind etwas, das Cornwall sehr gut macht, daher m\u00fcssen Sie einfach frische Meeresspeisen probieren, w\u00e4hrend Sie hier Urlaub machen. Der Rum and Crab Shack bietet die Art Krabbengerichte, die in Ihnen Zweifel hervorrufen, jemals zuvor richtige Krabben gehabt zu haben.<\/p>\n<p><strong>6.<\/strong> Besuchen Sie eine Auff\u00fchrung im <a href=\"https:\/\/www.minack.com\/\">The Minack theatre<\/a> \u2013 Mit einer weiten Bannbreite an Shows, ist das Minack ein magischer Ort, um zu entspannen und einige der besten Vorstellungen des Landes zu genie\u00dfen. Nehmen Sie f\u00fcr Ihren zus\u00e4tzlichen Komfort ein Picknick, Kissen und eine Decke mit.<\/p>\n<p><strong>7.<\/strong> Eine sommerabendliche Festnacht im <a href=\"http:\/\/www.hiddenhut.co.uk\/\">The Hidden Hut<\/a> &#8211; Still eines von Cornwalls bestgeh\u00fcteten Geheimnissen. Hidden Hut bietet von April bis September Festn\u00e4chte. Speisen Sie al fresco auf den Klippen \u00fcber dem Porthcurnick Strand. Tickets f\u00fcr jeden Monat werden ab dem 1. jenes Monats verkauft, doch Sie sollten schnell sein, da es jedes Jahr ausverkauft ist.<\/p>\n<p><img loading=\"lazy\" class=\"aligncenter size-full wp-image-38645\" src=\"https:\/\/www.urlaubcornwall.de\/blog\/wp-content\/uploads\/2019\/08\/bridge_tintagel_.jpg\" alt=\"Tintagel Br\u00fccke\" width=\"782\" height=\"445\"\/><br \/>\nImage Credit English Heritage<\/p>\n<p><strong>8.<\/strong> Bummeln Sie um <a href=\"https:\/\/www.urlaubcornwall.de\/blog\/tintagel-bruecke-ein-historischer-weg\/\">Tintagel Castle<\/a> \u2013 Wenn Sie zum Tintagel Castle gehen und beim Verlassen nicht den Wunsch haben, als Ritter der Artus Tafelrunde geboren worden zu sein, dann haben Sie etwas falsch gemacht. Die Burgruinen verleihen das Gef\u00fchl eines mystischen Ortes, der Geheimnisse einer l\u00e4ngst vergangenen Zeit verborgen h\u00e4lt.<\/p>\n<p><strong>9.<\/strong> Probieren Sie die besten \u2018fish and chips\u2019 des Landes im <a href=\"http:\/\/www.harbourlights.co.uk\/\">Harbour Lights<\/a> &#8211; Unl\u00e4ngst zum besten \u2018chip shop\u2019 des UK gew\u00e4hlt, werden Sie im Harbour Lights in <a href=\"https:\/\/www.urlaubcornwall.de\/ferienhaeuser-fewos\/falmouth.html\">Falmouth<\/a> mit seinem klassisch britischen Angebot sicherlich nicht entt\u00e4uscht.<\/p>\n<p><img loading=\"lazy\" class=\"aligncenter size-full wp-image-40076\" src=\"https:\/\/www.urlaubcornwall.de\/blog\/wp-content\/uploads\/2020\/05\/Watering-Hole-Perranporth-strand.jpg\" alt=\"Watering-Hole-Perranporth-strand\" width=\"750\" height=\"441\"\/><\/p>\n<p><strong>10.<\/strong> Genie\u00dfen Sie ein Getr\u00e4nk bei Sonnenuntergang im <a href=\"http:\/\/www.thewateringhole.co.uk\/\">The Watering Hole<\/a> am Perranporth Strand \u2013 Was beschreibt Cornwall mehr als eine Kneipe direkt am Strand? Das Watering Hole zieht das ganze Jahr \u00fcber bekannte Bands an und bietet gute Kneipengerichte.<\/p>\n<p><script async src=\"https:\/\/pagead2.googlesyndication.com\/pagead\/js\/adsbygoogle.js?client=ca-pub-3901089389175725\"\n     crossorigin=\"anonymous\"><\/script><br \/>\n<!-- New UC --><br \/>\n<ins class=\"adsbygoogle\"\n     style=\"display:block\"\n     data-ad-client=\"ca-pub-3901089389175725\"\n     data-ad-slot=\"8080314818\"\n     data-ad-format=\"auto\"\n     data-full-width-responsive=\"true\"><\/ins><br \/>\n<script>\n     (adsbygoogle = window.adsbygoogle || []).push({});\n<\/script><\/p>\n<p><strong>11.<\/strong> <a href=\"https:\/\/www.urlaubcornwall.de\/wanderurlaub\/cornwall.php\">Wandern Sie entlang der K\u00fcste<\/a> von der Polurrian Bay nach Poldhu und Gunwalloe \u2013 Ein herrlicher Spaziergang, der von unserem Team w\u00e4rmstens empfohlen wird, perfekt auch, um den Hund mitzunehmen. Sie werden zahlreiche Pl\u00e4tzchen finden, wo Sie Halt machen und den herrlichen Blick mit Ihrer Kamera einfangen k\u00f6nnen.<\/p>\n<p><img loading=\"lazy\" class=\"aligncenter size-full wp-image-40086\" src=\"https:\/\/www.urlaubcornwall.de\/blog\/wp-content\/uploads\/2020\/05\/Nathan-Outlaw-Restaurant.jpg\" alt=\"Nathan Outlaw Restaurant\" width=\"750\" height=\"437\"\/><\/p>\n<p><strong>12.<\/strong> Speisen Sie im 2-Sterne Michelin <a href=\"https:\/\/outlaws.co.uk\/\">Restaurant Nathan Outlaw<\/a> \u2013 Es ist eine Wunschliste Ihrer noch zu erf\u00fcllenden Lebenstr\u00e4ume, verw\u00f6hnen Sie sich also richtig und haken Sie dabei das beste Meeresfr\u00fcchterestaurant Gro\u00dfbritanniens ab.<\/p>\n<p><strong>13.<\/strong> Werden Sie ganz traditionell w\u00e4hrend des Furry Tanzes &#8211; Helstons Flora Day Feierlichkeiten stellen eine unglaubliche Einf\u00fchrung in cornishe Festlichkeiten dar. Der erste Maitag k\u00fcndigt den Beginn der Festsaison in Cornwall an. Es ist ein einzigartiges Erlebnis, sich durch die vollgestopften Stra\u00dfen zu quetschen, w\u00e4hrend sich T\u00e4nzer in Zylindern und Ballkleidern durch Gesch\u00e4fte und H\u00e4user schl\u00e4ngeln.<\/p>\n<p><img loading=\"lazy\" class=\"aligncenter size-full wp-image-34153\" src=\"https:\/\/www.urlaubcornwall.de\/blog\/wp-content\/uploads\/2018\/08\/wanderurlaub-scilly-inseln-isles.jpg\" alt=\"urlaub scilly inseln isles\" width=\"749\" height=\"449\"\/><\/p>\n<p><strong>14.<\/strong> Besuchen Sie die <a href=\"https:\/\/www.urlaubcornwall.de\/Scilly-Inseln.php\">Scilly Inseln<\/a> \u2013 Machen Sie eine Zeitreise zur\u00fcck und erleben Sie ein Cornwall von vor 50 Jahren. Es gibt wenige Autos und Bootsfahrten zwischen den Inseln, wobei der Lebensrhythmus von den Gezeiten bestimmt wird.<\/p>\n<p><strong>15.<\/strong> Verbringen Sie einen oder zwei Tage bei der Royal Cornwall Show \u2013 eine hervorragende Schau der Landwirtschaft in Cornwall mit einer unglaublichen Menge an Extras. Wir lieben die Hundeshow, das Pferdespringreiten und auch ein paar Fahrten auf dem Rummelplatz.<\/p>\n<p><a href=\"https:\/\/www.urlaubcornwall.de\/blog\/wp-content\/uploads\/2024\/03\/portcurno-strand.jpg\"><img loading=\"lazy\" src=\"https:\/\/www.urlaubcornwall.de\/blog\/wp-content\/uploads\/2024\/03\/portcurno-strand.jpg\" alt=\"porthcurno strand\" width=\"750\" height=\"500\" class=\"alignnone size-full wp-image-48079\" srcset=\"https:\/\/www.urlaubcornwall.de\/blog\/wp-content\/uploads\/2024\/03\/portcurno-strand.jpg 750w, https:\/\/www.urlaubcornwall.de\/blog\/wp-content\/uploads\/2024\/03\/portcurno-strand-300x200.jpg 300w\" sizes=\"(max-width: 750px) 100vw, 750px\" \/><\/a><\/p>\n<p><strong>16.<\/strong> Erlernen Sie doch schlie\u00dflich das Surfen. &#8211; Wir alle beneiden Surfer f\u00fcr ihre F\u00e4higkeit, in die Wellen hinein- und durchzutauchen. Machen Sie doch das Erlernen des Surfens zu Ihrem n\u00e4chsten Urlaubsziel\u2026. Oder vielleicht beginnen Sie erst einmal damit, die Welle zu fangen.<\/p>\n<p><strong>17.<\/strong> Gehen Sie ein Bergwerk hinunter &#8211; <a href=\"https:\/\/www.urlaubcornwall.de\/blog\/geevor-zinn-bergwerk\/\">Geevor tin mine<\/a> zeigt Ihnen genau, wie das Leben der cornishen Bergarbeiter ausgesehen hat. Zudem bietet sich ein herrlicher Blick, der Sie verleiten wird, mehrere Stunden zu verweilen.<\/p>\n<p><strong>18.<\/strong> Schlie\u00dfen Sie sich den Kunstliebhabern der <a href=\"http:\/\/www.tate.org.uk\/visit\/tate-st-ives\">Tate St Ives<\/a> an \u2013 unl\u00e4ngst wiederer\u00f6ffnet, bietet dies einen netten ruhigen Tagesausflug, w\u00e4hrend dessen Sie moderne Kunst betrachten, die haupts\u00e4chlich von K\u00fcnstlern geschaffen wurde, die von Cornwall beeinflusst wurden.<\/p>\n<p><img loading=\"lazy\" class=\"aligncenter size-full wp-image-47900\" src=\"https:\/\/www.urlaubcornwall.de\/blog\/wp-content\/uploads\/2024\/03\/lizard.jpg\" alt=\"lizard kynance\" width=\"750\" height=\"563\" srcset=\"https:\/\/www.urlaubcornwall.de\/blog\/wp-content\/uploads\/2024\/03\/lizard.jpg 750w, https:\/\/www.urlaubcornwall.de\/blog\/wp-content\/uploads\/2024\/03\/lizard-300x225.jpg 300w\" sizes=\"(max-width: 750px) 100vw, 750px\" \/><\/p>\n<p><strong>19.<\/strong> Gehen Sie nach S\u00fcden \u2013 Mit dem s\u00fcdlichsten Zipfel des UK ist die <a href=\"https:\/\/www.urlaubcornwall.de\/blog\/lizard-halbinsel-geschichte-sehenswuerdigkeiten-und-unterkunft\/\">Lizard Halbinsel<\/a> ein wundersch\u00f6ner Ort zum <a href=\"https:\/\/www.urlaubcornwall.de\/wanderurlaub\/cornwall.php\">Wandern<\/a>, <a href=\"https:\/\/www.urlaubcornwall.de\/radurlaub\/cornwall.php\">Radfahren<\/a> und allgemein die Natur zu genie\u00dfen. Halten Sie Ausschau nach Choughs. Dies sind recht seltene V\u00f6gel und in dieser Gegend heimisch. Sie erkennen Sie am roten Schnabel und den roten Beinen.<\/p>\n<p><strong>20.<\/strong> Gehen Sie nach Westen &#8211; <a href=\"https:\/\/www.urlaubcornwall.de\/ferienhaeuser-fewos\/lands-end.html\">Land\u2019s End<\/a> ist der westlichste Zipfel des UK und bietet Familien regelm\u00e4\u00dfige Veranstaltungen und Aktivit\u00e4ten, einschlie\u00dflich eines riesigen Feuerwerks w\u00e4hrend der Sommerferien.<\/p>\n<p><strong>21.<\/strong> Stargaze &#8211; Bodmin Moor gilt nun als ein \u201aDark Sky Reservat\u2018 und ist somit einer der <a href=\"https:\/\/www.urlaubcornwall.de\/blog\/die-schoensten-orte-in-cornwall-unsere-top-10\/\">besten Orte in Cornwall<\/a>, um die Sterne zu sehen. Man stellt sich niemals richtig vor, wie viele Sterne da am Himmel sind, bis Sie den Lichtern der Stadt entkommen und hinaufblicken in die scheinbare Dunkelheit. Es ist in der Tat recht magisch.<\/p>\n<p><img loading=\"lazy\" class=\"aligncenter size-full wp-image-47904\" src=\"https:\/\/www.urlaubcornwall.de\/blog\/wp-content\/uploads\/2024\/03\/eden-project-biome_2.jpg\" alt=\"eden project biome_2\" width=\"750\" height=\"482\" srcset=\"https:\/\/www.urlaubcornwall.de\/blog\/wp-content\/uploads\/2024\/03\/eden-project-biome_2.jpg 750w, https:\/\/www.urlaubcornwall.de\/blog\/wp-content\/uploads\/2024\/03\/eden-project-biome_2-300x193.jpg 300w\" sizes=\"(max-width: 750px) 100vw, 750px\" \/><\/p>\n<p><strong>22.<\/strong> Machen Sie einen Tagesausflug in die Tropen &#8211; <a href=\"https:\/\/www.urlaubcornwall.de\/blog\/all-das-was-sie-schon-immer-ueber-das-eden-project-wissen-wollten\/\">The Eden Project<\/a> bei St Austell hat zwei Biome, gef\u00fcllt mit Pflanzen aus der gesamten Welt. Erkunden Sie den Regenwald und das mediterrane Klima, abgerundet mit jeder Menge Aktivit\u00e4ten f\u00fcr Kinder und einigen k\u00f6stlichen Speisem\u00f6glichkeiten.<\/p>\n<p><strong>23.<\/strong> Entdecken Sie Cornwalls maritime Geschichte &#8211; <a href=\"https:\/\/nmmc.co.uk\/\">The National Maritime Museum<\/a> ist die perfekte Aktivit\u00e4t an einem Regentag, und es gibt regelm\u00e4\u00dfig spannende Ausstellungen, so dass Sie wieder und wieder zur\u00fcckkehren k\u00f6nnen.<\/p>\n<p>Alles, was Sie nun tun m\u00fcssen, ist, direkt in <a href=\"https:\/\/www.urlaubcornwall.de\/ferienhaeuser\/cornwall.php\">Ihren n\u00e4chsten Cornwallurlaub zu h\u00fcpfen&#8230;<\/a><\/p>\n<div class=\"snippet\"> <a class=\"featured-item\" href=\"https:\/\/www.urlaubcornwall.de\/ferienhaeuser\/cornwall.php\"> <span class=\"image-holder\" style=\"background-image: url('https:\/\/www.urlaubcornwall.de\/blog\/wp-content\/uploads\/2018\/12\/familienurlaub-corwnall-snippet.jpg');\"><\/span> <span class=\"featured-content\"> \n<h2 class=\"featured-title\">Ferienh\u00e4user in Cornwall am Meer<\/h2>\n<p class=\"featured-body\">Cornwall besitzt mehr K\u00fcstenlinien als jede andere Grafschaft und bietet einige der besten Str\u00e4nde, K\u00fcstenwanderwege und Klippenlandschaften, die man \u00fcberhaupt finden kann&#8230; <\/p><\/span> <span class=\"featured-link-holder\"> <span class=\"featured-extra-info\"> \n<p>F\u00fcr Paare, Familien &#038; Gruppen<\/p>\n<\/span> \n<p class=\"featured-link\">DETAILS<\/p>\n<\/span> <\/a><\/div>\n<p><script async src=\"https:\/\/pagead2.googlesyndication.com\/pagead\/js\/adsbygoogle.js?client=ca-pub-3901089389175725\"\n     crossorigin=\"anonymous\"><\/script><br \/>\n<!-- New UC --><br \/>\n<ins class=\"adsbygoogle\"\n     style=\"display:block\"\n     data-ad-client=\"ca-pub-3901089389175725\"\n     data-ad-slot=\"8080314818\"\n     data-ad-format=\"auto\"\n     data-full-width-responsive=\"true\"><\/ins><br \/>\n<script>\n     (adsbygoogle = window.adsbygoogle || []).push({});\n<\/script><\/p>\n","protected":false},"excerpt":{"rendered":"<p>Cornwallurlaube bedeuten lange Tage an goldfarbenen Str\u00e4nden, neue familienfreundliche Attraktionen erkunden und in wundersch\u00f6ner Landschaft entspannen, die mehr den Eindruck gibt, irgendwo im Mediterranen zu sein als an einem Ufer Gro\u00dfbritanniens. UrlaubCornwall.de, die einheimischen Experten, haben eine Liste ihrer Top-Auswahl zusammengestellt. Wie viele davon werden Sie wohl w\u00e4hrend Ihres n\u00e4chsten Urlaubs abhaken k\u00f6nnen? Wenn Sie [&hellip;]<\/p>\n","protected":false},"author":1,"featured_media":0,"parent":0,"menu_order":0,"comment_status":"closed","ping_status":"closed","template":"single-four.php","meta":[],"acf":[],"yoast_head":"<!-- This site is optimized with the Yoast SEO plugin v19.4 - https:\/\/yoast.com\/wordpress\/plugins\/seo\/ -->\n<title>Ihre Wunschliste der noch zu erf\u00fcllenden Lebenstr\u00e4ume f\u00fcr Ihren Cornwallurlaub - Urlaub &amp; Reisen<\/title>\n<meta name=\"robots\" content=\"index, follow, max-snippet:-1, max-image-preview:large, max-video-preview:-1\" \/>\n<link rel=\"canonical\" href=\"https:\/\/www.urlaubcornwall.de\/blog\/ihre-wunschliste-der-noch-zu-erfuellenden-lebenstraeume-fuer-ihren-cornwallurlaub\/\" \/>\n<meta property=\"og:locale\" content=\"en_US\" \/>\n<meta property=\"og:type\" content=\"article\" \/>\n<meta property=\"og:title\" content=\"Ihre Wunschliste der noch zu erf\u00fcllenden Lebenstr\u00e4ume f\u00fcr Ihren Cornwallurlaub - Urlaub &amp; Reisen\" \/>\n<meta property=\"og:description\" content=\"Cornwallurlaube bedeuten lange Tage an goldfarbenen Str\u00e4nden, neue familienfreundliche Attraktionen erkunden und in wundersch\u00f6ner Landschaft entspannen, die mehr den Eindruck gibt, irgendwo im Mediterranen zu sein als an einem Ufer Gro\u00dfbritanniens. UrlaubCornwall.de, die einheimischen Experten, haben eine Liste ihrer Top-Auswahl zusammengestellt. Wie viele davon werden Sie wohl w\u00e4hrend Ihres n\u00e4chsten Urlaubs abhaken k\u00f6nnen? Wenn Sie [&hellip;]\" \/>\n<meta property=\"og:url\" content=\"https:\/\/www.urlaubcornwall.de\/blog\/ihre-wunschliste-der-noch-zu-erfuellenden-lebenstraeume-fuer-ihren-cornwallurlaub\/\" \/>\n<meta property=\"og:site_name\" content=\"Urlaub &amp; Reisen\" \/>\n<meta property=\"article:modified_time\" content=\"2026-01-07T10:15:30+00:00\" \/>\n<meta property=\"og:image\" content=\"https:\/\/www.urlaubcornwall.de\/blog\/wp-content\/uploads\/2020\/02\/bedruthan-steps_edit.jpg\" \/>\n<meta name=\"twitter:card\" content=\"summary\" \/>\n<meta name=\"twitter:label1\" content=\"Est. reading time\" \/>\n\t<meta name=\"twitter:data1\" content=\"8 minutes\" \/>\n<script type=\"application\/ld+json\" class=\"yoast-schema-graph\">{\"@context\":\"https:\/\/schema.org\",\"@graph\":[{\"@type\":\"WebSite\",\"@id\":\"https:\/\/www.urlaubcornwall.de\/blog\/#website\",\"url\":\"https:\/\/www.urlaubcornwall.de\/blog\/\",\"name\":\"Urlaub &amp; Reisen\",\"description\":\"Urlaub, Reisen, Cornwall und S\u00fcdengland: eine perfekte Kombination\",\"potentialAction\":[{\"@type\":\"SearchAction\",\"target\":{\"@type\":\"EntryPoint\",\"urlTemplate\":\"https:\/\/www.urlaubcornwall.de\/blog\/?s={search_term_string}\"},\"query-input\":\"required name=search_term_string\"}],\"inLanguage\":\"en-US\"},{\"@type\":\"WebPage\",\"@id\":\"https:\/\/www.urlaubcornwall.de\/blog\/ihre-wunschliste-der-noch-zu-erfuellenden-lebenstraeume-fuer-ihren-cornwallurlaub\/\",\"url\":\"https:\/\/www.urlaubcornwall.de\/blog\/ihre-wunschliste-der-noch-zu-erfuellenden-lebenstraeume-fuer-ihren-cornwallurlaub\/\",\"name\":\"Ihre Wunschliste der noch zu erf\u00fcllenden Lebenstr\u00e4ume f\u00fcr Ihren Cornwallurlaub - Urlaub &amp; Reisen\",\"isPartOf\":{\"@id\":\"https:\/\/www.urlaubcornwall.de\/blog\/#website\"},\"datePublished\":\"2020-05-13T10:48:46+00:00\",\"dateModified\":\"2026-01-07T10:15:30+00:00\",\"breadcrumb\":{\"@id\":\"https:\/\/www.urlaubcornwall.de\/blog\/ihre-wunschliste-der-noch-zu-erfuellenden-lebenstraeume-fuer-ihren-cornwallurlaub\/#breadcrumb\"},\"inLanguage\":\"en-US\",\"potentialAction\":[{\"@type\":\"ReadAction\",\"target\":[\"https:\/\/www.urlaubcornwall.de\/blog\/ihre-wunschliste-der-noch-zu-erfuellenden-lebenstraeume-fuer-ihren-cornwallurlaub\/\"]}]},{\"@type\":\"BreadcrumbList\",\"@id\":\"https:\/\/www.urlaubcornwall.de\/blog\/ihre-wunschliste-der-noch-zu-erfuellenden-lebenstraeume-fuer-ihren-cornwallurlaub\/#breadcrumb\",\"itemListElement\":[{\"@type\":\"ListItem\",\"position\":1,\"name\":\"Home\",\"item\":\"https:\/\/www.urlaubcornwall.de\/blog\/\"},{\"@type\":\"ListItem\",\"position\":2,\"name\":\"Ihre Wunschliste der noch zu erf\u00fcllenden Lebenstr\u00e4ume f\u00fcr Ihren Cornwallurlaub\"}]}]}<\/script>\n<!-- \/ Yoast SEO plugin. -->","yoast_head_json":{"title":"Ihre Wunschliste der noch zu erf\u00fcllenden Lebenstr\u00e4ume f\u00fcr Ihren Cornwallurlaub - Urlaub &amp; Reisen","robots":{"index":"index","follow":"follow","max-snippet":"max-snippet:-1","max-image-preview":"max-image-preview:large","max-video-preview":"max-video-preview:-1"},"canonical":"https:\/\/www.urlaubcornwall.de\/blog\/ihre-wunschliste-der-noch-zu-erfuellenden-lebenstraeume-fuer-ihren-cornwallurlaub\/","og_locale":"en_US","og_type":"article","og_title":"Ihre Wunschliste der noch zu erf\u00fcllenden Lebenstr\u00e4ume f\u00fcr Ihren Cornwallurlaub - Urlaub &amp; Reisen","og_description":"Cornwallurlaube bedeuten lange Tage an goldfarbenen Str\u00e4nden, neue familienfreundliche Attraktionen erkunden und in wundersch\u00f6ner Landschaft entspannen, die mehr den Eindruck gibt, irgendwo im Mediterranen zu sein als an einem Ufer Gro\u00dfbritanniens. UrlaubCornwall.de, die einheimischen Experten, haben eine Liste ihrer Top-Auswahl zusammengestellt. Wie viele davon werden Sie wohl w\u00e4hrend Ihres n\u00e4chsten Urlaubs abhaken k\u00f6nnen? Wenn Sie [&hellip;]","og_url":"https:\/\/www.urlaubcornwall.de\/blog\/ihre-wunschliste-der-noch-zu-erfuellenden-lebenstraeume-fuer-ihren-cornwallurlaub\/","og_site_name":"Urlaub &amp; Reisen","article_modified_time":"2026-01-07T10:15:30+00:00","og_image":[{"url":"https:\/\/www.urlaubcornwall.de\/blog\/wp-content\/uploads\/2020\/02\/bedruthan-steps_edit.jpg"}],"twitter_card":"summary","twitter_misc":{"Est. reading time":"8 minutes"},"schema":{"@context":"https:\/\/schema.org","@graph":[{"@type":"WebSite","@id":"https:\/\/www.urlaubcornwall.de\/blog\/#website","url":"https:\/\/www.urlaubcornwall.de\/blog\/","name":"Urlaub &amp; Reisen","description":"Urlaub, Reisen, Cornwall und S\u00fcdengland: eine perfekte Kombination","potentialAction":[{"@type":"SearchAction","target":{"@type":"EntryPoint","urlTemplate":"https:\/\/www.urlaubcornwall.de\/blog\/?s={search_term_string}"},"query-input":"required name=search_term_string"}],"inLanguage":"en-US"},{"@type":"WebPage","@id":"https:\/\/www.urlaubcornwall.de\/blog\/ihre-wunschliste-der-noch-zu-erfuellenden-lebenstraeume-fuer-ihren-cornwallurlaub\/","url":"https:\/\/www.urlaubcornwall.de\/blog\/ihre-wunschliste-der-noch-zu-erfuellenden-lebenstraeume-fuer-ihren-cornwallurlaub\/","name":"Ihre Wunschliste der noch zu erf\u00fcllenden Lebenstr\u00e4ume f\u00fcr Ihren Cornwallurlaub - Urlaub &amp; Reisen","isPartOf":{"@id":"https:\/\/www.urlaubcornwall.de\/blog\/#website"},"datePublished":"2020-05-13T10:48:46+00:00","dateModified":"2026-01-07T10:15:30+00:00","breadcrumb":{"@id":"https:\/\/www.urlaubcornwall.de\/blog\/ihre-wunschliste-der-noch-zu-erfuellenden-lebenstraeume-fuer-ihren-cornwallurlaub\/#breadcrumb"},"inLanguage":"en-US","potentialAction":[{"@type":"ReadAction","target":["https:\/\/www.urlaubcornwall.de\/blog\/ihre-wunschliste-der-noch-zu-erfuellenden-lebenstraeume-fuer-ihren-cornwallurlaub\/"]}]},{"@type":"BreadcrumbList","@id":"https:\/\/www.urlaubcornwall.de\/blog\/ihre-wunschliste-der-noch-zu-erfuellenden-lebenstraeume-fuer-ihren-cornwallurlaub\/#breadcrumb","itemListElement":[{"@type":"ListItem","position":1,"name":"Home","item":"https:\/\/www.urlaubcornwall.de\/blog\/"},{"@type":"ListItem","position":2,"name":"Ihre Wunschliste der noch zu erf\u00fcllenden Lebenstr\u00e4ume f\u00fcr Ihren Cornwallurlaub"}]}]}},"_links":{"self":[{"href":"https:\/\/www.urlaubcornwall.de\/blog\/wp-json\/wp\/v2\/pages\/40070"}],"collection":[{"href":"https:\/\/www.urlaubcornwall.de\/blog\/wp-json\/wp\/v2\/pages"}],"about":[{"href":"https:\/\/www.urlaubcornwall.de\/blog\/wp-json\/wp\/v2\/types\/page"}],"author":[{"embeddable":true,"href":"https:\/\/www.urlaubcornwall.de\/blog\/wp-json\/wp\/v2\/users\/1"}],"replies":[{"embeddable":true,"href":"https:\/\/www.urlaubcornwall.de\/blog\/wp-json\/wp\/v2\/comments?post=40070"}],"version-history":[{"count":19,"href":"https:\/\/www.urlaubcornwall.de\/blog\/wp-json\/wp\/v2\/pages\/40070\/revisions"}],"predecessor-version":[{"id":52005,"href":"https:\/\/www.urlaubcornwall.de\/blog\/wp-json\/wp\/v2\/pages\/40070\/revisions\/52005"}],"wp:attachment":[{"href":"https:\/\/www.urlaubcornwall.de\/blog\/wp-json\/wp\/v2\/media?parent=40070"}],"curies":[{"name":"wp","href":"https:\/\/api.w.org\/{rel}","templated":true}]}}