{"id":40063,"date":"2020-05-12T10:39:07","date_gmt":"2020-05-12T10:39:07","guid":{"rendered":"https:\/\/www.urlaubcornwall.de\/blog\/?page_id=40063"},"modified":"2024-05-20T10:34:23","modified_gmt":"2024-05-20T10:34:23","slug":"die-schoensten-doerfer-cornwalls","status":"publish","type":"page","link":"https:\/\/www.urlaubcornwall.de\/blog\/die-schoensten-doerfer-cornwalls\/","title":{"rendered":"Die Sch\u00f6nsten D\u00f6rfer Cornwalls &#8211; Landschaft und K\u00fcste"},"content":{"rendered":"<p><img loading=\"lazy\" class=\"aligncenter size-full wp-image-v\" src=\"https:\/\/www.urlaubcornwall.de\/blog\/wp-content\/uploads\/2020\/09\/st-mawes-insta_edit4.jpg\" alt=\"st mawes \" width=\"750\" height=\"476\"\/><\/p>\n<p>Wo finden Sie Cornwalls h\u00fcbscheste und malerischste D\u00f6rfer? Dorfleben stellt Teil der Kultur und des Erbes Englands dar. Es gibt eine breite Auswahl, doch dies ist unsere Wahl der 10 sch\u00f6nsten D\u00f6rfer. Jedes davon hat seinen ganz einzigartigen Charakter, Charme und historische Lage in der vielf\u00e4ltigen <a href=\"https:\/\/www.urlaubcornwall.de\/ferienhaeuser\/cornwall.php\">Landschaft und K\u00fcste Cornwalls<\/a>, die es zu einem derart beliebten Urlaubsziel machen.<\/p>\n<p><a href=\"https:\/\/www.urlaubcornwall.de\/ferienhaeuser-fewos\/st-mawes.html\">St Mawes <\/a>&#8211; St Mawes bringt die cornische K\u00fcste auf einen klassischen Standard; gelegen auf der unber\u00fchrten Roseland Halbinsel mit einer hervorragenden l\u00e4ndlichen Umgebung. St Mawes ist auch bekannt wegen seiner Fu\u00dfg\u00e4ngerf\u00e4hre nach Falmouth und beherbergt die besterhaltendste K\u00fcstenfestung Heinrich VIII, die St Mawes Burg.<\/p>\n<p><a href=\"https:\/\/www.urlaubcornwall.de\/ferienhaeuser-fewos\/coverack.html\">Coverack<\/a> &#8211; Zuckers\u00fc\u00df verf\u00fcgt Coverack \u00fcber S\u00e4mtliches, was Sie von einem cornischen Dorf erwarten \u2013 da sind ein postkartensch\u00f6ner Hafen, ein halbmondf\u00f6rmiger Sandstrand und eine freundliche Kneipe. <\/p>\n<p><a href=\"https:\/\/www.urlaubcornwall.de\/ferienhaeuser-fewos\/mousehole.html\">Mousehole<\/a> &#8211; Mousehole liegt am westlichen Rand von Mount\u2018s Bay. Die h\u00fcbsche Bucht von Lamorna ist ganz in der N\u00e4he sowie das in einen Granitfelsen eingebettete Minack Theatre. Der Strand von Porthcurno, eines der feinsten Buchten der Penwith-Halbinsel, und das Telegraph Museum befinden sich alle in der N\u00e4he.<\/p>\n<p><img loading=\"lazy\" class=\"aligncenter size-full wp-image-31464\" src=\"https:\/\/www.urlaubcornwall.de\/blog\/wp-content\/uploads\/2017\/12\/ferienhaus-am-meer-cadgwith.jpg\" alt=\"ferienhaus am meer cadgwith\" width=\"741\" height=\"436\" srcset=\"https:\/\/www.urlaubcornwall.de\/blog\/wp-content\/uploads\/2017\/12\/ferienhaus-am-meer-cadgwith.jpg 741w, https:\/\/www.urlaubcornwall.de\/blog\/wp-content\/uploads\/2017\/12\/ferienhaus-am-meer-cadgwith-300x177.jpg 300w\" sizes=\"(max-width: 741px) 100vw, 741px\" \/><\/p>\n<p><a href=\"https:\/\/www.urlaubcornwall.de\/ferienhaeuser-fewos\/cadgwith.html\">Cadgwith<\/a> &#8211; Am Zipfel der wilden Lizard Halbinsel gelegen, ist Cadgwith ein wundervolles Hafendorf mit \u00fcberaus bestechlichem Charme. Reetgedeckte H\u00e4user befinden sich den engen Str\u00e4\u00dfchen entlang. Die freundliche Dorfkneipe, der Cadgwith Cove Inn ist reich an Geschichte und eine herrliche Lokalit\u00e4t f\u00fcr ein Abendessen \u2013 viele der Meeresspeisen auf der Speisekarte landen in der Bucht selbst.<\/p>\n<p><a href=\"https:\/\/www.urlaubcornwall.de\/ferienhaeuser-fewos\/boscastle.html\">Boscastle<\/a> &#8211; Als einer der raren windstillen H\u00e4fen an der Nordk\u00fcste, ist Boscastle ein bl\u00fchender Urlaubsort und ein h\u00fcbsches Dorf; durchaus eines Besuches wert.<\/p>\n<p><img loading=\"lazy\" class=\"aligncenter size-full wp-image-33649\" src=\"https:\/\/www.urlaubcornwall.de\/blog\/wp-content\/uploads\/2018\/04\/helford-urlaub.jpg\" alt=\"Helford Passage strand Falmouth\" width=\"748\" height=\"440\"\/><\/p>\n<p><a href=\"https:\/\/www.urlaubcornwall.de\/ferienhaeuser-fewos\/helford.html\">Helford<\/a> &#8211; Das Dorf Helford ist ein versteckt gelegenes Juwel, abgeschieden an den Ufern des Flusses Helford gelegen und umgeben von altem Waldland, tiefen T\u00e4lern und B\u00e4chen. Unm\u00f6glich kann man hier nicht an Schmuggler, Piraten und Daphne du Mauriers gequ\u00e4lte Heldinnen denken, wenn man durch diese wundersch\u00f6ne Ecke Cornwalls \u00fcber das Wasser gleitet. <\/p>\n<p><img loading=\"lazy\" class=\"aligncenter size-full wp-image-34507\" src=\"https:\/\/www.urlaubcornwall.de\/blog\/wp-content\/uploads\/2018\/11\/29620005_mullion_lizard_halbinsel_meerblick.jpg\" alt=\"mullion_lizard_halbinsel_meerblick\" width=\"748\" height=\"444\"\/><\/p>\n<p><a href=\"https:\/\/www.urlaubcornwall.de\/ferienhaeuser-fewos\/mullion-cove.html\">Mullion<\/a> &#8211; Ein wahrhaftes Zentrum an Aktivit\u00e4t auf der Lizard Halbinsel und vollgepackt mit Caf\u00e9s, Kneipen, Kunsthandwerkszentren und Gesch\u00e4ften.<\/p>\n<p><a href=\"https:\/\/www.urlaubcornwall.de\/ferienhaeuser-fewos\/lostwithiel.html\">Lostwithiel<\/a> &#8211; Lostwithiel liegt eingebettet in ein wundersch\u00f6nes Tal an den Ufern des Flusses Fowey, einst eine gesch\u00e4ftige Wasserstra\u00dfe f\u00fcr Boote, die mit Zinn beladen waren und sich nach Frankreich und mediterrane L\u00e4nder aufmachten. Die Burg Restormel und die St Bartholom\u00e4us Kirche sind noch heute Beispiele der atemberaubenden Architektur dieser historischen Stadt.<\/p>\n<p><img loading=\"lazy\" class=\"aligncenter size-full wp-image-16786\" src=\"https:\/\/www.urlaubcornwall.de\/blog\/wp-content\/uploads\/2014\/09\/Port-isaac_1.jpg\" alt=\"port isaac am meer \" width=\"748\" height=\"444\"\/><\/p>\n<p><a href=\"https:\/\/www.urlaubcornwall.de\/ferienhaeuser-fewos\/port-isaac.html\">Port Isaac<\/a> &#8211; Wenn Sie an einen cornische Urlaubsort denken, werden Ihnen Bilder von Port Isaac einfallen. Als quintessentielles cornisches Fischerdorf ist es ein beliebter Urlaubsort.<\/p>\n<p><a href=\"https:\/\/www.urlaubcornwall.de\/ferienhaeuser-fewos\/porthleven.html\">Porthleven<\/a> &#8211; Porthleven ist eines von Cornwalls versteckten Juwelen, weniger bekannt als zum Beispiel Padstow oder St Ives, doch sicherlich eines Besuches wert. Es liegt in Westcornwall zwischen dem Lizard Point (Britanniens s\u00fcdlichstem Zipfel) und Lands End direkt zum atlantischen Ozean hin und vermittelt einen rauen, zerkl\u00fcfteten Eindruck, was vielen der gesch\u00fctzter gelegenen H\u00e4fen entlang der cornischen K\u00fcste fehlt.<\/p>\n<p><img loading=\"lazy\" class=\"aligncenter size-full wp-image-40003\" src=\"https:\/\/www.urlaubcornwall.de\/blog\/wp-content\/uploads\/2020\/04\/sennen_strand.jpg\" alt=\"sennen_strand\" width=\"750\" height=\"443\"\/><\/p>\n<p><a href=\"https:\/\/www.urlaubcornwall.de\/ferienhaeuser-fewos\/sennen.html\">Sennen<\/a> &#8211; Sennen ist das westlichste Dorf Englands, und die Whitesand Bucht ist ein goldener Sandstrand von einer Meile mit jeder Menge Felsen-Pools, die bei Ebbe in Erscheinung treten. <\/p>\n<div class=\"snippet\"> <a class=\"featured-item\" href=\"https:\/\/www.urlaubcornwall.de\/ferienhaeuser\/cornwall.php\"> <span class=\"image-holder\" style=\"background-image: url('https:\/\/www.urlaubcornwall.de\/blog\/wp-content\/uploads\/2018\/12\/familienurlaub-corwnall-snippet.jpg');\"><\/span> <span class=\"featured-content\"> \n<h2 class=\"featured-title\">Ferienh\u00e4user in Cornwall am Meer<\/h2>\n<p class=\"featured-body\">Cornwall besitzt mehr K\u00fcstenlinien als jede andere Grafschaft und bietet einige der besten Str\u00e4nde, K\u00fcstenwanderwege und Klippenlandschaften, die man \u00fcberhaupt finden kann&#8230; <\/p><\/span> <span class=\"featured-link-holder\"> <span class=\"featured-extra-info\"> \n<p>F\u00fcr Paare, Familien &#038; Gruppen<\/p>\n<\/span> \n<p class=\"featured-link\">DETAILS<\/p>\n<\/span> <\/a><\/div>\n","protected":false},"excerpt":{"rendered":"<p>Wo finden Sie Cornwalls h\u00fcbscheste und malerischste D\u00f6rfer? Dorfleben stellt Teil der Kultur und des Erbes Englands dar. Es gibt eine breite Auswahl, doch dies ist unsere Wahl der 10 sch\u00f6nsten D\u00f6rfer. Jedes davon hat seinen ganz einzigartigen Charakter, Charme und historische Lage in der vielf\u00e4ltigen Landschaft und K\u00fcste Cornwalls, die es zu einem derart [&hellip;]<\/p>\n","protected":false},"author":1,"featured_media":0,"parent":0,"menu_order":0,"comment_status":"closed","ping_status":"closed","template":"single-four.php","meta":[],"acf":[],"yoast_head":"<!-- This site is optimized with the Yoast SEO plugin v19.4 - https:\/\/yoast.com\/wordpress\/plugins\/seo\/ -->\n<title>Die Sch\u00f6nsten D\u00f6rfer Cornwalls - Landschaft und K\u00fcste - Urlaub &amp; Reisen<\/title>\n<meta name=\"description\" content=\"Wo finden Sie Cornwalls h\u00fcbscheste und malerischste D\u00f6rfer? Dorfleben stellt Teil der Kultur und des Erbes Englands dar. Es gibt eine breite Auswahl, doch dies ist unsere Wahl der 5 sch\u00f6nsten D\u00f6rfer. Jedes davon hat seinen ganz einzigartigen Charakter, Charme und historische Lage in der vielf\u00e4ltigen Landschaft und K\u00fcste Cornwalls, die es zu einem derart beliebten Urlaubsziel machen.\" \/>\n<meta name=\"robots\" content=\"index, follow, max-snippet:-1, max-image-preview:large, max-video-preview:-1\" \/>\n<link rel=\"canonical\" href=\"https:\/\/www.urlaubcornwall.de\/blog\/die-schoensten-doerfer-cornwalls\/\" \/>\n<meta property=\"og:locale\" content=\"en_US\" \/>\n<meta property=\"og:type\" content=\"article\" \/>\n<meta property=\"og:title\" content=\"Die Sch\u00f6nsten D\u00f6rfer Cornwalls - Landschaft und K\u00fcste - Urlaub &amp; Reisen\" \/>\n<meta property=\"og:description\" content=\"Wo finden Sie Cornwalls h\u00fcbscheste und malerischste D\u00f6rfer? Dorfleben stellt Teil der Kultur und des Erbes Englands dar. Es gibt eine breite Auswahl, doch dies ist unsere Wahl der 5 sch\u00f6nsten D\u00f6rfer. Jedes davon hat seinen ganz einzigartigen Charakter, Charme und historische Lage in der vielf\u00e4ltigen Landschaft und K\u00fcste Cornwalls, die es zu einem derart beliebten Urlaubsziel machen.\" \/>\n<meta property=\"og:url\" content=\"https:\/\/www.urlaubcornwall.de\/blog\/die-schoensten-doerfer-cornwalls\/\" \/>\n<meta property=\"og:site_name\" content=\"Urlaub &amp; Reisen\" \/>\n<meta property=\"article:modified_time\" content=\"2024-05-20T10:34:23+00:00\" \/>\n<meta property=\"og:image\" content=\"https:\/\/www.urlaubcornwall.de\/blog\/wp-content\/uploads\/2020\/09\/st-mawes-insta_edit4.jpg\" \/>\n<meta name=\"twitter:card\" content=\"summary\" \/>\n<meta name=\"twitter:label1\" content=\"Est. reading time\" \/>\n\t<meta name=\"twitter:data1\" content=\"4 minutes\" \/>\n<script type=\"application\/ld+json\" class=\"yoast-schema-graph\">{\"@context\":\"https:\/\/schema.org\",\"@graph\":[{\"@type\":\"WebSite\",\"@id\":\"https:\/\/www.urlaubcornwall.de\/blog\/#website\",\"url\":\"https:\/\/www.urlaubcornwall.de\/blog\/\",\"name\":\"Urlaub &amp; Reisen\",\"description\":\"Urlaub, Reisen, Cornwall und S\u00fcdengland: eine perfekte Kombination\",\"potentialAction\":[{\"@type\":\"SearchAction\",\"target\":{\"@type\":\"EntryPoint\",\"urlTemplate\":\"https:\/\/www.urlaubcornwall.de\/blog\/?s={search_term_string}\"},\"query-input\":\"required name=search_term_string\"}],\"inLanguage\":\"en-US\"},{\"@type\":\"WebPage\",\"@id\":\"https:\/\/www.urlaubcornwall.de\/blog\/die-schoensten-doerfer-cornwalls\/\",\"url\":\"https:\/\/www.urlaubcornwall.de\/blog\/die-schoensten-doerfer-cornwalls\/\",\"name\":\"Die Sch\u00f6nsten D\u00f6rfer Cornwalls - Landschaft und K\u00fcste - Urlaub &amp; Reisen\",\"isPartOf\":{\"@id\":\"https:\/\/www.urlaubcornwall.de\/blog\/#website\"},\"datePublished\":\"2020-05-12T10:39:07+00:00\",\"dateModified\":\"2024-05-20T10:34:23+00:00\",\"description\":\"Wo finden Sie Cornwalls h\u00fcbscheste und malerischste D\u00f6rfer? Dorfleben stellt Teil der Kultur und des Erbes Englands dar. Es gibt eine breite Auswahl, doch dies ist unsere Wahl der 5 sch\u00f6nsten D\u00f6rfer. Jedes davon hat seinen ganz einzigartigen Charakter, Charme und historische Lage in der vielf\u00e4ltigen Landschaft und K\u00fcste Cornwalls, die es zu einem derart beliebten Urlaubsziel machen.\",\"breadcrumb\":{\"@id\":\"https:\/\/www.urlaubcornwall.de\/blog\/die-schoensten-doerfer-cornwalls\/#breadcrumb\"},\"inLanguage\":\"en-US\",\"potentialAction\":[{\"@type\":\"ReadAction\",\"target\":[\"https:\/\/www.urlaubcornwall.de\/blog\/die-schoensten-doerfer-cornwalls\/\"]}]},{\"@type\":\"BreadcrumbList\",\"@id\":\"https:\/\/www.urlaubcornwall.de\/blog\/die-schoensten-doerfer-cornwalls\/#breadcrumb\",\"itemListElement\":[{\"@type\":\"ListItem\",\"position\":1,\"name\":\"Home\",\"item\":\"https:\/\/www.urlaubcornwall.de\/blog\/\"},{\"@type\":\"ListItem\",\"position\":2,\"name\":\"Die Sch\u00f6nsten D\u00f6rfer Cornwalls &#8211; Landschaft und K\u00fcste\"}]}]}<\/script>\n<!-- \/ Yoast SEO plugin. -->","yoast_head_json":{"title":"Die Sch\u00f6nsten D\u00f6rfer Cornwalls - Landschaft und K\u00fcste - Urlaub &amp; Reisen","description":"Wo finden Sie Cornwalls h\u00fcbscheste und malerischste D\u00f6rfer? Dorfleben stellt Teil der Kultur und des Erbes Englands dar. Es gibt eine breite Auswahl, doch dies ist unsere Wahl der 5 sch\u00f6nsten D\u00f6rfer. Jedes davon hat seinen ganz einzigartigen Charakter, Charme und historische Lage in der vielf\u00e4ltigen Landschaft und K\u00fcste Cornwalls, die es zu einem derart beliebten Urlaubsziel machen.","robots":{"index":"index","follow":"follow","max-snippet":"max-snippet:-1","max-image-preview":"max-image-preview:large","max-video-preview":"max-video-preview:-1"},"canonical":"https:\/\/www.urlaubcornwall.de\/blog\/die-schoensten-doerfer-cornwalls\/","og_locale":"en_US","og_type":"article","og_title":"Die Sch\u00f6nsten D\u00f6rfer Cornwalls - Landschaft und K\u00fcste - Urlaub &amp; Reisen","og_description":"Wo finden Sie Cornwalls h\u00fcbscheste und malerischste D\u00f6rfer? Dorfleben stellt Teil der Kultur und des Erbes Englands dar. Es gibt eine breite Auswahl, doch dies ist unsere Wahl der 5 sch\u00f6nsten D\u00f6rfer. Jedes davon hat seinen ganz einzigartigen Charakter, Charme und historische Lage in der vielf\u00e4ltigen Landschaft und K\u00fcste Cornwalls, die es zu einem derart beliebten Urlaubsziel machen.","og_url":"https:\/\/www.urlaubcornwall.de\/blog\/die-schoensten-doerfer-cornwalls\/","og_site_name":"Urlaub &amp; Reisen","article_modified_time":"2024-05-20T10:34:23+00:00","og_image":[{"url":"https:\/\/www.urlaubcornwall.de\/blog\/wp-content\/uploads\/2020\/09\/st-mawes-insta_edit4.jpg"}],"twitter_card":"summary","twitter_misc":{"Est. reading time":"4 minutes"},"schema":{"@context":"https:\/\/schema.org","@graph":[{"@type":"WebSite","@id":"https:\/\/www.urlaubcornwall.de\/blog\/#website","url":"https:\/\/www.urlaubcornwall.de\/blog\/","name":"Urlaub &amp; Reisen","description":"Urlaub, Reisen, Cornwall und S\u00fcdengland: eine perfekte Kombination","potentialAction":[{"@type":"SearchAction","target":{"@type":"EntryPoint","urlTemplate":"https:\/\/www.urlaubcornwall.de\/blog\/?s={search_term_string}"},"query-input":"required name=search_term_string"}],"inLanguage":"en-US"},{"@type":"WebPage","@id":"https:\/\/www.urlaubcornwall.de\/blog\/die-schoensten-doerfer-cornwalls\/","url":"https:\/\/www.urlaubcornwall.de\/blog\/die-schoensten-doerfer-cornwalls\/","name":"Die Sch\u00f6nsten D\u00f6rfer Cornwalls - Landschaft und K\u00fcste - Urlaub &amp; Reisen","isPartOf":{"@id":"https:\/\/www.urlaubcornwall.de\/blog\/#website"},"datePublished":"2020-05-12T10:39:07+00:00","dateModified":"2024-05-20T10:34:23+00:00","description":"Wo finden Sie Cornwalls h\u00fcbscheste und malerischste D\u00f6rfer? Dorfleben stellt Teil der Kultur und des Erbes Englands dar. Es gibt eine breite Auswahl, doch dies ist unsere Wahl der 5 sch\u00f6nsten D\u00f6rfer. Jedes davon hat seinen ganz einzigartigen Charakter, Charme und historische Lage in der vielf\u00e4ltigen Landschaft und K\u00fcste Cornwalls, die es zu einem derart beliebten Urlaubsziel machen.","breadcrumb":{"@id":"https:\/\/www.urlaubcornwall.de\/blog\/die-schoensten-doerfer-cornwalls\/#breadcrumb"},"inLanguage":"en-US","potentialAction":[{"@type":"ReadAction","target":["https:\/\/www.urlaubcornwall.de\/blog\/die-schoensten-doerfer-cornwalls\/"]}]},{"@type":"BreadcrumbList","@id":"https:\/\/www.urlaubcornwall.de\/blog\/die-schoensten-doerfer-cornwalls\/#breadcrumb","itemListElement":[{"@type":"ListItem","position":1,"name":"Home","item":"https:\/\/www.urlaubcornwall.de\/blog\/"},{"@type":"ListItem","position":2,"name":"Die Sch\u00f6nsten D\u00f6rfer Cornwalls &#8211; Landschaft und K\u00fcste"}]}]}},"_links":{"self":[{"href":"https:\/\/www.urlaubcornwall.de\/blog\/wp-json\/wp\/v2\/pages\/40063"}],"collection":[{"href":"https:\/\/www.urlaubcornwall.de\/blog\/wp-json\/wp\/v2\/pages"}],"about":[{"href":"https:\/\/www.urlaubcornwall.de\/blog\/wp-json\/wp\/v2\/types\/page"}],"author":[{"embeddable":true,"href":"https:\/\/www.urlaubcornwall.de\/blog\/wp-json\/wp\/v2\/users\/1"}],"replies":[{"embeddable":true,"href":"https:\/\/www.urlaubcornwall.de\/blog\/wp-json\/wp\/v2\/comments?post=40063"}],"version-history":[{"count":9,"href":"https:\/\/www.urlaubcornwall.de\/blog\/wp-json\/wp\/v2\/pages\/40063\/revisions"}],"predecessor-version":[{"id":50179,"href":"https:\/\/www.urlaubcornwall.de\/blog\/wp-json\/wp\/v2\/pages\/40063\/revisions\/50179"}],"wp:attachment":[{"href":"https:\/\/www.urlaubcornwall.de\/blog\/wp-json\/wp\/v2\/media?parent=40063"}],"curies":[{"name":"wp","href":"https:\/\/api.w.org\/{rel}","templated":true}]}}