{"id":40045,"date":"2020-05-04T14:30:35","date_gmt":"2020-05-04T14:30:35","guid":{"rendered":"https:\/\/www.urlaubcornwall.de\/blog\/?page_id=40045"},"modified":"2024-04-15T13:58:53","modified_gmt":"2024-04-15T13:58:53","slug":"cornwall-zu-fuss-wandern-auf-kuestenpfaden-in-cornwall","status":"publish","type":"page","link":"https:\/\/www.urlaubcornwall.de\/blog\/cornwall-zu-fuss-wandern-auf-kuestenpfaden-in-cornwall\/","title":{"rendered":"Cornwall zu fu\u00df &#8211; Wandern auf K\u00fcstenpfaden in Cornwall"},"content":{"rendered":"<p><img loading=\"lazy\" class=\"aligncenter size-full wp-image-47899\" src=\"https:\/\/www.urlaubcornwall.de\/blog\/wp-content\/uploads\/2024\/03\/holywell-cornwall-strand-rotated.jpg\" alt=\"holywell cornwall strand\" width=\"750\" height=\"563\" srcset=\"https:\/\/www.urlaubcornwall.de\/blog\/wp-content\/uploads\/2024\/03\/holywell-cornwall-strand-rotated.jpg 750w, https:\/\/www.urlaubcornwall.de\/blog\/wp-content\/uploads\/2024\/03\/holywell-cornwall-strand-300x225.jpg 300w\" sizes=\"(max-width: 750px) 100vw, 750px\" \/><\/p>\n<p>Der <a href=\"https:\/\/www.urlaubcornwall.de\/blog\/suedwestkuestenpfad-unser-fuehrer-wandern-in-cornwall-devon-und-suedengland\/\">S\u00fcdwestk\u00fcstenpfad<\/a> ist der l\u00e4ngste Pfad Britanniens und erstreckt sich \u00fcber 630 Meilen von Minehead in Somerset bis nach Poole in Dorset und schlie\u00dft dabei die gesamte K\u00fcste <a href=\"https:\/\/www.urlaubcornwall.de\/wanderurlaub\/devon.php\">Devons<\/a> und <a href=\"https:\/\/www.urlaubcornwall.de\/wanderurlaub\/cornwall.php\">Cornwalls<\/a> mit ein. Es ist die beliebteste Route f\u00fcr Wanderurlaube in England.<\/p>\n<p><strong>Herrliche Wander- und K\u00fcstenwanderungsurlaube in Cornwall preisg\u00fcnstig<\/strong><\/p>\n<p>Wir decken den gesamten kornischen Abschnitt ab und bieten auch herrliche Wanderungen im Landesinneren an. Der Wanderweg umspannt die gesamten 322 Meilen oder 513 km der <a href=\"https:\/\/www.urlaubcornwall.de\/reiseziel\/cornwall.php\">kornischen K\u00fcste<\/a>, angefangen an der wildzerkl\u00fcfteten Nordk\u00fcste von Bude nach Padstow und Lands End zu der anmutig gr\u00fcnen, sanfteren S\u00fcdk\u00fcste von Penzance nach Falmouth bis zur Roseland Peninsula. Rosamunde Pilcher hat diese reizvolle Landschaft verewigt, und auch Sie werden bestimmt in Ihren Wanderferien f\u00fcr die Sch\u00f6nheit Cornwalls begeistern.<\/p>\n<p>Wie bieten die meisten beliebten <a href=\"https:\/\/www.urlaubcornwall.de\/wanderurlaub\/cornwall.php\">Wandertouren in Cornwall<\/a> oder k\u00f6nnen einen ganz pers\u00f6nlich auf Sie und Ihre Bed\u00fcrfnisse abgestimmten Wanderurlaub organisieren.<\/p>\n<p style=\"text-align: center;\"><a class=\"tidycta\" href=\"https:\/\/www.urlaubcornwall.de\/wanderurlaub\/anfrage.php\">Wanderreise Anfrage<\/a><\/p>\n","protected":false},"excerpt":{"rendered":"<p>Der S\u00fcdwestk\u00fcstenpfad ist der l\u00e4ngste Pfad Britanniens und erstreckt sich \u00fcber 630 Meilen von Minehead in Somerset bis nach Poole in Dorset und schlie\u00dft dabei die gesamte K\u00fcste Devons und Cornwalls mit ein. Es ist die beliebteste Route f\u00fcr Wanderurlaube in England. Herrliche Wander- und K\u00fcstenwanderungsurlaube in Cornwall preisg\u00fcnstig Wir decken den gesamten kornischen Abschnitt [&hellip;]<\/p>\n","protected":false},"author":1,"featured_media":0,"parent":0,"menu_order":0,"comment_status":"closed","ping_status":"closed","template":"single-four.php","meta":[],"acf":[],"yoast_head":"<!-- This site is optimized with the Yoast SEO plugin v19.4 - https:\/\/yoast.com\/wordpress\/plugins\/seo\/ -->\n<title>Cornwall zu fu\u00df - Wandern auf K\u00fcstenpfaden in Cornwall - Urlaub &amp; Reisen<\/title>\n<meta name=\"description\" content=\"Der S\u00fcdwestk\u00fcstenpfad ist der l\u00e4ngste Pfad Britanniens und erstreckt sich \u00fcber 630 Meilen von Minehead in Somerset bis nach Poole in Dorset und schlie\u00dft dabei die gesamte K\u00fcste Devons und Cornwalls mit ein. Es ist die beliebteste Route f\u00fcr Wanderurlaube in England.\" \/>\n<meta name=\"robots\" content=\"index, follow, max-snippet:-1, max-image-preview:large, max-video-preview:-1\" \/>\n<link rel=\"canonical\" href=\"https:\/\/www.urlaubcornwall.de\/blog\/cornwall-zu-fuss-wandern-auf-kuestenpfaden-in-cornwall\/\" \/>\n<meta property=\"og:locale\" content=\"en_US\" \/>\n<meta property=\"og:type\" content=\"article\" \/>\n<meta property=\"og:title\" content=\"Cornwall zu fu\u00df - Wandern auf K\u00fcstenpfaden in Cornwall - Urlaub &amp; Reisen\" \/>\n<meta property=\"og:description\" content=\"Der S\u00fcdwestk\u00fcstenpfad ist der l\u00e4ngste Pfad Britanniens und erstreckt sich \u00fcber 630 Meilen von Minehead in Somerset bis nach Poole in Dorset und schlie\u00dft dabei die gesamte K\u00fcste Devons und Cornwalls mit ein. Es ist die beliebteste Route f\u00fcr Wanderurlaube in England.\" \/>\n<meta property=\"og:url\" content=\"https:\/\/www.urlaubcornwall.de\/blog\/cornwall-zu-fuss-wandern-auf-kuestenpfaden-in-cornwall\/\" \/>\n<meta property=\"og:site_name\" content=\"Urlaub &amp; Reisen\" \/>\n<meta property=\"article:modified_time\" content=\"2024-04-15T13:58:53+00:00\" \/>\n<meta property=\"og:image\" content=\"https:\/\/www.urlaubcornwall.de\/blog\/wp-content\/uploads\/2024\/03\/holywell-cornwall-strand-rotated.jpg\" \/>\n<meta name=\"twitter:card\" content=\"summary\" \/>\n<meta name=\"twitter:label1\" content=\"Est. reading time\" \/>\n\t<meta name=\"twitter:data1\" content=\"1 minute\" \/>\n<script type=\"application\/ld+json\" class=\"yoast-schema-graph\">{\"@context\":\"https:\/\/schema.org\",\"@graph\":[{\"@type\":\"WebSite\",\"@id\":\"https:\/\/www.urlaubcornwall.de\/blog\/#website\",\"url\":\"https:\/\/www.urlaubcornwall.de\/blog\/\",\"name\":\"Urlaub &amp; Reisen\",\"description\":\"Urlaub, Reisen, Cornwall und S\u00fcdengland: eine perfekte Kombination\",\"potentialAction\":[{\"@type\":\"SearchAction\",\"target\":{\"@type\":\"EntryPoint\",\"urlTemplate\":\"https:\/\/www.urlaubcornwall.de\/blog\/?s={search_term_string}\"},\"query-input\":\"required name=search_term_string\"}],\"inLanguage\":\"en-US\"},{\"@type\":\"WebPage\",\"@id\":\"https:\/\/www.urlaubcornwall.de\/blog\/cornwall-zu-fuss-wandern-auf-kuestenpfaden-in-cornwall\/\",\"url\":\"https:\/\/www.urlaubcornwall.de\/blog\/cornwall-zu-fuss-wandern-auf-kuestenpfaden-in-cornwall\/\",\"name\":\"Cornwall zu fu\u00df - Wandern auf K\u00fcstenpfaden in Cornwall - Urlaub &amp; Reisen\",\"isPartOf\":{\"@id\":\"https:\/\/www.urlaubcornwall.de\/blog\/#website\"},\"datePublished\":\"2020-05-04T14:30:35+00:00\",\"dateModified\":\"2024-04-15T13:58:53+00:00\",\"description\":\"Der S\u00fcdwestk\u00fcstenpfad ist der l\u00e4ngste Pfad Britanniens und erstreckt sich \u00fcber 630 Meilen von Minehead in Somerset bis nach Poole in Dorset und schlie\u00dft dabei die gesamte K\u00fcste Devons und Cornwalls mit ein. Es ist die beliebteste Route f\u00fcr Wanderurlaube in England.\",\"breadcrumb\":{\"@id\":\"https:\/\/www.urlaubcornwall.de\/blog\/cornwall-zu-fuss-wandern-auf-kuestenpfaden-in-cornwall\/#breadcrumb\"},\"inLanguage\":\"en-US\",\"potentialAction\":[{\"@type\":\"ReadAction\",\"target\":[\"https:\/\/www.urlaubcornwall.de\/blog\/cornwall-zu-fuss-wandern-auf-kuestenpfaden-in-cornwall\/\"]}]},{\"@type\":\"BreadcrumbList\",\"@id\":\"https:\/\/www.urlaubcornwall.de\/blog\/cornwall-zu-fuss-wandern-auf-kuestenpfaden-in-cornwall\/#breadcrumb\",\"itemListElement\":[{\"@type\":\"ListItem\",\"position\":1,\"name\":\"Home\",\"item\":\"https:\/\/www.urlaubcornwall.de\/blog\/\"},{\"@type\":\"ListItem\",\"position\":2,\"name\":\"Cornwall zu fu\u00df &#8211; Wandern auf K\u00fcstenpfaden in Cornwall\"}]}]}<\/script>\n<!-- \/ Yoast SEO plugin. -->","yoast_head_json":{"title":"Cornwall zu fu\u00df - Wandern auf K\u00fcstenpfaden in Cornwall - Urlaub &amp; Reisen","description":"Der S\u00fcdwestk\u00fcstenpfad ist der l\u00e4ngste Pfad Britanniens und erstreckt sich \u00fcber 630 Meilen von Minehead in Somerset bis nach Poole in Dorset und schlie\u00dft dabei die gesamte K\u00fcste Devons und Cornwalls mit ein. Es ist die beliebteste Route f\u00fcr Wanderurlaube in England.","robots":{"index":"index","follow":"follow","max-snippet":"max-snippet:-1","max-image-preview":"max-image-preview:large","max-video-preview":"max-video-preview:-1"},"canonical":"https:\/\/www.urlaubcornwall.de\/blog\/cornwall-zu-fuss-wandern-auf-kuestenpfaden-in-cornwall\/","og_locale":"en_US","og_type":"article","og_title":"Cornwall zu fu\u00df - Wandern auf K\u00fcstenpfaden in Cornwall - Urlaub &amp; Reisen","og_description":"Der S\u00fcdwestk\u00fcstenpfad ist der l\u00e4ngste Pfad Britanniens und erstreckt sich \u00fcber 630 Meilen von Minehead in Somerset bis nach Poole in Dorset und schlie\u00dft dabei die gesamte K\u00fcste Devons und Cornwalls mit ein. Es ist die beliebteste Route f\u00fcr Wanderurlaube in England.","og_url":"https:\/\/www.urlaubcornwall.de\/blog\/cornwall-zu-fuss-wandern-auf-kuestenpfaden-in-cornwall\/","og_site_name":"Urlaub &amp; Reisen","article_modified_time":"2024-04-15T13:58:53+00:00","og_image":[{"url":"https:\/\/www.urlaubcornwall.de\/blog\/wp-content\/uploads\/2024\/03\/holywell-cornwall-strand-rotated.jpg"}],"twitter_card":"summary","twitter_misc":{"Est. reading time":"1 minute"},"schema":{"@context":"https:\/\/schema.org","@graph":[{"@type":"WebSite","@id":"https:\/\/www.urlaubcornwall.de\/blog\/#website","url":"https:\/\/www.urlaubcornwall.de\/blog\/","name":"Urlaub &amp; Reisen","description":"Urlaub, Reisen, Cornwall und S\u00fcdengland: eine perfekte Kombination","potentialAction":[{"@type":"SearchAction","target":{"@type":"EntryPoint","urlTemplate":"https:\/\/www.urlaubcornwall.de\/blog\/?s={search_term_string}"},"query-input":"required name=search_term_string"}],"inLanguage":"en-US"},{"@type":"WebPage","@id":"https:\/\/www.urlaubcornwall.de\/blog\/cornwall-zu-fuss-wandern-auf-kuestenpfaden-in-cornwall\/","url":"https:\/\/www.urlaubcornwall.de\/blog\/cornwall-zu-fuss-wandern-auf-kuestenpfaden-in-cornwall\/","name":"Cornwall zu fu\u00df - Wandern auf K\u00fcstenpfaden in Cornwall - Urlaub &amp; Reisen","isPartOf":{"@id":"https:\/\/www.urlaubcornwall.de\/blog\/#website"},"datePublished":"2020-05-04T14:30:35+00:00","dateModified":"2024-04-15T13:58:53+00:00","description":"Der S\u00fcdwestk\u00fcstenpfad ist der l\u00e4ngste Pfad Britanniens und erstreckt sich \u00fcber 630 Meilen von Minehead in Somerset bis nach Poole in Dorset und schlie\u00dft dabei die gesamte K\u00fcste Devons und Cornwalls mit ein. Es ist die beliebteste Route f\u00fcr Wanderurlaube in England.","breadcrumb":{"@id":"https:\/\/www.urlaubcornwall.de\/blog\/cornwall-zu-fuss-wandern-auf-kuestenpfaden-in-cornwall\/#breadcrumb"},"inLanguage":"en-US","potentialAction":[{"@type":"ReadAction","target":["https:\/\/www.urlaubcornwall.de\/blog\/cornwall-zu-fuss-wandern-auf-kuestenpfaden-in-cornwall\/"]}]},{"@type":"BreadcrumbList","@id":"https:\/\/www.urlaubcornwall.de\/blog\/cornwall-zu-fuss-wandern-auf-kuestenpfaden-in-cornwall\/#breadcrumb","itemListElement":[{"@type":"ListItem","position":1,"name":"Home","item":"https:\/\/www.urlaubcornwall.de\/blog\/"},{"@type":"ListItem","position":2,"name":"Cornwall zu fu\u00df &#8211; Wandern auf K\u00fcstenpfaden in Cornwall"}]}]}},"_links":{"self":[{"href":"https:\/\/www.urlaubcornwall.de\/blog\/wp-json\/wp\/v2\/pages\/40045"}],"collection":[{"href":"https:\/\/www.urlaubcornwall.de\/blog\/wp-json\/wp\/v2\/pages"}],"about":[{"href":"https:\/\/www.urlaubcornwall.de\/blog\/wp-json\/wp\/v2\/types\/page"}],"author":[{"embeddable":true,"href":"https:\/\/www.urlaubcornwall.de\/blog\/wp-json\/wp\/v2\/users\/1"}],"replies":[{"embeddable":true,"href":"https:\/\/www.urlaubcornwall.de\/blog\/wp-json\/wp\/v2\/comments?post=40045"}],"version-history":[{"count":2,"href":"https:\/\/www.urlaubcornwall.de\/blog\/wp-json\/wp\/v2\/pages\/40045\/revisions"}],"predecessor-version":[{"id":49492,"href":"https:\/\/www.urlaubcornwall.de\/blog\/wp-json\/wp\/v2\/pages\/40045\/revisions\/49492"}],"wp:attachment":[{"href":"https:\/\/www.urlaubcornwall.de\/blog\/wp-json\/wp\/v2\/media?parent=40045"}],"curies":[{"name":"wp","href":"https:\/\/api.w.org\/{rel}","templated":true}]}}