{"id":40035,"date":"2020-04-30T10:34:48","date_gmt":"2020-04-30T10:34:48","guid":{"rendered":"https:\/\/www.urlaubcornwall.de\/blog\/?page_id=40035"},"modified":"2024-05-30T15:42:20","modified_gmt":"2024-05-30T15:42:20","slug":"was-kostet-ein-urlaub-in-cornwall","status":"publish","type":"page","link":"https:\/\/www.urlaubcornwall.de\/blog\/was-kostet-ein-urlaub-in-cornwall\/","title":{"rendered":"Was kostet ein Urlaub in Cornwall?"},"content":{"rendered":"<p><a href=\"https:\/\/www.urlaubcornwall.de\/blog\/wp-content\/uploads\/2020\/05\/fistral-strand-blick.jpg\"><img loading=\"lazy\" src=\"https:\/\/www.urlaubcornwall.de\/blog\/wp-content\/uploads\/2020\/05\/fistral-strand-blick.jpg\" alt=\"fistral strand blick\" width=\"747\" height=\"607\" class=\"alignnone size-full wp-image-40102\" srcset=\"https:\/\/www.urlaubcornwall.de\/blog\/wp-content\/uploads\/2020\/05\/fistral-strand-blick.jpg 747w, https:\/\/www.urlaubcornwall.de\/blog\/wp-content\/uploads\/2020\/05\/fistral-strand-blick-300x244.jpg 300w\" sizes=\"(max-width: 747px) 100vw, 747px\" \/><\/a><\/p>\n<p>Cornwall bietet in der Tat einige der besten <a href=\"https:\/\/www.urlaubcornwall.de\/hotels.php\">4 &#038; 5-Sterne-Hotels<\/a> des UK, doch auch f\u00fcr diejenigen mit kleinerem Budget gibt es eine riesige Bannbreite an g\u00fcnstigeren Optionen, einschlie\u00dflich gro\u00dfartiger Selbstversorgerunterk\u00fcnfte. <\/p>\n<p>UrlaubCornwall.de hat mehr als <a href=\"https:\/\/www.urlaubcornwall.de\/ferienhaeuser\/cornwall.php\">800 G\u00fcnstige pers\u00f6nlich inspizierte Urlaubsunterk\u00fcnfte<\/a> im Angebot, von Strandh\u00e4usern bis hin zu Luxusappartements mit Meeresblick und traditionelle Fischercottages aus Stein, die Hunde gestatten. Auf unserer Seite mit Sonderangeboten werden Sie Ferienh\u00e4user und Fewos entdecken, bei denen der Preis reduziert wurde &#8211; meist aufgrund einer Stornierung oder sp\u00e4ter Verf\u00fcgbarkeit.<\/p>\n<p style=\"text-align: center;\"><a class=\"tidycta\" href=\"https:\/\/www.urlaubcornwall.de\/ferienhaeuser\/cornwall.php\">Sonderangebote, Last-Minute-Angebote &#038; Discounts<\/a><\/p>\n","protected":false},"excerpt":{"rendered":"<p>Cornwall bietet in der Tat einige der besten 4 &#038; 5-Sterne-Hotels des UK, doch auch f\u00fcr diejenigen mit kleinerem Budget gibt es eine riesige Bannbreite an g\u00fcnstigeren Optionen, einschlie\u00dflich gro\u00dfartiger Selbstversorgerunterk\u00fcnfte. UrlaubCornwall.de hat mehr als 800 G\u00fcnstige pers\u00f6nlich inspizierte Urlaubsunterk\u00fcnfte im Angebot, von Strandh\u00e4usern bis hin zu Luxusappartements mit Meeresblick und traditionelle Fischercottages aus Stein, [&hellip;]<\/p>\n","protected":false},"author":1,"featured_media":0,"parent":0,"menu_order":0,"comment_status":"closed","ping_status":"closed","template":"single-four.php","meta":[],"acf":[],"yoast_head":"<!-- This site is optimized with the Yoast SEO plugin v19.4 - https:\/\/yoast.com\/wordpress\/plugins\/seo\/ -->\n<title>Was kostet ein Urlaub in Cornwall? - Urlaub &amp; Reisen<\/title>\n<meta name=\"description\" content=\"Cornwall bietet in der Tat einige der besten 4 &amp; 5-Sterne-Hotels des UK, doch auch f\u00fcr diejenigen mit kleinerem Budget gibt es eine riesige Bannbreite an g\u00fcnstigeren Optionen, einschlie\u00dflich gro\u00dfartiger Selbstversorgerunterk\u00fcnfte.\" \/>\n<meta name=\"robots\" content=\"index, follow, max-snippet:-1, max-image-preview:large, max-video-preview:-1\" \/>\n<link rel=\"canonical\" href=\"https:\/\/www.urlaubcornwall.de\/blog\/was-kostet-ein-urlaub-in-cornwall\/\" \/>\n<meta property=\"og:locale\" content=\"en_US\" \/>\n<meta property=\"og:type\" content=\"article\" \/>\n<meta property=\"og:title\" content=\"Was kostet ein Urlaub in Cornwall? - Urlaub &amp; Reisen\" \/>\n<meta property=\"og:description\" content=\"Cornwall bietet in der Tat einige der besten 4 &amp; 5-Sterne-Hotels des UK, doch auch f\u00fcr diejenigen mit kleinerem Budget gibt es eine riesige Bannbreite an g\u00fcnstigeren Optionen, einschlie\u00dflich gro\u00dfartiger Selbstversorgerunterk\u00fcnfte.\" \/>\n<meta property=\"og:url\" content=\"https:\/\/www.urlaubcornwall.de\/blog\/was-kostet-ein-urlaub-in-cornwall\/\" \/>\n<meta property=\"og:site_name\" content=\"Urlaub &amp; Reisen\" \/>\n<meta property=\"article:modified_time\" content=\"2024-05-30T15:42:20+00:00\" \/>\n<meta property=\"og:image\" content=\"https:\/\/www.urlaubcornwall.de\/blog\/wp-content\/uploads\/2020\/05\/fistral-strand-blick.jpg\" \/>\n<meta name=\"twitter:card\" content=\"summary\" \/>\n<meta name=\"twitter:label1\" content=\"Est. reading time\" \/>\n\t<meta name=\"twitter:data1\" content=\"1 minute\" \/>\n<script type=\"application\/ld+json\" class=\"yoast-schema-graph\">{\"@context\":\"https:\/\/schema.org\",\"@graph\":[{\"@type\":\"WebSite\",\"@id\":\"https:\/\/www.urlaubcornwall.de\/blog\/#website\",\"url\":\"https:\/\/www.urlaubcornwall.de\/blog\/\",\"name\":\"Urlaub &amp; Reisen\",\"description\":\"Urlaub, Reisen, Cornwall und S\u00fcdengland: eine perfekte Kombination\",\"potentialAction\":[{\"@type\":\"SearchAction\",\"target\":{\"@type\":\"EntryPoint\",\"urlTemplate\":\"https:\/\/www.urlaubcornwall.de\/blog\/?s={search_term_string}\"},\"query-input\":\"required name=search_term_string\"}],\"inLanguage\":\"en-US\"},{\"@type\":\"WebPage\",\"@id\":\"https:\/\/www.urlaubcornwall.de\/blog\/was-kostet-ein-urlaub-in-cornwall\/\",\"url\":\"https:\/\/www.urlaubcornwall.de\/blog\/was-kostet-ein-urlaub-in-cornwall\/\",\"name\":\"Was kostet ein Urlaub in Cornwall? - Urlaub &amp; Reisen\",\"isPartOf\":{\"@id\":\"https:\/\/www.urlaubcornwall.de\/blog\/#website\"},\"datePublished\":\"2020-04-30T10:34:48+00:00\",\"dateModified\":\"2024-05-30T15:42:20+00:00\",\"description\":\"Cornwall bietet in der Tat einige der besten 4 & 5-Sterne-Hotels des UK, doch auch f\u00fcr diejenigen mit kleinerem Budget gibt es eine riesige Bannbreite an g\u00fcnstigeren Optionen, einschlie\u00dflich gro\u00dfartiger Selbstversorgerunterk\u00fcnfte.\",\"breadcrumb\":{\"@id\":\"https:\/\/www.urlaubcornwall.de\/blog\/was-kostet-ein-urlaub-in-cornwall\/#breadcrumb\"},\"inLanguage\":\"en-US\",\"potentialAction\":[{\"@type\":\"ReadAction\",\"target\":[\"https:\/\/www.urlaubcornwall.de\/blog\/was-kostet-ein-urlaub-in-cornwall\/\"]}]},{\"@type\":\"BreadcrumbList\",\"@id\":\"https:\/\/www.urlaubcornwall.de\/blog\/was-kostet-ein-urlaub-in-cornwall\/#breadcrumb\",\"itemListElement\":[{\"@type\":\"ListItem\",\"position\":1,\"name\":\"Home\",\"item\":\"https:\/\/www.urlaubcornwall.de\/blog\/\"},{\"@type\":\"ListItem\",\"position\":2,\"name\":\"Was kostet ein Urlaub in Cornwall?\"}]}]}<\/script>\n<!-- \/ Yoast SEO plugin. -->","yoast_head_json":{"title":"Was kostet ein Urlaub in Cornwall? - Urlaub &amp; Reisen","description":"Cornwall bietet in der Tat einige der besten 4 & 5-Sterne-Hotels des UK, doch auch f\u00fcr diejenigen mit kleinerem Budget gibt es eine riesige Bannbreite an g\u00fcnstigeren Optionen, einschlie\u00dflich gro\u00dfartiger Selbstversorgerunterk\u00fcnfte.","robots":{"index":"index","follow":"follow","max-snippet":"max-snippet:-1","max-image-preview":"max-image-preview:large","max-video-preview":"max-video-preview:-1"},"canonical":"https:\/\/www.urlaubcornwall.de\/blog\/was-kostet-ein-urlaub-in-cornwall\/","og_locale":"en_US","og_type":"article","og_title":"Was kostet ein Urlaub in Cornwall? - Urlaub &amp; Reisen","og_description":"Cornwall bietet in der Tat einige der besten 4 & 5-Sterne-Hotels des UK, doch auch f\u00fcr diejenigen mit kleinerem Budget gibt es eine riesige Bannbreite an g\u00fcnstigeren Optionen, einschlie\u00dflich gro\u00dfartiger Selbstversorgerunterk\u00fcnfte.","og_url":"https:\/\/www.urlaubcornwall.de\/blog\/was-kostet-ein-urlaub-in-cornwall\/","og_site_name":"Urlaub &amp; Reisen","article_modified_time":"2024-05-30T15:42:20+00:00","og_image":[{"url":"https:\/\/www.urlaubcornwall.de\/blog\/wp-content\/uploads\/2020\/05\/fistral-strand-blick.jpg"}],"twitter_card":"summary","twitter_misc":{"Est. reading time":"1 minute"},"schema":{"@context":"https:\/\/schema.org","@graph":[{"@type":"WebSite","@id":"https:\/\/www.urlaubcornwall.de\/blog\/#website","url":"https:\/\/www.urlaubcornwall.de\/blog\/","name":"Urlaub &amp; Reisen","description":"Urlaub, Reisen, Cornwall und S\u00fcdengland: eine perfekte Kombination","potentialAction":[{"@type":"SearchAction","target":{"@type":"EntryPoint","urlTemplate":"https:\/\/www.urlaubcornwall.de\/blog\/?s={search_term_string}"},"query-input":"required name=search_term_string"}],"inLanguage":"en-US"},{"@type":"WebPage","@id":"https:\/\/www.urlaubcornwall.de\/blog\/was-kostet-ein-urlaub-in-cornwall\/","url":"https:\/\/www.urlaubcornwall.de\/blog\/was-kostet-ein-urlaub-in-cornwall\/","name":"Was kostet ein Urlaub in Cornwall? - Urlaub &amp; Reisen","isPartOf":{"@id":"https:\/\/www.urlaubcornwall.de\/blog\/#website"},"datePublished":"2020-04-30T10:34:48+00:00","dateModified":"2024-05-30T15:42:20+00:00","description":"Cornwall bietet in der Tat einige der besten 4 & 5-Sterne-Hotels des UK, doch auch f\u00fcr diejenigen mit kleinerem Budget gibt es eine riesige Bannbreite an g\u00fcnstigeren Optionen, einschlie\u00dflich gro\u00dfartiger Selbstversorgerunterk\u00fcnfte.","breadcrumb":{"@id":"https:\/\/www.urlaubcornwall.de\/blog\/was-kostet-ein-urlaub-in-cornwall\/#breadcrumb"},"inLanguage":"en-US","potentialAction":[{"@type":"ReadAction","target":["https:\/\/www.urlaubcornwall.de\/blog\/was-kostet-ein-urlaub-in-cornwall\/"]}]},{"@type":"BreadcrumbList","@id":"https:\/\/www.urlaubcornwall.de\/blog\/was-kostet-ein-urlaub-in-cornwall\/#breadcrumb","itemListElement":[{"@type":"ListItem","position":1,"name":"Home","item":"https:\/\/www.urlaubcornwall.de\/blog\/"},{"@type":"ListItem","position":2,"name":"Was kostet ein Urlaub in Cornwall?"}]}]}},"_links":{"self":[{"href":"https:\/\/www.urlaubcornwall.de\/blog\/wp-json\/wp\/v2\/pages\/40035"}],"collection":[{"href":"https:\/\/www.urlaubcornwall.de\/blog\/wp-json\/wp\/v2\/pages"}],"about":[{"href":"https:\/\/www.urlaubcornwall.de\/blog\/wp-json\/wp\/v2\/types\/page"}],"author":[{"embeddable":true,"href":"https:\/\/www.urlaubcornwall.de\/blog\/wp-json\/wp\/v2\/users\/1"}],"replies":[{"embeddable":true,"href":"https:\/\/www.urlaubcornwall.de\/blog\/wp-json\/wp\/v2\/comments?post=40035"}],"version-history":[{"count":4,"href":"https:\/\/www.urlaubcornwall.de\/blog\/wp-json\/wp\/v2\/pages\/40035\/revisions"}],"predecessor-version":[{"id":51158,"href":"https:\/\/www.urlaubcornwall.de\/blog\/wp-json\/wp\/v2\/pages\/40035\/revisions\/51158"}],"wp:attachment":[{"href":"https:\/\/www.urlaubcornwall.de\/blog\/wp-json\/wp\/v2\/media?parent=40035"}],"curies":[{"name":"wp","href":"https:\/\/api.w.org\/{rel}","templated":true}]}}