{"id":40030,"date":"2020-04-29T13:03:47","date_gmt":"2020-04-29T13:03:47","guid":{"rendered":"https:\/\/www.urlaubcornwall.de\/blog\/?page_id=40030"},"modified":"2024-05-30T15:42:53","modified_gmt":"2024-05-30T15:42:53","slug":"devon-reisebericht-urlaub-in-england","status":"publish","type":"page","link":"https:\/\/www.urlaubcornwall.de\/blog\/devon-reisebericht-urlaub-in-england\/","title":{"rendered":"Devon Reisebericht &#8211; Urlaub in England"},"content":{"rendered":"<p><img loading=\"lazy\" class=\"aligncenter size-full wp-image-24551\" src=\"https:\/\/www.urlaubcornwall.de\/blog\/wp-content\/uploads\/2016\/06\/bigbury-am-meer.jpg\" alt=\"Wundersch\u00f6ne Str\u00e4nde in bigbury Devon\" width=\"749\" height=\"427\"\/><\/p>\n<p><a href=\"https:\/\/www.urlaubcornwall.de\/rundreisen\/cornwall-suedengland.php\">Rundreise durch Devon und S\u00fcdengland<\/a> &#8211; Diese Region ist von l\u00e4ndlicher Idylle gepr\u00e4gt: Von Schafen, die in Dartmoor die Stra\u00dfe \u00fcberqueren, bis zu den Cricket-Spielern, die auf der Dorfwiese spielen. Auch die K\u00fcste ist herrlich. Von den Ansammlungen weiter <a href=\"https:\/\/www.urlaubcornwall.de\/ferienhaeuser-fewos\/eng\/nord-devon\/nord-devon.html\">Str\u00e4nde in Norddevon<\/a> bis zu den gesch\u00fctzten Buchten im <a href=\"https:\/\/www.urlaubcornwall.de\/ferienhaeuser-fewos\/eng\/sued-devon\/sued-devon.html\">S\u00fcden<\/a>, dazwischen der gro\u00dfe weite Himmel \u00fcber <a href=\"https:\/\/www.urlaubcornwall.de\/ferienhaeuser-fewos\/eng\/sued-devon\/dartmoor.html\">Dartmoor<\/a> &#8211; in Devon gibt es zahlreiche Orte zum Verlieben. Wir haben \u00fcber <a href=\"https:\/\/www.urlaubcornwall.de\/ferienhaeuser\/devon.php\">500 Ferienh\u00e4user in Devon<\/a> f\u00fcr Sie zur Auswahl Urlaubsunterk\u00fcnfte in Devon reichen von Surfoasen an der Nordk\u00fcste, \u00fcber hundefreundliche Zufluchtsorte in l\u00e4ndlichen Gegenden, bis zu Ferienh\u00e4usern mit Meerblick an der S\u00fcdk\u00fcste. Von Lynton und <a href=\"https:\/\/www.urlaubcornwall.de\/ferienhaeuser-fewos\/eng\/nord-devon\/lynmouth.html\">Lynmouth<\/a> in Norddevon \u00fcber Dartmoor bis <a href=\"https:\/\/www.urlaubcornwall.de\/ferienhaeuser-fewos\/eng\/sued-devon\/salcombe.html\">Salcombe<\/a> und Star Point am \u00c4rmelkanal, Devon ist die einzige Grafschaft, die sich mit zwei K\u00fcsten r\u00fchmen kann. Die F\u00fclle an l\u00e4ndlichem Terrain dazwischen macht Devon zur viertgr\u00f6\u00dften <a href=\"https:\/\/www.urlaubcornwall.de\/reiseziel\/england.php\">Grafschaft in England<\/a>.<\/p>\n<p>Die Nordk\u00fcste ist der Keltischen See ausgesetzt und bietet <a href=\"https:\/\/www.urlaubcornwall.de\/ferienhaeuser-fewos\/eng\/nord-devon\/woolacombe.html\">Surfstr\u00e4nde in Woolacombe<\/a>, Saunton und Westward Ho! <a href=\"https:\/\/www.urlaubcornwall.de\/ferienhaeuser-fewos\/eng\/devon\/devon-am-meer.html\">Ein Ferienhaus am Meer<\/a> mit Selbstverpflegung in Devon bietet von allem das Beste: In den Seebadeorten stehen Deckst\u00fchle zum Entspannen f\u00fcr Sie bereit, perfekt, um die Seele baumeln zu lassen und sich ein Eis zu g\u00f6nnen. Hohes Moorland l\u00e4dt zum Wandern ein und bietet eine tolle Aussicht auf den Horizont. Zudem gibt es T\u00e4ler mit \u00fcppiger Vegetation, St\u00e4dte wie z. B. <a href=\"https:\/\/www.urlaubcornwall.de\/ferienhaeuser-fewos\/eng\/sued-devon\/plymouth.html\">Plymouth<\/a>, die perfekt f\u00fcr eine Einkaufstour sind und l\u00e4ndliche D\u00f6rfer mit urigen Br\u00e4uchen. Devon bietet einfach alles, was das Herz begehrt.<\/p>\n<p>Die <a href=\"https:\/\/www.urlaubcornwall.de\/ferienhaeuser-fewos\/eng\/sued-devon\/sued-devon-am-meer.html\">S\u00fcdk\u00fcste<\/a> meisten Urlauber kommen wegen der 60 Meilen nat\u00fcrlicher K\u00fcste voller lieblicher einsamer Buchten und Str\u00e4nde hierher. Ein Gro\u00dfteil davon wird vom National Trust gepflegt und eignet sich ideal f\u00fcr Wassersport, K\u00fcstenwanderungen oder entspannten Urlaub am Meer.<\/p>\n<div class=\"snippet\"> <a class=\"featured-item\" href=\"https:\/\/www.urlaubcornwall.de\/ferienhaeuser\/suedengland.php\"> <span class=\"image-holder\" style=\"background-image: url('https:\/\/www.urlaubcornwall.de\/blog\/wp-content\/uploads\/2018\/11\/landhaus-cornwall-1.jpg');\"><\/span> <span class=\"featured-content\"> \n<h2 class=\"featured-title\">Ferienh\u00e4user in S\u00fcdengland<\/h2>\n<p class=\"featured-body\">Bei uns finden Sie Ferienh\u00e4user zum Verlieben &#8211; so einfach ist das! Dank seiner langen Geschichte, der reizvollen Landschaften und seinen vielen Attraktionen ist S\u00fcdengland ein wahres Mekka f\u00fcr Urlauber. F\u00fcr Familien und Paare ist die Reise durch Kent, den Garten Englands, die Sussex Downs, die uralten Grafschaften von Hampshire und Dorset&#8230;.<\/p><\/span> <span class=\"featured-link-holder\"> <span class=\"featured-extra-info\"> \n<p>F\u00fcr Paare, Familien &#038; Gruppen<\/p>\n<\/span> \n<p class=\"featured-link\">DETAILS<\/p>\n<\/span> <\/a><\/div>\n","protected":false},"excerpt":{"rendered":"<p>Rundreise durch Devon und S\u00fcdengland &#8211; Diese Region ist von l\u00e4ndlicher Idylle gepr\u00e4gt: Von Schafen, die in Dartmoor die Stra\u00dfe \u00fcberqueren, bis zu den Cricket-Spielern, die auf der Dorfwiese spielen. Auch die K\u00fcste ist herrlich. Von den Ansammlungen weiter Str\u00e4nde in Norddevon bis zu den gesch\u00fctzten Buchten im S\u00fcden, dazwischen der gro\u00dfe weite Himmel \u00fcber [&hellip;]<\/p>\n","protected":false},"author":1,"featured_media":0,"parent":0,"menu_order":0,"comment_status":"closed","ping_status":"closed","template":"single-four.php","meta":[],"acf":[],"yoast_head":"<!-- This site is optimized with the Yoast SEO plugin v19.4 - https:\/\/yoast.com\/wordpress\/plugins\/seo\/ -->\n<title>Devon Reisebericht - Urlaub in England - Urlaub &amp; Reisen<\/title>\n<meta name=\"description\" content=\"Diese Region ist von l\u00e4ndlicher Idylle gepr\u00e4gt: Von Schafen, die in Dartmoor die Stra\u00dfe \u00fcberqueren, bis zu den Cricket-Spielern, die auf der Dorfwiese spielen. Auch die K\u00fcste ist herrlich. Von den Ansammlungen weiter Str\u00e4nde in Norddevon bis zu den gesch\u00fctzten Buchten im S\u00fcden, dazwischen der gro\u00dfe weite Himmel \u00fcber Dartmoor - in Devon gibt es zahlreiche Orte zum Verlieben. Wir haben 133 Ferienh\u00e4user in Devon f\u00fcr Sie zur Auswahl Urlaubsunterk\u00fcnfte in Devon reichen von Surfoasen an der Nordk\u00fcste\" \/>\n<meta name=\"robots\" content=\"index, follow, max-snippet:-1, max-image-preview:large, max-video-preview:-1\" \/>\n<link rel=\"canonical\" href=\"https:\/\/www.urlaubcornwall.de\/blog\/devon-reisebericht-urlaub-in-england\/\" \/>\n<meta property=\"og:locale\" content=\"en_US\" \/>\n<meta property=\"og:type\" content=\"article\" \/>\n<meta property=\"og:title\" content=\"Devon Reisebericht - Urlaub in England - Urlaub &amp; Reisen\" \/>\n<meta property=\"og:description\" content=\"Diese Region ist von l\u00e4ndlicher Idylle gepr\u00e4gt: Von Schafen, die in Dartmoor die Stra\u00dfe \u00fcberqueren, bis zu den Cricket-Spielern, die auf der Dorfwiese spielen. Auch die K\u00fcste ist herrlich. Von den Ansammlungen weiter Str\u00e4nde in Norddevon bis zu den gesch\u00fctzten Buchten im S\u00fcden, dazwischen der gro\u00dfe weite Himmel \u00fcber Dartmoor - in Devon gibt es zahlreiche Orte zum Verlieben. Wir haben 133 Ferienh\u00e4user in Devon f\u00fcr Sie zur Auswahl Urlaubsunterk\u00fcnfte in Devon reichen von Surfoasen an der Nordk\u00fcste\" \/>\n<meta property=\"og:url\" content=\"https:\/\/www.urlaubcornwall.de\/blog\/devon-reisebericht-urlaub-in-england\/\" \/>\n<meta property=\"og:site_name\" content=\"Urlaub &amp; Reisen\" \/>\n<meta property=\"article:modified_time\" content=\"2024-05-30T15:42:53+00:00\" \/>\n<meta property=\"og:image\" content=\"https:\/\/www.urlaubcornwall.de\/blog\/wp-content\/uploads\/2016\/06\/bigbury-am-meer.jpg\" \/>\n<meta name=\"twitter:card\" content=\"summary\" \/>\n<meta name=\"twitter:label1\" content=\"Est. reading time\" \/>\n\t<meta name=\"twitter:data1\" content=\"2 minutes\" \/>\n<script type=\"application\/ld+json\" class=\"yoast-schema-graph\">{\"@context\":\"https:\/\/schema.org\",\"@graph\":[{\"@type\":\"WebSite\",\"@id\":\"https:\/\/www.urlaubcornwall.de\/blog\/#website\",\"url\":\"https:\/\/www.urlaubcornwall.de\/blog\/\",\"name\":\"Urlaub &amp; Reisen\",\"description\":\"Urlaub, Reisen, Cornwall und S\u00fcdengland: eine perfekte Kombination\",\"potentialAction\":[{\"@type\":\"SearchAction\",\"target\":{\"@type\":\"EntryPoint\",\"urlTemplate\":\"https:\/\/www.urlaubcornwall.de\/blog\/?s={search_term_string}\"},\"query-input\":\"required name=search_term_string\"}],\"inLanguage\":\"en-US\"},{\"@type\":\"WebPage\",\"@id\":\"https:\/\/www.urlaubcornwall.de\/blog\/devon-reisebericht-urlaub-in-england\/\",\"url\":\"https:\/\/www.urlaubcornwall.de\/blog\/devon-reisebericht-urlaub-in-england\/\",\"name\":\"Devon Reisebericht - Urlaub in England - Urlaub &amp; Reisen\",\"isPartOf\":{\"@id\":\"https:\/\/www.urlaubcornwall.de\/blog\/#website\"},\"datePublished\":\"2020-04-29T13:03:47+00:00\",\"dateModified\":\"2024-05-30T15:42:53+00:00\",\"description\":\"Diese Region ist von l\u00e4ndlicher Idylle gepr\u00e4gt: Von Schafen, die in Dartmoor die Stra\u00dfe \u00fcberqueren, bis zu den Cricket-Spielern, die auf der Dorfwiese spielen. Auch die K\u00fcste ist herrlich. Von den Ansammlungen weiter Str\u00e4nde in Norddevon bis zu den gesch\u00fctzten Buchten im S\u00fcden, dazwischen der gro\u00dfe weite Himmel \u00fcber Dartmoor - in Devon gibt es zahlreiche Orte zum Verlieben. Wir haben 133 Ferienh\u00e4user in Devon f\u00fcr Sie zur Auswahl Urlaubsunterk\u00fcnfte in Devon reichen von Surfoasen an der Nordk\u00fcste\",\"breadcrumb\":{\"@id\":\"https:\/\/www.urlaubcornwall.de\/blog\/devon-reisebericht-urlaub-in-england\/#breadcrumb\"},\"inLanguage\":\"en-US\",\"potentialAction\":[{\"@type\":\"ReadAction\",\"target\":[\"https:\/\/www.urlaubcornwall.de\/blog\/devon-reisebericht-urlaub-in-england\/\"]}]},{\"@type\":\"BreadcrumbList\",\"@id\":\"https:\/\/www.urlaubcornwall.de\/blog\/devon-reisebericht-urlaub-in-england\/#breadcrumb\",\"itemListElement\":[{\"@type\":\"ListItem\",\"position\":1,\"name\":\"Home\",\"item\":\"https:\/\/www.urlaubcornwall.de\/blog\/\"},{\"@type\":\"ListItem\",\"position\":2,\"name\":\"Devon Reisebericht &#8211; Urlaub in England\"}]}]}<\/script>\n<!-- \/ Yoast SEO plugin. -->","yoast_head_json":{"title":"Devon Reisebericht - Urlaub in England - Urlaub &amp; Reisen","description":"Diese Region ist von l\u00e4ndlicher Idylle gepr\u00e4gt: Von Schafen, die in Dartmoor die Stra\u00dfe \u00fcberqueren, bis zu den Cricket-Spielern, die auf der Dorfwiese spielen. Auch die K\u00fcste ist herrlich. Von den Ansammlungen weiter Str\u00e4nde in Norddevon bis zu den gesch\u00fctzten Buchten im S\u00fcden, dazwischen der gro\u00dfe weite Himmel \u00fcber Dartmoor - in Devon gibt es zahlreiche Orte zum Verlieben. Wir haben 133 Ferienh\u00e4user in Devon f\u00fcr Sie zur Auswahl Urlaubsunterk\u00fcnfte in Devon reichen von Surfoasen an der Nordk\u00fcste","robots":{"index":"index","follow":"follow","max-snippet":"max-snippet:-1","max-image-preview":"max-image-preview:large","max-video-preview":"max-video-preview:-1"},"canonical":"https:\/\/www.urlaubcornwall.de\/blog\/devon-reisebericht-urlaub-in-england\/","og_locale":"en_US","og_type":"article","og_title":"Devon Reisebericht - Urlaub in England - Urlaub &amp; Reisen","og_description":"Diese Region ist von l\u00e4ndlicher Idylle gepr\u00e4gt: Von Schafen, die in Dartmoor die Stra\u00dfe \u00fcberqueren, bis zu den Cricket-Spielern, die auf der Dorfwiese spielen. Auch die K\u00fcste ist herrlich. Von den Ansammlungen weiter Str\u00e4nde in Norddevon bis zu den gesch\u00fctzten Buchten im S\u00fcden, dazwischen der gro\u00dfe weite Himmel \u00fcber Dartmoor - in Devon gibt es zahlreiche Orte zum Verlieben. Wir haben 133 Ferienh\u00e4user in Devon f\u00fcr Sie zur Auswahl Urlaubsunterk\u00fcnfte in Devon reichen von Surfoasen an der Nordk\u00fcste","og_url":"https:\/\/www.urlaubcornwall.de\/blog\/devon-reisebericht-urlaub-in-england\/","og_site_name":"Urlaub &amp; Reisen","article_modified_time":"2024-05-30T15:42:53+00:00","og_image":[{"url":"https:\/\/www.urlaubcornwall.de\/blog\/wp-content\/uploads\/2016\/06\/bigbury-am-meer.jpg"}],"twitter_card":"summary","twitter_misc":{"Est. reading time":"2 minutes"},"schema":{"@context":"https:\/\/schema.org","@graph":[{"@type":"WebSite","@id":"https:\/\/www.urlaubcornwall.de\/blog\/#website","url":"https:\/\/www.urlaubcornwall.de\/blog\/","name":"Urlaub &amp; Reisen","description":"Urlaub, Reisen, Cornwall und S\u00fcdengland: eine perfekte Kombination","potentialAction":[{"@type":"SearchAction","target":{"@type":"EntryPoint","urlTemplate":"https:\/\/www.urlaubcornwall.de\/blog\/?s={search_term_string}"},"query-input":"required name=search_term_string"}],"inLanguage":"en-US"},{"@type":"WebPage","@id":"https:\/\/www.urlaubcornwall.de\/blog\/devon-reisebericht-urlaub-in-england\/","url":"https:\/\/www.urlaubcornwall.de\/blog\/devon-reisebericht-urlaub-in-england\/","name":"Devon Reisebericht - Urlaub in England - Urlaub &amp; Reisen","isPartOf":{"@id":"https:\/\/www.urlaubcornwall.de\/blog\/#website"},"datePublished":"2020-04-29T13:03:47+00:00","dateModified":"2024-05-30T15:42:53+00:00","description":"Diese Region ist von l\u00e4ndlicher Idylle gepr\u00e4gt: Von Schafen, die in Dartmoor die Stra\u00dfe \u00fcberqueren, bis zu den Cricket-Spielern, die auf der Dorfwiese spielen. Auch die K\u00fcste ist herrlich. Von den Ansammlungen weiter Str\u00e4nde in Norddevon bis zu den gesch\u00fctzten Buchten im S\u00fcden, dazwischen der gro\u00dfe weite Himmel \u00fcber Dartmoor - in Devon gibt es zahlreiche Orte zum Verlieben. Wir haben 133 Ferienh\u00e4user in Devon f\u00fcr Sie zur Auswahl Urlaubsunterk\u00fcnfte in Devon reichen von Surfoasen an der Nordk\u00fcste","breadcrumb":{"@id":"https:\/\/www.urlaubcornwall.de\/blog\/devon-reisebericht-urlaub-in-england\/#breadcrumb"},"inLanguage":"en-US","potentialAction":[{"@type":"ReadAction","target":["https:\/\/www.urlaubcornwall.de\/blog\/devon-reisebericht-urlaub-in-england\/"]}]},{"@type":"BreadcrumbList","@id":"https:\/\/www.urlaubcornwall.de\/blog\/devon-reisebericht-urlaub-in-england\/#breadcrumb","itemListElement":[{"@type":"ListItem","position":1,"name":"Home","item":"https:\/\/www.urlaubcornwall.de\/blog\/"},{"@type":"ListItem","position":2,"name":"Devon Reisebericht &#8211; Urlaub in England"}]}]}},"_links":{"self":[{"href":"https:\/\/www.urlaubcornwall.de\/blog\/wp-json\/wp\/v2\/pages\/40030"}],"collection":[{"href":"https:\/\/www.urlaubcornwall.de\/blog\/wp-json\/wp\/v2\/pages"}],"about":[{"href":"https:\/\/www.urlaubcornwall.de\/blog\/wp-json\/wp\/v2\/types\/page"}],"author":[{"embeddable":true,"href":"https:\/\/www.urlaubcornwall.de\/blog\/wp-json\/wp\/v2\/users\/1"}],"replies":[{"embeddable":true,"href":"https:\/\/www.urlaubcornwall.de\/blog\/wp-json\/wp\/v2\/comments?post=40030"}],"version-history":[{"count":7,"href":"https:\/\/www.urlaubcornwall.de\/blog\/wp-json\/wp\/v2\/pages\/40030\/revisions"}],"predecessor-version":[{"id":51159,"href":"https:\/\/www.urlaubcornwall.de\/blog\/wp-json\/wp\/v2\/pages\/40030\/revisions\/51159"}],"wp:attachment":[{"href":"https:\/\/www.urlaubcornwall.de\/blog\/wp-json\/wp\/v2\/media?parent=40030"}],"curies":[{"name":"wp","href":"https:\/\/api.w.org\/{rel}","templated":true}]}}