{"id":40026,"date":"2020-04-29T12:40:23","date_gmt":"2020-04-29T12:40:23","guid":{"rendered":"https:\/\/www.urlaubcornwall.de\/blog\/?page_id=40026"},"modified":"2024-05-30T15:43:32","modified_gmt":"2024-05-30T15:43:32","slug":"somerset-reisebericht-urlaub-in-england","status":"publish","type":"page","link":"https:\/\/www.urlaubcornwall.de\/blog\/somerset-reisebericht-urlaub-in-england\/","title":{"rendered":"Somerset Reisebericht &#8211; Urlaub in England"},"content":{"rendered":"<p><img loading=\"lazy\" class=\"aligncenter size-full wp-image-48112\" src=\"https:\/\/www.urlaubcornwall.de\/blog\/wp-content\/uploads\/2024\/03\/porlock-weir-e1712145023336.jpg\" alt=\"porlock weir\" width=\"750\" height=\"543\"\/><\/p>\n<p><a href=\"https:\/\/www.urlaubcornwall.de\/rundreisen\/cornwall-suedengland.php\">Rundreise durch Somerset und S\u00fcdengland<\/a>  &#8211; <a href=\"https:\/\/www.urlaubcornwall.de\/blog\/reisetipps-somerset-unsere-top-10-die-sie-sehen-und-erleben-sollten\/\">Somerset<\/a> verw\u00f6hnt Sie im Westcountry mit seinen Tiefebenen von Sedgemoor bis zu den Quantocks und im Norden mit dem wilden Exmoor. Das h\u00fcbsche <a href=\"https:\/\/www.urlaubcornwall.de\/ferienhaeuser-fewos\/eng\/somerset\/porlock.html\">Dorf Porlock<\/a> ist ein beliebter Ausgangspunkt f\u00fcr Spazierg\u00e4nger, die die kreuz und quer verlaufenden Pfade durch Somersets Moorlandschaft und K\u00fcste erforschen m\u00f6chten. Das mittelalterliche Dunster ist ein Anziehungspunkt f\u00fcr alle Geschichts- und Kulturinteressierten. <\/p>\n<p><img loading=\"lazy\" class=\"aligncenter size-full wp-image-40027\" src=\"https:\/\/www.urlaubcornwall.de\/blog\/wp-content\/uploads\/2020\/04\/exmoor-cottage.jpg\" alt=\"exmoor cottage\" width=\"749\" height=\"428\"\/><\/p>\n<p>Von Withypool in Exmoor ganz bis nach <a href=\"https:\/\/www.urlaubcornwall.de\/ferienhaeuser-fewos\/eng\/somerset\/frome.html\">Frome<\/a>, in Somerset bieten wir <a href=\"https:\/\/www.urlaubcornwall.de\/ferienhaeuser\/suedengland.php\">Ferienh\u00e4user mit Blick<\/a> auf rollende H\u00fcgel, auf flache weite Gr\u00fcnfl\u00e4chen oder mit Aussicht auf das Meer in Bridgwater Bay. Die K\u00fcstenst\u00e4dte, zu denen Porlock, <a href=\"https:\/\/www.urlaubcornwall.de\/ferienhaeuser-fewos\/eng\/somerset\/minehead.html\">Minehead<\/a>, <a href=\"https:\/\/www.urlaubcornwall.de\/ferienhaeuser-fewos\/eng\/somerset\/dunster.html\">Dunster<\/a>, Watchet und Burnham-on-sea z\u00e4hlen, werden oftmals vergessen, da Somerset eher Bilder von der Landwirtschaft, sowie von Cider und Cheddar-K\u00e4se hervorruft, inmitten der Blackdown Hills, Mendip Hills, Quantock Hills und hin\u00fcber bis zum <a href=\"https:\/\/www.urlaubcornwall.de\/ferienhaeuser-fewos\/eng\/nord-devon\/exmoor-national-park.html\">Exmoor National Park<\/a>.<\/p>\n<p><a href=\"https:\/\/www.urlaubcornwall.de\/blog\/wp-content\/uploads\/2024\/03\/bath-crescent-rotated.jpg\"><img loading=\"lazy\" src=\"https:\/\/www.urlaubcornwall.de\/blog\/wp-content\/uploads\/2024\/03\/bath-crescent-rotated.jpg\" alt=\"bath crescent\" width=\"750\" height=\"563\" class=\"alignnone size-full wp-image-48244\" srcset=\"https:\/\/www.urlaubcornwall.de\/blog\/wp-content\/uploads\/2024\/03\/bath-crescent-rotated.jpg 750w, https:\/\/www.urlaubcornwall.de\/blog\/wp-content\/uploads\/2024\/03\/bath-crescent-300x225.jpg 300w\" sizes=\"(max-width: 750px) 100vw, 750px\" \/><\/a><\/p>\n<p>Ein <a href=\"https:\/\/www.urlaubcornwall.de\/ferienhaeuser-fewos\/eng\/somerset\/somerset.html\">Urlaub in Somerset mit Selbstverpflegung<\/a> bietet Ihnen die M\u00f6glichkeit, sich mit dem ber\u00fchmten K\u00e4se der Region einzudecken (dem Cheddar-K\u00e4se!), sowie mit \u00c4pfeln und englischem Cider f\u00fcr ein leckeres Picknick auf den Somerset Levels. Es gibt zudem die beiden St\u00e4dte Bath und Wells sowie einige kleine St\u00e4dtchen f\u00fcr eine Einkaufstour. Tauchen Sie ein in das ausgiebige Geflecht von H\u00f6hlen, die unter <a href=\"https:\/\/www.urlaubcornwall.de\/ferienhaeuser-fewos\/eng\/somerset\/cheddar.html\">Cheddar<\/a> und Ebbor Gorge f\u00fchren und erleben Sie das andere Extrem: Dunkery Beacon, den h\u00f6chsten Punkt in Somerset.<\/p>\n<div class=\"snippet\"> <a class=\"featured-item\" href=\"https:\/\/www.urlaubcornwall.de\/ferienhaeuser\/suedengland.php\"> <span class=\"image-holder\" style=\"background-image: url('https:\/\/www.urlaubcornwall.de\/blog\/wp-content\/uploads\/2018\/11\/landhaus-cornwall-1.jpg');\"><\/span> <span class=\"featured-content\"> \n<h2 class=\"featured-title\">Ferienh\u00e4user in S\u00fcdengland<\/h2>\n<p class=\"featured-body\">Bei uns finden Sie Ferienh\u00e4user zum Verlieben &#8211; so einfach ist das! Dank seiner langen Geschichte, der reizvollen Landschaften und seinen vielen Attraktionen ist S\u00fcdengland ein wahres Mekka f\u00fcr Urlauber. F\u00fcr Familien und Paare ist die Reise durch Kent, den Garten Englands, die Sussex Downs, die uralten Grafschaften von Hampshire und Dorset&#8230;.<\/p><\/span> <span class=\"featured-link-holder\"> <span class=\"featured-extra-info\"> \n<p>F\u00fcr Paare, Familien &#038; Gruppen<\/p>\n<\/span> \n<p class=\"featured-link\">DETAILS<\/p>\n<\/span> <\/a><\/div>\n","protected":false},"excerpt":{"rendered":"<p>Rundreise durch Somerset und S\u00fcdengland &#8211; Somerset verw\u00f6hnt Sie im Westcountry mit seinen Tiefebenen von Sedgemoor bis zu den Quantocks und im Norden mit dem wilden Exmoor. Das h\u00fcbsche Dorf Porlock ist ein beliebter Ausgangspunkt f\u00fcr Spazierg\u00e4nger, die die kreuz und quer verlaufenden Pfade durch Somersets Moorlandschaft und K\u00fcste erforschen m\u00f6chten. Das mittelalterliche Dunster ist [&hellip;]<\/p>\n","protected":false},"author":1,"featured_media":0,"parent":0,"menu_order":0,"comment_status":"closed","ping_status":"closed","template":"single-four.php","meta":[],"acf":[],"yoast_head":"<!-- This site is optimized with the Yoast SEO plugin v19.4 - https:\/\/yoast.com\/wordpress\/plugins\/seo\/ -->\n<title>Somerset Reisebericht - Urlaub in England - Urlaub &amp; Reisen<\/title>\n<meta name=\"description\" content=\"Somerset verw\u00f6hnt Sie im Westcountry mit seinen Tiefebenen von Sedgemoor bis zu den Quantocks und im Norden mit dem wilden Exmoor. Das h\u00fcbsche Dorf Porlock ist ein beliebter Ausgangspunkt f\u00fcr Spazierg\u00e4nger, die die kreuz und quer verlaufenden Pfade durch Somersets Moorlandschaft und K\u00fcste erforschen m\u00f6chten. Das mittelalterliche Dunster ist ein Anziehungspunkt f\u00fcr alle Geschichts- und Kulturinteressierten.\" \/>\n<meta name=\"robots\" content=\"index, follow, max-snippet:-1, max-image-preview:large, max-video-preview:-1\" \/>\n<link rel=\"canonical\" href=\"https:\/\/www.urlaubcornwall.de\/blog\/somerset-reisebericht-urlaub-in-england\/\" \/>\n<meta property=\"og:locale\" content=\"en_US\" \/>\n<meta property=\"og:type\" content=\"article\" \/>\n<meta property=\"og:title\" content=\"Somerset Reisebericht - Urlaub in England - Urlaub &amp; Reisen\" \/>\n<meta property=\"og:description\" content=\"Somerset verw\u00f6hnt Sie im Westcountry mit seinen Tiefebenen von Sedgemoor bis zu den Quantocks und im Norden mit dem wilden Exmoor. Das h\u00fcbsche Dorf Porlock ist ein beliebter Ausgangspunkt f\u00fcr Spazierg\u00e4nger, die die kreuz und quer verlaufenden Pfade durch Somersets Moorlandschaft und K\u00fcste erforschen m\u00f6chten. Das mittelalterliche Dunster ist ein Anziehungspunkt f\u00fcr alle Geschichts- und Kulturinteressierten.\" \/>\n<meta property=\"og:url\" content=\"https:\/\/www.urlaubcornwall.de\/blog\/somerset-reisebericht-urlaub-in-england\/\" \/>\n<meta property=\"og:site_name\" content=\"Urlaub &amp; Reisen\" \/>\n<meta property=\"article:modified_time\" content=\"2024-05-30T15:43:32+00:00\" \/>\n<meta property=\"og:image\" content=\"https:\/\/www.urlaubcornwall.de\/blog\/wp-content\/uploads\/2024\/03\/porlock-weir-e1712145023336.jpg\" \/>\n<meta name=\"twitter:card\" content=\"summary\" \/>\n<meta name=\"twitter:label1\" content=\"Est. reading time\" \/>\n\t<meta name=\"twitter:data1\" content=\"2 minutes\" \/>\n<script type=\"application\/ld+json\" class=\"yoast-schema-graph\">{\"@context\":\"https:\/\/schema.org\",\"@graph\":[{\"@type\":\"WebSite\",\"@id\":\"https:\/\/www.urlaubcornwall.de\/blog\/#website\",\"url\":\"https:\/\/www.urlaubcornwall.de\/blog\/\",\"name\":\"Urlaub &amp; Reisen\",\"description\":\"Urlaub, Reisen, Cornwall und S\u00fcdengland: eine perfekte Kombination\",\"potentialAction\":[{\"@type\":\"SearchAction\",\"target\":{\"@type\":\"EntryPoint\",\"urlTemplate\":\"https:\/\/www.urlaubcornwall.de\/blog\/?s={search_term_string}\"},\"query-input\":\"required name=search_term_string\"}],\"inLanguage\":\"en-US\"},{\"@type\":\"WebPage\",\"@id\":\"https:\/\/www.urlaubcornwall.de\/blog\/somerset-reisebericht-urlaub-in-england\/\",\"url\":\"https:\/\/www.urlaubcornwall.de\/blog\/somerset-reisebericht-urlaub-in-england\/\",\"name\":\"Somerset Reisebericht - Urlaub in England - Urlaub &amp; Reisen\",\"isPartOf\":{\"@id\":\"https:\/\/www.urlaubcornwall.de\/blog\/#website\"},\"datePublished\":\"2020-04-29T12:40:23+00:00\",\"dateModified\":\"2024-05-30T15:43:32+00:00\",\"description\":\"Somerset verw\u00f6hnt Sie im Westcountry mit seinen Tiefebenen von Sedgemoor bis zu den Quantocks und im Norden mit dem wilden Exmoor. Das h\u00fcbsche Dorf Porlock ist ein beliebter Ausgangspunkt f\u00fcr Spazierg\u00e4nger, die die kreuz und quer verlaufenden Pfade durch Somersets Moorlandschaft und K\u00fcste erforschen m\u00f6chten. Das mittelalterliche Dunster ist ein Anziehungspunkt f\u00fcr alle Geschichts- und Kulturinteressierten.\",\"breadcrumb\":{\"@id\":\"https:\/\/www.urlaubcornwall.de\/blog\/somerset-reisebericht-urlaub-in-england\/#breadcrumb\"},\"inLanguage\":\"en-US\",\"potentialAction\":[{\"@type\":\"ReadAction\",\"target\":[\"https:\/\/www.urlaubcornwall.de\/blog\/somerset-reisebericht-urlaub-in-england\/\"]}]},{\"@type\":\"BreadcrumbList\",\"@id\":\"https:\/\/www.urlaubcornwall.de\/blog\/somerset-reisebericht-urlaub-in-england\/#breadcrumb\",\"itemListElement\":[{\"@type\":\"ListItem\",\"position\":1,\"name\":\"Home\",\"item\":\"https:\/\/www.urlaubcornwall.de\/blog\/\"},{\"@type\":\"ListItem\",\"position\":2,\"name\":\"Somerset Reisebericht &#8211; Urlaub in England\"}]}]}<\/script>\n<!-- \/ Yoast SEO plugin. -->","yoast_head_json":{"title":"Somerset Reisebericht - Urlaub in England - Urlaub &amp; Reisen","description":"Somerset verw\u00f6hnt Sie im Westcountry mit seinen Tiefebenen von Sedgemoor bis zu den Quantocks und im Norden mit dem wilden Exmoor. Das h\u00fcbsche Dorf Porlock ist ein beliebter Ausgangspunkt f\u00fcr Spazierg\u00e4nger, die die kreuz und quer verlaufenden Pfade durch Somersets Moorlandschaft und K\u00fcste erforschen m\u00f6chten. Das mittelalterliche Dunster ist ein Anziehungspunkt f\u00fcr alle Geschichts- und Kulturinteressierten.","robots":{"index":"index","follow":"follow","max-snippet":"max-snippet:-1","max-image-preview":"max-image-preview:large","max-video-preview":"max-video-preview:-1"},"canonical":"https:\/\/www.urlaubcornwall.de\/blog\/somerset-reisebericht-urlaub-in-england\/","og_locale":"en_US","og_type":"article","og_title":"Somerset Reisebericht - Urlaub in England - Urlaub &amp; Reisen","og_description":"Somerset verw\u00f6hnt Sie im Westcountry mit seinen Tiefebenen von Sedgemoor bis zu den Quantocks und im Norden mit dem wilden Exmoor. Das h\u00fcbsche Dorf Porlock ist ein beliebter Ausgangspunkt f\u00fcr Spazierg\u00e4nger, die die kreuz und quer verlaufenden Pfade durch Somersets Moorlandschaft und K\u00fcste erforschen m\u00f6chten. Das mittelalterliche Dunster ist ein Anziehungspunkt f\u00fcr alle Geschichts- und Kulturinteressierten.","og_url":"https:\/\/www.urlaubcornwall.de\/blog\/somerset-reisebericht-urlaub-in-england\/","og_site_name":"Urlaub &amp; Reisen","article_modified_time":"2024-05-30T15:43:32+00:00","og_image":[{"url":"https:\/\/www.urlaubcornwall.de\/blog\/wp-content\/uploads\/2024\/03\/porlock-weir-e1712145023336.jpg"}],"twitter_card":"summary","twitter_misc":{"Est. reading time":"2 minutes"},"schema":{"@context":"https:\/\/schema.org","@graph":[{"@type":"WebSite","@id":"https:\/\/www.urlaubcornwall.de\/blog\/#website","url":"https:\/\/www.urlaubcornwall.de\/blog\/","name":"Urlaub &amp; Reisen","description":"Urlaub, Reisen, Cornwall und S\u00fcdengland: eine perfekte Kombination","potentialAction":[{"@type":"SearchAction","target":{"@type":"EntryPoint","urlTemplate":"https:\/\/www.urlaubcornwall.de\/blog\/?s={search_term_string}"},"query-input":"required name=search_term_string"}],"inLanguage":"en-US"},{"@type":"WebPage","@id":"https:\/\/www.urlaubcornwall.de\/blog\/somerset-reisebericht-urlaub-in-england\/","url":"https:\/\/www.urlaubcornwall.de\/blog\/somerset-reisebericht-urlaub-in-england\/","name":"Somerset Reisebericht - Urlaub in England - Urlaub &amp; Reisen","isPartOf":{"@id":"https:\/\/www.urlaubcornwall.de\/blog\/#website"},"datePublished":"2020-04-29T12:40:23+00:00","dateModified":"2024-05-30T15:43:32+00:00","description":"Somerset verw\u00f6hnt Sie im Westcountry mit seinen Tiefebenen von Sedgemoor bis zu den Quantocks und im Norden mit dem wilden Exmoor. Das h\u00fcbsche Dorf Porlock ist ein beliebter Ausgangspunkt f\u00fcr Spazierg\u00e4nger, die die kreuz und quer verlaufenden Pfade durch Somersets Moorlandschaft und K\u00fcste erforschen m\u00f6chten. Das mittelalterliche Dunster ist ein Anziehungspunkt f\u00fcr alle Geschichts- und Kulturinteressierten.","breadcrumb":{"@id":"https:\/\/www.urlaubcornwall.de\/blog\/somerset-reisebericht-urlaub-in-england\/#breadcrumb"},"inLanguage":"en-US","potentialAction":[{"@type":"ReadAction","target":["https:\/\/www.urlaubcornwall.de\/blog\/somerset-reisebericht-urlaub-in-england\/"]}]},{"@type":"BreadcrumbList","@id":"https:\/\/www.urlaubcornwall.de\/blog\/somerset-reisebericht-urlaub-in-england\/#breadcrumb","itemListElement":[{"@type":"ListItem","position":1,"name":"Home","item":"https:\/\/www.urlaubcornwall.de\/blog\/"},{"@type":"ListItem","position":2,"name":"Somerset Reisebericht &#8211; Urlaub in England"}]}]}},"_links":{"self":[{"href":"https:\/\/www.urlaubcornwall.de\/blog\/wp-json\/wp\/v2\/pages\/40026"}],"collection":[{"href":"https:\/\/www.urlaubcornwall.de\/blog\/wp-json\/wp\/v2\/pages"}],"about":[{"href":"https:\/\/www.urlaubcornwall.de\/blog\/wp-json\/wp\/v2\/types\/page"}],"author":[{"embeddable":true,"href":"https:\/\/www.urlaubcornwall.de\/blog\/wp-json\/wp\/v2\/users\/1"}],"replies":[{"embeddable":true,"href":"https:\/\/www.urlaubcornwall.de\/blog\/wp-json\/wp\/v2\/comments?post=40026"}],"version-history":[{"count":5,"href":"https:\/\/www.urlaubcornwall.de\/blog\/wp-json\/wp\/v2\/pages\/40026\/revisions"}],"predecessor-version":[{"id":51160,"href":"https:\/\/www.urlaubcornwall.de\/blog\/wp-json\/wp\/v2\/pages\/40026\/revisions\/51160"}],"wp:attachment":[{"href":"https:\/\/www.urlaubcornwall.de\/blog\/wp-json\/wp\/v2\/media?parent=40026"}],"curies":[{"name":"wp","href":"https:\/\/api.w.org\/{rel}","templated":true}]}}