{"id":40023,"date":"2020-04-29T12:27:03","date_gmt":"2020-04-29T12:27:03","guid":{"rendered":"https:\/\/www.urlaubcornwall.de\/blog\/?page_id=40023"},"modified":"2024-05-30T15:44:00","modified_gmt":"2024-05-30T15:44:00","slug":"dorset-reisebericht-urlaub-in-england","status":"publish","type":"page","link":"https:\/\/www.urlaubcornwall.de\/blog\/dorset-reisebericht-urlaub-in-england\/","title":{"rendered":"Dorset Reisebericht &#8211; Urlaub in England"},"content":{"rendered":"<p><img loading=\"lazy\" class=\"aligncenter size-full wp-image-19449\" src=\"https:\/\/www.urlaubcornwall.de\/blog\/wp-content\/uploads\/2015\/08\/jurrasic-kueste.jpg\" alt=\"Dorset Reisebericht  jurassic kueste\" width=\"749\" height=\"421\"\/><\/p>\n<p><a href=\"https:\/\/www.urlaubcornwall.de\/rundreisen\/cornwall-suedengland.php\">Rundreise durch Dorset und S\u00fcdengland<\/a> &#8211; <a href=\"https:\/\/www.urlaubcornwall.de\/reiseziel\/dorset.php\">Dorset<\/a> ist ein geschichtstr\u00e4chtiges Land, von den Fossilien in <a href=\"https:\/\/www.urlaubcornwall.de\/ferienhaeuser-fewos\/eng\/dorset\/charmouth.html\">Charmouth<\/a> an der Jurassic Coast bis zum Pier von <a href=\"https:\/\/www.urlaubcornwall.de\/ferienhaeuser-fewos\/eng\/dorset\/lyme-regis.html\">Lyme Regis<\/a>, das durch die Verfilmung von \u201eDie Geliebte des franz\u00f6sischen Leutnants\u201c (The French Lieutenant\u2018s Woman) mit der ber\u00fchmten Kussszene Bekanntheit erlangte. Wagen Sie sich landeinw\u00e4rts nach Dorset vor, wo Sie durch seine winzigen Ortschaften mit strohgedeckten H\u00e4userchen, Pubs mit Balkendecke und Wasserm\u00fchlen das Gef\u00fchl haben werden, sich in einem Roman von Thomas Hardy zu befinden. <\/p>\n<p><img loading=\"lazy\" class=\"aligncenter size-full wp-image-47909\" src=\"https:\/\/www.urlaubcornwall.de\/blog\/wp-content\/uploads\/2024\/03\/lyme-regis-dorset.jpg\" alt=\"lyme regis dorset\" width=\"750\" height=\"379\" srcset=\"https:\/\/www.urlaubcornwall.de\/blog\/wp-content\/uploads\/2024\/03\/lyme-regis-dorset.jpg 750w, https:\/\/www.urlaubcornwall.de\/blog\/wp-content\/uploads\/2024\/03\/lyme-regis-dorset-300x152.jpg 300w\" sizes=\"(max-width: 750px) 100vw, 750px\" \/><\/p>\n<p>Der Gro\u00dfteil von Dorset ist als ein \u201eArea of outstanding natural beauty\u201c (\u201eGebiet von au\u00dferordentlicher nat\u00fcrlicher Sch\u00f6nheit\u201c) ausgezeichnet, und diese Ehrung spricht f\u00fcr sich. Daher k\u00f6nnen Sie sich sicher sein, dass ein <a href=\"https:\/\/www.urlaubcornwall.de\/ferienhaeuser-fewos\/eng\/dorset\/dorset.html\">Ferienhaus in Dorset mit Selbstverpflegung<\/a> sich in einem bildh\u00fcbschen Dorf befindet oder sich durch eine wundersch\u00f6ne Aussicht auszeichnet. Zudem ist die H\u00e4lfte der Grafschaftsgrenze K\u00fcstengebiet und somit ideal f\u00fcr einen Urlaub am Meer. Dorsets ber\u00fchmte K\u00fcstenlinie ist die Weltkulturerbest\u00e4tte der Jurassic Coast mit atemberaubenden Landformationen wie <a href=\"https:\/\/www.urlaubcornwall.de\/ferienhaeuser-fewos\/eng\/dorset\/lulworth-cove.html\">Lulworth Cove<\/a>, der Insel Portland, Chesil Beach und Durdle Door.<\/p>\n<p><a href=\"https:\/\/www.urlaubcornwall.de\/blog\/wp-content\/uploads\/2024\/03\/corfe-castle.jpg\"><img loading=\"lazy\" src=\"https:\/\/www.urlaubcornwall.de\/blog\/wp-content\/uploads\/2024\/03\/corfe-castle.jpg\" alt=\"corfe castle\" width=\"750\" height=\"719\" class=\"alignnone size-full wp-image-47968\" srcset=\"https:\/\/www.urlaubcornwall.de\/blog\/wp-content\/uploads\/2024\/03\/corfe-castle.jpg 750w, https:\/\/www.urlaubcornwall.de\/blog\/wp-content\/uploads\/2024\/03\/corfe-castle-300x288.jpg 300w\" sizes=\"(max-width: 750px) 100vw, 750px\" \/><\/a><\/p>\n<p>Es gibt viele historische und bildh\u00fcbsche St\u00e4dtchen zu entdecken, von <a href=\"https:\/\/www.urlaubcornwall.de\/ferienhaeuser-fewos\/eng\/dorset\/sherborne.html\">Sherborne<\/a> mit seinem Kloster, bis Cerne Abbas mit seinem ber\u00fchmten Riesen, und hinunter zur Spitze von Portland findet man einheimischen Bruchstein. Von Lyme Regis im Westen, an Charmouth und <a href=\"https:\/\/www.urlaubcornwall.de\/ferienhaeuser-fewos\/eng\/dorset\/weymouth.html\">Weymouth<\/a> vorbei bis zur Burgruine von <a href=\"https:\/\/www.urlaubcornwall.de\/ferienhaeuser-fewos\/eng\/dorset\/corfe-castle.html\">Corfe Castle<\/a> in der N\u00e4he von Swanage und Studland bis zum Seebad <a href=\"https:\/\/www.urlaubcornwall.de\/ferienhaeuser-fewos\/eng\/hampshire\/bournemouth.html\">Bournemouth<\/a> im Osten der Grafschaft gibt es hier viele verschiedene Orte zu entdecken.<\/p>\n<div class=\"snippet\"> <a class=\"featured-item\" href=\"https:\/\/www.urlaubcornwall.de\/ferienhaeuser\/suedengland.php\"> <span class=\"image-holder\" style=\"background-image: url('https:\/\/www.urlaubcornwall.de\/blog\/wp-content\/uploads\/2018\/11\/landhaus-cornwall-1.jpg');\"><\/span> <span class=\"featured-content\"> \n<h2 class=\"featured-title\">Ferienh\u00e4user in S\u00fcdengland<\/h2>\n<p class=\"featured-body\">Bei uns finden Sie Ferienh\u00e4user zum Verlieben &#8211; so einfach ist das! Dank seiner langen Geschichte, der reizvollen Landschaften und seinen vielen Attraktionen ist S\u00fcdengland ein wahres Mekka f\u00fcr Urlauber. F\u00fcr Familien und Paare ist die Reise durch Kent, den Garten Englands, die Sussex Downs, die uralten Grafschaften von Hampshire und Dorset&#8230;.<\/p><\/span> <span class=\"featured-link-holder\"> <span class=\"featured-extra-info\"> \n<p>F\u00fcr Paare, Familien &#038; Gruppen<\/p>\n<\/span> \n<p class=\"featured-link\">DETAILS<\/p>\n<\/span> <\/a><\/div>\n","protected":false},"excerpt":{"rendered":"<p>Rundreise durch Dorset und S\u00fcdengland &#8211; Dorset ist ein geschichtstr\u00e4chtiges Land, von den Fossilien in Charmouth an der Jurassic Coast bis zum Pier von Lyme Regis, das durch die Verfilmung von \u201eDie Geliebte des franz\u00f6sischen Leutnants\u201c (The French Lieutenant\u2018s Woman) mit der ber\u00fchmten Kussszene Bekanntheit erlangte. Wagen Sie sich landeinw\u00e4rts nach Dorset vor, wo Sie [&hellip;]<\/p>\n","protected":false},"author":1,"featured_media":0,"parent":0,"menu_order":0,"comment_status":"closed","ping_status":"closed","template":"single-four.php","meta":[],"acf":[],"yoast_head":"<!-- This site is optimized with the Yoast SEO plugin v19.4 - https:\/\/yoast.com\/wordpress\/plugins\/seo\/ -->\n<title>Dorset Reisebericht - Urlaub in England - Urlaub &amp; Reisen<\/title>\n<meta name=\"description\" content=\"Dorset ist ein geschichtstr\u00e4chtiges Land, von den Fossilien in Charmouth an der Jurassic Coast bis zum Pier von Lyme Regis, das durch die Verfilmung von \u201eDie Geliebte des franz\u00f6sischen Leutnants\u201c (The French Lieutenant\u2018s Woman) mit der ber\u00fchmten Kussszene Bekanntheit erlangte. Wagen Sie sich landeinw\u00e4rts nach Dorset vor, wo Sie durch seine winzigen Ortschaften mit strohgedeckten H\u00e4userchen, Pubs mit Balkendecke und Wasserm\u00fchlen das Gef\u00fchl haben werden, sich in einem Roman von Thomas Hardy zu befinden.\" \/>\n<meta name=\"robots\" content=\"index, follow, max-snippet:-1, max-image-preview:large, max-video-preview:-1\" \/>\n<link rel=\"canonical\" href=\"https:\/\/www.urlaubcornwall.de\/blog\/dorset-reisebericht-urlaub-in-england\/\" \/>\n<meta property=\"og:locale\" content=\"en_US\" \/>\n<meta property=\"og:type\" content=\"article\" \/>\n<meta property=\"og:title\" content=\"Dorset Reisebericht - Urlaub in England - Urlaub &amp; Reisen\" \/>\n<meta property=\"og:description\" content=\"Dorset ist ein geschichtstr\u00e4chtiges Land, von den Fossilien in Charmouth an der Jurassic Coast bis zum Pier von Lyme Regis, das durch die Verfilmung von \u201eDie Geliebte des franz\u00f6sischen Leutnants\u201c (The French Lieutenant\u2018s Woman) mit der ber\u00fchmten Kussszene Bekanntheit erlangte. Wagen Sie sich landeinw\u00e4rts nach Dorset vor, wo Sie durch seine winzigen Ortschaften mit strohgedeckten H\u00e4userchen, Pubs mit Balkendecke und Wasserm\u00fchlen das Gef\u00fchl haben werden, sich in einem Roman von Thomas Hardy zu befinden.\" \/>\n<meta property=\"og:url\" content=\"https:\/\/www.urlaubcornwall.de\/blog\/dorset-reisebericht-urlaub-in-england\/\" \/>\n<meta property=\"og:site_name\" content=\"Urlaub &amp; Reisen\" \/>\n<meta property=\"article:modified_time\" content=\"2024-05-30T15:44:00+00:00\" \/>\n<meta property=\"og:image\" content=\"https:\/\/www.urlaubcornwall.de\/blog\/wp-content\/uploads\/2015\/08\/jurrasic-kueste.jpg\" \/>\n<meta name=\"twitter:card\" content=\"summary\" \/>\n<meta name=\"twitter:label1\" content=\"Est. reading time\" \/>\n\t<meta name=\"twitter:data1\" content=\"2 minutes\" \/>\n<script type=\"application\/ld+json\" class=\"yoast-schema-graph\">{\"@context\":\"https:\/\/schema.org\",\"@graph\":[{\"@type\":\"WebSite\",\"@id\":\"https:\/\/www.urlaubcornwall.de\/blog\/#website\",\"url\":\"https:\/\/www.urlaubcornwall.de\/blog\/\",\"name\":\"Urlaub &amp; Reisen\",\"description\":\"Urlaub, Reisen, Cornwall und S\u00fcdengland: eine perfekte Kombination\",\"potentialAction\":[{\"@type\":\"SearchAction\",\"target\":{\"@type\":\"EntryPoint\",\"urlTemplate\":\"https:\/\/www.urlaubcornwall.de\/blog\/?s={search_term_string}\"},\"query-input\":\"required name=search_term_string\"}],\"inLanguage\":\"en-US\"},{\"@type\":\"WebPage\",\"@id\":\"https:\/\/www.urlaubcornwall.de\/blog\/dorset-reisebericht-urlaub-in-england\/\",\"url\":\"https:\/\/www.urlaubcornwall.de\/blog\/dorset-reisebericht-urlaub-in-england\/\",\"name\":\"Dorset Reisebericht - Urlaub in England - Urlaub &amp; Reisen\",\"isPartOf\":{\"@id\":\"https:\/\/www.urlaubcornwall.de\/blog\/#website\"},\"datePublished\":\"2020-04-29T12:27:03+00:00\",\"dateModified\":\"2024-05-30T15:44:00+00:00\",\"description\":\"Dorset ist ein geschichtstr\u00e4chtiges Land, von den Fossilien in Charmouth an der Jurassic Coast bis zum Pier von Lyme Regis, das durch die Verfilmung von \u201eDie Geliebte des franz\u00f6sischen Leutnants\u201c (The French Lieutenant\u2018s Woman) mit der ber\u00fchmten Kussszene Bekanntheit erlangte. Wagen Sie sich landeinw\u00e4rts nach Dorset vor, wo Sie durch seine winzigen Ortschaften mit strohgedeckten H\u00e4userchen, Pubs mit Balkendecke und Wasserm\u00fchlen das Gef\u00fchl haben werden, sich in einem Roman von Thomas Hardy zu befinden.\",\"breadcrumb\":{\"@id\":\"https:\/\/www.urlaubcornwall.de\/blog\/dorset-reisebericht-urlaub-in-england\/#breadcrumb\"},\"inLanguage\":\"en-US\",\"potentialAction\":[{\"@type\":\"ReadAction\",\"target\":[\"https:\/\/www.urlaubcornwall.de\/blog\/dorset-reisebericht-urlaub-in-england\/\"]}]},{\"@type\":\"BreadcrumbList\",\"@id\":\"https:\/\/www.urlaubcornwall.de\/blog\/dorset-reisebericht-urlaub-in-england\/#breadcrumb\",\"itemListElement\":[{\"@type\":\"ListItem\",\"position\":1,\"name\":\"Home\",\"item\":\"https:\/\/www.urlaubcornwall.de\/blog\/\"},{\"@type\":\"ListItem\",\"position\":2,\"name\":\"Dorset Reisebericht &#8211; Urlaub in England\"}]}]}<\/script>\n<!-- \/ Yoast SEO plugin. -->","yoast_head_json":{"title":"Dorset Reisebericht - Urlaub in England - Urlaub &amp; Reisen","description":"Dorset ist ein geschichtstr\u00e4chtiges Land, von den Fossilien in Charmouth an der Jurassic Coast bis zum Pier von Lyme Regis, das durch die Verfilmung von \u201eDie Geliebte des franz\u00f6sischen Leutnants\u201c (The French Lieutenant\u2018s Woman) mit der ber\u00fchmten Kussszene Bekanntheit erlangte. Wagen Sie sich landeinw\u00e4rts nach Dorset vor, wo Sie durch seine winzigen Ortschaften mit strohgedeckten H\u00e4userchen, Pubs mit Balkendecke und Wasserm\u00fchlen das Gef\u00fchl haben werden, sich in einem Roman von Thomas Hardy zu befinden.","robots":{"index":"index","follow":"follow","max-snippet":"max-snippet:-1","max-image-preview":"max-image-preview:large","max-video-preview":"max-video-preview:-1"},"canonical":"https:\/\/www.urlaubcornwall.de\/blog\/dorset-reisebericht-urlaub-in-england\/","og_locale":"en_US","og_type":"article","og_title":"Dorset Reisebericht - Urlaub in England - Urlaub &amp; Reisen","og_description":"Dorset ist ein geschichtstr\u00e4chtiges Land, von den Fossilien in Charmouth an der Jurassic Coast bis zum Pier von Lyme Regis, das durch die Verfilmung von \u201eDie Geliebte des franz\u00f6sischen Leutnants\u201c (The French Lieutenant\u2018s Woman) mit der ber\u00fchmten Kussszene Bekanntheit erlangte. Wagen Sie sich landeinw\u00e4rts nach Dorset vor, wo Sie durch seine winzigen Ortschaften mit strohgedeckten H\u00e4userchen, Pubs mit Balkendecke und Wasserm\u00fchlen das Gef\u00fchl haben werden, sich in einem Roman von Thomas Hardy zu befinden.","og_url":"https:\/\/www.urlaubcornwall.de\/blog\/dorset-reisebericht-urlaub-in-england\/","og_site_name":"Urlaub &amp; Reisen","article_modified_time":"2024-05-30T15:44:00+00:00","og_image":[{"url":"https:\/\/www.urlaubcornwall.de\/blog\/wp-content\/uploads\/2015\/08\/jurrasic-kueste.jpg"}],"twitter_card":"summary","twitter_misc":{"Est. reading time":"2 minutes"},"schema":{"@context":"https:\/\/schema.org","@graph":[{"@type":"WebSite","@id":"https:\/\/www.urlaubcornwall.de\/blog\/#website","url":"https:\/\/www.urlaubcornwall.de\/blog\/","name":"Urlaub &amp; Reisen","description":"Urlaub, Reisen, Cornwall und S\u00fcdengland: eine perfekte Kombination","potentialAction":[{"@type":"SearchAction","target":{"@type":"EntryPoint","urlTemplate":"https:\/\/www.urlaubcornwall.de\/blog\/?s={search_term_string}"},"query-input":"required name=search_term_string"}],"inLanguage":"en-US"},{"@type":"WebPage","@id":"https:\/\/www.urlaubcornwall.de\/blog\/dorset-reisebericht-urlaub-in-england\/","url":"https:\/\/www.urlaubcornwall.de\/blog\/dorset-reisebericht-urlaub-in-england\/","name":"Dorset Reisebericht - Urlaub in England - Urlaub &amp; Reisen","isPartOf":{"@id":"https:\/\/www.urlaubcornwall.de\/blog\/#website"},"datePublished":"2020-04-29T12:27:03+00:00","dateModified":"2024-05-30T15:44:00+00:00","description":"Dorset ist ein geschichtstr\u00e4chtiges Land, von den Fossilien in Charmouth an der Jurassic Coast bis zum Pier von Lyme Regis, das durch die Verfilmung von \u201eDie Geliebte des franz\u00f6sischen Leutnants\u201c (The French Lieutenant\u2018s Woman) mit der ber\u00fchmten Kussszene Bekanntheit erlangte. Wagen Sie sich landeinw\u00e4rts nach Dorset vor, wo Sie durch seine winzigen Ortschaften mit strohgedeckten H\u00e4userchen, Pubs mit Balkendecke und Wasserm\u00fchlen das Gef\u00fchl haben werden, sich in einem Roman von Thomas Hardy zu befinden.","breadcrumb":{"@id":"https:\/\/www.urlaubcornwall.de\/blog\/dorset-reisebericht-urlaub-in-england\/#breadcrumb"},"inLanguage":"en-US","potentialAction":[{"@type":"ReadAction","target":["https:\/\/www.urlaubcornwall.de\/blog\/dorset-reisebericht-urlaub-in-england\/"]}]},{"@type":"BreadcrumbList","@id":"https:\/\/www.urlaubcornwall.de\/blog\/dorset-reisebericht-urlaub-in-england\/#breadcrumb","itemListElement":[{"@type":"ListItem","position":1,"name":"Home","item":"https:\/\/www.urlaubcornwall.de\/blog\/"},{"@type":"ListItem","position":2,"name":"Dorset Reisebericht &#8211; Urlaub in England"}]}]}},"_links":{"self":[{"href":"https:\/\/www.urlaubcornwall.de\/blog\/wp-json\/wp\/v2\/pages\/40023"}],"collection":[{"href":"https:\/\/www.urlaubcornwall.de\/blog\/wp-json\/wp\/v2\/pages"}],"about":[{"href":"https:\/\/www.urlaubcornwall.de\/blog\/wp-json\/wp\/v2\/types\/page"}],"author":[{"embeddable":true,"href":"https:\/\/www.urlaubcornwall.de\/blog\/wp-json\/wp\/v2\/users\/1"}],"replies":[{"embeddable":true,"href":"https:\/\/www.urlaubcornwall.de\/blog\/wp-json\/wp\/v2\/comments?post=40023"}],"version-history":[{"count":5,"href":"https:\/\/www.urlaubcornwall.de\/blog\/wp-json\/wp\/v2\/pages\/40023\/revisions"}],"predecessor-version":[{"id":51161,"href":"https:\/\/www.urlaubcornwall.de\/blog\/wp-json\/wp\/v2\/pages\/40023\/revisions\/51161"}],"wp:attachment":[{"href":"https:\/\/www.urlaubcornwall.de\/blog\/wp-json\/wp\/v2\/media?parent=40023"}],"curies":[{"name":"wp","href":"https:\/\/api.w.org\/{rel}","templated":true}]}}