{"id":40002,"date":"2020-04-26T10:11:12","date_gmt":"2020-04-26T10:11:12","guid":{"rendered":"https:\/\/www.urlaubcornwall.de\/blog\/?page_id=40002"},"modified":"2026-01-07T10:15:57","modified_gmt":"2026-01-07T10:15:57","slug":"die-besten-schwimmstraende-in-cornwall-suedengland","status":"publish","type":"page","link":"https:\/\/www.urlaubcornwall.de\/blog\/die-besten-schwimmstraende-in-cornwall-suedengland\/","title":{"rendered":"Die besten Str\u00e4nde in S\u00fcdengland zum Schwimmen"},"content":{"rendered":"<p>Wenn Sie in <a href=\"https:\/\/www.urlaubcornwall.de\/ferienhaeuser\/cornwall.php\">Cornwall<\/a> und <a href=\"https:\/\/www.urlaubcornwall.de\/ferienhaeuser\/suedengland.php\">S\u00fcdengland<\/a> kommen und darauf brennen, ins Wasser zu gehen, ist dies die Liste f\u00fcr Sie. Wir haben eine Liste der besten Schwimmstr\u00e4nde zusammengestellt, so dass Sie gleich in Aktion treten k\u00f6nnen.<\/p>\n<h1><a href=\"https:\/\/www.urlaubcornwall.de\/ferienhaeuser-fewos\/cornwall-am-meer.html\"><strong>Cornwall Str\u00e4nde<\/strong><\/a><\/h1>\n<p><a href=\"https:\/\/www.urlaubcornwall.de\/blog\/wp-content\/uploads\/2024\/05\/sennen.jpg\"><img loading=\"lazy\" src=\"https:\/\/www.urlaubcornwall.de\/blog\/wp-content\/uploads\/2024\/05\/sennen.jpg\" alt=\"sennen\" width=\"750\" height=\"477\" class=\"alignnone size-full wp-image-50771\" srcset=\"https:\/\/www.urlaubcornwall.de\/blog\/wp-content\/uploads\/2024\/05\/sennen.jpg 750w, https:\/\/www.urlaubcornwall.de\/blog\/wp-content\/uploads\/2024\/05\/sennen-300x191.jpg 300w\" sizes=\"(max-width: 750px) 100vw, 750px\" \/><\/a><\/p>\n<p><strong><a href=\"https:\/\/www.urlaubcornwall.de\/ferienhaeuser-fewos\/sennen.html\">Whitesands Bay, Sennen,<\/a> West Cornwall<\/strong><\/p>\n<p>In der N\u00e4he von Lands End gelegen, ist die Whitesands Bay ein Abschnitt wei\u00dfen Sandstrandes, der sich eine Meile entlangzieht. Dies ist ein perfektes Pl\u00e4tzchen f\u00fcr ein Sommerbadevergn\u00fcgen, wenn ein voll ausgebildeter Lebensretter Dienst verrichtet und die Schwimmer im Auge beh\u00e4lt.<\/p>\n<p><strong><a href=\"https:\/\/www.urlaubcornwall.de\/ferienhaeuser-fewos\/port-gaverne.html\">Port Gaverne<\/a>, Nordcornwall<\/strong><\/p>\n<p>Port Gaverne ist eine windgesch\u00fctzte Ansiedlung an Cornwalls Nordk\u00fcste neben Port Isaac. Bei Ebbe k\u00f6nnen Besucher Felspools und H\u00f6hlen erkunden und am Sandstrand entspannen, w\u00e4hrend bei Flut der sich sanft neigende Strand mit Wasser bedeckt wird; ein ideales Fleckchen zum Schwimmen.<\/p>\n<p><strong><a href=\"https:\/\/www.urlaubcornwall.de\/ferienhaeuser-fewos\/perranporth.html\">Perranporth<\/a>, Nordcornwall<\/strong><\/p>\n<p>Mit seiner gro\u00dfartigen Atmosph\u00e4re und nahe gelegenen Annehmlichkeiten, zieht Perranporth als lebendiger Badeort am Meer Besucher aus der ganzen Welt an. Der Strand an sich, der sich bei Ebbe \u00fcber zwei Meilen erstreckt, hat goldenen Sand, klares Wasser und einen nat\u00fcrlichen Swimmingpool im Freien, der sich bei Flut mit von der Sonne gew\u00e4rmtem Meereswasser f\u00fcllt. Lebensretter beobachten den Strand im Sommer und kennzeichnen normalerweise zwei f\u00fcr Besucher sichere Schwimmbereiche.<\/p>\n<p><a href=\"https:\/\/www.urlaubcornwall.de\/blog\/wp-content\/uploads\/2016\/03\/praa-sands-strand.jpg\"><img loading=\"lazy\" src=\"https:\/\/www.urlaubcornwall.de\/blog\/wp-content\/uploads\/2016\/03\/praa-sands-strand.jpg\" alt=\"praa sands strand hotel meer meerblick\" width=\"745\" height=\"376\" class=\"alignnone size-full wp-image-23291\" srcset=\"https:\/\/www.urlaubcornwall.de\/blog\/wp-content\/uploads\/2016\/03\/praa-sands-strand.jpg 745w, https:\/\/www.urlaubcornwall.de\/blog\/wp-content\/uploads\/2016\/03\/praa-sands-strand-300x151.jpg 300w\" sizes=\"(max-width: 745px) 100vw, 745px\" \/><\/a><\/p>\n<p><strong><a href=\"https:\/\/www.urlaubcornwall.de\/ferienhaeuser-fewos\/praa-sands.html\">Praa Sands Strand<\/a>, West Cornwall<\/strong><\/p>\n<p>In der N\u00e4he von Helston gelegen, ist Praa Sands ein perfekter Familiensandstrand, der sowohl denjenigen gerecht wird, die erpicht auf ihre Wassersportarten sind und jenen, die entspannen wollen, hin und wieder mit einem kleinen Bad im Wasser. Im Sommer ist das Wasser oft flach; somit ist es ein gro\u00dfartiger Strand f\u00fcr Familien mit Kindern.<\/p>\n<p><strong>Lansallos Coves, <a href=\"https:\/\/www.urlaubcornwall.de\/ferienhaeuser-fewos\/polperro.html\">Polperro<\/a>, S\u00fcdcornwall<\/strong><\/p>\n<p>Dieser h\u00fcbsche, nach S\u00fcden hin ausgerichteter Sand- und Kieselstrand ist noch immer ein relativ gut geh\u00fctetes Geheimnis f\u00fcr viele Urlauber in Cornwall. W\u00e4hrend Sie die Vorteile nutzen, dem \u00fcblichen Ansturm an Besuchern zu entkommen, hat dieser Strand weder Lebensretter noch Sicherheitsausr\u00fcstung. Wenn Sie sich jedoch an die \u00fcblichen Sicherheitsvorkehrungen halten, ist dieser Strand hervorragend zum Schwimmen \u00fcber halber Flut.<\/p>\n<h1><a href=\"https:\/\/www.urlaubcornwall.de\/ferienhaeuser-fewos\/eng\/dorset\/dorset.html\"><strong>Dorset Str\u00e4nde<\/strong><\/a><\/h1>\n<p><img loading=\"lazy\" class=\"aligncenter size-full wp-image-24812\" src=\"https:\/\/www.urlaubcornwall.de\/blog\/wp-content\/uploads\/2016\/07\/Urlaub-weymouth.jpg\" alt=\"meer meerblick weymouth dorset\" width=\"749\" height=\"457\"\/><\/p>\n<p><strong><a href=\"https:\/\/www.urlaubcornwall.de\/ferienhaeuser-fewos\/eng\/dorset\/weymouth-am-meer.html\">Weymouth Strand<\/a>, Dorset<\/strong><\/p>\n<p>Dieser 3-Meilen lange Strand besticht mit goldenem Sand und niedrigen Gew\u00e4ssern, die hervorragend sind zum Schwimmen. Erkunden Sie die Gegend vor Ort oder entspannen Sie am Strand, st\u00fcrzen Sie sich dann ins blaue Gew\u00e4sser! Falls Sie in diesem Sommer eine Reise planen, werden Lebensretter von Mai bis September ihren Dienst verrichten.<\/p>\n<p><strong>Branksome Chine Strand, <a href=\"https:\/\/www.urlaubcornwall.de\/ferienhaeuser-fewos\/eng\/dorset\/poole.html\">Poole<\/a>, Dorset<\/strong><\/p>\n<p>Branksome Chine ist ein entz\u00fcckender Strand mit feinem goldenem Sand, mit einem sanft abfallenden Hang, der ins Wasser hinunterverl\u00e4uft. Dieser Strand ist gro\u00dfartig f\u00fcr Schwimmer s\u00e4mtlicher Altersstufen mit einer gekennzeichneten Schwimmzone f\u00fcr jene, die eintauchen und das Meer genie\u00dfen wollen.<\/p>\n<p><strong><a href=\"https:\/\/www.urlaubcornwall.de\/ferienhaeuser-fewos\/eng\/dorset\/swanage.html\">Swanage Strand<\/a>, Dorset<\/strong><\/p>\n<p>Dieser Strand besticht mit klaren Gew\u00e4ssern und goldenem Sand und hat zurechterma\u00dfen viele europ\u00e4ische Blue Flag Auszeichnungen verdient, sowie die Encams Quality Coast Auszeichnung. Er hat einen sehr guten Ruf als gro\u00dfartiges Fleckchen, um sowohl den Sonnenschein als auch das Meer zu genie\u00dfen. Es ist ein Strand, den Sie nicht verpassen sollten, falls Sie in dieser Richtung unterwegs sind. Falls es Sie interessiert, so gibt es auch Tauchlehrg\u00e4nge von Swanage aus, so dass Sie ein bisschen tiefer unter die Wellen tauchen k\u00f6nnen.<\/p>\n<p><img loading=\"lazy\" class=\"aligncenter size-full wp-image-40004\" src=\"https:\/\/www.urlaubcornwall.de\/blog\/wp-content\/uploads\/2020\/04\/Hengistbury-Head-Bournemouth.jpg\" alt=\"Hengistbury Head, Bournemouth\" width=\"750\" height=\"500\" srcset=\"https:\/\/www.urlaubcornwall.de\/blog\/wp-content\/uploads\/2020\/04\/Hengistbury-Head-Bournemouth.jpg 750w, https:\/\/www.urlaubcornwall.de\/blog\/wp-content\/uploads\/2020\/04\/Hengistbury-Head-Bournemouth-300x200.jpg 300w\" sizes=\"(max-width: 750px) 100vw, 750px\" \/><\/p>\n<p><strong>Hengistbury Head Strand und Reservat, <a href=\"https:\/\/www.urlaubcornwall.de\/ferienhaeuser-fewos\/eng\/dorset\/dorset.html\">Dorset<\/a><\/strong><\/p>\n<p>Hengistbury Head ist ein Sand- und Kieselstrand und, von den Klippen entfernt, sicher zum Schwimmen. Er ist Teil eines riesigen Naturreservats, das Ihnen gestattet, der Natur richtig nahe zu kommen. Es gibt keine Lebensretter, doch wenn Sie sich an die normalen Sicherheitsvorkehrungen halten, ist dies ein gro\u00dfartiger Ort, um alles in sich aufzusaugen.<\/p>\n<h1><a href=\"https:\/\/www.urlaubcornwall.de\/ferienhaeuser-fewos\/eng\/devon\/devon-am-meer.html\"><strong>Devon Str\u00e4nde<\/strong><\/a><\/h1>\n<p><strong>Bantham Strand, Devon<\/strong><\/p>\n<p>Eingeschmiegt in die M\u00fcndung des Flusses Avon, bietet der Bantham Strand wundersch\u00f6ne Landschaft und Panoramablick \u00fcber die <a href=\"https:\/\/www.urlaubcornwall.de\/ferienhaeuser-fewos\/eng\/sued-devon\/bigbury-on-sea.html\">Bigbury Bay und Burgh Island<\/a>. Mit niederem Gew\u00e4sser und sandigem Grund ist dies ein fantastisches Fleckchen f\u00fcr Schwimmer s\u00e4mtlicher Altersstufen. Wenn Sie zudem bis zur Ebbe warten, finden Sie niedere Wasserpools am Strand, die f\u00fcr Kleinkinder ein perfektes Spielgel\u00e4nde schaffen.<\/p>\n<p><strong><a href=\"https:\/\/www.urlaubcornwall.de\/ferienhaeuser-fewos\/eng\/sued-devon\/blackpool-sands.html\">Blackpool Sands<\/a>, South Devon<\/strong><\/p>\n<p>Diese Blue Flag ausgezeichnete Bucht ist ein wundersch\u00f6ner, windgesch\u00fctzter Kieselstrand, umgeben von Immergr\u00fcn und duftenden Kiefern. Das Gew\u00e4sser ist azurblau, und an einem sonnigen Tag ist es Ihnen vergeben zu denken, Sie w\u00e4ren irgendwo im Tropischen. Privat gemanagt und auf hohem Standard in Stand gehalten, ist dies ein perfekter Strand f\u00fcr Sie, um direkt ins Wasser abzutauchen.<\/p>\n<p><strong><a href=\"https:\/\/www.urlaubcornwall.de\/ferienhaeuser-fewos\/eng\/nord-devon\/ilfracombe.html\">Tunnels Beaches, Ilfracombe<\/a>, Norddevon<\/strong><\/p>\n<p>Stolzer Besitzer sowohl der Blue Flag Strandauszeichnung und der Quality Coast Auszeichnung, ist Tunnels Beaches ein ideales Fleckchen zum Baden. Der Strand wird w\u00e4hrend des Sommers t\u00e4glich ges\u00e4ubert, und dann ist auch ein Lebensretter im Dienst. Tunnels Beaches wurde auch aufgelistet als der sicherste Strand in Norddevon, und es gibt einen gezeitenabh\u00e4ngigen Meereswasser-Swimmingpool, der perfekt ist f\u00fcr kleine Kinder und jene, die sich in niedrigem Gew\u00e4sser sicherer f\u00fchlen.<\/p>\n<p><strong><a href=\"https:\/\/www.urlaubcornwall.de\/ferienhaeuser-fewos\/eng\/nord-devon\/woolacombe.html\">Woolacombe Strand<\/a>, Norddevon<\/strong><\/p>\n<p>Der mehrfach ausgezeichnete Woolacombe Strand ist das ganze Jahr \u00fcber sehr beliebt bei Urlaubern und herrlich f\u00fcr s\u00e4mtliche Wassersportarten. Wenn Sie jedoch nur etwas schwimmen m\u00f6chten, so gibt es gekennzeichnete Bereiche f\u00fcr Schwimmer, so dass Sie in Sicherheit sind und sich fernhalten k\u00f6nnen von jeglichen verlorengegangenen Brettern!<\/p>\n<h1><a href=\"https:\/\/www.urlaubcornwall.de\/ferienhaeuser-fewos\/eng\/somerset\/somerset.html\"><strong>Somerset Str\u00e4nde<\/strong><\/a><\/h1>\n<p><img loading=\"lazy\" class=\"aligncenter size-full wp-image-40005\" src=\"https:\/\/www.urlaubcornwall.de\/blog\/wp-content\/uploads\/2020\/04\/minehead-strand.jpg\" alt=\"minehead strand\" width=\"750\" height=\"493\" srcset=\"https:\/\/www.urlaubcornwall.de\/blog\/wp-content\/uploads\/2020\/04\/minehead-strand.jpg 750w, https:\/\/www.urlaubcornwall.de\/blog\/wp-content\/uploads\/2020\/04\/minehead-strand-300x197.jpg 300w\" sizes=\"(max-width: 750px) 100vw, 750px\" \/><\/p>\n<p><strong><a href=\"https:\/\/www.urlaubcornwall.de\/ferienhaeuser-fewos\/eng\/somerset\/minehead.html\">Minehead Strand<\/a>, Somerset<\/strong><\/p>\n<p>In der N\u00e4he von Vergn\u00fcgungsarkaden und \u00f6rtlichen Annehmlichkeiten gelegen, ist Minehead ein herrlicher Strand f\u00fcr jene, die sich ins Wasser begeben und dennoch in der N\u00e4he der Aktionen bleiben wollen. Mit seinem herrlichen Blick und einem Sand- und Kieselstrand, der sich sanft meerw\u00e4rts neigt, ist es auch ein idealer Flecken f\u00fcr Kinder.<\/p>\n<p><strong><a href=\"https:\/\/www.urlaubcornwall.de\/ferienhaeuser-fewos\/eng\/somerset\/weston-super-mare.html\">Weston-Super-Mare<\/a>, Somerset<\/strong><\/p>\n<p>Weston-Super-Mare ist einer der l\u00e4ngsten und nat\u00fcrlich vorkommenden Str\u00e4nde des UK, der vom Gemeinderat vor Ort sauber und familienfreundlich gehalten wird. Es verwundert daher wenig, dass dieser riesige Sandstrand beliebt ist bei Besuchern aus der ganzen Welt. Mit seinem sanft abfallenden Hang ist es ein gro\u00dfartiges Fleckchen zum Schwimmen, wenn die Gezeiten entsprechend g\u00fcnstig sind. St\u00fcrzen Sie sich in die Wellen und genie\u00dfen Sie!<\/p>\n<div class=\"snippet\"> <a class=\"featured-item\" href=\"https:\/\/www.urlaubcornwall.de\/ferienhaeuser\/suedengland.php\"> <span class=\"image-holder\" style=\"background-image: url('https:\/\/www.urlaubcornwall.de\/blog\/wp-content\/uploads\/2018\/11\/landhaus-cornwall-1.jpg');\"><\/span> <span class=\"featured-content\"> \n<h2 class=\"featured-title\">Ferienh\u00e4user in England am Meer<\/h2>\n<p class=\"featured-body\">Bei uns finden Sie Ferienh\u00e4user zum Verlieben &#8211; so einfach ist das! Dank seiner langen Geschichte, der reizvollen Landschaften und seinen vielen Attraktionen ist S\u00fcdengland ein wahres Mekka f\u00fcr Urlauber. F\u00fcr Familien und Paare ist die Reise durch Kent, den Garten Englands, die Sussex Downs, die uralten Grafschaften von Hampshire und Dorset&#8230;.<\/p><\/span> <span class=\"featured-link-holder\"> <span class=\"featured-extra-info\"> \n<p>F\u00fcr Paare, Familien &#038; Gruppen<\/p>\n<\/span> \n<p class=\"featured-link\">DETAILS<\/p>\n<\/span> <\/a><\/div>\n","protected":false},"excerpt":{"rendered":"<p>Wenn Sie in Cornwall und S\u00fcdengland kommen und darauf brennen, ins Wasser zu gehen, ist dies die Liste f\u00fcr Sie. Wir haben eine Liste der besten Schwimmstr\u00e4nde zusammengestellt, so dass Sie gleich in Aktion treten k\u00f6nnen. Cornwall Str\u00e4nde Whitesands Bay, Sennen, West Cornwall In der N\u00e4he von Lands End gelegen, ist die Whitesands Bay ein [&hellip;]<\/p>\n","protected":false},"author":1,"featured_media":0,"parent":0,"menu_order":0,"comment_status":"closed","ping_status":"closed","template":"single-four.php","meta":[],"acf":[],"yoast_head":"<!-- This site is optimized with the Yoast SEO plugin v19.4 - https:\/\/yoast.com\/wordpress\/plugins\/seo\/ -->\n<title>Die besten Str\u00e4nde in S\u00fcdengland zum Schwimmen - Urlaub &amp; Reisen<\/title>\n<meta name=\"description\" content=\"Wenn Sie in den S\u00fcdwesten kommen und darauf brennen, ins Wasser zu gehen, ist dies die Liste f\u00fcr Sie. Wir haben eine Liste der besten Schwimmstr\u00e4nde zusammengestellt, so dass Sie gleich in Aktion treten k\u00f6nnen.\" \/>\n<meta name=\"robots\" content=\"index, follow, max-snippet:-1, max-image-preview:large, max-video-preview:-1\" \/>\n<link rel=\"canonical\" href=\"https:\/\/www.urlaubcornwall.de\/blog\/die-besten-schwimmstraende-in-cornwall-suedengland\/\" \/>\n<meta property=\"og:locale\" content=\"en_US\" \/>\n<meta property=\"og:type\" content=\"article\" \/>\n<meta property=\"og:title\" content=\"Die besten Str\u00e4nde in S\u00fcdengland zum Schwimmen - Urlaub &amp; Reisen\" \/>\n<meta property=\"og:description\" content=\"Wenn Sie in den S\u00fcdwesten kommen und darauf brennen, ins Wasser zu gehen, ist dies die Liste f\u00fcr Sie. Wir haben eine Liste der besten Schwimmstr\u00e4nde zusammengestellt, so dass Sie gleich in Aktion treten k\u00f6nnen.\" \/>\n<meta property=\"og:url\" content=\"https:\/\/www.urlaubcornwall.de\/blog\/die-besten-schwimmstraende-in-cornwall-suedengland\/\" \/>\n<meta property=\"og:site_name\" content=\"Urlaub &amp; Reisen\" \/>\n<meta property=\"article:modified_time\" content=\"2026-01-07T10:15:57+00:00\" \/>\n<meta property=\"og:image\" content=\"https:\/\/www.urlaubcornwall.de\/blog\/wp-content\/uploads\/2024\/05\/sennen.jpg\" \/>\n<meta name=\"twitter:card\" content=\"summary\" \/>\n<meta name=\"twitter:label1\" content=\"Est. reading time\" \/>\n\t<meta name=\"twitter:data1\" content=\"6 minutes\" \/>\n<script type=\"application\/ld+json\" class=\"yoast-schema-graph\">{\"@context\":\"https:\/\/schema.org\",\"@graph\":[{\"@type\":\"WebSite\",\"@id\":\"https:\/\/www.urlaubcornwall.de\/blog\/#website\",\"url\":\"https:\/\/www.urlaubcornwall.de\/blog\/\",\"name\":\"Urlaub &amp; Reisen\",\"description\":\"Urlaub, Reisen, Cornwall und S\u00fcdengland: eine perfekte Kombination\",\"potentialAction\":[{\"@type\":\"SearchAction\",\"target\":{\"@type\":\"EntryPoint\",\"urlTemplate\":\"https:\/\/www.urlaubcornwall.de\/blog\/?s={search_term_string}\"},\"query-input\":\"required name=search_term_string\"}],\"inLanguage\":\"en-US\"},{\"@type\":\"WebPage\",\"@id\":\"https:\/\/www.urlaubcornwall.de\/blog\/die-besten-schwimmstraende-in-cornwall-suedengland\/\",\"url\":\"https:\/\/www.urlaubcornwall.de\/blog\/die-besten-schwimmstraende-in-cornwall-suedengland\/\",\"name\":\"Die besten Str\u00e4nde in S\u00fcdengland zum Schwimmen - Urlaub &amp; Reisen\",\"isPartOf\":{\"@id\":\"https:\/\/www.urlaubcornwall.de\/blog\/#website\"},\"datePublished\":\"2020-04-26T10:11:12+00:00\",\"dateModified\":\"2026-01-07T10:15:57+00:00\",\"description\":\"Wenn Sie in den S\u00fcdwesten kommen und darauf brennen, ins Wasser zu gehen, ist dies die Liste f\u00fcr Sie. Wir haben eine Liste der besten Schwimmstr\u00e4nde zusammengestellt, so dass Sie gleich in Aktion treten k\u00f6nnen.\",\"breadcrumb\":{\"@id\":\"https:\/\/www.urlaubcornwall.de\/blog\/die-besten-schwimmstraende-in-cornwall-suedengland\/#breadcrumb\"},\"inLanguage\":\"en-US\",\"potentialAction\":[{\"@type\":\"ReadAction\",\"target\":[\"https:\/\/www.urlaubcornwall.de\/blog\/die-besten-schwimmstraende-in-cornwall-suedengland\/\"]}]},{\"@type\":\"BreadcrumbList\",\"@id\":\"https:\/\/www.urlaubcornwall.de\/blog\/die-besten-schwimmstraende-in-cornwall-suedengland\/#breadcrumb\",\"itemListElement\":[{\"@type\":\"ListItem\",\"position\":1,\"name\":\"Home\",\"item\":\"https:\/\/www.urlaubcornwall.de\/blog\/\"},{\"@type\":\"ListItem\",\"position\":2,\"name\":\"Die besten Str\u00e4nde in S\u00fcdengland zum Schwimmen\"}]}]}<\/script>\n<!-- \/ Yoast SEO plugin. -->","yoast_head_json":{"title":"Die besten Str\u00e4nde in S\u00fcdengland zum Schwimmen - Urlaub &amp; Reisen","description":"Wenn Sie in den S\u00fcdwesten kommen und darauf brennen, ins Wasser zu gehen, ist dies die Liste f\u00fcr Sie. Wir haben eine Liste der besten Schwimmstr\u00e4nde zusammengestellt, so dass Sie gleich in Aktion treten k\u00f6nnen.","robots":{"index":"index","follow":"follow","max-snippet":"max-snippet:-1","max-image-preview":"max-image-preview:large","max-video-preview":"max-video-preview:-1"},"canonical":"https:\/\/www.urlaubcornwall.de\/blog\/die-besten-schwimmstraende-in-cornwall-suedengland\/","og_locale":"en_US","og_type":"article","og_title":"Die besten Str\u00e4nde in S\u00fcdengland zum Schwimmen - Urlaub &amp; Reisen","og_description":"Wenn Sie in den S\u00fcdwesten kommen und darauf brennen, ins Wasser zu gehen, ist dies die Liste f\u00fcr Sie. Wir haben eine Liste der besten Schwimmstr\u00e4nde zusammengestellt, so dass Sie gleich in Aktion treten k\u00f6nnen.","og_url":"https:\/\/www.urlaubcornwall.de\/blog\/die-besten-schwimmstraende-in-cornwall-suedengland\/","og_site_name":"Urlaub &amp; Reisen","article_modified_time":"2026-01-07T10:15:57+00:00","og_image":[{"url":"https:\/\/www.urlaubcornwall.de\/blog\/wp-content\/uploads\/2024\/05\/sennen.jpg"}],"twitter_card":"summary","twitter_misc":{"Est. reading time":"6 minutes"},"schema":{"@context":"https:\/\/schema.org","@graph":[{"@type":"WebSite","@id":"https:\/\/www.urlaubcornwall.de\/blog\/#website","url":"https:\/\/www.urlaubcornwall.de\/blog\/","name":"Urlaub &amp; Reisen","description":"Urlaub, Reisen, Cornwall und S\u00fcdengland: eine perfekte Kombination","potentialAction":[{"@type":"SearchAction","target":{"@type":"EntryPoint","urlTemplate":"https:\/\/www.urlaubcornwall.de\/blog\/?s={search_term_string}"},"query-input":"required name=search_term_string"}],"inLanguage":"en-US"},{"@type":"WebPage","@id":"https:\/\/www.urlaubcornwall.de\/blog\/die-besten-schwimmstraende-in-cornwall-suedengland\/","url":"https:\/\/www.urlaubcornwall.de\/blog\/die-besten-schwimmstraende-in-cornwall-suedengland\/","name":"Die besten Str\u00e4nde in S\u00fcdengland zum Schwimmen - Urlaub &amp; Reisen","isPartOf":{"@id":"https:\/\/www.urlaubcornwall.de\/blog\/#website"},"datePublished":"2020-04-26T10:11:12+00:00","dateModified":"2026-01-07T10:15:57+00:00","description":"Wenn Sie in den S\u00fcdwesten kommen und darauf brennen, ins Wasser zu gehen, ist dies die Liste f\u00fcr Sie. Wir haben eine Liste der besten Schwimmstr\u00e4nde zusammengestellt, so dass Sie gleich in Aktion treten k\u00f6nnen.","breadcrumb":{"@id":"https:\/\/www.urlaubcornwall.de\/blog\/die-besten-schwimmstraende-in-cornwall-suedengland\/#breadcrumb"},"inLanguage":"en-US","potentialAction":[{"@type":"ReadAction","target":["https:\/\/www.urlaubcornwall.de\/blog\/die-besten-schwimmstraende-in-cornwall-suedengland\/"]}]},{"@type":"BreadcrumbList","@id":"https:\/\/www.urlaubcornwall.de\/blog\/die-besten-schwimmstraende-in-cornwall-suedengland\/#breadcrumb","itemListElement":[{"@type":"ListItem","position":1,"name":"Home","item":"https:\/\/www.urlaubcornwall.de\/blog\/"},{"@type":"ListItem","position":2,"name":"Die besten Str\u00e4nde in S\u00fcdengland zum Schwimmen"}]}]}},"_links":{"self":[{"href":"https:\/\/www.urlaubcornwall.de\/blog\/wp-json\/wp\/v2\/pages\/40002"}],"collection":[{"href":"https:\/\/www.urlaubcornwall.de\/blog\/wp-json\/wp\/v2\/pages"}],"about":[{"href":"https:\/\/www.urlaubcornwall.de\/blog\/wp-json\/wp\/v2\/types\/page"}],"author":[{"embeddable":true,"href":"https:\/\/www.urlaubcornwall.de\/blog\/wp-json\/wp\/v2\/users\/1"}],"replies":[{"embeddable":true,"href":"https:\/\/www.urlaubcornwall.de\/blog\/wp-json\/wp\/v2\/comments?post=40002"}],"version-history":[{"count":13,"href":"https:\/\/www.urlaubcornwall.de\/blog\/wp-json\/wp\/v2\/pages\/40002\/revisions"}],"predecessor-version":[{"id":52007,"href":"https:\/\/www.urlaubcornwall.de\/blog\/wp-json\/wp\/v2\/pages\/40002\/revisions\/52007"}],"wp:attachment":[{"href":"https:\/\/www.urlaubcornwall.de\/blog\/wp-json\/wp\/v2\/media?parent=40002"}],"curies":[{"name":"wp","href":"https:\/\/api.w.org\/{rel}","templated":true}]}}